{"id":3989,"date":"2026-05-02T13:41:07","date_gmt":"2026-05-02T05:41:07","guid":{"rendered":"https:\/\/swoer.com\/?post_type=product&#038;p=3989"},"modified":"2026-05-02T13:59:08","modified_gmt":"2026-05-02T05:59:08","slug":"vibratory-bowl-feeder-for-o-ring","status":"publish","type":"product","link":"https:\/\/swoer.com\/vi\/manufacturer\/vibratory-bowl-feeder-for-o-ring\/","title":{"rendered":"B\u1ed9 n\u1ea1p b\u00e1t rung cho v\u00f2ng ch\u1eef O"},"content":{"rendered":"<table width=\"550\">\n<tbody>\n<tr>\n<td width=\"214\">\n<h2>Specification\uff1a<\/h2>\n<\/td>\n<td width=\"336\"><\/td>\n<\/tr>\n<tr>\n<td width=\"214\">t\u00ean s\u1ea3n ph\u1ea9m<\/td>\n<td width=\"336\">\u00a0B\u1ed9 n\u1ea1p b\u00e1t rung cho v\u00f2ng ch\u1eef O<\/td>\n<\/tr>\n<tr>\n<td width=\"214\">V\u1eadt li\u1ec7u<\/td>\n<td width=\"336\">\u00a0SUS201\/304<\/td>\n<\/tr>\n<tr>\n<td width=\"214\">\u0110\u1eb7c s\u1ea3n v\u1eadt li\u1ec7u<\/td>\n<td width=\"336\">H\u1ee3p kim r\u00e8n x\u1eed l\u00fd ngu\u1ed9i, \u0110\u1ed9 b\u1ec1n cao, \u0110\u1ed9 c\u1ee9ng cao<\/td>\n<\/tr>\n<tr>\n<td width=\"214\">V\u00f4n<\/td>\n<td width=\"336\">220V<\/td>\n<\/tr>\n<tr>\n<td width=\"214\">Quy\u1ec1n l\u1ef1c<\/td>\n<td width=\"336\">65W \/150W \/180W \/ 220W \/ 350W<\/td>\n<\/tr>\n<tr>\n<td width=\"214\">X\u00e1c th\u1ef1c<\/td>\n<td width=\"336\">CE, ROHS, ISO9001<\/td>\n<\/tr>\n<tr>\n<td width=\"214\">S\u1ef1 b\u1ea3o \u0111\u1ea3m<\/td>\n<td width=\"336\">b\u1ea3o h\u00e0nh 1 n\u0103m<\/td>\n<\/tr>\n<tr>\n<td width=\"214\">MOQ<\/td>\n<td width=\"336\">1 b\u1ed9<\/td>\n<\/tr>\n<tr>\n<td width=\"214\">Th\u1eddi gian d\u1eabn<\/td>\n<td width=\"336\">10-14 ng\u00e0y<\/td>\n<\/tr>\n<tr>\n<td width=\"214\">Ch\u00ednh s\u00e1ch thanh to\u00e1n<\/td>\n<td width=\"336\">T\/T 40% \u0110\u1eb7t c\u1ecdc v\u00e0 c\u00e2n \u0111\u1ed1i tr\u01b0\u1edbc khi giao h\u00e0ng<\/td>\n<\/tr>\n<tr>\n<td width=\"214\">B\u1ea3n g\u1ed1c c\u1ee7a \u0111\u1ecba \u0111i\u1ec3m<\/td>\n<td width=\"336\">Trung Qu\u1ed1c<\/td>\n<\/tr>\n<\/tbody>\n<\/table>","protected":false},"excerpt":{"rendered":"<p>SWOER\u2019s vibratory bowl feeder for O-rings is designed for smooth and accurate feeding of flexible rubber parts. It reduces tangling and damage while improving efficiency in automated production lines.<\/p>","protected":false},"featured_media":3990,"comment_status":"open","ping_status":"closed","template":"","meta":[],"product_cat":[37],"product_tag":[],"yoast_head":"<!-- This site is optimized with the Yoast SEO plugin v22.2 - https:\/\/yoast.com\/wordpress\/plugins\/seo\/ -->\n<title>Vibratory Bowl Feeder for O-rings - SWOER<\/title>\n<meta name=\"description\" content=\"vibrating feeder system for o-ringsVibratory bowl feeder for O-rings by SWOER ensures gentle handling, precise orientation, and stable feeding for efficient automated assembly processes.\" \/>\n<meta name=\"robots\" content=\"index, follow, max-snippet:-1, max-image-preview:large, max-video-preview:-1\" \/>\n<link rel=\"canonical\" href=\"https:\/\/swoer.com\/vi\/manufacturer\/vibratory-bowl-feeder-for-o-ring\/\" \/>\n<meta property=\"og:locale\" content=\"vi_VN\" \/>\n<meta property=\"og:type\" content=\"article\" \/>\n<meta property=\"og:title\" content=\"Vibratory Bowl Feeder for O-rings - SWOER\" \/>\n<meta property=\"og:description\" content=\"vibrating feeder system for o-ringsVibratory bowl feeder for O-rings by SWOER ensures gentle handling, precise orientation, and stable feeding for efficient automated assembly processes.\" \/>\n<meta property=\"og:url\" content=\"https:\/\/swoer.com\/vi\/manufacturer\/vibratory-bowl-feeder-for-o-ring\/\" \/>\n<meta property=\"og:site_name\" content=\"SWOER\" \/>\n<meta property=\"article:modified_time\" content=\"2026-05-02T05:59:08+00:00\" \/>\n<meta property=\"og:image\" content=\"https:\/\/swoer.com\/wp-content\/uploads\/2026\/05\/Vibratory-Bowl-Feeder-for-O-ring.webp\" \/>\n\t<meta property=\"og:image:width\" content=\"1000\" \/>\n\t<meta property=\"og:image:height\" content=\"1000\" \/>\n\t<meta property=\"og:image:type\" content=\"image\/webp\" \/>\n<meta name=\"twitter:card\" content=\"summary_large_image\" \/>\n<meta name=\"twitter:label1\" content=\"\u01af\u1edbc t\u00ednh th\u1eddi gian \u0111\u1ecdc\" \/>\n\t<meta name=\"twitter:data1\" content=\"1 ph\u00fat\" \/>\n<script type=\"application\/ld+json\" class=\"yoast-schema-graph\">{\"@context\":\"https:\/\/schema.org\",\"@graph\":[{\"@type\":\"WebPage\",\"@id\":\"https:\/\/swoer.com\/manufacturer\/vibratory-bowl-feeder-for-o-ring\/\",\"url\":\"https:\/\/swoer.com\/manufacturer\/vibratory-bowl-feeder-for-o-ring\/\",\"name\":\"Vibratory Bowl Feeder for O-rings - SWOER\",\"isPartOf\":{\"@id\":\"https:\/\/swoer.com\/#website\"},\"primaryImageOfPage\":{\"@id\":\"https:\/\/swoer.com\/manufacturer\/vibratory-bowl-feeder-for-o-ring\/#primaryimage\"},\"image\":{\"@id\":\"https:\/\/swoer.com\/manufacturer\/vibratory-bowl-feeder-for-o-ring\/#primaryimage\"},\"thumbnailUrl\":\"https:\/\/swoer.com\/wp-content\/uploads\/2026\/05\/Vibratory-Bowl-Feeder-for-O-ring.webp\",\"datePublished\":\"2026-05-02T05:41:07+00:00\",\"dateModified\":\"2026-05-02T05:59:08+00:00\",\"description\":\"vibrating feeder system for o-ringsVibratory bowl feeder for O-rings by SWOER ensures gentle handling, precise orientation, and stable feeding for efficient automated assembly processes.\",\"breadcrumb\":{\"@id\":\"https:\/\/swoer.com\/manufacturer\/vibratory-bowl-feeder-for-o-ring\/#breadcrumb\"},\"inLanguage\":\"vi\",\"potentialAction\":[{\"@type\":\"ReadAction\",\"target\":[\"https:\/\/swoer.com\/manufacturer\/vibratory-bowl-feeder-for-o-ring\/\"]}]},{\"@type\":\"ImageObject\",\"inLanguage\":\"vi\",\"@id\":\"https:\/\/swoer.com\/manufacturer\/vibratory-bowl-feeder-for-o-ring\/#primaryimage\",\"url\":\"https:\/\/swoer.com\/wp-content\/uploads\/2026\/05\/Vibratory-Bowl-Feeder-for-O-ring.webp\",\"contentUrl\":\"https:\/\/swoer.com\/wp-content\/uploads\/2026\/05\/Vibratory-Bowl-Feeder-for-O-ring.webp\",\"width\":1000,\"height\":1000,\"caption\":\"Vibratory Bowl Feeder for O-ring\"},{\"@type\":\"BreadcrumbList\",\"@id\":\"https:\/\/swoer.com\/manufacturer\/vibratory-bowl-feeder-for-o-ring\/#breadcrumb\",\"itemListElement\":[{\"@type\":\"ListItem\",\"position\":1,\"name\":\"Home\",\"item\":\"https:\/\/swoer.com\/\"},{\"@type\":\"ListItem\",\"position\":2,\"name\":\"Shop\",\"item\":\"https:\/\/swoer.com\/shop\/\"},{\"@type\":\"ListItem\",\"position\":3,\"name\":\"Vibratory Bowl Feeder for O-rings\"}]},{\"@type\":\"WebSite\",\"@id\":\"https:\/\/swoer.com\/#website\",\"url\":\"https:\/\/swoer.com\/\",\"name\":\"SWOER\",\"description\":\"Swoer is the top 3 vibratory bowl feeder manufacturer in China\",\"potentialAction\":[{\"@type\":\"SearchAction\",\"target\":{\"@type\":\"EntryPoint\",\"urlTemplate\":\"https:\/\/swoer.com\/?s={search_term_string}\"},\"query-input\":\"required name=search_term_string\"}],\"inLanguage\":\"vi\"}]}<\/script>\n<!-- \/ Yoast SEO plugin. -->","yoast_head_json":{"title":"Vibratory Bowl Feeder for O-rings - SWOER","description":"vibrating feeder system for o-ringsVibratory bowl feeder for O-rings by SWOER ensures gentle handling, precise orientation, and stable feeding for efficient automated assembly processes.","robots":{"index":"index","follow":"follow","max-snippet":"max-snippet:-1","max-image-preview":"max-image-preview:large","max-video-preview":"max-video-preview:-1"},"canonical":"https:\/\/swoer.com\/vi\/manufacturer\/vibratory-bowl-feeder-for-o-ring\/","og_locale":"vi_VN","og_type":"article","og_title":"Vibratory Bowl Feeder for O-rings - SWOER","og_description":"vibrating feeder system for o-ringsVibratory bowl feeder for O-rings by SWOER ensures gentle handling, precise orientation, and stable feeding for efficient automated assembly processes.","og_url":"https:\/\/swoer.com\/vi\/manufacturer\/vibratory-bowl-feeder-for-o-ring\/","og_site_name":"SWOER","article_modified_time":"2026-05-02T05:59:08+00:00","og_image":[{"width":1000,"height":1000,"url":"https:\/\/swoer.com\/wp-content\/uploads\/2026\/05\/Vibratory-Bowl-Feeder-for-O-ring.webp","type":"image\/webp"}],"twitter_card":"summary_large_image","twitter_misc":{"\u01af\u1edbc t\u00ednh th\u1eddi gian \u0111\u1ecdc":"1 ph\u00fat"},"schema":{"@context":"https:\/\/schema.org","@graph":[{"@type":"WebPage","@id":"https:\/\/swoer.com\/manufacturer\/vibratory-bowl-feeder-for-o-ring\/","url":"https:\/\/swoer.com\/manufacturer\/vibratory-bowl-feeder-for-o-ring\/","name":"Vibratory Bowl Feeder for O-rings - SWOER","isPartOf":{"@id":"https:\/\/swoer.com\/#website"},"primaryImageOfPage":{"@id":"https:\/\/swoer.com\/manufacturer\/vibratory-bowl-feeder-for-o-ring\/#primaryimage"},"image":{"@id":"https:\/\/swoer.com\/manufacturer\/vibratory-bowl-feeder-for-o-ring\/#primaryimage"},"thumbnailUrl":"https:\/\/swoer.com\/wp-content\/uploads\/2026\/05\/Vibratory-Bowl-Feeder-for-O-ring.webp","datePublished":"2026-05-02T05:41:07+00:00","dateModified":"2026-05-02T05:59:08+00:00","description":"vibrating feeder system for o-ringsVibratory bowl feeder for O-rings by SWOER ensures gentle handling, precise orientation, and stable feeding for efficient automated assembly processes.","breadcrumb":{"@id":"https:\/\/swoer.com\/manufacturer\/vibratory-bowl-feeder-for-o-ring\/#breadcrumb"},"inLanguage":"vi","potentialAction":[{"@type":"ReadAction","target":["https:\/\/swoer.com\/manufacturer\/vibratory-bowl-feeder-for-o-ring\/"]}]},{"@type":"ImageObject","inLanguage":"vi","@id":"https:\/\/swoer.com\/manufacturer\/vibratory-bowl-feeder-for-o-ring\/#primaryimage","url":"https:\/\/swoer.com\/wp-content\/uploads\/2026\/05\/Vibratory-Bowl-Feeder-for-O-ring.webp","contentUrl":"https:\/\/swoer.com\/wp-content\/uploads\/2026\/05\/Vibratory-Bowl-Feeder-for-O-ring.webp","width":1000,"height":1000,"caption":"Vibratory Bowl Feeder for O-ring"},{"@type":"BreadcrumbList","@id":"https:\/\/swoer.com\/manufacturer\/vibratory-bowl-feeder-for-o-ring\/#breadcrumb","itemListElement":[{"@type":"ListItem","position":1,"name":"Home","item":"https:\/\/swoer.com\/"},{"@type":"ListItem","position":2,"name":"Shop","item":"https:\/\/swoer.com\/shop\/"},{"@type":"ListItem","position":3,"name":"Vibratory Bowl Feeder for O-rings"}]},{"@type":"WebSite","@id":"https:\/\/swoer.com\/#website","url":"https:\/\/swoer.com\/","name":"SWOER","description":"Swoer is the top 3 vibratory bowl feeder manufacturer in China","potentialAction":[{"@type":"SearchAction","target":{"@type":"EntryPoint","urlTemplate":"https:\/\/swoer.com\/?s={search_term_string}"},"query-input":"required name=search_term_string"}],"inLanguage":"vi"}]}},"_links":{"self":[{"href":"https:\/\/swoer.com\/vi\/wp-json\/wp\/v2\/product\/3989"}],"collection":[{"href":"https:\/\/swoer.com\/vi\/wp-json\/wp\/v2\/product"}],"about":[{"href":"https:\/\/swoer.com\/vi\/wp-json\/wp\/v2\/types\/product"}],"replies":[{"embeddable":true,"href":"https:\/\/swoer.com\/vi\/wp-json\/wp\/v2\/comments?post=3989"}],"wp:featuredmedia":[{"embeddable":true,"href":"https:\/\/swoer.com\/vi\/wp-json\/wp\/v2\/media\/3990"}],"wp:attachment":[{"href":"https:\/\/swoer.com\/vi\/wp-json\/wp\/v2\/media?parent=3989"}],"wp:term":[{"taxonomy":"product_cat","embeddable":true,"href":"https:\/\/swoer.com\/vi\/wp-json\/wp\/v2\/product_cat?post=3989"},{"taxonomy":"product_tag","embeddable":true,"href":"https:\/\/swoer.com\/vi\/wp-json\/wp\/v2\/product_tag?post=3989"}],"curies":[{"name":"wp","href":"https:\/\/api.w.org\/{rel}","templated":true}]}}