{"id":3334,"date":"2025-04-24T09:39:19","date_gmt":"2025-04-24T01:39:19","guid":{"rendered":"https:\/\/swoer.com\/?post_type=product&#038;p=3334"},"modified":"2025-04-24T16:42:12","modified_gmt":"2025-04-24T08:42:12","slug":"bowl-feeder-manufacturers-uk","status":"publish","type":"product","link":"https:\/\/swoer.com\/vi\/manufacturer\/bowl-feeder-manufacturers-uk\/","title":{"rendered":"Nh\u00e0 s\u1ea3n xu\u1ea5t m\u00e1y cho \u0103n b\u00e1t t\u1ea1i Anh | Nh\u00e0 cung c\u1ea5p m\u00e1y cho \u0103n b\u00e1t rung"},"content":{"rendered":"<h2>\u01afu \u0111i\u1ec3m c\u1ee7a M\u00e1y cho \u0103n b\u00e1t t\u00f9y ch\u1ec9nh SWOER<\/h2>\n<ul>\n<li><strong>T\u00f9y ch\u1ec9nh theo t\u1eebng b\u1ed9 ph\u1eadn c\u1ee7a b\u1ea1n<\/strong><br \/>\nCh\u00fang t\u00f4i thi\u1ebft k\u1ebf t\u1eebng b\u00e1t n\u1ea1p li\u1ec7u ph\u00f9 h\u1ee3p v\u1edbi k\u00edch th\u01b0\u1edbc, h\u00ecnh d\u1ea1ng v\u00e0 h\u01b0\u1edbng n\u1ea1p li\u1ec7u c\u1ee7a s\u1ea3n ph\u1ea9m.<\/li>\n<li><strong>Th\u1eddi gian giao h\u00e0ng nhanh<\/strong><br \/>\nNh\u1edd v\u00e0o quy tr\u00ecnh s\u1ea3n xu\u1ea5t hi\u1ec7u qu\u1ea3 c\u1ee7a ch\u00fang t\u00f4i, b\u1ea1n s\u1ebd nh\u1eadn \u0111\u01b0\u1ee3c b\u00e1t \u0111\u1ef1ng th\u1ee9c \u0103n t\u00f9y ch\u1ec9nh ch\u1ec9 trong v\u00f2ng 1-2 tu\u1ea7n.<\/li>\n<li><strong>Cho \u0103n ch\u00ednh x\u00e1c v\u00e0 \u1ed5n \u0111\u1ecbnh<\/strong><br \/>\nM\u00e1y n\u1ea1p li\u1ec7u c\u1ee7a ch\u00fang t\u00f4i ho\u1ea1t \u0111\u1ed9ng tr\u01a1n tru v\u00e0 \u1ed5n \u0111\u1ecbnh, c\u00f3 th\u1ec3 x\u1eed l\u00fd t\u1edbi 500 b\u1ed9 ph\u1eadn m\u1ed7i ph\u00fat v\u1edbi \u0111\u1ed9 ch\u00ednh x\u00e1c cao.<\/li>\n<li><strong>H\u01a1n 10 n\u0103m kinh nghi\u1ec7m<\/strong><br \/>\n\u0110\u01b0\u1ee3c kh\u00e1ch h\u00e0ng tr\u00ean to\u00e0n th\u1ebf gi\u1edbi tin t\u01b0\u1edfng, ch\u00fang t\u00f4i \u0111\u00e3 s\u1ea3n xu\u1ea5t ra nh\u1eefng chi\u1ebfc b\u00e1t \u0111\u1ef1ng th\u1ee9c \u0103n \u0111\u00e1ng tin c\u1eady trong h\u01a1n m\u1ed9t th\u1eadp k\u1ef7.<\/li>\n<li><strong>Thi\u1ebft k\u1ebf nh\u1ecf g\u1ecdn<\/strong><br \/>\nC\u00e1c gi\u1ea3i ph\u00e1p ti\u1ebft ki\u1ec7m kh\u00f4ng gian ho\u00e0n h\u1ea3o cho c\u00e1c d\u00e2y chuy\u1ec1n s\u1ea3n xu\u1ea5t t\u1ef1 \u0111\u1ed9ng.<\/li>\n<li><strong>\u0110\u01b0\u1ee3c c\u00e1c c\u00f4ng ty Anh tin t\u01b0\u1edfng<\/strong><br \/>\nCh\u00fang t\u00f4i cung c\u1ea5p c\u00e1c thi\u1ebft b\u1ecb n\u1ea1p li\u1ec7u ch\u1ea5t l\u01b0\u1ee3ng cao cho c\u00e1c c\u00f4ng ty v\u00e0 nh\u00e0 s\u1ea3n xu\u1ea5t t\u1ef1 \u0111\u1ed9ng h\u00f3a tr\u00ean kh\u1eafp V\u01b0\u01a1ng qu\u1ed1c Anh.<\/li>\n<li><strong>Ph\u00f9 h\u1ee3p v\u1edbi nhi\u1ec1u ng\u00e0nh c\u00f4ng nghi\u1ec7p<\/strong><br \/>\nTh\u00edch h\u1ee3p s\u1eed d\u1ee5ng trong \u00f4 t\u00f4, \u0111i\u1ec7n t\u1eed, thi\u1ebft b\u1ecb y t\u1ebf, nh\u1ef1a, v.v.<\/li>\n<\/ul>\n\t<div id=\"gap-1405698109\" class=\"gap-element clearfix\" style=\"display:block; height:auto;\">\n\t\t\n<style>\n#gap-1405698109 {\n  padding-top: 30px;\n}\n<\/style>\n\t<\/div>\n\t\n<h2>T\u00f9y ch\u1ecdn t\u00f9y ch\u1ec9nh \u0111\u1ec3 x\u00e1c nh\u1eadn v\u1edbi nh\u00e0 s\u1ea3n xu\u1ea5t SWOER<\/h2>\n<ol>\n<li><strong>Th\u00f4ng s\u1ed1 k\u1ef9 thu\u1eadt c\u1ee7a b\u1ed9 ph\u1eadn<\/strong><br \/>\n\u201cVui l\u00f2ng cung c\u1ea5p b\u1ea3n v\u1ebd ho\u1eb7c m\u1eabu chi ti\u1ebft, bao g\u1ed3m k\u00edch th\u01b0\u1edbc, v\u1eadt li\u1ec7u v\u00e0 tr\u1ecdng l\u01b0\u1ee3ng.\u201d<\/li>\n<li><strong>H\u01b0\u1edbng v\u00e0 \u0111\u1ecbnh h\u01b0\u1edbng cho \u0103n<\/strong><br \/>\n\u201cX\u00e1c nh\u1eadn h\u01b0\u1edbng b\u1ed9 ph\u1eadn c\u1ea7n thi\u1ebft v\u00e0 h\u01b0\u1edbng \u0111\u01b0a v\u1eadt li\u1ec7u (v\u00ed d\u1ee5: \u0111\u1ee9ng, n\u1eb1m, h\u01b0\u1edbng l\u00ean tr\u00ean).\u201d<\/li>\n<li><strong>Y\u00eau c\u1ea7u v\u1ec1 t\u1ed1c \u0111\u1ed9 cho \u0103n<\/strong><br \/>\n\u201cX\u00e1c \u0111\u1ecbnh t\u1ed1c \u0111\u1ed9 c\u1ea5p li\u1ec7u c\u1ea7n thi\u1ebft (ph\u1ea7n m\u1ed7i ph\u00fat).\u201d<\/li>\n<li><strong>K\u00edch th\u01b0\u1edbc v\u00e0 dung t\u00edch b\u00e1t<\/strong><br \/>\n\u201cX\u00e1c nh\u1eadn \u0111\u01b0\u1eddng k\u00ednh v\u00e0 th\u1ec3 t\u00edch b\u00e1t d\u1ef1 ki\u1ebfn d\u1ef1a tr\u00ean k\u00edch th\u01b0\u1edbc v\u00e0 s\u1ed1 l\u01b0\u1ee3ng b\u1ed9 ph\u1eadn c\u1ee7a b\u1ea1n.\u201d<\/li>\n<li><strong>B\u1ed1 tr\u00ed m\u00e1y v\u00e0 gi\u1edbi h\u1ea1n kh\u00f4ng gian<\/strong><br \/>\n\u201cChia s\u1ebb kh\u00f4ng gian s\u1eb5n c\u00f3 v\u00e0 c\u00e1ch b\u1ed1 tr\u00ed t\u00edch h\u1ee3p \u0111\u1ec3 \u0111\u1ea3m b\u1ea3o ph\u00f9 h\u1ee3p.\u201d<\/li>\n<li><strong>Ngu\u1ed3n \u0111i\u1ec7n<\/strong><br \/>\n\u201cVui l\u00f2ng ghi r\u00f5 \u0111i\u1ec7n \u00e1p v\u00e0 t\u1ea7n s\u1ed1 (v\u00ed d\u1ee5: 220V\/50Hz ho\u1eb7c 110V\/60Hz).\u201d<\/li>\n<li><strong>Y\u00eau c\u1ea7u v\u1ec1 ti\u1ebfng \u1ed3n<\/strong><br \/>\n\u201cH\u00e3y cho ch\u00fang t\u00f4i bi\u1ebft n\u1ebfu b\u1ea1n c\u00f3 b\u1ea5t k\u1ef3 h\u1ea1n ch\u1ebf n\u00e0o v\u1ec1 m\u1ee9c \u0111\u1ed9 ti\u1ebfng \u1ed3n ho\u1eb7c c\u1ea7n v\u00e1ch ng\u0103n c\u00e1ch \u00e2m.\u201d<\/li>\n<li><strong>X\u1eed l\u00fd b\u1ec1 m\u1eb7t ho\u1eb7c l\u1edbp ph\u1ee7<\/strong><br \/>\n\u201cN\u1ebfu c\u1ea7n l\u1edbp ph\u1ee7 ch\u1ed1ng m\u00e0i m\u00f2n, ch\u1ed1ng t\u0129nh \u0111i\u1ec7n ho\u1eb7c l\u1edbp ph\u1ee7 \u0111\u1eb7c bi\u1ec7t, vui l\u00f2ng x\u00e1c nh\u1eadn tr\u01b0\u1edbc.\u201d<\/li>\n<li><strong>Y\u00eau c\u1ea7u v\u1ec1 ph\u1ec5u n\u1ea1p li\u1ec7u ho\u1eb7c b\u1ed9 n\u1ea1p li\u1ec7u tuy\u1ebfn t\u00ednh<\/strong><br \/>\n\u201cB\u1ea1n c\u00f3 c\u1ea7n ph\u1ec5u n\u1ea1p li\u1ec7u l\u1edbn hay m\u00e1y n\u1ea1p li\u1ec7u tuy\u1ebfn t\u00ednh \u0111\u1ec3 h\u1ed7 tr\u1ee3 n\u1ea1p li\u1ec7u li\u00ean t\u1ee5c kh\u00f4ng?\u201d<\/li>\n<li><strong>T\u00edch h\u1ee3p v\u1edbi h\u1ec7 th\u1ed1ng Vision ho\u1eb7c Robot<\/strong><br \/>\n\u201cH\u00e3y cho ch\u00fang t\u00f4i bi\u1ebft n\u1ebfu m\u00e1y cho \u0103n c\u1ea7n ho\u1ea1t \u0111\u1ed9ng v\u1edbi h\u1ec7 th\u1ed1ng camera ho\u1eb7c c\u00e1nh tay r\u00f4-b\u1ed1t.\u201d<\/li>\n<\/ol>\n\t<div id=\"gap-1161973367\" class=\"gap-element clearfix\" style=\"display:block; height:auto;\">\n\t\t\n<style>\n#gap-1161973367 {\n  padding-top: 30px;\n}\n<\/style>\n\t<\/div>\n\t\n<h2>Li\u00ean h\u1ec7 SWOER<\/h2>\n<p>Truy\u1ec1n \u0111\u1ea1t th\u00f4ng tin chi ti\u1ebft v\u1ec1 thi\u1ebft k\u1ebf b\u00e1t \u0111\u1ef1ng th\u1ee9c \u0103n.<\/p>\n\n<div class=\"wpcf7 no-js\" id=\"wpcf7-f280-o1\" lang=\"en-US\" dir=\"ltr\">\n<div class=\"screen-reader-response\"><p role=\"status\" aria-live=\"polite\" aria-atomic=\"true\"><\/p> <ul><\/ul><\/div>\n<form action=\"\/vi\/wp-json\/wp\/v2\/product\/3334#wpcf7-f280-o1\" method=\"post\" class=\"wpcf7-form init\" aria-label=\"M\u00e2u li\u00ean h\u00ea\u0323\" novalidate=\"novalidate\" data-status=\"init\" data-trp-original-action=\"\/vi\/wp-json\/wp\/v2\/product\/3334#wpcf7-f280-o1\">\n<div style=\"display: none;\">\n<input type=\"hidden\" name=\"_wpcf7\" value=\"280\" \/>\n<input type=\"hidden\" name=\"_wpcf7_version\" value=\"5.9.2\" \/>\n<input type=\"hidden\" name=\"_wpcf7_locale\" value=\"en_US\" \/>\n<input type=\"hidden\" name=\"_wpcf7_unit_tag\" value=\"wpcf7-f280-o1\" \/>\n<input type=\"hidden\" name=\"_wpcf7_container_post\" value=\"0\" \/>\n<input type=\"hidden\" name=\"_wpcf7_posted_data_hash\" value=\"\" \/>\n<\/div>\n<div class='custom_contact_style'>\n\t<div class=\"row row-small\">\n\t\t<div class=\"col medium-6 small-12 large-6\">\n\t\t\t<div class=\"col-inner\">\n\t\t\t\t<p><span class=\"wpcf7-form-control-wrap\" data-name=\"your-name\"><input size=\"40\" class=\"wpcf7-form-control wpcf7-text wpcf7-validates-as-required\" aria-required=\"true\" aria-invalid=\"false\" placeholder=\"T\u00ean*\" value=\"\" type=\"text\" name=\"your-name\" \/><\/span>\n\t\t\t\t<\/p>\n\t\t\t<\/div>\n\t\t<\/div>\n\t\t<div class=\"col medium-6 small-12 large-6\">\n\t\t\t<div class=\"col-inner\">\n\t\t\t\t<p><span class=\"wpcf7-form-control-wrap\" data-name=\"your-email\"><input size=\"40\" class=\"wpcf7-form-control wpcf7-email wpcf7-validates-as-required wpcf7-text wpcf7-validates-as-email\" aria-required=\"true\" aria-invalid=\"false\" placeholder=\"E-mail*\" value=\"\" type=\"email\" name=\"your-email\" \/><\/span>\n\t\t\t\t<\/p>\n\t\t\t<\/div>\n\t\t<\/div>\n\t<\/div>\n\t<div class='cus_contact_form_bottom'>\n\t\t<p><span class=\"wpcf7-form-control-wrap\" data-name=\"your-phone\"><input size=\"40\" class=\"wpcf7-form-control wpcf7-text\" aria-invalid=\"false\" placeholder=\"\u0110i\u1ec7n tho\u1ea1i\" value=\"\" type=\"text\" name=\"your-phone\" \/><\/span>\n\t\t<\/p>\n\t<\/div>\n\t<div class='cus_contact_form_bottom'>\n\t\t<p><span class=\"wpcf7-form-control-wrap\" data-name=\"your-country\"><input size=\"40\" class=\"wpcf7-form-control wpcf7-text\" aria-invalid=\"false\" placeholder=\"Qu\u1ed1c gia\" value=\"\" type=\"text\" name=\"your-country\" \/><\/span>\n\t\t<\/p>\n\t<\/div>\n\t<p><span class=\"wpcf7-form-control-wrap\" data-name=\"your-message\"><textarea cols=\"40\" rows=\"10\" class=\"wpcf7-form-control wpcf7-textarea wpcf7-validates-as-required\" aria-required=\"true\" aria-invalid=\"false\" placeholder=\"Tin nh\u1eafn c\u1ee7a b\u1ea1n *\" name=\"your-message\"><\/textarea><\/span>\n\t<\/p>\n\t<div style=\"margin-bottom:10px;\">\n\t\t<p><span class=\"wpcf7-form-control-wrap kc_captcha cf7ic-toggle\" data-name=\"kc_captcha\"><span class=\"wpcf7-form-control wpcf7-radio\"><span class=\"captcha-image\" style=\"display: none;\"><span class=\"cf7ic_instructions\">H\u00e3y ch\u1ee9ng minh b\u1ea1n l\u00e0 con ng\u01b0\u1eddi b\u1eb1ng c\u00e1ch ch\u1ecdn<span> ch\u00eca kh\u00f3a<\/span>.<\/span><label><input aria-label=\"1\" type=\"radio\" name=\"kc_captcha\" value=\"bot\" \/><svg aria-hidden=\"true\" role=\"img\" xmlns=\"http:\/\/www.w3.org\/2000\/svg\" viewbox=\"0 0 576 512\"><path fill=\"currentColor\" d=\"M259 18l-65 132-146 22c-26 3-37 36-18 54l106 103-25 146c-5 26 23 46 46 33l131-68 131 68c23 13 51-7 46-33l-25-146 106-103c19-18 8-51-18-54l-146-22-65-132a32 32 0 00-58 0z\"\/><\/svg><\/label><label><input aria-label=\"2\" type=\"radio\" name=\"kc_captcha\" value=\"bot\" \/><svg aria-hidden=\"true\" role=\"img\" xmlns=\"http:\/\/www.w3.org\/2000\/svg\" viewbox=\"0 0 512 512\"><path fill=\"currentColor\" d=\"M500 168h-55l-8-21a127 127 0 00-120-83H195a127 127 0 00-120 83l-8 21H12c-8 0-14 8-11 16l8 24a12 12 0 0011 8h29a64 64 0 00-33 56v48c0 16 6 31 16 42v62c0 13 11 24 24 24h48c13 0 24-11 24-24v-40h256v40c0 13 11 24 24 24h48c13 0 24-11 24-24v-62c10-11 16-26 16-42v-48c0-24-13-45-33-56h29a12 12 0 0011-8l8-24c3-8-3-16-11-16zm-365 2c9-25 33-42 60-42h122c27 0 51 17 60 42l15 38H120l15-38zM88 328a32 32 0 010-64c18 0 48 30 48 48s-30 16-48 16zm336 0c-18 0-48 2-48-16s30-48 48-48 32 14 32 32-14 32-32 32z\"\/><\/svg><\/label><label><input aria-label=\"3\" type=\"radio\" name=\"kc_captcha\" value=\"kc_human\" \/><svg aria-hidden=\"true\" role=\"img\" xmlns=\"http:\/\/www.w3.org\/2000\/svg\" viewbox=\"0 0 512 512\"><path fill=\"currentColor\" d=\"M512 176a176 176 0 01-209 173l-24 27a24 24 0 01-18 8h-37v40c0 13-11 24-24 24h-40v40c0 13-11 24-24 24H24c-13 0-24-11-24-24v-78c0-6 3-13 7-17l162-162a176 176 0 11343-55zm-176-48a48 48 0 1096 0 48 48 0 00-96 0z\"\/><\/svg><\/label>\r\n    <\/span>\r\n    <span style=\"display:none\">\r\n        <input type=\"text\" name=\"kc_honeypot\">\r\n    <\/span><\/span><\/span>\n\t\t<\/p>\n\t<\/div>\n\t<p><input class=\"wpcf7-form-control wpcf7-submit has-spinner\" type=\"submit\" value=\"G\u1eedi tin nh\u1eafn\" \/>\n\t<\/p>\n<\/div><div class=\"wpcf7-response-output\" aria-hidden=\"true\"><\/div>\n<input type=\"hidden\" name=\"trp-form-language\" value=\"vi\"\/><\/form>\n<\/div>","protected":false},"excerpt":{"rendered":"<p>SWOER cung c\u1ea5p c\u00e1c lo\u1ea1i m\u00e1y cho \u0103n b\u00e1t rung t\u00f9y ch\u1ec9nh v\u1edbi th\u1eddi gian giao h\u00e0ng nhanh, thi\u1ebft k\u1ebf ch\u00ednh x\u00e1c v\u00e0 h\u01a1n 10 n\u0103m kinh nghi\u1ec7m s\u1ea3n xu\u1ea5t.<\/p>","protected":false},"featured_media":3336,"comment_status":"open","ping_status":"closed","template":"","meta":[],"product_cat":[37],"product_tag":[],"yoast_head":"<!-- This site is optimized with the Yoast SEO plugin v22.2 - https:\/\/yoast.com\/wordpress\/plugins\/seo\/ -->\n<title>Bowl Feeder Manufacturers UK | Vibratory Bowl Feeders Supplier - SWOER<\/title>\n<meta name=\"description\" content=\"SWOER is a leading bowl feeder manufacturer and supplier, offering high-quality vibratory bowl feeders for automation companies across the UK.\" \/>\n<meta name=\"robots\" content=\"index, follow, max-snippet:-1, max-image-preview:large, max-video-preview:-1\" \/>\n<link rel=\"canonical\" href=\"https:\/\/swoer.com\/vi\/manufacturer\/bowl-feeder-manufacturers-uk\/\" \/>\n<meta property=\"og:locale\" content=\"vi_VN\" \/>\n<meta property=\"og:type\" content=\"article\" \/>\n<meta property=\"og:title\" content=\"Bowl Feeder Manufacturers UK | Vibratory Bowl Feeders Supplier - SWOER\" \/>\n<meta property=\"og:description\" content=\"SWOER is a leading bowl feeder manufacturer and supplier, offering high-quality vibratory bowl feeders for automation companies across the UK.\" \/>\n<meta property=\"og:url\" content=\"https:\/\/swoer.com\/vi\/manufacturer\/bowl-feeder-manufacturers-uk\/\" \/>\n<meta property=\"og:site_name\" content=\"SWOER\" \/>\n<meta property=\"article:modified_time\" content=\"2025-04-24T08:42:12+00:00\" \/>\n<meta property=\"og:image\" content=\"https:\/\/swoer.com\/wp-content\/uploads\/2025\/04\/Bowl-Feeder-Manufacturers-uk.webp\" \/>\n\t<meta property=\"og:image:width\" content=\"800\" \/>\n\t<meta property=\"og:image:height\" content=\"800\" \/>\n\t<meta property=\"og:image:type\" content=\"image\/webp\" \/>\n<meta name=\"twitter:card\" content=\"summary_large_image\" \/>\n<meta name=\"twitter:label1\" content=\"\u01af\u1edbc t\u00ednh th\u1eddi gian \u0111\u1ecdc\" \/>\n\t<meta name=\"twitter:data1\" content=\"2 ph\u00fat\" \/>\n<script type=\"application\/ld+json\" class=\"yoast-schema-graph\">{\"@context\":\"https:\/\/schema.org\",\"@graph\":[{\"@type\":\"WebPage\",\"@id\":\"https:\/\/swoer.com\/manufacturer\/bowl-feeder-manufacturers-uk\/\",\"url\":\"https:\/\/swoer.com\/manufacturer\/bowl-feeder-manufacturers-uk\/\",\"name\":\"Bowl Feeder Manufacturers UK | Vibratory Bowl Feeders Supplier - SWOER\",\"isPartOf\":{\"@id\":\"https:\/\/swoer.com\/#website\"},\"primaryImageOfPage\":{\"@id\":\"https:\/\/swoer.com\/manufacturer\/bowl-feeder-manufacturers-uk\/#primaryimage\"},\"image\":{\"@id\":\"https:\/\/swoer.com\/manufacturer\/bowl-feeder-manufacturers-uk\/#primaryimage\"},\"thumbnailUrl\":\"https:\/\/swoer.com\/wp-content\/uploads\/2025\/04\/Bowl-Feeder-Manufacturers-uk.webp\",\"datePublished\":\"2025-04-24T01:39:19+00:00\",\"dateModified\":\"2025-04-24T08:42:12+00:00\",\"description\":\"SWOER is a leading bowl feeder manufacturer and supplier, offering high-quality vibratory bowl feeders for automation companies across the UK.\",\"breadcrumb\":{\"@id\":\"https:\/\/swoer.com\/manufacturer\/bowl-feeder-manufacturers-uk\/#breadcrumb\"},\"inLanguage\":\"vi\",\"potentialAction\":[{\"@type\":\"ReadAction\",\"target\":[\"https:\/\/swoer.com\/manufacturer\/bowl-feeder-manufacturers-uk\/\"]}]},{\"@type\":\"ImageObject\",\"inLanguage\":\"vi\",\"@id\":\"https:\/\/swoer.com\/manufacturer\/bowl-feeder-manufacturers-uk\/#primaryimage\",\"url\":\"https:\/\/swoer.com\/wp-content\/uploads\/2025\/04\/Bowl-Feeder-Manufacturers-uk.webp\",\"contentUrl\":\"https:\/\/swoer.com\/wp-content\/uploads\/2025\/04\/Bowl-Feeder-Manufacturers-uk.webp\",\"width\":800,\"height\":800,\"caption\":\"Bowl Feeder Manufacturers uk\"},{\"@type\":\"BreadcrumbList\",\"@id\":\"https:\/\/swoer.com\/manufacturer\/bowl-feeder-manufacturers-uk\/#breadcrumb\",\"itemListElement\":[{\"@type\":\"ListItem\",\"position\":1,\"name\":\"Home\",\"item\":\"https:\/\/swoer.com\/\"},{\"@type\":\"ListItem\",\"position\":2,\"name\":\"Shop\",\"item\":\"https:\/\/swoer.com\/shop\/\"},{\"@type\":\"ListItem\",\"position\":3,\"name\":\"Bowl Feeder Manufacturers UK | Vibratory Bowl Feeders Supplier\"}]},{\"@type\":\"WebSite\",\"@id\":\"https:\/\/swoer.com\/#website\",\"url\":\"https:\/\/swoer.com\/\",\"name\":\"SWOER\",\"description\":\"Swoer is the top 3 vibratory bowl feeder manufacturer in China\",\"potentialAction\":[{\"@type\":\"SearchAction\",\"target\":{\"@type\":\"EntryPoint\",\"urlTemplate\":\"https:\/\/swoer.com\/?s={search_term_string}\"},\"query-input\":\"required name=search_term_string\"}],\"inLanguage\":\"vi\"}]}<\/script>\n<!-- \/ Yoast SEO plugin. -->","yoast_head_json":{"title":"Bowl Feeder Manufacturers UK | Vibratory Bowl Feeders Supplier - SWOER","description":"SWOER is a leading bowl feeder manufacturer and supplier, offering high-quality vibratory bowl feeders for automation companies across the UK.","robots":{"index":"index","follow":"follow","max-snippet":"max-snippet:-1","max-image-preview":"max-image-preview:large","max-video-preview":"max-video-preview:-1"},"canonical":"https:\/\/swoer.com\/vi\/manufacturer\/bowl-feeder-manufacturers-uk\/","og_locale":"vi_VN","og_type":"article","og_title":"Bowl Feeder Manufacturers UK | Vibratory Bowl Feeders Supplier - SWOER","og_description":"SWOER is a leading bowl feeder manufacturer and supplier, offering high-quality vibratory bowl feeders for automation companies across the UK.","og_url":"https:\/\/swoer.com\/vi\/manufacturer\/bowl-feeder-manufacturers-uk\/","og_site_name":"SWOER","article_modified_time":"2025-04-24T08:42:12+00:00","og_image":[{"width":800,"height":800,"url":"https:\/\/swoer.com\/wp-content\/uploads\/2025\/04\/Bowl-Feeder-Manufacturers-uk.webp","type":"image\/webp"}],"twitter_card":"summary_large_image","twitter_misc":{"\u01af\u1edbc t\u00ednh th\u1eddi gian \u0111\u1ecdc":"2 ph\u00fat"},"schema":{"@context":"https:\/\/schema.org","@graph":[{"@type":"WebPage","@id":"https:\/\/swoer.com\/manufacturer\/bowl-feeder-manufacturers-uk\/","url":"https:\/\/swoer.com\/manufacturer\/bowl-feeder-manufacturers-uk\/","name":"Bowl Feeder Manufacturers UK | Vibratory Bowl Feeders Supplier - SWOER","isPartOf":{"@id":"https:\/\/swoer.com\/#website"},"primaryImageOfPage":{"@id":"https:\/\/swoer.com\/manufacturer\/bowl-feeder-manufacturers-uk\/#primaryimage"},"image":{"@id":"https:\/\/swoer.com\/manufacturer\/bowl-feeder-manufacturers-uk\/#primaryimage"},"thumbnailUrl":"https:\/\/swoer.com\/wp-content\/uploads\/2025\/04\/Bowl-Feeder-Manufacturers-uk.webp","datePublished":"2025-04-24T01:39:19+00:00","dateModified":"2025-04-24T08:42:12+00:00","description":"SWOER is a leading bowl feeder manufacturer and supplier, offering high-quality vibratory bowl feeders for automation companies across the UK.","breadcrumb":{"@id":"https:\/\/swoer.com\/manufacturer\/bowl-feeder-manufacturers-uk\/#breadcrumb"},"inLanguage":"vi","potentialAction":[{"@type":"ReadAction","target":["https:\/\/swoer.com\/manufacturer\/bowl-feeder-manufacturers-uk\/"]}]},{"@type":"ImageObject","inLanguage":"vi","@id":"https:\/\/swoer.com\/manufacturer\/bowl-feeder-manufacturers-uk\/#primaryimage","url":"https:\/\/swoer.com\/wp-content\/uploads\/2025\/04\/Bowl-Feeder-Manufacturers-uk.webp","contentUrl":"https:\/\/swoer.com\/wp-content\/uploads\/2025\/04\/Bowl-Feeder-Manufacturers-uk.webp","width":800,"height":800,"caption":"Bowl Feeder Manufacturers uk"},{"@type":"BreadcrumbList","@id":"https:\/\/swoer.com\/manufacturer\/bowl-feeder-manufacturers-uk\/#breadcrumb","itemListElement":[{"@type":"ListItem","position":1,"name":"Home","item":"https:\/\/swoer.com\/"},{"@type":"ListItem","position":2,"name":"Shop","item":"https:\/\/swoer.com\/shop\/"},{"@type":"ListItem","position":3,"name":"Bowl Feeder Manufacturers UK | Vibratory Bowl Feeders Supplier"}]},{"@type":"WebSite","@id":"https:\/\/swoer.com\/#website","url":"https:\/\/swoer.com\/","name":"SWOER","description":"Swoer is the top 3 vibratory bowl feeder manufacturer in China","potentialAction":[{"@type":"SearchAction","target":{"@type":"EntryPoint","urlTemplate":"https:\/\/swoer.com\/?s={search_term_string}"},"query-input":"required name=search_term_string"}],"inLanguage":"vi"}]}},"_links":{"self":[{"href":"https:\/\/swoer.com\/vi\/wp-json\/wp\/v2\/product\/3334"}],"collection":[{"href":"https:\/\/swoer.com\/vi\/wp-json\/wp\/v2\/product"}],"about":[{"href":"https:\/\/swoer.com\/vi\/wp-json\/wp\/v2\/types\/product"}],"replies":[{"embeddable":true,"href":"https:\/\/swoer.com\/vi\/wp-json\/wp\/v2\/comments?post=3334"}],"wp:featuredmedia":[{"embeddable":true,"href":"https:\/\/swoer.com\/vi\/wp-json\/wp\/v2\/media\/3336"}],"wp:attachment":[{"href":"https:\/\/swoer.com\/vi\/wp-json\/wp\/v2\/media?parent=3334"}],"wp:term":[{"taxonomy":"product_cat","embeddable":true,"href":"https:\/\/swoer.com\/vi\/wp-json\/wp\/v2\/product_cat?post=3334"},{"taxonomy":"product_tag","embeddable":true,"href":"https:\/\/swoer.com\/vi\/wp-json\/wp\/v2\/product_tag?post=3334"}],"curies":[{"name":"wp","href":"https:\/\/api.w.org\/{rel}","templated":true}]}}