{"id":3304,"date":"2025-04-14T14:16:27","date_gmt":"2025-04-14T06:16:27","guid":{"rendered":"https:\/\/swoer.com\/?post_type=product&#038;p=3304"},"modified":"2025-04-14T15:08:00","modified_gmt":"2025-04-14T07:08:00","slug":"flexible-feeder-for-robotic-tray-placement","status":"publish","type":"product","link":"https:\/\/swoer.com\/vi\/manufacturer\/flexible-feeder-for-robotic-tray-placement\/","title":{"rendered":"B\u1ed9 n\u1ea1p linh ho\u1ea1t cho khay \u0111\u1eb7t robot SW-400"},"content":{"rendered":"<h2 data-start=\"38\" data-end=\"61\"><strong data-start=\"38\" data-end=\"61\">\u01afu \u0111i\u1ec3m c\u1ee7a SW-400:<\/strong><\/h2>\n<ul data-start=\"63\" data-end=\"331\">\n<li class=\"\" data-start=\"63\" data-end=\"89\">\n<p class=\"\" data-start=\"65\" data-end=\"89\">D\u1ec5 d\u00e0ng s\u1eed d\u1ee5ng v\u00e0 thi\u1ebft l\u1eadp<\/p>\n<\/li>\n<li class=\"\" data-start=\"90\" data-end=\"131\">\n<p class=\"\" data-start=\"92\" data-end=\"131\">Ho\u1ea1t \u0111\u1ed9ng v\u1edbi nhi\u1ec1u b\u1ed9 ph\u1eadn c\u00f3 h\u00ecnh d\u1ea1ng v\u00e0 k\u00edch th\u01b0\u1edbc kh\u00e1c nhau<\/p>\n<\/li>\n<li class=\"\" data-start=\"132\" data-end=\"177\">\n<p class=\"\" data-start=\"134\" data-end=\"177\">N\u1ea1p khay nhanh v\u00e0 ch\u00ednh x\u00e1c b\u1eb1ng robot<\/p>\n<\/li>\n<li class=\"\" data-start=\"178\" data-end=\"216\">\n<p class=\"\" data-start=\"180\" data-end=\"216\">Ti\u1ebft ki\u1ec7m th\u1eddi gian v\u00e0 gi\u1ea3m c\u00f4ng vi\u1ec7c th\u1ee7 c\u00f4ng<\/p>\n<\/li>\n<li class=\"\" data-start=\"217\" data-end=\"287\">\n<p class=\"\" data-start=\"219\" data-end=\"287\">Tuy\u1ec7t v\u1eddi cho c\u00e1c ng\u00e0nh c\u00f4ng nghi\u1ec7p kh\u00e1c nhau nh\u01b0 \u0111i\u1ec7n t\u1eed, y t\u1ebf v\u00e0 \u00f4 t\u00f4<\/p>\n<\/li>\n<li class=\"\" data-start=\"288\" data-end=\"331\">\n<p class=\"\" data-start=\"290\" data-end=\"331\">C\u00f3 th\u1ec3 thay \u0111\u1ed5i nhanh ch\u00f3ng cho s\u1ea3n ph\u1ea9m m\u1edbi<\/p>\n<\/li>\n<\/ul>\n\t<div id=\"gap-640266415\" class=\"gap-element clearfix\" style=\"display:block; height:auto;\">\n\t\t\n<style>\n#gap-640266415 {\n  padding-top: 30px;\n}\n<\/style>\n\t<\/div>\n\t\n<h2><strong>Th\u00f4ng s\u1ed1 k\u1ef9 thu\u1eadt<\/strong><\/h2>\n<table style=\"border-collapse: collapse; width: 500.27pt;\" border=\"0\" width=\"667\" cellspacing=\"0\" cellpadding=\"0\">\n<tbody>\n<tr style=\"height: 26.00pt;\">\n<td class=\"et3\" style=\"height: 26.00pt; width: 170.25pt;\" width=\"227\" height=\"34\">\n<h4><strong>Th\u00f4ng s\u1ed1 k\u1ef9 thu\u1eadt<\/strong><\/h4>\n<\/td>\n<td class=\"et4\" style=\"width: 183.00pt;\" width=\"244\">\n<h4><strong>C\u00e1c tham s\u1ed1<\/strong><\/h4>\n<\/td>\n<td class=\"et3\" style=\"width: 147.00pt;\" width=\"196\">\n<h4><strong>Ghi ch\u00fa<\/strong><\/h4>\n<\/td>\n<\/tr>\n<tr style=\"height: 22.00pt;\">\n<td class=\"et5\" style=\"height: 22.00pt;\" height=\"29\">Ng\u01b0\u1eddi m\u1eabu<\/td>\n<td class=\"et6\" style=\"width: 183.00pt;\" width=\"244\">SW-400<\/td>\n<td class=\"et5\"><\/td>\n<\/tr>\n<tr style=\"height: 22.00pt;\">\n<td class=\"et5\" style=\"height: 22.00pt;\" height=\"29\">Th\u00f4ng s\u1ed1 chi ti\u1ebft<\/td>\n<td class=\"et6\" style=\"width: 183.00pt;\" width=\"244\">H\u00e0nh tr\u00ecnh 400mm<\/td>\n<td class=\"et5\"><\/td>\n<\/tr>\n<tr style=\"height: 22.00pt;\">\n<td class=\"et5\" style=\"height: 22.00pt;\" height=\"29\">K\u00edch th\u01b0\u1edbc<\/td>\n<td class=\"et6\" style=\"width: 183.00pt;\" width=\"244\">D\u00e0i 610*R\u1ed9ng 345*Cao 648mm<\/td>\n<td class=\"et5\"><\/td>\n<\/tr>\n<tr style=\"height: 22.00pt;\">\n<td class=\"et5\" style=\"height: 22.00pt;\" height=\"29\">Tr\u1ecdng t\u1ea3i<\/td>\n<td class=\"et6\" style=\"width: 183.00pt;\" width=\"244\">0,5KG<\/td>\n<td class=\"et5\"><\/td>\n<\/tr>\n<tr style=\"height: 22.00pt;\">\n<td class=\"et5\" style=\"height: 22.00pt;\" height=\"29\">B\u1ed9 n\u1ea1p linh ho\u1ea1t<\/td>\n<td class=\"et6\" style=\"width: 183.00pt;\" width=\"244\">180mm*140mm<\/td>\n<td class=\"et5\">T\u00f9y ch\u1ec9nh \u0111\u0129a: T\u00f9y ch\u1ecdn<\/td>\n<\/tr>\n<tr style=\"height: 22.00pt;\">\n<td class=\"et5\" style=\"height: 22.00pt;\" height=\"29\">Th\u00f9ng l\u01b0u tr\u1eef<\/td>\n<td class=\"et6\" style=\"width: 183.00pt;\" width=\"244\">3L<\/td>\n<td class=\"et5\"><\/td>\n<\/tr>\n<tr style=\"height: 22.00pt;\">\n<td class=\"et5\" style=\"height: 22.00pt;\" height=\"29\">CCD tr\u00ean<\/td>\n<td class=\"et6\" style=\"width: 183.00pt;\" width=\"244\">1200W<\/td>\n<td class=\"et5\"><\/td>\n<\/tr>\n<tr style=\"height: 22.00pt;\">\n<td class=\"et5\" style=\"height: 22.00pt;\" height=\"29\">CCD th\u1ea5p h\u01a1n<\/td>\n<td class=\"et6\" style=\"width: 183.00pt;\" width=\"244\">500W<\/td>\n<td class=\"et5\">Kh\u00f4ng b\u1eaft bu\u1ed9c<\/td>\n<\/tr>\n<tr style=\"height: 42.00pt;\">\n<td class=\"et5\" style=\"height: 42.00pt;\" height=\"56\">H\u1ec7 th\u1ed1ng \u0111i\u1ec1u khi\u1ec3n<\/td>\n<td class=\"et6\" style=\"width: 183.00pt;\" width=\"244\">T\u1ef1 ph\u00e1t tri\u1ec3n (Robot + T\u1ea7m nh\u00ecn + \u0110i\u1ec1u khi\u1ec3n t\u1eadp trung rung \u0111\u1ed9ng linh ho\u1ea1t)<\/td>\n<td class=\"et5\"><\/td>\n<\/tr>\n<tr style=\"height: 22.00pt;\">\n<td class=\"et5\" style=\"height: 22.00pt;\" height=\"29\">S\u1ef1 ch\u00ednh x\u00e1c<\/td>\n<td class=\"et6\" style=\"width: 183.00pt;\" width=\"244\">Kh\u00f4ng c\u00f3 \u0111\u1ea1n bay: \u00b10,15mm<\/td>\n<td class=\"et5\">\u0110\u1ea1n bay: \u00b10,05mm<\/td>\n<\/tr>\n<tr style=\"height: 22.00pt;\">\n<td class=\"et5\" style=\"height: 22.00pt;\" height=\"29\">T\u1ed1c \u0111\u1ed9<\/td>\n<td class=\"et6\" style=\"width: 183.00pt;\" width=\"244\">3000-4500 C\u00c1I\/GI\u1edc<\/td>\n<td class=\"et5\">T\u00f9y thu\u1ed9c v\u00e0o s\u1ea3n ph\u1ea9m<\/td>\n<\/tr>\n<tr style=\"height: 22.00pt;\">\n<td class=\"et5\" style=\"height: 22.00pt;\" height=\"29\">S\u1ed1 l\u01b0\u1ee3ng v\u00f2i phun<\/td>\n<td class=\"et6\" style=\"width: 183.00pt;\" width=\"244\">1 c\u00e1i<\/td>\n<td class=\"et5\"><\/td>\n<\/tr>\n<tr style=\"height: 22.00pt;\">\n<td class=\"et5\" style=\"height: 22.00pt;\" height=\"29\">Ph\u1ea1m vi x\u1ea3<\/td>\n<td class=\"et6\" style=\"width: 183.00pt;\" width=\"244\">250mm*200mm<\/td>\n<td class=\"et5\"><\/td>\n<\/tr>\n<tr style=\"height: 22.00pt;\">\n<td class=\"et5\" style=\"height: 22.00pt;\" height=\"29\">\u0110i\u1ec7n \u00e1p cung c\u1ea5p \u0111i\u1ec7n<\/td>\n<td class=\"et6\" style=\"width: 183.00pt;\" width=\"244\">220V\/50HZ<\/td>\n<td class=\"et5\"><\/td>\n<\/tr>\n<tr style=\"height: 22.00pt;\">\n<td class=\"et5\" style=\"height: 22.00pt;\" height=\"29\">\u00c1p su\u1ea5t kh\u00f4ng kh\u00ed<\/td>\n<td class=\"et6\" style=\"width: 183.00pt;\" width=\"244\">0,5-0,7Mpa<\/td>\n<td class=\"et5\"><\/td>\n<\/tr>\n<tr style=\"height: 22.00pt;\">\n<td class=\"et5\" style=\"height: 22.00pt;\" height=\"29\">Tr\u1ecdng l\u01b0\u1ee3ng\/c\u00f4ng su\u1ea5t<\/td>\n<td class=\"et6\" style=\"width: 183.00pt;\" width=\"244\">Kho\u1ea3ng 75KG\/1KW<\/td>\n<td class=\"et5\"><\/td>\n<\/tr>\n<\/tbody>\n<\/table>\n\t<div id=\"gap-1097935307\" class=\"gap-element clearfix\" style=\"display:block; height:auto;\">\n\t\t\n<style>\n#gap-1097935307 {\n  padding-top: 30px;\n}\n<\/style>\n\t<\/div>\n\t\n<h2>K\u00edch th\u01b0\u1edbc SW-400<\/h2>\n\t<div class=\"img has-hover x md-x lg-x y md-y lg-y\" id=\"image_1070501454\">\n\t\t\t\t\t\t\t\t<div class=\"img-inner dark\" >\n\t\t\t<img loading=\"lazy\" decoding=\"async\" width=\"960\" height=\"511\" src=\"https:\/\/swoer.com\/wp-content\/uploads\/2025\/04\/SW-400-Dimensions.webp\" class=\"attachment-original size-original\" alt=\"K\u00edch th\u01b0\u1edbc SW-400\" srcset=\"https:\/\/swoer.com\/wp-content\/uploads\/2025\/04\/SW-400-Dimensions.webp 960w, https:\/\/swoer.com\/wp-content\/uploads\/2025\/04\/SW-400-Dimensions-300x160.webp 300w, https:\/\/swoer.com\/wp-content\/uploads\/2025\/04\/SW-400-Dimensions-768x409.webp 768w, https:\/\/swoer.com\/wp-content\/uploads\/2025\/04\/SW-400-Dimensions-18x10.webp 18w, https:\/\/swoer.com\/wp-content\/uploads\/2025\/04\/SW-400-Dimensions-600x319.webp 600w\" sizes=\"(max-width: 960px) 100vw, 960px\" \/>\t\t\t\t\t\t\n\t\t\t\t\t<\/div>\n\t\t\t\t\t\t\t\t\n<style>\n#image_1070501454 {\n  width: 100%;\n}\n<\/style>\n\t<\/div>","protected":false},"excerpt":{"rendered":"<p class=\"\" data-start=\"38\" data-end=\"61\">SW-400, b\u1ed9 n\u1ea1p linh ho\u1ea1t v\u1edbi khay robot cho ph\u00e9p n\u1ea1p chi ti\u1ebft nhanh ch\u00f3ng v\u00e0 ch\u00ednh x\u00e1c. N\u00f3 x\u1eed l\u00fd nhi\u1ec1u k\u00edch c\u1ee1 chi ti\u1ebft kh\u00e1c nhau, gi\u1ea3m c\u00f4ng vi\u1ec7c th\u1ee7 c\u00f4ng v\u00e0 ph\u00f9 h\u1ee3p v\u1edbi nhi\u1ec1u ng\u00e0nh c\u00f4ng nghi\u1ec7p.<\/p>","protected":false},"featured_media":3305,"comment_status":"open","ping_status":"closed","template":"","meta":[],"product_cat":[131],"product_tag":[],"yoast_head":"<!-- This site is optimized with the Yoast SEO plugin v22.2 - https:\/\/yoast.com\/wordpress\/plugins\/seo\/ -->\n<title>Flexible Feeder for Robotic Tray Placement SW-400 - SWOER<\/title>\n<meta name=\"description\" content=\"Flexible feeder with robotic tray placement for fast, precise part sorting and loading. Ideal for automation in electronics, medical, and automotive.\" \/>\n<meta name=\"robots\" content=\"index, follow, max-snippet:-1, max-image-preview:large, max-video-preview:-1\" \/>\n<link rel=\"canonical\" href=\"https:\/\/swoer.com\/vi\/manufacturer\/flexible-feeder-for-robotic-tray-placement\/\" \/>\n<meta property=\"og:locale\" content=\"vi_VN\" \/>\n<meta property=\"og:type\" content=\"article\" \/>\n<meta property=\"og:title\" content=\"Flexible Feeder for Robotic Tray Placement SW-400 - SWOER\" \/>\n<meta property=\"og:description\" content=\"Flexible feeder with robotic tray placement for fast, precise part sorting and loading. Ideal for automation in electronics, medical, and automotive.\" \/>\n<meta property=\"og:url\" content=\"https:\/\/swoer.com\/vi\/manufacturer\/flexible-feeder-for-robotic-tray-placement\/\" \/>\n<meta property=\"og:site_name\" content=\"SWOER\" \/>\n<meta property=\"article:modified_time\" content=\"2025-04-14T07:08:00+00:00\" \/>\n<meta property=\"og:image\" content=\"https:\/\/swoer.com\/wp-content\/uploads\/2025\/04\/Robotic-Parts-Feeder.webp\" \/>\n\t<meta property=\"og:image:width\" content=\"1000\" \/>\n\t<meta property=\"og:image:height\" content=\"1000\" \/>\n\t<meta property=\"og:image:type\" content=\"image\/webp\" \/>\n<meta name=\"twitter:card\" content=\"summary_large_image\" \/>\n<meta name=\"twitter:label1\" content=\"\u01af\u1edbc t\u00ednh th\u1eddi gian \u0111\u1ecdc\" \/>\n\t<meta name=\"twitter:data1\" content=\"1 ph\u00fat\" \/>\n<script type=\"application\/ld+json\" class=\"yoast-schema-graph\">{\"@context\":\"https:\/\/schema.org\",\"@graph\":[{\"@type\":\"WebPage\",\"@id\":\"https:\/\/swoer.com\/manufacturer\/flexible-feeder-for-robotic-tray-placement\/\",\"url\":\"https:\/\/swoer.com\/manufacturer\/flexible-feeder-for-robotic-tray-placement\/\",\"name\":\"Flexible Feeder for Robotic Tray Placement SW-400 - SWOER\",\"isPartOf\":{\"@id\":\"https:\/\/swoer.com\/#website\"},\"primaryImageOfPage\":{\"@id\":\"https:\/\/swoer.com\/manufacturer\/flexible-feeder-for-robotic-tray-placement\/#primaryimage\"},\"image\":{\"@id\":\"https:\/\/swoer.com\/manufacturer\/flexible-feeder-for-robotic-tray-placement\/#primaryimage\"},\"thumbnailUrl\":\"https:\/\/swoer.com\/wp-content\/uploads\/2025\/04\/Robotic-Parts-Feeder.webp\",\"datePublished\":\"2025-04-14T06:16:27+00:00\",\"dateModified\":\"2025-04-14T07:08:00+00:00\",\"description\":\"Flexible feeder with robotic tray placement for fast, precise part sorting and loading. Ideal for automation in electronics, medical, and automotive.\",\"breadcrumb\":{\"@id\":\"https:\/\/swoer.com\/manufacturer\/flexible-feeder-for-robotic-tray-placement\/#breadcrumb\"},\"inLanguage\":\"vi\",\"potentialAction\":[{\"@type\":\"ReadAction\",\"target\":[\"https:\/\/swoer.com\/manufacturer\/flexible-feeder-for-robotic-tray-placement\/\"]}]},{\"@type\":\"ImageObject\",\"inLanguage\":\"vi\",\"@id\":\"https:\/\/swoer.com\/manufacturer\/flexible-feeder-for-robotic-tray-placement\/#primaryimage\",\"url\":\"https:\/\/swoer.com\/wp-content\/uploads\/2025\/04\/Robotic-Parts-Feeder.webp\",\"contentUrl\":\"https:\/\/swoer.com\/wp-content\/uploads\/2025\/04\/Robotic-Parts-Feeder.webp\",\"width\":1000,\"height\":1000,\"caption\":\"Robotic Parts Feeder\"},{\"@type\":\"BreadcrumbList\",\"@id\":\"https:\/\/swoer.com\/manufacturer\/flexible-feeder-for-robotic-tray-placement\/#breadcrumb\",\"itemListElement\":[{\"@type\":\"ListItem\",\"position\":1,\"name\":\"Home\",\"item\":\"https:\/\/swoer.com\/\"},{\"@type\":\"ListItem\",\"position\":2,\"name\":\"Shop\",\"item\":\"https:\/\/swoer.com\/shop\/\"},{\"@type\":\"ListItem\",\"position\":3,\"name\":\"Flexible Feeder for Robotic Tray Placement SW-400\"}]},{\"@type\":\"WebSite\",\"@id\":\"https:\/\/swoer.com\/#website\",\"url\":\"https:\/\/swoer.com\/\",\"name\":\"SWOER\",\"description\":\"Swoer is the top 3 vibratory bowl feeder manufacturer in China\",\"potentialAction\":[{\"@type\":\"SearchAction\",\"target\":{\"@type\":\"EntryPoint\",\"urlTemplate\":\"https:\/\/swoer.com\/?s={search_term_string}\"},\"query-input\":\"required name=search_term_string\"}],\"inLanguage\":\"vi\"}]}<\/script>\n<!-- \/ Yoast SEO plugin. -->","yoast_head_json":{"title":"Flexible Feeder for Robotic Tray Placement SW-400 - SWOER","description":"Flexible feeder with robotic tray placement for fast, precise part sorting and loading. Ideal for automation in electronics, medical, and automotive.","robots":{"index":"index","follow":"follow","max-snippet":"max-snippet:-1","max-image-preview":"max-image-preview:large","max-video-preview":"max-video-preview:-1"},"canonical":"https:\/\/swoer.com\/vi\/manufacturer\/flexible-feeder-for-robotic-tray-placement\/","og_locale":"vi_VN","og_type":"article","og_title":"Flexible Feeder for Robotic Tray Placement SW-400 - SWOER","og_description":"Flexible feeder with robotic tray placement for fast, precise part sorting and loading. Ideal for automation in electronics, medical, and automotive.","og_url":"https:\/\/swoer.com\/vi\/manufacturer\/flexible-feeder-for-robotic-tray-placement\/","og_site_name":"SWOER","article_modified_time":"2025-04-14T07:08:00+00:00","og_image":[{"width":1000,"height":1000,"url":"https:\/\/swoer.com\/wp-content\/uploads\/2025\/04\/Robotic-Parts-Feeder.webp","type":"image\/webp"}],"twitter_card":"summary_large_image","twitter_misc":{"\u01af\u1edbc t\u00ednh th\u1eddi gian \u0111\u1ecdc":"1 ph\u00fat"},"schema":{"@context":"https:\/\/schema.org","@graph":[{"@type":"WebPage","@id":"https:\/\/swoer.com\/manufacturer\/flexible-feeder-for-robotic-tray-placement\/","url":"https:\/\/swoer.com\/manufacturer\/flexible-feeder-for-robotic-tray-placement\/","name":"Flexible Feeder for Robotic Tray Placement SW-400 - SWOER","isPartOf":{"@id":"https:\/\/swoer.com\/#website"},"primaryImageOfPage":{"@id":"https:\/\/swoer.com\/manufacturer\/flexible-feeder-for-robotic-tray-placement\/#primaryimage"},"image":{"@id":"https:\/\/swoer.com\/manufacturer\/flexible-feeder-for-robotic-tray-placement\/#primaryimage"},"thumbnailUrl":"https:\/\/swoer.com\/wp-content\/uploads\/2025\/04\/Robotic-Parts-Feeder.webp","datePublished":"2025-04-14T06:16:27+00:00","dateModified":"2025-04-14T07:08:00+00:00","description":"Flexible feeder with robotic tray placement for fast, precise part sorting and loading. Ideal for automation in electronics, medical, and automotive.","breadcrumb":{"@id":"https:\/\/swoer.com\/manufacturer\/flexible-feeder-for-robotic-tray-placement\/#breadcrumb"},"inLanguage":"vi","potentialAction":[{"@type":"ReadAction","target":["https:\/\/swoer.com\/manufacturer\/flexible-feeder-for-robotic-tray-placement\/"]}]},{"@type":"ImageObject","inLanguage":"vi","@id":"https:\/\/swoer.com\/manufacturer\/flexible-feeder-for-robotic-tray-placement\/#primaryimage","url":"https:\/\/swoer.com\/wp-content\/uploads\/2025\/04\/Robotic-Parts-Feeder.webp","contentUrl":"https:\/\/swoer.com\/wp-content\/uploads\/2025\/04\/Robotic-Parts-Feeder.webp","width":1000,"height":1000,"caption":"Robotic Parts Feeder"},{"@type":"BreadcrumbList","@id":"https:\/\/swoer.com\/manufacturer\/flexible-feeder-for-robotic-tray-placement\/#breadcrumb","itemListElement":[{"@type":"ListItem","position":1,"name":"Home","item":"https:\/\/swoer.com\/"},{"@type":"ListItem","position":2,"name":"Shop","item":"https:\/\/swoer.com\/shop\/"},{"@type":"ListItem","position":3,"name":"Flexible Feeder for Robotic Tray Placement SW-400"}]},{"@type":"WebSite","@id":"https:\/\/swoer.com\/#website","url":"https:\/\/swoer.com\/","name":"SWOER","description":"Swoer is the top 3 vibratory bowl feeder manufacturer in China","potentialAction":[{"@type":"SearchAction","target":{"@type":"EntryPoint","urlTemplate":"https:\/\/swoer.com\/?s={search_term_string}"},"query-input":"required name=search_term_string"}],"inLanguage":"vi"}]}},"_links":{"self":[{"href":"https:\/\/swoer.com\/vi\/wp-json\/wp\/v2\/product\/3304"}],"collection":[{"href":"https:\/\/swoer.com\/vi\/wp-json\/wp\/v2\/product"}],"about":[{"href":"https:\/\/swoer.com\/vi\/wp-json\/wp\/v2\/types\/product"}],"replies":[{"embeddable":true,"href":"https:\/\/swoer.com\/vi\/wp-json\/wp\/v2\/comments?post=3304"}],"wp:featuredmedia":[{"embeddable":true,"href":"https:\/\/swoer.com\/vi\/wp-json\/wp\/v2\/media\/3305"}],"wp:attachment":[{"href":"https:\/\/swoer.com\/vi\/wp-json\/wp\/v2\/media?parent=3304"}],"wp:term":[{"taxonomy":"product_cat","embeddable":true,"href":"https:\/\/swoer.com\/vi\/wp-json\/wp\/v2\/product_cat?post=3304"},{"taxonomy":"product_tag","embeddable":true,"href":"https:\/\/swoer.com\/vi\/wp-json\/wp\/v2\/product_tag?post=3304"}],"curies":[{"name":"wp","href":"https:\/\/api.w.org\/{rel}","templated":true}]}}