{"id":3225,"date":"2025-03-31T21:55:49","date_gmt":"2025-03-31T13:55:49","guid":{"rendered":"https:\/\/swoer.com\/?post_type=product&#038;p=3225"},"modified":"2025-03-21T09:00:45","modified_gmt":"2025-03-21T01:00:45","slug":"vibratory-bowl-feeder-with-automated-visual-inspection","status":"publish","type":"product","link":"https:\/\/swoer.com\/vi\/manufacturer\/vibratory-bowl-feeder-with-automated-visual-inspection\/","title":{"rendered":"M\u00e1y n\u1ea1p b\u00e1t rung c\u00f3 ch\u1ee9c n\u0103ng ki\u1ec3m tra tr\u1ef1c quan t\u1ef1 \u0111\u1ed9ng"},"content":{"rendered":"<p>M\u00e1y n\u1ea1p b\u00e1t rung v\u1edbi ch\u1ee9c n\u0103ng ki\u1ec3m tra tr\u1ef1c quan t\u1ef1 \u0111\u1ed9ng ph\u00e1t hi\u1ec7n c\u00e1c v\u00f2ng ch\u1eef O b\u1ecb v\u1ee1, bi\u1ebfn d\u1ea1ng v\u00e0 khuy\u1ebft t\u1eadt b\u1ec1 m\u1eb7t v\u1edbi \u0111\u1ed9 ch\u00ednh x\u00e1c cao. H\u1ec7 th\u1ed1ng n\u00e0y n\u1ea1p c\u00e1c b\u1ed9 ph\u1eadn m\u1ed9t c\u00e1ch tr\u01a1n tru trong khi ch\u1ee9c n\u0103ng ki\u1ec3m tra tr\u1ef1c quan nhanh ch\u00f3ng x\u00e1c \u0111\u1ecbnh c\u00e1c v\u00f2ng ch\u1eef O b\u1ecb l\u1ed7i, ng\u0103n kh\u00f4ng cho c\u00e1c s\u1ea3n ph\u1ea9m l\u1ed7i \u0111\u1ebfn d\u00e2y chuy\u1ec1n l\u1eafp r\u00e1p. N\u00f3 c\u1ea3i thi\u1ec7n ki\u1ec3m so\u00e1t ch\u1ea5t l\u01b0\u1ee3ng, gi\u1ea3m ki\u1ec3m tra th\u1ee7 c\u00f4ng v\u00e0 \u0111\u1ea3m b\u1ea3o s\u1ea3n xu\u1ea5t \u0111\u00e1ng tin c\u1eady.<\/p>\n<p>C\u00e1c ng\u00e0nh c\u00f4ng nghi\u1ec7p nh\u01b0 s\u1ea3n xu\u1ea5t \u00f4 t\u00f4, y t\u1ebf v\u00e0 \u0111i\u1ec7n t\u1eed d\u1ef1a v\u00e0o gi\u1ea3i ph\u00e1p n\u00e0y \u0111\u1ec3 n\u1ea1p li\u1ec7u t\u1ed1c \u0111\u1ed9 cao, ki\u1ec3m tra th\u1eddi gian th\u1ef1c v\u00e0 t\u1ef1 \u0111\u1ed9ng lo\u1ea1i b\u1ecf c\u00e1c v\u00f2ng \u0111\u1ec7m ch\u1eef O b\u1ecb l\u1ed7i. B\u1eb1ng c\u00e1ch k\u1ebft h\u1ee3p n\u1ea1p li\u1ec7u v\u00e0o b\u00e1t v\u00e0 ki\u1ec3m tra tr\u1ef1c quan t\u1ef1 \u0111\u1ed9ng, c\u00e1c nh\u00e0 s\u1ea3n xu\u1ea5t \u0111\u1ea1t \u0111\u01b0\u1ee3c hi\u1ec7u qu\u1ea3 cao h\u01a1n v\u00e0 ch\u1ea5t l\u01b0\u1ee3ng \u0111\u1ed3ng nh\u1ea5t trong quy tr\u00ecnh s\u1ea3n xu\u1ea5t c\u1ee7a h\u1ecd.<\/p>\n<h2 data-start=\"0\" data-end=\"71\">\u0110\u1ec3 t\u00f9y ch\u1ec9nh m\u00e1y cho \u0103n d\u1ea1ng b\u00e1t rung, vui l\u00f2ng cung c\u1ea5p c\u00e1c th\u00f4ng tin chi ti\u1ebft sau:<\/h2>\n<ul data-start=\"72\" data-end=\"145\" data-is-last-node=\"\" data-is-only-node=\"\">\n<li data-start=\"72\" data-end=\"87\"><strong>K\u00edch th\u01b0\u1edbc v\u00f2ng ch\u1eef O<\/strong><\/li>\n<li data-start=\"88\" data-end=\"125\"><strong>T\u1ed1c \u0111\u1ed9 x\u1ea3 (ph\u1ea7n m\u1ed7i ph\u00fat)<\/strong><\/li>\n<li data-start=\"126\" data-end=\"145\" data-is-last-node=\"\"><strong>Chi\u1ec1u cao chu\u1ea9n<\/strong><\/li>\n<\/ul>\n\t<div id=\"gap-999053475\" class=\"gap-element clearfix\" style=\"display:block; height:auto;\">\n\t\t\n<style>\n#gap-999053475 {\n  padding-top: 30px;\n}\n<\/style>\n\t<\/div>\n\t\n<h2>Gi\u1edbi thi\u1ec7u v\u1ec1 B\u1ed9 \u0111i\u1ec1u khi\u1ec3n chuy\u1ec3n \u0111\u1ed9ng<\/h2>\n<p>N\u00f3 c\u00f3 th\u1ec3 th\u1ef1c hi\u1ec7n c\u00e1c ch\u1ee9c n\u0103ng \u0111i\u1ec1u khi\u1ec3n chuy\u1ec3n \u0111\u1ed9ng ph\u1ee9c t\u1ea1p nh\u01b0 n\u1ed9i suy tuy\u1ebfn t\u00ednh v\u00e0 n\u1ed9i suy tr\u00f2n. N\u00f3 c\u0169ng x\u1eed l\u00fd qu\u00e1 tr\u00ecnh qu\u1ef9 \u0111\u1ea1o li\u00ean t\u1ee5c v\u00e0 h\u1ed7 tr\u1ee3 \u0111\u1ea7u v\u00e0o ch\u1ed1t t\u1ed1c \u0111\u1ed9 cao IO. Ngo\u00e0i ra, n\u00f3 cung c\u1ea5p \u0111\u1ea7u ra ch\u00ednh x\u00e1c v\u00e0 \u0111\u1ea7u ra \u0111\u1ed3ng b\u1ed9 h\u00f3a v\u1ecb tr\u00ed (PSO). \u0110i\u1ec1u n\u00e0y l\u00e0m cho n\u00f3 tr\u1edf n\u00ean l\u00fd t\u01b0\u1edfng cho thi\u1ebft b\u1ecb s\u00e0ng l\u1ecdc tr\u1ef1c quan b\u00e0n xoay v\u1edbi 2-8 tr\u1ea1m ki\u1ec3m tra tr\u1ef1c quan.<\/p>\n\t<div class=\"img has-hover x md-x lg-x y md-y lg-y\" id=\"image_607583389\">\n\t\t\t\t\t\t\t\t<div class=\"img-inner dark\" >\n\t\t\t<img loading=\"lazy\" decoding=\"async\" width=\"800\" height=\"500\" src=\"https:\/\/swoer.com\/wp-content\/uploads\/2024\/08\/Motion-Controller-Introduction.webp\" class=\"attachment-original size-original\" alt=\"Gi\u1edbi thi\u1ec7u v\u1ec1 B\u1ed9 \u0111i\u1ec1u khi\u1ec3n chuy\u1ec3n \u0111\u1ed9ng\" srcset=\"https:\/\/swoer.com\/wp-content\/uploads\/2024\/08\/Motion-Controller-Introduction.webp 800w, https:\/\/swoer.com\/wp-content\/uploads\/2024\/08\/Motion-Controller-Introduction-300x188.webp 300w, https:\/\/swoer.com\/wp-content\/uploads\/2024\/08\/Motion-Controller-Introduction-768x480.webp 768w, https:\/\/swoer.com\/wp-content\/uploads\/2024\/08\/Motion-Controller-Introduction-18x12.webp 18w, https:\/\/swoer.com\/wp-content\/uploads\/2024\/08\/Motion-Controller-Introduction-600x375.webp 600w\" sizes=\"(max-width: 800px) 100vw, 800px\" \/>\t\t\t\t\t\t\n\t\t\t\t\t<\/div>\n\t\t\t\t\t\t\t\t\n<style>\n#image_607583389 {\n  width: 100%;\n}\n<\/style>\n\t<\/div>\n\t\n\t<div id=\"gap-1095986081\" class=\"gap-element clearfix\" style=\"display:block; height:auto;\">\n\t\t\n<style>\n#gap-1095986081 {\n  padding-top: 30px;\n}\n<\/style>\n\t<\/div>\n\t\n<h3>\u01afu \u0111i\u1ec3m c\u1ee7a \u1ee9ng d\u1ee5ng b\u1ed9 \u0111i\u1ec1u khi\u1ec3n trong m\u00e1y s\u00e0ng l\u1ecdc h\u00ecnh \u1ea3nh d\u1ea1ng b\u00e0n xoay<\/h3>\n<ol>\n<li>N\u00f3 c\u00f3 th\u1ec3 \u0111i\u1ec1u khi\u1ec3n b\u00e0n xoay theo th\u1eddi gian th\u1ef1c v\u00e0 ghi l\u1ea1i v\u1ecb tr\u00ed ph\u1ea3n h\u1ed3i c\u1ee7a b\u1ed9 m\u00e3 h\u00f3a;<\/li>\n<li>C\u1ed5ng \u0111\u1ea7u v\u00e0o t\u1ed1c \u0111\u1ed9 cao k\u1ebft n\u1ed1i v\u1edbi c\u1ea3m bi\u1ebfn, ph\u00e1t hi\u1ec7n v\u00e0 ghi l\u1ea1i v\u1ecb tr\u00ed c\u1ee7a c\u00e1c b\u1ed9 ph\u1eadn.<\/li>\n<li>\u0110\u1ea7u ra ph\u1ea7n c\u1ee9ng PSO k\u1ebft n\u1ed1i v\u1edbi 2-8 camera \u0111\u1ec3 bay tr\u1ef1c quan, ph\u00e1t hi\u1ec7n v\u00e0 \u0111o l\u01b0\u1eddng.<\/li>\n<li>\u0110\u1ea7u ra ph\u1ea7n c\u1ee9ng PSO c\u0169ng k\u1ebft n\u1ed1i v\u1edbi s\u00e2n bay \u0111\u1ec3 s\u00e0ng l\u1ecdc v\u00e0 ph\u00e2n lo\u1ea1i k\u1ebft qu\u1ea3 ki\u1ec3m tra tr\u1ef1c quan.<\/li>\n<\/ol>\n\t<div class=\"img has-hover x md-x lg-x y md-y lg-y\" id=\"image_1770352431\">\n\t\t\t\t\t\t\t\t<div class=\"img-inner dark\" >\n\t\t\t<img loading=\"lazy\" decoding=\"async\" width=\"1062\" height=\"446\" src=\"https:\/\/swoer.com\/wp-content\/uploads\/2024\/08\/Schematic-diagram-of-visual-screening-function.webp\" class=\"attachment-original size-original\" alt=\"S\u01a1 \u0111\u1ed3 ch\u1ee9c n\u0103ng s\u00e0ng l\u1ecdc th\u1ecb gi\u00e1c\" srcset=\"https:\/\/swoer.com\/wp-content\/uploads\/2024\/08\/Schematic-diagram-of-visual-screening-function.webp 1062w, https:\/\/swoer.com\/wp-content\/uploads\/2024\/08\/Schematic-diagram-of-visual-screening-function-300x126.webp 300w, https:\/\/swoer.com\/wp-content\/uploads\/2024\/08\/Schematic-diagram-of-visual-screening-function-1024x430.webp 1024w, https:\/\/swoer.com\/wp-content\/uploads\/2024\/08\/Schematic-diagram-of-visual-screening-function-768x323.webp 768w, https:\/\/swoer.com\/wp-content\/uploads\/2024\/08\/Schematic-diagram-of-visual-screening-function-18x8.webp 18w, https:\/\/swoer.com\/wp-content\/uploads\/2024\/08\/Schematic-diagram-of-visual-screening-function-600x252.webp 600w\" sizes=\"(max-width: 1062px) 100vw, 1062px\" \/>\t\t\t\t\t\t\n\t\t\t\t\t<\/div>\n\t\t\t\t\t\t\t\t\n<style>\n#image_1770352431 {\n  width: 100%;\n}\n<\/style>\n\t<\/div>\n\t\n\t<div id=\"gap-516514470\" class=\"gap-element clearfix\" style=\"display:block; height:auto;\">\n\t\t\n<style>\n#gap-516514470 {\n  padding-top: 30px;\n}\n<\/style>\n\t<\/div>\n\t\n<h3>Th\u00f4ng tin kh\u00e1c gi\u1ed1ng nh\u01b0 s\u1ea3n ph\u1ea9m sau<\/h3>","protected":false},"excerpt":{"rendered":"<p data-start=\"223\" data-end=\"613\">M\u00e1y n\u1ea1p b\u00e1t rung SWOER v\u1edbi ch\u1ee9c n\u0103ng ki\u1ec3m tra tr\u1ef1c quan t\u1ef1 \u0111\u1ed9ng \u0111\u1ea3m b\u1ea3o n\u1ea1p v\u00f2ng ch\u1eef O ch\u00ednh x\u00e1c trong khi ph\u00e1t hi\u1ec7n c\u00e1c v\u1ebft n\u1ee9t, bi\u1ebfn d\u1ea1ng v\u00e0 khuy\u1ebft t\u1eadt b\u1ec1 m\u1eb7t theo th\u1eddi gian th\u1ef1c. SWOER cung c\u1ea5p c\u00e1c gi\u1ea3i ph\u00e1p t\u00f9y ch\u1ec9nh \u0111\u1ec3 \u0111\u00e1p \u1ee9ng nhu c\u1ea7u c\u1ee7a ng\u00e0nh, t\u0103ng c\u01b0\u1eddng ki\u1ec3m so\u00e1t ch\u1ea5t l\u01b0\u1ee3ng v\u00e0 gi\u1ea3m ki\u1ec3m tra th\u1ee7 c\u00f4ng. L\u00fd t\u01b0\u1edfng cho s\u1ea3n xu\u1ea5t \u00f4 t\u00f4, y t\u1ebf v\u00e0 \u0111i\u1ec7n t\u1eed, h\u1ec7 th\u1ed1ng n\u00e0y cung c\u1ea5p kh\u1ea3 n\u0103ng n\u1ea1p t\u1ed1c \u0111\u1ed9 cao, ph\u00e1t hi\u1ec7n khuy\u1ebft t\u1eadt theo th\u1eddi gian th\u1ef1c v\u00e0 lo\u1ea1i b\u1ecf t\u1ef1 \u0111\u1ed9ng, \u0111\u1ea3m b\u1ea3o hi\u1ec7u qu\u1ea3 v\u00e0 ch\u1ea5t l\u01b0\u1ee3ng \u0111\u1ed3ng nh\u1ea5t.<\/p>","protected":false},"featured_media":3226,"comment_status":"open","ping_status":"closed","template":"","meta":[],"product_cat":[113],"product_tag":[],"yoast_head":"<!-- This site is optimized with the Yoast SEO plugin v22.2 - https:\/\/yoast.com\/wordpress\/plugins\/seo\/ -->\n<title>Vibratory Bowl Feeder with Automated Visual Inspection - SWOER<\/title>\n<meta name=\"description\" content=\"Detect O-ring breaks, defects, and deformations with a Vibratory Bowl Feeder &amp; Automated Visual Inspection\u2014ensuring precision, speed, and quality control.\" \/>\n<meta name=\"robots\" content=\"index, follow, max-snippet:-1, max-image-preview:large, max-video-preview:-1\" \/>\n<link rel=\"canonical\" href=\"https:\/\/swoer.com\/vi\/manufacturer\/vibratory-bowl-feeder-with-automated-visual-inspection\/\" \/>\n<meta property=\"og:locale\" content=\"vi_VN\" \/>\n<meta property=\"og:type\" content=\"article\" \/>\n<meta property=\"og:title\" content=\"Vibratory Bowl Feeder with Automated Visual Inspection - SWOER\" \/>\n<meta property=\"og:description\" content=\"Detect O-ring breaks, defects, and deformations with a Vibratory Bowl Feeder &amp; Automated Visual Inspection\u2014ensuring precision, speed, and quality control.\" \/>\n<meta property=\"og:url\" content=\"https:\/\/swoer.com\/vi\/manufacturer\/vibratory-bowl-feeder-with-automated-visual-inspection\/\" \/>\n<meta property=\"og:site_name\" content=\"SWOER\" \/>\n<meta property=\"article:modified_time\" content=\"2025-03-21T01:00:45+00:00\" \/>\n<meta property=\"og:image\" content=\"https:\/\/swoer.com\/wp-content\/uploads\/2025\/03\/Vibratory-Bowl-Feeder-with-Automated-Visual-Inspection.webp\" \/>\n\t<meta property=\"og:image:width\" content=\"1000\" \/>\n\t<meta property=\"og:image:height\" content=\"1000\" \/>\n\t<meta property=\"og:image:type\" content=\"image\/webp\" \/>\n<meta name=\"twitter:card\" content=\"summary_large_image\" \/>\n<meta name=\"twitter:label1\" content=\"\u01af\u1edbc t\u00ednh th\u1eddi gian \u0111\u1ecdc\" \/>\n\t<meta name=\"twitter:data1\" content=\"2 ph\u00fat\" \/>\n<script type=\"application\/ld+json\" class=\"yoast-schema-graph\">{\"@context\":\"https:\/\/schema.org\",\"@graph\":[{\"@type\":\"WebPage\",\"@id\":\"https:\/\/swoer.com\/manufacturer\/vibratory-bowl-feeder-with-automated-visual-inspection\/\",\"url\":\"https:\/\/swoer.com\/manufacturer\/vibratory-bowl-feeder-with-automated-visual-inspection\/\",\"name\":\"Vibratory Bowl Feeder with Automated Visual Inspection - SWOER\",\"isPartOf\":{\"@id\":\"https:\/\/swoer.com\/#website\"},\"primaryImageOfPage\":{\"@id\":\"https:\/\/swoer.com\/manufacturer\/vibratory-bowl-feeder-with-automated-visual-inspection\/#primaryimage\"},\"image\":{\"@id\":\"https:\/\/swoer.com\/manufacturer\/vibratory-bowl-feeder-with-automated-visual-inspection\/#primaryimage\"},\"thumbnailUrl\":\"https:\/\/swoer.com\/wp-content\/uploads\/2025\/03\/Vibratory-Bowl-Feeder-with-Automated-Visual-Inspection.webp\",\"datePublished\":\"2025-03-31T13:55:49+00:00\",\"dateModified\":\"2025-03-21T01:00:45+00:00\",\"description\":\"Detect O-ring breaks, defects, and deformations with a Vibratory Bowl Feeder & Automated Visual Inspection\u2014ensuring precision, speed, and quality control.\",\"breadcrumb\":{\"@id\":\"https:\/\/swoer.com\/manufacturer\/vibratory-bowl-feeder-with-automated-visual-inspection\/#breadcrumb\"},\"inLanguage\":\"vi\",\"potentialAction\":[{\"@type\":\"ReadAction\",\"target\":[\"https:\/\/swoer.com\/manufacturer\/vibratory-bowl-feeder-with-automated-visual-inspection\/\"]}]},{\"@type\":\"ImageObject\",\"inLanguage\":\"vi\",\"@id\":\"https:\/\/swoer.com\/manufacturer\/vibratory-bowl-feeder-with-automated-visual-inspection\/#primaryimage\",\"url\":\"https:\/\/swoer.com\/wp-content\/uploads\/2025\/03\/Vibratory-Bowl-Feeder-with-Automated-Visual-Inspection.webp\",\"contentUrl\":\"https:\/\/swoer.com\/wp-content\/uploads\/2025\/03\/Vibratory-Bowl-Feeder-with-Automated-Visual-Inspection.webp\",\"width\":1000,\"height\":1000,\"caption\":\"Vibratory Bowl Feeder with Automated Visual Inspection\"},{\"@type\":\"BreadcrumbList\",\"@id\":\"https:\/\/swoer.com\/manufacturer\/vibratory-bowl-feeder-with-automated-visual-inspection\/#breadcrumb\",\"itemListElement\":[{\"@type\":\"ListItem\",\"position\":1,\"name\":\"Home\",\"item\":\"https:\/\/swoer.com\/\"},{\"@type\":\"ListItem\",\"position\":2,\"name\":\"Shop\",\"item\":\"https:\/\/swoer.com\/shop\/\"},{\"@type\":\"ListItem\",\"position\":3,\"name\":\"Vibratory Bowl Feeder with Automated Visual Inspection\"}]},{\"@type\":\"WebSite\",\"@id\":\"https:\/\/swoer.com\/#website\",\"url\":\"https:\/\/swoer.com\/\",\"name\":\"SWOER\",\"description\":\"Swoer is the top 3 vibratory bowl feeder manufacturer in China\",\"potentialAction\":[{\"@type\":\"SearchAction\",\"target\":{\"@type\":\"EntryPoint\",\"urlTemplate\":\"https:\/\/swoer.com\/?s={search_term_string}\"},\"query-input\":\"required name=search_term_string\"}],\"inLanguage\":\"vi\"}]}<\/script>\n<!-- \/ Yoast SEO plugin. -->","yoast_head_json":{"title":"Vibratory Bowl Feeder with Automated Visual Inspection - SWOER","description":"Detect O-ring breaks, defects, and deformations with a Vibratory Bowl Feeder & Automated Visual Inspection\u2014ensuring precision, speed, and quality control.","robots":{"index":"index","follow":"follow","max-snippet":"max-snippet:-1","max-image-preview":"max-image-preview:large","max-video-preview":"max-video-preview:-1"},"canonical":"https:\/\/swoer.com\/vi\/manufacturer\/vibratory-bowl-feeder-with-automated-visual-inspection\/","og_locale":"vi_VN","og_type":"article","og_title":"Vibratory Bowl Feeder with Automated Visual Inspection - SWOER","og_description":"Detect O-ring breaks, defects, and deformations with a Vibratory Bowl Feeder & Automated Visual Inspection\u2014ensuring precision, speed, and quality control.","og_url":"https:\/\/swoer.com\/vi\/manufacturer\/vibratory-bowl-feeder-with-automated-visual-inspection\/","og_site_name":"SWOER","article_modified_time":"2025-03-21T01:00:45+00:00","og_image":[{"width":1000,"height":1000,"url":"https:\/\/swoer.com\/wp-content\/uploads\/2025\/03\/Vibratory-Bowl-Feeder-with-Automated-Visual-Inspection.webp","type":"image\/webp"}],"twitter_card":"summary_large_image","twitter_misc":{"\u01af\u1edbc t\u00ednh th\u1eddi gian \u0111\u1ecdc":"2 ph\u00fat"},"schema":{"@context":"https:\/\/schema.org","@graph":[{"@type":"WebPage","@id":"https:\/\/swoer.com\/manufacturer\/vibratory-bowl-feeder-with-automated-visual-inspection\/","url":"https:\/\/swoer.com\/manufacturer\/vibratory-bowl-feeder-with-automated-visual-inspection\/","name":"Vibratory Bowl Feeder with Automated Visual Inspection - SWOER","isPartOf":{"@id":"https:\/\/swoer.com\/#website"},"primaryImageOfPage":{"@id":"https:\/\/swoer.com\/manufacturer\/vibratory-bowl-feeder-with-automated-visual-inspection\/#primaryimage"},"image":{"@id":"https:\/\/swoer.com\/manufacturer\/vibratory-bowl-feeder-with-automated-visual-inspection\/#primaryimage"},"thumbnailUrl":"https:\/\/swoer.com\/wp-content\/uploads\/2025\/03\/Vibratory-Bowl-Feeder-with-Automated-Visual-Inspection.webp","datePublished":"2025-03-31T13:55:49+00:00","dateModified":"2025-03-21T01:00:45+00:00","description":"Detect O-ring breaks, defects, and deformations with a Vibratory Bowl Feeder & Automated Visual Inspection\u2014ensuring precision, speed, and quality control.","breadcrumb":{"@id":"https:\/\/swoer.com\/manufacturer\/vibratory-bowl-feeder-with-automated-visual-inspection\/#breadcrumb"},"inLanguage":"vi","potentialAction":[{"@type":"ReadAction","target":["https:\/\/swoer.com\/manufacturer\/vibratory-bowl-feeder-with-automated-visual-inspection\/"]}]},{"@type":"ImageObject","inLanguage":"vi","@id":"https:\/\/swoer.com\/manufacturer\/vibratory-bowl-feeder-with-automated-visual-inspection\/#primaryimage","url":"https:\/\/swoer.com\/wp-content\/uploads\/2025\/03\/Vibratory-Bowl-Feeder-with-Automated-Visual-Inspection.webp","contentUrl":"https:\/\/swoer.com\/wp-content\/uploads\/2025\/03\/Vibratory-Bowl-Feeder-with-Automated-Visual-Inspection.webp","width":1000,"height":1000,"caption":"Vibratory Bowl Feeder with Automated Visual Inspection"},{"@type":"BreadcrumbList","@id":"https:\/\/swoer.com\/manufacturer\/vibratory-bowl-feeder-with-automated-visual-inspection\/#breadcrumb","itemListElement":[{"@type":"ListItem","position":1,"name":"Home","item":"https:\/\/swoer.com\/"},{"@type":"ListItem","position":2,"name":"Shop","item":"https:\/\/swoer.com\/shop\/"},{"@type":"ListItem","position":3,"name":"Vibratory Bowl Feeder with Automated Visual Inspection"}]},{"@type":"WebSite","@id":"https:\/\/swoer.com\/#website","url":"https:\/\/swoer.com\/","name":"SWOER","description":"Swoer is the top 3 vibratory bowl feeder manufacturer in China","potentialAction":[{"@type":"SearchAction","target":{"@type":"EntryPoint","urlTemplate":"https:\/\/swoer.com\/?s={search_term_string}"},"query-input":"required name=search_term_string"}],"inLanguage":"vi"}]}},"_links":{"self":[{"href":"https:\/\/swoer.com\/vi\/wp-json\/wp\/v2\/product\/3225"}],"collection":[{"href":"https:\/\/swoer.com\/vi\/wp-json\/wp\/v2\/product"}],"about":[{"href":"https:\/\/swoer.com\/vi\/wp-json\/wp\/v2\/types\/product"}],"replies":[{"embeddable":true,"href":"https:\/\/swoer.com\/vi\/wp-json\/wp\/v2\/comments?post=3225"}],"wp:featuredmedia":[{"embeddable":true,"href":"https:\/\/swoer.com\/vi\/wp-json\/wp\/v2\/media\/3226"}],"wp:attachment":[{"href":"https:\/\/swoer.com\/vi\/wp-json\/wp\/v2\/media?parent=3225"}],"wp:term":[{"taxonomy":"product_cat","embeddable":true,"href":"https:\/\/swoer.com\/vi\/wp-json\/wp\/v2\/product_cat?post=3225"},{"taxonomy":"product_tag","embeddable":true,"href":"https:\/\/swoer.com\/vi\/wp-json\/wp\/v2\/product_tag?post=3225"}],"curies":[{"name":"wp","href":"https:\/\/api.w.org\/{rel}","templated":true}]}}