{"id":2798,"date":"2024-11-06T22:05:54","date_gmt":"2024-11-06T14:05:54","guid":{"rendered":"https:\/\/swoer.com\/?post_type=product&#038;p=2798"},"modified":"2025-03-21T09:07:14","modified_gmt":"2025-03-21T01:07:14","slug":"two-tracks-vibratory-bowl-feeder-for-plastic-parts","status":"publish","type":"product","link":"https:\/\/swoer.com\/vi\/manufacturer\/two-tracks-vibratory-bowl-feeder-for-plastic-parts\/","title":{"rendered":"M\u00e1y n\u1ea1p rung hai r\u00e3nh cho c\u00e1c b\u1ed9 ph\u1eadn nh\u1ef1a"},"content":{"rendered":"<h2>S\u1ef1 ch\u1ec9 r\u00f5<\/h2>\n<table width=\"874\">\n<tbody>\n<tr>\n<td width=\"183\">t\u00ean s\u1ea3n ph\u1ea9m<\/td>\n<td width=\"691\">M\u00e1y n\u1ea1p rung hai r\u00e3nh cho c\u00e1c b\u1ed9 ph\u1eadn nh\u1ef1a<\/td>\n<\/tr>\n<tr>\n<td>V\u1eadt li\u1ec7u<\/td>\n<td>\u00a0SUS201\/304<\/td>\n<\/tr>\n<tr>\n<td>\u0110\u1eb7c s\u1ea3n v\u1eadt li\u1ec7u<\/td>\n<td>H\u1ee3p kim r\u00e8n x\u1eed l\u00fd ngu\u1ed9i, \u0110\u1ed9 b\u1ec1n cao, \u0110\u1ed9 c\u1ee9ng cao<\/td>\n<\/tr>\n<tr>\n<td>V\u00f4n<\/td>\n<td>220V<\/td>\n<\/tr>\n<tr>\n<td>Quy\u1ec1n l\u1ef1c<\/td>\n<td>65W \/150W \/180W \/ 220W \/ 350W<\/td>\n<\/tr>\n<tr>\n<td>X\u00e1c th\u1ef1c<\/td>\n<td>CE, ROHS, ISO9001<\/td>\n<\/tr>\n<tr>\n<td>S\u1ef1 b\u1ea3o \u0111\u1ea3m<\/td>\n<td>b\u1ea3o h\u00e0nh 1 n\u0103m<\/td>\n<\/tr>\n<tr>\n<td>MOQ<\/td>\n<td>1 b\u1ed9<\/td>\n<\/tr>\n<tr>\n<td>Th\u1eddi gian d\u1eabn<\/td>\n<td>10-14 ng\u00e0y<\/td>\n<\/tr>\n<tr>\n<td>Ch\u00ednh s\u00e1ch thanh to\u00e1n<\/td>\n<td>T\/T 40% \u0110\u1eb7t c\u1ecdc v\u00e0 c\u00e2n \u0111\u1ed1i tr\u01b0\u1edbc khi giao h\u00e0ng<\/td>\n<\/tr>\n<tr>\n<td>B\u1ea3n g\u1ed1c c\u1ee7a \u0111\u1ecba \u0111i\u1ec3m<\/td>\n<td>Trung Qu\u1ed1c<\/td>\n<\/tr>\n<\/tbody>\n<\/table>\n\t<div id=\"gap-136296208\" class=\"gap-element clearfix\" style=\"display:block; height:auto;\">\n\t\t\n<style>\n#gap-136296208 {\n  padding-top: 30px;\n}\n<\/style>\n\t<\/div>\n\t\n<h2>\u0110\u1eb7c tr\u01b0ng<\/h2>\n<ol>\n<li><strong>Thi\u1ebft k\u1ebf Dual-Track<\/strong>: X\u1eed l\u00fd nhi\u1ec1u b\u1ed9 ph\u1eadn nh\u1ef1a c\u00f9ng l\u00fac, n\u00e2ng cao hi\u1ec7u qu\u1ea3 s\u1ea3n xu\u1ea5t.<\/li>\n<li><strong>T\u0103ng t\u1ed1c \u0111\u1ed9 s\u1ea3n xu\u1ea5t<\/strong>: Gi\u1ea3m \u0111\u00e1ng k\u1ec3 chu k\u1ef3 s\u1ea3n xu\u1ea5t \u0111\u1ec3 \u0111\u00e1p \u1ee9ng nhu c\u1ea7u s\u1ea3n l\u01b0\u1ee3ng cao.<\/li>\n<li><strong>Gi\u1ea3m th\u1eddi gian ch\u1ebft<\/strong>: T\u1ed1i \u01b0u h\u00f3a vi\u1ec7c chuy\u1ec3n giao v\u1eadt li\u1ec7u, gi\u1ea3m t\u1ea7n su\u1ea5t b\u1ea3o tr\u00ec v\u00e0 \u0111\u1ea3m b\u1ea3o s\u1ea3n xu\u1ea5t li\u00ean t\u1ee5c.<\/li>\n<li><strong>Kh\u1ea3 n\u0103ng t\u01b0\u01a1ng th\u00edch m\u1ea1nh m\u1ebd<\/strong>: D\u1ec5 d\u00e0ng t\u00edch h\u1ee3p v\u00e0o nhi\u1ec1u h\u1ec7 th\u1ed1ng t\u1ef1 \u0111\u1ed9ng h\u00f3a kh\u00e1c nhau, n\u00e2ng cao hi\u1ec7u qu\u1ea3 t\u1ed5ng th\u1ec3.<\/li>\n<li><strong>\u0110\u1ecbnh h\u01b0\u1edbng ch\u00ednh x\u00e1c<\/strong>: \u0110\u1ea3m b\u1ea3o \u0111\u1ecbnh v\u1ecb ch\u00ednh x\u00e1c c\u00e1c b\u1ed9 ph\u1eadn trong qu\u00e1 tr\u00ecnh v\u1eadn chuy\u1ec3n, gi\u1ea3m thi\u1ec3u sai s\u00f3t v\u00e0 l\u00e3ng ph\u00ed.<\/li>\n<li><strong>\u0110\u1ed9 b\u1ec1n<\/strong>: \u0110\u01b0\u1ee3c l\u00e0m t\u1eeb v\u1eadt li\u1ec7u ch\u1ea5t l\u01b0\u1ee3ng cao \u0111\u1ec3 s\u1eed d\u1ee5ng l\u00e2u d\u00e0i, gi\u1ea3m t\u1ea7n su\u1ea5t thay th\u1ebf.<\/li>\n<li><strong>Ti\u1ebft ki\u1ec7m kh\u00f4ng gian<\/strong>:C\u1ea5u tr\u00fac \u0111\u01b0\u1eddng ray k\u00e9p chi\u1ebfm \u00edt kh\u00f4ng gian h\u01a1n, t\u1ed1i \u01b0u h\u00f3a b\u1ed1 tr\u00ed nh\u00e0 m\u00e1y.<\/li>\n<\/ol>\n\t<div id=\"gap-1919663766\" class=\"gap-element clearfix\" style=\"display:block; height:auto;\">\n\t\t\n<style>\n#gap-1919663766 {\n  padding-top: 30px;\n}\n<\/style>\n\t<\/div>\n\t\n<h3><strong>Li\u00ean h\u1ec7 v\u1edbi c\u00e1c k\u1ef9 s\u01b0 c\u1ee7a ch\u00fang t\u00f4i ngay<\/strong><\/h3>\n<p>T\u00f9y ch\u1ec9nh m\u00e1y c\u1ea5p li\u1ec7u rung theo h\u00ecnh d\u1ea1ng v\u00e0 k\u00edch th\u01b0\u1edbc c\u1ee7a c\u00e1c b\u1ed9 ph\u1eadn v\u00e0 t\u1ed1c \u0111\u1ed9 b\u1ea1n c\u1ea7n.<\/p>\n\n<div class=\"wpcf7 no-js\" id=\"wpcf7-f5-o1\" lang=\"en-US\" dir=\"ltr\">\n<div class=\"screen-reader-response\"><p role=\"status\" aria-live=\"polite\" aria-atomic=\"true\"><\/p> <ul><\/ul><\/div>\n<form action=\"\/vi\/wp-json\/wp\/v2\/product\/2798#wpcf7-f5-o1\" method=\"post\" class=\"wpcf7-form init\" aria-label=\"M\u00e2u li\u00ean h\u00ea\u0323\" novalidate=\"novalidate\" data-status=\"init\" data-trp-original-action=\"\/vi\/wp-json\/wp\/v2\/product\/2798#wpcf7-f5-o1\">\n<div style=\"display: none;\">\n<input type=\"hidden\" name=\"_wpcf7\" value=\"5\" \/>\n<input type=\"hidden\" name=\"_wpcf7_version\" value=\"5.9.2\" \/>\n<input type=\"hidden\" name=\"_wpcf7_locale\" value=\"en_US\" \/>\n<input type=\"hidden\" name=\"_wpcf7_unit_tag\" value=\"wpcf7-f5-o1\" \/>\n<input type=\"hidden\" name=\"_wpcf7_container_post\" value=\"0\" \/>\n<input type=\"hidden\" name=\"_wpcf7_posted_data_hash\" value=\"\" \/>\n<\/div>\n<div class='custom_contact_style'>\n\t<p><label> T\u00ean c\u1ee7a b\u1ea1n<br \/>\n<span class=\"wpcf7-form-control-wrap\" data-name=\"your-name\"><input size=\"40\" class=\"wpcf7-form-control wpcf7-text wpcf7-validates-as-required\" autocomplete=\"name\" aria-required=\"true\" aria-invalid=\"false\" value=\"\" type=\"text\" name=\"your-name\" \/><\/span> <\/label>\n\t<\/p>\n\t<p><label> Email c\u1ee7a b\u1ea1n<br \/>\n<span class=\"wpcf7-form-control-wrap\" data-name=\"your-email\"><input size=\"40\" class=\"wpcf7-form-control wpcf7-email wpcf7-validates-as-required wpcf7-text wpcf7-validates-as-email\" autocomplete=\"email\" aria-required=\"true\" aria-invalid=\"false\" value=\"\" type=\"email\" name=\"your-email\" \/><\/span> <\/label>\n\t<\/p>\n\t<p><label> Tin nh\u1eafn c\u1ee7a b\u1ea1n (t\u00f9y ch\u1ecdn)<br \/>\n<span class=\"wpcf7-form-control-wrap\" data-name=\"your-message\"><textarea cols=\"40\" rows=\"10\" class=\"wpcf7-form-control wpcf7-textarea\" aria-invalid=\"false\" name=\"your-message\"><\/textarea><\/span> <\/label>\n\t<\/p>\n\t<div style=\"margin-bottom:10px;\">\n\t\t<p><span class=\"wpcf7-form-control-wrap kc_captcha cf7ic-toggle\" data-name=\"kc_captcha\"><span class=\"wpcf7-form-control wpcf7-radio\"><span class=\"captcha-image\" style=\"display: none;\"><span class=\"cf7ic_instructions\">H\u00e3y ch\u1ee9ng minh b\u1ea1n l\u00e0 con ng\u01b0\u1eddi b\u1eb1ng c\u00e1ch ch\u1ecdn<span> truck<\/span>.<\/span><label><input aria-label=\"1\" type=\"radio\" name=\"kc_captcha\" value=\"bot\" \/><svg aria-hidden=\"true\" role=\"img\" xmlns=\"http:\/\/www.w3.org\/2000\/svg\" viewbox=\"0 0 576 512\"><path fill=\"currentColor\" d=\"M488 313v143c0 13-11 24-24 24H348c-7 0-12-5-12-12V356c0-7-5-12-12-12h-72c-7 0-12 5-12 12v112c0 7-5 12-12 12H112c-13 0-24-11-24-24V313c0-4 2-7 4-10l188-154c5-4 11-4 16 0l188 154c2 3 4 6 4 10zm84-61l-84-69V44c0-6-5-12-12-12h-56c-7 0-12 6-12 12v73l-89-74a48 48 0 00-61 0L4 252c-5 4-5 12-1 17l25 31c5 5 12 5 17 1l235-193c5-4 11-4 16 0l235 193c5 5 13 4 17-1l25-31c4-6 4-13-1-17z\"\/><\/svg><\/label><label><input aria-label=\"2\" type=\"radio\" name=\"kc_captcha\" value=\"bot\" \/><svg aria-hidden=\"true\" role=\"img\" xmlns=\"http:\/\/www.w3.org\/2000\/svg\" viewbox=\"0 0 512 512\"><path fill=\"currentColor\" d=\"M350 99c-54 0-98-35-166-35-25 0-47 4-68 12a56 56 0 004-24C118 24 95 1 66 0a56 56 0 00-34 102v386c0 13 11 24 24 24h16c13 0 24-11 24-24v-94c28-12 64-23 114-23 54 0 98 35 166 35 48 0 86-16 122-41 9-6 14-15 14-26V96c0-23-24-39-45-29-35 16-77 32-117 32z\"\/><\/svg><\/label><label><input aria-label=\"3\" type=\"radio\" name=\"kc_captcha\" value=\"kc_human\" \/><svg aria-hidden=\"true\" role=\"img\" xmlns=\"http:\/\/www.w3.org\/2000\/svg\" viewbox=\"0 0 640 512\"><path fill=\"currentColor\" d=\"M624 352h-16V244c0-13-5-25-14-34L494 110c-9-9-21-14-34-14h-44V48c0-26-21-48-48-48H48C22 0 0 22 0 48v320c0 27 22 48 48 48h16a96 96 0 00192 0h128a96 96 0 00192 0h48c9 0 16-7 16-16v-32c0-9-7-16-16-16zM160 464a48 48 0 110-96 48 48 0 010 96zm320 0a48 48 0 110-96 48 48 0 010 96zm80-208H416V144h44l100 100v12z\"\/><\/svg><\/label>\r\n    <\/span>\r\n    <span style=\"display:none\">\r\n        <input type=\"text\" name=\"kc_honeypot\">\r\n    <\/span><\/span><\/span>\n\t\t<\/p>\n\t<\/div>\n\t<p><input class=\"wpcf7-form-control wpcf7-submit has-spinner\" type=\"submit\" value=\"N\u1ed9p\" \/>\n\t<\/p>\n<\/div><div class=\"wpcf7-response-output\" aria-hidden=\"true\"><\/div>\n<input type=\"hidden\" name=\"trp-form-language\" value=\"vi\"\/><\/form>\n<\/div>","protected":false},"excerpt":{"rendered":"<p>M\u00e1y n\u1ea1p rung hai r\u00e3nh c\u1ee7a SWOER s\u1eed d\u1ee5ng h\u1ec7 th\u1ed1ng r\u00e3nh k\u00e9p \u0111\u1ec3 x\u1eed l\u00fd c\u00e1c b\u1ed9 ph\u1eadn nh\u1ef1a c\u00f9ng l\u00fac, gi\u00fap t\u0103ng \u0111\u00e1ng k\u1ec3 t\u1ed1c \u0111\u1ed9 s\u1ea3n xu\u1ea5t. L\u00e0 nh\u00e0 s\u1ea3n xu\u1ea5t m\u00e1y n\u1ea1p rung h\u00e0ng \u0111\u1ea7u Trung Qu\u1ed1c, SWOER \u0111\u01b0\u1ee3c bi\u1ebft \u0111\u1ebfn v\u1edbi vi\u1ec7c cung c\u1ea5p c\u00e1c gi\u1ea3i ph\u00e1p t\u1ef1 \u0111\u1ed9ng h\u00f3a b\u1ec1n b\u1ec9, ch\u00ednh x\u00e1c ph\u00f9 h\u1ee3p v\u1edbi nhu c\u1ea7u s\u1ea3n xu\u1ea5t c\u1ee7a b\u1ea1n.<\/p>","protected":false},"featured_media":2799,"comment_status":"open","ping_status":"closed","template":"","meta":[],"product_cat":[37],"product_tag":[],"yoast_head":"<!-- This site is optimized with the Yoast SEO plugin v22.2 - https:\/\/yoast.com\/wordpress\/plugins\/seo\/ -->\n<title>Two Tracks Vibratory Feeder | Vibratory Feeder for Plastic Parts<\/title>\n<meta name=\"description\" content=\"SWOER\u2019s Two Tracks Vibratory Bowl Feeder for plastic parts speeds up production, reduces downtime, and fits seamlessly into various automation systems.\" \/>\n<meta name=\"robots\" content=\"index, follow, max-snippet:-1, max-image-preview:large, max-video-preview:-1\" \/>\n<link rel=\"canonical\" href=\"https:\/\/swoer.com\/vi\/manufacturer\/two-tracks-vibratory-bowl-feeder-for-plastic-parts\/\" \/>\n<meta property=\"og:locale\" content=\"vi_VN\" \/>\n<meta property=\"og:type\" content=\"article\" \/>\n<meta property=\"og:title\" content=\"Two Tracks Vibratory Feeder | Vibratory Feeder for Plastic Parts\" \/>\n<meta property=\"og:description\" content=\"SWOER\u2019s Two Tracks Vibratory Bowl Feeder for plastic parts speeds up production, reduces downtime, and fits seamlessly into various automation systems.\" \/>\n<meta property=\"og:url\" content=\"https:\/\/swoer.com\/vi\/manufacturer\/two-tracks-vibratory-bowl-feeder-for-plastic-parts\/\" \/>\n<meta property=\"og:site_name\" content=\"SWOER\" \/>\n<meta property=\"article:modified_time\" content=\"2025-03-21T01:07:14+00:00\" \/>\n<meta property=\"og:image\" content=\"https:\/\/swoer.com\/wp-content\/uploads\/2024\/10\/Two-Tracks-Vibratory-Bowl-Feeder-for-Plastic-Parts-.webp\" \/>\n\t<meta property=\"og:image:width\" content=\"1000\" \/>\n\t<meta property=\"og:image:height\" content=\"1000\" \/>\n\t<meta property=\"og:image:type\" content=\"image\/webp\" \/>\n<meta name=\"twitter:card\" content=\"summary_large_image\" \/>\n<meta name=\"twitter:label1\" content=\"\u01af\u1edbc t\u00ednh th\u1eddi gian \u0111\u1ecdc\" \/>\n\t<meta name=\"twitter:data1\" content=\"1 ph\u00fat\" \/>\n<script type=\"application\/ld+json\" class=\"yoast-schema-graph\">{\"@context\":\"https:\/\/schema.org\",\"@graph\":[{\"@type\":\"WebPage\",\"@id\":\"https:\/\/swoer.com\/manufacturer\/two-tracks-vibratory-bowl-feeder-for-plastic-parts\/\",\"url\":\"https:\/\/swoer.com\/manufacturer\/two-tracks-vibratory-bowl-feeder-for-plastic-parts\/\",\"name\":\"Two Tracks Vibratory Feeder | Vibratory Feeder for Plastic Parts\",\"isPartOf\":{\"@id\":\"https:\/\/swoer.com\/#website\"},\"primaryImageOfPage\":{\"@id\":\"https:\/\/swoer.com\/manufacturer\/two-tracks-vibratory-bowl-feeder-for-plastic-parts\/#primaryimage\"},\"image\":{\"@id\":\"https:\/\/swoer.com\/manufacturer\/two-tracks-vibratory-bowl-feeder-for-plastic-parts\/#primaryimage\"},\"thumbnailUrl\":\"https:\/\/swoer.com\/wp-content\/uploads\/2024\/10\/Two-Tracks-Vibratory-Bowl-Feeder-for-Plastic-Parts-.webp\",\"datePublished\":\"2024-11-06T14:05:54+00:00\",\"dateModified\":\"2025-03-21T01:07:14+00:00\",\"description\":\"SWOER\u2019s Two Tracks Vibratory Bowl Feeder for plastic parts speeds up production, reduces downtime, and fits seamlessly into various automation systems.\",\"breadcrumb\":{\"@id\":\"https:\/\/swoer.com\/manufacturer\/two-tracks-vibratory-bowl-feeder-for-plastic-parts\/#breadcrumb\"},\"inLanguage\":\"vi\",\"potentialAction\":[{\"@type\":\"ReadAction\",\"target\":[\"https:\/\/swoer.com\/manufacturer\/two-tracks-vibratory-bowl-feeder-for-plastic-parts\/\"]}]},{\"@type\":\"ImageObject\",\"inLanguage\":\"vi\",\"@id\":\"https:\/\/swoer.com\/manufacturer\/two-tracks-vibratory-bowl-feeder-for-plastic-parts\/#primaryimage\",\"url\":\"https:\/\/swoer.com\/wp-content\/uploads\/2024\/10\/Two-Tracks-Vibratory-Bowl-Feeder-for-Plastic-Parts-.webp\",\"contentUrl\":\"https:\/\/swoer.com\/wp-content\/uploads\/2024\/10\/Two-Tracks-Vibratory-Bowl-Feeder-for-Plastic-Parts-.webp\",\"width\":1000,\"height\":1000,\"caption\":\"Two Tracks Vibratory Bowl Feeder for Plastic Parts\"},{\"@type\":\"BreadcrumbList\",\"@id\":\"https:\/\/swoer.com\/manufacturer\/two-tracks-vibratory-bowl-feeder-for-plastic-parts\/#breadcrumb\",\"itemListElement\":[{\"@type\":\"ListItem\",\"position\":1,\"name\":\"Home\",\"item\":\"https:\/\/swoer.com\/\"},{\"@type\":\"ListItem\",\"position\":2,\"name\":\"Shop\",\"item\":\"https:\/\/swoer.com\/shop\/\"},{\"@type\":\"ListItem\",\"position\":3,\"name\":\"Two Tracks Vibratory Bowl Feeder for Plastic Parts\"}]},{\"@type\":\"WebSite\",\"@id\":\"https:\/\/swoer.com\/#website\",\"url\":\"https:\/\/swoer.com\/\",\"name\":\"SWOER\",\"description\":\"Swoer is the top 3 vibratory bowl feeder manufacturer in China\",\"potentialAction\":[{\"@type\":\"SearchAction\",\"target\":{\"@type\":\"EntryPoint\",\"urlTemplate\":\"https:\/\/swoer.com\/?s={search_term_string}\"},\"query-input\":\"required name=search_term_string\"}],\"inLanguage\":\"vi\"}]}<\/script>\n<!-- \/ Yoast SEO plugin. -->","yoast_head_json":{"title":"Two Tracks Vibratory Feeder | Vibratory Feeder for Plastic Parts","description":"SWOER\u2019s Two Tracks Vibratory Bowl Feeder for plastic parts speeds up production, reduces downtime, and fits seamlessly into various automation systems.","robots":{"index":"index","follow":"follow","max-snippet":"max-snippet:-1","max-image-preview":"max-image-preview:large","max-video-preview":"max-video-preview:-1"},"canonical":"https:\/\/swoer.com\/vi\/manufacturer\/two-tracks-vibratory-bowl-feeder-for-plastic-parts\/","og_locale":"vi_VN","og_type":"article","og_title":"Two Tracks Vibratory Feeder | Vibratory Feeder for Plastic Parts","og_description":"SWOER\u2019s Two Tracks Vibratory Bowl Feeder for plastic parts speeds up production, reduces downtime, and fits seamlessly into various automation systems.","og_url":"https:\/\/swoer.com\/vi\/manufacturer\/two-tracks-vibratory-bowl-feeder-for-plastic-parts\/","og_site_name":"SWOER","article_modified_time":"2025-03-21T01:07:14+00:00","og_image":[{"width":1000,"height":1000,"url":"https:\/\/swoer.com\/wp-content\/uploads\/2024\/10\/Two-Tracks-Vibratory-Bowl-Feeder-for-Plastic-Parts-.webp","type":"image\/webp"}],"twitter_card":"summary_large_image","twitter_misc":{"\u01af\u1edbc t\u00ednh th\u1eddi gian \u0111\u1ecdc":"1 ph\u00fat"},"schema":{"@context":"https:\/\/schema.org","@graph":[{"@type":"WebPage","@id":"https:\/\/swoer.com\/manufacturer\/two-tracks-vibratory-bowl-feeder-for-plastic-parts\/","url":"https:\/\/swoer.com\/manufacturer\/two-tracks-vibratory-bowl-feeder-for-plastic-parts\/","name":"Two Tracks Vibratory Feeder | Vibratory Feeder for Plastic Parts","isPartOf":{"@id":"https:\/\/swoer.com\/#website"},"primaryImageOfPage":{"@id":"https:\/\/swoer.com\/manufacturer\/two-tracks-vibratory-bowl-feeder-for-plastic-parts\/#primaryimage"},"image":{"@id":"https:\/\/swoer.com\/manufacturer\/two-tracks-vibratory-bowl-feeder-for-plastic-parts\/#primaryimage"},"thumbnailUrl":"https:\/\/swoer.com\/wp-content\/uploads\/2024\/10\/Two-Tracks-Vibratory-Bowl-Feeder-for-Plastic-Parts-.webp","datePublished":"2024-11-06T14:05:54+00:00","dateModified":"2025-03-21T01:07:14+00:00","description":"SWOER\u2019s Two Tracks Vibratory Bowl Feeder for plastic parts speeds up production, reduces downtime, and fits seamlessly into various automation systems.","breadcrumb":{"@id":"https:\/\/swoer.com\/manufacturer\/two-tracks-vibratory-bowl-feeder-for-plastic-parts\/#breadcrumb"},"inLanguage":"vi","potentialAction":[{"@type":"ReadAction","target":["https:\/\/swoer.com\/manufacturer\/two-tracks-vibratory-bowl-feeder-for-plastic-parts\/"]}]},{"@type":"ImageObject","inLanguage":"vi","@id":"https:\/\/swoer.com\/manufacturer\/two-tracks-vibratory-bowl-feeder-for-plastic-parts\/#primaryimage","url":"https:\/\/swoer.com\/wp-content\/uploads\/2024\/10\/Two-Tracks-Vibratory-Bowl-Feeder-for-Plastic-Parts-.webp","contentUrl":"https:\/\/swoer.com\/wp-content\/uploads\/2024\/10\/Two-Tracks-Vibratory-Bowl-Feeder-for-Plastic-Parts-.webp","width":1000,"height":1000,"caption":"Two Tracks Vibratory Bowl Feeder for Plastic Parts"},{"@type":"BreadcrumbList","@id":"https:\/\/swoer.com\/manufacturer\/two-tracks-vibratory-bowl-feeder-for-plastic-parts\/#breadcrumb","itemListElement":[{"@type":"ListItem","position":1,"name":"Home","item":"https:\/\/swoer.com\/"},{"@type":"ListItem","position":2,"name":"Shop","item":"https:\/\/swoer.com\/shop\/"},{"@type":"ListItem","position":3,"name":"Two Tracks Vibratory Bowl Feeder for Plastic Parts"}]},{"@type":"WebSite","@id":"https:\/\/swoer.com\/#website","url":"https:\/\/swoer.com\/","name":"SWOER","description":"Swoer is the top 3 vibratory bowl feeder manufacturer in China","potentialAction":[{"@type":"SearchAction","target":{"@type":"EntryPoint","urlTemplate":"https:\/\/swoer.com\/?s={search_term_string}"},"query-input":"required name=search_term_string"}],"inLanguage":"vi"}]}},"_links":{"self":[{"href":"https:\/\/swoer.com\/vi\/wp-json\/wp\/v2\/product\/2798"}],"collection":[{"href":"https:\/\/swoer.com\/vi\/wp-json\/wp\/v2\/product"}],"about":[{"href":"https:\/\/swoer.com\/vi\/wp-json\/wp\/v2\/types\/product"}],"replies":[{"embeddable":true,"href":"https:\/\/swoer.com\/vi\/wp-json\/wp\/v2\/comments?post=2798"}],"wp:featuredmedia":[{"embeddable":true,"href":"https:\/\/swoer.com\/vi\/wp-json\/wp\/v2\/media\/2799"}],"wp:attachment":[{"href":"https:\/\/swoer.com\/vi\/wp-json\/wp\/v2\/media?parent=2798"}],"wp:term":[{"taxonomy":"product_cat","embeddable":true,"href":"https:\/\/swoer.com\/vi\/wp-json\/wp\/v2\/product_cat?post=2798"},{"taxonomy":"product_tag","embeddable":true,"href":"https:\/\/swoer.com\/vi\/wp-json\/wp\/v2\/product_tag?post=2798"}],"curies":[{"name":"wp","href":"https:\/\/api.w.org\/{rel}","templated":true}]}}