{"id":2700,"date":"2024-10-02T23:00:49","date_gmt":"2024-10-02T15:00:49","guid":{"rendered":"https:\/\/swoer.com\/?post_type=product&#038;p=2700"},"modified":"2025-03-21T09:07:53","modified_gmt":"2025-03-21T01:07:53","slug":"hopper-vibratory-feeder-for-plastic-spoons","status":"publish","type":"product","link":"https:\/\/swoer.com\/vi\/manufacturer\/hopper-vibratory-feeder-for-plastic-spoons\/","title":{"rendered":"M\u00e1y c\u1ea5p li\u1ec7u rung ph\u1ec5u cho th\u00eca nh\u1ef1a"},"content":{"rendered":"<h2><strong>M\u00e1y c\u1ea5p li\u1ec7u rung ph\u1ec5u cho th\u00eca nh\u1ef1a: C\u00e1c t\u00ednh n\u0103ng ch\u00ednh<\/strong><\/h2>\n<ul>\n<li><strong>B\u00e1t th\u00e9p kh\u00f4ng g\u1ec9 304 c\u1ea5p th\u1ef1c ph\u1ea9m:<\/strong> \u0110\u1ea3m b\u1ea3o hi\u1ec7u su\u1ea5t v\u1ec7 sinh v\u00e0 b\u1ec1n b\u1ec9, l\u00fd t\u01b0\u1edfng \u0111\u1ec3 x\u1eed l\u00fd th\u00eca nh\u1ef1a trong m\u00f4i tr\u01b0\u1eddng li\u00ean quan \u0111\u1ebfn th\u1ef1c ph\u1ea9m ho\u1eb7c m\u00f4i tr\u01b0\u1eddng s\u1ea1ch s\u1ebd.<\/li>\n<li><strong>Ph\u1ec5u t\u00edch h\u1ee3p:<\/strong> Cho ph\u00e9p qu\u00e1 tr\u00ecnh c\u1ea5p li\u1ec7u di\u1ec5n ra \u0111\u1ed3ng \u0111\u1ec1u v\u00e0 hi\u1ec7u qu\u1ea3, gi\u1ea3m thi\u1ec3u gi\u00e1n \u0111o\u1ea1n trong qu\u00e1 tr\u00ecnh v\u1eadn h\u00e0nh.<\/li>\n<li><strong>Hi\u1ec7u su\u1ea5t \u0111\u00e1ng tin c\u1eady:<\/strong> \u0110\u01b0\u1ee3c thi\u1ebft k\u1ebf \u0111\u1ec3 x\u1eed l\u00fd s\u1ed1 l\u01b0\u1ee3ng l\u1edbn th\u00eca nh\u1ef1a, \u0111\u1ea3m b\u1ea3o ho\u1ea1t \u0111\u1ed9ng tr\u01a1n tru trong c\u00e1c d\u00e2y chuy\u1ec1n s\u1ea3n xu\u1ea5t c\u00f3 nhu c\u1ea7u cao.<\/li>\n<li><strong>C\u00e0i \u0111\u1eb7t c\u00f3 th\u1ec3 t\u00f9y ch\u1ec9nh:<\/strong> T\u1ed1c \u0111\u1ed9 c\u1ea5p li\u1ec7u v\u00e0 c\u01b0\u1eddng \u0111\u1ed9 rung c\u00f3 th\u1ec3 \u0111i\u1ec1u ch\u1ec9nh \u0111\u1ec3 \u0111\u00e1p \u1ee9ng nhu c\u1ea7u s\u1ea3n xu\u1ea5t c\u1ee5 th\u1ec3.<\/li>\n<li><strong>B\u1ea3o tr\u00ec d\u1ec5 d\u00e0ng:<\/strong> D\u1ec5 v\u1ec7 sinh v\u00e0 b\u1ea3o tr\u00ec, \u0111\u1ea3m b\u1ea3o s\u1eed d\u1ee5ng l\u00e2u d\u00e0i v\u1edbi th\u1eddi gian ch\u1ebft t\u1ed1i thi\u1ec3u.<\/li>\n<\/ul>\n<p>M\u00e1y c\u1ea5p li\u1ec7u rung d\u1ea1ng ph\u1ec5u n\u00e0y \u0111\u01b0\u1ee3c thi\u1ebft k\u1ebf ri\u00eang cho th\u00eca nh\u1ef1a v\u00e0 c\u00f3 th\u1ec3 t\u00f9y ch\u1ec9nh \u0111\u1ec3 ph\u00f9 h\u1ee3p v\u1edbi h\u00ecnh d\u1ea1ng v\u00e0 k\u00edch th\u01b0\u1edbc ch\u00ednh x\u00e1c c\u1ee7a th\u00eca, \u0111\u1ea3m b\u1ea3o hi\u1ec7u su\u1ea5t t\u1ed1i \u01b0u trong c\u00e1c \u1ee9ng d\u1ee5ng c\u00f4ng nghi\u1ec7p chuy\u00ean d\u1ee5ng.<\/p>\n\t<div id=\"gap-2059737683\" class=\"gap-element clearfix\" style=\"display:block; height:auto;\">\n\t\t\n<style>\n#gap-2059737683 {\n  padding-top: 30px;\n}\n<\/style>\n\t<\/div>\n\t\n<h2>Thi\u1ebft k\u1ebf m\u00e1y n\u1ea1p b\u00e1t rung m\u00f4 h\u00ecnh 3D cho th\u00eca nh\u1ef1a<\/h2>\n\t<div class=\"img has-hover x md-x lg-x y md-y lg-y\" id=\"image_2063859525\">\n\t\t\t\t\t\t\t\t<div class=\"img-inner dark\" >\n\t\t\t<img loading=\"lazy\" decoding=\"async\" width=\"1200\" height=\"475\" src=\"https:\/\/swoer.com\/wp-content\/uploads\/2024\/09\/Vibratory-Bowl-Feeder-Design-3D-Model-for-Plastic-Spoons.webp\" class=\"attachment-original size-original\" alt=\"Thi\u1ebft k\u1ebf m\u00e1y n\u1ea1p b\u00e1t rung m\u00f4 h\u00ecnh 3D cho th\u00eca nh\u1ef1a\" srcset=\"https:\/\/swoer.com\/wp-content\/uploads\/2024\/09\/Vibratory-Bowl-Feeder-Design-3D-Model-for-Plastic-Spoons.webp 1200w, https:\/\/swoer.com\/wp-content\/uploads\/2024\/09\/Vibratory-Bowl-Feeder-Design-3D-Model-for-Plastic-Spoons-300x119.webp 300w, https:\/\/swoer.com\/wp-content\/uploads\/2024\/09\/Vibratory-Bowl-Feeder-Design-3D-Model-for-Plastic-Spoons-1024x405.webp 1024w, https:\/\/swoer.com\/wp-content\/uploads\/2024\/09\/Vibratory-Bowl-Feeder-Design-3D-Model-for-Plastic-Spoons-768x304.webp 768w, https:\/\/swoer.com\/wp-content\/uploads\/2024\/09\/Vibratory-Bowl-Feeder-Design-3D-Model-for-Plastic-Spoons-18x7.webp 18w, https:\/\/swoer.com\/wp-content\/uploads\/2024\/09\/Vibratory-Bowl-Feeder-Design-3D-Model-for-Plastic-Spoons-600x238.webp 600w\" sizes=\"(max-width: 1200px) 100vw, 1200px\" \/>\t\t\t\t\t\t\n\t\t\t\t\t<\/div>\n\t\t\t\t\t\t\t\t\n<style>\n#image_2063859525 {\n  width: 100%;\n}\n<\/style>\n\t<\/div>\n\t\n\t<div id=\"gap-578086383\" class=\"gap-element clearfix\" style=\"display:block; height:auto;\">\n\t\t\n<style>\n#gap-578086383 {\n  padding-top: 30px;\n}\n<\/style>\n\t<\/div>\n\t\n<h2>S\u1ef1 ch\u1ec9 r\u00f5<\/h2>\n<table width=\"691\">\n<tbody>\n<tr>\n<td width=\"183\"><strong>t\u00ean s\u1ea3n ph\u1ea9m<\/strong><\/td>\n<td width=\"508\">M\u00e1y c\u1ea5p li\u1ec7u rung ph\u1ec5u cho th\u00eca nh\u1ef1a<\/td>\n<\/tr>\n<tr>\n<td><strong>V\u1eadt li\u1ec7u<\/strong><\/td>\n<td>\u00a0Th\u00e9p kh\u00f4ng g\u1ec9 304<\/td>\n<\/tr>\n<tr>\n<td><strong>\u0110\u1eb7c s\u1ea3n v\u1eadt li\u1ec7u<\/strong><\/td>\n<td>H\u1ee3p kim r\u00e8n x\u1eed l\u00fd ngu\u1ed9i, \u0110\u1ed9 b\u1ec1n cao, \u0110\u1ed9 c\u1ee9ng cao<\/td>\n<\/tr>\n<tr>\n<td><strong>V\u00f4n<\/strong><\/td>\n<td>220V<\/td>\n<\/tr>\n<tr>\n<td><strong>Quy\u1ec1n l\u1ef1c<\/strong><\/td>\n<td>65W \/150W \/180W \/ 220W \/ 350W<\/td>\n<\/tr>\n<tr>\n<td><strong>X\u00e1c th\u1ef1c<\/strong><\/td>\n<td>CE, ROHS, ISO9001<\/td>\n<\/tr>\n<tr>\n<td><strong>S\u1ef1 b\u1ea3o \u0111\u1ea3m<\/strong><\/td>\n<td>b\u1ea3o h\u00e0nh 1 n\u0103m<\/td>\n<\/tr>\n<tr>\n<td><strong>MOQ<\/strong><\/td>\n<td>1 b\u1ed9<\/td>\n<\/tr>\n<tr>\n<td><strong>Th\u1eddi gian d\u1eabn<\/strong><\/td>\n<td>10-14 ng\u00e0y<\/td>\n<\/tr>\n<tr>\n<td><strong>Ch\u00ednh s\u00e1ch thanh to\u00e1n<\/strong><\/td>\n<td>T\/T 40% \u0110\u1eb7t c\u1ecdc v\u00e0 c\u00e2n \u0111\u1ed1i tr\u01b0\u1edbc khi giao h\u00e0ng<\/td>\n<\/tr>\n<tr>\n<td><strong>B\u1ea3n g\u1ed1c c\u1ee7a \u0111\u1ecba \u0111i\u1ec3m<\/strong><\/td>\n<td>Trung Qu\u1ed1c<\/td>\n<\/tr>\n<\/tbody>\n<\/table>\n\t<div id=\"gap-581404120\" class=\"gap-element clearfix\" style=\"display:block; height:auto;\">\n\t\t\n<style>\n#gap-581404120 {\n  padding-top: 30px;\n}\n<\/style>\n\t<\/div>\n\t\n<h3>Video v\u1ec1 m\u00e1y cho \u0103n b\u1eb1ng th\u00eca nh\u1ef1a rung<\/h3>\n<div class=\"video video-fit mb\" style=\"padding-top:50%;\"><p><iframe loading=\"lazy\" title=\"M\u00e1y n\u1ea1p rung cho th\u00eca nh\u1ef1a c\u00f3 ph\u1ec5u | H\u1ec7 th\u1ed1ng n\u1ea1p li\u1ec7u m\u1ed9t ph\u1ea7n | Nh\u00e0 s\u1ea3n xu\u1ea5t SWOER\" width=\"1020\" height=\"574\" src=\"https:\/\/www.youtube.com\/embed\/WrekQVkEvDI?feature=oembed\" frameborder=\"0\" allow=\"accelerometer; autoplay; clipboard-write; encrypted-media; gyroscope; picture-in-picture; web-share\" referrerpolicy=\"strict-origin-when-cross-origin\" allowfullscreen><\/iframe><\/p>\n<\/div>","protected":false},"excerpt":{"rendered":"<p>T\u00ecm hi\u1ec3u v\u1ec1 m\u00e1y n\u1ea1p li\u1ec7u rung ph\u1ec5u c\u1ee7a ch\u00fang t\u00f4i \u0111\u01b0\u1ee3c thi\u1ebft k\u1ebf cho th\u00eca nh\u1ef1a. \u0110\u01b0\u1ee3c ch\u1ebf t\u1ea1o b\u1eb1ng th\u00e9p kh\u00f4ng g\u1ec9 304 c\u1ea5p th\u1ef1c ph\u1ea9m, \u0111\u1ea3m b\u1ea3o hi\u1ec7u qu\u1ea3 v\u00e0 \u0111\u1ed9 tin c\u1eady trong ho\u1ea1t \u0111\u1ed9ng c\u1ee7a b\u1ea1n.<\/p>","protected":false},"featured_media":2701,"comment_status":"open","ping_status":"closed","template":"","meta":[],"product_cat":[37],"product_tag":[],"yoast_head":"<!-- This site is optimized with the Yoast SEO plugin v22.2 - https:\/\/yoast.com\/wordpress\/plugins\/seo\/ -->\n<title>Hopper Vibratory Feeder for Plastic Spoons - SWOER<\/title>\n<meta name=\"description\" content=\"Increase your production with our hopper vibratory feeder for plastic spoons, made from durable food-grade 304 stainless steel for long-lasting performance.\" \/>\n<meta name=\"robots\" content=\"index, follow, max-snippet:-1, max-image-preview:large, max-video-preview:-1\" \/>\n<link rel=\"canonical\" href=\"https:\/\/swoer.com\/vi\/manufacturer\/hopper-vibratory-feeder-for-plastic-spoons\/\" \/>\n<meta property=\"og:locale\" content=\"vi_VN\" \/>\n<meta property=\"og:type\" content=\"article\" \/>\n<meta property=\"og:title\" content=\"Hopper Vibratory Feeder for Plastic Spoons - SWOER\" \/>\n<meta property=\"og:description\" content=\"Increase your production with our hopper vibratory feeder for plastic spoons, made from durable food-grade 304 stainless steel for long-lasting performance.\" \/>\n<meta property=\"og:url\" content=\"https:\/\/swoer.com\/vi\/manufacturer\/hopper-vibratory-feeder-for-plastic-spoons\/\" \/>\n<meta property=\"og:site_name\" content=\"SWOER\" \/>\n<meta property=\"article:modified_time\" content=\"2025-03-21T01:07:53+00:00\" \/>\n<meta property=\"og:image\" content=\"https:\/\/swoer.com\/wp-content\/uploads\/2024\/10\/hopper-vibratory-feeder-for-plastic-spoons.webp\" \/>\n\t<meta property=\"og:image:width\" content=\"1000\" \/>\n\t<meta property=\"og:image:height\" content=\"1000\" \/>\n\t<meta property=\"og:image:type\" content=\"image\/webp\" \/>\n<meta name=\"twitter:card\" content=\"summary_large_image\" \/>\n<meta name=\"twitter:label1\" content=\"\u01af\u1edbc t\u00ednh th\u1eddi gian \u0111\u1ecdc\" \/>\n\t<meta name=\"twitter:data1\" content=\"2 ph\u00fat\" \/>\n<script type=\"application\/ld+json\" class=\"yoast-schema-graph\">{\"@context\":\"https:\/\/schema.org\",\"@graph\":[{\"@type\":\"WebPage\",\"@id\":\"https:\/\/swoer.com\/manufacturer\/hopper-vibratory-feeder-for-plastic-spoons\/\",\"url\":\"https:\/\/swoer.com\/manufacturer\/hopper-vibratory-feeder-for-plastic-spoons\/\",\"name\":\"Hopper Vibratory Feeder for Plastic Spoons - SWOER\",\"isPartOf\":{\"@id\":\"https:\/\/swoer.com\/#website\"},\"primaryImageOfPage\":{\"@id\":\"https:\/\/swoer.com\/manufacturer\/hopper-vibratory-feeder-for-plastic-spoons\/#primaryimage\"},\"image\":{\"@id\":\"https:\/\/swoer.com\/manufacturer\/hopper-vibratory-feeder-for-plastic-spoons\/#primaryimage\"},\"thumbnailUrl\":\"https:\/\/swoer.com\/wp-content\/uploads\/2024\/10\/hopper-vibratory-feeder-for-plastic-spoons.webp\",\"datePublished\":\"2024-10-02T15:00:49+00:00\",\"dateModified\":\"2025-03-21T01:07:53+00:00\",\"description\":\"Increase your production with our hopper vibratory feeder for plastic spoons, made from durable food-grade 304 stainless steel for long-lasting performance.\",\"breadcrumb\":{\"@id\":\"https:\/\/swoer.com\/manufacturer\/hopper-vibratory-feeder-for-plastic-spoons\/#breadcrumb\"},\"inLanguage\":\"vi\",\"potentialAction\":[{\"@type\":\"ReadAction\",\"target\":[\"https:\/\/swoer.com\/manufacturer\/hopper-vibratory-feeder-for-plastic-spoons\/\"]}]},{\"@type\":\"ImageObject\",\"inLanguage\":\"vi\",\"@id\":\"https:\/\/swoer.com\/manufacturer\/hopper-vibratory-feeder-for-plastic-spoons\/#primaryimage\",\"url\":\"https:\/\/swoer.com\/wp-content\/uploads\/2024\/10\/hopper-vibratory-feeder-for-plastic-spoons.webp\",\"contentUrl\":\"https:\/\/swoer.com\/wp-content\/uploads\/2024\/10\/hopper-vibratory-feeder-for-plastic-spoons.webp\",\"width\":1000,\"height\":1000,\"caption\":\"hopper vibratory feeder for plastic spoons\"},{\"@type\":\"BreadcrumbList\",\"@id\":\"https:\/\/swoer.com\/manufacturer\/hopper-vibratory-feeder-for-plastic-spoons\/#breadcrumb\",\"itemListElement\":[{\"@type\":\"ListItem\",\"position\":1,\"name\":\"Home\",\"item\":\"https:\/\/swoer.com\/\"},{\"@type\":\"ListItem\",\"position\":2,\"name\":\"Shop\",\"item\":\"https:\/\/swoer.com\/shop\/\"},{\"@type\":\"ListItem\",\"position\":3,\"name\":\"Hopper Vibratory Feeder for Plastic Spoons\"}]},{\"@type\":\"WebSite\",\"@id\":\"https:\/\/swoer.com\/#website\",\"url\":\"https:\/\/swoer.com\/\",\"name\":\"SWOER\",\"description\":\"Swoer is the top 3 vibratory bowl feeder manufacturer in China\",\"potentialAction\":[{\"@type\":\"SearchAction\",\"target\":{\"@type\":\"EntryPoint\",\"urlTemplate\":\"https:\/\/swoer.com\/?s={search_term_string}\"},\"query-input\":\"required name=search_term_string\"}],\"inLanguage\":\"vi\"}]}<\/script>\n<!-- \/ Yoast SEO plugin. -->","yoast_head_json":{"title":"Hopper Vibratory Feeder for Plastic Spoons - SWOER","description":"Increase your production with our hopper vibratory feeder for plastic spoons, made from durable food-grade 304 stainless steel for long-lasting performance.","robots":{"index":"index","follow":"follow","max-snippet":"max-snippet:-1","max-image-preview":"max-image-preview:large","max-video-preview":"max-video-preview:-1"},"canonical":"https:\/\/swoer.com\/vi\/manufacturer\/hopper-vibratory-feeder-for-plastic-spoons\/","og_locale":"vi_VN","og_type":"article","og_title":"Hopper Vibratory Feeder for Plastic Spoons - SWOER","og_description":"Increase your production with our hopper vibratory feeder for plastic spoons, made from durable food-grade 304 stainless steel for long-lasting performance.","og_url":"https:\/\/swoer.com\/vi\/manufacturer\/hopper-vibratory-feeder-for-plastic-spoons\/","og_site_name":"SWOER","article_modified_time":"2025-03-21T01:07:53+00:00","og_image":[{"width":1000,"height":1000,"url":"https:\/\/swoer.com\/wp-content\/uploads\/2024\/10\/hopper-vibratory-feeder-for-plastic-spoons.webp","type":"image\/webp"}],"twitter_card":"summary_large_image","twitter_misc":{"\u01af\u1edbc t\u00ednh th\u1eddi gian \u0111\u1ecdc":"2 ph\u00fat"},"schema":{"@context":"https:\/\/schema.org","@graph":[{"@type":"WebPage","@id":"https:\/\/swoer.com\/manufacturer\/hopper-vibratory-feeder-for-plastic-spoons\/","url":"https:\/\/swoer.com\/manufacturer\/hopper-vibratory-feeder-for-plastic-spoons\/","name":"Hopper Vibratory Feeder for Plastic Spoons - SWOER","isPartOf":{"@id":"https:\/\/swoer.com\/#website"},"primaryImageOfPage":{"@id":"https:\/\/swoer.com\/manufacturer\/hopper-vibratory-feeder-for-plastic-spoons\/#primaryimage"},"image":{"@id":"https:\/\/swoer.com\/manufacturer\/hopper-vibratory-feeder-for-plastic-spoons\/#primaryimage"},"thumbnailUrl":"https:\/\/swoer.com\/wp-content\/uploads\/2024\/10\/hopper-vibratory-feeder-for-plastic-spoons.webp","datePublished":"2024-10-02T15:00:49+00:00","dateModified":"2025-03-21T01:07:53+00:00","description":"Increase your production with our hopper vibratory feeder for plastic spoons, made from durable food-grade 304 stainless steel for long-lasting performance.","breadcrumb":{"@id":"https:\/\/swoer.com\/manufacturer\/hopper-vibratory-feeder-for-plastic-spoons\/#breadcrumb"},"inLanguage":"vi","potentialAction":[{"@type":"ReadAction","target":["https:\/\/swoer.com\/manufacturer\/hopper-vibratory-feeder-for-plastic-spoons\/"]}]},{"@type":"ImageObject","inLanguage":"vi","@id":"https:\/\/swoer.com\/manufacturer\/hopper-vibratory-feeder-for-plastic-spoons\/#primaryimage","url":"https:\/\/swoer.com\/wp-content\/uploads\/2024\/10\/hopper-vibratory-feeder-for-plastic-spoons.webp","contentUrl":"https:\/\/swoer.com\/wp-content\/uploads\/2024\/10\/hopper-vibratory-feeder-for-plastic-spoons.webp","width":1000,"height":1000,"caption":"hopper vibratory feeder for plastic spoons"},{"@type":"BreadcrumbList","@id":"https:\/\/swoer.com\/manufacturer\/hopper-vibratory-feeder-for-plastic-spoons\/#breadcrumb","itemListElement":[{"@type":"ListItem","position":1,"name":"Home","item":"https:\/\/swoer.com\/"},{"@type":"ListItem","position":2,"name":"Shop","item":"https:\/\/swoer.com\/shop\/"},{"@type":"ListItem","position":3,"name":"Hopper Vibratory Feeder for Plastic Spoons"}]},{"@type":"WebSite","@id":"https:\/\/swoer.com\/#website","url":"https:\/\/swoer.com\/","name":"SWOER","description":"Swoer is the top 3 vibratory bowl feeder manufacturer in China","potentialAction":[{"@type":"SearchAction","target":{"@type":"EntryPoint","urlTemplate":"https:\/\/swoer.com\/?s={search_term_string}"},"query-input":"required name=search_term_string"}],"inLanguage":"vi"}]}},"_links":{"self":[{"href":"https:\/\/swoer.com\/vi\/wp-json\/wp\/v2\/product\/2700"}],"collection":[{"href":"https:\/\/swoer.com\/vi\/wp-json\/wp\/v2\/product"}],"about":[{"href":"https:\/\/swoer.com\/vi\/wp-json\/wp\/v2\/types\/product"}],"replies":[{"embeddable":true,"href":"https:\/\/swoer.com\/vi\/wp-json\/wp\/v2\/comments?post=2700"}],"wp:featuredmedia":[{"embeddable":true,"href":"https:\/\/swoer.com\/vi\/wp-json\/wp\/v2\/media\/2701"}],"wp:attachment":[{"href":"https:\/\/swoer.com\/vi\/wp-json\/wp\/v2\/media?parent=2700"}],"wp:term":[{"taxonomy":"product_cat","embeddable":true,"href":"https:\/\/swoer.com\/vi\/wp-json\/wp\/v2\/product_cat?post=2700"},{"taxonomy":"product_tag","embeddable":true,"href":"https:\/\/swoer.com\/vi\/wp-json\/wp\/v2\/product_tag?post=2700"}],"curies":[{"name":"wp","href":"https:\/\/api.w.org\/{rel}","templated":true}]}}