{"id":2543,"date":"2024-08-27T22:30:10","date_gmt":"2024-08-27T14:30:10","guid":{"rendered":"https:\/\/swoer.com\/?post_type=product&#038;p=2543"},"modified":"2024-08-28T15:52:14","modified_gmt":"2024-08-28T07:52:14","slug":"vibratory-bowl-feeder-with-vision-inspection-integration","status":"publish","type":"product","link":"https:\/\/swoer.com\/vi\/manufacturer\/vibratory-bowl-feeder-with-vision-inspection-integration\/","title":{"rendered":"M\u00e1y n\u1ea1p b\u00e1t rung t\u00edch h\u1ee3p ki\u1ec3m tra th\u1ecb gi\u00e1c"},"content":{"rendered":"<p>M\u00e1y n\u1ea1p b\u00e1t rung t\u00edch h\u1ee3p ki\u1ec3m tra th\u1ecb gi\u00e1c c\u1ee7a ch\u00fang t\u00f4i cung c\u1ea5p gi\u1ea3i ph\u00e1p ti\u00ean ti\u1ebfn cho c\u00e1c ng\u00e0nh c\u00f4ng nghi\u1ec7p ch\u00ednh x\u00e1c. H\u1ec7 th\u1ed1ng ti\u00ean ti\u1ebfn n\u00e0y k\u1ebft h\u1ee3p hi\u1ec7u qu\u1ea3 vi\u1ec7c n\u1ea1p nguy\u00ean li\u1ec7u v\u1edbi ki\u1ec3m tra th\u1ecb gi\u00e1c theo th\u1eddi gian th\u1ef1c. Do \u0111\u00f3, ch\u1ec9 nh\u1eefng th\u00e0nh ph\u1ea7n ch\u1ea5t l\u01b0\u1ee3ng cao nh\u1ea5t m\u1edbi \u0111\u1ebfn \u0111\u01b0\u1ee3c d\u00e2y chuy\u1ec1n s\u1ea3n xu\u1ea5t c\u1ee7a b\u1ea1n. L\u00fd t\u01b0\u1edfng cho c\u00e1c thi\u1ebft b\u1ecb \u00f4 t\u00f4, \u0111i\u1ec7n t\u1eed v\u00e0 y t\u1ebf, n\u00f3 c\u1ea3i thi\u1ec7n \u0111\u1ed9 ch\u00ednh x\u00e1c \u0111\u1ed3ng th\u1eddi gi\u1ea3m thi\u1ec3u l\u1ed7i v\u00e0 th\u1eddi gian ch\u1ebft. Ngo\u00e0i ra, v\u1edbi c\u00e1c t\u00f9y ch\u1ecdn t\u00f9y ch\u1ec9nh \u0111\u1ec3 ph\u00f9 h\u1ee3p v\u1edbi nhu c\u1ea7u c\u1ee7a b\u1ea1n, m\u00e1y n\u1ea1p c\u00f3 ki\u1ec3m tra th\u1ecb gi\u00e1c c\u1ee7a ch\u00fang t\u00f4i \u0111\u1ea3m b\u1ea3o \u0111\u1ed9 tin c\u1eady v\u00f4 song. Do \u0111\u00f3, n\u00f3 \u0111\u00e3 tr\u1edf th\u00e0nh m\u1ed9t c\u00f4ng c\u1ee5 thi\u1ebft y\u1ebfu cho s\u1ea3n xu\u1ea5t t\u1ef1 \u0111\u1ed9ng hi\u1ec7n \u0111\u1ea1i.<\/p>\n\t<div id=\"gap-40901285\" class=\"gap-element clearfix\" style=\"display:block; height:auto;\">\n\t\t\n<style>\n#gap-40901285 {\n  padding-top: 30px;\n}\n<\/style>\n\t<\/div>\n\t\n<h2>S\u1ef1 ch\u1ec9 r\u00f5<\/h2>\n<table width=\"874\">\n<tbody>\n<tr>\n<td width=\"183\">t\u00ean s\u1ea3n ph\u1ea9m<\/td>\n<td width=\"691\">M\u00e1y n\u1ea1p b\u00e1t rung t\u00edch h\u1ee3p ki\u1ec3m tra th\u1ecb gi\u00e1c<\/td>\n<\/tr>\n<tr>\n<td>\u0110\u1eb7c tr\u01b0ng<\/td>\n<td>Ph\u00e2n lo\u1ea1i ch\u00ednh x\u00e1c th\u00f4ng qua nh\u1eadn d\u1ea1ng tr\u1ef1c quan m\u1eb7t tr\u01b0\u1edbc v\u00e0 m\u1eb7t sau c\u1ee7a v\u1eadt li\u1ec7u.<\/td>\n<\/tr>\n<tr>\n<td>V\u1eadt li\u1ec7u<\/td>\n<td>\u00a0SUS201\/304<\/td>\n<\/tr>\n<tr>\n<td>\u0110\u1eb7c s\u1ea3n v\u1eadt li\u1ec7u<\/td>\n<td>H\u1ee3p kim r\u00e8n x\u1eed l\u00fd ngu\u1ed9i, \u0110\u1ed9 b\u1ec1n cao, \u0110\u1ed9 c\u1ee9ng cao<\/td>\n<\/tr>\n<tr>\n<td>V\u00f4n<\/td>\n<td>220V<\/td>\n<\/tr>\n<tr>\n<td>Quy\u1ec1n l\u1ef1c<\/td>\n<td>65W \/150W \/180W \/ 220W \/ 350W<\/td>\n<\/tr>\n<tr>\n<td>X\u00e1c th\u1ef1c<\/td>\n<td>CE, ROHS, ISO9001<\/td>\n<\/tr>\n<tr>\n<td>S\u1ef1 b\u1ea3o \u0111\u1ea3m<\/td>\n<td>b\u1ea3o h\u00e0nh 1 n\u0103m<\/td>\n<\/tr>\n<tr>\n<td>MOQ<\/td>\n<td>1 b\u1ed9<\/td>\n<\/tr>\n<tr>\n<td>Th\u1eddi gian d\u1eabn<\/td>\n<td>10-14 ng\u00e0y<\/td>\n<\/tr>\n<tr>\n<td>Ch\u00ednh s\u00e1ch thanh to\u00e1n<\/td>\n<td>T\/T 40% \u0110\u1eb7t c\u1ecdc v\u00e0 c\u00e2n \u0111\u1ed1i tr\u01b0\u1edbc khi giao h\u00e0ng<\/td>\n<\/tr>\n<tr>\n<td>B\u1ea3n g\u1ed1c c\u1ee7a \u0111\u1ecba \u0111i\u1ec3m<\/td>\n<td>Trung Qu\u1ed1c<\/td>\n<\/tr>\n<\/tbody>\n<\/table>\n\t<div id=\"gap-1413406737\" class=\"gap-element clearfix\" style=\"display:block; height:auto;\">\n\t\t\n<style>\n#gap-1413406737 {\n  padding-top: 30px;\n}\n<\/style>\n\t<\/div>\n\t\n<p>Ch\u00fang t\u00f4i cung c\u1ea5p c\u00e1c b\u1ea3n thi\u1ebft k\u1ebf mi\u1ec5n ph\u00ed cho c\u00e1c v\u1eadt li\u1ec7u c\u1ea7n \u0111\u1ecbnh v\u1ecb m\u1eb7t tr\u01b0\u1edbc v\u00e0 m\u1eb7t sau, ph\u00e1t hi\u1ec7n l\u1ed7i ho\u1eb7c c\u00e1c ki\u1ec3m tra kh\u00e1c. <strong>H\u00e3y li\u00ean h\u1ec7 v\u1edbi ch\u00fang t\u00f4i ngay \u0111\u1ec3 b\u1eaft \u0111\u1ea7u!<\/strong><\/p>\n\n<div class=\"wpcf7 no-js\" id=\"wpcf7-f280-o1\" lang=\"en-US\" dir=\"ltr\">\n<div class=\"screen-reader-response\"><p role=\"status\" aria-live=\"polite\" aria-atomic=\"true\"><\/p> <ul><\/ul><\/div>\n<form action=\"\/vi\/wp-json\/wp\/v2\/product\/2543#wpcf7-f280-o1\" method=\"post\" class=\"wpcf7-form init\" aria-label=\"M\u00e2u li\u00ean h\u00ea\u0323\" novalidate=\"novalidate\" data-status=\"init\" data-trp-original-action=\"\/vi\/wp-json\/wp\/v2\/product\/2543#wpcf7-f280-o1\">\n<div style=\"display: none;\">\n<input type=\"hidden\" name=\"_wpcf7\" value=\"280\" \/>\n<input type=\"hidden\" name=\"_wpcf7_version\" value=\"5.9.2\" \/>\n<input type=\"hidden\" name=\"_wpcf7_locale\" value=\"en_US\" \/>\n<input type=\"hidden\" name=\"_wpcf7_unit_tag\" value=\"wpcf7-f280-o1\" \/>\n<input type=\"hidden\" name=\"_wpcf7_container_post\" value=\"0\" \/>\n<input type=\"hidden\" name=\"_wpcf7_posted_data_hash\" value=\"\" \/>\n<\/div>\n<div class='custom_contact_style'>\n\t<div class=\"row row-small\">\n\t\t<div class=\"col medium-6 small-12 large-6\">\n\t\t\t<div class=\"col-inner\">\n\t\t\t\t<p><span class=\"wpcf7-form-control-wrap\" data-name=\"your-name\"><input size=\"40\" class=\"wpcf7-form-control wpcf7-text wpcf7-validates-as-required\" aria-required=\"true\" aria-invalid=\"false\" placeholder=\"T\u00ean*\" value=\"\" type=\"text\" name=\"your-name\" \/><\/span>\n\t\t\t\t<\/p>\n\t\t\t<\/div>\n\t\t<\/div>\n\t\t<div class=\"col medium-6 small-12 large-6\">\n\t\t\t<div class=\"col-inner\">\n\t\t\t\t<p><span class=\"wpcf7-form-control-wrap\" data-name=\"your-email\"><input size=\"40\" class=\"wpcf7-form-control wpcf7-email wpcf7-validates-as-required wpcf7-text wpcf7-validates-as-email\" aria-required=\"true\" aria-invalid=\"false\" placeholder=\"E-mail*\" value=\"\" type=\"email\" name=\"your-email\" \/><\/span>\n\t\t\t\t<\/p>\n\t\t\t<\/div>\n\t\t<\/div>\n\t<\/div>\n\t<div class='cus_contact_form_bottom'>\n\t\t<p><span class=\"wpcf7-form-control-wrap\" data-name=\"your-phone\"><input size=\"40\" class=\"wpcf7-form-control wpcf7-text\" aria-invalid=\"false\" placeholder=\"\u0110i\u1ec7n tho\u1ea1i\" value=\"\" type=\"text\" name=\"your-phone\" \/><\/span>\n\t\t<\/p>\n\t<\/div>\n\t<div class='cus_contact_form_bottom'>\n\t\t<p><span class=\"wpcf7-form-control-wrap\" data-name=\"your-country\"><input size=\"40\" class=\"wpcf7-form-control wpcf7-text\" aria-invalid=\"false\" placeholder=\"Qu\u1ed1c gia\" value=\"\" type=\"text\" name=\"your-country\" \/><\/span>\n\t\t<\/p>\n\t<\/div>\n\t<p><span class=\"wpcf7-form-control-wrap\" data-name=\"your-message\"><textarea cols=\"40\" rows=\"10\" class=\"wpcf7-form-control wpcf7-textarea wpcf7-validates-as-required\" aria-required=\"true\" aria-invalid=\"false\" placeholder=\"Tin nh\u1eafn c\u1ee7a b\u1ea1n *\" name=\"your-message\"><\/textarea><\/span>\n\t<\/p>\n\t<div style=\"margin-bottom:10px;\">\n\t\t<p><span class=\"wpcf7-form-control-wrap kc_captcha cf7ic-toggle\" data-name=\"kc_captcha\"><span class=\"wpcf7-form-control wpcf7-radio\"><span class=\"captcha-image\" style=\"display: none;\"><span class=\"cf7ic_instructions\">H\u00e3y ch\u1ee9ng minh b\u1ea1n l\u00e0 con ng\u01b0\u1eddi b\u1eb1ng c\u00e1ch ch\u1ecdn<span> star<\/span>.<\/span><label><input aria-label=\"1\" type=\"radio\" name=\"kc_captcha\" value=\"kc_human\" \/><svg aria-hidden=\"true\" role=\"img\" xmlns=\"http:\/\/www.w3.org\/2000\/svg\" viewbox=\"0 0 576 512\"><path fill=\"currentColor\" d=\"M259 18l-65 132-146 22c-26 3-37 36-18 54l106 103-25 146c-5 26 23 46 46 33l131-68 131 68c23 13 51-7 46-33l-25-146 106-103c19-18 8-51-18-54l-146-22-65-132a32 32 0 00-58 0z\"\/><\/svg><\/label><label><input aria-label=\"2\" type=\"radio\" name=\"kc_captcha\" value=\"bot\" \/><svg aria-hidden=\"true\" role=\"img\" xmlns=\"http:\/\/www.w3.org\/2000\/svg\" viewbox=\"0 0 640 512\"><path fill=\"currentColor\" d=\"M192 384h192c53 0 96-43 96-96h32a128 128 0 000-256H120c-13 0-24 11-24 24v232c0 53 43 96 96 96zM512 96a64 64 0 010 128h-32V96h32zm48 384H48c-47 0-61-64-36-64h584c25 0 11 64-36 64z\"\/><\/svg><\/label><label><input aria-label=\"3\" type=\"radio\" name=\"kc_captcha\" value=\"bot\" \/><svg aria-hidden=\"true\" role=\"img\" xmlns=\"http:\/\/www.w3.org\/2000\/svg\" viewbox=\"0 0 640 512\"><path fill=\"currentColor\" d=\"M624 352h-16V244c0-13-5-25-14-34L494 110c-9-9-21-14-34-14h-44V48c0-26-21-48-48-48H48C22 0 0 22 0 48v320c0 27 22 48 48 48h16a96 96 0 00192 0h128a96 96 0 00192 0h48c9 0 16-7 16-16v-32c0-9-7-16-16-16zM160 464a48 48 0 110-96 48 48 0 010 96zm320 0a48 48 0 110-96 48 48 0 010 96zm80-208H416V144h44l100 100v12z\"\/><\/svg><\/label>\r\n    <\/span>\r\n    <span style=\"display:none\">\r\n        <input type=\"text\" name=\"kc_honeypot\">\r\n    <\/span><\/span><\/span>\n\t\t<\/p>\n\t<\/div>\n\t<p><input class=\"wpcf7-form-control wpcf7-submit has-spinner\" type=\"submit\" value=\"G\u1eedi tin nh\u1eafn\" \/>\n\t<\/p>\n<\/div><div class=\"wpcf7-response-output\" aria-hidden=\"true\"><\/div>\n<input type=\"hidden\" name=\"trp-form-language\" value=\"vi\"\/><\/form>\n<\/div>","protected":false},"excerpt":{"rendered":"<p>Ki\u1ec3m tra th\u1ecb gi\u00e1c b\u1eb1ng b\u1ed9 n\u1ea1p rung c\u1ee7a ch\u00fang t\u00f4i cho ph\u00e9p ph\u00e2n lo\u1ea1i ph\u1edbt theo c\u00f9ng m\u1ed9t m\u1eb7t. S\u1ef1 t\u00edch h\u1ee3p n\u00e0y \u0111\u1ea3m b\u1ea3o x\u1eed l\u00fd v\u1eadt li\u1ec7u ch\u00ednh x\u00e1c v\u00e0 c\u1ea3i thi\u1ec7n hi\u1ec7u qu\u1ea3 t\u1ed5ng th\u1ec3.<\/p>","protected":false},"featured_media":2544,"comment_status":"open","ping_status":"closed","template":"","meta":[],"product_cat":[37],"product_tag":[],"yoast_head":"<!-- This site is optimized with the Yoast SEO plugin v22.2 - https:\/\/yoast.com\/wordpress\/plugins\/seo\/ -->\n<title>Vibratory Bowl Feeder with Vision Inspection Integration - SWOER<\/title>\n<meta name=\"description\" content=\"Improve seal positioning and shape-differentiating screening to increase production efficiency using our vibratory bowl feeders and vision inspection systems.\" \/>\n<meta name=\"robots\" content=\"index, follow, max-snippet:-1, max-image-preview:large, max-video-preview:-1\" \/>\n<link rel=\"canonical\" href=\"https:\/\/swoer.com\/vi\/manufacturer\/vibratory-bowl-feeder-with-vision-inspection-integration\/\" \/>\n<meta property=\"og:locale\" content=\"vi_VN\" \/>\n<meta property=\"og:type\" content=\"article\" \/>\n<meta property=\"og:title\" content=\"Vibratory Bowl Feeder with Vision Inspection Integration - SWOER\" \/>\n<meta property=\"og:description\" content=\"Improve seal positioning and shape-differentiating screening to increase production efficiency using our vibratory bowl feeders and vision inspection systems.\" \/>\n<meta property=\"og:url\" content=\"https:\/\/swoer.com\/vi\/manufacturer\/vibratory-bowl-feeder-with-vision-inspection-integration\/\" \/>\n<meta property=\"og:site_name\" content=\"SWOER\" \/>\n<meta property=\"article:modified_time\" content=\"2024-08-28T07:52:14+00:00\" \/>\n<meta property=\"og:image\" content=\"https:\/\/swoer.com\/wp-content\/uploads\/2024\/08\/Vibratory-Bowl-Feeder-with-Vision-Inspection-Integration.webp\" \/>\n\t<meta property=\"og:image:width\" content=\"1000\" \/>\n\t<meta property=\"og:image:height\" content=\"1000\" \/>\n\t<meta property=\"og:image:type\" content=\"image\/webp\" \/>\n<meta name=\"twitter:card\" content=\"summary_large_image\" \/>\n<meta name=\"twitter:label1\" content=\"\u01af\u1edbc t\u00ednh th\u1eddi gian \u0111\u1ecdc\" \/>\n\t<meta name=\"twitter:data1\" content=\"1 ph\u00fat\" \/>\n<script type=\"application\/ld+json\" class=\"yoast-schema-graph\">{\"@context\":\"https:\/\/schema.org\",\"@graph\":[{\"@type\":\"WebPage\",\"@id\":\"https:\/\/swoer.com\/manufacturer\/vibratory-bowl-feeder-with-vision-inspection-integration\/\",\"url\":\"https:\/\/swoer.com\/manufacturer\/vibratory-bowl-feeder-with-vision-inspection-integration\/\",\"name\":\"Vibratory Bowl Feeder with Vision Inspection Integration - SWOER\",\"isPartOf\":{\"@id\":\"https:\/\/swoer.com\/#website\"},\"primaryImageOfPage\":{\"@id\":\"https:\/\/swoer.com\/manufacturer\/vibratory-bowl-feeder-with-vision-inspection-integration\/#primaryimage\"},\"image\":{\"@id\":\"https:\/\/swoer.com\/manufacturer\/vibratory-bowl-feeder-with-vision-inspection-integration\/#primaryimage\"},\"thumbnailUrl\":\"https:\/\/swoer.com\/wp-content\/uploads\/2024\/08\/Vibratory-Bowl-Feeder-with-Vision-Inspection-Integration.webp\",\"datePublished\":\"2024-08-27T14:30:10+00:00\",\"dateModified\":\"2024-08-28T07:52:14+00:00\",\"description\":\"Improve seal positioning and shape-differentiating screening to increase production efficiency using our vibratory bowl feeders and vision inspection systems.\",\"breadcrumb\":{\"@id\":\"https:\/\/swoer.com\/manufacturer\/vibratory-bowl-feeder-with-vision-inspection-integration\/#breadcrumb\"},\"inLanguage\":\"vi\",\"potentialAction\":[{\"@type\":\"ReadAction\",\"target\":[\"https:\/\/swoer.com\/manufacturer\/vibratory-bowl-feeder-with-vision-inspection-integration\/\"]}]},{\"@type\":\"ImageObject\",\"inLanguage\":\"vi\",\"@id\":\"https:\/\/swoer.com\/manufacturer\/vibratory-bowl-feeder-with-vision-inspection-integration\/#primaryimage\",\"url\":\"https:\/\/swoer.com\/wp-content\/uploads\/2024\/08\/Vibratory-Bowl-Feeder-with-Vision-Inspection-Integration.webp\",\"contentUrl\":\"https:\/\/swoer.com\/wp-content\/uploads\/2024\/08\/Vibratory-Bowl-Feeder-with-Vision-Inspection-Integration.webp\",\"width\":1000,\"height\":1000,\"caption\":\"Vibratory Bowl Feeder with Vision Inspection Integration\"},{\"@type\":\"BreadcrumbList\",\"@id\":\"https:\/\/swoer.com\/manufacturer\/vibratory-bowl-feeder-with-vision-inspection-integration\/#breadcrumb\",\"itemListElement\":[{\"@type\":\"ListItem\",\"position\":1,\"name\":\"Home\",\"item\":\"https:\/\/swoer.com\/\"},{\"@type\":\"ListItem\",\"position\":2,\"name\":\"Shop\",\"item\":\"https:\/\/swoer.com\/shop\/\"},{\"@type\":\"ListItem\",\"position\":3,\"name\":\"Vibratory Bowl Feeder with Vision Inspection Integration\"}]},{\"@type\":\"WebSite\",\"@id\":\"https:\/\/swoer.com\/#website\",\"url\":\"https:\/\/swoer.com\/\",\"name\":\"SWOER\",\"description\":\"Swoer is the top 3 vibratory bowl feeder manufacturer in China\",\"potentialAction\":[{\"@type\":\"SearchAction\",\"target\":{\"@type\":\"EntryPoint\",\"urlTemplate\":\"https:\/\/swoer.com\/?s={search_term_string}\"},\"query-input\":\"required name=search_term_string\"}],\"inLanguage\":\"vi\"}]}<\/script>\n<!-- \/ Yoast SEO plugin. -->","yoast_head_json":{"title":"Vibratory Bowl Feeder with Vision Inspection Integration - SWOER","description":"Improve seal positioning and shape-differentiating screening to increase production efficiency using our vibratory bowl feeders and vision inspection systems.","robots":{"index":"index","follow":"follow","max-snippet":"max-snippet:-1","max-image-preview":"max-image-preview:large","max-video-preview":"max-video-preview:-1"},"canonical":"https:\/\/swoer.com\/vi\/manufacturer\/vibratory-bowl-feeder-with-vision-inspection-integration\/","og_locale":"vi_VN","og_type":"article","og_title":"Vibratory Bowl Feeder with Vision Inspection Integration - SWOER","og_description":"Improve seal positioning and shape-differentiating screening to increase production efficiency using our vibratory bowl feeders and vision inspection systems.","og_url":"https:\/\/swoer.com\/vi\/manufacturer\/vibratory-bowl-feeder-with-vision-inspection-integration\/","og_site_name":"SWOER","article_modified_time":"2024-08-28T07:52:14+00:00","og_image":[{"width":1000,"height":1000,"url":"https:\/\/swoer.com\/wp-content\/uploads\/2024\/08\/Vibratory-Bowl-Feeder-with-Vision-Inspection-Integration.webp","type":"image\/webp"}],"twitter_card":"summary_large_image","twitter_misc":{"\u01af\u1edbc t\u00ednh th\u1eddi gian \u0111\u1ecdc":"1 ph\u00fat"},"schema":{"@context":"https:\/\/schema.org","@graph":[{"@type":"WebPage","@id":"https:\/\/swoer.com\/manufacturer\/vibratory-bowl-feeder-with-vision-inspection-integration\/","url":"https:\/\/swoer.com\/manufacturer\/vibratory-bowl-feeder-with-vision-inspection-integration\/","name":"Vibratory Bowl Feeder with Vision Inspection Integration - SWOER","isPartOf":{"@id":"https:\/\/swoer.com\/#website"},"primaryImageOfPage":{"@id":"https:\/\/swoer.com\/manufacturer\/vibratory-bowl-feeder-with-vision-inspection-integration\/#primaryimage"},"image":{"@id":"https:\/\/swoer.com\/manufacturer\/vibratory-bowl-feeder-with-vision-inspection-integration\/#primaryimage"},"thumbnailUrl":"https:\/\/swoer.com\/wp-content\/uploads\/2024\/08\/Vibratory-Bowl-Feeder-with-Vision-Inspection-Integration.webp","datePublished":"2024-08-27T14:30:10+00:00","dateModified":"2024-08-28T07:52:14+00:00","description":"Improve seal positioning and shape-differentiating screening to increase production efficiency using our vibratory bowl feeders and vision inspection systems.","breadcrumb":{"@id":"https:\/\/swoer.com\/manufacturer\/vibratory-bowl-feeder-with-vision-inspection-integration\/#breadcrumb"},"inLanguage":"vi","potentialAction":[{"@type":"ReadAction","target":["https:\/\/swoer.com\/manufacturer\/vibratory-bowl-feeder-with-vision-inspection-integration\/"]}]},{"@type":"ImageObject","inLanguage":"vi","@id":"https:\/\/swoer.com\/manufacturer\/vibratory-bowl-feeder-with-vision-inspection-integration\/#primaryimage","url":"https:\/\/swoer.com\/wp-content\/uploads\/2024\/08\/Vibratory-Bowl-Feeder-with-Vision-Inspection-Integration.webp","contentUrl":"https:\/\/swoer.com\/wp-content\/uploads\/2024\/08\/Vibratory-Bowl-Feeder-with-Vision-Inspection-Integration.webp","width":1000,"height":1000,"caption":"Vibratory Bowl Feeder with Vision Inspection Integration"},{"@type":"BreadcrumbList","@id":"https:\/\/swoer.com\/manufacturer\/vibratory-bowl-feeder-with-vision-inspection-integration\/#breadcrumb","itemListElement":[{"@type":"ListItem","position":1,"name":"Home","item":"https:\/\/swoer.com\/"},{"@type":"ListItem","position":2,"name":"Shop","item":"https:\/\/swoer.com\/shop\/"},{"@type":"ListItem","position":3,"name":"Vibratory Bowl Feeder with Vision Inspection Integration"}]},{"@type":"WebSite","@id":"https:\/\/swoer.com\/#website","url":"https:\/\/swoer.com\/","name":"SWOER","description":"Swoer is the top 3 vibratory bowl feeder manufacturer in China","potentialAction":[{"@type":"SearchAction","target":{"@type":"EntryPoint","urlTemplate":"https:\/\/swoer.com\/?s={search_term_string}"},"query-input":"required name=search_term_string"}],"inLanguage":"vi"}]}},"_links":{"self":[{"href":"https:\/\/swoer.com\/vi\/wp-json\/wp\/v2\/product\/2543"}],"collection":[{"href":"https:\/\/swoer.com\/vi\/wp-json\/wp\/v2\/product"}],"about":[{"href":"https:\/\/swoer.com\/vi\/wp-json\/wp\/v2\/types\/product"}],"replies":[{"embeddable":true,"href":"https:\/\/swoer.com\/vi\/wp-json\/wp\/v2\/comments?post=2543"}],"wp:featuredmedia":[{"embeddable":true,"href":"https:\/\/swoer.com\/vi\/wp-json\/wp\/v2\/media\/2544"}],"wp:attachment":[{"href":"https:\/\/swoer.com\/vi\/wp-json\/wp\/v2\/media?parent=2543"}],"wp:term":[{"taxonomy":"product_cat","embeddable":true,"href":"https:\/\/swoer.com\/vi\/wp-json\/wp\/v2\/product_cat?post=2543"},{"taxonomy":"product_tag","embeddable":true,"href":"https:\/\/swoer.com\/vi\/wp-json\/wp\/v2\/product_tag?post=2543"}],"curies":[{"name":"wp","href":"https:\/\/api.w.org\/{rel}","templated":true}]}}