{"id":2359,"date":"2024-07-20T01:21:42","date_gmt":"2024-07-20T01:21:42","guid":{"rendered":"https:\/\/swoer.com\/?post_type=product&#038;p=2359"},"modified":"2024-08-01T09:03:55","modified_gmt":"2024-08-01T01:03:55","slug":"vibratory-bowl-feeding-unit-base-sw-c460","status":"publish","type":"product","link":"https:\/\/swoer.com\/vi\/manufacturer\/vibratory-bowl-feeding-unit-base-sw-c460\/","title":{"rendered":"\u0110\u1ebf B\u1ed9 \u0102n B\u00e1t Rung SW-C460"},"content":{"rendered":"<section class=\"section\" id=\"section_1829455452\">\n\t\t<div class=\"bg section-bg fill bg-fill  bg-loaded\" >\n\n\t\t\t\n\t\t\t\n\t\t\t\n\n\t\t<\/div>\n\n\t\t\n\n\t\t<div class=\"section-content relative\">\n\t\t\t\n<h2>Th\u00f4ng s\u1ed1 s\u1ea3n ph\u1ea9m<\/h2>\n<table style=\"border-collapse: collapse; width: 418.52pt;\" border=\"0\" width=\"558\" cellspacing=\"0\" cellpadding=\"0\">\n<tbody>\n<tr style=\"height: 27.00pt;\">\n<td class=\"et3\" style=\"height: 27.00pt; width: 143.25pt;\" width=\"191\" height=\"36\">Ng\u01b0\u1eddi m\u1eabu<\/td>\n<td class=\"et3\" style=\"width: 275.25pt;\" width=\"367\">SW-C460<\/td>\n<\/tr>\n<tr style=\"height: 27.00pt;\">\n<td class=\"et3\" style=\"height: 27.00pt;\" height=\"36\">\u0110i\u1ec7n \u00e1p \u0111\u1ecbnh m\u1ee9c<\/td>\n<td class=\"et3\">220V<\/td>\n<\/tr>\n<tr style=\"height: 27.00pt;\">\n<td class=\"et3\" style=\"height: 27.00pt;\" height=\"36\">T\u00ednh th\u01b0\u1eddng xuy\u00ean<\/td>\n<td class=\"et3\">50Hz<\/td>\n<\/tr>\n<tr style=\"height: 27.00pt;\">\n<td class=\"et3\" style=\"height: 27.00pt;\" height=\"36\">\u0110\u00e1nh gi\u00e1 hi\u1ec7n t\u1ea1i<\/td>\n<td class=\"et3\">7.2A<\/td>\n<\/tr>\n<tr style=\"height: 27.00pt;\">\n<td class=\"et3\" style=\"height: 27.00pt;\" height=\"36\">C\u01a1 th\u1ec3 t\u1ed1i \u0111a<\/td>\n<td class=\"et3\">720mm<\/td>\n<\/tr>\n<tr style=\"height: 27.00pt;\">\n<td class=\"et3\" style=\"height: 27.00pt;\" height=\"36\">T\u1ea3i t\u1ed1i \u0111a<\/td>\n<td class=\"et3\">28Kg<\/td>\n<\/tr>\n<tr style=\"height: 27.00pt;\">\n<td class=\"et3\" style=\"height: 27.00pt;\" height=\"36\">B\u1ed9 \u0111i\u1ec1u khi\u1ec3n \u00e1p d\u1ee5ng<\/td>\n<td class=\"et3\">B\u1ed9 \u0111i\u1ec1u khi\u1ec3n t\u1ea7n s\u1ed1 6A<\/td>\n<\/tr>\n<tr style=\"height: 27.00pt;\">\n<td class=\"et3\" style=\"height: 27.00pt;\" height=\"36\">L\u00f2 xo l\u00e1 \u00e1p d\u1ee5ng<\/td>\n<td class=\"et3\">SW-50CRVA-136x35<\/td>\n<\/tr>\n<tr style=\"height: 27.00pt;\">\n<td class=\"et3\" style=\"height: 27.00pt;\" height=\"36\">S\u1ed1 rung<\/td>\n<td class=\"et3\">50-200Hz<\/td>\n<\/tr>\n<tr style=\"height: 27.00pt;\">\n<td class=\"et4\" style=\"height: 54.00pt;\" rowspan=\"2\" height=\"72\">Tr\u1ecdng l\u01b0\u1ee3ng c\u01a1 b\u1ea3n<\/td>\n<td class=\"et4\">103kg\/Lo\u1ea1i c\u01a1 b\u1ea3n, c\u00f3 silo ph\u1ee5 b\u00ean trong th\u00e2n<\/td>\n<\/tr>\n<tr style=\"height: 27.00pt;\">\n<td class=\"et4\">114kg \/ V\u1edbi kho\u1ea3ng c\u00e1ch th\u1ea5p, c\u00f3 m\u1eb7t b\u00edch g\u1eafn th\u00e2n m\u00e1y<\/td>\n<\/tr>\n<\/tbody>\n<\/table>\n<h2>K\u00edch th\u01b0\u1edbc SW-C460<\/h2>\n\t<div class=\"img has-hover x md-x lg-x y md-y lg-y\" id=\"image_267880632\">\n\t\t\t\t\t\t\t\t<div class=\"img-inner dark\" >\n\t\t\t<img loading=\"lazy\" decoding=\"async\" width=\"833\" height=\"618\" src=\"https:\/\/swoer.com\/wp-content\/uploads\/2024\/07\/SW-C460-Dimensions.webp\" class=\"attachment-original size-original\" alt=\"K\u00edch th\u01b0\u1edbc SW-C460\" srcset=\"https:\/\/swoer.com\/wp-content\/uploads\/2024\/07\/SW-C460-Dimensions.webp 833w, https:\/\/swoer.com\/wp-content\/uploads\/2024\/07\/SW-C460-Dimensions-300x223.webp 300w, https:\/\/swoer.com\/wp-content\/uploads\/2024\/07\/SW-C460-Dimensions-768x570.webp 768w, https:\/\/swoer.com\/wp-content\/uploads\/2024\/07\/SW-C460-Dimensions-16x12.webp 16w, https:\/\/swoer.com\/wp-content\/uploads\/2024\/07\/SW-C460-Dimensions-600x445.webp 600w\" sizes=\"(max-width: 833px) 100vw, 833px\" \/>\t\t\t\t\t\t\n\t\t\t\t\t<\/div>\n\t\t\t\t\t\t\t\t\n<style>\n#image_267880632 {\n  width: 62%;\n}\n<\/style>\n\t<\/div>\n\t\n\t\t<\/div>\n\n\t\t\n<style>\n#section_1829455452 {\n  padding-top: 30px;\n  padding-bottom: 30px;\n}\n#section_1829455452 .ux-shape-divider--top svg {\n  height: 150px;\n  --divider-top-width: 100%;\n}\n#section_1829455452 .ux-shape-divider--bottom svg {\n  height: 150px;\n  --divider-width: 100%;\n}\n<\/style>\n\t<\/section>","protected":false},"excerpt":{"rendered":"<p>\u0110\u1ebf b\u1ed9 c\u1ea5p li\u1ec7u b\u1eb1ng b\u00e1t rung SW-C460 ho\u1ea1t \u0111\u1ed9ng hi\u1ec7u qu\u1ea3 v\u00e0 b\u1ec1n b\u1ec9 v\u1edbi \u0111\u01b0\u1eddng k\u00ednh 720mm v\u00e0 kh\u1ea3 n\u0103ng ch\u1ecbu t\u1ea3i 28kg. N\u00f3 h\u1ed7 tr\u1ee3 rung 50-200Hz, n\u1eb7ng 103kg v\u00e0 t\u01b0\u01a1ng th\u00edch v\u1edbi B\u1ed9 \u0111i\u1ec1u khi\u1ec3n t\u1ea7n s\u1ed1 6A.<\/p>","protected":false},"featured_media":2360,"comment_status":"open","ping_status":"closed","template":"","meta":[],"product_cat":[46],"product_tag":[],"yoast_head":"<!-- This site is optimized with the Yoast SEO plugin v22.2 - https:\/\/yoast.com\/wordpress\/plugins\/seo\/ -->\n<title>Vibratory Bowl Feeding Unit Base SW-C460 - SWOER<\/title>\n<meta name=\"description\" content=\"Optimize your automation processes with the SW-C460 Vibratory Bowl Feeding Unit Base. Featuring a robust design, this unit ensures high performance and reliability for various industrial applications.\" \/>\n<meta name=\"robots\" content=\"index, follow, max-snippet:-1, max-image-preview:large, max-video-preview:-1\" \/>\n<link rel=\"canonical\" href=\"https:\/\/swoer.com\/vi\/manufacturer\/vibratory-bowl-feeding-unit-base-sw-c460\/\" \/>\n<meta property=\"og:locale\" content=\"vi_VN\" \/>\n<meta property=\"og:type\" content=\"article\" \/>\n<meta property=\"og:title\" content=\"Vibratory Bowl Feeding Unit Base SW-C460 - SWOER\" \/>\n<meta property=\"og:description\" content=\"Optimize your automation processes with the SW-C460 Vibratory Bowl Feeding Unit Base. Featuring a robust design, this unit ensures high performance and reliability for various industrial applications.\" \/>\n<meta property=\"og:url\" content=\"https:\/\/swoer.com\/vi\/manufacturer\/vibratory-bowl-feeding-unit-base-sw-c460\/\" \/>\n<meta property=\"og:site_name\" content=\"SWOER\" \/>\n<meta property=\"article:modified_time\" content=\"2024-08-01T01:03:55+00:00\" \/>\n<meta property=\"og:image\" content=\"https:\/\/swoer.com\/wp-content\/uploads\/2024\/07\/Vibratory-Bowl-Feeding-Unit-Base-SW-C460.webp\" \/>\n\t<meta property=\"og:image:width\" content=\"1000\" \/>\n\t<meta property=\"og:image:height\" content=\"1000\" \/>\n\t<meta property=\"og:image:type\" content=\"image\/webp\" \/>\n<meta name=\"twitter:card\" content=\"summary_large_image\" \/>\n<meta name=\"twitter:label1\" content=\"\u01af\u1edbc t\u00ednh th\u1eddi gian \u0111\u1ecdc\" \/>\n\t<meta name=\"twitter:data1\" content=\"1 ph\u00fat\" \/>\n<script type=\"application\/ld+json\" class=\"yoast-schema-graph\">{\"@context\":\"https:\/\/schema.org\",\"@graph\":[{\"@type\":\"WebPage\",\"@id\":\"https:\/\/swoer.com\/manufacturer\/vibratory-bowl-feeding-unit-base-sw-c460\/\",\"url\":\"https:\/\/swoer.com\/manufacturer\/vibratory-bowl-feeding-unit-base-sw-c460\/\",\"name\":\"Vibratory Bowl Feeding Unit Base SW-C460 - SWOER\",\"isPartOf\":{\"@id\":\"https:\/\/swoer.com\/#website\"},\"primaryImageOfPage\":{\"@id\":\"https:\/\/swoer.com\/manufacturer\/vibratory-bowl-feeding-unit-base-sw-c460\/#primaryimage\"},\"image\":{\"@id\":\"https:\/\/swoer.com\/manufacturer\/vibratory-bowl-feeding-unit-base-sw-c460\/#primaryimage\"},\"thumbnailUrl\":\"https:\/\/swoer.com\/wp-content\/uploads\/2024\/07\/Vibratory-Bowl-Feeding-Unit-Base-SW-C460.webp\",\"datePublished\":\"2024-07-20T01:21:42+00:00\",\"dateModified\":\"2024-08-01T01:03:55+00:00\",\"description\":\"Optimize your automation processes with the SW-C460 Vibratory Bowl Feeding Unit Base. Featuring a robust design, this unit ensures high performance and reliability for various industrial applications.\",\"breadcrumb\":{\"@id\":\"https:\/\/swoer.com\/manufacturer\/vibratory-bowl-feeding-unit-base-sw-c460\/#breadcrumb\"},\"inLanguage\":\"vi\",\"potentialAction\":[{\"@type\":\"ReadAction\",\"target\":[\"https:\/\/swoer.com\/manufacturer\/vibratory-bowl-feeding-unit-base-sw-c460\/\"]}]},{\"@type\":\"ImageObject\",\"inLanguage\":\"vi\",\"@id\":\"https:\/\/swoer.com\/manufacturer\/vibratory-bowl-feeding-unit-base-sw-c460\/#primaryimage\",\"url\":\"https:\/\/swoer.com\/wp-content\/uploads\/2024\/07\/Vibratory-Bowl-Feeding-Unit-Base-SW-C460.webp\",\"contentUrl\":\"https:\/\/swoer.com\/wp-content\/uploads\/2024\/07\/Vibratory-Bowl-Feeding-Unit-Base-SW-C460.webp\",\"width\":1000,\"height\":1000,\"caption\":\"Vibratory Bowl Feeding Unit Base SW-C460\"},{\"@type\":\"BreadcrumbList\",\"@id\":\"https:\/\/swoer.com\/manufacturer\/vibratory-bowl-feeding-unit-base-sw-c460\/#breadcrumb\",\"itemListElement\":[{\"@type\":\"ListItem\",\"position\":1,\"name\":\"Home\",\"item\":\"https:\/\/swoer.com\/\"},{\"@type\":\"ListItem\",\"position\":2,\"name\":\"Shop\",\"item\":\"https:\/\/swoer.com\/shop\/\"},{\"@type\":\"ListItem\",\"position\":3,\"name\":\"Vibratory Bowl Feeding Unit Base SW-C460\"}]},{\"@type\":\"WebSite\",\"@id\":\"https:\/\/swoer.com\/#website\",\"url\":\"https:\/\/swoer.com\/\",\"name\":\"SWOER\",\"description\":\"Swoer is the top 3 vibratory bowl feeder manufacturer in China\",\"potentialAction\":[{\"@type\":\"SearchAction\",\"target\":{\"@type\":\"EntryPoint\",\"urlTemplate\":\"https:\/\/swoer.com\/?s={search_term_string}\"},\"query-input\":\"required name=search_term_string\"}],\"inLanguage\":\"vi\"}]}<\/script>\n<!-- \/ Yoast SEO plugin. -->","yoast_head_json":{"title":"Vibratory Bowl Feeding Unit Base SW-C460 - SWOER","description":"Optimize your automation processes with the SW-C460 Vibratory Bowl Feeding Unit Base. Featuring a robust design, this unit ensures high performance and reliability for various industrial applications.","robots":{"index":"index","follow":"follow","max-snippet":"max-snippet:-1","max-image-preview":"max-image-preview:large","max-video-preview":"max-video-preview:-1"},"canonical":"https:\/\/swoer.com\/vi\/manufacturer\/vibratory-bowl-feeding-unit-base-sw-c460\/","og_locale":"vi_VN","og_type":"article","og_title":"Vibratory Bowl Feeding Unit Base SW-C460 - SWOER","og_description":"Optimize your automation processes with the SW-C460 Vibratory Bowl Feeding Unit Base. Featuring a robust design, this unit ensures high performance and reliability for various industrial applications.","og_url":"https:\/\/swoer.com\/vi\/manufacturer\/vibratory-bowl-feeding-unit-base-sw-c460\/","og_site_name":"SWOER","article_modified_time":"2024-08-01T01:03:55+00:00","og_image":[{"width":1000,"height":1000,"url":"https:\/\/swoer.com\/wp-content\/uploads\/2024\/07\/Vibratory-Bowl-Feeding-Unit-Base-SW-C460.webp","type":"image\/webp"}],"twitter_card":"summary_large_image","twitter_misc":{"\u01af\u1edbc t\u00ednh th\u1eddi gian \u0111\u1ecdc":"1 ph\u00fat"},"schema":{"@context":"https:\/\/schema.org","@graph":[{"@type":"WebPage","@id":"https:\/\/swoer.com\/manufacturer\/vibratory-bowl-feeding-unit-base-sw-c460\/","url":"https:\/\/swoer.com\/manufacturer\/vibratory-bowl-feeding-unit-base-sw-c460\/","name":"Vibratory Bowl Feeding Unit Base SW-C460 - SWOER","isPartOf":{"@id":"https:\/\/swoer.com\/#website"},"primaryImageOfPage":{"@id":"https:\/\/swoer.com\/manufacturer\/vibratory-bowl-feeding-unit-base-sw-c460\/#primaryimage"},"image":{"@id":"https:\/\/swoer.com\/manufacturer\/vibratory-bowl-feeding-unit-base-sw-c460\/#primaryimage"},"thumbnailUrl":"https:\/\/swoer.com\/wp-content\/uploads\/2024\/07\/Vibratory-Bowl-Feeding-Unit-Base-SW-C460.webp","datePublished":"2024-07-20T01:21:42+00:00","dateModified":"2024-08-01T01:03:55+00:00","description":"Optimize your automation processes with the SW-C460 Vibratory Bowl Feeding Unit Base. Featuring a robust design, this unit ensures high performance and reliability for various industrial applications.","breadcrumb":{"@id":"https:\/\/swoer.com\/manufacturer\/vibratory-bowl-feeding-unit-base-sw-c460\/#breadcrumb"},"inLanguage":"vi","potentialAction":[{"@type":"ReadAction","target":["https:\/\/swoer.com\/manufacturer\/vibratory-bowl-feeding-unit-base-sw-c460\/"]}]},{"@type":"ImageObject","inLanguage":"vi","@id":"https:\/\/swoer.com\/manufacturer\/vibratory-bowl-feeding-unit-base-sw-c460\/#primaryimage","url":"https:\/\/swoer.com\/wp-content\/uploads\/2024\/07\/Vibratory-Bowl-Feeding-Unit-Base-SW-C460.webp","contentUrl":"https:\/\/swoer.com\/wp-content\/uploads\/2024\/07\/Vibratory-Bowl-Feeding-Unit-Base-SW-C460.webp","width":1000,"height":1000,"caption":"Vibratory Bowl Feeding Unit Base SW-C460"},{"@type":"BreadcrumbList","@id":"https:\/\/swoer.com\/manufacturer\/vibratory-bowl-feeding-unit-base-sw-c460\/#breadcrumb","itemListElement":[{"@type":"ListItem","position":1,"name":"Home","item":"https:\/\/swoer.com\/"},{"@type":"ListItem","position":2,"name":"Shop","item":"https:\/\/swoer.com\/shop\/"},{"@type":"ListItem","position":3,"name":"Vibratory Bowl Feeding Unit Base SW-C460"}]},{"@type":"WebSite","@id":"https:\/\/swoer.com\/#website","url":"https:\/\/swoer.com\/","name":"SWOER","description":"Swoer is the top 3 vibratory bowl feeder manufacturer in China","potentialAction":[{"@type":"SearchAction","target":{"@type":"EntryPoint","urlTemplate":"https:\/\/swoer.com\/?s={search_term_string}"},"query-input":"required name=search_term_string"}],"inLanguage":"vi"}]}},"_links":{"self":[{"href":"https:\/\/swoer.com\/vi\/wp-json\/wp\/v2\/product\/2359"}],"collection":[{"href":"https:\/\/swoer.com\/vi\/wp-json\/wp\/v2\/product"}],"about":[{"href":"https:\/\/swoer.com\/vi\/wp-json\/wp\/v2\/types\/product"}],"replies":[{"embeddable":true,"href":"https:\/\/swoer.com\/vi\/wp-json\/wp\/v2\/comments?post=2359"}],"wp:featuredmedia":[{"embeddable":true,"href":"https:\/\/swoer.com\/vi\/wp-json\/wp\/v2\/media\/2360"}],"wp:attachment":[{"href":"https:\/\/swoer.com\/vi\/wp-json\/wp\/v2\/media?parent=2359"}],"wp:term":[{"taxonomy":"product_cat","embeddable":true,"href":"https:\/\/swoer.com\/vi\/wp-json\/wp\/v2\/product_cat?post=2359"},{"taxonomy":"product_tag","embeddable":true,"href":"https:\/\/swoer.com\/vi\/wp-json\/wp\/v2\/product_tag?post=2359"}],"curies":[{"name":"wp","href":"https:\/\/api.w.org\/{rel}","templated":true}]}}