{"id":2350,"date":"2024-07-18T05:57:58","date_gmt":"2024-07-18T05:57:58","guid":{"rendered":"https:\/\/swoer.com\/?post_type=product&#038;p=2350"},"modified":"2024-08-07T09:20:40","modified_gmt":"2024-08-07T01:20:40","slug":"vibratory-feeding-system-base-sw-c320","status":"publish","type":"product","link":"https:\/\/swoer.com\/vi\/manufacturer\/vibratory-feeding-system-base-sw-c320\/","title":{"rendered":"\u0110\u1ebf h\u1ec7 th\u1ed1ng c\u1ea5p li\u1ec7u rung SW-C320"},"content":{"rendered":"<section class=\"section\" id=\"section_1026930049\">\n\t\t<div class=\"bg section-bg fill bg-fill  bg-loaded\" >\n\n\t\t\t\n\t\t\t\n\t\t\t\n\n\t\t<\/div>\n\n\t\t\n\n\t\t<div class=\"section-content relative\">\n\t\t\t\n<h2>Th\u00f4ng s\u1ed1 s\u1ea3n ph\u1ea9m<\/h2>\n<table style=\"border-collapse: collapse; width: 418.52pt;\" border=\"0\" width=\"558\" cellspacing=\"0\" cellpadding=\"0\">\n<tbody>\n<tr style=\"height: 27.00pt;\">\n<td class=\"et3\" style=\"height: 27.00pt; width: 143.25pt;\" width=\"191\" height=\"36\">Ng\u01b0\u1eddi m\u1eabu<\/td>\n<td class=\"et3\" style=\"width: 275.25pt;\" width=\"367\">SW-C320<\/td>\n<\/tr>\n<tr style=\"height: 27.00pt;\">\n<td class=\"et3\" style=\"height: 27.00pt;\" height=\"36\">\u0110i\u1ec7n \u00e1p \u0111\u1ecbnh m\u1ee9c<\/td>\n<td class=\"et3\">220V<\/td>\n<\/tr>\n<tr style=\"height: 27.00pt;\">\n<td class=\"et3\" style=\"height: 27.00pt;\" height=\"36\">T\u00ednh th\u01b0\u1eddng xuy\u00ean<\/td>\n<td class=\"et3\">50Hz<\/td>\n<\/tr>\n<tr style=\"height: 27.00pt;\">\n<td class=\"et3\" style=\"height: 27.00pt;\" height=\"36\">\u0110\u00e1nh gi\u00e1 hi\u1ec7n t\u1ea1i<\/td>\n<td class=\"et3\">5,4A<\/td>\n<\/tr>\n<tr style=\"height: 27.00pt;\">\n<td class=\"et3\" style=\"height: 27.00pt;\" height=\"36\">C\u01a1 th\u1ec3 t\u1ed1i \u0111a<\/td>\n<td class=\"et3\">590mm<\/td>\n<\/tr>\n<tr style=\"height: 27.00pt;\">\n<td class=\"et3\" style=\"height: 27.00pt;\" height=\"36\">T\u1ea3i t\u1ed1i \u0111a<\/td>\n<td class=\"et3\">18Kg<\/td>\n<\/tr>\n<tr style=\"height: 27.00pt;\">\n<td class=\"et3\" style=\"height: 27.00pt;\" height=\"36\">B\u1ed9 \u0111i\u1ec1u khi\u1ec3n \u00e1p d\u1ee5ng<\/td>\n<td class=\"et3\">B\u1ed9 \u0111i\u1ec1u khi\u1ec3n t\u1ea7n s\u1ed1 6A<\/td>\n<\/tr>\n<tr style=\"height: 27.00pt;\">\n<td class=\"et3\" style=\"height: 27.00pt;\" height=\"36\">L\u00f2 xo l\u00e1 \u00e1p d\u1ee5ng<\/td>\n<td class=\"et3\">SW-50CRVA-136x35<\/td>\n<\/tr>\n<tr style=\"height: 27.00pt;\">\n<td class=\"et3\" style=\"height: 27.00pt;\" height=\"36\">S\u1ed1 rung<\/td>\n<td class=\"et3\">50-200Hz<\/td>\n<\/tr>\n<tr style=\"height: 27.00pt;\">\n<td class=\"et4\" style=\"height: 54.00pt;\" rowspan=\"2\" height=\"72\">Tr\u1ecdng l\u01b0\u1ee3ng c\u01a1 b\u1ea3n<\/td>\n<td class=\"et4\">70kg\/Lo\u1ea1i c\u01a1 b\u1ea3n, c\u00f3 silo ph\u1ee5 b\u00ean trong th\u00e2n<\/td>\n<\/tr>\n<tr style=\"height: 27.00pt;\">\n<td class=\"et4\">78kg \/ V\u1edbi kho\u1ea3ng c\u00e1ch th\u1ea5p, c\u00f3 m\u1eb7t b\u00edch g\u1eafn th\u00e2n m\u00e1y<\/td>\n<\/tr>\n<\/tbody>\n<\/table>\n\t<div id=\"gap-1755153554\" class=\"gap-element clearfix\" style=\"display:block; height:auto;\">\n\t\t\n<style>\n#gap-1755153554 {\n  padding-top: 30px;\n}\n<\/style>\n\t<\/div>\n\t\n<h2>K\u00edch th\u01b0\u1edbc SW-320<\/h2>\n\t<div class=\"img has-hover x md-x lg-x y md-y lg-y\" id=\"image_820920329\">\n\t\t\t\t\t\t\t\t<div class=\"img-inner dark\" >\n\t\t\t<img loading=\"lazy\" decoding=\"async\" width=\"833\" height=\"618\" src=\"https:\/\/swoer.com\/wp-content\/uploads\/2024\/07\/SW-320-Dimensions.webp\" class=\"attachment-original size-original\" alt=\"K\u00edch th\u01b0\u1edbc SW-320\" srcset=\"https:\/\/swoer.com\/wp-content\/uploads\/2024\/07\/SW-320-Dimensions.webp 833w, https:\/\/swoer.com\/wp-content\/uploads\/2024\/07\/SW-320-Dimensions-300x223.webp 300w, https:\/\/swoer.com\/wp-content\/uploads\/2024\/07\/SW-320-Dimensions-768x570.webp 768w, https:\/\/swoer.com\/wp-content\/uploads\/2024\/07\/SW-320-Dimensions-16x12.webp 16w, https:\/\/swoer.com\/wp-content\/uploads\/2024\/07\/SW-320-Dimensions-600x445.webp 600w\" sizes=\"(max-width: 833px) 100vw, 833px\" \/>\t\t\t\t\t\t\n\t\t\t\t\t<\/div>\n\t\t\t\t\t\t\t\t\n<style>\n#image_820920329 {\n  width: 62%;\n}\n<\/style>\n\t<\/div>\n\t\n\t\t<\/div>\n\n\t\t\n<style>\n#section_1026930049 {\n  padding-top: 30px;\n  padding-bottom: 30px;\n}\n#section_1026930049 .ux-shape-divider--top svg {\n  height: 150px;\n  --divider-top-width: 100%;\n}\n#section_1026930049 .ux-shape-divider--bottom svg {\n  height: 150px;\n  --divider-width: 100%;\n}\n<\/style>\n\t<\/section>","protected":false},"excerpt":{"rendered":"<p>H\u1ec7 th\u1ed1ng c\u1ea5p li\u1ec7u rung SW-320 c\u01a1 s\u1edf l\u00e0 m\u1ed9t h\u1ec7 th\u1ed1ng c\u1ea5p li\u1ec7u linh ho\u1ea1t v\u00e0 m\u1ea1nh m\u1ebd, c\u00f3 th\u1ec3 \u0111\u01b0\u1ee3c s\u1eed d\u1ee5ng \u0111\u1ec3 x\u1eed l\u00fd nhi\u1ec1u lo\u1ea1i v\u1eadt li\u1ec7u, bao g\u1ed3m c\u00e1c b\u1ed9 ph\u1eadn nh\u1ecf, b\u1ed9t v\u00e0 v\u1eadt li\u1ec7u d\u1ea1ng h\u1ea1t. SW-320 l\u00fd t\u01b0\u1edfng \u0111\u1ec3 s\u1eed d\u1ee5ng trong d\u00e2y chuy\u1ec1n l\u1eafp r\u00e1p, m\u00e1y \u0111\u00f3ng g\u00f3i v\u00e0 c\u00e1c \u1ee9ng d\u1ee5ng c\u00f4ng nghi\u1ec7p kh\u00e1c.<\/p>","protected":false},"featured_media":2351,"comment_status":"open","ping_status":"closed","template":"","meta":[],"product_cat":[46],"product_tag":[],"yoast_head":"<!-- This site is optimized with the Yoast SEO plugin v22.2 - https:\/\/yoast.com\/wordpress\/plugins\/seo\/ -->\n<title>Vibratory Feeding System Base SW-C320 - SWOER<\/title>\n<meta name=\"description\" content=\"Enhance material handling with the SW-C320 Vibratory Feeding System. Durable, reliable, and efficient for a wide range of industrial applications.\" \/>\n<meta name=\"robots\" content=\"index, follow, max-snippet:-1, max-image-preview:large, max-video-preview:-1\" \/>\n<link rel=\"canonical\" href=\"https:\/\/swoer.com\/vi\/manufacturer\/vibratory-feeding-system-base-sw-c320\/\" \/>\n<meta property=\"og:locale\" content=\"vi_VN\" \/>\n<meta property=\"og:type\" content=\"article\" \/>\n<meta property=\"og:title\" content=\"Vibratory Feeding System Base SW-C320 - SWOER\" \/>\n<meta property=\"og:description\" content=\"Enhance material handling with the SW-C320 Vibratory Feeding System. Durable, reliable, and efficient for a wide range of industrial applications.\" \/>\n<meta property=\"og:url\" content=\"https:\/\/swoer.com\/vi\/manufacturer\/vibratory-feeding-system-base-sw-c320\/\" \/>\n<meta property=\"og:site_name\" content=\"SWOER\" \/>\n<meta property=\"article:modified_time\" content=\"2024-08-07T01:20:40+00:00\" \/>\n<meta property=\"og:image\" content=\"https:\/\/swoer.com\/wp-content\/uploads\/2024\/07\/Vibratory-Feeding-System-Base-SW-320.webp\" \/>\n\t<meta property=\"og:image:width\" content=\"1000\" \/>\n\t<meta property=\"og:image:height\" content=\"1000\" \/>\n\t<meta property=\"og:image:type\" content=\"image\/webp\" \/>\n<meta name=\"twitter:card\" content=\"summary_large_image\" \/>\n<meta name=\"twitter:label1\" content=\"\u01af\u1edbc t\u00ednh th\u1eddi gian \u0111\u1ecdc\" \/>\n\t<meta name=\"twitter:data1\" content=\"1 ph\u00fat\" \/>\n<script type=\"application\/ld+json\" class=\"yoast-schema-graph\">{\"@context\":\"https:\/\/schema.org\",\"@graph\":[{\"@type\":\"WebPage\",\"@id\":\"https:\/\/swoer.com\/manufacturer\/vibratory-feeding-system-base-sw-c320\/\",\"url\":\"https:\/\/swoer.com\/manufacturer\/vibratory-feeding-system-base-sw-c320\/\",\"name\":\"Vibratory Feeding System Base SW-C320 - SWOER\",\"isPartOf\":{\"@id\":\"https:\/\/swoer.com\/#website\"},\"primaryImageOfPage\":{\"@id\":\"https:\/\/swoer.com\/manufacturer\/vibratory-feeding-system-base-sw-c320\/#primaryimage\"},\"image\":{\"@id\":\"https:\/\/swoer.com\/manufacturer\/vibratory-feeding-system-base-sw-c320\/#primaryimage\"},\"thumbnailUrl\":\"https:\/\/swoer.com\/wp-content\/uploads\/2024\/07\/Vibratory-Feeding-System-Base-SW-320.webp\",\"datePublished\":\"2024-07-18T05:57:58+00:00\",\"dateModified\":\"2024-08-07T01:20:40+00:00\",\"description\":\"Enhance material handling with the SW-C320 Vibratory Feeding System. Durable, reliable, and efficient for a wide range of industrial applications.\",\"breadcrumb\":{\"@id\":\"https:\/\/swoer.com\/manufacturer\/vibratory-feeding-system-base-sw-c320\/#breadcrumb\"},\"inLanguage\":\"vi\",\"potentialAction\":[{\"@type\":\"ReadAction\",\"target\":[\"https:\/\/swoer.com\/manufacturer\/vibratory-feeding-system-base-sw-c320\/\"]}]},{\"@type\":\"ImageObject\",\"inLanguage\":\"vi\",\"@id\":\"https:\/\/swoer.com\/manufacturer\/vibratory-feeding-system-base-sw-c320\/#primaryimage\",\"url\":\"https:\/\/swoer.com\/wp-content\/uploads\/2024\/07\/Vibratory-Feeding-System-Base-SW-320.webp\",\"contentUrl\":\"https:\/\/swoer.com\/wp-content\/uploads\/2024\/07\/Vibratory-Feeding-System-Base-SW-320.webp\",\"width\":1000,\"height\":1000,\"caption\":\"Vibratory Feeding System Base SW-320\"},{\"@type\":\"BreadcrumbList\",\"@id\":\"https:\/\/swoer.com\/manufacturer\/vibratory-feeding-system-base-sw-c320\/#breadcrumb\",\"itemListElement\":[{\"@type\":\"ListItem\",\"position\":1,\"name\":\"Home\",\"item\":\"https:\/\/swoer.com\/\"},{\"@type\":\"ListItem\",\"position\":2,\"name\":\"Shop\",\"item\":\"https:\/\/swoer.com\/shop\/\"},{\"@type\":\"ListItem\",\"position\":3,\"name\":\"Vibratory Feeding System Base SW-C320\"}]},{\"@type\":\"WebSite\",\"@id\":\"https:\/\/swoer.com\/#website\",\"url\":\"https:\/\/swoer.com\/\",\"name\":\"SWOER\",\"description\":\"Swoer is the top 3 vibratory bowl feeder manufacturer in China\",\"potentialAction\":[{\"@type\":\"SearchAction\",\"target\":{\"@type\":\"EntryPoint\",\"urlTemplate\":\"https:\/\/swoer.com\/?s={search_term_string}\"},\"query-input\":\"required name=search_term_string\"}],\"inLanguage\":\"vi\"}]}<\/script>\n<!-- \/ Yoast SEO plugin. -->","yoast_head_json":{"title":"Vibratory Feeding System Base SW-C320 - SWOER","description":"Enhance material handling with the SW-C320 Vibratory Feeding System. Durable, reliable, and efficient for a wide range of industrial applications.","robots":{"index":"index","follow":"follow","max-snippet":"max-snippet:-1","max-image-preview":"max-image-preview:large","max-video-preview":"max-video-preview:-1"},"canonical":"https:\/\/swoer.com\/vi\/manufacturer\/vibratory-feeding-system-base-sw-c320\/","og_locale":"vi_VN","og_type":"article","og_title":"Vibratory Feeding System Base SW-C320 - SWOER","og_description":"Enhance material handling with the SW-C320 Vibratory Feeding System. Durable, reliable, and efficient for a wide range of industrial applications.","og_url":"https:\/\/swoer.com\/vi\/manufacturer\/vibratory-feeding-system-base-sw-c320\/","og_site_name":"SWOER","article_modified_time":"2024-08-07T01:20:40+00:00","og_image":[{"width":1000,"height":1000,"url":"https:\/\/swoer.com\/wp-content\/uploads\/2024\/07\/Vibratory-Feeding-System-Base-SW-320.webp","type":"image\/webp"}],"twitter_card":"summary_large_image","twitter_misc":{"\u01af\u1edbc t\u00ednh th\u1eddi gian \u0111\u1ecdc":"1 ph\u00fat"},"schema":{"@context":"https:\/\/schema.org","@graph":[{"@type":"WebPage","@id":"https:\/\/swoer.com\/manufacturer\/vibratory-feeding-system-base-sw-c320\/","url":"https:\/\/swoer.com\/manufacturer\/vibratory-feeding-system-base-sw-c320\/","name":"Vibratory Feeding System Base SW-C320 - SWOER","isPartOf":{"@id":"https:\/\/swoer.com\/#website"},"primaryImageOfPage":{"@id":"https:\/\/swoer.com\/manufacturer\/vibratory-feeding-system-base-sw-c320\/#primaryimage"},"image":{"@id":"https:\/\/swoer.com\/manufacturer\/vibratory-feeding-system-base-sw-c320\/#primaryimage"},"thumbnailUrl":"https:\/\/swoer.com\/wp-content\/uploads\/2024\/07\/Vibratory-Feeding-System-Base-SW-320.webp","datePublished":"2024-07-18T05:57:58+00:00","dateModified":"2024-08-07T01:20:40+00:00","description":"Enhance material handling with the SW-C320 Vibratory Feeding System. Durable, reliable, and efficient for a wide range of industrial applications.","breadcrumb":{"@id":"https:\/\/swoer.com\/manufacturer\/vibratory-feeding-system-base-sw-c320\/#breadcrumb"},"inLanguage":"vi","potentialAction":[{"@type":"ReadAction","target":["https:\/\/swoer.com\/manufacturer\/vibratory-feeding-system-base-sw-c320\/"]}]},{"@type":"ImageObject","inLanguage":"vi","@id":"https:\/\/swoer.com\/manufacturer\/vibratory-feeding-system-base-sw-c320\/#primaryimage","url":"https:\/\/swoer.com\/wp-content\/uploads\/2024\/07\/Vibratory-Feeding-System-Base-SW-320.webp","contentUrl":"https:\/\/swoer.com\/wp-content\/uploads\/2024\/07\/Vibratory-Feeding-System-Base-SW-320.webp","width":1000,"height":1000,"caption":"Vibratory Feeding System Base SW-320"},{"@type":"BreadcrumbList","@id":"https:\/\/swoer.com\/manufacturer\/vibratory-feeding-system-base-sw-c320\/#breadcrumb","itemListElement":[{"@type":"ListItem","position":1,"name":"Home","item":"https:\/\/swoer.com\/"},{"@type":"ListItem","position":2,"name":"Shop","item":"https:\/\/swoer.com\/shop\/"},{"@type":"ListItem","position":3,"name":"Vibratory Feeding System Base SW-C320"}]},{"@type":"WebSite","@id":"https:\/\/swoer.com\/#website","url":"https:\/\/swoer.com\/","name":"SWOER","description":"Swoer is the top 3 vibratory bowl feeder manufacturer in China","potentialAction":[{"@type":"SearchAction","target":{"@type":"EntryPoint","urlTemplate":"https:\/\/swoer.com\/?s={search_term_string}"},"query-input":"required name=search_term_string"}],"inLanguage":"vi"}]}},"_links":{"self":[{"href":"https:\/\/swoer.com\/vi\/wp-json\/wp\/v2\/product\/2350"}],"collection":[{"href":"https:\/\/swoer.com\/vi\/wp-json\/wp\/v2\/product"}],"about":[{"href":"https:\/\/swoer.com\/vi\/wp-json\/wp\/v2\/types\/product"}],"replies":[{"embeddable":true,"href":"https:\/\/swoer.com\/vi\/wp-json\/wp\/v2\/comments?post=2350"}],"wp:featuredmedia":[{"embeddable":true,"href":"https:\/\/swoer.com\/vi\/wp-json\/wp\/v2\/media\/2351"}],"wp:attachment":[{"href":"https:\/\/swoer.com\/vi\/wp-json\/wp\/v2\/media?parent=2350"}],"wp:term":[{"taxonomy":"product_cat","embeddable":true,"href":"https:\/\/swoer.com\/vi\/wp-json\/wp\/v2\/product_cat?post=2350"},{"taxonomy":"product_tag","embeddable":true,"href":"https:\/\/swoer.com\/vi\/wp-json\/wp\/v2\/product_tag?post=2350"}],"curies":[{"name":"wp","href":"https:\/\/api.w.org\/{rel}","templated":true}]}}