{"id":2342,"date":"2024-07-16T06:33:36","date_gmt":"2024-07-16T06:33:36","guid":{"rendered":"https:\/\/swoer.com\/?post_type=product&#038;p=2342"},"modified":"2024-07-20T00:26:08","modified_gmt":"2024-07-20T00:26:08","slug":"vibratory-bowl-feeder-base-sw-c230","status":"publish","type":"product","link":"https:\/\/swoer.com\/vi\/manufacturer\/vibratory-bowl-feeder-base-sw-c230\/","title":{"rendered":"\u0110\u1ebf n\u1ea1p b\u00e1t rung SW-C230"},"content":{"rendered":"<section class=\"section\" id=\"section_1850221991\">\n\t\t<div class=\"bg section-bg fill bg-fill  bg-loaded\" >\n\n\t\t\t\n\t\t\t\n\t\t\t\n\n\t\t<\/div>\n\n\t\t\n\n\t\t<div class=\"section-content relative\">\n\t\t\t\n<h2>Th\u00f4ng s\u1ed1 s\u1ea3n ph\u1ea9m<\/h2>\n<table style=\"border-collapse: collapse; width: 418.52pt;\" border=\"0\" width=\"558\" cellspacing=\"0\" cellpadding=\"0\">\n<tbody>\n<tr style=\"height: 27.00pt;\">\n<td class=\"et3\" style=\"height: 27.00pt; width: 143.25pt;\" width=\"191\" height=\"36\">Ng\u01b0\u1eddi m\u1eabu<\/td>\n<td class=\"et3\" style=\"width: 275.25pt;\" width=\"367\">SW-C230<\/td>\n<\/tr>\n<tr style=\"height: 27.00pt;\">\n<td class=\"et3\" style=\"height: 27.00pt;\" height=\"36\">\u0110i\u1ec7n \u00e1p \u0111\u1ecbnh m\u1ee9c<\/td>\n<td class=\"et3\">220V<\/td>\n<\/tr>\n<tr style=\"height: 27.00pt;\">\n<td class=\"et3\" style=\"height: 27.00pt;\" height=\"36\">T\u00ednh th\u01b0\u1eddng xuy\u00ean<\/td>\n<td class=\"et3\">50Hz<\/td>\n<\/tr>\n<tr style=\"height: 27.00pt;\">\n<td class=\"et3\" style=\"height: 27.00pt;\" height=\"36\">\u0110\u00e1nh gi\u00e1 hi\u1ec7n t\u1ea1i<\/td>\n<td class=\"et3\">3,4A<\/td>\n<\/tr>\n<tr style=\"height: 27.00pt;\">\n<td class=\"et3\" style=\"height: 27.00pt;\" height=\"36\">C\u01a1 th\u1ec3 t\u1ed1i \u0111a<\/td>\n<td class=\"et3\">410mm<\/td>\n<\/tr>\n<tr style=\"height: 27.00pt;\">\n<td class=\"et3\" style=\"height: 27.00pt;\" height=\"36\">T\u1ea3i t\u1ed1i \u0111a<\/td>\n<td class=\"et3\">7,5kg<\/td>\n<\/tr>\n<tr style=\"height: 27.00pt;\">\n<td class=\"et3\" style=\"height: 27.00pt;\" height=\"36\">B\u1ed9 \u0111i\u1ec1u khi\u1ec3n \u00e1p d\u1ee5ng<\/td>\n<td class=\"et3\">B\u1ed9 \u0111i\u1ec1u khi\u1ec3n t\u1ea7n s\u1ed1 3A<\/td>\n<\/tr>\n<tr style=\"height: 27.00pt;\">\n<td class=\"et3\" style=\"height: 27.00pt;\" height=\"36\">L\u00f2 xo l\u00e1 \u00e1p d\u1ee5ng<\/td>\n<td class=\"et3\">SW-50CRVA-106x35<\/td>\n<\/tr>\n<tr style=\"height: 27.00pt;\">\n<td class=\"et3\" style=\"height: 27.00pt;\" height=\"36\">S\u1ed1 rung<\/td>\n<td class=\"et3\">50-200Hz<\/td>\n<\/tr>\n<tr style=\"height: 27.00pt;\">\n<td class=\"et4\" style=\"height: 54.00pt;\" rowspan=\"2\" height=\"72\">Tr\u1ecdng l\u01b0\u1ee3ng c\u01a1 b\u1ea3n<\/td>\n<td class=\"et4\">28kg\/Lo\u1ea1i c\u01a1 b\u1ea3n, c\u00f3 silo ph\u1ee5 b\u00ean trong th\u00e2n<\/td>\n<\/tr>\n<tr style=\"height: 27.00pt;\">\n<td class=\"et4\">30kg \/ V\u1edbi kho\u1ea3ng c\u00e1ch th\u1ea5p, c\u00f3 m\u1eb7t b\u00edch l\u1eafp th\u00e2n<\/td>\n<\/tr>\n<\/tbody>\n<\/table>\n\t<div id=\"gap-1698179686\" class=\"gap-element clearfix\" style=\"display:block; height:auto;\">\n\t\t\n<style>\n#gap-1698179686 {\n  padding-top: 30px;\n}\n<\/style>\n\t<\/div>\n\t\n<h2>K\u00edch th\u01b0\u1edbc SW-C230<\/h2>\n\t<div class=\"img has-hover x md-x lg-x y md-y lg-y\" id=\"image_408787463\">\n\t\t\t\t\t\t\t\t<div class=\"img-inner dark\" >\n\t\t\t<img loading=\"lazy\" decoding=\"async\" width=\"833\" height=\"618\" src=\"https:\/\/swoer.com\/wp-content\/uploads\/2024\/07\/SW-C230-Dimensions.jpg\" class=\"attachment-original size-original\" alt=\"K\u00edch th\u01b0\u1edbc SW-C230\" srcset=\"https:\/\/swoer.com\/wp-content\/uploads\/2024\/07\/SW-C230-Dimensions.jpg 833w, https:\/\/swoer.com\/wp-content\/uploads\/2024\/07\/SW-C230-Dimensions-300x223.jpg 300w, https:\/\/swoer.com\/wp-content\/uploads\/2024\/07\/SW-C230-Dimensions-768x570.jpg 768w, https:\/\/swoer.com\/wp-content\/uploads\/2024\/07\/SW-C230-Dimensions-16x12.jpg 16w, https:\/\/swoer.com\/wp-content\/uploads\/2024\/07\/SW-C230-Dimensions-600x445.jpg 600w\" sizes=\"(max-width: 833px) 100vw, 833px\" \/>\t\t\t\t\t\t\n\t\t\t\t\t<\/div>\n\t\t\t\t\t\t\t\t\n<style>\n#image_408787463 {\n  width: 70%;\n}\n<\/style>\n\t<\/div>\n\t\n\t\t<\/div>\n\n\t\t\n<style>\n#section_1850221991 {\n  padding-top: 30px;\n  padding-bottom: 30px;\n}\n#section_1850221991 .ux-shape-divider--top svg {\n  height: 150px;\n  --divider-top-width: 100%;\n}\n#section_1850221991 .ux-shape-divider--bottom svg {\n  height: 150px;\n  --divider-width: 100%;\n}\n<\/style>\n\t<\/section>","protected":false},"excerpt":{"rendered":"<p>\u0110\u1ebf n\u1ea1p b\u00e1t rung SW-C230 l\u00e0 gi\u1ea3i ph\u00e1p linh ho\u1ea1t v\u00e0 \u0111\u00e1ng tin c\u1eady cho c\u00e1c \u1ee9ng d\u1ee5ng x\u1eed l\u00fd v\u1eadt li\u1ec7u r\u1eddi. C\u1ea5u tr\u00fac ch\u1eafc ch\u1eafn v\u00e0 kh\u1ea3 n\u0103ng ki\u1ec3m so\u00e1t \u0111\u1ed9 rung ch\u00ednh x\u00e1c c\u1ee7a n\u00f3 \u0111\u1ea3m b\u1ea3o d\u00f2ng nguy\u00ean li\u1ec7u \u1ed5n \u0111\u1ecbnh v\u00e0 hi\u1ec7u qu\u1ea3. B\u1ed9 n\u1ea1p r\u1ea5t d\u1ec5 c\u00e0i \u0111\u1eb7t v\u00e0 v\u1eadn h\u00e0nh, \u0111\u1ed3ng th\u1eddi c\u00f3 th\u1ec3 t\u00f9y ch\u1ec9nh \u0111\u1ec3 \u0111\u00e1p \u1ee9ng nhu c\u1ea7u c\u1ee5 th\u1ec3 cho \u1ee9ng d\u1ee5ng c\u1ee7a b\u1ea1n.<\/p>","protected":false},"featured_media":2343,"comment_status":"open","ping_status":"closed","template":"","meta":[],"product_cat":[46],"product_tag":[],"yoast_head":"<!-- This site is optimized with the Yoast SEO plugin v22.2 - https:\/\/yoast.com\/wordpress\/plugins\/seo\/ -->\n<title>Vibratory Bowl Feeder Base SW-C230 - SWOER<\/title>\n<meta name=\"description\" content=\"SW-C230: Efficient, precise vibratory feeder. Ideal for food, pharma, electronics. Durable, customizable. Contact us.\" \/>\n<meta name=\"robots\" content=\"index, follow, max-snippet:-1, max-image-preview:large, max-video-preview:-1\" \/>\n<link rel=\"canonical\" href=\"https:\/\/swoer.com\/vi\/manufacturer\/vibratory-bowl-feeder-base-sw-c230\/\" \/>\n<meta property=\"og:locale\" content=\"vi_VN\" \/>\n<meta property=\"og:type\" content=\"article\" \/>\n<meta property=\"og:title\" content=\"Vibratory Bowl Feeder Base SW-C230 - SWOER\" \/>\n<meta property=\"og:description\" content=\"SW-C230: Efficient, precise vibratory feeder. Ideal for food, pharma, electronics. Durable, customizable. Contact us.\" \/>\n<meta property=\"og:url\" content=\"https:\/\/swoer.com\/vi\/manufacturer\/vibratory-bowl-feeder-base-sw-c230\/\" \/>\n<meta property=\"og:site_name\" content=\"SWOER\" \/>\n<meta property=\"article:modified_time\" content=\"2024-07-20T00:26:08+00:00\" \/>\n<meta property=\"og:image\" content=\"https:\/\/swoer.com\/wp-content\/uploads\/2024\/07\/Vibratory-Bowl-Feeder-Base-SW-C230.jpg\" \/>\n\t<meta property=\"og:image:width\" content=\"1000\" \/>\n\t<meta property=\"og:image:height\" content=\"1000\" \/>\n\t<meta property=\"og:image:type\" content=\"image\/jpeg\" \/>\n<meta name=\"twitter:card\" content=\"summary_large_image\" \/>\n<meta name=\"twitter:label1\" content=\"\u01af\u1edbc t\u00ednh th\u1eddi gian \u0111\u1ecdc\" \/>\n\t<meta name=\"twitter:data1\" content=\"1 ph\u00fat\" \/>\n<script type=\"application\/ld+json\" class=\"yoast-schema-graph\">{\"@context\":\"https:\/\/schema.org\",\"@graph\":[{\"@type\":\"WebPage\",\"@id\":\"https:\/\/swoer.com\/manufacturer\/vibratory-bowl-feeder-base-sw-c230\/\",\"url\":\"https:\/\/swoer.com\/manufacturer\/vibratory-bowl-feeder-base-sw-c230\/\",\"name\":\"Vibratory Bowl Feeder Base SW-C230 - SWOER\",\"isPartOf\":{\"@id\":\"https:\/\/swoer.com\/#website\"},\"primaryImageOfPage\":{\"@id\":\"https:\/\/swoer.com\/manufacturer\/vibratory-bowl-feeder-base-sw-c230\/#primaryimage\"},\"image\":{\"@id\":\"https:\/\/swoer.com\/manufacturer\/vibratory-bowl-feeder-base-sw-c230\/#primaryimage\"},\"thumbnailUrl\":\"https:\/\/swoer.com\/wp-content\/uploads\/2024\/07\/Vibratory-Bowl-Feeder-Base-SW-C230.jpg\",\"datePublished\":\"2024-07-16T06:33:36+00:00\",\"dateModified\":\"2024-07-20T00:26:08+00:00\",\"description\":\"SW-C230: Efficient, precise vibratory feeder. Ideal for food, pharma, electronics. Durable, customizable. Contact us.\",\"breadcrumb\":{\"@id\":\"https:\/\/swoer.com\/manufacturer\/vibratory-bowl-feeder-base-sw-c230\/#breadcrumb\"},\"inLanguage\":\"vi\",\"potentialAction\":[{\"@type\":\"ReadAction\",\"target\":[\"https:\/\/swoer.com\/manufacturer\/vibratory-bowl-feeder-base-sw-c230\/\"]}]},{\"@type\":\"ImageObject\",\"inLanguage\":\"vi\",\"@id\":\"https:\/\/swoer.com\/manufacturer\/vibratory-bowl-feeder-base-sw-c230\/#primaryimage\",\"url\":\"https:\/\/swoer.com\/wp-content\/uploads\/2024\/07\/Vibratory-Bowl-Feeder-Base-SW-C230.jpg\",\"contentUrl\":\"https:\/\/swoer.com\/wp-content\/uploads\/2024\/07\/Vibratory-Bowl-Feeder-Base-SW-C230.jpg\",\"width\":1000,\"height\":1000,\"caption\":\"Vibratory Bowl Feeder Base SW-C230\"},{\"@type\":\"BreadcrumbList\",\"@id\":\"https:\/\/swoer.com\/manufacturer\/vibratory-bowl-feeder-base-sw-c230\/#breadcrumb\",\"itemListElement\":[{\"@type\":\"ListItem\",\"position\":1,\"name\":\"Home\",\"item\":\"https:\/\/swoer.com\/\"},{\"@type\":\"ListItem\",\"position\":2,\"name\":\"Shop\",\"item\":\"https:\/\/swoer.com\/shop\/\"},{\"@type\":\"ListItem\",\"position\":3,\"name\":\"Vibratory Bowl Feeder Base SW-C230\"}]},{\"@type\":\"WebSite\",\"@id\":\"https:\/\/swoer.com\/#website\",\"url\":\"https:\/\/swoer.com\/\",\"name\":\"SWOER\",\"description\":\"Swoer is the top 3 vibratory bowl feeder manufacturer in China\",\"potentialAction\":[{\"@type\":\"SearchAction\",\"target\":{\"@type\":\"EntryPoint\",\"urlTemplate\":\"https:\/\/swoer.com\/?s={search_term_string}\"},\"query-input\":\"required name=search_term_string\"}],\"inLanguage\":\"vi\"}]}<\/script>\n<!-- \/ Yoast SEO plugin. -->","yoast_head_json":{"title":"Vibratory Bowl Feeder Base SW-C230 - SWOER","description":"SW-C230: Efficient, precise vibratory feeder. Ideal for food, pharma, electronics. Durable, customizable. Contact us.","robots":{"index":"index","follow":"follow","max-snippet":"max-snippet:-1","max-image-preview":"max-image-preview:large","max-video-preview":"max-video-preview:-1"},"canonical":"https:\/\/swoer.com\/vi\/manufacturer\/vibratory-bowl-feeder-base-sw-c230\/","og_locale":"vi_VN","og_type":"article","og_title":"Vibratory Bowl Feeder Base SW-C230 - SWOER","og_description":"SW-C230: Efficient, precise vibratory feeder. Ideal for food, pharma, electronics. Durable, customizable. Contact us.","og_url":"https:\/\/swoer.com\/vi\/manufacturer\/vibratory-bowl-feeder-base-sw-c230\/","og_site_name":"SWOER","article_modified_time":"2024-07-20T00:26:08+00:00","og_image":[{"width":1000,"height":1000,"url":"https:\/\/swoer.com\/wp-content\/uploads\/2024\/07\/Vibratory-Bowl-Feeder-Base-SW-C230.jpg","type":"image\/jpeg"}],"twitter_card":"summary_large_image","twitter_misc":{"\u01af\u1edbc t\u00ednh th\u1eddi gian \u0111\u1ecdc":"1 ph\u00fat"},"schema":{"@context":"https:\/\/schema.org","@graph":[{"@type":"WebPage","@id":"https:\/\/swoer.com\/manufacturer\/vibratory-bowl-feeder-base-sw-c230\/","url":"https:\/\/swoer.com\/manufacturer\/vibratory-bowl-feeder-base-sw-c230\/","name":"Vibratory Bowl Feeder Base SW-C230 - SWOER","isPartOf":{"@id":"https:\/\/swoer.com\/#website"},"primaryImageOfPage":{"@id":"https:\/\/swoer.com\/manufacturer\/vibratory-bowl-feeder-base-sw-c230\/#primaryimage"},"image":{"@id":"https:\/\/swoer.com\/manufacturer\/vibratory-bowl-feeder-base-sw-c230\/#primaryimage"},"thumbnailUrl":"https:\/\/swoer.com\/wp-content\/uploads\/2024\/07\/Vibratory-Bowl-Feeder-Base-SW-C230.jpg","datePublished":"2024-07-16T06:33:36+00:00","dateModified":"2024-07-20T00:26:08+00:00","description":"SW-C230: Efficient, precise vibratory feeder. Ideal for food, pharma, electronics. Durable, customizable. Contact us.","breadcrumb":{"@id":"https:\/\/swoer.com\/manufacturer\/vibratory-bowl-feeder-base-sw-c230\/#breadcrumb"},"inLanguage":"vi","potentialAction":[{"@type":"ReadAction","target":["https:\/\/swoer.com\/manufacturer\/vibratory-bowl-feeder-base-sw-c230\/"]}]},{"@type":"ImageObject","inLanguage":"vi","@id":"https:\/\/swoer.com\/manufacturer\/vibratory-bowl-feeder-base-sw-c230\/#primaryimage","url":"https:\/\/swoer.com\/wp-content\/uploads\/2024\/07\/Vibratory-Bowl-Feeder-Base-SW-C230.jpg","contentUrl":"https:\/\/swoer.com\/wp-content\/uploads\/2024\/07\/Vibratory-Bowl-Feeder-Base-SW-C230.jpg","width":1000,"height":1000,"caption":"Vibratory Bowl Feeder Base SW-C230"},{"@type":"BreadcrumbList","@id":"https:\/\/swoer.com\/manufacturer\/vibratory-bowl-feeder-base-sw-c230\/#breadcrumb","itemListElement":[{"@type":"ListItem","position":1,"name":"Home","item":"https:\/\/swoer.com\/"},{"@type":"ListItem","position":2,"name":"Shop","item":"https:\/\/swoer.com\/shop\/"},{"@type":"ListItem","position":3,"name":"Vibratory Bowl Feeder Base SW-C230"}]},{"@type":"WebSite","@id":"https:\/\/swoer.com\/#website","url":"https:\/\/swoer.com\/","name":"SWOER","description":"Swoer is the top 3 vibratory bowl feeder manufacturer in China","potentialAction":[{"@type":"SearchAction","target":{"@type":"EntryPoint","urlTemplate":"https:\/\/swoer.com\/?s={search_term_string}"},"query-input":"required name=search_term_string"}],"inLanguage":"vi"}]}},"_links":{"self":[{"href":"https:\/\/swoer.com\/vi\/wp-json\/wp\/v2\/product\/2342"}],"collection":[{"href":"https:\/\/swoer.com\/vi\/wp-json\/wp\/v2\/product"}],"about":[{"href":"https:\/\/swoer.com\/vi\/wp-json\/wp\/v2\/types\/product"}],"replies":[{"embeddable":true,"href":"https:\/\/swoer.com\/vi\/wp-json\/wp\/v2\/comments?post=2342"}],"wp:featuredmedia":[{"embeddable":true,"href":"https:\/\/swoer.com\/vi\/wp-json\/wp\/v2\/media\/2343"}],"wp:attachment":[{"href":"https:\/\/swoer.com\/vi\/wp-json\/wp\/v2\/media?parent=2342"}],"wp:term":[{"taxonomy":"product_cat","embeddable":true,"href":"https:\/\/swoer.com\/vi\/wp-json\/wp\/v2\/product_cat?post=2342"},{"taxonomy":"product_tag","embeddable":true,"href":"https:\/\/swoer.com\/vi\/wp-json\/wp\/v2\/product_tag?post=2342"}],"curies":[{"name":"wp","href":"https:\/\/api.w.org\/{rel}","templated":true}]}}