{"id":2332,"date":"2024-07-11T02:33:28","date_gmt":"2024-07-11T02:33:28","guid":{"rendered":"https:\/\/swoer.com\/?post_type=product&#038;p=2332"},"modified":"2024-08-16T12:01:29","modified_gmt":"2024-08-16T04:01:29","slug":"vibratory-hopper-controller-sdvc311-m","status":"publish","type":"product","link":"https:\/\/swoer.com\/vi\/manufacturer\/vibratory-hopper-controller-sdvc311-m\/","title":{"rendered":"B\u1ed9 \u0111i\u1ec1u khi\u1ec3n ph\u1ec5u rung SDVC311-M"},"content":{"rendered":"<h2>T\u00ednh n\u0103ng s\u1ea3n ph\u1ea9m<\/h2>\n<p>B\u1ed9 \u0111i\u1ec1u khi\u1ec3n c\u1ea5p rung \u0111i\u1ec1u ch\u1ebf t\u1ea7n s\u1ed1 k\u1ef9 thu\u1eadt s\u1ed1 d\u00f2ng SDVC311 l\u00e0 b\u1ed9 \u0111i\u1ec1u khi\u1ec3n \u0111\u1ea7u ra ph\u1ed5 bi\u1ebfn, nh\u1ecf g\u1ecdn mang l\u1ea1i hi\u1ec7u su\u1ea5t \u0111\u1ed9c \u0111\u00e1o v\u1edbi c\u00f4ng ngh\u1ec7 \u0111i\u1ec7n t\u1eed m\u1edbi nh\u1ea5t v\u00e0 thi\u1ebft k\u1ebf c\u1ea9n th\u1eadn. C\u00e1c t\u00ednh n\u0103ng ch\u00ednh bao g\u1ed3m:<\/p>\n<ul>\n<li><strong>D\u1ea3i t\u1ea7n s\u1ed1 \u0111\u1ea7u ra:<\/strong> 5,0Hz \u0111\u1ebfn 400,0Hz v\u1edbi \u0111\u1ed9 ch\u00ednh x\u00e1c 0,1Hz.<\/li>\n<li><strong>Ch\u1ee9c n\u0103ng phanh:<\/strong> Nhanh ch\u00f3ng d\u1eebng t\u1ea5m rung b\u1eb1ng c\u00e1ch d\u1ecbch chuy\u1ec3n d\u00f2ng \u0111i\u1ec7n 180\u00b0 trong qu\u00e1 tr\u00ecnh \u0111\u00f3ng ch\u1eadm.<\/li>\n<li>C\u1ed5ng quang \u0111i\u1ec7n th\u00f4ng minh h\u1ed7 tr\u1ee3 c\u1ea3m bi\u1ebfn quang \u0111i\u1ec7n, c\u1ea3m bi\u1ebfn chuy\u1ec3n m\u1ea1ch NPN ho\u1eb7c PNP.<\/li>\n<li>C\u1ed5ng d\u1eebng v\u1eadt li\u1ec7u \u0111\u1ea7y \u0111\u1ee7 h\u1ed7 tr\u1ee3 c\u00e1c lo\u1ea1i NPN, PNP ho\u1eb7c th\u00edch \u1ee9ng t\u1ef1 \u0111\u1ed9ng.<\/li>\n<li>C\u1ed5ng \u0111\u1ea7u ra \u0111i\u1ec1u khi\u1ec3n h\u1ed7 tr\u1ee3 ch\u1ebf \u0111\u1ed9 \u0111\u1ea7u ra NPN, PNP ho\u1eb7c k\u00e9o \u0111\u1ea9y.<\/li>\n<li><strong>Ch\u1ee9c n\u0103ng b\u1ea3o v\u1ec7 to\u00e0n di\u1ec7n:<\/strong> b\u1ea3o v\u1ec7 ng\u1eafn m\u1ea1ch cho \u0111\u1ea7u ra ch\u00ednh, b\u1ea3o v\u1ec7 qu\u00e1 d\u00f2ng, b\u1ea3o v\u1ec7 qu\u00e1 nhi\u1ec7t, b\u1ea3o v\u1ec7 thi\u1ebfu \u0111i\u1ec7n \u00e1p\/qu\u00e1 \u00e1p ngu\u1ed3n \u0111i\u1ec7n, b\u1ea3o v\u1ec7 ng\u1eafn m\u1ea1ch \u0111\u1ea7u ra \u0111i\u1ec1u khi\u1ec3n, b\u1ea3o v\u1ec7 ng\u1eafn m\u1ea1ch \u0111\u1ea7u ra 24V, b\u1ea3o v\u1ec7 ng\u1eafn m\u1ea1ch \u0111\u1ea7u ra 5V \u0111i\u1ec1u khi\u1ec3n t\u1ed1c \u0111\u1ed9.<\/li>\n<\/ul>\n<p><strong>So v\u1edbi b\u1ed9 \u0111i\u1ec1u khi\u1ec3n SDVC31-M, s\u1ea3n ph\u1ea9m n\u00e0y cho th\u1ea5y nh\u1eefng c\u1ea3i ti\u1ebfn hi\u1ec7u su\u1ea5t \u0111\u00e1ng k\u1ec3:<\/strong><\/p>\n<ol>\n<li>T\u1ea7n s\u1ed1 \u0111\u1ea7u ra t\u0103ng t\u1eeb 40,0-400,0Hz.<\/li>\n<li>\u0110\u1ed9 tr\u1ec5 b\u1eadt\/t\u1eaft t\u1ed1i \u0111a cho c\u00e1c c\u1ed5ng d\u1eebng quang \u0111i\u1ec7n th\u00f4ng minh v\u00e0 to\u00e0n b\u1ed9 v\u1eadt li\u1ec7u t\u0103ng t\u1eeb 20,0 gi\u00e2y l\u00ean 99,9 gi\u00e2y.<\/li>\n<li>Ch\u1ee9c n\u0103ng \u0111\u00f3ng ch\u1eadm m\u1edbi: 0,0 ~ 10,0 gi\u00e2y \u0111\u1ec3 d\u1eebng t\u1ea5m rung t\u1eeb t\u1eeb.<\/li>\n<li>Ch\u1ee9c n\u0103ng phanh m\u1edbi: 0 ~ 100 chu k\u1ef3 phanh \u0111\u1ec3 nhanh ch\u00f3ng d\u1eebng t\u1ea5m rung.<\/li>\n<li>\u0110\u00e3 th\u00eam h\u1ed7 tr\u1ee3 c\u1ea3m bi\u1ebfn PNP cho c\u1ed5ng quang \u0111i\u1ec7n th\u00f4ng minh.<\/li>\n<li>\u0110\u00e3 n\u00e2ng c\u1ea5p to\u00e0n b\u1ed9 c\u1ed5ng d\u1eebng v\u1eadt li\u1ec7u t\u1eeb l\u1ef1a ch\u1ecdn NPN v\u00e0 PNP sang c\u00e0i \u0111\u1eb7t ph\u1ea7n m\u1ec1m, bao g\u1ed3m c\u1ea3 ch\u1ebf \u0111\u1ed9 t\u1ef1 \u0111\u1ed9ng.<\/li>\n<li>C\u1ed5ng \u0111\u1ea7u ra \u0111i\u1ec1u khi\u1ec3n \u0111\u01b0\u1ee3c n\u00e2ng c\u1ea5p t\u1eeb \u0111\u1ea7u ra NPN l\u00ean c\u00e1c ch\u1ebf \u0111\u1ed9 NPN, PNP v\u00e0 k\u00e9o \u0111\u1ea9y.<\/li>\n<li>\u0110\u1ed9 tr\u1ec5 b\u1eadt\/t\u1eaft c\u1ed5ng \u0111\u1ea7u ra \u0111i\u1ec1u khi\u1ec3n m\u1edbi: 0,0 ~ 99,9 gi\u00e2y.<\/li>\n<li>Ch\u1ebf \u0111\u1ed9 \u0111\u1ea7u ra \u0111i\u1ec1u khi\u1ec3n m\u1edbi: ch\u1ebf \u0111\u1ed9 tr\u1ec5 v\u00e0 ch\u1ebf \u0111\u1ed9 gi\u1eef.<\/li>\n<li>Ch\u1ee9c n\u0103ng \u0111o m\u1edbi \u0111\u1ec3 theo d\u00f5i nhi\u1ec7t \u0111\u1ed9, \u0111i\u1ec7n \u00e1p bus, d\u00f2ng \u0111i\u1ec7n \u0111\u1ea7u ra, \u0111i\u1ec7n \u00e1p c\u1ed5ng A \u0111i\u1ec1u khi\u1ec3n t\u1ed1c \u0111\u1ed9 analog, \u0111i\u1ec7n \u00e1p t\u00edn hi\u1ec7u c\u1ed5ng B, \u0111i\u1ec7n \u00e1p t\u00edn hi\u1ec7u c\u1ed5ng C, \u0111i\u1ec7n \u00e1p \u0111\u1ea7u ra c\u1ed5ng D v\u00e0 \u0111i\u1ec7n \u00e1p \u0111\u1ea7u ra 24V.<\/li>\n<\/ol>\n\t<div id=\"gap-653529628\" class=\"gap-element clearfix\" style=\"display:block; height:auto;\">\n\t\t\n<style>\n#gap-653529628 {\n  padding-top: 30px;\n}\n<\/style>\n\t<\/div>\n\t\n<h2>Th\u00f4ng s\u1ed1 k\u1ef9 thu\u1eadt<\/h2>\n<table width=\"767\">\n<tbody>\n<tr>\n<td rowspan=\"2\" width=\"225\">M\u1ee5c<\/td>\n<td colspan=\"3\" width=\"216\">Ph\u1ea1m vi<\/td>\n<td rowspan=\"2\" width=\"72\">\u0110\u01a1n v\u1ecb<\/td>\n<td rowspan=\"2\" width=\"254\">S\u1ef1 mi\u00eau t\u1ea3<\/td>\n<\/tr>\n<tr>\n<td>t\u1ed1i thi\u1ec3u<\/td>\n<td>\u0110\u1eb7c tr\u01b0ng<\/td>\n<td>T\u1ed1i \u0111a<\/td>\n<\/tr>\n<tr>\n<td>\u0110i\u1ec7n \u00e1p \u0111\u1ea7u v\u00e0o<\/td>\n<td>85<\/td>\n<td>220<\/td>\n<td>260<\/td>\n<td>V.<\/td>\n<td>Gi\u00e1 tr\u1ecb hi\u1ec7u d\u1ee5ng AC<\/td>\n<\/tr>\n<tr>\n<td>Ph\u1ea1m vi \u0111i\u1ec1u ch\u1ec9nh \u0111i\u1ec7n \u00e1p \u0111\u1ea7u ra<\/td>\n<td>0<\/td>\n<td><\/td>\n<td>260<\/td>\n<td>V.<\/td>\n<td>\u0110i\u1ec7n \u00e1p \u0111\u1ea7u v\u00e0o nh\u1ecf h\u01a1n 150%<\/td>\n<\/tr>\n<tr>\n<td>\u0110\u1ed9 ch\u00ednh x\u00e1c \u0111i\u1ec1u ch\u1ec9nh \u0111i\u1ec7n \u00e1p<\/td>\n<td colspan=\"3\">1<\/td>\n<td>V.<\/td>\n<td><\/td>\n<\/tr>\n<tr>\n<td>\u0110\u1ed9 ch\u00ednh x\u00e1c \u0111i\u1ec1u ch\u1ec9nh \u0111i\u1ec7n \u00e1p<\/td>\n<td>0<\/td>\n<td><\/td>\n<td>10<\/td>\n<td><\/td>\n<td>Vout\/Vin<\/td>\n<\/tr>\n<tr>\n<td rowspan=\"2\">Ph\u1ea1m vi \u0111i\u1ec1u ch\u1ec9nh d\u00f2ng \u0111i\u1ec7n \u0111\u1ea7u ra<\/td>\n<td>0<\/td>\n<td><\/td>\n<td>1.5<\/td>\n<td>M\u1ed8T<\/td>\n<td>SDVC311-LS<\/td>\n<\/tr>\n<tr>\n<td>0<\/td>\n<td><\/td>\n<td>3<\/td>\n<td>VA<\/td>\n<td>SDVC311-LM<\/td>\n<\/tr>\n<tr>\n<td rowspan=\"2\">C\u00f4ng su\u1ea5t ra<\/td>\n<td>0<\/td>\n<td><\/td>\n<td>330<\/td>\n<td>VA<\/td>\n<td>SDVC311-LS<\/td>\n<\/tr>\n<tr>\n<td>0<\/td>\n<td><\/td>\n<td>660<\/td>\n<td>VA<\/td>\n<td>SDVC311-LM<\/td>\n<\/tr>\n<tr>\n<td>T\u1ea7n s\u1ed1 \u0111\u1ea7u ra<\/td>\n<td>40\/5.0<\/td>\n<td><\/td>\n<td>400<\/td>\n<td>Hz<\/td>\n<td><\/td>\n<\/tr>\n<tr>\n<td>\u0110\u1ed9 ch\u00ednh x\u00e1c \u0111i\u1ec1u ch\u1ec9nh t\u1ea7n s\u1ed1<\/td>\n<td colspan=\"3\">0.1<\/td>\n<td>Hz<\/td>\n<td><\/td>\n<\/tr>\n<tr>\n<td>D\u1ea1ng s\u00f3ng \u0111\u1ea7u ra<\/td>\n<td colspan=\"3\">sin<\/td>\n<td><\/td>\n<td><\/td>\n<\/tr>\n<tr>\n<td>Th\u1eddi gian b\u1eaft \u0111\u1ea7u ch\u1eadm<\/td>\n<td>0<\/td>\n<td><\/td>\n<td>10<\/td>\n<td>S<\/td>\n<td>M\u1eb7c \u0111\u1ecbnh c\u1ee7a nh\u00e0 m\u00e1y 0,5<\/td>\n<\/tr>\n<tr>\n<td>Ph\u1ea1m vi th\u1eddi gian tr\u1ec5<\/td>\n<td>0<\/td>\n<td><\/td>\n<td>20\/99.9<\/td>\n<td>S<\/td>\n<td>M\u1eb7c \u0111\u1ecbnh c\u1ee7a nh\u00e0 m\u00e1y 0,2<\/td>\n<\/tr>\n<tr>\n<td>\u0110\u1ed9 ch\u00ednh x\u00e1c th\u1eddi gian tr\u1ec5<\/td>\n<td colspan=\"3\">0.1<\/td>\n<td>S<\/td>\n<td><\/td>\n<\/tr>\n<tr>\n<td>Nhi\u1ec7t \u0111\u1ed9 b\u1ea3o v\u1ec7 qu\u00e1 nhi\u1ec7t<\/td>\n<td>58<\/td>\n<td>60<\/td>\n<td>66<\/td>\n<td>oC<\/td>\n<td><\/td>\n<\/tr>\n<tr>\n<td>\u0110i\u1ec7n \u00e1p \u0111\u1ea7u ra \u0111i\u1ec1u khi\u1ec3n DC<\/td>\n<td>0<\/td>\n<td><\/td>\n<td>400<\/td>\n<td>V.<\/td>\n<td><\/td>\n<\/tr>\n<tr>\n<td>D\u00f2ng \u0111i\u1ec7n \u0111\u1ea7u ra \u0111i\u1ec1u khi\u1ec3n DC<\/td>\n<td>22<\/td>\n<td>24<\/td>\n<td>26<\/td>\n<td>ma<\/td>\n<td><\/td>\n<\/tr>\n<tr>\n<td>M\u00f4 h\u00ecnh \u0111i\u1ec1u khi\u1ec3n t\u01b0\u01a1ng t\u1ef1<\/td>\n<td colspan=\"3\">1 &#8211; 5<\/td>\n<td>V.<\/td>\n<td>\u0110i\u1ec7n \u00e1p \u0111i\u1ec1u khi\u1ec3n t\u1ed1c \u0111\u1ed9 t\u1eeb xa<\/td>\n<\/tr>\n<tr>\n<td>T\u00edn hi\u1ec7u \u0111i\u1ec1u khi\u1ec3n k\u1ef9 thu\u1eadt s\u1ed1<\/td>\n<td colspan=\"3\">24<\/td>\n<td>V.<\/td>\n<td>Chuy\u1ec3n \u0111\u1ed5i t\u00edn hi\u1ec7u \u0111i\u1ec1u khi\u1ec3n<\/td>\n<\/tr>\n<tr>\n<td>Ph\u01b0\u01a1ng ph\u00e1p \u0111i\u1ec1u ch\u1ec9nh<\/td>\n<td colspan=\"3\">6<\/td>\n<td>ch\u00eca kh\u00f3a<\/td>\n<td><\/td>\n<\/tr>\n<tr>\n<td>Ti\u00eau th\u1ee5 \u0111i\u1ec7n n\u0103ng kh\u00f4ng t\u1ea3i<\/td>\n<td><\/td>\n<td>3<\/td>\n<td><\/td>\n<td>W<\/td>\n<td><\/td>\n<\/tr>\n<tr>\n<td>Ch\u1ebf \u0111\u1ed9 hi\u1ec3n th\u1ecb<\/td>\n<td colspan=\"3\">5<\/td>\n<td>ch\u1eef s\u1ed1<\/td>\n<td>\u1ed0ng LED k\u1ef9 thu\u1eadt s\u1ed1<\/td>\n<\/tr>\n<tr>\n<td>Nhi\u1ec7t \u0111\u1ed9 m\u00f4i tr\u01b0\u1eddng ti\u1ec1n l\u01b0\u01a1ng<\/td>\n<td>0<\/td>\n<td>25<\/td>\n<td>40<\/td>\n<td>oC<\/td>\n<td rowspan=\"3\">Kh\u00f4ng ng\u01b0ng t\u1ee5<\/td>\n<\/tr>\n<tr>\n<td>\u0110\u1ed9 \u1ea9m m\u00f4i tr\u01b0\u1eddng ti\u1ec1n l\u01b0\u01a1ng<\/td>\n<td>10<\/td>\n<td>60<\/td>\n<td>85<\/td>\n<td>%<\/td>\n<\/tr>\n<tr>\n<td>Nhi\u1ec7t \u0111\u1ed9 b\u1ea3o qu\u1ea3n<\/td>\n<td>-20<\/td>\n<td>25<\/td>\n<td>85<\/td>\n<td>oC<\/td>\n<\/tr>\n<\/tbody>\n<\/table>\n\t<div id=\"gap-1919047323\" class=\"gap-element clearfix\" style=\"display:block; height:auto;\">\n\t\t\n<style>\n#gap-1919047323 {\n  padding-top: 30px;\n}\n<\/style>\n\t<\/div>\n\t\n<p><strong><b>K\u00edch th\u01b0\u1edbc:<\/b><\/strong>\u00a0D\u00e0i 94,5mm \u00d7 R\u1ed9ng 53,6mm \u00d7 Cao 190mm<\/p>\n\t<div class=\"img has-hover x md-x lg-x y md-y lg-y\" id=\"image_1203851335\">\n\t\t\t\t\t\t\t\t<div class=\"img-inner dark\" >\n\t\t\t<img loading=\"lazy\" decoding=\"async\" width=\"770\" height=\"829\" src=\"https:\/\/swoer.com\/wp-content\/uploads\/2024\/07\/Product-Dimensions.webp\" class=\"attachment-original size-original\" alt=\"K\u00edch th\u01b0\u1edbc s\u1ea3n ph\u1ea9m\" srcset=\"https:\/\/swoer.com\/wp-content\/uploads\/2024\/07\/Product-Dimensions.webp 770w, https:\/\/swoer.com\/wp-content\/uploads\/2024\/07\/Product-Dimensions-279x300.webp 279w, https:\/\/swoer.com\/wp-content\/uploads\/2024\/07\/Product-Dimensions-768x827.webp 768w, https:\/\/swoer.com\/wp-content\/uploads\/2024\/07\/Product-Dimensions-11x12.webp 11w, https:\/\/swoer.com\/wp-content\/uploads\/2024\/07\/Product-Dimensions-600x646.webp 600w\" sizes=\"(max-width: 770px) 100vw, 770px\" \/>\t\t\t\t\t\t\n\t\t\t\t\t<\/div>\n\t\t\t\t\t\t\t\t\n<style>\n#image_1203851335 {\n  width: 58%;\n}\n<\/style>\n\t<\/div>","protected":false},"excerpt":{"rendered":"<p>B\u1ed9 \u0111i\u1ec1u khi\u1ec3n ph\u1ec5u rung SDVC311-M \u0111\u01b0\u1ee3c thi\u1ebft k\u1ebf \u0111\u1ec3 n\u1ea1p nguy\u00ean li\u1ec7u ch\u00ednh x\u00e1c v\u00e0 hi\u1ec7u qu\u1ea3 trong c\u00e1c \u1ee9ng d\u1ee5ng t\u1ef1 \u0111\u1ed9ng h\u00f3a kh\u00e1c nhau. V\u1edbi d\u1ea3i t\u1ea7n s\u1ed1 r\u1ed9ng (5,0Hz \u0111\u1ebfn 400,0Hz), \u0111\u1ed9 ch\u00ednh x\u00e1c cao (0,1Hz) v\u00e0 h\u1ed7 tr\u1ee3 c\u1ea3m bi\u1ebfn th\u00f4ng minh, SDVC311-M \u0111\u1ea3m b\u1ea3o x\u1eed l\u00fd v\u1eadt li\u1ec7u t\u1ed1i \u01b0u.<\/p>","protected":false},"featured_media":2489,"comment_status":"open","ping_status":"closed","template":"","meta":[],"product_cat":[45],"product_tag":[],"yoast_head":"<!-- This site is optimized with the Yoast SEO plugin v22.2 - https:\/\/yoast.com\/wordpress\/plugins\/seo\/ -->\n<title>Vibratory Hopper Controller SDVC311-M - SWOER<\/title>\n<meta name=\"description\" content=\"SDVC311-M vibratory hopper controller features introduction.\" \/>\n<meta name=\"robots\" content=\"index, follow, max-snippet:-1, max-image-preview:large, max-video-preview:-1\" \/>\n<link rel=\"canonical\" href=\"https:\/\/swoer.com\/vi\/manufacturer\/vibratory-hopper-controller-sdvc311-m\/\" \/>\n<meta property=\"og:locale\" content=\"vi_VN\" \/>\n<meta property=\"og:type\" content=\"article\" \/>\n<meta property=\"og:title\" content=\"Vibratory Hopper Controller SDVC311-M - SWOER\" \/>\n<meta property=\"og:description\" content=\"SDVC311-M vibratory hopper controller features introduction.\" \/>\n<meta property=\"og:url\" content=\"https:\/\/swoer.com\/vi\/manufacturer\/vibratory-hopper-controller-sdvc311-m\/\" \/>\n<meta property=\"og:site_name\" content=\"SWOER\" \/>\n<meta property=\"article:modified_time\" content=\"2024-08-16T04:01:29+00:00\" \/>\n<meta property=\"og:image\" content=\"https:\/\/swoer.com\/wp-content\/uploads\/2024\/07\/Vibratory-Hopper-Controller-SDVC311-M-1.webp\" \/>\n\t<meta property=\"og:image:width\" content=\"1000\" \/>\n\t<meta property=\"og:image:height\" content=\"1000\" \/>\n\t<meta property=\"og:image:type\" content=\"image\/webp\" \/>\n<meta name=\"twitter:card\" content=\"summary_large_image\" \/>\n<meta name=\"twitter:label1\" content=\"\u01af\u1edbc t\u00ednh th\u1eddi gian \u0111\u1ecdc\" \/>\n\t<meta name=\"twitter:data1\" content=\"3 ph\u00fat\" \/>\n<script type=\"application\/ld+json\" class=\"yoast-schema-graph\">{\"@context\":\"https:\/\/schema.org\",\"@graph\":[{\"@type\":\"WebPage\",\"@id\":\"https:\/\/swoer.com\/manufacturer\/vibratory-hopper-controller-sdvc311-m\/\",\"url\":\"https:\/\/swoer.com\/manufacturer\/vibratory-hopper-controller-sdvc311-m\/\",\"name\":\"Vibratory Hopper Controller SDVC311-M - SWOER\",\"isPartOf\":{\"@id\":\"https:\/\/swoer.com\/#website\"},\"primaryImageOfPage\":{\"@id\":\"https:\/\/swoer.com\/manufacturer\/vibratory-hopper-controller-sdvc311-m\/#primaryimage\"},\"image\":{\"@id\":\"https:\/\/swoer.com\/manufacturer\/vibratory-hopper-controller-sdvc311-m\/#primaryimage\"},\"thumbnailUrl\":\"https:\/\/swoer.com\/wp-content\/uploads\/2024\/07\/Vibratory-Hopper-Controller-SDVC311-M-1.webp\",\"datePublished\":\"2024-07-11T02:33:28+00:00\",\"dateModified\":\"2024-08-16T04:01:29+00:00\",\"description\":\"SDVC311-M vibratory hopper controller features introduction.\",\"breadcrumb\":{\"@id\":\"https:\/\/swoer.com\/manufacturer\/vibratory-hopper-controller-sdvc311-m\/#breadcrumb\"},\"inLanguage\":\"vi\",\"potentialAction\":[{\"@type\":\"ReadAction\",\"target\":[\"https:\/\/swoer.com\/manufacturer\/vibratory-hopper-controller-sdvc311-m\/\"]}]},{\"@type\":\"ImageObject\",\"inLanguage\":\"vi\",\"@id\":\"https:\/\/swoer.com\/manufacturer\/vibratory-hopper-controller-sdvc311-m\/#primaryimage\",\"url\":\"https:\/\/swoer.com\/wp-content\/uploads\/2024\/07\/Vibratory-Hopper-Controller-SDVC311-M-1.webp\",\"contentUrl\":\"https:\/\/swoer.com\/wp-content\/uploads\/2024\/07\/Vibratory-Hopper-Controller-SDVC311-M-1.webp\",\"width\":1000,\"height\":1000,\"caption\":\"Vibratory Hopper Controller SDVC311-M\"},{\"@type\":\"BreadcrumbList\",\"@id\":\"https:\/\/swoer.com\/manufacturer\/vibratory-hopper-controller-sdvc311-m\/#breadcrumb\",\"itemListElement\":[{\"@type\":\"ListItem\",\"position\":1,\"name\":\"Home\",\"item\":\"https:\/\/swoer.com\/\"},{\"@type\":\"ListItem\",\"position\":2,\"name\":\"Shop\",\"item\":\"https:\/\/swoer.com\/shop\/\"},{\"@type\":\"ListItem\",\"position\":3,\"name\":\"Vibratory Hopper Controller SDVC311-M\"}]},{\"@type\":\"WebSite\",\"@id\":\"https:\/\/swoer.com\/#website\",\"url\":\"https:\/\/swoer.com\/\",\"name\":\"SWOER\",\"description\":\"Swoer is the top 3 vibratory bowl feeder manufacturer in China\",\"potentialAction\":[{\"@type\":\"SearchAction\",\"target\":{\"@type\":\"EntryPoint\",\"urlTemplate\":\"https:\/\/swoer.com\/?s={search_term_string}\"},\"query-input\":\"required name=search_term_string\"}],\"inLanguage\":\"vi\"}]}<\/script>\n<!-- \/ Yoast SEO plugin. -->","yoast_head_json":{"title":"Vibratory Hopper Controller SDVC311-M - SWOER","description":"SDVC311-M vibratory hopper controller features introduction.","robots":{"index":"index","follow":"follow","max-snippet":"max-snippet:-1","max-image-preview":"max-image-preview:large","max-video-preview":"max-video-preview:-1"},"canonical":"https:\/\/swoer.com\/vi\/manufacturer\/vibratory-hopper-controller-sdvc311-m\/","og_locale":"vi_VN","og_type":"article","og_title":"Vibratory Hopper Controller SDVC311-M - SWOER","og_description":"SDVC311-M vibratory hopper controller features introduction.","og_url":"https:\/\/swoer.com\/vi\/manufacturer\/vibratory-hopper-controller-sdvc311-m\/","og_site_name":"SWOER","article_modified_time":"2024-08-16T04:01:29+00:00","og_image":[{"width":1000,"height":1000,"url":"https:\/\/swoer.com\/wp-content\/uploads\/2024\/07\/Vibratory-Hopper-Controller-SDVC311-M-1.webp","type":"image\/webp"}],"twitter_card":"summary_large_image","twitter_misc":{"\u01af\u1edbc t\u00ednh th\u1eddi gian \u0111\u1ecdc":"3 ph\u00fat"},"schema":{"@context":"https:\/\/schema.org","@graph":[{"@type":"WebPage","@id":"https:\/\/swoer.com\/manufacturer\/vibratory-hopper-controller-sdvc311-m\/","url":"https:\/\/swoer.com\/manufacturer\/vibratory-hopper-controller-sdvc311-m\/","name":"Vibratory Hopper Controller SDVC311-M - SWOER","isPartOf":{"@id":"https:\/\/swoer.com\/#website"},"primaryImageOfPage":{"@id":"https:\/\/swoer.com\/manufacturer\/vibratory-hopper-controller-sdvc311-m\/#primaryimage"},"image":{"@id":"https:\/\/swoer.com\/manufacturer\/vibratory-hopper-controller-sdvc311-m\/#primaryimage"},"thumbnailUrl":"https:\/\/swoer.com\/wp-content\/uploads\/2024\/07\/Vibratory-Hopper-Controller-SDVC311-M-1.webp","datePublished":"2024-07-11T02:33:28+00:00","dateModified":"2024-08-16T04:01:29+00:00","description":"SDVC311-M vibratory hopper controller features introduction.","breadcrumb":{"@id":"https:\/\/swoer.com\/manufacturer\/vibratory-hopper-controller-sdvc311-m\/#breadcrumb"},"inLanguage":"vi","potentialAction":[{"@type":"ReadAction","target":["https:\/\/swoer.com\/manufacturer\/vibratory-hopper-controller-sdvc311-m\/"]}]},{"@type":"ImageObject","inLanguage":"vi","@id":"https:\/\/swoer.com\/manufacturer\/vibratory-hopper-controller-sdvc311-m\/#primaryimage","url":"https:\/\/swoer.com\/wp-content\/uploads\/2024\/07\/Vibratory-Hopper-Controller-SDVC311-M-1.webp","contentUrl":"https:\/\/swoer.com\/wp-content\/uploads\/2024\/07\/Vibratory-Hopper-Controller-SDVC311-M-1.webp","width":1000,"height":1000,"caption":"Vibratory Hopper Controller SDVC311-M"},{"@type":"BreadcrumbList","@id":"https:\/\/swoer.com\/manufacturer\/vibratory-hopper-controller-sdvc311-m\/#breadcrumb","itemListElement":[{"@type":"ListItem","position":1,"name":"Home","item":"https:\/\/swoer.com\/"},{"@type":"ListItem","position":2,"name":"Shop","item":"https:\/\/swoer.com\/shop\/"},{"@type":"ListItem","position":3,"name":"Vibratory Hopper Controller SDVC311-M"}]},{"@type":"WebSite","@id":"https:\/\/swoer.com\/#website","url":"https:\/\/swoer.com\/","name":"SWOER","description":"Swoer is the top 3 vibratory bowl feeder manufacturer in China","potentialAction":[{"@type":"SearchAction","target":{"@type":"EntryPoint","urlTemplate":"https:\/\/swoer.com\/?s={search_term_string}"},"query-input":"required name=search_term_string"}],"inLanguage":"vi"}]}},"_links":{"self":[{"href":"https:\/\/swoer.com\/vi\/wp-json\/wp\/v2\/product\/2332"}],"collection":[{"href":"https:\/\/swoer.com\/vi\/wp-json\/wp\/v2\/product"}],"about":[{"href":"https:\/\/swoer.com\/vi\/wp-json\/wp\/v2\/types\/product"}],"replies":[{"embeddable":true,"href":"https:\/\/swoer.com\/vi\/wp-json\/wp\/v2\/comments?post=2332"}],"wp:featuredmedia":[{"embeddable":true,"href":"https:\/\/swoer.com\/vi\/wp-json\/wp\/v2\/media\/2489"}],"wp:attachment":[{"href":"https:\/\/swoer.com\/vi\/wp-json\/wp\/v2\/media?parent=2332"}],"wp:term":[{"taxonomy":"product_cat","embeddable":true,"href":"https:\/\/swoer.com\/vi\/wp-json\/wp\/v2\/product_cat?post=2332"},{"taxonomy":"product_tag","embeddable":true,"href":"https:\/\/swoer.com\/vi\/wp-json\/wp\/v2\/product_tag?post=2332"}],"curies":[{"name":"wp","href":"https:\/\/api.w.org\/{rel}","templated":true}]}}