{"id":2326,"date":"2024-07-10T02:07:49","date_gmt":"2024-07-10T02:07:49","guid":{"rendered":"https:\/\/swoer.com\/?post_type=product&#038;p=2326"},"modified":"2024-08-16T14:01:56","modified_gmt":"2024-08-16T06:01:56","slug":"vibratory-bowl-feeder-speed-controller-dvc34-xlr","status":"publish","type":"product","link":"https:\/\/swoer.com\/vi\/manufacturer\/vibratory-bowl-feeder-speed-controller-dvc34-xlr\/","title":{"rendered":"B\u1ed9 \u0111i\u1ec1u khi\u1ec3n t\u1ed1c \u0111\u1ed9 b\u1ed9 n\u1ea1p b\u00e1t rung DVC34-XLR"},"content":{"rendered":"<h2><strong><b>T\u00ednh n\u0103ng DVC34-XLR<\/b><\/strong><\/h2>\n<ul>\n<li>\u1ed4n \u0111\u1ecbnh t\u1ed1c \u0111\u1ed9 t\u1ef1 \u0111\u1ed9ng<\/li>\n<li>\u0110i\u1ec1u ch\u1ec9nh t\u1ea7n s\u1ed1 t\u1ef1 \u0111\u1ed9ng<\/li>\n<li>T\u1ef1 \u0111\u1ed9ng t\u00ecm ki\u1ebfm t\u1ea7n s\u1ed1<\/li>\n<li>\u0110\u1ea7u ra \u0111\u1ed3ng b\u1ed9<\/li>\n<li>c\u00e0i s\u1eb5n t\u1ed1c \u0111\u1ed9<\/li>\n<li>\u1ed4n \u0111\u1ecbnh \u0111i\u1ec7n \u00e1p t\u1ef1 \u0111\u1ed9ng c\u00f3 \u0111\u1ed9 ch\u00ednh x\u00e1c cao<\/li>\n<li>B\u1ea3o v\u1ec7 qu\u00e1 nhi\u1ec7t k\u1ef9 thu\u1eadt s\u1ed1<\/li>\n<li>C\u1ea3m bi\u1ebfn t\u1ef1 th\u00edch \u1ee9ng<\/li>\n<li>\u0110i\u1ec1u khi\u1ec3n t\u1ed1c \u0111\u1ed9 t\u1eeb xa<\/li>\n<li>\u0110\u1ea7u ra \u0111i\u1ec1u khi\u1ec3n DC<\/li>\n<li>Kh\u00f3a b\u00e0n ph\u00edm<\/li>\n<li>C\u00e0i \u0111\u1eb7t \u0111i\u1ec7n \u00e1p \u0111\u1ea7u ra t\u1ed1i \u0111a<\/li>\n<li>T\u1eaft ho\u00e0n to\u00e0n\/tr\u1ed1ng v\u1eadt li\u1ec7u c\u1ea3m bi\u1ebfn chuy\u1ec3n \u0111\u1ed5i k\u00e9p<\/li>\n<li>Ch\u1ee9c n\u0103ng \u0111\u1ebfm<\/li>\n<li>485 truy\u1ec1n th\u00f4ng<\/li>\n<\/ul>\n\t<div id=\"gap-454393503\" class=\"gap-element clearfix\" style=\"display:block; height:auto;\">\n\t\t\n<style>\n#gap-454393503 {\n  padding-top: 30px;\n}\n<\/style>\n\t<\/div>\n\t\n<h2><strong><b>DVC34-XLR<\/b><\/strong><strong><b>\u00a0<\/b><\/strong><strong><b>Ch\u1ee9c n\u0103ng<\/b><\/strong><\/h2>\n<p>D\u00f2ng b\u1ed9 \u0111i\u1ec1u khi\u1ec3n n\u00e0y, \u0111\u01b0\u1ee3c thi\u1ebft k\u1ebf \u0111\u1ec3 c\u1ea5p li\u1ec7u rung trong t\u1ef1 \u0111\u1ed9ng h\u00f3a, t\u00edch h\u1ee3p c\u00f4ng ngh\u1ec7 \u0111i\u1ec7n t\u1eed ti\u00ean ti\u1ebfn. N\u00f3 cung c\u1ea5p c\u00e1c ch\u1ee9c n\u0103ng thi\u1ebft th\u1ef1c, th\u00e2n thi\u1ec7n v\u1edbi ng\u01b0\u1eddi d\u00f9ng:<\/p>\n<ol>\n<li><strong>\u0110i\u1ec1u ch\u1ebf t\u1ea7n s\u1ed1 t\u1ef1 \u0111\u1ed9ng:<\/strong> B\u1ed9 \u0111i\u1ec1u khi\u1ec3n \u0111i\u1ec1u ch\u1ec9nh t\u1ea7n s\u1ed1 theo th\u1eddi gian th\u1ef1c, \u0111\u1ea3m b\u1ea3o m\u00e1y c\u1ea5p li\u1ec7u ho\u1ea1t \u0111\u1ed9ng t\u1ed1i \u01b0u.<\/li>\n<li><strong>T\u1ef1 \u0111\u1ed9ng \u1ed5n \u0111\u1ecbnh t\u1ed1c \u0111\u1ed9:<\/strong> Khi b\u1ed9 \u0111i\u1ec1u khi\u1ec3n \u0111i\u1ec1u ch\u1ec9nh \u0111i\u1ec7n \u00e1p theo th\u1eddi gian th\u1ef1c, n\u00f3 \u0111\u1ea3m b\u1ea3o t\u1ed1c \u0111\u1ed9 c\u1ea5p li\u1ec7u lu\u00f4n \u1ed5n \u0111\u1ecbnh. Cho d\u00f9 s\u1ed1 l\u01b0\u1ee3ng ph\u00f4i t\u0103ng hay gi\u1ea3m, t\u00ednh n\u0103ng n\u00e0y v\u1eabn duy tr\u00ec hi\u1ec7u su\u1ea5t \u1ed5n \u0111\u1ecbnh, do \u0111\u00f3 n\u00e2ng cao hi\u1ec7u qu\u1ea3 t\u1ed5ng th\u1ec3.<\/li>\n<li><strong>T\u00ecm ki\u1ebfm t\u1ea7n s\u1ed1 t\u1ef1 \u0111\u1ed9ng:<\/strong> T\u00ednh n\u0103ng ho\u00e0n h\u1ea3o n\u00e0y nhanh ch\u00f3ng x\u00e1c \u0111\u1ecbnh t\u1ea7n s\u1ed1 t\u1ed1i \u01b0u v\u00e0 c\u00e1c th\u00f4ng s\u1ed1 li\u00ean quan, n\u00e2ng cao s\u1ef1 ti\u1ec7n l\u1ee3i cho ng\u01b0\u1eddi d\u00f9ng.<\/li>\n<li><strong>T\u1ef1 \u0111\u1ed9ng \u1ed5n \u0111\u1ecbnh \u0111i\u1ec7n \u00e1p:<\/strong> N\u1ebfu kh\u00f4ng k\u00edch ho\u1ea1t t\u00ednh n\u0103ng \u1ed5n \u0111\u1ecbnh t\u1ed1c \u0111\u1ed9, b\u1ed9 \u0111i\u1ec1u khi\u1ec3n s\u1ebd lo\u1ea1i b\u1ecf c\u00e1c bi\u1ebfn \u0111\u1ed9ng t\u1ed1c \u0111\u1ed9 do thay \u0111\u1ed5i ngu\u1ed3n \u0111i\u1ec7n, ng\u0103n ng\u1eeba c\u00e1c hi\u1ec7u \u1ee9ng t\u1ea7n s\u1ed1 nh\u1ecbp.<\/li>\n<li><strong>\u0110\u1ea7u ra \u0111\u1ed3ng b\u1ed9:<\/strong> Nhi\u1ec1u b\u1ed9 \u0111i\u1ec1u khi\u1ec3n \u0111\u1ed3ng b\u1ed9 h\u00f3a \u0111\u1ea7u ra theo t\u1ea7n s\u1ed1 v\u00e0 pha, tr\u00e1nh hi\u1ec7n t\u01b0\u1ee3ng xung nh\u1ecbp t\u1ea7n s\u1ed1 v\u00e0 c\u00e1c v\u1ea5n \u0111\u1ec1 li\u00ean quan.<\/li>\n<li><strong>T\u1eaft v\u1eadt li\u1ec7u ho\u00e0n to\u00e0n\/tr\u1ed1ng:<\/strong> \u0110\u1ea7u v\u00e0o c\u1ea3m bi\u1ebfn cho ph\u00e9p b\u1ed9 \u0111i\u1ec1u khi\u1ec3n qu\u1ea3n l\u00fd vi\u1ec7c t\u1eaft m\u00e1y d\u1ef1a tr\u00ean m\u1ee9c v\u1eadt li\u1ec7u, cung c\u1ea5p th\u1eddi gian b\u1eaft \u0111\u1ea7u, \u0111\u1ed9 tr\u1ec5 v\u00e0 c\u00e0i \u0111\u1eb7t logic c\u00f3 th\u1ec3 t\u00f9y ch\u1ec9nh.<\/li>\n<li><strong>Th\u00edch \u1ee9ng c\u1ea3m bi\u1ebfn:<\/strong> Ngo\u00e0i c\u00e1c t\u00ednh n\u0103ng kh\u00e1c, b\u1ed9 \u0111i\u1ec1u khi\u1ec3n th\u00edch \u1ee9ng li\u1ec1n m\u1ea1ch v\u1edbi c\u1ea3 c\u1ea3m bi\u1ebfn chuy\u1ec3n m\u1ea1ch NPN v\u00e0 PNP. Vi\u1ec7c \u0111i\u1ec1u ch\u1ec9nh t\u1ef1 \u0111\u1ed9ng n\u00e0y \u0111\u1ea3m b\u1ea3o kh\u1ea3 n\u0103ng t\u01b0\u01a1ng th\u00edch v\u00e0 \u0111\u1ed9 tin c\u1eady, b\u1ea5t k\u1ec3 lo\u1ea1i c\u1ea3m bi\u1ebfn n\u00e0o \u0111\u01b0\u1ee3c s\u1eed d\u1ee5ng.<\/li>\n<li><strong>Kh\u1edfi \u0111\u1ea7u ch\u1eadm:<\/strong> Khi kh\u1edfi \u0111\u1ed9ng, b\u1ed9 \u0111i\u1ec1u khi\u1ec3n s\u1ebd t\u0103ng d\u1ea7n \u0111i\u1ec7n \u00e1p, ng\u0103n ng\u1eeba h\u01b0 h\u1ecfng do nh\u1eefng c\u00fa s\u1ed1c \u0111\u1ed9t ng\u1ed9t.<\/li>\n<li><strong>T\u1ed1c \u0111\u1ed9 c\u00e0i \u0111\u1eb7t tr\u01b0\u1edbc:<\/strong> Ng\u01b0\u1eddi d\u00f9ng c\u00f3 th\u1ec3 l\u1ef1a ch\u1ecdn t\u1eeb b\u1ed1n \u0111i\u1ec7n \u00e1p \u0111\u1ea7u ra \u0111\u01b0\u1ee3c c\u00e0i \u0111\u1eb7t s\u1eb5n th\u00f4ng qua t\u00edn hi\u1ec7u \u0111i\u1ec1u khi\u1ec3n b\u00ean ngo\u00e0i.<\/li>\n<li><strong>Ch\u1ee9c n\u0103ng t\u0103ng t\u1ed1c:<\/strong> T\u00ednh n\u0103ng n\u00e0y t\u0103ng \u0111i\u1ec7n \u00e1p \u0111\u1ea7u ra l\u00ean t\u1edbi 150% so v\u1edbi \u0111i\u1ec7n \u00e1p \u0111\u1ea7u v\u00e0o.<\/li>\n<li><strong>C\u00e0i \u0111\u1eb7t \u0111i\u1ec7n \u00e1p \u0111\u1ea7u ra t\u1ed1i \u0111a:<\/strong> Ng\u01b0\u1eddi d\u00f9ng c\u00f3 th\u1ec3 c\u00e0i \u0111\u1eb7t gi\u1edbi h\u1ea1n \u0111i\u1ec7n \u00e1p, ng\u0103n ng\u1eeba h\u01b0 h\u1ecfng do \u0111i\u1ec7n \u00e1p qu\u00e1 m\u1ee9c.<\/li>\n<li><strong>Ch\u1ec9 s\u1ed1 d\u1ea1ng s\u00f3ng:<\/strong> Th\u00f4ng s\u1ed1 n\u00e0y c\u00e2n b\u1eb1ng hi\u1ec7u qu\u1ea3 c\u1ee7a b\u1ed9 \u0111i\u1ec1u khi\u1ec3n v\u1edbi c\u00f4ng su\u1ea5t \u0111\u1ea7u ra t\u1ed1i \u0111a.<\/li>\n<li><strong>\u0110i\u1ec1u khi\u1ec3n t\u1ed1c \u0111\u1ed9 t\u1eeb xa:<\/strong> Ng\u01b0\u1eddi d\u00f9ng c\u00f3 th\u1ec3 \u0111i\u1ec1u khi\u1ec3n \u0111i\u1ec7n \u00e1p ho\u1eb7c t\u1ed1c \u0111\u1ed9 b\u00ean ngo\u00e0i th\u00f4ng qua bi\u1ebfn tr\u1edf, PLC ho\u1eb7c t\u00edn hi\u1ec7u ngu\u1ed3n.<\/li>\n<li><strong>\u0110\u1ea7u ra \u0111i\u1ec1u khi\u1ec3n 24V DC:<\/strong> T\u00edn hi\u1ec7u \u0111i\u1ec1u khi\u1ec3n \u0111\u01b0\u1ee3c \u0111\u01b0a ra th\u00f4ng qua m\u1ed9t b\u00f3ng b\u00e1n d\u1eabn, cho ph\u00e9p \u0111i\u1ec1u khi\u1ec3n tr\u1ef1c ti\u1ebfp c\u00e1c thi\u1ebft b\u1ecb nh\u01b0 van \u0111i\u1ec7n t\u1eeb.<\/li>\n<li><strong>C\u00f4ng t\u1eafc \u0111\u1ea7u ra:<\/strong> N\u00fat c\u1ea3m \u1ee9ng tr\u00ean b\u1ea3ng \u0111i\u1ec1u khi\u1ec3n cho ph\u00e9p kh\u1edfi \u0111\u1ed9ng\/d\u1eebng m\u00e1y ngay l\u1eadp t\u1ee9c, gi\u00fap \u0111\u01a1n gi\u1ea3n h\u00f3a vi\u1ec7c g\u1ee1 l\u1ed7i thi\u1ebft b\u1ecb.<\/li>\n<li><strong>Kh\u00f3a b\u00e0n ph\u00edm:<\/strong> Gi\u1eef n\u00fat b\u1eadt\/t\u1eaft s\u1ebd kh\u00f3a t\u1ea5t c\u1ea3 c\u00e1c ch\u1ee9c n\u0103ng, ng\u0103n ng\u1eeba c\u00e1c thao t\u00e1c v\u00f4 t\u00ecnh.<\/li>\n<li><strong>M\u1eadt kh\u1ea9u tham s\u1ed1:<\/strong> Ng\u01b0\u1eddi d\u00f9ng c\u00f3 th\u1ec3 \u0111\u1eb7t m\u1eadt kh\u1ea9u \u0111\u1ec3 kh\u00f3a c\u00e1c tham s\u1ed1, b\u1ea3o v\u1ec7 ch\u1ed1ng l\u1ea1i nh\u1eefng thay \u0111\u1ed5i tr\u00e1i ph\u00e9p.<\/li>\n<li><strong>Kh\u00f4i ph\u1ee5c c\u00e0i \u0111\u1eb7t g\u1ed1c:<\/strong> Ch\u1ee9c n\u0103ng n\u00e0y nhanh ch\u00f3ng kh\u00f4i ph\u1ee5c c\u00e1c th\u00f4ng s\u1ed1 v\u1ec1 m\u1eb7c \u0111\u1ecbnh c\u1ee7a nh\u00e0 s\u1ea3n xu\u1ea5t, thi\u1ebft l\u1eadp l\u1ea1i b\u1ed9 \u0111i\u1ec1u khi\u1ec3n.<\/li>\n<li><strong>Giao ti\u1ebfp 485:<\/strong> Ng\u01b0\u1eddi d\u00f9ng c\u00f3 th\u1ec3 \u0111i\u1ec1u ch\u1ec9nh c\u00e0i \u0111\u1eb7t b\u1ed9 \u0111i\u1ec1u khi\u1ec3n t\u1eeb xa th\u00f4ng qua giao ti\u1ebfp 485.<\/li>\n<\/ol>\n\t<div id=\"gap-816354909\" class=\"gap-element clearfix\" style=\"display:block; height:auto;\">\n\t\t\n<style>\n#gap-816354909 {\n  padding-top: 30px;\n}\n<\/style>\n\t<\/div>\n\t\n<h2>Th\u00f4ng s\u1ed1 k\u1ef9 thu\u1eadt<\/h2>\n<table width=\"767\">\n<tbody>\n<tr>\n<td rowspan=\"2\" width=\"225\">M\u1ee5c<\/td>\n<td colspan=\"3\" width=\"216\">Ph\u1ea1m vi<\/td>\n<td rowspan=\"2\" width=\"72\">\u0110\u01a1n v\u1ecb<\/td>\n<td rowspan=\"2\" width=\"254\">S\u1ef1 mi\u00eau t\u1ea3<\/td>\n<\/tr>\n<tr>\n<td>t\u1ed1i thi\u1ec3u<\/td>\n<td>\u0110\u1eb7c tr\u01b0ng<\/td>\n<td>T\u1ed1i \u0111a<\/td>\n<\/tr>\n<tr>\n<td>\u0110i\u1ec7n \u00e1p \u0111\u1ea7u v\u00e0o<\/td>\n<td>85<\/td>\n<td>220<\/td>\n<td>260<\/td>\n<td>V.<\/td>\n<td>Gi\u00e1 tr\u1ecb hi\u1ec7u d\u1ee5ng AC<\/td>\n<\/tr>\n<tr>\n<td>Ph\u1ea1m vi \u0111i\u1ec1u ch\u1ec9nh \u0111i\u1ec7n \u00e1p \u0111\u1ea7u ra<\/td>\n<td>0<\/td>\n<td><\/td>\n<td>260<\/td>\n<td>V.<\/td>\n<td>\u0110i\u1ec7n \u00e1p \u0111\u1ea7u v\u00e0o nh\u1ecf h\u01a1n 150%<\/td>\n<\/tr>\n<tr>\n<td>\u0110\u1ed9 ch\u00ednh x\u00e1c \u0111i\u1ec1u ch\u1ec9nh \u0111i\u1ec7n \u00e1p<\/td>\n<td colspan=\"3\">1<\/td>\n<td>V.<\/td>\n<td><\/td>\n<\/tr>\n<tr>\n<td>\u0110\u1ed9 ch\u00ednh x\u00e1c \u0111i\u1ec1u ch\u1ec9nh \u0111i\u1ec7n \u00e1p<\/td>\n<td>0<\/td>\n<td><\/td>\n<td>10<\/td>\n<td><\/td>\n<td>Vout\/Vin<\/td>\n<\/tr>\n<tr>\n<td>Th\u1eddi gian \u0111\u00e1p \u1ee9ng \u0111i\u1ec1u ch\u1ec9nh \u0111i\u1ec7n \u00e1p<\/td>\n<td>0.0025<\/td>\n<td><\/td>\n<td>0.04<\/td>\n<td>S<\/td>\n<td>M\u1ed9t ph\u1ea7n m\u01b0\u1eddi chu k\u1ef3 \u0111i\u1ec7n \u00e1p \u0111\u1ea7u ra<\/td>\n<\/tr>\n<tr>\n<td rowspan=\"2\">Ph\u1ea1m vi \u0111i\u1ec1u ch\u1ec9nh d\u00f2ng \u0111i\u1ec7n \u0111\u1ea7u ra<\/td>\n<td rowspan=\"2\">0<\/td>\n<td rowspan=\"2\"><\/td>\n<td rowspan=\"2\">6<\/td>\n<td rowspan=\"2\">M\u1ed8T<\/td>\n<td rowspan=\"2\" width=\"254\">SDVC34-XLR<br \/>\nSDVC34-XLRJ<\/td>\n<\/tr>\n<tr>\n<td rowspan=\"2\"><\/td>\n<td rowspan=\"2\"><\/td>\n<td rowspan=\"2\"><\/td>\n<td rowspan=\"2\"><\/td>\n<td rowspan=\"2\"><\/td>\n<td rowspan=\"2\" width=\"254\"><\/td>\n<\/tr>\n<tr>\n<td>T\u1ea7n s\u1ed1 \u0111\u1ea7u ra<\/td>\n<td>25<\/td>\n<td><\/td>\n<td>400<\/td>\n<td>Hz<\/td>\n<td><\/td>\n<\/tr>\n<tr>\n<td>\u0110\u1ed9 ch\u00ednh x\u00e1c \u0111i\u1ec1u ch\u1ec9nh t\u1ea7n s\u1ed1<\/td>\n<td colspan=\"3\">0.1<\/td>\n<td>Hz<\/td>\n<td><\/td>\n<\/tr>\n<tr>\n<td>D\u1ea1ng s\u00f3ng \u0111\u1ea7u ra<\/td>\n<td colspan=\"3\">sin<\/td>\n<td><\/td>\n<td><\/td>\n<\/tr>\n<tr>\n<td>Th\u1eddi gian b\u1eaft \u0111\u1ea7u ch\u1eadm<\/td>\n<td>0<\/td>\n<td><\/td>\n<td>10<\/td>\n<td>S<\/td>\n<td>M\u1eb7c \u0111\u1ecbnh c\u1ee7a nh\u00e0 m\u00e1y 0,5<\/td>\n<\/tr>\n<tr>\n<td>Ph\u1ea1m vi th\u1eddi gian tr\u1ec5<\/td>\n<td>0<\/td>\n<td><\/td>\n<td>20<\/td>\n<td>S<\/td>\n<td>M\u1eb7c \u0111\u1ecbnh c\u1ee7a nh\u00e0 m\u00e1y 0,2<\/td>\n<\/tr>\n<tr>\n<td>\u0110\u1ed9 ch\u00ednh x\u00e1c th\u1eddi gian tr\u1ec5<\/td>\n<td colspan=\"3\">0.1<\/td>\n<td>S<\/td>\n<td><\/td>\n<\/tr>\n<tr>\n<td>Nhi\u1ec7t \u0111\u1ed9 b\u1ea3o v\u1ec7 qu\u00e1 nhi\u1ec7t<\/td>\n<td>60<\/td>\n<td>65<\/td>\n<td>65<\/td>\n<td>oC<\/td>\n<td><\/td>\n<\/tr>\n<tr>\n<td>\u0110i\u1ec7n \u00e1p \u0111\u1ea7u ra \u0111i\u1ec1u khi\u1ec3n DC<\/td>\n<td>22<\/td>\n<td>24<\/td>\n<td>26<\/td>\n<td>V.<\/td>\n<td><\/td>\n<\/tr>\n<tr>\n<td>D\u00f2ng \u0111i\u1ec7n \u0111\u1ea7u ra \u0111i\u1ec1u khi\u1ec3n DC<\/td>\n<td>0<\/td>\n<td><\/td>\n<td>200<\/td>\n<td>ma<\/td>\n<td><\/td>\n<\/tr>\n<tr>\n<td>M\u00f4 h\u00ecnh \u0111i\u1ec1u khi\u1ec3n t\u01b0\u01a1ng t\u1ef1<\/td>\n<td colspan=\"3\">1- 5<\/td>\n<td>V.<\/td>\n<td>\u0110i\u1ec7n \u00e1p \u0111i\u1ec1u khi\u1ec3n t\u1ed1c \u0111\u1ed9 t\u1eeb xa<\/td>\n<\/tr>\n<tr>\n<td>T\u00edn hi\u1ec7u \u0111i\u1ec1u khi\u1ec3n k\u1ef9 thu\u1eadt s\u1ed1<\/td>\n<td colspan=\"3\">24<\/td>\n<td>V.<\/td>\n<td>Chuy\u1ec3n \u0111\u1ed5i t\u00edn hi\u1ec7u \u0111i\u1ec1u khi\u1ec3n<\/td>\n<\/tr>\n<tr>\n<td>Ph\u01b0\u01a1ng ph\u00e1p \u0111i\u1ec1u ch\u1ec9nh<\/td>\n<td colspan=\"3\">6<\/td>\n<td>ch\u00eca kh\u00f3a<\/td>\n<td><\/td>\n<\/tr>\n<tr>\n<td>Ti\u00eau th\u1ee5 \u0111i\u1ec7n n\u0103ng kh\u00f4ng t\u1ea3i<\/td>\n<td><\/td>\n<td>7<\/td>\n<td><\/td>\n<td>W<\/td>\n<td><\/td>\n<\/tr>\n<tr>\n<td>Ch\u1ebf \u0111\u1ed9 hi\u1ec3n th\u1ecb<\/td>\n<td colspan=\"3\">5<\/td>\n<td>ch\u1eef s\u1ed1<\/td>\n<td>\u1ed0ng LED k\u1ef9 thu\u1eadt s\u1ed1<\/td>\n<\/tr>\n<tr>\n<td>Nhi\u1ec7t \u0111\u1ed9 m\u00f4i tr\u01b0\u1eddng ti\u1ec1n l\u01b0\u01a1ng<\/td>\n<td>0<\/td>\n<td>25<\/td>\n<td>40<\/td>\n<td>oC<\/td>\n<td rowspan=\"2\">Kh\u00f4ng ng\u01b0ng t\u1ee5<\/td>\n<\/tr>\n<tr>\n<td>\u0110\u1ed9 \u1ea9m m\u00f4i tr\u01b0\u1eddng ti\u1ec1n l\u01b0\u01a1ng<\/td>\n<td>10<\/td>\n<td>60<\/td>\n<td>85<\/td>\n<td>%<\/td>\n<\/tr>\n<\/tbody>\n<\/table>\n\t<div id=\"gap-281386578\" class=\"gap-element clearfix\" style=\"display:block; height:auto;\">\n\t\t\n<style>\n#gap-281386578 {\n  padding-top: 30px;\n}\n<\/style>\n\t<\/div>\n\t\n\t<div class=\"img has-hover x md-x lg-x y md-y lg-y\" id=\"image_1492665480\">\n\t\t\t\t\t\t\t\t<div class=\"img-inner dark\" >\n\t\t\t<img loading=\"lazy\" decoding=\"async\" width=\"814\" height=\"575\" src=\"https:\/\/swoer.com\/wp-content\/uploads\/2024\/07\/DVC34-XLRDimensions.webp\" class=\"attachment-original size-original\" alt=\"K\u00edch th\u01b0\u1edbc DVC34-XLR\" srcset=\"https:\/\/swoer.com\/wp-content\/uploads\/2024\/07\/DVC34-XLRDimensions.webp 814w, https:\/\/swoer.com\/wp-content\/uploads\/2024\/07\/DVC34-XLRDimensions-300x212.webp 300w, https:\/\/swoer.com\/wp-content\/uploads\/2024\/07\/DVC34-XLRDimensions-768x543.webp 768w, https:\/\/swoer.com\/wp-content\/uploads\/2024\/07\/DVC34-XLRDimensions-18x12.webp 18w, https:\/\/swoer.com\/wp-content\/uploads\/2024\/07\/DVC34-XLRDimensions-600x424.webp 600w\" sizes=\"(max-width: 814px) 100vw, 814px\" \/>\t\t\t\t\t\t\n\t\t\t\t\t<\/div>\n\t\t\t\t\t\t\t\t\n<style>\n#image_1492665480 {\n  width: 60%;\n}\n<\/style>\n\t<\/div>","protected":false},"excerpt":{"rendered":"<p>B\u1ed9 \u0111i\u1ec1u khi\u1ec3n t\u1ed1c \u0111\u1ed9 m\u00e1y n\u1ea1p b\u00e1t rung DVC34-XLR l\u00e0 b\u1ed9 \u0111i\u1ec1u khi\u1ec3n m\u1ea1nh m\u1ebd v\u00e0 linh ho\u1ea1t, c\u00f3 th\u1ec3 \u0111\u01b0\u1ee3c s\u1eed d\u1ee5ng v\u1edbi nhi\u1ec1u lo\u1ea1i m\u00e1y c\u1ea5p li\u1ec7u b\u00e1t rung. N\u00f3 \u0111\u01b0\u1ee3c t\u00edch h\u1ee3p nhi\u1ec1u t\u00ednh n\u0103ng gi\u00fap d\u1ec5 s\u1eed d\u1ee5ng v\u00e0 \u0111\u1ea3m b\u1ea3o ki\u1ec3m so\u00e1t ch\u00ednh x\u00e1c b\u1ed9 c\u1ea5p li\u1ec7u c\u1ee7a b\u1ea1n.<\/p>","protected":false},"featured_media":2493,"comment_status":"open","ping_status":"closed","template":"","meta":[],"product_cat":[45],"product_tag":[],"yoast_head":"<!-- This site is optimized with the Yoast SEO plugin v22.2 - https:\/\/yoast.com\/wordpress\/plugins\/seo\/ -->\n<title>Vibratory Bowl Feeder Speed Controller DVC34-XLR - SWOER<\/title>\n<meta name=\"description\" content=\"The DVC34-XLR Speed Controller offers precise control with features like automatic speed stabilization, frequency adjustment, sensor self-adaptation, remote control, and 485 communication for reliable performance.\" \/>\n<meta name=\"robots\" content=\"index, follow, max-snippet:-1, max-image-preview:large, max-video-preview:-1\" \/>\n<link rel=\"canonical\" href=\"https:\/\/swoer.com\/vi\/manufacturer\/vibratory-bowl-feeder-speed-controller-dvc34-xlr\/\" \/>\n<meta property=\"og:locale\" content=\"vi_VN\" \/>\n<meta property=\"og:type\" content=\"article\" \/>\n<meta property=\"og:title\" content=\"Vibratory Bowl Feeder Speed Controller DVC34-XLR - SWOER\" \/>\n<meta property=\"og:description\" content=\"The DVC34-XLR Speed Controller offers precise control with features like automatic speed stabilization, frequency adjustment, sensor self-adaptation, remote control, and 485 communication for reliable performance.\" \/>\n<meta property=\"og:url\" content=\"https:\/\/swoer.com\/vi\/manufacturer\/vibratory-bowl-feeder-speed-controller-dvc34-xlr\/\" \/>\n<meta property=\"og:site_name\" content=\"SWOER\" \/>\n<meta property=\"article:modified_time\" content=\"2024-08-16T06:01:56+00:00\" \/>\n<meta property=\"og:image\" content=\"https:\/\/swoer.com\/wp-content\/uploads\/2024\/07\/Vibratory-Feeder-Controller-SDVC34-XLR.webp\" \/>\n\t<meta property=\"og:image:width\" content=\"1000\" \/>\n\t<meta property=\"og:image:height\" content=\"1000\" \/>\n\t<meta property=\"og:image:type\" content=\"image\/webp\" \/>\n<meta name=\"twitter:card\" content=\"summary_large_image\" \/>\n<meta name=\"twitter:label1\" content=\"\u01af\u1edbc t\u00ednh th\u1eddi gian \u0111\u1ecdc\" \/>\n\t<meta name=\"twitter:data1\" content=\"3 ph\u00fat\" \/>\n<script type=\"application\/ld+json\" class=\"yoast-schema-graph\">{\"@context\":\"https:\/\/schema.org\",\"@graph\":[{\"@type\":\"WebPage\",\"@id\":\"https:\/\/swoer.com\/manufacturer\/vibratory-bowl-feeder-speed-controller-dvc34-xlr\/\",\"url\":\"https:\/\/swoer.com\/manufacturer\/vibratory-bowl-feeder-speed-controller-dvc34-xlr\/\",\"name\":\"Vibratory Bowl Feeder Speed Controller DVC34-XLR - SWOER\",\"isPartOf\":{\"@id\":\"https:\/\/swoer.com\/#website\"},\"primaryImageOfPage\":{\"@id\":\"https:\/\/swoer.com\/manufacturer\/vibratory-bowl-feeder-speed-controller-dvc34-xlr\/#primaryimage\"},\"image\":{\"@id\":\"https:\/\/swoer.com\/manufacturer\/vibratory-bowl-feeder-speed-controller-dvc34-xlr\/#primaryimage\"},\"thumbnailUrl\":\"https:\/\/swoer.com\/wp-content\/uploads\/2024\/07\/Vibratory-Feeder-Controller-SDVC34-XLR.webp\",\"datePublished\":\"2024-07-10T02:07:49+00:00\",\"dateModified\":\"2024-08-16T06:01:56+00:00\",\"description\":\"The DVC34-XLR Speed Controller offers precise control with features like automatic speed stabilization, frequency adjustment, sensor self-adaptation, remote control, and 485 communication for reliable performance.\",\"breadcrumb\":{\"@id\":\"https:\/\/swoer.com\/manufacturer\/vibratory-bowl-feeder-speed-controller-dvc34-xlr\/#breadcrumb\"},\"inLanguage\":\"vi\",\"potentialAction\":[{\"@type\":\"ReadAction\",\"target\":[\"https:\/\/swoer.com\/manufacturer\/vibratory-bowl-feeder-speed-controller-dvc34-xlr\/\"]}]},{\"@type\":\"ImageObject\",\"inLanguage\":\"vi\",\"@id\":\"https:\/\/swoer.com\/manufacturer\/vibratory-bowl-feeder-speed-controller-dvc34-xlr\/#primaryimage\",\"url\":\"https:\/\/swoer.com\/wp-content\/uploads\/2024\/07\/Vibratory-Feeder-Controller-SDVC34-XLR.webp\",\"contentUrl\":\"https:\/\/swoer.com\/wp-content\/uploads\/2024\/07\/Vibratory-Feeder-Controller-SDVC34-XLR.webp\",\"width\":1000,\"height\":1000,\"caption\":\"Vibratory Feeder Controller SDVC34-XLR\"},{\"@type\":\"BreadcrumbList\",\"@id\":\"https:\/\/swoer.com\/manufacturer\/vibratory-bowl-feeder-speed-controller-dvc34-xlr\/#breadcrumb\",\"itemListElement\":[{\"@type\":\"ListItem\",\"position\":1,\"name\":\"Home\",\"item\":\"https:\/\/swoer.com\/\"},{\"@type\":\"ListItem\",\"position\":2,\"name\":\"Shop\",\"item\":\"https:\/\/swoer.com\/shop\/\"},{\"@type\":\"ListItem\",\"position\":3,\"name\":\"Vibratory Bowl Feeder Speed Controller DVC34-XLR\"}]},{\"@type\":\"WebSite\",\"@id\":\"https:\/\/swoer.com\/#website\",\"url\":\"https:\/\/swoer.com\/\",\"name\":\"SWOER\",\"description\":\"Swoer is the top 3 vibratory bowl feeder manufacturer in China\",\"potentialAction\":[{\"@type\":\"SearchAction\",\"target\":{\"@type\":\"EntryPoint\",\"urlTemplate\":\"https:\/\/swoer.com\/?s={search_term_string}\"},\"query-input\":\"required name=search_term_string\"}],\"inLanguage\":\"vi\"}]}<\/script>\n<!-- \/ Yoast SEO plugin. -->","yoast_head_json":{"title":"Vibratory Bowl Feeder Speed Controller DVC34-XLR - SWOER","description":"The DVC34-XLR Speed Controller offers precise control with features like automatic speed stabilization, frequency adjustment, sensor self-adaptation, remote control, and 485 communication for reliable performance.","robots":{"index":"index","follow":"follow","max-snippet":"max-snippet:-1","max-image-preview":"max-image-preview:large","max-video-preview":"max-video-preview:-1"},"canonical":"https:\/\/swoer.com\/vi\/manufacturer\/vibratory-bowl-feeder-speed-controller-dvc34-xlr\/","og_locale":"vi_VN","og_type":"article","og_title":"Vibratory Bowl Feeder Speed Controller DVC34-XLR - SWOER","og_description":"The DVC34-XLR Speed Controller offers precise control with features like automatic speed stabilization, frequency adjustment, sensor self-adaptation, remote control, and 485 communication for reliable performance.","og_url":"https:\/\/swoer.com\/vi\/manufacturer\/vibratory-bowl-feeder-speed-controller-dvc34-xlr\/","og_site_name":"SWOER","article_modified_time":"2024-08-16T06:01:56+00:00","og_image":[{"width":1000,"height":1000,"url":"https:\/\/swoer.com\/wp-content\/uploads\/2024\/07\/Vibratory-Feeder-Controller-SDVC34-XLR.webp","type":"image\/webp"}],"twitter_card":"summary_large_image","twitter_misc":{"\u01af\u1edbc t\u00ednh th\u1eddi gian \u0111\u1ecdc":"3 ph\u00fat"},"schema":{"@context":"https:\/\/schema.org","@graph":[{"@type":"WebPage","@id":"https:\/\/swoer.com\/manufacturer\/vibratory-bowl-feeder-speed-controller-dvc34-xlr\/","url":"https:\/\/swoer.com\/manufacturer\/vibratory-bowl-feeder-speed-controller-dvc34-xlr\/","name":"Vibratory Bowl Feeder Speed Controller DVC34-XLR - SWOER","isPartOf":{"@id":"https:\/\/swoer.com\/#website"},"primaryImageOfPage":{"@id":"https:\/\/swoer.com\/manufacturer\/vibratory-bowl-feeder-speed-controller-dvc34-xlr\/#primaryimage"},"image":{"@id":"https:\/\/swoer.com\/manufacturer\/vibratory-bowl-feeder-speed-controller-dvc34-xlr\/#primaryimage"},"thumbnailUrl":"https:\/\/swoer.com\/wp-content\/uploads\/2024\/07\/Vibratory-Feeder-Controller-SDVC34-XLR.webp","datePublished":"2024-07-10T02:07:49+00:00","dateModified":"2024-08-16T06:01:56+00:00","description":"The DVC34-XLR Speed Controller offers precise control with features like automatic speed stabilization, frequency adjustment, sensor self-adaptation, remote control, and 485 communication for reliable performance.","breadcrumb":{"@id":"https:\/\/swoer.com\/manufacturer\/vibratory-bowl-feeder-speed-controller-dvc34-xlr\/#breadcrumb"},"inLanguage":"vi","potentialAction":[{"@type":"ReadAction","target":["https:\/\/swoer.com\/manufacturer\/vibratory-bowl-feeder-speed-controller-dvc34-xlr\/"]}]},{"@type":"ImageObject","inLanguage":"vi","@id":"https:\/\/swoer.com\/manufacturer\/vibratory-bowl-feeder-speed-controller-dvc34-xlr\/#primaryimage","url":"https:\/\/swoer.com\/wp-content\/uploads\/2024\/07\/Vibratory-Feeder-Controller-SDVC34-XLR.webp","contentUrl":"https:\/\/swoer.com\/wp-content\/uploads\/2024\/07\/Vibratory-Feeder-Controller-SDVC34-XLR.webp","width":1000,"height":1000,"caption":"Vibratory Feeder Controller SDVC34-XLR"},{"@type":"BreadcrumbList","@id":"https:\/\/swoer.com\/manufacturer\/vibratory-bowl-feeder-speed-controller-dvc34-xlr\/#breadcrumb","itemListElement":[{"@type":"ListItem","position":1,"name":"Home","item":"https:\/\/swoer.com\/"},{"@type":"ListItem","position":2,"name":"Shop","item":"https:\/\/swoer.com\/shop\/"},{"@type":"ListItem","position":3,"name":"Vibratory Bowl Feeder Speed Controller DVC34-XLR"}]},{"@type":"WebSite","@id":"https:\/\/swoer.com\/#website","url":"https:\/\/swoer.com\/","name":"SWOER","description":"Swoer is the top 3 vibratory bowl feeder manufacturer in China","potentialAction":[{"@type":"SearchAction","target":{"@type":"EntryPoint","urlTemplate":"https:\/\/swoer.com\/?s={search_term_string}"},"query-input":"required name=search_term_string"}],"inLanguage":"vi"}]}},"_links":{"self":[{"href":"https:\/\/swoer.com\/vi\/wp-json\/wp\/v2\/product\/2326"}],"collection":[{"href":"https:\/\/swoer.com\/vi\/wp-json\/wp\/v2\/product"}],"about":[{"href":"https:\/\/swoer.com\/vi\/wp-json\/wp\/v2\/types\/product"}],"replies":[{"embeddable":true,"href":"https:\/\/swoer.com\/vi\/wp-json\/wp\/v2\/comments?post=2326"}],"wp:featuredmedia":[{"embeddable":true,"href":"https:\/\/swoer.com\/vi\/wp-json\/wp\/v2\/media\/2493"}],"wp:attachment":[{"href":"https:\/\/swoer.com\/vi\/wp-json\/wp\/v2\/media?parent=2326"}],"wp:term":[{"taxonomy":"product_cat","embeddable":true,"href":"https:\/\/swoer.com\/vi\/wp-json\/wp\/v2\/product_cat?post=2326"},{"taxonomy":"product_tag","embeddable":true,"href":"https:\/\/swoer.com\/vi\/wp-json\/wp\/v2\/product_tag?post=2326"}],"curies":[{"name":"wp","href":"https:\/\/api.w.org\/{rel}","templated":true}]}}