{"id":2302,"date":"2024-07-09T02:48:58","date_gmt":"2024-07-09T02:48:58","guid":{"rendered":"https:\/\/swoer.com\/?post_type=product&#038;p=2302"},"modified":"2024-08-16T14:09:17","modified_gmt":"2024-08-16T06:09:17","slug":"vibratory-feeder-controller-sdvc34-ur","status":"publish","type":"product","link":"https:\/\/swoer.com\/vi\/manufacturer\/vibratory-feeder-controller-sdvc34-ur\/","title":{"rendered":"B\u1ed9 \u0111i\u1ec1u khi\u1ec3n n\u1ea1p rung SDVC34-UR"},"content":{"rendered":"<h2><strong><b>Thu\u1eadn l\u1ee3i<\/b><\/strong><\/h2>\n<ul>\n<li>\u1ed4n \u0111\u1ecbnh t\u1ed1c \u0111\u1ed9 t\u1ef1 \u0111\u1ed9ng<\/li>\n<li>\u0110i\u1ec1u ch\u1ec9nh t\u1ea7n s\u1ed1 t\u1ef1 \u0111\u1ed9ng<\/li>\n<li>T\u1ef1 \u0111\u1ed9ng t\u00ecm ki\u1ebfm t\u1ea7n s\u1ed1<\/li>\n<li>\u0110\u1ea7u ra \u0111\u1ed3ng b\u1ed9<\/li>\n<li>c\u00e0i s\u1eb5n t\u1ed1c \u0111\u1ed9<\/li>\n<li>Kh\u1edfi \u0111\u1ed9ng ch\u1eadm c\u00f3 th\u1ec3 \u0111i\u1ec1u ch\u1ec9nh<\/li>\n<li>\u1ed4n \u0111\u1ecbnh \u0111i\u1ec7n \u00e1p t\u1ef1 \u0111\u1ed9ng c\u00f3 \u0111\u1ed9 ch\u00ednh x\u00e1c cao<\/li>\n<li>B\u1ea3o v\u1ec7 qu\u00e1 nhi\u1ec7t k\u1ef9 thu\u1eadt s\u1ed1<\/li>\n<li>C\u1ea3m bi\u1ebfn t\u1ef1 th\u00edch \u1ee9ng<\/li>\n<li>\u0110i\u1ec1u khi\u1ec3n t\u1ed1c \u0111\u1ed9 t\u1eeb xa<\/li>\n<li>\u0110\u1ea7u ra \u0111i\u1ec1u khi\u1ec3n DC<\/li>\n<li>C\u00e0i \u0111\u1eb7t \u0111i\u1ec7n \u00e1p \u0111\u1ea7u ra t\u1ed1i \u0111a<\/li>\n<li>C\u1ea3m bi\u1ebfn chuy\u1ec3n \u0111\u1ed5i k\u00e9p t\u1eaft ho\u00e0n to\u00e0n \/ tr\u1ed1ng<\/li>\n<li>Ch\u1ee9c n\u0103ng \u0111\u1ebfm<\/li>\n<li>485 truy\u1ec1n th\u00f4ng<\/li>\n<\/ul>\n\t<div id=\"gap-247903021\" class=\"gap-element clearfix\" style=\"display:block; height:auto;\">\n\t\t\n<style>\n#gap-247903021 {\n  padding-top: 30px;\n}\n<\/style>\n\t<\/div>\n\t\n<h2><strong>Ch\u1ee9c n\u0103ng s\u1ea3n ph\u1ea9m<\/strong><\/h2>\n<h3 data-sourcepos=\"5:1-5:149\"><\/h3>\n<ol data-sourcepos=\"7:1-7:119\">\n<li data-sourcepos=\"7:1-7:119\">\n<p data-sourcepos=\"7:4-7:165\"><strong>\u0110i\u1ec1u ch\u1ebf t\u1ea7n s\u1ed1 t\u1ef1 \u0111\u1ed9ng:<\/strong> B\u1ed9 \u0111i\u1ec1u khi\u1ec3n t\u1ef1 \u0111\u1ed9ng \u0111i\u1ec1u ch\u1ec9nh t\u1ea7n s\u1ed1 \u0111\u1ea7u ra theo th\u1eddi gian th\u1ef1c, \u0111\u1ea3m b\u1ea3o b\u1ed9 c\u1ea5p ngu\u1ed3n ho\u1ea1t \u0111\u1ed9ng \u1edf t\u1ea7n s\u1ed1 t\u1ed1i \u01b0u.<\/p>\n<\/li>\n<li data-sourcepos=\"9:1-9:140\">\n<p data-sourcepos=\"9:4-9:140\"><strong>\u1ed4n \u0111\u1ecbnh t\u1ed1c \u0111\u1ed9 t\u1ef1 \u0111\u1ed9ng:<\/strong> B\u1ed9 \u0111i\u1ec1u khi\u1ec3n t\u1ef1 \u0111\u1ed9ng \u0111i\u1ec1u ch\u1ec9nh \u0111i\u1ec7n \u00e1p theo th\u1eddi gian th\u1ef1c. Do \u0111\u00f3, n\u00f3 \u0111\u1ea3m b\u1ea3o t\u1ed1c \u0111\u1ed9 n\u1ea1p li\u1ec7u \u1ed5n \u0111\u1ecbnh, b\u1ea5t k\u1ec3 ph\u00f4i gia c\u00f4ng c\u00f3 thay \u0111\u1ed5i hay kh\u00f4ng.<\/p>\n<\/li>\n<li data-sourcepos=\"11:1-11:137\">\n<p data-sourcepos=\"11:4-11:137\"><strong>T\u00ecm ki\u1ebfm t\u1ea7n s\u1ed1 t\u1ef1 \u0111\u1ed9ng ch\u1ed1ng l\u1eeba \u0111\u1ea3o:<\/strong> Ch\u1ee9c n\u0103ng n\u00e0y nhanh ch\u00f3ng x\u00e1c \u0111\u1ecbnh t\u1ea7n su\u1ea5t l\u00e0m vi\u1ec7c t\u1ed1i \u01b0u v\u00e0 c\u00e1c th\u00f4ng s\u1ed1 li\u00ean quan kh\u00e1c, gi\u00fap \u0111\u01a1n gi\u1ea3n h\u00f3a thao t\u00e1c c\u1ee7a ng\u01b0\u1eddi d\u00f9ng.<\/p>\n<\/li>\n<li data-sourcepos=\"13:1-14:0\">\n<p data-sourcepos=\"13:4-13:227\"><strong>\u1ed4n \u0111\u1ecbnh \u0111i\u1ec7n \u00e1p t\u1ef1 \u0111\u1ed9ng:<\/strong> Ngay c\u1ea3 khi kh\u00f4ng b\u1eadt \u1ed5n \u0111\u1ecbnh t\u1ed1c \u0111\u1ed9 t\u1ef1 \u0111\u1ed9ng, b\u1ed9 \u0111i\u1ec1u khi\u1ec3n s\u1ebd lo\u1ea1i b\u1ecf c\u00e1c thay \u0111\u1ed5i t\u1ed1c \u0111\u1ed9 c\u1ea5p li\u1ec7u do bi\u1ebfn \u0111\u1ed9ng ngu\u1ed3n \u0111i\u1ec7n v\u00e0 hi\u1ec7u \u1ee9ng t\u1ea7n s\u1ed1 nh\u1ecbp AC t\u1ea7n s\u1ed1 c\u00f4ng nghi\u1ec7p.<\/p>\n<\/li>\n<li data-sourcepos=\"15:1-16:0\">\n<p data-sourcepos=\"15:4-15:163\"><strong>\u0110\u1ea7u ra \u0111\u1ed3ng b\u1ed9:<\/strong> Ch\u1ee9c n\u0103ng n\u00e0y kh\u00f3a \u0111\u1ed3ng b\u1ed9 \u0111\u1ea7u ra c\u1ee7a nhi\u1ec1u b\u1ed9 \u0111i\u1ec1u khi\u1ec3n \u1edf c\u00f9ng t\u1ea7n s\u1ed1 v\u00e0 pha, ng\u0103n ng\u1eeba c\u00e1c v\u1ea5n \u0111\u1ec1 v\u1ec1 t\u1ea7n s\u1ed1 nh\u1ecbp.<\/p>\n<\/li>\n<li data-sourcepos=\"17:1-18:0\">\n<p data-sourcepos=\"17:4-17:254\"><strong>T\u1eaft v\u1eadt li\u1ec7u \u0111\u1ea7y\/tr\u1ed1ng:<\/strong> B\u1ed9 \u0111i\u1ec1u khi\u1ec3n cung c\u1ea5p giao di\u1ec7n \u0111\u1ea7u v\u00e0o t\u00edn hi\u1ec7u c\u1ea3m bi\u1ebfn chuy\u1ec3n \u0111\u1ed5i \u0111\u1ec3 \u0111i\u1ec1u khi\u1ec3n t\u1eaft v\u1eadt li\u1ec7u \u0111\u1ea7y\/tr\u1ed1ng v\u1edbi th\u1eddi gian b\u1eaft \u0111\u1ea7u ch\u1eadm c\u00f3 th\u1ec3 \u0111i\u1ec1u ch\u1ec9nh, \u0111\u1ed9 tr\u1ec5 m\u1edf, \u0111\u1ed9 tr\u1ec5 \u0111\u00f3ng, c\u00e0i \u0111\u1eb7t h\u01b0\u1edbng logic v\u00e0 c\u00e1c ch\u1ee9c n\u0103ng \u0111i\u1ec1u khi\u1ec3n kh\u00e1c.<\/p>\n<\/li>\n<li data-sourcepos=\"19:1-19:77\">\n<p data-sourcepos=\"19:4-19:77\"><strong>Th\u00edch \u1ee9ng c\u1ea3m bi\u1ebfn:<\/strong> Ngo\u00e0i ra, b\u1ed9 \u0111i\u1ec1u khi\u1ec3n c\u00f2n d\u1ec5 d\u00e0ng th\u00edch \u1ee9ng v\u1edbi c\u1ea3 c\u1ea3m bi\u1ebfn NPN v\u00e0 PNP, \u0111\u1ea3m b\u1ea3o kh\u1ea3 n\u0103ng t\u01b0\u01a1ng th\u00edch v\u00e0 \u0111\u1ed9 tin c\u1eady li\u1ec1n m\u1ea1ch.<\/p>\n<\/li>\n<li data-sourcepos=\"21:1-22:0\">\n<p data-sourcepos=\"21:4-21:191\"><strong>B\u1eaft \u0111\u1ea7u ch\u1eadm:<\/strong> Khi kh\u1edfi \u0111\u1ed9ng, b\u1ed9 \u0111i\u1ec1u khi\u1ec3n t\u0103ng d\u1ea7n \u0111i\u1ec7n \u00e1p \u0111\u1ea7u ra\/t\u1ed1c \u0111\u1ed9 c\u1ea5p ngu\u1ed3n t\u1eeb 0 l\u00ean gi\u00e1 tr\u1ecb \u0111\u1eb7t tr\u01b0\u1edbc, lo\u1ea1i b\u1ecf h\u01b0 h\u1ecfng thi\u1ebft b\u1ecb rung do s\u1ed1c kh\u1edfi \u0111\u1ed9ng.<\/p>\n<\/li>\n<li data-sourcepos=\"23:1-24:0\">\n<p data-sourcepos=\"23:4-23:111\"><strong>\u0110\u1eb7t tr\u01b0\u1edbc t\u1ed1c \u0111\u1ed9:<\/strong> Ng\u01b0\u1eddi d\u00f9ng c\u00f3 th\u1ec3 ch\u1ecdn tr\u1ef1c ti\u1ebfp t\u1ed1i \u0111a 4 \u0111i\u1ec7n \u00e1p \u0111\u1ea7u ra \u0111\u1eb7t tr\u01b0\u1edbc th\u00f4ng qua t\u00edn hi\u1ec7u \u0111i\u1ec1u khi\u1ec3n b\u00ean ngo\u00e0i.<\/p>\n<\/li>\n<li data-sourcepos=\"25:1-26:0\">\n<p data-sourcepos=\"25:5-25:111\"><strong>Ch\u1ee9c n\u0103ng t\u0103ng t\u1ed1c:<\/strong> Ch\u1ee9c n\u0103ng n\u00e0y t\u0103ng \u0111i\u1ec7n \u00e1p \u0111\u1ea7u ra t\u1ed1i \u0111a l\u00ean 150% c\u1ee7a \u0111i\u1ec7n \u00e1p \u0111\u1ea7u v\u00e0o.<\/p>\n<\/li>\n<li data-sourcepos=\"27:1-28:0\">\n<p data-sourcepos=\"27:5-27:188\"><strong>C\u00e0i \u0111\u1eb7t \u0111i\u1ec7n \u00e1p \u0111\u1ea7u ra t\u1ed1i \u0111a:<\/strong> C\u00e0i \u0111\u1eb7t n\u00e0y cho ph\u00e9p ng\u01b0\u1eddi d\u00f9ng x\u00e1c \u0111\u1ecbnh \u0111i\u1ec7n \u00e1p \u0111i\u1ec1u ch\u1ec9nh t\u1ed1i \u0111a, ng\u0103n ng\u1eeba h\u01b0 h\u1ecfng do v\u00f4 t\u00ecnh \u0111\u1ed1i v\u1edbi thi\u1ebft b\u1ecb rung do v\u01b0\u1ee3t qu\u00e1 gi\u1edbi h\u1ea1n \u0111i\u1ec7n \u00e1p.<\/p>\n<\/li>\n<li data-sourcepos=\"29:1-30:0\">\n<p data-sourcepos=\"29:5-29:107\"><strong>Ch\u1ec9 s\u1ed1 d\u1ea1ng s\u00f3ng:<\/strong> Ng\u01b0\u1eddi d\u00f9ng c\u00f3 th\u1ec3 \u0111i\u1ec1u ch\u1ec9nh th\u00f4ng s\u1ed1 n\u00e0y \u0111\u1ec3 c\u00e2n b\u1eb1ng hi\u1ec7u su\u1ea5t c\u1ee7a b\u1ed9 \u0111i\u1ec1u khi\u1ec3n v\u00e0 c\u00f4ng su\u1ea5t t\u1ed1i \u0111a.<\/p>\n<\/li>\n<li data-sourcepos=\"31:1-32:0\">\n<p data-sourcepos=\"31:5-31:188\"><strong>Ki\u1ec3m so\u00e1t t\u1ed1c \u0111\u1ed9 t\u1eeb xa:<\/strong> B\u1ed9 \u0111i\u1ec1u khi\u1ec3n cho ph\u00e9p \u0111i\u1ec1u khi\u1ec3n tr\u1ef1c ti\u1ebfp \u0111i\u1ec7n \u00e1p \u0111\u1ea7u ra ho\u1eb7c t\u1ed1c \u0111\u1ed9 c\u1ea5p li\u1ec7u b\u1eb1ng chi\u1ebft \u00e1p b\u00ean ngo\u00e0i, PLC, t\u00edn hi\u1ec7u \u0111i\u1ec7n \u00e1p 1~5V ho\u1eb7c t\u00edn hi\u1ec7u ngu\u1ed3n 4~20mA.<\/p>\n<\/li>\n<li data-sourcepos=\"33:1-34:0\">\n<p data-sourcepos=\"33:5-33:185\"><strong>\u0110\u1ea7u ra \u0111i\u1ec1u khi\u1ec3n 24V DC:<\/strong> B\u1ed9 \u0111i\u1ec1u khi\u1ec3n cung c\u1ea5p t\u00edn hi\u1ec7u \u0111i\u1ec1u khi\u1ec3n th\u00f4ng qua m\u1ed9t b\u00f3ng b\u00e1n d\u1eabn \u0111\u1ec3 \u0111i\u1ec1u khi\u1ec3n tr\u1ef1c ti\u1ebfp c\u00e1c thi\u1ebft b\u1ecb b\u00ean ngo\u00e0i nh\u01b0 van \u0111i\u1ec7n t\u1eeb, ph\u1ed1i h\u1ee3p v\u1edbi b\u1ed9 \u0111i\u1ec1u khi\u1ec3n.<\/p>\n<\/li>\n<li data-sourcepos=\"35:1-35:12\">\n<p data-sourcepos=\"35:5-35:12\"><strong>C\u00f4ng t\u1eafc \u0111\u1ea7u ra:<\/strong> N\u00fat c\u1ea3m \u1ee9ng tr\u00ean b\u1ea3ng \u0111i\u1ec1u khi\u1ec3n cho ph\u00e9p ng\u01b0\u1eddi d\u00f9ng kh\u1edfi \u0111\u1ed9ng\/d\u1eebng m\u00e1y ngay l\u1eadp t\u1ee9c, h\u1ed7 tr\u1ee3 g\u1ee1 l\u1ed7i thi\u1ebft b\u1ecb.<\/p>\n<\/li>\n<li data-sourcepos=\"37:1-38:0\">\n<p data-sourcepos=\"37:5-37:115\"><strong>Kh\u00f3a b\u00e0n ph\u00edm:<\/strong> Ng\u01b0\u1eddi d\u00f9ng c\u00f3 th\u1ec3 nh\u1ea5n v\u00e0 gi\u1eef n\u00fat b\u1eadt\/t\u1eaft \u0111\u1ec3 kh\u00f3a t\u1ea5t c\u1ea3 c\u00e1c n\u00fat, ng\u0103n ng\u1eeba thao t\u00e1c v\u00f4 t\u00ecnh.<\/p>\n<\/li>\n<li data-sourcepos=\"39:1-40:0\">\n<p data-sourcepos=\"39:5-39:154\"><strong>M\u1eadt kh\u1ea9u tham s\u1ed1:<\/strong> Ng\u01b0\u1eddi d\u00f9ng c\u00f3 th\u1ec3 \u0111\u1eb7t m\u1eadt kh\u1ea9u \u0111\u1ec3 kh\u00f3a c\u00e1c th\u00f4ng s\u1ed1 c\u1ee5 th\u1ec3, ngo\u1ea1i tr\u1eeb \u0111i\u1ec7n \u00e1p \u0111\u1ea7u ra\/t\u1ed1c \u0111\u1ed9 c\u1ea5p ngu\u1ed3n, \u0111\u1ec3 ng\u0103n ch\u1eb7n nh\u1eefng thay \u0111\u1ed5i tr\u00e1i ph\u00e9p.<\/p>\n<\/li>\n<li data-sourcepos=\"41:1-42:0\">\n<p data-sourcepos=\"41:5-41:183\"><strong>Kh\u00f4i ph\u1ee5c c\u00e0i \u0111\u1eb7t g\u1ed1c:<\/strong> Ch\u1ee9c n\u0103ng n\u00e0y cho ph\u00e9p ng\u01b0\u1eddi d\u00f9ng nhanh ch\u00f3ng kh\u00f4i ph\u1ee5c t\u1ea5t c\u1ea3 c\u00e1c th\u00f4ng s\u1ed1 \u0111\u00e3 \u0111i\u1ec1u ch\u1ec9nh v\u1ec1 m\u1eb7c \u0111\u1ecbnh c\u1ee7a nh\u00e0 s\u1ea3n xu\u1ea5t, \u0111\u01b0a b\u1ed9 \u0111i\u1ec1u khi\u1ec3n tr\u1edf v\u1ec1 tr\u1ea1ng th\u00e1i ho\u1ea1t \u0111\u1ed9ng ban \u0111\u1ea7u.<\/p>\n<\/li>\n<li data-sourcepos=\"43:1-43:108\">\n<p data-sourcepos=\"43:5-43:108\"><strong>485 Truy\u1ec1n th\u00f4ng:<\/strong> C\u00e1c th\u00f4ng s\u1ed1 b\u1ed9 \u0111i\u1ec1u khi\u1ec3n kh\u00e1c nhau c\u00f3 th\u1ec3 \u0111\u01b0\u1ee3c \u0111i\u1ec1u ch\u1ec9nh t\u1eeb xa th\u00f4ng qua giao ti\u1ebfp 485.<\/p>\n<\/li>\n<\/ol>\n\t<div id=\"gap-230047162\" class=\"gap-element clearfix\" style=\"display:block; height:auto;\">\n\t\t\n<style>\n#gap-230047162 {\n  padding-top: 30px;\n}\n<\/style>\n\t<\/div>\n\t\n<h2>Th\u00f4ng s\u1ed1 k\u1ef9 thu\u1eadt<\/h2>\n<table width=\"767\">\n<tbody>\n<tr>\n<td rowspan=\"2\" width=\"225\">M\u1ee5c<\/td>\n<td colspan=\"3\" width=\"216\">Ph\u1ea1m vi<\/td>\n<td rowspan=\"2\" width=\"72\">\u0110\u01a1n v\u1ecb<\/td>\n<td rowspan=\"2\" width=\"254\">S\u1ef1 mi\u00eau t\u1ea3<\/td>\n<\/tr>\n<tr>\n<td>t\u1ed1i thi\u1ec3u<\/td>\n<td>\u0110\u1eb7c tr\u01b0ng<\/td>\n<td>T\u1ed1i \u0111a<\/td>\n<\/tr>\n<tr>\n<td>\u0110i\u1ec7n \u00e1p \u0111\u1ea7u v\u00e0o<\/td>\n<td>85<\/td>\n<td>220<\/td>\n<td>260<\/td>\n<td>V.<\/td>\n<td>Gi\u00e1 tr\u1ecb hi\u1ec7u d\u1ee5ng AC<\/td>\n<\/tr>\n<tr>\n<td>Ph\u1ea1m vi \u0111i\u1ec1u ch\u1ec9nh \u0111i\u1ec7n \u00e1p \u0111\u1ea7u ra<\/td>\n<td>0<\/td>\n<td><\/td>\n<td>260<\/td>\n<td>V.<\/td>\n<td>\u0110i\u1ec7n \u00e1p \u0111\u1ea7u v\u00e0o nh\u1ecf h\u01a1n 150%<\/td>\n<\/tr>\n<tr>\n<td>\u0110\u1ed9 ch\u00ednh x\u00e1c \u0111i\u1ec1u ch\u1ec9nh \u0111i\u1ec7n \u00e1p<\/td>\n<td colspan=\"3\">1<\/td>\n<td>V.<\/td>\n<td><\/td>\n<\/tr>\n<tr>\n<td>\u0110\u1ed9 ch\u00ednh x\u00e1c \u0111i\u1ec1u ch\u1ec9nh \u0111i\u1ec7n \u00e1p<\/td>\n<td>0<\/td>\n<td><\/td>\n<td>10<\/td>\n<td><\/td>\n<td>Vout\/Vin<\/td>\n<\/tr>\n<tr>\n<td>Th\u1eddi gian \u0111\u00e1p \u1ee9ng \u0111i\u1ec1u ch\u1ec9nh \u0111i\u1ec7n \u00e1p<\/td>\n<td>0.0025<\/td>\n<td><\/td>\n<td>0.04<\/td>\n<td>S<\/td>\n<td>M\u1ed9t ph\u1ea7n m\u01b0\u1eddi chu k\u1ef3 \u0111i\u1ec7n \u00e1p \u0111\u1ea7u ra<\/td>\n<\/tr>\n<tr>\n<td rowspan=\"2\">Ph\u1ea1m vi \u0111i\u1ec1u ch\u1ec9nh d\u00f2ng \u0111i\u1ec7n \u0111\u1ea7u ra<\/td>\n<td rowspan=\"2\">0<\/td>\n<td rowspan=\"2\"><\/td>\n<td rowspan=\"2\">10<\/td>\n<td rowspan=\"2\">M\u1ed8T<\/td>\n<td rowspan=\"2\"><\/td>\n<\/tr>\n<tr>\n<td rowspan=\"2\"><\/td>\n<td rowspan=\"2\"><\/td>\n<td rowspan=\"2\"><\/td>\n<td rowspan=\"2\"><\/td>\n<td rowspan=\"2\"><\/td>\n<td rowspan=\"2\"><\/td>\n<\/tr>\n<tr>\n<td>T\u1ea7n s\u1ed1 \u0111\u1ea7u ra<\/td>\n<td>25<\/td>\n<td><\/td>\n<td>400<\/td>\n<td>Hz<\/td>\n<td><\/td>\n<\/tr>\n<tr>\n<td>\u0110\u1ed9 ch\u00ednh x\u00e1c \u0111i\u1ec1u ch\u1ec9nh t\u1ea7n s\u1ed1<\/td>\n<td colspan=\"3\">0.1<\/td>\n<td>Hz<\/td>\n<td><\/td>\n<\/tr>\n<tr>\n<td>D\u1ea1ng s\u00f3ng \u0111\u1ea7u ra<\/td>\n<td colspan=\"3\">sin<\/td>\n<td><\/td>\n<td><\/td>\n<\/tr>\n<tr>\n<td>Th\u1eddi gian b\u1eaft \u0111\u1ea7u ch\u1eadm<\/td>\n<td>0<\/td>\n<td><\/td>\n<td>10<\/td>\n<td>S<\/td>\n<td>M\u1eb7c \u0111\u1ecbnh c\u1ee7a nh\u00e0 m\u00e1y 0,5<\/td>\n<\/tr>\n<tr>\n<td>Ph\u1ea1m vi th\u1eddi gian tr\u1ec5<\/td>\n<td>0<\/td>\n<td><\/td>\n<td>20<\/td>\n<td>S<\/td>\n<td>M\u1eb7c \u0111\u1ecbnh c\u1ee7a nh\u00e0 m\u00e1y 0,2<\/td>\n<\/tr>\n<tr>\n<td>\u0110\u1ed9 ch\u00ednh x\u00e1c th\u1eddi gian tr\u1ec5<\/td>\n<td colspan=\"3\">0.1<\/td>\n<td>S<\/td>\n<td><\/td>\n<\/tr>\n<tr>\n<td>Nhi\u1ec7t \u0111\u1ed9 b\u1ea3o v\u1ec7 qu\u00e1 nhi\u1ec7t<\/td>\n<td>60<\/td>\n<td>65<\/td>\n<td>65<\/td>\n<td>oC<\/td>\n<td><\/td>\n<\/tr>\n<tr>\n<td>M\u00f4 h\u00ecnh \u0111i\u1ec1u khi\u1ec3n t\u01b0\u01a1ng t\u1ef1<\/td>\n<td colspan=\"3\">Giao ti\u1ebfp ModBus485<\/td>\n<td>V.<\/td>\n<td>\u0110i\u1ec7n \u00e1p \u0111i\u1ec1u khi\u1ec3n t\u1ed1c \u0111\u1ed9 t\u1eeb xa<\/td>\n<\/tr>\n<tr>\n<td>T\u00edn hi\u1ec7u \u0111i\u1ec1u khi\u1ec3n k\u1ef9 thu\u1eadt s\u1ed1<\/td>\n<td colspan=\"3\">24<\/td>\n<td>V.<\/td>\n<td>Chuy\u1ec3n \u0111\u1ed5i t\u00edn hi\u1ec7u \u0111i\u1ec1u khi\u1ec3n<\/td>\n<\/tr>\n<tr>\n<td>Ph\u01b0\u01a1ng ph\u00e1p \u0111i\u1ec1u ch\u1ec9nh<\/td>\n<td colspan=\"3\">6<\/td>\n<td>ch\u00eca kh\u00f3a<\/td>\n<td><\/td>\n<\/tr>\n<tr>\n<td>Ti\u00eau th\u1ee5 \u0111i\u1ec7n n\u0103ng kh\u00f4ng t\u1ea3i<\/td>\n<td><\/td>\n<td>3<\/td>\n<td><\/td>\n<td>W<\/td>\n<td><\/td>\n<\/tr>\n<tr>\n<td>Ch\u1ebf \u0111\u1ed9 hi\u1ec3n th\u1ecb<\/td>\n<td colspan=\"3\">5<\/td>\n<td>ch\u1eef s\u1ed1<\/td>\n<td>\u1ed0ng LED k\u1ef9 thu\u1eadt s\u1ed1<\/td>\n<\/tr>\n<tr>\n<td>Nhi\u1ec7t \u0111\u1ed9 m\u00f4i tr\u01b0\u1eddng ti\u1ec1n l\u01b0\u01a1ng<\/td>\n<td>0<\/td>\n<td>25<\/td>\n<td>40<\/td>\n<td>oC<\/td>\n<td rowspan=\"2\">Kh\u00f4ng ng\u01b0ng t\u1ee5<\/td>\n<\/tr>\n<tr>\n<td>\u0110\u1ed9 \u1ea9m m\u00f4i tr\u01b0\u1eddng ti\u1ec1n l\u01b0\u01a1ng<\/td>\n<td>10<\/td>\n<td>60<\/td>\n<td>85<\/td>\n<td>%<\/td>\n<\/tr>\n<\/tbody>\n<\/table>\n\t<div id=\"gap-953638529\" class=\"gap-element clearfix\" style=\"display:block; height:auto;\">\n\t\t\n<style>\n#gap-953638529 {\n  padding-top: 30px;\n}\n<\/style>\n\t<\/div>\n\t\n<h2><strong><b>K\u00edch th\u01b0\u1edbc v\u00e0 <\/b><\/strong><strong><b>W<\/b><\/strong><strong><b>t\u00e1m:<\/b><\/strong><\/h2>\n<ul>\n<li><strong>K\u00edch th\u01b0\u1edbc:<\/strong> D\u00e0i 190mm x r\u1ed9ng 242mm x cao 94,5mm<\/li>\n<li><strong>C\u00e2n n\u1eb7ng:<\/strong> 2670g (kh\u00f4ng bao g\u1ed3m ph\u1ee5 ki\u1ec7n)<\/li>\n<\/ul>\n\t<div class=\"img has-hover x md-x lg-x y md-y lg-y\" id=\"image_901523583\">\n\t\t\t\t\t\t\t\t<div class=\"img-inner dark\" >\n\t\t\t<img loading=\"lazy\" decoding=\"async\" width=\"818\" height=\"559\" src=\"https:\/\/swoer.com\/wp-content\/uploads\/2024\/07\/Dimensions.webp\" class=\"attachment-original size-original\" alt=\"K\u00edch th\u01b0\u1edbc\" srcset=\"https:\/\/swoer.com\/wp-content\/uploads\/2024\/07\/Dimensions.webp 818w, https:\/\/swoer.com\/wp-content\/uploads\/2024\/07\/Dimensions-300x205.webp 300w, https:\/\/swoer.com\/wp-content\/uploads\/2024\/07\/Dimensions-768x525.webp 768w, https:\/\/swoer.com\/wp-content\/uploads\/2024\/07\/Dimensions-18x12.webp 18w, https:\/\/swoer.com\/wp-content\/uploads\/2024\/07\/Dimensions-600x410.webp 600w\" sizes=\"(max-width: 818px) 100vw, 818px\" \/>\t\t\t\t\t\t\n\t\t\t\t\t<\/div>\n\t\t\t\t\t\t\t\t\n<style>\n#image_901523583 {\n  width: 67%;\n}\n<\/style>\n\t<\/div>","protected":false},"excerpt":{"rendered":"<p>B\u1ed9 \u0111i\u1ec1u khi\u1ec3n ti\u00ean ti\u1ebfn n\u00e0y t\u1ef1 h\u00e0o c\u00f3 kh\u1ea3 n\u0103ng \u0111i\u1ec1u khi\u1ec3n t\u1ed1c \u0111\u1ed9\/t\u1ea7n s\u1ed1 t\u1ef1 \u0111\u1ed9ng, \u0111\u1ea7u ra \u0111\u1ed3ng b\u1ed9, c\u00e0i \u0111\u1eb7t tr\u01b0\u1edbc t\u1ed1c \u0111\u1ed9, kh\u1edfi \u0111\u1ed9ng ch\u1eadm, \u1ed5n \u0111\u1ecbnh \u0111i\u1ec7n \u00e1p, b\u1ea3o v\u1ec7 qu\u00e1 nhi\u1ec7t, t\u1ef1 \u0111i\u1ec1u ch\u1ec9nh c\u1ea3m bi\u1ebfn, \u0111i\u1ec1u khi\u1ec3n t\u1eeb xa, \u0111\u1ea7u ra DC, c\u00e0i \u0111\u1eb7t \u0111i\u1ec7n \u00e1p, t\u1eaft ho\u00e0n to\u00e0n\/tr\u1ed1ng, \u0111\u1ebfm v\u00e0 giao ti\u1ebfp 485.<\/p>","protected":false},"featured_media":2497,"comment_status":"open","ping_status":"closed","template":"","meta":[],"product_cat":[45],"product_tag":[],"yoast_head":"<!-- This site is optimized with the Yoast SEO plugin v22.2 - https:\/\/yoast.com\/wordpress\/plugins\/seo\/ -->\n<title>Vibratory Feeder Controller SDVC34-UR - SWOER<\/title>\n<meta name=\"description\" content=\"Optimize your material flow with the Vibratory Feeder Controller SDVC34-UR. Precise control, easy setup, and enhanced efficiency for industrial applications. Order now\uff01\" \/>\n<meta name=\"robots\" content=\"index, follow, max-snippet:-1, max-image-preview:large, max-video-preview:-1\" \/>\n<link rel=\"canonical\" href=\"https:\/\/swoer.com\/vi\/manufacturer\/vibratory-feeder-controller-sdvc34-ur\/\" \/>\n<meta property=\"og:locale\" content=\"vi_VN\" \/>\n<meta property=\"og:type\" content=\"article\" \/>\n<meta property=\"og:title\" content=\"Vibratory Feeder Controller SDVC34-UR - SWOER\" \/>\n<meta property=\"og:description\" content=\"Optimize your material flow with the Vibratory Feeder Controller SDVC34-UR. Precise control, easy setup, and enhanced efficiency for industrial applications. Order now\uff01\" \/>\n<meta property=\"og:url\" content=\"https:\/\/swoer.com\/vi\/manufacturer\/vibratory-feeder-controller-sdvc34-ur\/\" \/>\n<meta property=\"og:site_name\" content=\"SWOER\" \/>\n<meta property=\"article:modified_time\" content=\"2024-08-16T06:09:17+00:00\" \/>\n<meta property=\"og:image\" content=\"https:\/\/swoer.com\/wp-content\/uploads\/2024\/07\/Vibratory-Bowl-Feeder-Controller-SDVC34-UR.webp\" \/>\n\t<meta property=\"og:image:width\" content=\"1000\" \/>\n\t<meta property=\"og:image:height\" content=\"1000\" \/>\n\t<meta property=\"og:image:type\" content=\"image\/webp\" \/>\n<meta name=\"twitter:card\" content=\"summary_large_image\" \/>\n<meta name=\"twitter:label1\" content=\"\u01af\u1edbc t\u00ednh th\u1eddi gian \u0111\u1ecdc\" \/>\n\t<meta name=\"twitter:data1\" content=\"3 ph\u00fat\" \/>\n<script type=\"application\/ld+json\" class=\"yoast-schema-graph\">{\"@context\":\"https:\/\/schema.org\",\"@graph\":[{\"@type\":\"WebPage\",\"@id\":\"https:\/\/swoer.com\/manufacturer\/vibratory-feeder-controller-sdvc34-ur\/\",\"url\":\"https:\/\/swoer.com\/manufacturer\/vibratory-feeder-controller-sdvc34-ur\/\",\"name\":\"Vibratory Feeder Controller SDVC34-UR - SWOER\",\"isPartOf\":{\"@id\":\"https:\/\/swoer.com\/#website\"},\"primaryImageOfPage\":{\"@id\":\"https:\/\/swoer.com\/manufacturer\/vibratory-feeder-controller-sdvc34-ur\/#primaryimage\"},\"image\":{\"@id\":\"https:\/\/swoer.com\/manufacturer\/vibratory-feeder-controller-sdvc34-ur\/#primaryimage\"},\"thumbnailUrl\":\"https:\/\/swoer.com\/wp-content\/uploads\/2024\/07\/Vibratory-Bowl-Feeder-Controller-SDVC34-UR.webp\",\"datePublished\":\"2024-07-09T02:48:58+00:00\",\"dateModified\":\"2024-08-16T06:09:17+00:00\",\"description\":\"Optimize your material flow with the Vibratory Feeder Controller SDVC34-UR. Precise control, easy setup, and enhanced efficiency for industrial applications. Order now\uff01\",\"breadcrumb\":{\"@id\":\"https:\/\/swoer.com\/manufacturer\/vibratory-feeder-controller-sdvc34-ur\/#breadcrumb\"},\"inLanguage\":\"vi\",\"potentialAction\":[{\"@type\":\"ReadAction\",\"target\":[\"https:\/\/swoer.com\/manufacturer\/vibratory-feeder-controller-sdvc34-ur\/\"]}]},{\"@type\":\"ImageObject\",\"inLanguage\":\"vi\",\"@id\":\"https:\/\/swoer.com\/manufacturer\/vibratory-feeder-controller-sdvc34-ur\/#primaryimage\",\"url\":\"https:\/\/swoer.com\/wp-content\/uploads\/2024\/07\/Vibratory-Bowl-Feeder-Controller-SDVC34-UR.webp\",\"contentUrl\":\"https:\/\/swoer.com\/wp-content\/uploads\/2024\/07\/Vibratory-Bowl-Feeder-Controller-SDVC34-UR.webp\",\"width\":1000,\"height\":1000,\"caption\":\"Vibratory Bowl Feeder Controller SDVC34-UR\"},{\"@type\":\"BreadcrumbList\",\"@id\":\"https:\/\/swoer.com\/manufacturer\/vibratory-feeder-controller-sdvc34-ur\/#breadcrumb\",\"itemListElement\":[{\"@type\":\"ListItem\",\"position\":1,\"name\":\"Home\",\"item\":\"https:\/\/swoer.com\/\"},{\"@type\":\"ListItem\",\"position\":2,\"name\":\"Shop\",\"item\":\"https:\/\/swoer.com\/shop\/\"},{\"@type\":\"ListItem\",\"position\":3,\"name\":\"Vibratory Feeder Controller SDVC34-UR\"}]},{\"@type\":\"WebSite\",\"@id\":\"https:\/\/swoer.com\/#website\",\"url\":\"https:\/\/swoer.com\/\",\"name\":\"SWOER\",\"description\":\"Swoer is the top 3 vibratory bowl feeder manufacturer in China\",\"potentialAction\":[{\"@type\":\"SearchAction\",\"target\":{\"@type\":\"EntryPoint\",\"urlTemplate\":\"https:\/\/swoer.com\/?s={search_term_string}\"},\"query-input\":\"required name=search_term_string\"}],\"inLanguage\":\"vi\"}]}<\/script>\n<!-- \/ Yoast SEO plugin. -->","yoast_head_json":{"title":"Vibratory Feeder Controller SDVC34-UR - SWOER","description":"Optimize your material flow with the Vibratory Feeder Controller SDVC34-UR. Precise control, easy setup, and enhanced efficiency for industrial applications. Order now\uff01","robots":{"index":"index","follow":"follow","max-snippet":"max-snippet:-1","max-image-preview":"max-image-preview:large","max-video-preview":"max-video-preview:-1"},"canonical":"https:\/\/swoer.com\/vi\/manufacturer\/vibratory-feeder-controller-sdvc34-ur\/","og_locale":"vi_VN","og_type":"article","og_title":"Vibratory Feeder Controller SDVC34-UR - SWOER","og_description":"Optimize your material flow with the Vibratory Feeder Controller SDVC34-UR. Precise control, easy setup, and enhanced efficiency for industrial applications. Order now\uff01","og_url":"https:\/\/swoer.com\/vi\/manufacturer\/vibratory-feeder-controller-sdvc34-ur\/","og_site_name":"SWOER","article_modified_time":"2024-08-16T06:09:17+00:00","og_image":[{"width":1000,"height":1000,"url":"https:\/\/swoer.com\/wp-content\/uploads\/2024\/07\/Vibratory-Bowl-Feeder-Controller-SDVC34-UR.webp","type":"image\/webp"}],"twitter_card":"summary_large_image","twitter_misc":{"\u01af\u1edbc t\u00ednh th\u1eddi gian \u0111\u1ecdc":"3 ph\u00fat"},"schema":{"@context":"https:\/\/schema.org","@graph":[{"@type":"WebPage","@id":"https:\/\/swoer.com\/manufacturer\/vibratory-feeder-controller-sdvc34-ur\/","url":"https:\/\/swoer.com\/manufacturer\/vibratory-feeder-controller-sdvc34-ur\/","name":"Vibratory Feeder Controller SDVC34-UR - SWOER","isPartOf":{"@id":"https:\/\/swoer.com\/#website"},"primaryImageOfPage":{"@id":"https:\/\/swoer.com\/manufacturer\/vibratory-feeder-controller-sdvc34-ur\/#primaryimage"},"image":{"@id":"https:\/\/swoer.com\/manufacturer\/vibratory-feeder-controller-sdvc34-ur\/#primaryimage"},"thumbnailUrl":"https:\/\/swoer.com\/wp-content\/uploads\/2024\/07\/Vibratory-Bowl-Feeder-Controller-SDVC34-UR.webp","datePublished":"2024-07-09T02:48:58+00:00","dateModified":"2024-08-16T06:09:17+00:00","description":"Optimize your material flow with the Vibratory Feeder Controller SDVC34-UR. Precise control, easy setup, and enhanced efficiency for industrial applications. Order now\uff01","breadcrumb":{"@id":"https:\/\/swoer.com\/manufacturer\/vibratory-feeder-controller-sdvc34-ur\/#breadcrumb"},"inLanguage":"vi","potentialAction":[{"@type":"ReadAction","target":["https:\/\/swoer.com\/manufacturer\/vibratory-feeder-controller-sdvc34-ur\/"]}]},{"@type":"ImageObject","inLanguage":"vi","@id":"https:\/\/swoer.com\/manufacturer\/vibratory-feeder-controller-sdvc34-ur\/#primaryimage","url":"https:\/\/swoer.com\/wp-content\/uploads\/2024\/07\/Vibratory-Bowl-Feeder-Controller-SDVC34-UR.webp","contentUrl":"https:\/\/swoer.com\/wp-content\/uploads\/2024\/07\/Vibratory-Bowl-Feeder-Controller-SDVC34-UR.webp","width":1000,"height":1000,"caption":"Vibratory Bowl Feeder Controller SDVC34-UR"},{"@type":"BreadcrumbList","@id":"https:\/\/swoer.com\/manufacturer\/vibratory-feeder-controller-sdvc34-ur\/#breadcrumb","itemListElement":[{"@type":"ListItem","position":1,"name":"Home","item":"https:\/\/swoer.com\/"},{"@type":"ListItem","position":2,"name":"Shop","item":"https:\/\/swoer.com\/shop\/"},{"@type":"ListItem","position":3,"name":"Vibratory Feeder Controller SDVC34-UR"}]},{"@type":"WebSite","@id":"https:\/\/swoer.com\/#website","url":"https:\/\/swoer.com\/","name":"SWOER","description":"Swoer is the top 3 vibratory bowl feeder manufacturer in China","potentialAction":[{"@type":"SearchAction","target":{"@type":"EntryPoint","urlTemplate":"https:\/\/swoer.com\/?s={search_term_string}"},"query-input":"required name=search_term_string"}],"inLanguage":"vi"}]}},"_links":{"self":[{"href":"https:\/\/swoer.com\/vi\/wp-json\/wp\/v2\/product\/2302"}],"collection":[{"href":"https:\/\/swoer.com\/vi\/wp-json\/wp\/v2\/product"}],"about":[{"href":"https:\/\/swoer.com\/vi\/wp-json\/wp\/v2\/types\/product"}],"replies":[{"embeddable":true,"href":"https:\/\/swoer.com\/vi\/wp-json\/wp\/v2\/comments?post=2302"}],"wp:featuredmedia":[{"embeddable":true,"href":"https:\/\/swoer.com\/vi\/wp-json\/wp\/v2\/media\/2497"}],"wp:attachment":[{"href":"https:\/\/swoer.com\/vi\/wp-json\/wp\/v2\/media?parent=2302"}],"wp:term":[{"taxonomy":"product_cat","embeddable":true,"href":"https:\/\/swoer.com\/vi\/wp-json\/wp\/v2\/product_cat?post=2302"},{"taxonomy":"product_tag","embeddable":true,"href":"https:\/\/swoer.com\/vi\/wp-json\/wp\/v2\/product_tag?post=2302"}],"curies":[{"name":"wp","href":"https:\/\/api.w.org\/{rel}","templated":true}]}}