{"id":2284,"date":"2024-07-06T00:52:41","date_gmt":"2024-07-06T00:52:41","guid":{"rendered":"https:\/\/swoer.com\/?post_type=product&#038;p=2284"},"modified":"2024-08-16T14:12:47","modified_gmt":"2024-08-16T06:12:47","slug":"vibratory-bowl-feeder-controller-sdvc34-mr","status":"publish","type":"product","link":"https:\/\/swoer.com\/vi\/manufacturer\/vibratory-bowl-feeder-controller-sdvc34-mr\/","title":{"rendered":"B\u1ed9 \u0111i\u1ec1u khi\u1ec3n n\u1ea1p b\u00e1t rung SDVC34-MR"},"content":{"rendered":"<h2><strong><b>\u0110\u1eb7c tr\u01b0ng<\/b><\/strong><\/h2>\n<ul>\n<li>T\u1ef1 \u0111\u1ed9ng t\u00ecm ki\u1ebfm t\u1ea7n s\u1ed1<\/li>\n<li>\u0110\u1ea7u ra \u0111\u01b0\u1ee3c \u0111\u1ed3ng b\u1ed9 h\u00f3a<\/li>\n<li>c\u00e0i \u0111\u1eb7t tr\u01b0\u1edbc t\u1ed1c \u0111\u1ed9<\/li>\n<li>Kh\u1edfi \u0111\u1ed9ng ch\u1eadm c\u00f3 th\u1ec3 \u0111i\u1ec1u ch\u1ec9nh<\/li>\n<li>\u1ed4n \u0111\u1ecbnh \u0111i\u1ec7n \u00e1p t\u1ef1 \u0111\u1ed9ng c\u00f3 \u0111\u1ed9 ch\u00ednh x\u00e1c cao<\/li>\n<li>C\u1ea3m bi\u1ebfn th\u00edch \u1ee9ng<\/li>\n<li>\u0110i\u1ec1u khi\u1ec3n t\u1ed1c \u0111\u1ed9 t\u1eeb xa<\/li>\n<li>\u0110\u1ea7u ra \u0111i\u1ec1u khi\u1ec3n DC<\/li>\n<li>T\u1eaft ho\u00e0n to\u00e0n\/tr\u1ed1ng v\u1eadt li\u1ec7u c\u1ea3m bi\u1ebfn chuy\u1ec3n \u0111\u1ed5i k\u00e9p<\/li>\n<li>Ch\u1ee9c n\u0103ng \u0111\u1ebfm<\/li>\n<li>485 truy\u1ec1n th\u00f4ng<\/li>\n<\/ul>\n<h2><strong><b>T\u00ednh n\u0103ng s\u1ea3n ph\u1ea9m<\/b><\/strong><\/h2>\n<h3>T\u00ednh n\u0103ng s\u1ea3n ph\u1ea9m n\u00e2ng cao<\/h3>\n<p>B\u1ed9 \u0111i\u1ec1u khi\u1ec3n n\u1ea1p b\u00e1t rung c\u1ee7a ch\u00fang t\u00f4i \u0111\u01b0\u1ee3c thi\u1ebft k\u1ebf chuy\u00ean nghi\u1ec7p \u0111\u1ec3 ki\u1ec3m so\u00e1t n\u1ea1p rung trong thi\u1ebft b\u1ecb t\u1ef1 \u0111\u1ed9ng h\u00f3a, t\u00edch h\u1ee3p c\u00f4ng ngh\u1ec7 \u0111i\u1ec7n t\u1eed ti\u00ean ti\u1ebfn. H\u1ecd cung c\u1ea5p cho ng\u01b0\u1eddi d\u00f9ng nh\u1eefng ch\u1ee9c n\u0103ng thi\u1ebft th\u1ef1c v\u00e0 ti\u1ec7n l\u1ee3i:<\/p>\n<ol>\n<li><strong>\u0110i\u1ec1u ch\u1ec9nh t\u1ea7n s\u1ed1 t\u1ef1 \u0111\u1ed9ng<\/strong>: \u0110i\u1ec1u ch\u1ec9nh t\u1ea7n s\u1ed1 theo th\u1eddi gian th\u1ef1c \u0111\u1ea3m b\u1ea3o b\u1ed9 c\u1ea5p ngu\u1ed3n ho\u1ea1t \u0111\u1ed9ng \u1edf t\u1ea7n s\u1ed1 t\u1ed1i \u01b0u.<\/li>\n<li><strong>\u1ed4n \u0111\u1ecbnh t\u1ed1c \u0111\u1ed9 t\u1ef1 \u0111\u1ed9ng<\/strong>: Duy tr\u00ec t\u1ed1c \u0111\u1ed9 c\u1ea5p li\u1ec7u \u1ed5n \u0111\u1ecbnh b\u1eb1ng c\u00e1ch \u0111i\u1ec1u ch\u1ec9nh \u0111i\u1ec7n \u00e1p theo th\u1eddi gian th\u1ef1c, b\u1ea5t k\u1ec3 s\u1ed1 l\u01b0\u1ee3ng ph\u00f4i.<\/li>\n<li><strong>T\u1ef1 \u0111\u1ed9ng t\u00ecm ki\u1ebfm t\u1ea7n s\u1ed1<\/strong>: T\u00ednh n\u0103ng ho\u00e0n h\u1ea3o nhanh ch\u00f3ng x\u00e1c \u0111\u1ecbnh t\u1ea7n su\u1ea5t l\u00e0m vi\u1ec7c t\u1ed1i \u01b0u v\u00e0 c\u00e1c th\u00f4ng s\u1ed1 li\u00ean quan \u0111\u1ec3 thu\u1eadn ti\u1ec7n cho ng\u01b0\u1eddi d\u00f9ng.<\/li>\n<li><strong>\u1ed4n \u0111\u1ecbnh \u0111i\u1ec7n \u00e1p t\u1ef1 \u0111\u1ed9ng<\/strong>: Lo\u1ea1i b\u1ecf s\u1ef1 dao \u0111\u1ed9ng t\u1ed1c \u0111\u1ed9 c\u1ea5p li\u1ec7u do thay \u0111\u1ed5i \u0111i\u1ec7n \u00e1p ngu\u1ed3n \u0111i\u1ec7n v\u00e0 hi\u1ec7u \u1ee9ng t\u1ea7n s\u1ed1 nh\u1ecbp t\u1eeb ngu\u1ed3n \u0111i\u1ec7n xoay chi\u1ec1u c\u00f4ng nghi\u1ec7p.<\/li>\n<li><strong>\u0110\u1ea7u ra \u0111\u01b0\u1ee3c \u0111\u1ed3ng b\u1ed9 h\u00f3a<\/strong>: \u0110\u1ed3ng b\u1ed9 h\u00f3a nhi\u1ec1u b\u1ed9 \u0111i\u1ec1u khi\u1ec3n \u1edf c\u00f9ng t\u1ea7n s\u1ed1 v\u00e0 pha \u0111\u1ec3 tr\u00e1nh nhi\u1ec5u t\u1ea7n s\u1ed1.<\/li>\n<li><strong>T\u1eaft m\u00e1y ho\u00e0n to\u00e0n\/tr\u1ed1ng<\/strong>: \u0110\u1ea7u v\u00e0o c\u1ea3m bi\u1ebfn c\u00f4ng t\u1eafc cho ph\u00e9p \u0111i\u1ec1u khi\u1ec3n t\u1eaft ho\u00e0n to\u00e0n\/kh\u00f4ng s\u1eed d\u1ee5ng, v\u1edbi th\u1eddi gian kh\u1edfi \u0111\u1ed9ng ch\u1eadm c\u00f3 th\u1ec3 \u0111i\u1ec1u ch\u1ec9nh, \u0111\u1ed9 tr\u1ec5 \u0111\u00f3ng\/m\u1edf v\u00e0 c\u00e0i \u0111\u1eb7t h\u01b0\u1edbng logic.<\/li>\n<li><strong>C\u1ea3m bi\u1ebfn t\u1ef1 th\u00edch \u1ee9ng<\/strong>: T\u1ef1 \u0111\u1ed9ng th\u00edch \u1ee9ng v\u1edbi c\u00e1c c\u1ea3m bi\u1ebfn chuy\u1ec3n m\u1ea1ch lo\u1ea1i NPN v\u00e0 PNP.<\/li>\n<li><strong>B\u1eaft \u0111\u1ea7u ch\u1eadm<\/strong>: T\u0103ng d\u1ea7n \u0111i\u1ec7n \u00e1p \u0111\u1ea7u ra\/t\u1ed1c \u0111\u1ed9 c\u1ea5p ngu\u1ed3n t\u1eeb 0 l\u00ean gi\u00e1 tr\u1ecb \u0111\u1eb7t tr\u01b0\u1edbc trong khi kh\u1edfi \u0111\u1ed9ng, b\u1ea3o v\u1ec7 thi\u1ebft b\u1ecb rung kh\u1ecfi b\u1ecb s\u1ed1c khi kh\u1edfi \u0111\u1ed9ng.<\/li>\n<li><strong>\u0110\u1eb7t tr\u01b0\u1edbc t\u1ed1c \u0111\u1ed9<\/strong>: Ch\u1ecdn t\u1ed1i \u0111a 4 \u0111i\u1ec7n \u00e1p \u0111\u1ea7u ra c\u00e0i s\u1eb5n th\u00f4ng qua t\u00edn hi\u1ec7u \u0111i\u1ec1u khi\u1ec3n b\u00ean ngo\u00e0i.<\/li>\n<li><strong>Ch\u1ee9c n\u0103ng t\u0103ng t\u1ed1c<\/strong>: T\u0103ng \u0111i\u1ec7n \u00e1p \u0111\u1ea7u ra t\u1ed1i \u0111a l\u00ean 150% c\u1ee7a \u0111i\u1ec7n \u00e1p \u0111\u1ea7u v\u00e0o.<\/li>\n<li><strong>C\u00e0i \u0111\u1eb7t \u0111i\u1ec7n \u00e1p \u0111\u1ea7u ra t\u1ed1i \u0111a<\/strong>: Ng\u0103n ch\u1eb7n \u0111i\u1ec7n \u00e1p \u0111\u1ea7u ra qu\u00e1 m\u1ee9c \u0111\u1ec3 b\u1ea3o v\u1ec7 thi\u1ebft b\u1ecb rung.<\/li>\n<li><strong>Ch\u1ec9 s\u1ed1 d\u1ea1ng s\u00f3ng<\/strong>: C\u00e2n b\u1eb1ng hi\u1ec7u su\u1ea5t c\u1ee7a b\u1ed9 \u0111i\u1ec1u khi\u1ec3n v\u00e0 c\u00f4ng su\u1ea5t t\u1ed1i \u0111a v\u1edbi th\u00f4ng s\u1ed1 n\u00e0y.<\/li>\n<li><strong>Ki\u1ec3m so\u00e1t t\u1ed1c \u0111\u1ed9 t\u1eeb xa<\/strong>: \u0110i\u1ec1u khi\u1ec3n \u0111i\u1ec7n \u00e1p \u0111\u1ea7u ra\/t\u1ed1c \u0111\u1ed9 c\u1ea5p li\u1ec7u b\u1eb1ng chi\u1ebft \u00e1p ngo\u00e0i, PLC, 1<del>T\u00edn hi\u1ec7u \u0111i\u1ec7n \u00e1p 5V, ho\u1eb7c 4<\/del>T\u00edn hi\u1ec7u ngu\u1ed3n 20mA.<\/li>\n<li><strong>\u0110\u1ea7u ra \u0111i\u1ec1u khi\u1ec3n 24V DC<\/strong>: T\u00edn hi\u1ec7u \u0111\u1ea7u ra c\u1ee7a b\u00f3ng b\u00e1n d\u1eabn c\u00f3 th\u1ec3 \u0111i\u1ec1u khi\u1ec3n van \u0111i\u1ec7n t\u1eeb v\u00e0 c\u00e1c thi\u1ebft b\u1ecb b\u00ean ngo\u00e0i kh\u00e1c.<\/li>\n<li><strong>C\u00f4ng t\u1eafc \u0111\u1ea7u ra<\/strong>: Ph\u00edm c\u1ea3m \u1ee9ng nh\u1eb9 tr\u00ean b\u1ea3ng \u0111i\u1ec1u khi\u1ec3n \u0111\u1ec3 kh\u1edfi \u0111\u1ed9ng\/d\u1eebng ngay l\u1eadp t\u1ee9c, h\u1ed7 tr\u1ee3 g\u1ee1 l\u1ed7i thi\u1ebft b\u1ecb.<\/li>\n<li><strong>Kh\u00f3a b\u00e0n ph\u00edm<\/strong>: Nh\u1ea5n v\u00e0 gi\u1eef ph\u00edm b\u1eadt\/t\u1eaft \u0111\u1ec3 kh\u00f3a t\u1ea5t c\u1ea3 c\u00e1c ph\u00edm, tr\u00e1nh thao t\u00e1c sai.<\/li>\n<li><strong>M\u1eadt kh\u1ea9u tham s\u1ed1<\/strong>: \u0110\u1eb7t m\u1eadt kh\u1ea9u tham s\u1ed1 \u0111\u1ec3 kh\u00f3a c\u00e1c tham s\u1ed1 kh\u00e1c ngo\u00e0i \u0111i\u1ec7n \u00e1p \u0111\u1ea7u ra\/t\u1ed1c \u0111\u1ed9 c\u1ea5p ngu\u1ed3n, ng\u0103n ch\u1eb7n nh\u1eefng thay \u0111\u1ed5i tr\u00e1i ph\u00e9p.<\/li>\n<li><strong>Kh\u00f4i ph\u1ee5c c\u00e0i \u0111\u1eb7t g\u1ed1c<\/strong>: Nhanh ch\u00f3ng kh\u00f4i ph\u1ee5c c\u00e1c th\u00f4ng s\u1ed1 v\u1ec1 c\u00e0i \u0111\u1eb7t m\u1eb7c \u0111\u1ecbnh c\u1ee7a nh\u00e0 s\u1ea3n xu\u1ea5t.<\/li>\n<li><strong>485 Truy\u1ec1n th\u00f4ng<\/strong>: \u0110i\u1ec1u ch\u1ec9nh c\u00e1c th\u00f4ng s\u1ed1 c\u1ee7a b\u1ed9 \u0111i\u1ec1u khi\u1ec3n t\u1eeb xa th\u00f4ng qua giao ti\u1ebfp 485.<\/li>\n<\/ol>\n<p>Th\u00f4ng s\u1ed1 k\u1ef9 thu\u1eadt<\/p>\n<table width=\"767\">\n<tbody>\n<tr>\n<td rowspan=\"2\" width=\"225\">M\u1ee5c<\/td>\n<td colspan=\"3\" width=\"216\">Ph\u1ea1m vi<\/td>\n<td rowspan=\"2\" width=\"72\">\u0110\u01a1n v\u1ecb<\/td>\n<td rowspan=\"2\" width=\"254\">S\u1ef1 mi\u00eau t\u1ea3<\/td>\n<\/tr>\n<tr>\n<td>t\u1ed1i thi\u1ec3u<\/td>\n<td>\u0110\u1eb7c tr\u01b0ng<\/td>\n<td>T\u1ed1i \u0111a<\/td>\n<\/tr>\n<tr>\n<td>\u0110i\u1ec7n \u00e1p \u0111\u1ea7u v\u00e0o<\/td>\n<td>85<\/td>\n<td>220<\/td>\n<td>260<\/td>\n<td>V.<\/td>\n<td>Gi\u00e1 tr\u1ecb hi\u1ec7u d\u1ee5ng AC<\/td>\n<\/tr>\n<tr>\n<td>Ph\u1ea1m vi \u0111i\u1ec1u ch\u1ec9nh \u0111i\u1ec7n \u00e1p \u0111\u1ea7u ra<\/td>\n<td>0<\/td>\n<td><\/td>\n<td>260<\/td>\n<td>V.<\/td>\n<td>\u0110i\u1ec7n \u00e1p \u0111\u1ea7u v\u00e0o nh\u1ecf h\u01a1n 150%<\/td>\n<\/tr>\n<tr>\n<td>\u0110\u1ed9 ch\u00ednh x\u00e1c \u0111i\u1ec1u ch\u1ec9nh \u0111i\u1ec7n \u00e1p<\/td>\n<td colspan=\"3\">1<\/td>\n<td>V.<\/td>\n<td><\/td>\n<\/tr>\n<tr>\n<td>\u0110\u1ed9 ch\u00ednh x\u00e1c \u0111i\u1ec1u ch\u1ec9nh \u0111i\u1ec7n \u00e1p<\/td>\n<td>0<\/td>\n<td><\/td>\n<td>10<\/td>\n<td><\/td>\n<td>Vout\/Vin<\/td>\n<\/tr>\n<tr>\n<td>Th\u1eddi gian \u0111\u00e1p \u1ee9ng \u0111i\u1ec1u ch\u1ec9nh \u0111i\u1ec7n \u00e1p<\/td>\n<td>0.0025<\/td>\n<td><\/td>\n<td>0.04<\/td>\n<td>S<\/td>\n<td>M\u1ed9t ph\u1ea7n m\u01b0\u1eddi chu k\u1ef3 \u0111i\u1ec7n \u00e1p \u0111\u1ea7u ra<\/td>\n<\/tr>\n<tr>\n<td rowspan=\"2\">Ph\u1ea1m vi \u0111i\u1ec1u ch\u1ec9nh d\u00f2ng \u0111i\u1ec7n \u0111\u1ea7u ra<\/td>\n<td rowspan=\"2\">0<\/td>\n<td rowspan=\"2\"><\/td>\n<td rowspan=\"2\">3<\/td>\n<td rowspan=\"2\">M\u1ed8T<\/td>\n<td rowspan=\"2\" width=\"254\">SDVC34-MR<br \/>\nSDVC34-MRJ<\/td>\n<\/tr>\n<tr>\n<td rowspan=\"2\"><\/td>\n<td rowspan=\"2\"><\/td>\n<td rowspan=\"2\"><\/td>\n<td rowspan=\"2\"><\/td>\n<td rowspan=\"2\"><\/td>\n<td rowspan=\"2\" width=\"254\"><\/td>\n<\/tr>\n<tr>\n<td>T\u1ea7n s\u1ed1 \u0111\u1ea7u ra<\/td>\n<td>25<\/td>\n<td><\/td>\n<td>400<\/td>\n<td>Hz<\/td>\n<td><\/td>\n<\/tr>\n<tr>\n<td>\u0110\u1ed9 ch\u00ednh x\u00e1c \u0111i\u1ec1u ch\u1ec9nh t\u1ea7n s\u1ed1<\/td>\n<td colspan=\"3\">0.1<\/td>\n<td>Hz<\/td>\n<td><\/td>\n<\/tr>\n<tr>\n<td>D\u1ea1ng s\u00f3ng \u0111\u1ea7u ra<\/td>\n<td colspan=\"3\">sin<\/td>\n<td><\/td>\n<td><\/td>\n<\/tr>\n<tr>\n<td>Th\u1eddi gian b\u1eaft \u0111\u1ea7u ch\u1eadm<\/td>\n<td>0<\/td>\n<td><\/td>\n<td>10<\/td>\n<td>S<\/td>\n<td>M\u1eb7c \u0111\u1ecbnh c\u1ee7a nh\u00e0 m\u00e1y 0,5<\/td>\n<\/tr>\n<tr>\n<td>Ph\u1ea1m vi th\u1eddi gian tr\u1ec5<\/td>\n<td>0<\/td>\n<td><\/td>\n<td>20<\/td>\n<td>S<\/td>\n<td>M\u1eb7c \u0111\u1ecbnh c\u1ee7a nh\u00e0 m\u00e1y 0,2<\/td>\n<\/tr>\n<tr>\n<td>\u0110\u1ed9 ch\u00ednh x\u00e1c th\u1eddi gian tr\u1ec5<\/td>\n<td colspan=\"3\">0.1<\/td>\n<td>S<\/td>\n<td><\/td>\n<\/tr>\n<tr>\n<td>Nhi\u1ec7t \u0111\u1ed9 b\u1ea3o v\u1ec7 qu\u00e1 nhi\u1ec7t<\/td>\n<td>60<\/td>\n<td>65<\/td>\n<td>65<\/td>\n<td>oC<\/td>\n<td><\/td>\n<\/tr>\n<tr>\n<td>\u0110i\u1ec7n \u00e1p \u0111\u1ea7u ra \u0111i\u1ec1u khi\u1ec3n DC<\/td>\n<td>22<\/td>\n<td>24<\/td>\n<td>26<\/td>\n<td>V.<\/td>\n<td><\/td>\n<\/tr>\n<tr>\n<td>D\u00f2ng \u0111i\u1ec7n \u0111\u1ea7u ra \u0111i\u1ec1u khi\u1ec3n DC<\/td>\n<td>0<\/td>\n<td><\/td>\n<td>200<\/td>\n<td>ma<\/td>\n<td><\/td>\n<\/tr>\n<tr>\n<td>M\u00f4 h\u00ecnh \u0111i\u1ec1u khi\u1ec3n t\u01b0\u01a1ng t\u1ef1<\/td>\n<td colspan=\"3\">1- 5<\/td>\n<td>V.<\/td>\n<td>\u0110i\u1ec7n \u00e1p \u0111i\u1ec1u khi\u1ec3n t\u1ed1c \u0111\u1ed9 t\u1eeb xa<\/td>\n<\/tr>\n<tr>\n<td>T\u00edn hi\u1ec7u \u0111i\u1ec1u khi\u1ec3n k\u1ef9 thu\u1eadt s\u1ed1<\/td>\n<td colspan=\"3\">24<\/td>\n<td>V.<\/td>\n<td>Chuy\u1ec3n \u0111\u1ed5i t\u00edn hi\u1ec7u \u0111i\u1ec1u khi\u1ec3n<\/td>\n<\/tr>\n<tr>\n<td>Ph\u01b0\u01a1ng ph\u00e1p \u0111i\u1ec1u ch\u1ec9nh<\/td>\n<td colspan=\"3\">6<\/td>\n<td>ch\u00eca kh\u00f3a<\/td>\n<td><\/td>\n<\/tr>\n<tr>\n<td>Ti\u00eau th\u1ee5 \u0111i\u1ec7n n\u0103ng kh\u00f4ng t\u1ea3i<\/td>\n<td><\/td>\n<td>3<\/td>\n<td><\/td>\n<td>W<\/td>\n<td><\/td>\n<\/tr>\n<tr>\n<td>Ch\u1ebf \u0111\u1ed9 hi\u1ec3n th\u1ecb<\/td>\n<td colspan=\"3\">5<\/td>\n<td>ch\u1eef s\u1ed1<\/td>\n<td>\u1ed0ng LED k\u1ef9 thu\u1eadt s\u1ed1<\/td>\n<\/tr>\n<tr>\n<td>Nhi\u1ec7t \u0111\u1ed9 m\u00f4i tr\u01b0\u1eddng ti\u1ec1n l\u01b0\u01a1ng<\/td>\n<td>0<\/td>\n<td>25<\/td>\n<td>40<\/td>\n<td>oC<\/td>\n<td rowspan=\"2\">Kh\u00f4ng ng\u01b0ng t\u1ee5<\/td>\n<\/tr>\n<tr>\n<td>\u0110\u1ed9 \u1ea9m m\u00f4i tr\u01b0\u1eddng ti\u1ec1n l\u01b0\u01a1ng<\/td>\n<td>10<\/td>\n<td>60<\/td>\n<td>85<\/td>\n<td>%<\/td>\n<\/tr>\n<\/tbody>\n<\/table>\n\t<div id=\"gap-2134889620\" class=\"gap-element clearfix\" style=\"display:block; height:auto;\">\n\t\t\n<style>\n#gap-2134889620 {\n  padding-top: 30px;\n}\n<\/style>\n\t<\/div>\n\t\n<h2><strong><b>K\u00edch th\u01b0\u1edbc v\u00e0 tr\u1ecdng l\u01b0\u1ee3ng<\/b><\/strong><\/h2>\n<ul>\n<li>K\u00edch th\u01b0\u1edbc: d\u00e0i 190mm\u00d7r\u1ed9ng 56mm\u00d7cao 94,5mm.<\/li>\n<li>Tr\u1ecdng l\u01b0\u1ee3ng: 560g (kh\u00f4ng c\u00f3 ph\u1ee5 ki\u1ec7n)<\/li>\n<\/ul>\n\t<div class=\"img has-hover x md-x lg-x y md-y lg-y\" id=\"image_2131142391\">\n\t\t\t\t\t\t\t\t<div class=\"img-inner dark\" >\n\t\t\t<img loading=\"lazy\" decoding=\"async\" width=\"705\" height=\"650\" src=\"https:\/\/swoer.com\/wp-content\/uploads\/2024\/07\/Dimension-Drawing-3.webp\" class=\"attachment-original size-original\" alt=\"B\u1ea3n v\u1ebd k\u00edch th\u01b0\u1edbc\" srcset=\"https:\/\/swoer.com\/wp-content\/uploads\/2024\/07\/Dimension-Drawing-3.webp 705w, https:\/\/swoer.com\/wp-content\/uploads\/2024\/07\/Dimension-Drawing-3-300x277.webp 300w, https:\/\/swoer.com\/wp-content\/uploads\/2024\/07\/Dimension-Drawing-3-13x12.webp 13w, https:\/\/swoer.com\/wp-content\/uploads\/2024\/07\/Dimension-Drawing-3-600x553.webp 600w\" sizes=\"(max-width: 705px) 100vw, 705px\" \/>\t\t\t\t\t\t\n\t\t\t\t\t<\/div>\n\t\t\t\t\t\t\t\t\n<style>\n#image_2131142391 {\n  width: 65%;\n}\n<\/style>\n\t<\/div>","protected":false},"excerpt":{"rendered":"<p>C\u1ea3i thi\u1ec7n hi\u1ec7u qu\u1ea3 v\u00e0 \u0111\u1ed9 ch\u00ednh x\u00e1c c\u1ee7a m\u00e1y c\u1ea5p li\u1ec7u d\u1ea1ng b\u00e1t rung. B\u1ed9 \u0111i\u1ec1u khi\u1ec3n SDVC34-MR c\u00f3 c\u00e1c t\u00ednh n\u0103ng n\u00e2ng cao nh\u01b0 t\u00ecm ki\u1ebfm t\u1ea7n s\u1ed1 t\u1ef1 \u0111\u1ed9ng, \u0111\u1ea7u ra \u0111\u1ed3ng b\u1ed9, \u0111\u1eb7t tr\u01b0\u1edbc t\u1ed1c \u0111\u1ed9, kh\u1edfi \u0111\u1ed9ng ch\u1eadm c\u00f3 th\u1ec3 \u0111i\u1ec1u ch\u1ec9nh, \u1ed5n \u0111\u1ecbnh \u0111i\u1ec7n \u00e1p t\u1ef1 \u0111\u1ed9ng c\u00f3 \u0111\u1ed9 ch\u00ednh x\u00e1c cao, th\u00edch \u1ee9ng c\u1ea3m bi\u1ebfn, \u0111i\u1ec1u khi\u1ec3n t\u1ed1c \u0111\u1ed9 t\u1eeb xa, \u0111\u1ea7u ra \u0111i\u1ec1u khi\u1ec3n DC, t\u1eaft ho\u00e0n to\u00e0n \/ tr\u1ed1ng v\u1eadt li\u1ec7u c\u1ea3m bi\u1ebfn c\u00f4ng t\u1eafc k\u00e9p, ch\u1ee9c n\u0103ng \u0111\u1ebfm v\u00e0 giao ti\u1ebfp 485 \u0111\u1ec3 \u0111\u1ea3m b\u1ea3o x\u1eed l\u00fd v\u1eadt li\u1ec7u tr\u01a1n tru v\u00e0 nh\u1ea5t qu\u00e1n.<\/p>","protected":false},"featured_media":2501,"comment_status":"open","ping_status":"closed","template":"","meta":[],"product_cat":[45],"product_tag":[],"yoast_head":"<!-- This site is optimized with the Yoast SEO plugin v22.2 - https:\/\/yoast.com\/wordpress\/plugins\/seo\/ -->\n<title>Vibratory Bowl Feeder Controller SDVC34-MR - SWOER<\/title>\n<meta name=\"description\" content=\"The SDVC34-MR is an intelligent controller designed to enhance the efficiency and precision of your vibratory bowl feeder. Its advanced features, including automatic frequency search, synchronized output, speed preset, adjustable slow start, high precision automatic voltage stabilization, sensor adaptability, remote speed control, DC control output, dual switch sensor material full\/empty shutdown, counting function, and 485 communication, ensure smooth, consistent material handling.\" \/>\n<meta name=\"robots\" content=\"index, follow, max-snippet:-1, max-image-preview:large, max-video-preview:-1\" \/>\n<link rel=\"canonical\" href=\"https:\/\/swoer.com\/vi\/manufacturer\/vibratory-bowl-feeder-controller-sdvc34-mr\/\" \/>\n<meta property=\"og:locale\" content=\"vi_VN\" \/>\n<meta property=\"og:type\" content=\"article\" \/>\n<meta property=\"og:title\" content=\"Vibratory Bowl Feeder Controller SDVC34-MR - SWOER\" \/>\n<meta property=\"og:description\" content=\"The SDVC34-MR is an intelligent controller designed to enhance the efficiency and precision of your vibratory bowl feeder. Its advanced features, including automatic frequency search, synchronized output, speed preset, adjustable slow start, high precision automatic voltage stabilization, sensor adaptability, remote speed control, DC control output, dual switch sensor material full\/empty shutdown, counting function, and 485 communication, ensure smooth, consistent material handling.\" \/>\n<meta property=\"og:url\" content=\"https:\/\/swoer.com\/vi\/manufacturer\/vibratory-bowl-feeder-controller-sdvc34-mr\/\" \/>\n<meta property=\"og:site_name\" content=\"SWOER\" \/>\n<meta property=\"article:modified_time\" content=\"2024-08-16T06:12:47+00:00\" \/>\n<meta property=\"og:image\" content=\"https:\/\/swoer.com\/wp-content\/uploads\/2024\/07\/Vibratory-Bowl-Feeder-Controller-SDVC34-MR-1.webp\" \/>\n\t<meta property=\"og:image:width\" content=\"1000\" \/>\n\t<meta property=\"og:image:height\" content=\"1000\" \/>\n\t<meta property=\"og:image:type\" content=\"image\/webp\" \/>\n<meta name=\"twitter:card\" content=\"summary_large_image\" \/>\n<meta name=\"twitter:label1\" content=\"\u01af\u1edbc t\u00ednh th\u1eddi gian \u0111\u1ecdc\" \/>\n\t<meta name=\"twitter:data1\" content=\"3 ph\u00fat\" \/>\n<script type=\"application\/ld+json\" class=\"yoast-schema-graph\">{\"@context\":\"https:\/\/schema.org\",\"@graph\":[{\"@type\":\"WebPage\",\"@id\":\"https:\/\/swoer.com\/manufacturer\/vibratory-bowl-feeder-controller-sdvc34-mr\/\",\"url\":\"https:\/\/swoer.com\/manufacturer\/vibratory-bowl-feeder-controller-sdvc34-mr\/\",\"name\":\"Vibratory Bowl Feeder Controller SDVC34-MR - SWOER\",\"isPartOf\":{\"@id\":\"https:\/\/swoer.com\/#website\"},\"primaryImageOfPage\":{\"@id\":\"https:\/\/swoer.com\/manufacturer\/vibratory-bowl-feeder-controller-sdvc34-mr\/#primaryimage\"},\"image\":{\"@id\":\"https:\/\/swoer.com\/manufacturer\/vibratory-bowl-feeder-controller-sdvc34-mr\/#primaryimage\"},\"thumbnailUrl\":\"https:\/\/swoer.com\/wp-content\/uploads\/2024\/07\/Vibratory-Bowl-Feeder-Controller-SDVC34-MR-1.webp\",\"datePublished\":\"2024-07-06T00:52:41+00:00\",\"dateModified\":\"2024-08-16T06:12:47+00:00\",\"description\":\"The SDVC34-MR is an intelligent controller designed to enhance the efficiency and precision of your vibratory bowl feeder. Its advanced features, including automatic frequency search, synchronized output, speed preset, adjustable slow start, high precision automatic voltage stabilization, sensor adaptability, remote speed control, DC control output, dual switch sensor material full\/empty shutdown, counting function, and 485 communication, ensure smooth, consistent material handling.\",\"breadcrumb\":{\"@id\":\"https:\/\/swoer.com\/manufacturer\/vibratory-bowl-feeder-controller-sdvc34-mr\/#breadcrumb\"},\"inLanguage\":\"vi\",\"potentialAction\":[{\"@type\":\"ReadAction\",\"target\":[\"https:\/\/swoer.com\/manufacturer\/vibratory-bowl-feeder-controller-sdvc34-mr\/\"]}]},{\"@type\":\"ImageObject\",\"inLanguage\":\"vi\",\"@id\":\"https:\/\/swoer.com\/manufacturer\/vibratory-bowl-feeder-controller-sdvc34-mr\/#primaryimage\",\"url\":\"https:\/\/swoer.com\/wp-content\/uploads\/2024\/07\/Vibratory-Bowl-Feeder-Controller-SDVC34-MR-1.webp\",\"contentUrl\":\"https:\/\/swoer.com\/wp-content\/uploads\/2024\/07\/Vibratory-Bowl-Feeder-Controller-SDVC34-MR-1.webp\",\"width\":1000,\"height\":1000,\"caption\":\"Vibratory Bowl Feeder Controller SDVC34-MR\"},{\"@type\":\"BreadcrumbList\",\"@id\":\"https:\/\/swoer.com\/manufacturer\/vibratory-bowl-feeder-controller-sdvc34-mr\/#breadcrumb\",\"itemListElement\":[{\"@type\":\"ListItem\",\"position\":1,\"name\":\"Home\",\"item\":\"https:\/\/swoer.com\/\"},{\"@type\":\"ListItem\",\"position\":2,\"name\":\"Shop\",\"item\":\"https:\/\/swoer.com\/shop\/\"},{\"@type\":\"ListItem\",\"position\":3,\"name\":\"Vibratory Bowl Feeder Controller SDVC34-MR\"}]},{\"@type\":\"WebSite\",\"@id\":\"https:\/\/swoer.com\/#website\",\"url\":\"https:\/\/swoer.com\/\",\"name\":\"SWOER\",\"description\":\"Swoer is the top 3 vibratory bowl feeder manufacturer in China\",\"potentialAction\":[{\"@type\":\"SearchAction\",\"target\":{\"@type\":\"EntryPoint\",\"urlTemplate\":\"https:\/\/swoer.com\/?s={search_term_string}\"},\"query-input\":\"required name=search_term_string\"}],\"inLanguage\":\"vi\"}]}<\/script>\n<!-- \/ Yoast SEO plugin. -->","yoast_head_json":{"title":"Vibratory Bowl Feeder Controller SDVC34-MR - SWOER","description":"The SDVC34-MR is an intelligent controller designed to enhance the efficiency and precision of your vibratory bowl feeder. Its advanced features, including automatic frequency search, synchronized output, speed preset, adjustable slow start, high precision automatic voltage stabilization, sensor adaptability, remote speed control, DC control output, dual switch sensor material full\/empty shutdown, counting function, and 485 communication, ensure smooth, consistent material handling.","robots":{"index":"index","follow":"follow","max-snippet":"max-snippet:-1","max-image-preview":"max-image-preview:large","max-video-preview":"max-video-preview:-1"},"canonical":"https:\/\/swoer.com\/vi\/manufacturer\/vibratory-bowl-feeder-controller-sdvc34-mr\/","og_locale":"vi_VN","og_type":"article","og_title":"Vibratory Bowl Feeder Controller SDVC34-MR - SWOER","og_description":"The SDVC34-MR is an intelligent controller designed to enhance the efficiency and precision of your vibratory bowl feeder. Its advanced features, including automatic frequency search, synchronized output, speed preset, adjustable slow start, high precision automatic voltage stabilization, sensor adaptability, remote speed control, DC control output, dual switch sensor material full\/empty shutdown, counting function, and 485 communication, ensure smooth, consistent material handling.","og_url":"https:\/\/swoer.com\/vi\/manufacturer\/vibratory-bowl-feeder-controller-sdvc34-mr\/","og_site_name":"SWOER","article_modified_time":"2024-08-16T06:12:47+00:00","og_image":[{"width":1000,"height":1000,"url":"https:\/\/swoer.com\/wp-content\/uploads\/2024\/07\/Vibratory-Bowl-Feeder-Controller-SDVC34-MR-1.webp","type":"image\/webp"}],"twitter_card":"summary_large_image","twitter_misc":{"\u01af\u1edbc t\u00ednh th\u1eddi gian \u0111\u1ecdc":"3 ph\u00fat"},"schema":{"@context":"https:\/\/schema.org","@graph":[{"@type":"WebPage","@id":"https:\/\/swoer.com\/manufacturer\/vibratory-bowl-feeder-controller-sdvc34-mr\/","url":"https:\/\/swoer.com\/manufacturer\/vibratory-bowl-feeder-controller-sdvc34-mr\/","name":"Vibratory Bowl Feeder Controller SDVC34-MR - SWOER","isPartOf":{"@id":"https:\/\/swoer.com\/#website"},"primaryImageOfPage":{"@id":"https:\/\/swoer.com\/manufacturer\/vibratory-bowl-feeder-controller-sdvc34-mr\/#primaryimage"},"image":{"@id":"https:\/\/swoer.com\/manufacturer\/vibratory-bowl-feeder-controller-sdvc34-mr\/#primaryimage"},"thumbnailUrl":"https:\/\/swoer.com\/wp-content\/uploads\/2024\/07\/Vibratory-Bowl-Feeder-Controller-SDVC34-MR-1.webp","datePublished":"2024-07-06T00:52:41+00:00","dateModified":"2024-08-16T06:12:47+00:00","description":"The SDVC34-MR is an intelligent controller designed to enhance the efficiency and precision of your vibratory bowl feeder. Its advanced features, including automatic frequency search, synchronized output, speed preset, adjustable slow start, high precision automatic voltage stabilization, sensor adaptability, remote speed control, DC control output, dual switch sensor material full\/empty shutdown, counting function, and 485 communication, ensure smooth, consistent material handling.","breadcrumb":{"@id":"https:\/\/swoer.com\/manufacturer\/vibratory-bowl-feeder-controller-sdvc34-mr\/#breadcrumb"},"inLanguage":"vi","potentialAction":[{"@type":"ReadAction","target":["https:\/\/swoer.com\/manufacturer\/vibratory-bowl-feeder-controller-sdvc34-mr\/"]}]},{"@type":"ImageObject","inLanguage":"vi","@id":"https:\/\/swoer.com\/manufacturer\/vibratory-bowl-feeder-controller-sdvc34-mr\/#primaryimage","url":"https:\/\/swoer.com\/wp-content\/uploads\/2024\/07\/Vibratory-Bowl-Feeder-Controller-SDVC34-MR-1.webp","contentUrl":"https:\/\/swoer.com\/wp-content\/uploads\/2024\/07\/Vibratory-Bowl-Feeder-Controller-SDVC34-MR-1.webp","width":1000,"height":1000,"caption":"Vibratory Bowl Feeder Controller SDVC34-MR"},{"@type":"BreadcrumbList","@id":"https:\/\/swoer.com\/manufacturer\/vibratory-bowl-feeder-controller-sdvc34-mr\/#breadcrumb","itemListElement":[{"@type":"ListItem","position":1,"name":"Home","item":"https:\/\/swoer.com\/"},{"@type":"ListItem","position":2,"name":"Shop","item":"https:\/\/swoer.com\/shop\/"},{"@type":"ListItem","position":3,"name":"Vibratory Bowl Feeder Controller SDVC34-MR"}]},{"@type":"WebSite","@id":"https:\/\/swoer.com\/#website","url":"https:\/\/swoer.com\/","name":"SWOER","description":"Swoer is the top 3 vibratory bowl feeder manufacturer in China","potentialAction":[{"@type":"SearchAction","target":{"@type":"EntryPoint","urlTemplate":"https:\/\/swoer.com\/?s={search_term_string}"},"query-input":"required name=search_term_string"}],"inLanguage":"vi"}]}},"_links":{"self":[{"href":"https:\/\/swoer.com\/vi\/wp-json\/wp\/v2\/product\/2284"}],"collection":[{"href":"https:\/\/swoer.com\/vi\/wp-json\/wp\/v2\/product"}],"about":[{"href":"https:\/\/swoer.com\/vi\/wp-json\/wp\/v2\/types\/product"}],"replies":[{"embeddable":true,"href":"https:\/\/swoer.com\/vi\/wp-json\/wp\/v2\/comments?post=2284"}],"wp:featuredmedia":[{"embeddable":true,"href":"https:\/\/swoer.com\/vi\/wp-json\/wp\/v2\/media\/2501"}],"wp:attachment":[{"href":"https:\/\/swoer.com\/vi\/wp-json\/wp\/v2\/media?parent=2284"}],"wp:term":[{"taxonomy":"product_cat","embeddable":true,"href":"https:\/\/swoer.com\/vi\/wp-json\/wp\/v2\/product_cat?post=2284"},{"taxonomy":"product_tag","embeddable":true,"href":"https:\/\/swoer.com\/vi\/wp-json\/wp\/v2\/product_tag?post=2284"}],"curies":[{"name":"wp","href":"https:\/\/api.w.org\/{rel}","templated":true}]}}