{"id":2272,"date":"2024-07-04T01:57:14","date_gmt":"2024-07-04T01:57:14","guid":{"rendered":"https:\/\/swoer.com\/?post_type=product&#038;p=2272"},"modified":"2024-08-16T14:17:52","modified_gmt":"2024-08-16T06:17:52","slug":"bowl-feeder-controller-sdvc31-u-10a","status":"publish","type":"product","link":"https:\/\/swoer.com\/vi\/manufacturer\/bowl-feeder-controller-sdvc31-u-10a\/","title":{"rendered":"B\u1ed9 \u0110i\u1ec1u Khi\u1ec3n B\u00e1t \u0102n SDVC31-U 10A"},"content":{"rendered":"<h2><strong><b>\u0110\u1eb7c tr\u01b0ng<\/b><\/strong><\/h2>\n<ul>\n<li>\u1ed4n \u0111\u1ecbnh \u0111i\u1ec7n \u00e1p t\u1ef1 \u0111\u1ed9ng t\u1ea7n s\u1ed1 v\u00e0 \u0111\u1ed9 ch\u00ednh x\u00e1c cao<\/li>\n<li>Kh\u1edfi \u0111\u1ed9ng ch\u1eadm c\u00f3 th\u1ec3 \u0111i\u1ec1u ch\u1ec9nh<\/li>\n<li>Chuy\u1ec3n \u0111\u1ed5i c\u1ea3m bi\u1ebfn d\u1eebng \u0111\u1ea7y\/tr\u1ed1ng<\/li>\n<li>C\u1ea3m bi\u1ebfn quang \u0111i\u1ec7n t\u1eaft ho\u00e0n to\u00e0n\/tr\u1ed1ng<\/li>\n<li>\u0110i\u1ec1u khi\u1ec3n t\u1ed1c \u0111\u1ed9 t\u1eeb xa<\/li>\n<li>\u0110\u1ea7u ra \u0111i\u1ec1u khi\u1ec3n DC<\/li>\n<li>Kh\u00f3a b\u00e0n ph\u00edm<\/li>\n<\/ul>\n\t<div id=\"gap-1815892887\" class=\"gap-element clearfix\" style=\"display:block; height:auto;\">\n\t\t\n<style>\n#gap-1815892887 {\n  padding-top: 30px;\n}\n<\/style>\n\t<\/div>\n\t\n<p>Th\u00f4ng s\u1ed1 k\u1ef9 thu\u1eadt<\/p>\n<table width=\"767\">\n<tbody>\n<tr>\n<td rowspan=\"2\" width=\"225\">M\u1ee5c<\/td>\n<td colspan=\"3\" width=\"216\">Ph\u1ea1m vi<\/td>\n<td rowspan=\"2\" width=\"72\">\u0110\u01a1n v\u1ecb<\/td>\n<td rowspan=\"2\" width=\"254\">S\u1ef1 mi\u00eau t\u1ea3<\/td>\n<\/tr>\n<tr>\n<td>t\u1ed1i thi\u1ec3u<\/td>\n<td>\u0110\u1eb7c tr\u01b0ng<\/td>\n<td>T\u1ed1i \u0111a<\/td>\n<\/tr>\n<tr>\n<td>\u0110i\u1ec7n \u00e1p \u0111\u1ea7u v\u00e0o<\/td>\n<td>85<\/td>\n<td>220<\/td>\n<td>260<\/td>\n<td>V.<\/td>\n<td>Gi\u00e1 tr\u1ecb hi\u1ec7u d\u1ee5ng AC<\/td>\n<\/tr>\n<tr>\n<td>Ph\u1ea1m vi \u0111i\u1ec1u ch\u1ec9nh \u0111i\u1ec7n \u00e1p \u0111\u1ea7u ra<\/td>\n<td>0<\/td>\n<td><\/td>\n<td>260<\/td>\n<td>V.<\/td>\n<td>\u0110i\u1ec7n \u00e1p \u0111\u1ea7u v\u00e0o nh\u1ecf h\u01a1n 150%<\/td>\n<\/tr>\n<tr>\n<td>\u0110\u1ed9 ch\u00ednh x\u00e1c \u0111i\u1ec1u ch\u1ec9nh \u0111i\u1ec7n \u00e1p<\/td>\n<td colspan=\"3\">1<\/td>\n<td>V.<\/td>\n<td><\/td>\n<\/tr>\n<tr>\n<td>\u0110\u1ed9 ch\u00ednh x\u00e1c \u0111i\u1ec1u ch\u1ec9nh \u0111i\u1ec7n \u00e1p<\/td>\n<td>0<\/td>\n<td><\/td>\n<td>10<\/td>\n<td><\/td>\n<td>Vout\/Vin<\/td>\n<\/tr>\n<tr>\n<td>Th\u1eddi gian \u0111\u00e1p \u1ee9ng \u0111i\u1ec1u ch\u1ec9nh \u0111i\u1ec7n \u00e1p<\/td>\n<td>0.0025<\/td>\n<td><\/td>\n<td>0.025<\/td>\n<td>S<\/td>\n<td>M\u1ed9t ph\u1ea7n m\u01b0\u1eddi chu k\u1ef3 \u0111i\u1ec7n \u00e1p \u0111\u1ea7u ra<\/td>\n<\/tr>\n<tr>\n<td rowspan=\"2\">Ph\u1ea1m vi \u0111i\u1ec1u ch\u1ec9nh d\u00f2ng \u0111i\u1ec7n \u0111\u1ea7u ra<\/td>\n<td rowspan=\"2\">0<\/td>\n<td rowspan=\"2\"><\/td>\n<td rowspan=\"2\">10<\/td>\n<td rowspan=\"2\">M\u1ed8T<\/td>\n<td rowspan=\"2\">SDVC31-U-C\u00f4ng su\u1ea5t c\u1ef1c cao<\/td>\n<\/tr>\n<tr>\n<td rowspan=\"2\"><\/td>\n<td rowspan=\"2\"><\/td>\n<td rowspan=\"2\"><\/td>\n<td rowspan=\"2\"><\/td>\n<td rowspan=\"2\"><\/td>\n<td rowspan=\"2\"><\/td>\n<\/tr>\n<tr>\n<td>T\u1ea7n s\u1ed1 \u0111\u1ea7u ra<\/td>\n<td>40<\/td>\n<td><\/td>\n<td>400<\/td>\n<td>Hz<\/td>\n<td><\/td>\n<\/tr>\n<tr>\n<td>\u0110\u1ed9 ch\u00ednh x\u00e1c \u0111i\u1ec1u ch\u1ec9nh t\u1ea7n s\u1ed1<\/td>\n<td colspan=\"3\">0.1<\/td>\n<td>Hz<\/td>\n<td><\/td>\n<\/tr>\n<tr>\n<td>D\u1ea1ng s\u00f3ng \u0111\u1ea7u ra<\/td>\n<td colspan=\"3\">sin<\/td>\n<td><\/td>\n<td><\/td>\n<\/tr>\n<tr>\n<td>Th\u1eddi gian b\u1eaft \u0111\u1ea7u ch\u1eadm<\/td>\n<td>0<\/td>\n<td><\/td>\n<td>10<\/td>\n<td>S<\/td>\n<td>M\u1eb7c \u0111\u1ecbnh c\u1ee7a nh\u00e0 m\u00e1y 0,5<\/td>\n<\/tr>\n<tr>\n<td>Ph\u1ea1m vi th\u1eddi gian tr\u1ec5<\/td>\n<td>0<\/td>\n<td><\/td>\n<td>20<\/td>\n<td>S<\/td>\n<td>M\u1eb7c \u0111\u1ecbnh c\u1ee7a nh\u00e0 m\u00e1y 0,2<\/td>\n<\/tr>\n<tr>\n<td>\u0110\u1ed9 ch\u00ednh x\u00e1c th\u1eddi gian tr\u1ec5<\/td>\n<td colspan=\"3\">0.1<\/td>\n<td>S<\/td>\n<td><\/td>\n<\/tr>\n<tr>\n<td>Nhi\u1ec7t \u0111\u1ed9 b\u1ea3o v\u1ec7 qu\u00e1 nhi\u1ec7t<\/td>\n<td>60<\/td>\n<td>65<\/td>\n<td>65<\/td>\n<td>oC<\/td>\n<td><\/td>\n<\/tr>\n<tr>\n<td>\u0110i\u1ec7n \u00e1p \u0111\u1ea7u ra \u0111i\u1ec1u khi\u1ec3n DC<\/td>\n<td>22<\/td>\n<td>24<\/td>\n<td>26<\/td>\n<td>V.<\/td>\n<td><\/td>\n<\/tr>\n<tr>\n<td>D\u00f2ng \u0111i\u1ec7n \u0111\u1ea7u ra \u0111i\u1ec1u khi\u1ec3n DC<\/td>\n<td>0<\/td>\n<td><\/td>\n<td>200<\/td>\n<td>ma<\/td>\n<td><\/td>\n<\/tr>\n<tr>\n<td>M\u00f4 h\u00ecnh \u0111i\u1ec1u khi\u1ec3n t\u01b0\u01a1ng t\u1ef1<\/td>\n<td colspan=\"3\">1-5<\/td>\n<td>V.<\/td>\n<td>\u0110i\u1ec7n \u00e1p \u0111i\u1ec1u khi\u1ec3n t\u1ed1c \u0111\u1ed9 t\u1eeb xa<\/td>\n<\/tr>\n<tr>\n<td>T\u00edn hi\u1ec7u \u0111i\u1ec1u khi\u1ec3n k\u1ef9 thu\u1eadt s\u1ed1<\/td>\n<td colspan=\"3\">24<\/td>\n<td>V.<\/td>\n<td>Chuy\u1ec3n \u0111\u1ed5i t\u00edn hi\u1ec7u \u0111i\u1ec1u khi\u1ec3n<\/td>\n<\/tr>\n<tr>\n<td>Ph\u01b0\u01a1ng ph\u00e1p \u0111i\u1ec1u ch\u1ec9nh<\/td>\n<td colspan=\"3\">6<\/td>\n<td>ch\u00eca kh\u00f3a<\/td>\n<td><\/td>\n<\/tr>\n<tr>\n<td>Ti\u00eau th\u1ee5 \u0111i\u1ec7n n\u0103ng kh\u00f4ng t\u1ea3i<\/td>\n<td><\/td>\n<td>3<\/td>\n<td><\/td>\n<td>W<\/td>\n<td><\/td>\n<\/tr>\n<tr>\n<td>Ch\u1ebf \u0111\u1ed9 hi\u1ec3n th\u1ecb<\/td>\n<td colspan=\"3\">5<\/td>\n<td>ch\u1eef s\u1ed1<\/td>\n<td>\u1ed0ng LED k\u1ef9 thu\u1eadt s\u1ed1<\/td>\n<\/tr>\n<tr>\n<td>Nhi\u1ec7t \u0111\u1ed9 m\u00f4i tr\u01b0\u1eddng ti\u1ec1n l\u01b0\u01a1ng<\/td>\n<td>0<\/td>\n<td>25<\/td>\n<td>40<\/td>\n<td>oC<\/td>\n<td rowspan=\"2\">Kh\u00f4ng ng\u01b0ng t\u1ee5<\/td>\n<\/tr>\n<tr>\n<td>\u0110\u1ed9 \u1ea9m m\u00f4i tr\u01b0\u1eddng ti\u1ec1n l\u01b0\u01a1ng<\/td>\n<td>10<\/td>\n<td>60<\/td>\n<td>85<\/td>\n<td>%<\/td>\n<\/tr>\n<\/tbody>\n<\/table>\n\t<div id=\"gap-1202296431\" class=\"gap-element clearfix\" style=\"display:block; height:auto;\">\n\t\t\n<style>\n#gap-1202296431 {\n  padding-top: 30px;\n}\n<\/style>\n\t<\/div>\n\t\n<h2><strong><b>K\u00edch th\u01b0\u1edbc v\u00e0 tr\u1ecdng l\u01b0\u1ee3ng<\/b><\/strong><\/h2>\n<ul>\n<li>K\u00edch th\u01b0\u1edbc: L190mm x W242mm x H94.5mm<\/li>\n<li>Tr\u1ecdng l\u01b0\u1ee3ng: 2670g (kh\u00f4ng c\u00f3 ph\u1ee5 ki\u1ec7n)<\/li>\n<\/ul>\n\t<div id=\"gap-794362980\" class=\"gap-element clearfix\" style=\"display:block; height:auto;\">\n\t\t\n<style>\n#gap-794362980 {\n  padding-top: 30px;\n}\n<\/style>\n\t<\/div>\n\t\n\t<div class=\"img has-hover x md-x lg-x y md-y lg-y\" id=\"image_938012104\">\n\t\t\t\t\t\t\t\t<div class=\"img-inner dark\" >\n\t\t\t<img loading=\"lazy\" decoding=\"async\" width=\"840\" height=\"538\" src=\"https:\/\/swoer.com\/wp-content\/uploads\/2024\/07\/dimension-drawing-1.webp\" class=\"attachment-original size-original\" alt=\"b\u1ea3n v\u1ebd k\u00edch th\u01b0\u1edbc\" srcset=\"https:\/\/swoer.com\/wp-content\/uploads\/2024\/07\/dimension-drawing-1.webp 840w, https:\/\/swoer.com\/wp-content\/uploads\/2024\/07\/dimension-drawing-1-300x192.webp 300w, https:\/\/swoer.com\/wp-content\/uploads\/2024\/07\/dimension-drawing-1-768x492.webp 768w, https:\/\/swoer.com\/wp-content\/uploads\/2024\/07\/dimension-drawing-1-18x12.webp 18w, https:\/\/swoer.com\/wp-content\/uploads\/2024\/07\/dimension-drawing-1-600x384.webp 600w\" sizes=\"(max-width: 840px) 100vw, 840px\" \/>\t\t\t\t\t\t\n\t\t\t\t\t<\/div>\n\t\t\t\t\t\t\t\t\n<style>\n#image_938012104 {\n  width: 68%;\n}\n<\/style>\n\t<\/div>","protected":false},"excerpt":{"rendered":"<p>B\u1ed9 \u0111i\u1ec1u khi\u1ec3n m\u00e1y c\u1ea5p b\u00e1t SDVC31-U 10A \u0111\u01b0\u1ee3c thi\u1ebft k\u1ebf \u0111\u1ec3 mang l\u1ea1i hi\u1ec7u su\u1ea5t v\u00e0 \u0111\u1ed9 tin c\u1eady t\u1ed1i \u01b0u. N\u00f3 t\u1ef1 h\u00e0o c\u00f3 c\u00e1c t\u00ednh n\u0103ng nh\u01b0 \u1ed5n \u0111\u1ecbnh \u0111i\u1ec7n \u00e1p t\u1ef1 \u0111\u1ed9ng c\u00f3 \u0111\u1ed9 ch\u00ednh x\u00e1c cao, kh\u1edfi \u0111\u1ed9ng ch\u1eadm c\u00f3 th\u1ec3 \u0111i\u1ec1u ch\u1ec9nh, t\u1eaft ho\u00e0n to\u00e0n\/khi tr\u1ed1ng d\u1ef1a tr\u00ean c\u1ea3m bi\u1ebfn, \u0111i\u1ec1u khi\u1ec3n t\u1ed1c \u0111\u1ed9 t\u1eeb xa v\u00e0 \u0111\u1ea7u ra \u0111i\u1ec1u khi\u1ec3n DC. B\u1ed9 \u0111i\u1ec1u khi\u1ec3n c\u0169ng bao g\u1ed3m kh\u00f3a b\u00e0n ph\u00edm \u0111\u1ec3 v\u1eadn h\u00e0nh an to\u00e0n, khi\u1ebfn n\u00f3 tr\u1edf th\u00e0nh m\u1ed9t b\u1ed9 ph\u1eadn thi\u1ebft y\u1ebfu cho c\u00e1c h\u1ec7 th\u1ed1ng cho \u0103n hi\u1ec7n \u0111\u1ea1i.<\/p>","protected":false},"featured_media":2509,"comment_status":"open","ping_status":"closed","template":"","meta":[],"product_cat":[45],"product_tag":[],"yoast_head":"<!-- This site is optimized with the Yoast SEO plugin v22.2 - https:\/\/yoast.com\/wordpress\/plugins\/seo\/ -->\n<title>Bowl Feeder Controller SDVC31-U 10A - SWOER<\/title>\n<meta name=\"description\" content=\"Unleash the power of Bowl Feeder Controller SDVC31-U 10A, featuring high precision automatic voltage stabilization, adjustable slow start, sensor-based full\/empty stop, remote speed control, and more. Enhance your feeding systems with top-notch reliability and performance.\" \/>\n<meta name=\"robots\" content=\"index, follow, max-snippet:-1, max-image-preview:large, max-video-preview:-1\" \/>\n<link rel=\"canonical\" href=\"https:\/\/swoer.com\/vi\/manufacturer\/bowl-feeder-controller-sdvc31-u-10a\/\" \/>\n<meta property=\"og:locale\" content=\"vi_VN\" \/>\n<meta property=\"og:type\" content=\"article\" \/>\n<meta property=\"og:title\" content=\"Bowl Feeder Controller SDVC31-U 10A - SWOER\" \/>\n<meta property=\"og:description\" content=\"Unleash the power of Bowl Feeder Controller SDVC31-U 10A, featuring high precision automatic voltage stabilization, adjustable slow start, sensor-based full\/empty stop, remote speed control, and more. Enhance your feeding systems with top-notch reliability and performance.\" \/>\n<meta property=\"og:url\" content=\"https:\/\/swoer.com\/vi\/manufacturer\/bowl-feeder-controller-sdvc31-u-10a\/\" \/>\n<meta property=\"og:site_name\" content=\"SWOER\" \/>\n<meta property=\"article:modified_time\" content=\"2024-08-16T06:17:52+00:00\" \/>\n<meta property=\"og:image\" content=\"https:\/\/swoer.com\/wp-content\/uploads\/2024\/07\/Bowl-Feeder-Controller-SDVC31-U-10A-1.webp\" \/>\n\t<meta property=\"og:image:width\" content=\"1000\" \/>\n\t<meta property=\"og:image:height\" content=\"1000\" \/>\n\t<meta property=\"og:image:type\" content=\"image\/webp\" \/>\n<meta name=\"twitter:card\" content=\"summary_large_image\" \/>\n<meta name=\"twitter:label1\" content=\"\u01af\u1edbc t\u00ednh th\u1eddi gian \u0111\u1ecdc\" \/>\n\t<meta name=\"twitter:data1\" content=\"2 ph\u00fat\" \/>\n<script type=\"application\/ld+json\" class=\"yoast-schema-graph\">{\"@context\":\"https:\/\/schema.org\",\"@graph\":[{\"@type\":\"WebPage\",\"@id\":\"https:\/\/swoer.com\/manufacturer\/bowl-feeder-controller-sdvc31-u-10a\/\",\"url\":\"https:\/\/swoer.com\/manufacturer\/bowl-feeder-controller-sdvc31-u-10a\/\",\"name\":\"Bowl Feeder Controller SDVC31-U 10A - SWOER\",\"isPartOf\":{\"@id\":\"https:\/\/swoer.com\/#website\"},\"primaryImageOfPage\":{\"@id\":\"https:\/\/swoer.com\/manufacturer\/bowl-feeder-controller-sdvc31-u-10a\/#primaryimage\"},\"image\":{\"@id\":\"https:\/\/swoer.com\/manufacturer\/bowl-feeder-controller-sdvc31-u-10a\/#primaryimage\"},\"thumbnailUrl\":\"https:\/\/swoer.com\/wp-content\/uploads\/2024\/07\/Bowl-Feeder-Controller-SDVC31-U-10A-1.webp\",\"datePublished\":\"2024-07-04T01:57:14+00:00\",\"dateModified\":\"2024-08-16T06:17:52+00:00\",\"description\":\"Unleash the power of Bowl Feeder Controller SDVC31-U 10A, featuring high precision automatic voltage stabilization, adjustable slow start, sensor-based full\/empty stop, remote speed control, and more. Enhance your feeding systems with top-notch reliability and performance.\",\"breadcrumb\":{\"@id\":\"https:\/\/swoer.com\/manufacturer\/bowl-feeder-controller-sdvc31-u-10a\/#breadcrumb\"},\"inLanguage\":\"vi\",\"potentialAction\":[{\"@type\":\"ReadAction\",\"target\":[\"https:\/\/swoer.com\/manufacturer\/bowl-feeder-controller-sdvc31-u-10a\/\"]}]},{\"@type\":\"ImageObject\",\"inLanguage\":\"vi\",\"@id\":\"https:\/\/swoer.com\/manufacturer\/bowl-feeder-controller-sdvc31-u-10a\/#primaryimage\",\"url\":\"https:\/\/swoer.com\/wp-content\/uploads\/2024\/07\/Bowl-Feeder-Controller-SDVC31-U-10A-1.webp\",\"contentUrl\":\"https:\/\/swoer.com\/wp-content\/uploads\/2024\/07\/Bowl-Feeder-Controller-SDVC31-U-10A-1.webp\",\"width\":1000,\"height\":1000,\"caption\":\"Bowl Feeder Controller SDVC31-U 10A\"},{\"@type\":\"BreadcrumbList\",\"@id\":\"https:\/\/swoer.com\/manufacturer\/bowl-feeder-controller-sdvc31-u-10a\/#breadcrumb\",\"itemListElement\":[{\"@type\":\"ListItem\",\"position\":1,\"name\":\"Home\",\"item\":\"https:\/\/swoer.com\/\"},{\"@type\":\"ListItem\",\"position\":2,\"name\":\"Shop\",\"item\":\"https:\/\/swoer.com\/shop\/\"},{\"@type\":\"ListItem\",\"position\":3,\"name\":\"Bowl Feeder Controller SDVC31-U 10A\"}]},{\"@type\":\"WebSite\",\"@id\":\"https:\/\/swoer.com\/#website\",\"url\":\"https:\/\/swoer.com\/\",\"name\":\"SWOER\",\"description\":\"Swoer is the top 3 vibratory bowl feeder manufacturer in China\",\"potentialAction\":[{\"@type\":\"SearchAction\",\"target\":{\"@type\":\"EntryPoint\",\"urlTemplate\":\"https:\/\/swoer.com\/?s={search_term_string}\"},\"query-input\":\"required name=search_term_string\"}],\"inLanguage\":\"vi\"}]}<\/script>\n<!-- \/ Yoast SEO plugin. -->","yoast_head_json":{"title":"Bowl Feeder Controller SDVC31-U 10A - SWOER","description":"Unleash the power of Bowl Feeder Controller SDVC31-U 10A, featuring high precision automatic voltage stabilization, adjustable slow start, sensor-based full\/empty stop, remote speed control, and more. Enhance your feeding systems with top-notch reliability and performance.","robots":{"index":"index","follow":"follow","max-snippet":"max-snippet:-1","max-image-preview":"max-image-preview:large","max-video-preview":"max-video-preview:-1"},"canonical":"https:\/\/swoer.com\/vi\/manufacturer\/bowl-feeder-controller-sdvc31-u-10a\/","og_locale":"vi_VN","og_type":"article","og_title":"Bowl Feeder Controller SDVC31-U 10A - SWOER","og_description":"Unleash the power of Bowl Feeder Controller SDVC31-U 10A, featuring high precision automatic voltage stabilization, adjustable slow start, sensor-based full\/empty stop, remote speed control, and more. Enhance your feeding systems with top-notch reliability and performance.","og_url":"https:\/\/swoer.com\/vi\/manufacturer\/bowl-feeder-controller-sdvc31-u-10a\/","og_site_name":"SWOER","article_modified_time":"2024-08-16T06:17:52+00:00","og_image":[{"width":1000,"height":1000,"url":"https:\/\/swoer.com\/wp-content\/uploads\/2024\/07\/Bowl-Feeder-Controller-SDVC31-U-10A-1.webp","type":"image\/webp"}],"twitter_card":"summary_large_image","twitter_misc":{"\u01af\u1edbc t\u00ednh th\u1eddi gian \u0111\u1ecdc":"2 ph\u00fat"},"schema":{"@context":"https:\/\/schema.org","@graph":[{"@type":"WebPage","@id":"https:\/\/swoer.com\/manufacturer\/bowl-feeder-controller-sdvc31-u-10a\/","url":"https:\/\/swoer.com\/manufacturer\/bowl-feeder-controller-sdvc31-u-10a\/","name":"Bowl Feeder Controller SDVC31-U 10A - SWOER","isPartOf":{"@id":"https:\/\/swoer.com\/#website"},"primaryImageOfPage":{"@id":"https:\/\/swoer.com\/manufacturer\/bowl-feeder-controller-sdvc31-u-10a\/#primaryimage"},"image":{"@id":"https:\/\/swoer.com\/manufacturer\/bowl-feeder-controller-sdvc31-u-10a\/#primaryimage"},"thumbnailUrl":"https:\/\/swoer.com\/wp-content\/uploads\/2024\/07\/Bowl-Feeder-Controller-SDVC31-U-10A-1.webp","datePublished":"2024-07-04T01:57:14+00:00","dateModified":"2024-08-16T06:17:52+00:00","description":"Unleash the power of Bowl Feeder Controller SDVC31-U 10A, featuring high precision automatic voltage stabilization, adjustable slow start, sensor-based full\/empty stop, remote speed control, and more. Enhance your feeding systems with top-notch reliability and performance.","breadcrumb":{"@id":"https:\/\/swoer.com\/manufacturer\/bowl-feeder-controller-sdvc31-u-10a\/#breadcrumb"},"inLanguage":"vi","potentialAction":[{"@type":"ReadAction","target":["https:\/\/swoer.com\/manufacturer\/bowl-feeder-controller-sdvc31-u-10a\/"]}]},{"@type":"ImageObject","inLanguage":"vi","@id":"https:\/\/swoer.com\/manufacturer\/bowl-feeder-controller-sdvc31-u-10a\/#primaryimage","url":"https:\/\/swoer.com\/wp-content\/uploads\/2024\/07\/Bowl-Feeder-Controller-SDVC31-U-10A-1.webp","contentUrl":"https:\/\/swoer.com\/wp-content\/uploads\/2024\/07\/Bowl-Feeder-Controller-SDVC31-U-10A-1.webp","width":1000,"height":1000,"caption":"Bowl Feeder Controller SDVC31-U 10A"},{"@type":"BreadcrumbList","@id":"https:\/\/swoer.com\/manufacturer\/bowl-feeder-controller-sdvc31-u-10a\/#breadcrumb","itemListElement":[{"@type":"ListItem","position":1,"name":"Home","item":"https:\/\/swoer.com\/"},{"@type":"ListItem","position":2,"name":"Shop","item":"https:\/\/swoer.com\/shop\/"},{"@type":"ListItem","position":3,"name":"Bowl Feeder Controller SDVC31-U 10A"}]},{"@type":"WebSite","@id":"https:\/\/swoer.com\/#website","url":"https:\/\/swoer.com\/","name":"SWOER","description":"Swoer is the top 3 vibratory bowl feeder manufacturer in China","potentialAction":[{"@type":"SearchAction","target":{"@type":"EntryPoint","urlTemplate":"https:\/\/swoer.com\/?s={search_term_string}"},"query-input":"required name=search_term_string"}],"inLanguage":"vi"}]}},"_links":{"self":[{"href":"https:\/\/swoer.com\/vi\/wp-json\/wp\/v2\/product\/2272"}],"collection":[{"href":"https:\/\/swoer.com\/vi\/wp-json\/wp\/v2\/product"}],"about":[{"href":"https:\/\/swoer.com\/vi\/wp-json\/wp\/v2\/types\/product"}],"replies":[{"embeddable":true,"href":"https:\/\/swoer.com\/vi\/wp-json\/wp\/v2\/comments?post=2272"}],"wp:featuredmedia":[{"embeddable":true,"href":"https:\/\/swoer.com\/vi\/wp-json\/wp\/v2\/media\/2509"}],"wp:attachment":[{"href":"https:\/\/swoer.com\/vi\/wp-json\/wp\/v2\/media?parent=2272"}],"wp:term":[{"taxonomy":"product_cat","embeddable":true,"href":"https:\/\/swoer.com\/vi\/wp-json\/wp\/v2\/product_cat?post=2272"},{"taxonomy":"product_tag","embeddable":true,"href":"https:\/\/swoer.com\/vi\/wp-json\/wp\/v2\/product_tag?post=2272"}],"curies":[{"name":"wp","href":"https:\/\/api.w.org\/{rel}","templated":true}]}}