{"id":2266,"date":"2024-07-03T03:21:39","date_gmt":"2024-07-03T03:21:39","guid":{"rendered":"https:\/\/swoer.com\/?post_type=product&#038;p=2266"},"modified":"2024-08-16T14:20:18","modified_gmt":"2024-08-16T06:20:18","slug":"bowl-feeder-controller-sdvc31-m-3-0a","status":"publish","type":"product","link":"https:\/\/swoer.com\/vi\/manufacturer\/bowl-feeder-controller-sdvc31-m-3-0a\/","title":{"rendered":"B\u1ed9 \u0110i\u1ec1u Khi\u1ec3n B\u00e1t \u0102n SDVC31-M 3.0A"},"content":{"rendered":"<h2><strong><b>\u0110\u1eb7c tr\u01b0ng<\/b><\/strong><\/h2>\n<ul>\n<li>\u1ed4n \u0111\u1ecbnh \u0111i\u1ec7n \u00e1p t\u1ef1 \u0111\u1ed9ng c\u00f3 \u0111\u1ed9 ch\u00ednh x\u00e1c cao<\/li>\n<li>Kh\u1edfi \u0111\u1ed9ng ch\u1eadm c\u00f3 th\u1ec3 \u0111i\u1ec1u ch\u1ec9nh<\/li>\n<li>Chuy\u1ec3n \u0111\u1ed5i c\u1ea3m bi\u1ebfn d\u1eebng \u0111\u1ea7y\/tr\u1ed1ng<\/li>\n<li>C\u1ea3m bi\u1ebfn quang \u0111i\u1ec7n t\u1eaft ho\u00e0n to\u00e0n\/tr\u1ed1ng<\/li>\n<li>\u0110i\u1ec1u khi\u1ec3n t\u1ed1c \u0111\u1ed9 t\u1eeb xa<\/li>\n<li>\u0110\u1ea7u ra \u0111i\u1ec1u khi\u1ec3n DC<\/li>\n<\/ul>\n\t<div id=\"gap-1455100087\" class=\"gap-element clearfix\" style=\"display:block; height:auto;\">\n\t\t\n<style>\n#gap-1455100087 {\n  padding-top: 30px;\n}\n<\/style>\n\t<\/div>\n\t\n<h2><strong><b>Ch\u1ee9c n\u0103ng c\u01a1 b\u1ea3n<\/b><\/strong><\/h2>\n<ol>\n<li><strong>\u0110i\u1ec1u ch\u1ec9nh t\u1ea7n s\u1ed1<\/strong>: Ng\u01b0\u1eddi d\u00f9ng \u0111i\u1ec1u ch\u1ec9nh t\u1ea7n s\u1ed1 b\u1ed9 \u0111i\u1ec1u khi\u1ec3n \u0111\u1ec3 t\u1ed1i \u01b0u h\u00f3a th\u00e2n m\u00e1y rung gi\u00fap cho vi\u1ec7c cho \u0103n \u00eam h\u01a1n, \u00eam h\u01a1n v\u00e0 ti\u1ebft ki\u1ec7m n\u0103ng l\u01b0\u1ee3ng h\u01a1n.<\/li>\n<li><strong>\u1ed4n \u0111\u1ecbnh \u0111i\u1ec7n \u00e1p t\u1ef1 \u0111\u1ed9ng c\u00f3 \u0111\u1ed9 ch\u00ednh x\u00e1c cao:<\/strong> M\u1ea1ch k\u1ef9 thu\u1eadt s\u1ed1 \u1ed5n \u0111\u1ecbnh \u0111i\u1ec7n \u00e1p, t\u1ef1 \u0111\u1ed9ng \u0111i\u1ec1u ch\u1ec9nh c\u00e1c thay \u0111\u1ed5i t\u1ed1c \u0111\u1ed9 c\u1ea5p ngu\u1ed3n do bi\u1ebfn \u0111\u1ed9ng ngu\u1ed3n \u0111i\u1ec7n.<\/li>\n<li><strong>Kh\u1edfi \u0111\u1ed9ng ch\u1eadm c\u00f3 th\u1ec3 \u0111i\u1ec1u ch\u1ec9nh:<\/strong> \u0110i\u1ec7n \u00e1p \u0111\u1ea7u ra t\u0103ng d\u1ea7n t\u1eeb 0 \u0111\u1ebfn gi\u00e1 tr\u1ecb \u0111\u1eb7t tr\u01b0\u1edbc \u0111\u1ec3 gi\u1ea3m thi\u1ec3u t\u00e1c \u0111\u1ed9ng l\u00ean t\u1ea5m rung khi kh\u1edfi \u0111\u1ed9ng. Ng\u01b0\u1eddi d\u00f9ng c\u00f3 th\u1ec3 \u0111\u1eb7t tr\u01b0\u1edbc k\u1ef9 thu\u1eadt s\u1ed1 th\u1eddi gian kh\u1edfi \u0111\u1ed9ng ch\u1eadm. N\u00f3 h\u1ed7 tr\u1ee3 c\u00e1c c\u1ea3m bi\u1ebfn lo\u1ea1i NPN ho\u1eb7c \u0111i\u1ec1u khi\u1ec3n t\u1eaft ho\u00e0n to\u00e0n\/tr\u1ed1ng t\u1eeb xa PLC.<\/li>\n<li><strong>Chuy\u1ec3n \u0111\u1ed5i c\u1ea3m bi\u1ebfn d\u1eebng ho\u00e0n to\u00e0n\/tr\u1ed1ng:<\/strong> H\u1ed7 tr\u1ee3 c\u1ea3m bi\u1ebfn lo\u1ea1i NPN ho\u1eb7c \u0111i\u1ec1u khi\u1ec3n d\u1eebng ho\u00e0n to\u00e0n \/ tr\u1ed1ng t\u1eeb xa PLC.<\/li>\n<li><strong>C\u1ea3m bi\u1ebfn quang \u0111i\u1ec7n d\u1eebng \u0111\u1ea7y\/tr\u1ed1ng:<\/strong> h\u1ed7 tr\u1ee3 \u0111i\u1ec1u khi\u1ec3n d\u1eebng ho\u00e0n to\u00e0n\/tr\u1ed1ng c\u1ea3m bi\u1ebfn quang \u0111i\u1ec7n.<\/li>\n<li><strong>\u0110i\u1ec1u khi\u1ec3n t\u1ed1c \u0111\u1ed9 t\u1eeb xa:<\/strong> b\u1ed9 \u0111i\u1ec1u khi\u1ec3n c\u00f3 th\u1ec3 tr\u1ef1c ti\u1ebfp s\u1eed d\u1ee5ng chi\u1ebft \u00e1p b\u00ean ngo\u00e0i, PLC ho\u1eb7c t\u00edn hi\u1ec7u \u0111i\u1ec7n \u00e1p 1-5V \u0111\u1ec3 \u0111i\u1ec1u khi\u1ec3n \u0111i\u1ec7n \u00e1p \u0111\u1ea7u ra t\u1eeb xa.<\/li>\n<li><strong>\u0110\u1ea7u ra \u0111i\u1ec1u khi\u1ec3n DC:<\/strong> b\u1ed9 \u0111i\u1ec1u khi\u1ec3n c\u00f3 th\u1ec3 xu\u1ea5t t\u00edn hi\u1ec7u \u0111i\u1ec1u khi\u1ec3n \u0111i\u1ec7n \u00e1p th\u1ea5p DC \u0111\u1ec3 \u0111i\u1ec1u khi\u1ec3n van \u0111i\u1ec7n t\u1eeb v\u00e0 c\u00e1c thi\u1ebft b\u1ecb kh\u00e1c ho\u1ea1t \u0111\u1ed9ng v\u1edbi b\u1ed9 \u0111i\u1ec1u khi\u1ec3n.<\/li>\n<li><strong>Kh\u00f3a b\u00e0n ph\u00edm:<\/strong> Nh\u1ea5n v\u00e0 gi\u1eef ph\u00edm b\u1eadt\/t\u1eaft \u0111\u1ec3 kh\u00f3a t\u1ea5t c\u1ea3 c\u00e1c ph\u00edm nh\u1eb1m ng\u0103n ng\u01b0\u1eddi d\u00f9ng thao t\u00e1c sai.<\/li>\n<li><strong>C\u00e0i \u0111\u1eb7t \u0111i\u1ec7n \u00e1p \u0111\u1ea7u ra t\u1ed1i \u0111a:<\/strong> \u0110\u1eb7t \u0111i\u1ec7n \u00e1p \u0111i\u1ec1u ch\u1ec9nh t\u1ed1i \u0111a \u0111\u1ec3 ng\u0103n ng\u01b0\u1eddi d\u00f9ng v\u1eadn h\u00e0nh sai v\u00e0 xu\u1ea5t ra qu\u00e1 nhi\u1ec1u \u0111i\u1ec7n \u00e1p l\u00e0m h\u1ecfng thi\u1ebft b\u1ecb rung.<\/li>\n<li><strong>B\u1ea3o v\u1ec7 qu\u00e1 nhi\u1ec7t:<\/strong> Khi nhi\u1ec7t \u0111\u1ed9 l\u00e0m vi\u1ec7c c\u1ee7a b\u1ed9 \u0111i\u1ec1u khi\u1ec3n qu\u00e1 cao, n\u00f3 s\u1ebd d\u1eebng \u0111\u1ea7u ra \u0111\u1ec3 t\u1ef1 b\u1ea3o v\u1ec7.<\/li>\n<li><strong>B\u1ea3o v\u1ec7 qu\u00e1 d\u00f2ng<\/strong>: Khi d\u00f2ng \u0111i\u1ec7n l\u00e0m vi\u1ec7c c\u1ee7a b\u1ed9 \u0111i\u1ec1u khi\u1ec3n v\u01b0\u1ee3t qu\u00e1 d\u00f2ng \u0111\u1ecbnh m\u1ee9c, h\u1ec7 th\u1ed1ng s\u1ebd d\u1eebng \u0111\u1ea7u ra \u0111\u1ec3 b\u1ea3o v\u1ec7 b\u1ed9 \u0111i\u1ec1u khi\u1ec3n v\u00e0 thi\u1ebft b\u1ecb rung.<\/li>\n<li><strong>B\u1ea3o v\u1ec7 ng\u1eafn m\u1ea1ch c\u00f3 th\u1ec3 ph\u1ee5c h\u1ed3i<\/strong>: Khi x\u1ea3y ra \u0111o\u1ea3n m\u1ea1ch \u1edf \u0111\u1ea7u ra, h\u1ec7 th\u1ed1ng s\u1ebd d\u1eebng \u0111\u1ea7u ra v\u00e0 kh\u00f4ng n\u1ed5 c\u1ea7u ch\u00ec \u0111\u1ec3 b\u1ea3o v\u1ec7 b\u1ed9 \u0111i\u1ec1u khi\u1ec3n v\u00e0 thi\u1ebft b\u1ecb rung. Sau khi h\u1ebft ng\u1eafn m\u1ea1ch, h\u1ec7 th\u1ed1ng c\u00f3 th\u1ec3 \u0111\u01b0\u1ee3c c\u1ea5p \u0111i\u1ec7n tr\u1edf l\u1ea1i \u0111\u1ec3 ho\u1ea1t \u0111\u1ed9ng b\u00ecnh th\u01b0\u1eddng tr\u1edf l\u1ea1i.<\/li>\n<\/ol>\n\t<div id=\"gap-942560564\" class=\"gap-element clearfix\" style=\"display:block; height:auto;\">\n\t\t\n<style>\n#gap-942560564 {\n  padding-top: 30px;\n}\n<\/style>\n\t<\/div>\n\t\n<h2>Th\u00f4ng s\u1ed1 k\u1ef9 thu\u1eadt<\/h2>\n<table width=\"767\">\n<tbody>\n<tr>\n<td rowspan=\"2\" width=\"225\">M\u1ee5c<\/td>\n<td colspan=\"3\" width=\"216\">Ph\u1ea1m vi<\/td>\n<td rowspan=\"2\" width=\"72\">\u0110\u01a1n v\u1ecb<\/td>\n<td rowspan=\"2\" width=\"254\">S\u1ef1 mi\u00eau t\u1ea3<\/td>\n<\/tr>\n<tr>\n<td>t\u1ed1i thi\u1ec3u<\/td>\n<td>\u0110\u1eb7c tr\u01b0ng<\/td>\n<td>T\u1ed1i \u0111a<\/td>\n<\/tr>\n<tr>\n<td>\u0110i\u1ec7n \u00e1p \u0111\u1ea7u v\u00e0o<\/td>\n<td>85<\/td>\n<td>220<\/td>\n<td>260<\/td>\n<td>V.<\/td>\n<td>Gi\u00e1 tr\u1ecb hi\u1ec7u d\u1ee5ng AC<\/td>\n<\/tr>\n<tr>\n<td>Ph\u1ea1m vi \u0111i\u1ec1u ch\u1ec9nh \u0111i\u1ec7n \u00e1p \u0111\u1ea7u ra<\/td>\n<td>0<\/td>\n<td><\/td>\n<td>260<\/td>\n<td>V.<\/td>\n<td>\u0110i\u1ec7n \u00e1p \u0111\u1ea7u v\u00e0o nh\u1ecf h\u01a1n 150%<\/td>\n<\/tr>\n<tr>\n<td>\u0110\u1ed9 ch\u00ednh x\u00e1c \u0111i\u1ec1u ch\u1ec9nh \u0111i\u1ec7n \u00e1p<\/td>\n<td colspan=\"3\">1<\/td>\n<td>V.<\/td>\n<td><\/td>\n<\/tr>\n<tr>\n<td>\u0110\u1ed9 ch\u00ednh x\u00e1c \u0111i\u1ec1u ch\u1ec9nh \u0111i\u1ec7n \u00e1p<\/td>\n<td>0<\/td>\n<td><\/td>\n<td>10<\/td>\n<td><\/td>\n<td>Vout\/Vin<\/td>\n<\/tr>\n<tr>\n<td>Th\u1eddi gian \u0111\u00e1p \u1ee9ng \u0111i\u1ec1u ch\u1ec9nh \u0111i\u1ec7n \u00e1p<\/td>\n<td>0.0025<\/td>\n<td><\/td>\n<td>0.025<\/td>\n<td>S<\/td>\n<td>M\u1ed9t ph\u1ea7n m\u01b0\u1eddi chu k\u1ef3 \u0111i\u1ec7n \u00e1p \u0111\u1ea7u ra<\/td>\n<\/tr>\n<tr>\n<td rowspan=\"2\">Ph\u1ea1m vi \u0111i\u1ec1u ch\u1ec9nh d\u00f2ng \u0111i\u1ec7n \u0111\u1ea7u ra<\/td>\n<td>0<\/td>\n<td><\/td>\n<td>1.5<\/td>\n<td>M\u1ed8T<\/td>\n<td>SDVC31-S-C\u00f4ng su\u1ea5t nh\u1ecf<\/td>\n<\/tr>\n<tr>\n<td>0<\/td>\n<td><\/td>\n<td>3<\/td>\n<td>VA<\/td>\n<td>SDVC31-M-C\u00f4ng su\u1ea5t trung b\u00ecnh<\/td>\n<\/tr>\n<tr>\n<td rowspan=\"2\">C\u00f4ng su\u1ea5t ra<\/td>\n<td>0<\/td>\n<td><\/td>\n<td>330<\/td>\n<td>VA<\/td>\n<td>SDVC31-S-C\u00f4ng su\u1ea5t nh\u1ecf<\/td>\n<\/tr>\n<tr>\n<td>0<\/td>\n<td><\/td>\n<td>660<\/td>\n<td>VA<\/td>\n<td>SDVC31-M-C\u00f4ng su\u1ea5t trung b\u00ecnh<\/td>\n<\/tr>\n<tr>\n<td>T\u1ea7n s\u1ed1 \u0111\u1ea7u ra<\/td>\n<td>40<\/td>\n<td><\/td>\n<td>400<\/td>\n<td>Hz<\/td>\n<td><\/td>\n<\/tr>\n<tr>\n<td>\u0110\u1ed9 ch\u00ednh x\u00e1c \u0111i\u1ec1u ch\u1ec9nh t\u1ea7n s\u1ed1<\/td>\n<td colspan=\"3\">0.1<\/td>\n<td>Hz<\/td>\n<td><\/td>\n<\/tr>\n<tr>\n<td>D\u1ea1ng s\u00f3ng \u0111\u1ea7u ra<\/td>\n<td colspan=\"3\">sin<\/td>\n<td><\/td>\n<td><\/td>\n<\/tr>\n<tr>\n<td>Th\u1eddi gian b\u1eaft \u0111\u1ea7u ch\u1eadm<\/td>\n<td>0<\/td>\n<td><\/td>\n<td>10<\/td>\n<td>S<\/td>\n<td>M\u1eb7c \u0111\u1ecbnh c\u1ee7a nh\u00e0 m\u00e1y 0,5<\/td>\n<\/tr>\n<tr>\n<td>Ph\u1ea1m vi th\u1eddi gian tr\u1ec5<\/td>\n<td>0<\/td>\n<td><\/td>\n<td>20<\/td>\n<td>S<\/td>\n<td>M\u1eb7c \u0111\u1ecbnh c\u1ee7a nh\u00e0 m\u00e1y 0,2<\/td>\n<\/tr>\n<tr>\n<td>\u0110\u1ed9 ch\u00ednh x\u00e1c th\u1eddi gian tr\u1ec5<\/td>\n<td colspan=\"3\">0.1<\/td>\n<td>S<\/td>\n<td><\/td>\n<\/tr>\n<tr>\n<td>Nhi\u1ec7t \u0111\u1ed9 b\u1ea3o v\u1ec7 qu\u00e1 nhi\u1ec7t<\/td>\n<td>60<\/td>\n<td>65<\/td>\n<td>65<\/td>\n<td>oC<\/td>\n<td><\/td>\n<\/tr>\n<tr>\n<td>\u0110i\u1ec7n \u00e1p \u0111\u1ea7u ra \u0111i\u1ec1u khi\u1ec3n DC<\/td>\n<td>22<\/td>\n<td>24<\/td>\n<td>26<\/td>\n<td>V.<\/td>\n<td><\/td>\n<\/tr>\n<tr>\n<td>D\u00f2ng \u0111i\u1ec7n \u0111\u1ea7u ra \u0111i\u1ec1u khi\u1ec3n DC<\/td>\n<td>0<\/td>\n<td><\/td>\n<td>200<\/td>\n<td>ma<\/td>\n<td><\/td>\n<\/tr>\n<tr>\n<td>M\u00f4 h\u00ecnh \u0111i\u1ec1u khi\u1ec3n t\u01b0\u01a1ng t\u1ef1<\/td>\n<td colspan=\"3\">1-5<\/td>\n<td>V.<\/td>\n<td>\u0110i\u1ec7n \u00e1p \u0111i\u1ec1u khi\u1ec3n t\u1ed1c \u0111\u1ed9 t\u1eeb xa<\/td>\n<\/tr>\n<tr>\n<td>T\u00edn hi\u1ec7u \u0111i\u1ec1u khi\u1ec3n k\u1ef9 thu\u1eadt s\u1ed1<\/td>\n<td colspan=\"3\">24<\/td>\n<td>V.<\/td>\n<td>Chuy\u1ec3n \u0111\u1ed5i t\u00edn hi\u1ec7u \u0111i\u1ec1u khi\u1ec3n<\/td>\n<\/tr>\n<tr>\n<td>Ph\u01b0\u01a1ng ph\u00e1p \u0111i\u1ec1u ch\u1ec9nh<\/td>\n<td colspan=\"3\">6<\/td>\n<td>ch\u00eca kh\u00f3a<\/td>\n<td><\/td>\n<\/tr>\n<tr>\n<td>Ti\u00eau th\u1ee5 \u0111i\u1ec7n n\u0103ng kh\u00f4ng t\u1ea3i<\/td>\n<td><\/td>\n<td>3<\/td>\n<td><\/td>\n<td>W<\/td>\n<td><\/td>\n<\/tr>\n<tr>\n<td>Ch\u1ebf \u0111\u1ed9 hi\u1ec3n th\u1ecb<\/td>\n<td colspan=\"3\">5<\/td>\n<td>ch\u1eef s\u1ed1<\/td>\n<td>\u1ed0ng LED k\u1ef9 thu\u1eadt s\u1ed1<\/td>\n<\/tr>\n<tr>\n<td>Nhi\u1ec7t \u0111\u1ed9 m\u00f4i tr\u01b0\u1eddng ti\u1ec1n l\u01b0\u01a1ng<\/td>\n<td>0<\/td>\n<td>25<\/td>\n<td>40<\/td>\n<td>oC<\/td>\n<td rowspan=\"2\">Kh\u00f4ng ng\u01b0ng t\u1ee5<\/td>\n<\/tr>\n<tr>\n<td>\u0110\u1ed9 \u1ea9m m\u00f4i tr\u01b0\u1eddng ti\u1ec1n l\u01b0\u01a1ng<\/td>\n<td>10<\/td>\n<td>60<\/td>\n<td>85<\/td>\n<td>%<\/td>\n<\/tr>\n<\/tbody>\n<\/table>\n<h2>K\u00edch th\u01b0\u1edbc v\u00e0 tr\u1ecdng l\u01b0\u1ee3ng<\/h2>\n<ul>\n<li><strong>K\u00edch th\u01b0\u1edbc:<\/strong> D\u00e0i 190mm x r\u1ed9ng 53,6mm x cao 94,5mm<\/li>\n<li><strong>C\u00e2n n\u1eb7ng:<\/strong> 610g (kh\u00f4ng bao g\u1ed3m ph\u1ee5 ki\u1ec7n)<\/li>\n<\/ul>\n\t<div id=\"gap-1476127775\" class=\"gap-element clearfix\" style=\"display:block; height:auto;\">\n\t\t\n<style>\n#gap-1476127775 {\n  padding-top: 30px;\n}\n<\/style>\n\t<\/div>\n\t\n<h2>B\u1ea3n v\u1ebd k\u00edch th\u01b0\u1edbc<\/h2>\n\t<div class=\"img has-hover x md-x lg-x y md-y lg-y\" id=\"image_1997007614\">\n\t\t\t\t\t\t\t\t<div class=\"img-inner dark\" >\n\t\t\t<img loading=\"lazy\" decoding=\"async\" width=\"646\" height=\"554\" src=\"https:\/\/swoer.com\/wp-content\/uploads\/2024\/07\/dimension-drawing.webp\" class=\"attachment-original size-original\" alt=\"b\u1ea3n v\u1ebd k\u00edch th\u01b0\u1edbc\" srcset=\"https:\/\/swoer.com\/wp-content\/uploads\/2024\/07\/dimension-drawing.webp 646w, https:\/\/swoer.com\/wp-content\/uploads\/2024\/07\/dimension-drawing-300x257.webp 300w, https:\/\/swoer.com\/wp-content\/uploads\/2024\/07\/dimension-drawing-14x12.webp 14w, https:\/\/swoer.com\/wp-content\/uploads\/2024\/07\/dimension-drawing-600x515.webp 600w\" sizes=\"(max-width: 646px) 100vw, 646px\" \/>\t\t\t\t\t\t\n\t\t\t\t\t<\/div>\n\t\t\t\t\t\t\t\t\n<style>\n#image_1997007614 {\n  width: 58%;\n}\n<\/style>\n\t<\/div>","protected":false},"excerpt":{"rendered":"<p>B\u1ed9 \u0111i\u1ec1u khi\u1ec3n m\u00e1y c\u1ea5p li\u1ec7u d\u1ea1ng b\u00e1t SDVC31-M 3.0A l\u00e0 gi\u1ea3i ph\u00e1p \u0111\u00e1ng tin c\u1eady \u0111\u1ec3 \u0111i\u1ec1u khi\u1ec3n m\u00e1y c\u1ea5p li\u1ec7u d\u1ea1ng b\u00e1t rung trong m\u00f4i tr\u01b0\u1eddng c\u00f4ng nghi\u1ec7p. N\u00f3 c\u00f3 t\u00ednh n\u0103ng \u1ed5n \u0111\u1ecbnh \u0111i\u1ec7n \u00e1p c\u00f3 \u0111\u1ed9 ch\u00ednh x\u00e1c cao, kh\u1edfi \u0111\u1ed9ng ch\u1eadm c\u00f3 th\u1ec3 \u0111i\u1ec1u ch\u1ec9nh, d\u1eebng ho\u00e0n to\u00e0n\/tr\u1ed1ng, \u0111i\u1ec1u khi\u1ec3n t\u1ed1c \u0111\u1ed9 t\u1eeb xa v\u00e0 \u0111\u1ea7u ra \u0111i\u1ec1u khi\u1ec3n DC \u0111\u1ec3 x\u1eed l\u00fd v\u1eadt li\u1ec7u hi\u1ec7u qu\u1ea3.<\/p>","protected":false},"featured_media":2513,"comment_status":"open","ping_status":"closed","template":"","meta":[],"product_cat":[45],"product_tag":[],"yoast_head":"<!-- This site is optimized with the Yoast SEO plugin v22.2 - https:\/\/yoast.com\/wordpress\/plugins\/seo\/ -->\n<title>Bowl Feeder Controller SDVC31-M 3.0A - SWOER<\/title>\n<meta name=\"description\" content=\"Improve your material handling operations with the Bowl Feeder Controller SDVC31-M 3.0A. This industrial-grade controller ensures accurate material flow, prevents jams, and optimizes production efficiency.\" \/>\n<meta name=\"robots\" content=\"index, follow, max-snippet:-1, max-image-preview:large, max-video-preview:-1\" \/>\n<link rel=\"canonical\" href=\"https:\/\/swoer.com\/vi\/manufacturer\/bowl-feeder-controller-sdvc31-m-3-0a\/\" \/>\n<meta property=\"og:locale\" content=\"vi_VN\" \/>\n<meta property=\"og:type\" content=\"article\" \/>\n<meta property=\"og:title\" content=\"Bowl Feeder Controller SDVC31-M 3.0A - SWOER\" \/>\n<meta property=\"og:description\" content=\"Improve your material handling operations with the Bowl Feeder Controller SDVC31-M 3.0A. This industrial-grade controller ensures accurate material flow, prevents jams, and optimizes production efficiency.\" \/>\n<meta property=\"og:url\" content=\"https:\/\/swoer.com\/vi\/manufacturer\/bowl-feeder-controller-sdvc31-m-3-0a\/\" \/>\n<meta property=\"og:site_name\" content=\"SWOER\" \/>\n<meta property=\"article:modified_time\" content=\"2024-08-16T06:20:18+00:00\" \/>\n<meta property=\"og:image\" content=\"https:\/\/swoer.com\/wp-content\/uploads\/2024\/07\/Bowl-Feeder-Controller-SDVC31-M-3.0A-1.webp\" \/>\n\t<meta property=\"og:image:width\" content=\"1000\" \/>\n\t<meta property=\"og:image:height\" content=\"1000\" \/>\n\t<meta property=\"og:image:type\" content=\"image\/webp\" \/>\n<meta name=\"twitter:card\" content=\"summary_large_image\" \/>\n<meta name=\"twitter:label1\" content=\"\u01af\u1edbc t\u00ednh th\u1eddi gian \u0111\u1ecdc\" \/>\n\t<meta name=\"twitter:data1\" content=\"3 ph\u00fat\" \/>\n<script type=\"application\/ld+json\" class=\"yoast-schema-graph\">{\"@context\":\"https:\/\/schema.org\",\"@graph\":[{\"@type\":\"WebPage\",\"@id\":\"https:\/\/swoer.com\/manufacturer\/bowl-feeder-controller-sdvc31-m-3-0a\/\",\"url\":\"https:\/\/swoer.com\/manufacturer\/bowl-feeder-controller-sdvc31-m-3-0a\/\",\"name\":\"Bowl Feeder Controller SDVC31-M 3.0A - SWOER\",\"isPartOf\":{\"@id\":\"https:\/\/swoer.com\/#website\"},\"primaryImageOfPage\":{\"@id\":\"https:\/\/swoer.com\/manufacturer\/bowl-feeder-controller-sdvc31-m-3-0a\/#primaryimage\"},\"image\":{\"@id\":\"https:\/\/swoer.com\/manufacturer\/bowl-feeder-controller-sdvc31-m-3-0a\/#primaryimage\"},\"thumbnailUrl\":\"https:\/\/swoer.com\/wp-content\/uploads\/2024\/07\/Bowl-Feeder-Controller-SDVC31-M-3.0A-1.webp\",\"datePublished\":\"2024-07-03T03:21:39+00:00\",\"dateModified\":\"2024-08-16T06:20:18+00:00\",\"description\":\"Improve your material handling operations with the Bowl Feeder Controller SDVC31-M 3.0A. This industrial-grade controller ensures accurate material flow, prevents jams, and optimizes production efficiency.\",\"breadcrumb\":{\"@id\":\"https:\/\/swoer.com\/manufacturer\/bowl-feeder-controller-sdvc31-m-3-0a\/#breadcrumb\"},\"inLanguage\":\"vi\",\"potentialAction\":[{\"@type\":\"ReadAction\",\"target\":[\"https:\/\/swoer.com\/manufacturer\/bowl-feeder-controller-sdvc31-m-3-0a\/\"]}]},{\"@type\":\"ImageObject\",\"inLanguage\":\"vi\",\"@id\":\"https:\/\/swoer.com\/manufacturer\/bowl-feeder-controller-sdvc31-m-3-0a\/#primaryimage\",\"url\":\"https:\/\/swoer.com\/wp-content\/uploads\/2024\/07\/Bowl-Feeder-Controller-SDVC31-M-3.0A-1.webp\",\"contentUrl\":\"https:\/\/swoer.com\/wp-content\/uploads\/2024\/07\/Bowl-Feeder-Controller-SDVC31-M-3.0A-1.webp\",\"width\":1000,\"height\":1000,\"caption\":\"Bowl Feeder Controller SDVC31-M 3.0A\"},{\"@type\":\"BreadcrumbList\",\"@id\":\"https:\/\/swoer.com\/manufacturer\/bowl-feeder-controller-sdvc31-m-3-0a\/#breadcrumb\",\"itemListElement\":[{\"@type\":\"ListItem\",\"position\":1,\"name\":\"Home\",\"item\":\"https:\/\/swoer.com\/\"},{\"@type\":\"ListItem\",\"position\":2,\"name\":\"Shop\",\"item\":\"https:\/\/swoer.com\/shop\/\"},{\"@type\":\"ListItem\",\"position\":3,\"name\":\"Bowl Feeder Controller SDVC31-M 3.0A\"}]},{\"@type\":\"WebSite\",\"@id\":\"https:\/\/swoer.com\/#website\",\"url\":\"https:\/\/swoer.com\/\",\"name\":\"SWOER\",\"description\":\"Swoer is the top 3 vibratory bowl feeder manufacturer in China\",\"potentialAction\":[{\"@type\":\"SearchAction\",\"target\":{\"@type\":\"EntryPoint\",\"urlTemplate\":\"https:\/\/swoer.com\/?s={search_term_string}\"},\"query-input\":\"required name=search_term_string\"}],\"inLanguage\":\"vi\"}]}<\/script>\n<!-- \/ Yoast SEO plugin. -->","yoast_head_json":{"title":"Bowl Feeder Controller SDVC31-M 3.0A - SWOER","description":"Improve your material handling operations with the Bowl Feeder Controller SDVC31-M 3.0A. This industrial-grade controller ensures accurate material flow, prevents jams, and optimizes production efficiency.","robots":{"index":"index","follow":"follow","max-snippet":"max-snippet:-1","max-image-preview":"max-image-preview:large","max-video-preview":"max-video-preview:-1"},"canonical":"https:\/\/swoer.com\/vi\/manufacturer\/bowl-feeder-controller-sdvc31-m-3-0a\/","og_locale":"vi_VN","og_type":"article","og_title":"Bowl Feeder Controller SDVC31-M 3.0A - SWOER","og_description":"Improve your material handling operations with the Bowl Feeder Controller SDVC31-M 3.0A. This industrial-grade controller ensures accurate material flow, prevents jams, and optimizes production efficiency.","og_url":"https:\/\/swoer.com\/vi\/manufacturer\/bowl-feeder-controller-sdvc31-m-3-0a\/","og_site_name":"SWOER","article_modified_time":"2024-08-16T06:20:18+00:00","og_image":[{"width":1000,"height":1000,"url":"https:\/\/swoer.com\/wp-content\/uploads\/2024\/07\/Bowl-Feeder-Controller-SDVC31-M-3.0A-1.webp","type":"image\/webp"}],"twitter_card":"summary_large_image","twitter_misc":{"\u01af\u1edbc t\u00ednh th\u1eddi gian \u0111\u1ecdc":"3 ph\u00fat"},"schema":{"@context":"https:\/\/schema.org","@graph":[{"@type":"WebPage","@id":"https:\/\/swoer.com\/manufacturer\/bowl-feeder-controller-sdvc31-m-3-0a\/","url":"https:\/\/swoer.com\/manufacturer\/bowl-feeder-controller-sdvc31-m-3-0a\/","name":"Bowl Feeder Controller SDVC31-M 3.0A - SWOER","isPartOf":{"@id":"https:\/\/swoer.com\/#website"},"primaryImageOfPage":{"@id":"https:\/\/swoer.com\/manufacturer\/bowl-feeder-controller-sdvc31-m-3-0a\/#primaryimage"},"image":{"@id":"https:\/\/swoer.com\/manufacturer\/bowl-feeder-controller-sdvc31-m-3-0a\/#primaryimage"},"thumbnailUrl":"https:\/\/swoer.com\/wp-content\/uploads\/2024\/07\/Bowl-Feeder-Controller-SDVC31-M-3.0A-1.webp","datePublished":"2024-07-03T03:21:39+00:00","dateModified":"2024-08-16T06:20:18+00:00","description":"Improve your material handling operations with the Bowl Feeder Controller SDVC31-M 3.0A. This industrial-grade controller ensures accurate material flow, prevents jams, and optimizes production efficiency.","breadcrumb":{"@id":"https:\/\/swoer.com\/manufacturer\/bowl-feeder-controller-sdvc31-m-3-0a\/#breadcrumb"},"inLanguage":"vi","potentialAction":[{"@type":"ReadAction","target":["https:\/\/swoer.com\/manufacturer\/bowl-feeder-controller-sdvc31-m-3-0a\/"]}]},{"@type":"ImageObject","inLanguage":"vi","@id":"https:\/\/swoer.com\/manufacturer\/bowl-feeder-controller-sdvc31-m-3-0a\/#primaryimage","url":"https:\/\/swoer.com\/wp-content\/uploads\/2024\/07\/Bowl-Feeder-Controller-SDVC31-M-3.0A-1.webp","contentUrl":"https:\/\/swoer.com\/wp-content\/uploads\/2024\/07\/Bowl-Feeder-Controller-SDVC31-M-3.0A-1.webp","width":1000,"height":1000,"caption":"Bowl Feeder Controller SDVC31-M 3.0A"},{"@type":"BreadcrumbList","@id":"https:\/\/swoer.com\/manufacturer\/bowl-feeder-controller-sdvc31-m-3-0a\/#breadcrumb","itemListElement":[{"@type":"ListItem","position":1,"name":"Home","item":"https:\/\/swoer.com\/"},{"@type":"ListItem","position":2,"name":"Shop","item":"https:\/\/swoer.com\/shop\/"},{"@type":"ListItem","position":3,"name":"Bowl Feeder Controller SDVC31-M 3.0A"}]},{"@type":"WebSite","@id":"https:\/\/swoer.com\/#website","url":"https:\/\/swoer.com\/","name":"SWOER","description":"Swoer is the top 3 vibratory bowl feeder manufacturer in China","potentialAction":[{"@type":"SearchAction","target":{"@type":"EntryPoint","urlTemplate":"https:\/\/swoer.com\/?s={search_term_string}"},"query-input":"required name=search_term_string"}],"inLanguage":"vi"}]}},"_links":{"self":[{"href":"https:\/\/swoer.com\/vi\/wp-json\/wp\/v2\/product\/2266"}],"collection":[{"href":"https:\/\/swoer.com\/vi\/wp-json\/wp\/v2\/product"}],"about":[{"href":"https:\/\/swoer.com\/vi\/wp-json\/wp\/v2\/types\/product"}],"replies":[{"embeddable":true,"href":"https:\/\/swoer.com\/vi\/wp-json\/wp\/v2\/comments?post=2266"}],"wp:featuredmedia":[{"embeddable":true,"href":"https:\/\/swoer.com\/vi\/wp-json\/wp\/v2\/media\/2513"}],"wp:attachment":[{"href":"https:\/\/swoer.com\/vi\/wp-json\/wp\/v2\/media?parent=2266"}],"wp:term":[{"taxonomy":"product_cat","embeddable":true,"href":"https:\/\/swoer.com\/vi\/wp-json\/wp\/v2\/product_cat?post=2266"},{"taxonomy":"product_tag","embeddable":true,"href":"https:\/\/swoer.com\/vi\/wp-json\/wp\/v2\/product_tag?post=2266"}],"curies":[{"name":"wp","href":"https:\/\/api.w.org\/{rel}","templated":true}]}}