{"id":2260,"date":"2024-07-02T07:47:38","date_gmt":"2024-07-02T07:47:38","guid":{"rendered":"https:\/\/swoer.com\/?post_type=product&#038;p=2260"},"modified":"2024-08-16T14:23:50","modified_gmt":"2024-08-16T06:23:50","slug":"variable-frequency-digital-controller-for-vibratory-feeder-sdvc31-l-4-5a","status":"publish","type":"product","link":"https:\/\/swoer.com\/vi\/manufacturer\/variable-frequency-digital-controller-for-vibratory-feeder-sdvc31-l-4-5a\/","title":{"rendered":"B\u1ed9 \u0111i\u1ec1u khi\u1ec3n k\u1ef9 thu\u1eadt s\u1ed1 t\u1ea7n s\u1ed1 thay \u0111\u1ed5i cho m\u00e1y c\u1ea5p li\u1ec7u rung SDVC31-L 4.5A"},"content":{"rendered":"<h2><strong><b>\u0110\u1eb7c tr\u01b0ng<\/b><\/strong><\/h2>\n<ol>\n<li>\u1ed4n \u0111\u1ecbnh \u0111i\u1ec7n \u00e1p t\u1ef1 \u0111\u1ed9ng c\u00f3 \u0111\u1ed9 ch\u00ednh x\u00e1c cao<\/li>\n<li>Kh\u1edfi \u0111\u1ed9ng ch\u1eadm c\u00f3 th\u1ec3 \u0111i\u1ec1u ch\u1ec9nh<\/li>\n<li>Chuy\u1ec3n \u0111\u1ed5i c\u1ea3m bi\u1ebfn t\u1eaft ho\u00e0n to\u00e0n\/tr\u1ed1ng<\/li>\n<li>C\u1ea3m bi\u1ebfn quang \u0111i\u1ec7n t\u1eaft ho\u00e0n to\u00e0n\/tr\u1ed1ng<\/li>\n<li>\u0110i\u1ec1u khi\u1ec3n t\u1ed1c \u0111\u1ed9 t\u1eeb xa<\/li>\n<li>\u0110\u1ea7u ra \u0111i\u1ec1u khi\u1ec3n DC<\/li>\n<\/ol>\n<h2><strong><b>Ch\u1ee9c n\u0103ng c\u01a1 b\u1ea3n<\/b><\/strong><\/h2>\n<ul>\n<li><strong>\u0110i\u1ec1u ch\u1ec9nh t\u1ea7n s\u1ed1<\/strong>: Ng\u01b0\u1eddi d\u00f9ng c\u00f3 th\u1ec3 \u0111i\u1ec1u ch\u1ec9nh t\u1ea7n s\u1ed1 \u0111\u1ea7u ra c\u1ee7a b\u1ed9 \u0111i\u1ec1u khi\u1ec3n \u0111\u1ec3 t\u00ecm ra t\u1ea7n s\u1ed1 ho\u1ea1t \u0111\u1ed9ng t\u1ed1i \u01b0u c\u1ee7a th\u00e2n m\u00e1y rung, \u0111\u1ea1t \u0111\u01b0\u1ee3c hi\u1ec7u qu\u1ea3 c\u1ea5p li\u1ec7u m\u01b0\u1ee3t m\u00e0, \u00eam \u00e1i h\u01a1n v\u00e0 ti\u1ebft ki\u1ec7m n\u0103ng l\u01b0\u1ee3ng.<\/li>\n<li><strong>\u0110i\u1ec1u ch\u1ec9nh \u0111i\u1ec7n \u00e1p t\u1ef1 \u0111\u1ed9ng c\u00f3 \u0111\u1ed9 ch\u00ednh x\u00e1c cao:<\/strong> M\u1ea1ch \u0111i\u1ec1u ch\u1ec9nh \u0111i\u1ec7n \u00e1p k\u1ef9 thu\u1eadt s\u1ed1 t\u00edch h\u1ee3p c\u00f3 th\u1ec3 t\u1ef1 \u0111\u1ed9ng lo\u1ea1i b\u1ecf c\u00e1c thay \u0111\u1ed5i t\u1ed1c \u0111\u1ed9 c\u1ea5p ngu\u1ed3n do dao \u0111\u1ed9ng \u0111i\u1ec7n \u00e1p ngu\u1ed3n \u0111i\u1ec7n.<\/li>\n<li><strong>Kh\u1edfi \u0111\u1ed9ng ch\u1eadm c\u00f3 th\u1ec3 \u0111i\u1ec1u ch\u1ec9nh:<\/strong> Khi kh\u1edfi \u0111\u1ed9ng, \u0111i\u1ec7n \u00e1p \u0111\u1ea7u ra s\u1ebd t\u0103ng d\u1ea7n t\u1eeb 0 \u0111\u1ebfn \u0111i\u1ec7n \u00e1p \u0111\u1eb7t tr\u01b0\u1edbc \u0111\u1ec3 lo\u1ea1i b\u1ecf t\u00e1c \u0111\u1ed9ng l\u00ean b\u1ed9 c\u1ea5p li\u1ec7u b\u00e1t rung. Ng\u01b0\u1eddi d\u00f9ng c\u00f3 th\u1ec3 \u0111\u1eb7t tr\u01b0\u1edbc k\u1ef9 thu\u1eadt s\u1ed1 th\u1eddi gian b\u1eaft \u0111\u1ea7u ch\u1eadm. N\u00f3 h\u1ed7 tr\u1ee3 c\u00e1c c\u1ea3m bi\u1ebfn lo\u1ea1i NPN ho\u1eb7c \u0111i\u1ec1u khi\u1ec3n t\u1eaft ho\u00e0n to\u00e0n\/tr\u1ed1ng t\u1eeb xa PLC.<\/li>\n<li><strong>Chuy\u1ec3n \u0111\u1ed5i c\u1ea3m bi\u1ebfn t\u1eaft ho\u00e0n to\u00e0n\/tr\u1ed1ng:<\/strong> H\u1ed7 tr\u1ee3 c\u1ea3m bi\u1ebfn lo\u1ea1i NPN ho\u1eb7c \u0111i\u1ec1u khi\u1ec3n t\u1eaft ho\u00e0n to\u00e0n\/tr\u1ed1ng PLC t\u1eeb xa.<\/li>\n<li><strong>C\u1ea3m bi\u1ebfn quang \u0111i\u1ec7n t\u1eaft ho\u00e0n to\u00e0n\/tr\u1ed1ng:<\/strong> H\u1ed7 tr\u1ee3 \u0111i\u1ec1u khi\u1ec3n t\u1eaft\/t\u1eaft c\u1ea3m bi\u1ebfn quang \u0111i\u1ec7n.<\/li>\n<li><strong>\u0110i\u1ec1u khi\u1ec3n t\u1ed1c \u0111\u1ed9 t\u1eeb xa<\/strong>: Ng\u01b0\u1eddi d\u00f9ng c\u00f3 th\u1ec3 \u0111i\u1ec1u khi\u1ec3n t\u1eeb xa tr\u1ef1c ti\u1ebfp \u0111i\u1ec7n \u00e1p \u0111\u1ea7u ra b\u1eb1ng chi\u1ebft \u00e1p b\u00ean ngo\u00e0i, PLC ho\u1eb7c t\u00edn hi\u1ec7u \u0111i\u1ec7n \u00e1p 1~5V.<\/li>\n<li><strong>\u0110\u1ea7u ra \u0111i\u1ec1u khi\u1ec3n DC:<\/strong> B\u1ed9 \u0111i\u1ec1u khi\u1ec3n c\u00f3 th\u1ec3 xu\u1ea5t t\u00edn hi\u1ec7u \u0111i\u1ec1u khi\u1ec3n \u0111i\u1ec7n \u00e1p th\u1ea5p DC \u0111\u1ec3 \u0111i\u1ec1u khi\u1ec3n c\u00e1c thi\u1ebft b\u1ecb nh\u01b0 van \u0111i\u1ec7n t\u1eeb ho\u1ea1t \u0111\u1ed9ng v\u1edbi b\u1ed9 \u0111i\u1ec1u khi\u1ec3n.<\/li>\n<li><strong>Kh\u00f3a b\u00e0n ph\u00edm:<\/strong> nh\u1ea5n v\u00e0 gi\u1eef ph\u00edm b\u1eadt\/t\u1eaft \u0111\u1ec3 kh\u00f3a t\u1ea5t c\u1ea3 c\u00e1c ph\u00edm nh\u1eb1m ng\u0103n ng\u01b0\u1eddi d\u00f9ng thao t\u00e1c nh\u1ea7m.<\/li>\n<li><strong>C\u00e0i \u0111\u1eb7t \u0111i\u1ec7n \u00e1p \u0111\u1ea7u ra t\u1ed1i \u0111a:<\/strong> \u0111\u1eb7t \u0111i\u1ec7n \u00e1p \u0111i\u1ec1u ch\u1ec9nh t\u1ed1i \u0111a \u0111\u1ec3 tr\u00e1nh ng\u01b0\u1eddi d\u00f9ng v\u1eadn h\u00e0nh nh\u1ea7m v\u00e0 t\u1ea1o ra \u0111i\u1ec7n \u00e1p qu\u00e1 m\u1ee9c l\u00e0m h\u1ecfng thi\u1ebft b\u1ecb rung.<\/li>\n<li><strong>B\u1ea3o v\u1ec7 qu\u00e1 nhi\u1ec7t:<\/strong> khi nhi\u1ec7t \u0111\u1ed9 ho\u1ea1t \u0111\u1ed9ng c\u1ee7a b\u1ed9 \u0111i\u1ec1u khi\u1ec3n qu\u00e1 cao, \u0111\u1ea7u ra s\u1ebd d\u1eebng \u0111\u1ec3 t\u1ef1 b\u1ea3o v\u1ec7.<\/li>\n<li><strong>B\u1ea3o v\u1ec7 qu\u00e1 d\u00f2ng:<\/strong> khi d\u00f2ng \u0111i\u1ec7n ho\u1ea1t \u0111\u1ed9ng c\u1ee7a b\u1ed9 \u0111i\u1ec1u khi\u1ec3n v\u01b0\u1ee3t qu\u00e1 d\u00f2ng \u0111\u1ecbnh m\u1ee9c, \u0111\u1ea7u ra s\u1ebd d\u1eebng \u0111\u1ec3 b\u1ea3o v\u1ec7 b\u1ed9 \u0111i\u1ec1u khi\u1ec3n v\u00e0 thi\u1ebft b\u1ecb rung.<\/li>\n<li><strong>B\u1ea3o v\u1ec7 ng\u1eafn m\u1ea1ch c\u00f3 th\u1ec3 ph\u1ee5c h\u1ed3i:<\/strong> khi x\u1ea3y ra \u0111o\u1ea3n m\u1ea1ch \u1edf \u0111\u1ea7u ra, b\u1ed9 \u0111i\u1ec1u khi\u1ec3n s\u1ebd d\u1eebng \u0111\u1ea7u ra v\u00e0 c\u1ea7u ch\u00ec kh\u00f4ng b\u1ecb n\u1ed5 \u0111\u1ec3 b\u1ea3o v\u1ec7 b\u1ed9 \u0111i\u1ec1u khi\u1ec3n v\u00e0 thi\u1ebft b\u1ecb rung. Sau khi \u0111\u1ea7u ra kh\u00f4ng c\u00f2n b\u1ecb \u0111o\u1ea3n m\u1ea1ch, b\u1ed9 \u0111i\u1ec1u khi\u1ec3n c\u00f3 th\u1ec3 ho\u1ea1t \u0111\u1ed9ng b\u00ecnh th\u01b0\u1eddng tr\u1edf l\u1ea1i sau khi b\u1eadt ngu\u1ed3n.<\/li>\n<\/ul>\n<h2>Th\u00f4ng s\u1ed1 k\u1ef9 thu\u1eadt<\/h2>\n<table width=\"767\">\n<tbody>\n<tr>\n<td rowspan=\"2\" width=\"225\">M\u1ee5c<\/td>\n<td colspan=\"3\" width=\"216\">Ph\u1ea1m vi<\/td>\n<td rowspan=\"2\" width=\"72\">\u0110\u01a1n v\u1ecb<\/td>\n<td rowspan=\"2\" width=\"254\">S\u1ef1 mi\u00eau t\u1ea3<\/td>\n<\/tr>\n<tr>\n<td>t\u1ed1i thi\u1ec3u<\/td>\n<td>\u0110\u1eb7c tr\u01b0ng<\/td>\n<td>T\u1ed1i \u0111a<\/td>\n<\/tr>\n<tr>\n<td>\u0110i\u1ec7n \u00e1p \u0111\u1ea7u v\u00e0o<\/td>\n<td>85<\/td>\n<td>220<\/td>\n<td>260<\/td>\n<td>V.<\/td>\n<td>Gi\u00e1 tr\u1ecb hi\u1ec7u d\u1ee5ng AC<\/td>\n<\/tr>\n<tr>\n<td>Ph\u1ea1m vi \u0111i\u1ec1u ch\u1ec9nh \u0111i\u1ec7n \u00e1p \u0111\u1ea7u ra<\/td>\n<td>0<\/td>\n<td><\/td>\n<td>260<\/td>\n<td>V.<\/td>\n<td>\u0110i\u1ec7n \u00e1p \u0111\u1ea7u v\u00e0o nh\u1ecf h\u01a1n 150%<\/td>\n<\/tr>\n<tr>\n<td>\u0110\u1ed9 ch\u00ednh x\u00e1c \u0111i\u1ec1u ch\u1ec9nh \u0111i\u1ec7n \u00e1p<\/td>\n<td colspan=\"3\">1<\/td>\n<td>V.<\/td>\n<td><\/td>\n<\/tr>\n<tr>\n<td>\u0110\u1ed9 ch\u00ednh x\u00e1c \u0111i\u1ec1u ch\u1ec9nh \u0111i\u1ec7n \u00e1p<\/td>\n<td>0<\/td>\n<td><\/td>\n<td>10<\/td>\n<td><\/td>\n<td>Vout\/Vin<\/td>\n<\/tr>\n<tr>\n<td>Th\u1eddi gian \u0111\u00e1p \u1ee9ng \u0111i\u1ec1u ch\u1ec9nh \u0111i\u1ec7n \u00e1p<\/td>\n<td>0.0025<\/td>\n<td><\/td>\n<td>0.025<\/td>\n<td>S<\/td>\n<td>M\u1ed9t ph\u1ea7n m\u01b0\u1eddi chu k\u1ef3 \u0111i\u1ec7n \u00e1p \u0111\u1ea7u ra<\/td>\n<\/tr>\n<tr>\n<td rowspan=\"2\">Ph\u1ea1m vi \u0111i\u1ec1u ch\u1ec9nh d\u00f2ng \u0111i\u1ec7n \u0111\u1ea7u ra<\/td>\n<td>0<\/td>\n<td><\/td>\n<td>4.5<\/td>\n<td>M\u1ed8T<\/td>\n<td>SDVC31-L-c\u00f4ng su\u1ea5t cao<\/td>\n<\/tr>\n<tr>\n<td>0<\/td>\n<td><\/td>\n<td>6<\/td>\n<td>VA<\/td>\n<td>T\u0103ng s\u1ee9c m\u1ea1nh SDVC31-XL<\/td>\n<\/tr>\n<tr>\n<td rowspan=\"2\">C\u00f4ng su\u1ea5t ra<\/td>\n<td>0<\/td>\n<td><\/td>\n<td>990<\/td>\n<td>VA<\/td>\n<td>SDVC31-L-c\u00f4ng su\u1ea5t cao<\/td>\n<\/tr>\n<tr>\n<td>0<\/td>\n<td><\/td>\n<td>1320<\/td>\n<td>VA<\/td>\n<td>T\u0103ng s\u1ee9c m\u1ea1nh SDVC31-XL<\/td>\n<\/tr>\n<tr>\n<td>T\u1ea7n s\u1ed1 \u0111\u1ea7u ra<\/td>\n<td>40<\/td>\n<td><\/td>\n<td>400<\/td>\n<td>Hz<\/td>\n<td><\/td>\n<\/tr>\n<tr>\n<td>\u0110\u1ed9 ch\u00ednh x\u00e1c \u0111i\u1ec1u ch\u1ec9nh t\u1ea7n s\u1ed1<\/td>\n<td colspan=\"3\">0.1<\/td>\n<td>Hz<\/td>\n<td><\/td>\n<\/tr>\n<tr>\n<td>D\u1ea1ng s\u00f3ng \u0111\u1ea7u ra<\/td>\n<td colspan=\"3\">sin<\/td>\n<td><\/td>\n<td><\/td>\n<\/tr>\n<tr>\n<td>Th\u1eddi gian b\u1eaft \u0111\u1ea7u ch\u1eadm<\/td>\n<td>0<\/td>\n<td><\/td>\n<td>10<\/td>\n<td>S<\/td>\n<td>M\u1eb7c \u0111\u1ecbnh c\u1ee7a nh\u00e0 m\u00e1y 0,5<\/td>\n<\/tr>\n<tr>\n<td>Ph\u1ea1m vi th\u1eddi gian tr\u1ec5<\/td>\n<td>0<\/td>\n<td><\/td>\n<td>20<\/td>\n<td>S<\/td>\n<td>M\u1eb7c \u0111\u1ecbnh c\u1ee7a nh\u00e0 m\u00e1y 0,2<\/td>\n<\/tr>\n<tr>\n<td>\u0110\u1ed9 ch\u00ednh x\u00e1c th\u1eddi gian tr\u1ec5<\/td>\n<td colspan=\"3\">0.1<\/td>\n<td>S<\/td>\n<td><\/td>\n<\/tr>\n<tr>\n<td>Nhi\u1ec7t \u0111\u1ed9 b\u1ea3o v\u1ec7 qu\u00e1 nhi\u1ec7t<\/td>\n<td>60<\/td>\n<td>65<\/td>\n<td>65<\/td>\n<td>oC<\/td>\n<td><\/td>\n<\/tr>\n<tr>\n<td>\u0110i\u1ec7n \u00e1p \u0111\u1ea7u ra \u0111i\u1ec1u khi\u1ec3n DC<\/td>\n<td>22<\/td>\n<td>24<\/td>\n<td>26<\/td>\n<td>V.<\/td>\n<td><\/td>\n<\/tr>\n<tr>\n<td>D\u00f2ng \u0111i\u1ec7n \u0111\u1ea7u ra \u0111i\u1ec1u khi\u1ec3n DC<\/td>\n<td>0<\/td>\n<td><\/td>\n<td>200<\/td>\n<td>ma<\/td>\n<td><\/td>\n<\/tr>\n<tr>\n<td>M\u00f4 h\u00ecnh \u0111i\u1ec1u khi\u1ec3n t\u01b0\u01a1ng t\u1ef1<\/td>\n<td colspan=\"3\">1-5<\/td>\n<td>V.<\/td>\n<td>\u0110i\u1ec7n \u00e1p \u0111i\u1ec1u khi\u1ec3n t\u1ed1c \u0111\u1ed9 t\u1eeb xa<\/td>\n<\/tr>\n<tr>\n<td>T\u00edn hi\u1ec7u \u0111i\u1ec1u khi\u1ec3n k\u1ef9 thu\u1eadt s\u1ed1<\/td>\n<td colspan=\"3\">24<\/td>\n<td>V.<\/td>\n<td>Chuy\u1ec3n \u0111\u1ed5i t\u00edn hi\u1ec7u \u0111i\u1ec1u khi\u1ec3n<\/td>\n<\/tr>\n<tr>\n<td>Ph\u01b0\u01a1ng ph\u00e1p \u0111i\u1ec1u ch\u1ec9nh<\/td>\n<td colspan=\"3\">6<\/td>\n<td>ch\u00eca kh\u00f3a<\/td>\n<td><\/td>\n<\/tr>\n<tr>\n<td>Ti\u00eau th\u1ee5 \u0111i\u1ec7n n\u0103ng kh\u00f4ng t\u1ea3i<\/td>\n<td><\/td>\n<td>3<\/td>\n<td><\/td>\n<td>W<\/td>\n<td><\/td>\n<\/tr>\n<tr>\n<td>Ch\u1ebf \u0111\u1ed9 hi\u1ec3n th\u1ecb<\/td>\n<td colspan=\"3\">5<\/td>\n<td>ch\u1eef s\u1ed1<\/td>\n<td>\u1ed0ng LED k\u1ef9 thu\u1eadt s\u1ed1<\/td>\n<\/tr>\n<tr>\n<td>Nhi\u1ec7t \u0111\u1ed9 m\u00f4i tr\u01b0\u1eddng ti\u1ec1n l\u01b0\u01a1ng<\/td>\n<td>0<\/td>\n<td>25<\/td>\n<td>40<\/td>\n<td>oC<\/td>\n<td rowspan=\"2\">Kh\u00f4ng ng\u01b0ng t\u1ee5<\/td>\n<\/tr>\n<tr>\n<td>\u0110\u1ed9 \u1ea9m m\u00f4i tr\u01b0\u1eddng ti\u1ec1n l\u01b0\u01a1ng<\/td>\n<td>10<\/td>\n<td>60<\/td>\n<td>85<\/td>\n<td>%<\/td>\n<\/tr>\n<\/tbody>\n<\/table>\n\t<div id=\"gap-1480717414\" class=\"gap-element clearfix\" style=\"display:block; height:auto;\">\n\t\t\n<style>\n#gap-1480717414 {\n  padding-top: 30px;\n}\n<\/style>\n\t<\/div>\n\t\n<h2><strong><b>K\u00edch th\u01b0\u1edbc v\u00e0 tr\u1ecdng l\u01b0\u1ee3ng<\/b><\/strong><\/h2>\n<ul>\n<li>K\u00edch th\u01b0\u1edbc: d\u00e0i 190mm x r\u1ed9ng 147,8mm x cao 94,5mm<\/li>\n<li>Tr\u1ecdng l\u01b0\u1ee3ng: 1675g (kh\u00f4ng bao g\u1ed3m ph\u1ee5 ki\u1ec7n)<\/li>\n<\/ul>\n\t<div id=\"gap-1530551819\" class=\"gap-element clearfix\" style=\"display:block; height:auto;\">\n\t\t\n<style>\n#gap-1530551819 {\n  padding-top: 30px;\n}\n<\/style>\n\t<\/div>\n\t\n<h2>K\u00edch th\u01b0\u1edbc SDVC31-L 4.5A<\/h2>\n\t<div class=\"img has-hover x md-x lg-x y md-y lg-y\" id=\"image_698812626\">\n\t\t\t\t\t\t\t\t<div class=\"img-inner dark\" >\n\t\t\t<img loading=\"lazy\" decoding=\"async\" width=\"800\" height=\"595\" src=\"https:\/\/swoer.com\/wp-content\/uploads\/2024\/07\/SDVC31-L-4.5A-Dimensions.webp\" class=\"attachment-original size-original\" alt=\"K\u00edch th\u01b0\u1edbc SDVC31-L 4.5A\" srcset=\"https:\/\/swoer.com\/wp-content\/uploads\/2024\/07\/SDVC31-L-4.5A-Dimensions.webp 800w, https:\/\/swoer.com\/wp-content\/uploads\/2024\/07\/SDVC31-L-4.5A-Dimensions-300x223.webp 300w, https:\/\/swoer.com\/wp-content\/uploads\/2024\/07\/SDVC31-L-4.5A-Dimensions-768x571.webp 768w, https:\/\/swoer.com\/wp-content\/uploads\/2024\/07\/SDVC31-L-4.5A-Dimensions-16x12.webp 16w, https:\/\/swoer.com\/wp-content\/uploads\/2024\/07\/SDVC31-L-4.5A-Dimensions-600x446.webp 600w\" sizes=\"(max-width: 800px) 100vw, 800px\" \/>\t\t\t\t\t\t\n\t\t\t\t\t<\/div>\n\t\t\t\t\t\t\t\t\n<style>\n#image_698812626 {\n  width: 64%;\n}\n<\/style>\n\t<\/div>","protected":false},"excerpt":{"rendered":"<p>C\u00e1i n\u00e0y <strong>B\u1ed9 \u0111i\u1ec1u khi\u1ec3n n\u1ea1p rung<\/strong> cung c\u1ea5p kh\u1ea3 n\u0103ng ki\u1ec3m so\u00e1t \u0111\u1eb7c bi\u1ec7t cho c\u00e1c \u1ee9ng d\u1ee5ng c\u1ea5p li\u1ec7u c\u1ee7a b\u1ea1n. V\u1edbi t\u00ednh n\u0103ng \u1ed5n \u0111\u1ecbnh \u0111i\u1ec7n \u00e1p t\u1ef1 \u0111\u1ed9ng c\u00f3 \u0111\u1ed9 ch\u00ednh x\u00e1c cao, kh\u1edfi \u0111\u1ed9ng ch\u1eadm c\u00f3 th\u1ec3 \u0111i\u1ec1u ch\u1ec9nh, t\u00f9y ch\u1ecdn t\u1eaft ho\u00e0n to\u00e0n\/kh\u00f4ng c\u00f3 c\u1ea3m bi\u1ebfn, \u0111i\u1ec1u khi\u1ec3n t\u1ed1c \u0111\u1ed9 t\u1eeb xa v\u00e0 \u0111\u1ea7u ra \u0111i\u1ec1u khi\u1ec3n DC, n\u00f3 \u0111\u1ea3m b\u1ea3o cho \u0103n tr\u01a1n tru, y\u00ean t\u0129nh v\u00e0 ti\u1ebft ki\u1ec7m n\u0103ng l\u01b0\u1ee3ng.<\/p>","protected":false},"featured_media":2517,"comment_status":"open","ping_status":"closed","template":"","meta":[],"product_cat":[45],"product_tag":[],"yoast_head":"<!-- This site is optimized with the Yoast SEO plugin v22.2 - https:\/\/yoast.com\/wordpress\/plugins\/seo\/ -->\n<title>Variable Frequency Digital Controller for Vibratory Feeder SDVC31-L 4.5A - SWOER<\/title>\n<meta name=\"description\" content=\"High-Precision Vibratory Feeder Controller SDVC31-L 4.5A with Automatic Voltage Regulation, Adjustable Slow Start, Sensor Full\/Empty Shutdown, Remote Speed Control &amp; DC Control Output. Optimize feeding efficiency for quieter &amp; energy-saving operation in various industries.\" \/>\n<meta name=\"robots\" content=\"index, follow, max-snippet:-1, max-image-preview:large, max-video-preview:-1\" \/>\n<link rel=\"canonical\" href=\"https:\/\/swoer.com\/vi\/manufacturer\/variable-frequency-digital-controller-for-vibratory-feeder-sdvc31-l-4-5a\/\" \/>\n<meta property=\"og:locale\" content=\"vi_VN\" \/>\n<meta property=\"og:type\" content=\"article\" \/>\n<meta property=\"og:title\" content=\"Variable Frequency Digital Controller for Vibratory Feeder SDVC31-L 4.5A - SWOER\" \/>\n<meta property=\"og:description\" content=\"High-Precision Vibratory Feeder Controller SDVC31-L 4.5A with Automatic Voltage Regulation, Adjustable Slow Start, Sensor Full\/Empty Shutdown, Remote Speed Control &amp; DC Control Output. Optimize feeding efficiency for quieter &amp; energy-saving operation in various industries.\" \/>\n<meta property=\"og:url\" content=\"https:\/\/swoer.com\/vi\/manufacturer\/variable-frequency-digital-controller-for-vibratory-feeder-sdvc31-l-4-5a\/\" \/>\n<meta property=\"og:site_name\" content=\"SWOER\" \/>\n<meta property=\"article:modified_time\" content=\"2024-08-16T06:23:50+00:00\" \/>\n<meta property=\"og:image\" content=\"https:\/\/swoer.com\/wp-content\/uploads\/2024\/07\/Bowl-Feeder-Controller-SDVC31-M-3.0A-2.webp\" \/>\n\t<meta property=\"og:image:width\" content=\"1000\" \/>\n\t<meta property=\"og:image:height\" content=\"1000\" \/>\n\t<meta property=\"og:image:type\" content=\"image\/webp\" \/>\n<meta name=\"twitter:card\" content=\"summary_large_image\" \/>\n<meta name=\"twitter:label1\" content=\"\u01af\u1edbc t\u00ednh th\u1eddi gian \u0111\u1ecdc\" \/>\n\t<meta name=\"twitter:data1\" content=\"3 ph\u00fat\" \/>\n<script type=\"application\/ld+json\" class=\"yoast-schema-graph\">{\"@context\":\"https:\/\/schema.org\",\"@graph\":[{\"@type\":\"WebPage\",\"@id\":\"https:\/\/swoer.com\/manufacturer\/variable-frequency-digital-controller-for-vibratory-feeder-sdvc31-l-4-5a\/\",\"url\":\"https:\/\/swoer.com\/manufacturer\/variable-frequency-digital-controller-for-vibratory-feeder-sdvc31-l-4-5a\/\",\"name\":\"Variable Frequency Digital Controller for Vibratory Feeder SDVC31-L 4.5A - SWOER\",\"isPartOf\":{\"@id\":\"https:\/\/swoer.com\/#website\"},\"primaryImageOfPage\":{\"@id\":\"https:\/\/swoer.com\/manufacturer\/variable-frequency-digital-controller-for-vibratory-feeder-sdvc31-l-4-5a\/#primaryimage\"},\"image\":{\"@id\":\"https:\/\/swoer.com\/manufacturer\/variable-frequency-digital-controller-for-vibratory-feeder-sdvc31-l-4-5a\/#primaryimage\"},\"thumbnailUrl\":\"https:\/\/swoer.com\/wp-content\/uploads\/2024\/07\/Bowl-Feeder-Controller-SDVC31-M-3.0A-2.webp\",\"datePublished\":\"2024-07-02T07:47:38+00:00\",\"dateModified\":\"2024-08-16T06:23:50+00:00\",\"description\":\"High-Precision Vibratory Feeder Controller SDVC31-L 4.5A with Automatic Voltage Regulation, Adjustable Slow Start, Sensor Full\/Empty Shutdown, Remote Speed Control & DC Control Output. Optimize feeding efficiency for quieter & energy-saving operation in various industries.\",\"breadcrumb\":{\"@id\":\"https:\/\/swoer.com\/manufacturer\/variable-frequency-digital-controller-for-vibratory-feeder-sdvc31-l-4-5a\/#breadcrumb\"},\"inLanguage\":\"vi\",\"potentialAction\":[{\"@type\":\"ReadAction\",\"target\":[\"https:\/\/swoer.com\/manufacturer\/variable-frequency-digital-controller-for-vibratory-feeder-sdvc31-l-4-5a\/\"]}]},{\"@type\":\"ImageObject\",\"inLanguage\":\"vi\",\"@id\":\"https:\/\/swoer.com\/manufacturer\/variable-frequency-digital-controller-for-vibratory-feeder-sdvc31-l-4-5a\/#primaryimage\",\"url\":\"https:\/\/swoer.com\/wp-content\/uploads\/2024\/07\/Bowl-Feeder-Controller-SDVC31-M-3.0A-2.webp\",\"contentUrl\":\"https:\/\/swoer.com\/wp-content\/uploads\/2024\/07\/Bowl-Feeder-Controller-SDVC31-M-3.0A-2.webp\",\"width\":1000,\"height\":1000,\"caption\":\"Bowl Feeder Controller SDVC31-M 3.0A\"},{\"@type\":\"BreadcrumbList\",\"@id\":\"https:\/\/swoer.com\/manufacturer\/variable-frequency-digital-controller-for-vibratory-feeder-sdvc31-l-4-5a\/#breadcrumb\",\"itemListElement\":[{\"@type\":\"ListItem\",\"position\":1,\"name\":\"Home\",\"item\":\"https:\/\/swoer.com\/\"},{\"@type\":\"ListItem\",\"position\":2,\"name\":\"Shop\",\"item\":\"https:\/\/swoer.com\/shop\/\"},{\"@type\":\"ListItem\",\"position\":3,\"name\":\"Variable Frequency Digital Controller for Vibratory Feeder SDVC31-L 4.5A\"}]},{\"@type\":\"WebSite\",\"@id\":\"https:\/\/swoer.com\/#website\",\"url\":\"https:\/\/swoer.com\/\",\"name\":\"SWOER\",\"description\":\"Swoer is the top 3 vibratory bowl feeder manufacturer in China\",\"potentialAction\":[{\"@type\":\"SearchAction\",\"target\":{\"@type\":\"EntryPoint\",\"urlTemplate\":\"https:\/\/swoer.com\/?s={search_term_string}\"},\"query-input\":\"required name=search_term_string\"}],\"inLanguage\":\"vi\"}]}<\/script>\n<!-- \/ Yoast SEO plugin. -->","yoast_head_json":{"title":"Variable Frequency Digital Controller for Vibratory Feeder SDVC31-L 4.5A - SWOER","description":"High-Precision Vibratory Feeder Controller SDVC31-L 4.5A with Automatic Voltage Regulation, Adjustable Slow Start, Sensor Full\/Empty Shutdown, Remote Speed Control & DC Control Output. Optimize feeding efficiency for quieter & energy-saving operation in various industries.","robots":{"index":"index","follow":"follow","max-snippet":"max-snippet:-1","max-image-preview":"max-image-preview:large","max-video-preview":"max-video-preview:-1"},"canonical":"https:\/\/swoer.com\/vi\/manufacturer\/variable-frequency-digital-controller-for-vibratory-feeder-sdvc31-l-4-5a\/","og_locale":"vi_VN","og_type":"article","og_title":"Variable Frequency Digital Controller for Vibratory Feeder SDVC31-L 4.5A - SWOER","og_description":"High-Precision Vibratory Feeder Controller SDVC31-L 4.5A with Automatic Voltage Regulation, Adjustable Slow Start, Sensor Full\/Empty Shutdown, Remote Speed Control & DC Control Output. Optimize feeding efficiency for quieter & energy-saving operation in various industries.","og_url":"https:\/\/swoer.com\/vi\/manufacturer\/variable-frequency-digital-controller-for-vibratory-feeder-sdvc31-l-4-5a\/","og_site_name":"SWOER","article_modified_time":"2024-08-16T06:23:50+00:00","og_image":[{"width":1000,"height":1000,"url":"https:\/\/swoer.com\/wp-content\/uploads\/2024\/07\/Bowl-Feeder-Controller-SDVC31-M-3.0A-2.webp","type":"image\/webp"}],"twitter_card":"summary_large_image","twitter_misc":{"\u01af\u1edbc t\u00ednh th\u1eddi gian \u0111\u1ecdc":"3 ph\u00fat"},"schema":{"@context":"https:\/\/schema.org","@graph":[{"@type":"WebPage","@id":"https:\/\/swoer.com\/manufacturer\/variable-frequency-digital-controller-for-vibratory-feeder-sdvc31-l-4-5a\/","url":"https:\/\/swoer.com\/manufacturer\/variable-frequency-digital-controller-for-vibratory-feeder-sdvc31-l-4-5a\/","name":"Variable Frequency Digital Controller for Vibratory Feeder SDVC31-L 4.5A - SWOER","isPartOf":{"@id":"https:\/\/swoer.com\/#website"},"primaryImageOfPage":{"@id":"https:\/\/swoer.com\/manufacturer\/variable-frequency-digital-controller-for-vibratory-feeder-sdvc31-l-4-5a\/#primaryimage"},"image":{"@id":"https:\/\/swoer.com\/manufacturer\/variable-frequency-digital-controller-for-vibratory-feeder-sdvc31-l-4-5a\/#primaryimage"},"thumbnailUrl":"https:\/\/swoer.com\/wp-content\/uploads\/2024\/07\/Bowl-Feeder-Controller-SDVC31-M-3.0A-2.webp","datePublished":"2024-07-02T07:47:38+00:00","dateModified":"2024-08-16T06:23:50+00:00","description":"High-Precision Vibratory Feeder Controller SDVC31-L 4.5A with Automatic Voltage Regulation, Adjustable Slow Start, Sensor Full\/Empty Shutdown, Remote Speed Control & DC Control Output. Optimize feeding efficiency for quieter & energy-saving operation in various industries.","breadcrumb":{"@id":"https:\/\/swoer.com\/manufacturer\/variable-frequency-digital-controller-for-vibratory-feeder-sdvc31-l-4-5a\/#breadcrumb"},"inLanguage":"vi","potentialAction":[{"@type":"ReadAction","target":["https:\/\/swoer.com\/manufacturer\/variable-frequency-digital-controller-for-vibratory-feeder-sdvc31-l-4-5a\/"]}]},{"@type":"ImageObject","inLanguage":"vi","@id":"https:\/\/swoer.com\/manufacturer\/variable-frequency-digital-controller-for-vibratory-feeder-sdvc31-l-4-5a\/#primaryimage","url":"https:\/\/swoer.com\/wp-content\/uploads\/2024\/07\/Bowl-Feeder-Controller-SDVC31-M-3.0A-2.webp","contentUrl":"https:\/\/swoer.com\/wp-content\/uploads\/2024\/07\/Bowl-Feeder-Controller-SDVC31-M-3.0A-2.webp","width":1000,"height":1000,"caption":"Bowl Feeder Controller SDVC31-M 3.0A"},{"@type":"BreadcrumbList","@id":"https:\/\/swoer.com\/manufacturer\/variable-frequency-digital-controller-for-vibratory-feeder-sdvc31-l-4-5a\/#breadcrumb","itemListElement":[{"@type":"ListItem","position":1,"name":"Home","item":"https:\/\/swoer.com\/"},{"@type":"ListItem","position":2,"name":"Shop","item":"https:\/\/swoer.com\/shop\/"},{"@type":"ListItem","position":3,"name":"Variable Frequency Digital Controller for Vibratory Feeder SDVC31-L 4.5A"}]},{"@type":"WebSite","@id":"https:\/\/swoer.com\/#website","url":"https:\/\/swoer.com\/","name":"SWOER","description":"Swoer is the top 3 vibratory bowl feeder manufacturer in China","potentialAction":[{"@type":"SearchAction","target":{"@type":"EntryPoint","urlTemplate":"https:\/\/swoer.com\/?s={search_term_string}"},"query-input":"required name=search_term_string"}],"inLanguage":"vi"}]}},"_links":{"self":[{"href":"https:\/\/swoer.com\/vi\/wp-json\/wp\/v2\/product\/2260"}],"collection":[{"href":"https:\/\/swoer.com\/vi\/wp-json\/wp\/v2\/product"}],"about":[{"href":"https:\/\/swoer.com\/vi\/wp-json\/wp\/v2\/types\/product"}],"replies":[{"embeddable":true,"href":"https:\/\/swoer.com\/vi\/wp-json\/wp\/v2\/comments?post=2260"}],"wp:featuredmedia":[{"embeddable":true,"href":"https:\/\/swoer.com\/vi\/wp-json\/wp\/v2\/media\/2517"}],"wp:attachment":[{"href":"https:\/\/swoer.com\/vi\/wp-json\/wp\/v2\/media?parent=2260"}],"wp:term":[{"taxonomy":"product_cat","embeddable":true,"href":"https:\/\/swoer.com\/vi\/wp-json\/wp\/v2\/product_cat?post=2260"},{"taxonomy":"product_tag","embeddable":true,"href":"https:\/\/swoer.com\/vi\/wp-json\/wp\/v2\/product_tag?post=2260"}],"curies":[{"name":"wp","href":"https:\/\/api.w.org\/{rel}","templated":true}]}}