{"id":2232,"date":"2024-06-17T07:01:40","date_gmt":"2024-06-17T07:01:40","guid":{"rendered":"https:\/\/swoer.com\/?post_type=product&#038;p=2232"},"modified":"2024-06-22T05:43:45","modified_gmt":"2024-06-22T05:43:45","slug":"ccd-visual-inspection","status":"publish","type":"product","link":"https:\/\/swoer.com\/vi\/manufacturer\/ccd-visual-inspection\/","title":{"rendered":"Ki\u1ec3m tra tr\u1ef1c quan CCD"},"content":{"rendered":"<h2><strong><b>S\u1ea3n ph\u1ea9m <\/b><\/strong><strong><b>T\u00d4I<\/b><\/strong><strong><b>th\u00f4ng tin<\/b><\/strong><\/h2>\n<table>\n<tbody>\n<tr>\n<td width=\"224\">\u00a0T\u00ean s\u1ea3n ph\u1ea9m<\/td>\n<td width=\"377\">Ki\u1ec3m tra tr\u1ef1c quan CCD<\/td>\n<\/tr>\n<tr>\n<td width=\"224\">\u00a0Ng\u01b0\u1eddi m\u1eabu<\/td>\n<td width=\"377\">SW-80305<\/td>\n<\/tr>\n<tr>\n<td width=\"224\">\u00a0Th\u01b0\u01a1ng hi\u1ec7u<\/td>\n<td width=\"377\">ng\u01b0\u1eddi ch\u1eedi th\u1ec1<\/td>\n<\/tr>\n<tr>\n<td width=\"224\">\u00a0V\u00f4n<\/td>\n<td width=\"377\">\u00a0220V<\/td>\n<\/tr>\n<tr>\n<td width=\"224\">\u00a0Quy\u1ec1n l\u1ef1c<\/td>\n<td width=\"377\">\u00a065W \/150W \/180W \/ 220W \/ 350W<\/td>\n<\/tr>\n<tr>\n<td width=\"224\">\u00a0X\u00e1c th\u1ef1c<\/td>\n<td width=\"377\">\u00a0CE, ROHS, ISO9001<\/td>\n<\/tr>\n<tr>\n<td width=\"224\">\u00a0S\u1ef1 b\u1ea3o \u0111\u1ea3m<\/td>\n<td width=\"377\">\u00a0b\u1ea3o h\u00e0nh 1 n\u0103m<\/td>\n<\/tr>\n<tr>\n<td width=\"224\">\u00a0MOQ<\/td>\n<td width=\"377\">\u00a01 b\u1ed9<\/td>\n<\/tr>\n<tr>\n<td width=\"224\">\u00a0th\u1eddi gian d\u1eabn<\/td>\n<td width=\"377\">\u00a010-14 ng\u00e0y<\/td>\n<\/tr>\n<tr>\n<td width=\"224\">\u00a0Ch\u00ednh s\u00e1ch thanh to\u00e1n<\/td>\n<td width=\"377\">\u00a0T\/T 40% \u0110\u1eb7t c\u1ecdc v\u00e0 c\u00e2n \u0111\u1ed1i tr\u01b0\u1edbc khi giao h\u00e0ng<\/td>\n<\/tr>\n<tr>\n<td width=\"224\">\u00a0B\u1ea3n g\u1ed1c c\u1ee7a \u0111\u1ecba \u0111i\u1ec3m<\/td>\n<td width=\"377\">\u00a0Trung Qu\u1ed1c<\/td>\n<\/tr>\n<\/tbody>\n<\/table>\n\t<div id=\"gap-1091739437\" class=\"gap-element clearfix\" style=\"display:block; height:auto;\">\n\t\t\n<style>\n#gap-1091739437 {\n  padding-top: 30px;\n}\n<\/style>\n\t<\/div>\n\t\n<h2><strong><b>Danh s\u00e1ch s\u1ea3n ph\u1ea9m<\/b><\/strong><\/h2>\n<table>\n<tbody>\n<tr>\n<td width=\"276\"><strong><b>M\u00e1y t\u00ednh c\u00f4ng nghi\u1ec7p<\/b><\/strong><\/td>\n<td width=\"276\">1 b\u1ed9<\/td>\n<\/tr>\n<tr>\n<td width=\"276\"><strong><b>m\u00e0n h\u00ecnh 8 inch<\/b><\/strong><\/td>\n<td width=\"276\">1 b\u1ed9<\/td>\n<\/tr>\n<tr>\n<td width=\"276\"><strong><b>C<\/b><\/strong><strong><b>amera<\/b><\/strong><\/td>\n<td width=\"276\">1 b\u1ed9<\/td>\n<\/tr>\n<tr>\n<td width=\"276\"><strong><b>\u1ed0ng k\u00ednh<\/b><\/strong><\/td>\n<td width=\"276\">1 b\u1ed9<\/td>\n<\/tr>\n<tr>\n<td width=\"276\"><strong><b>L<\/b><\/strong><strong><b>ngu\u1ed3n \u00e1nh s\u00e1ng<\/b><\/strong><\/td>\n<td width=\"276\">1 b\u1ed9<\/td>\n<\/tr>\n<tr>\n<td width=\"276\"><strong><b>Gi\u00e1 \u0111\u1ee1 c\u1ed1 \u0111\u1ecbnh ngu\u1ed3n s\u00e1ng camera<\/b><\/strong><\/td>\n<td width=\"276\">1 b\u1ed9<\/td>\n<\/tr>\n<\/tbody>\n<\/table>\n\t<div id=\"gap-820328642\" class=\"gap-element clearfix\" style=\"display:block; height:auto;\">\n\t\t\n<style>\n#gap-820328642 {\n  padding-top: 30px;\n}\n<\/style>\n\t<\/div>\n\t\n<h3 data-sourcepos=\"11:1-11:17\"><strong>C\u00e1c t\u00ednh n\u0103ng ch\u00ednh:<\/strong><\/h3>\n<ul data-sourcepos=\"13:1-21:31\">\n<li data-sourcepos=\"13:1-14:0\">\n<p data-sourcepos=\"13:3-13:143\"><strong>C\u01a1 ch\u1ebf k\u00edch ho\u1ea1t n\u1ed9i b\u1ed9:<\/strong> T\u1eadn d\u1ee5ng b\u1ed9 k\u00edch ho\u1ea1t b\u00ean trong \u0111\u1ec3 ch\u1ee5p \u1ea3nh ch\u00ednh x\u00e1c v\u00e0 \u0111\u1ed3ng b\u1ed9, \u0111\u1ea3m b\u1ea3o th\u1eddi gian ki\u1ec3m tra t\u1ed1i \u01b0u.<\/p>\n<\/li>\n<li data-sourcepos=\"15:1-16:0\">\n<p data-sourcepos=\"15:3-15:165\"><strong>Nh\u1eadn d\u1ea1ng nhi\u1ec1u \u0111\u01b0\u1eddng d\u1eabn:<\/strong> \u0110\u1ed3ng th\u1eddi x\u00e1c \u0111\u1ecbnh v\u00e0 theo d\u00f5i t\u1ed1i \u0111a 4 \u0111\u1ed1i t\u01b0\u1ee3ng, t\u1ed1i \u0111a h\u00f3a n\u0103ng su\u1ea5t ki\u1ec3m tra v\u00e0 x\u1eed l\u00fd c\u00e1c c\u1ea5u h\u00ecnh s\u1ea3n ph\u1ea9m ph\u1ee9c t\u1ea1p.<\/p>\n<\/li>\n<li data-sourcepos=\"17:1-18:0\">\n<p data-sourcepos=\"17:3-17:149\"><strong>T\u1ed1c \u0111\u1ed9 nh\u1eadn d\u1ea1ng c\u1ef1c nhanh:<\/strong> X\u1eed l\u00fd t\u1ed1c \u0111\u1ed9 \u1ea5n t\u01b0\u1ee3ng 900-1200 s\u1ea3n ph\u1ea9m m\u1ed7i ph\u00fat, b\u1eaft k\u1ecbp ngay c\u1ea3 nh\u1eefng d\u00e2y chuy\u1ec1n s\u1ea3n xu\u1ea5t \u0111\u00f2i h\u1ecfi kh\u1eaft khe nh\u1ea5t.<\/p>\n<\/li>\n<li data-sourcepos=\"19:1-20:0\">\n<p data-sourcepos=\"19:3-19:152\"><strong>\u0110\u1ed9 ch\u00ednh x\u00e1c nh\u1eadn d\u1ea1ng \u0111\u1eb7c bi\u1ec7t:<\/strong> \u0110\u1ea1t \u0111\u01b0\u1ee3c t\u1ef7 l\u1ec7 nh\u1eadn d\u1ea1ng v\u01b0\u1ee3t tr\u1ed9i l\u00e0 99,99%, gi\u1ea3m thi\u1ec3u k\u1ebft qu\u1ea3 d\u01b0\u01a1ng t\u00ednh gi\u1ea3 v\u00e0 \u0111\u1ea3m b\u1ea3o t\u00ednh to\u00e0n v\u1eb9n c\u1ee7a s\u1ea3n ph\u1ea9m.<\/p>\n<\/li>\n<li data-sourcepos=\"21:1-21:31\">\n<p data-sourcepos=\"21:3-21:31\"><strong>T\u1ef7 l\u1ec7 v\u1eadt li\u1ec7u \u0111\u1ea3o ng\u01b0\u1ee3c kh\u00f4ng \u0111\u00e1ng k\u1ec3:<\/strong> Duy tr\u00ec t\u1ef7 l\u1ec7 v\u1eadt li\u1ec7u \u0111\u1ea3o ng\u01b0\u1ee3c \u0111\u1eb7c bi\u1ec7t th\u1ea5p d\u01b0\u1edbi 0,0001%, gi\u1ea3m ch\u1ea5t th\u1ea3i v\u00e0 t\u1ed1i \u01b0u h\u00f3a vi\u1ec7c s\u1eed d\u1ee5ng t\u00e0i nguy\u00ean.<\/p>\n<\/li>\n<li data-sourcepos=\"23:1-24:0\">\n<p data-sourcepos=\"23:3-23:146\"><strong>Ch\u1ee9c n\u0103ng h\u1ed7 tr\u1ee3 t\u1eeb xa:<\/strong> Cung c\u1ea5p h\u1ed7 tr\u1ee3 t\u1eeb xa theo th\u1eddi gian th\u1ef1c \u0111\u1ec3 kh\u1eafc ph\u1ee5c s\u1ef1 c\u1ed1 v\u00e0 b\u1ea3o tr\u00ec, \u0111\u1ea3m b\u1ea3o gi\u1ea3i quy\u1ebft k\u1ecbp th\u1eddi m\u1ecdi v\u1ea5n \u0111\u1ec1.<\/p>\n<\/li>\n<li data-sourcepos=\"25:1-26:0\">\n<p data-sourcepos=\"25:3-25:165\"><strong>Chuy\u1ec3n \u0111\u1ed5i s\u1ea3n ph\u1ea9m b\u1eb1ng m\u1ed9t c\u00fa nh\u1ea5p chu\u1ed9t:<\/strong> D\u1ec5 d\u00e0ng chuy\u1ec3n \u0111\u1ed5i gi\u1eefa c\u00e1c nhi\u1ec7m v\u1ee5 ki\u1ec3m tra s\u1ea3n ph\u1ea9m kh\u00e1c nhau ch\u1ec9 b\u1eb1ng m\u1ed9t c\u00fa nh\u1ea5p chu\u1ed9t, gi\u1ea3m thi\u1ec3u th\u1eddi gian ng\u1eebng ho\u1ea1t \u0111\u1ed9ng v\u00e0 t\u1ed1i \u0111a h\u00f3a hi\u1ec7u qu\u1ea3.<\/p>\n<\/li>\n<li data-sourcepos=\"27:1-28:0\">\n<p data-sourcepos=\"27:3-27:135\"><strong>C\u00e0i \u0111\u1eb7t Plug-and-Play:<\/strong> Lo\u1ea1i b\u1ecf nhu c\u1ea7u g\u1ee1 l\u1ed7i ph\u1ee9c t\u1ea1p, \u0111\u1ea3m b\u1ea3o qu\u00e1 tr\u00ecnh thi\u1ebft l\u1eadp li\u1ec1n m\u1ea1ch v\u00e0 gi\u1ea3m thi\u1ec3u th\u1eddi gian ng\u1eebng ho\u1ea1t \u0111\u1ed9ng.<\/p>\n<\/li>\n<\/ul>\n<p data-sourcepos=\"29:1-29:118\"><strong>H\u1ec7 th\u1ed1ng Ki\u1ec3m tra tr\u1ef1c quan CCD c\u1ee7a ch\u00fang t\u00f4i t\u00edch h\u1ee3p li\u1ec1n m\u1ea1ch v\u00e0o d\u00e2y chuy\u1ec1n s\u1ea3n xu\u1ea5t hi\u1ec7n c\u00f3 c\u1ee7a b\u1ea1n, gi\u00fap b\u1ea1n \u0111\u1ea1t \u0111\u01b0\u1ee3c:<\/strong><\/p>\n<ul data-sourcepos=\"31:1-36:0\">\n<li data-sourcepos=\"31:1-32:0\">\n<p data-sourcepos=\"31:3-31:150\"><strong>N\u00e2ng cao ch\u1ea5t l\u01b0\u1ee3ng s\u1ea3n ph\u1ea9m:<\/strong> Ph\u00e1t hi\u1ec7n v\u00e0 lo\u1ea1i b\u1ecf c\u00e1c l\u1ed7i v\u1edbi \u0111\u1ed9 ch\u00ednh x\u00e1c v\u01b0\u1ee3t tr\u1ed9i, \u0111\u1ea3m b\u1ea3o ch\u1ea5t l\u01b0\u1ee3ng s\u1ea3n ph\u1ea9m \u1ed5n \u0111\u1ecbnh v\u00e0 s\u1ef1 h\u00e0i l\u00f2ng c\u1ee7a kh\u00e1ch h\u00e0ng.<\/p>\n<\/li>\n<li data-sourcepos=\"33:1-34:0\">\n<p data-sourcepos=\"33:3-33:158\"><strong>T\u0103ng hi\u1ec7u qu\u1ea3 s\u1ea3n xu\u1ea5t:<\/strong> H\u1ee3p l\u00fd h\u00f3a quy tr\u00ecnh ki\u1ec3m tra v\u00e0 gi\u1ea3m thi\u1ec3u th\u1eddi gian ng\u1eebng ho\u1ea1t \u0111\u1ed9ng, t\u0103ng s\u1ea3n l\u01b0\u1ee3ng s\u1ea3n xu\u1ea5t t\u1ed5ng th\u1ec3 v\u00e0 \u0111\u00e1p \u1ee9ng nhu c\u1ea7u c\u1ee7a kh\u00e1ch h\u00e0ng.<\/p>\n<\/li>\n<li data-sourcepos=\"35:1-36:0\">\n<p data-sourcepos=\"35:3-35:115\"><strong>Gi\u1ea3m chi ph\u00ed v\u1eadn h\u00e0nh:<\/strong> Gi\u1ea3m thi\u1ec3u l\u00e3ng ph\u00ed v\u00e0 l\u00e0m l\u1ea1i, gi\u1ea3m chi ph\u00ed s\u1ea3n xu\u1ea5t v\u00e0 t\u1ed1i \u0111a h\u00f3a l\u1ee3i nhu\u1eadn.<\/p>\n<\/li>\n<\/ul>\n<p data-sourcepos=\"37:1-37:218\">N\u1ebfu b\u1ea1n mu\u1ed1n n\u00e2ng cao kh\u1ea3 n\u0103ng ki\u1ec3m tra s\u1ea3n ph\u1ea9m v\u00e0 c\u00e1ch m\u1ea1ng h\u00f3a quy tr\u00ecnh ki\u1ec3m so\u00e1t ch\u1ea5t l\u01b0\u1ee3ng c\u1ee7a m\u00ecnh th\u00ec h\u1ec7 th\u1ed1ng Ki\u1ec3m tra Tr\u1ef1c quan CCD c\u1ee7a ch\u00fang t\u00f4i l\u00e0 gi\u1ea3i ph\u00e1p m\u00e0 b\u1ea1n \u0111ang ch\u1edd \u0111\u1ee3i. H\u00e3y li\u00ean h\u1ec7 v\u1edbi ch\u00fang t\u00f4i ngay h\u00f4m nay \u0111\u1ec3 tr\u1ea3i nghi\u1ec7m s\u1ee9c m\u1ea1nh bi\u1ebfn \u0111\u1ed5i c\u1ee7a \u0111\u1ed9 ch\u00ednh x\u00e1c v\u00e0 hi\u1ec7u qu\u1ea3.<\/p>","protected":false},"excerpt":{"rendered":"<p>C\u00e1ch m\u1ea1ng h\u00f3a d\u00e2y chuy\u1ec1n s\u1ea3n xu\u1ea5t c\u1ee7a b\u1ea1n b\u1eb1ng h\u1ec7 th\u1ed1ng Ki\u1ec3m tra Tr\u1ef1c quan CCD ti\u00ean ti\u1ebfn c\u1ee7a ch\u00fang t\u00f4i, \u0111\u01b0\u1ee3c thi\u1ebft k\u1ebf \u0111\u1ec3 h\u1ee3p l\u00fd h\u00f3a quy tr\u00ecnh ki\u1ec3m tra, \u0111\u1ea3m b\u1ea3o ch\u1ea5t l\u01b0\u1ee3ng s\u1ea3n ph\u1ea9m v\u00e0 t\u1ed1i \u0111a h\u00f3a hi\u1ec7u qu\u1ea3. Gi\u1ea3i ph\u00e1p ph\u1ee9c t\u1ea1p n\u00e0y t\u1ef1 h\u00e0o c\u00f3 m\u1ed9t lo\u1ea1t c\u00e1c t\u00ednh n\u0103ng gi\u00fap b\u1ea1n \u0111\u1ea1t \u0111\u01b0\u1ee3c k\u1ebft qu\u1ea3 v\u01b0\u1ee3t tr\u1ed9i.<\/p>","protected":false},"featured_media":2233,"comment_status":"open","ping_status":"closed","template":"","meta":[],"product_cat":[58],"product_tag":[],"yoast_head":"<!-- This site is optimized with the Yoast SEO plugin v22.2 - https:\/\/yoast.com\/wordpress\/plugins\/seo\/ -->\n<title>CCD Visual Inspection - SWOER<\/title>\n<meta name=\"description\" content=\"Elevate your product quality control with our cutting-edge CCD Visual Inspection system, featuring high-speed recognition, exceptional accuracy, and seamless integration for unparalleled efficiency and product integrity.\" \/>\n<meta name=\"robots\" content=\"index, follow, max-snippet:-1, max-image-preview:large, max-video-preview:-1\" \/>\n<link rel=\"canonical\" href=\"https:\/\/swoer.com\/vi\/manufacturer\/ccd-visual-inspection\/\" \/>\n<meta property=\"og:locale\" content=\"vi_VN\" \/>\n<meta property=\"og:type\" content=\"article\" \/>\n<meta property=\"og:title\" content=\"CCD Visual Inspection - SWOER\" \/>\n<meta property=\"og:description\" content=\"Elevate your product quality control with our cutting-edge CCD Visual Inspection system, featuring high-speed recognition, exceptional accuracy, and seamless integration for unparalleled efficiency and product integrity.\" \/>\n<meta property=\"og:url\" content=\"https:\/\/swoer.com\/vi\/manufacturer\/ccd-visual-inspection\/\" \/>\n<meta property=\"og:site_name\" content=\"SWOER\" \/>\n<meta property=\"article:modified_time\" content=\"2024-06-22T05:43:45+00:00\" \/>\n<meta property=\"og:image\" content=\"https:\/\/swoer.com\/wp-content\/uploads\/2024\/06\/CCD-Visual-Inspection.jpg\" \/>\n\t<meta property=\"og:image:width\" content=\"1000\" \/>\n\t<meta property=\"og:image:height\" content=\"1000\" \/>\n\t<meta property=\"og:image:type\" content=\"image\/jpeg\" \/>\n<meta name=\"twitter:card\" content=\"summary_large_image\" \/>\n<meta name=\"twitter:label1\" content=\"\u01af\u1edbc t\u00ednh th\u1eddi gian \u0111\u1ecdc\" \/>\n\t<meta name=\"twitter:data1\" content=\"2 ph\u00fat\" \/>\n<script type=\"application\/ld+json\" class=\"yoast-schema-graph\">{\"@context\":\"https:\/\/schema.org\",\"@graph\":[{\"@type\":\"WebPage\",\"@id\":\"https:\/\/swoer.com\/manufacturer\/ccd-visual-inspection\/\",\"url\":\"https:\/\/swoer.com\/manufacturer\/ccd-visual-inspection\/\",\"name\":\"CCD Visual Inspection - SWOER\",\"isPartOf\":{\"@id\":\"https:\/\/swoer.com\/#website\"},\"primaryImageOfPage\":{\"@id\":\"https:\/\/swoer.com\/manufacturer\/ccd-visual-inspection\/#primaryimage\"},\"image\":{\"@id\":\"https:\/\/swoer.com\/manufacturer\/ccd-visual-inspection\/#primaryimage\"},\"thumbnailUrl\":\"https:\/\/swoer.com\/wp-content\/uploads\/2024\/06\/CCD-Visual-Inspection.jpg\",\"datePublished\":\"2024-06-17T07:01:40+00:00\",\"dateModified\":\"2024-06-22T05:43:45+00:00\",\"description\":\"Elevate your product quality control with our cutting-edge CCD Visual Inspection system, featuring high-speed recognition, exceptional accuracy, and seamless integration for unparalleled efficiency and product integrity.\",\"breadcrumb\":{\"@id\":\"https:\/\/swoer.com\/manufacturer\/ccd-visual-inspection\/#breadcrumb\"},\"inLanguage\":\"vi\",\"potentialAction\":[{\"@type\":\"ReadAction\",\"target\":[\"https:\/\/swoer.com\/manufacturer\/ccd-visual-inspection\/\"]}]},{\"@type\":\"ImageObject\",\"inLanguage\":\"vi\",\"@id\":\"https:\/\/swoer.com\/manufacturer\/ccd-visual-inspection\/#primaryimage\",\"url\":\"https:\/\/swoer.com\/wp-content\/uploads\/2024\/06\/CCD-Visual-Inspection.jpg\",\"contentUrl\":\"https:\/\/swoer.com\/wp-content\/uploads\/2024\/06\/CCD-Visual-Inspection.jpg\",\"width\":1000,\"height\":1000,\"caption\":\"CCD Visual Inspection\"},{\"@type\":\"BreadcrumbList\",\"@id\":\"https:\/\/swoer.com\/manufacturer\/ccd-visual-inspection\/#breadcrumb\",\"itemListElement\":[{\"@type\":\"ListItem\",\"position\":1,\"name\":\"Home\",\"item\":\"https:\/\/swoer.com\/\"},{\"@type\":\"ListItem\",\"position\":2,\"name\":\"Shop\",\"item\":\"https:\/\/swoer.com\/shop\/\"},{\"@type\":\"ListItem\",\"position\":3,\"name\":\"CCD Visual Inspection\"}]},{\"@type\":\"WebSite\",\"@id\":\"https:\/\/swoer.com\/#website\",\"url\":\"https:\/\/swoer.com\/\",\"name\":\"SWOER\",\"description\":\"Swoer is the top 3 vibratory bowl feeder manufacturer in China\",\"potentialAction\":[{\"@type\":\"SearchAction\",\"target\":{\"@type\":\"EntryPoint\",\"urlTemplate\":\"https:\/\/swoer.com\/?s={search_term_string}\"},\"query-input\":\"required name=search_term_string\"}],\"inLanguage\":\"vi\"}]}<\/script>\n<!-- \/ Yoast SEO plugin. -->","yoast_head_json":{"title":"CCD Visual Inspection - SWOER","description":"Elevate your product quality control with our cutting-edge CCD Visual Inspection system, featuring high-speed recognition, exceptional accuracy, and seamless integration for unparalleled efficiency and product integrity.","robots":{"index":"index","follow":"follow","max-snippet":"max-snippet:-1","max-image-preview":"max-image-preview:large","max-video-preview":"max-video-preview:-1"},"canonical":"https:\/\/swoer.com\/vi\/manufacturer\/ccd-visual-inspection\/","og_locale":"vi_VN","og_type":"article","og_title":"CCD Visual Inspection - SWOER","og_description":"Elevate your product quality control with our cutting-edge CCD Visual Inspection system, featuring high-speed recognition, exceptional accuracy, and seamless integration for unparalleled efficiency and product integrity.","og_url":"https:\/\/swoer.com\/vi\/manufacturer\/ccd-visual-inspection\/","og_site_name":"SWOER","article_modified_time":"2024-06-22T05:43:45+00:00","og_image":[{"width":1000,"height":1000,"url":"https:\/\/swoer.com\/wp-content\/uploads\/2024\/06\/CCD-Visual-Inspection.jpg","type":"image\/jpeg"}],"twitter_card":"summary_large_image","twitter_misc":{"\u01af\u1edbc t\u00ednh th\u1eddi gian \u0111\u1ecdc":"2 ph\u00fat"},"schema":{"@context":"https:\/\/schema.org","@graph":[{"@type":"WebPage","@id":"https:\/\/swoer.com\/manufacturer\/ccd-visual-inspection\/","url":"https:\/\/swoer.com\/manufacturer\/ccd-visual-inspection\/","name":"CCD Visual Inspection - SWOER","isPartOf":{"@id":"https:\/\/swoer.com\/#website"},"primaryImageOfPage":{"@id":"https:\/\/swoer.com\/manufacturer\/ccd-visual-inspection\/#primaryimage"},"image":{"@id":"https:\/\/swoer.com\/manufacturer\/ccd-visual-inspection\/#primaryimage"},"thumbnailUrl":"https:\/\/swoer.com\/wp-content\/uploads\/2024\/06\/CCD-Visual-Inspection.jpg","datePublished":"2024-06-17T07:01:40+00:00","dateModified":"2024-06-22T05:43:45+00:00","description":"Elevate your product quality control with our cutting-edge CCD Visual Inspection system, featuring high-speed recognition, exceptional accuracy, and seamless integration for unparalleled efficiency and product integrity.","breadcrumb":{"@id":"https:\/\/swoer.com\/manufacturer\/ccd-visual-inspection\/#breadcrumb"},"inLanguage":"vi","potentialAction":[{"@type":"ReadAction","target":["https:\/\/swoer.com\/manufacturer\/ccd-visual-inspection\/"]}]},{"@type":"ImageObject","inLanguage":"vi","@id":"https:\/\/swoer.com\/manufacturer\/ccd-visual-inspection\/#primaryimage","url":"https:\/\/swoer.com\/wp-content\/uploads\/2024\/06\/CCD-Visual-Inspection.jpg","contentUrl":"https:\/\/swoer.com\/wp-content\/uploads\/2024\/06\/CCD-Visual-Inspection.jpg","width":1000,"height":1000,"caption":"CCD Visual Inspection"},{"@type":"BreadcrumbList","@id":"https:\/\/swoer.com\/manufacturer\/ccd-visual-inspection\/#breadcrumb","itemListElement":[{"@type":"ListItem","position":1,"name":"Home","item":"https:\/\/swoer.com\/"},{"@type":"ListItem","position":2,"name":"Shop","item":"https:\/\/swoer.com\/shop\/"},{"@type":"ListItem","position":3,"name":"CCD Visual Inspection"}]},{"@type":"WebSite","@id":"https:\/\/swoer.com\/#website","url":"https:\/\/swoer.com\/","name":"SWOER","description":"Swoer is the top 3 vibratory bowl feeder manufacturer in China","potentialAction":[{"@type":"SearchAction","target":{"@type":"EntryPoint","urlTemplate":"https:\/\/swoer.com\/?s={search_term_string}"},"query-input":"required name=search_term_string"}],"inLanguage":"vi"}]}},"_links":{"self":[{"href":"https:\/\/swoer.com\/vi\/wp-json\/wp\/v2\/product\/2232"}],"collection":[{"href":"https:\/\/swoer.com\/vi\/wp-json\/wp\/v2\/product"}],"about":[{"href":"https:\/\/swoer.com\/vi\/wp-json\/wp\/v2\/types\/product"}],"replies":[{"embeddable":true,"href":"https:\/\/swoer.com\/vi\/wp-json\/wp\/v2\/comments?post=2232"}],"wp:featuredmedia":[{"embeddable":true,"href":"https:\/\/swoer.com\/vi\/wp-json\/wp\/v2\/media\/2233"}],"wp:attachment":[{"href":"https:\/\/swoer.com\/vi\/wp-json\/wp\/v2\/media?parent=2232"}],"wp:term":[{"taxonomy":"product_cat","embeddable":true,"href":"https:\/\/swoer.com\/vi\/wp-json\/wp\/v2\/product_cat?post=2232"},{"taxonomy":"product_tag","embeddable":true,"href":"https:\/\/swoer.com\/vi\/wp-json\/wp\/v2\/product_tag?post=2232"}],"curies":[{"name":"wp","href":"https:\/\/api.w.org\/{rel}","templated":true}]}}