{"id":2225,"date":"2024-06-17T06:16:07","date_gmt":"2024-06-17T06:16:07","guid":{"rendered":"https:\/\/swoer.com\/?post_type=product&#038;p=2225"},"modified":"2024-06-17T07:18:41","modified_gmt":"2024-06-17T07:18:41","slug":"ccd-camera-system","status":"publish","type":"product","link":"https:\/\/swoer.com\/vi\/manufacturer\/ccd-camera-system\/","title":{"rendered":"H\u1ec7 th\u1ed1ng camera CCD"},"content":{"rendered":"<h2><strong><b>S\u1ea3n ph\u1ea9m <\/b><\/strong><strong><b>T\u00d4I<\/b><\/strong><strong><b>th\u00f4ng tin<\/b><\/strong><\/h2>\n<table>\n<tbody>\n<tr>\n<td width=\"224\"><strong><b>\u00a0T\u00ean s\u1ea3n ph\u1ea9m<\/b><\/strong><\/td>\n<td width=\"377\">H\u1ec7 th\u1ed1ng camera CCD<\/td>\n<\/tr>\n<tr>\n<td width=\"224\"><strong><b>\u00a0M<\/b><\/strong><strong><b>b\u00e0i h\u00e1t ca ng\u1ee3i<\/b><\/strong><\/td>\n<td width=\"377\">SW-80301<\/td>\n<\/tr>\n<tr>\n<td width=\"224\"><strong><b>\u00a0<\/b><\/strong><strong><b>Th\u01b0\u01a1ng hi\u1ec7u<\/b><\/strong><\/td>\n<td width=\"377\">ng\u01b0\u1eddi ch\u1eedi th\u1ec1<\/td>\n<\/tr>\n<tr>\n<td width=\"224\"><strong><b>\u00a0V\u00f4n<\/b><\/strong><\/td>\n<td width=\"377\">\u00a0220V<\/td>\n<\/tr>\n<tr>\n<td width=\"224\"><strong><b>\u00a0Quy\u1ec1n l\u1ef1c<\/b><\/strong><\/td>\n<td width=\"377\">\u00a065W \/150W \/180W \/ 220W \/ 350W<\/td>\n<\/tr>\n<tr>\n<td width=\"224\"><strong><b>\u00a0X\u00e1c th\u1ef1c<\/b><\/strong><\/td>\n<td width=\"377\">\u00a0CE, ROHS, ISO9001<\/td>\n<\/tr>\n<tr>\n<td width=\"224\"><strong><b>\u00a0S\u1ef1 b\u1ea3o \u0111\u1ea3m<\/b><\/strong><\/td>\n<td width=\"377\">\u00a0b\u1ea3o h\u00e0nh 1 n\u0103m<\/td>\n<\/tr>\n<tr>\n<td width=\"224\"><strong><b>\u00a0MOQ<\/b><\/strong><\/td>\n<td width=\"377\">\u00a01 b\u1ed9<\/td>\n<\/tr>\n<tr>\n<td width=\"224\"><strong><b>\u00a0th\u1eddi gian d\u1eabn<\/b><\/strong><\/td>\n<td width=\"377\">\u00a010-14 ng\u00e0y<\/td>\n<\/tr>\n<tr>\n<td width=\"224\"><strong><b>\u00a0Ch\u00ednh s\u00e1ch thanh to\u00e1n<\/b><\/strong><\/td>\n<td width=\"377\">\u00a0T\/T 40% \u0110\u1eb7t c\u1ecdc v\u00e0 c\u00e2n \u0111\u1ed1i tr\u01b0\u1edbc khi giao h\u00e0ng<\/td>\n<\/tr>\n<tr>\n<td width=\"224\"><strong><b>\u00a0B\u1ea3n g\u1ed1c c\u1ee7a \u0111\u1ecba \u0111i\u1ec3m<\/b><\/strong><\/td>\n<td width=\"377\">\u00a0Trung Qu\u1ed1c<\/td>\n<\/tr>\n<\/tbody>\n<\/table>\n\t<div id=\"gap-376434151\" class=\"gap-element clearfix\" style=\"display:block; height:auto;\">\n\t\t\n<style>\n#gap-376434151 {\n  padding-top: 30px;\n}\n<\/style>\n\t<\/div>\n\t\n<div class=\"row\"  id=\"row-221556664\">\n\n\t<div id=\"col-297716139\" class=\"col medium-6 small-12 large-6\"  >\n\t\t\t\t<div class=\"col-inner\"  >\n\t\t\t\n\t\t\t\n<h3><strong><b>Danh s\u00e1ch s\u1ea3n ph\u1ea9m<\/b><\/strong><\/h3>\n<table>\n<tbody>\n<tr>\n<td width=\"276\"><strong><b>M\u00e1y t\u00ednh c\u00f4ng nghi\u1ec7p<\/b><\/strong><\/td>\n<td width=\"276\">1 b\u1ed9<\/td>\n<\/tr>\n<tr>\n<td width=\"276\"><strong><b>m\u00e0n h\u00ecnh 8 inch<\/b><\/strong><\/td>\n<td width=\"276\">1 b\u1ed9<\/td>\n<\/tr>\n<tr>\n<td width=\"276\"><strong><b>C<\/b><\/strong><strong><b>amera<\/b><\/strong><\/td>\n<td width=\"276\">1 b\u1ed9<\/td>\n<\/tr>\n<tr>\n<td width=\"276\"><strong><b>\u1ed0ng k\u00ednh<\/b><\/strong><\/td>\n<td width=\"276\">1 b\u1ed9<\/td>\n<\/tr>\n<tr>\n<td width=\"276\"><strong><b>L<\/b><\/strong><strong><b>ngu\u1ed3n \u00e1nh s\u00e1ng<\/b><\/strong><\/td>\n<td width=\"276\">1 b\u1ed9<\/td>\n<\/tr>\n<tr>\n<td width=\"276\"><strong><b>Gi\u00e1 \u0111\u1ee1 c\u1ed1 \u0111\u1ecbnh ngu\u1ed3n s\u00e1ng camera<\/b><\/strong><\/td>\n<td width=\"276\">1 b\u1ed9<\/td>\n<\/tr>\n<\/tbody>\n<\/table>\n\t\t<\/div>\n\t\t\t\t\t<\/div>\n\n\t\n\n\t<div id=\"col-1501217452\" class=\"col medium-6 small-12 large-6\"  >\n\t\t\t\t<div class=\"col-inner\"  >\n\t\t\t\n\t\t\t\n\t<div class=\"img has-hover x md-x lg-x y md-y lg-y\" id=\"image_114884660\">\n\t\t\t\t\t\t\t\t<div class=\"img-inner dark\" >\n\t\t\t<img loading=\"lazy\" decoding=\"async\" width=\"1000\" height=\"1000\" src=\"https:\/\/swoer.com\/wp-content\/uploads\/2024\/06\/ccd-camera-system-.jpg\" class=\"attachment-original size-original\" alt=\"h\u1ec7 th\u1ed1ng camera ccd\" srcset=\"https:\/\/swoer.com\/wp-content\/uploads\/2024\/06\/ccd-camera-system-.jpg 1000w, https:\/\/swoer.com\/wp-content\/uploads\/2024\/06\/ccd-camera-system--300x300.jpg 300w, https:\/\/swoer.com\/wp-content\/uploads\/2024\/06\/ccd-camera-system--150x150.jpg 150w, https:\/\/swoer.com\/wp-content\/uploads\/2024\/06\/ccd-camera-system--768x768.jpg 768w, https:\/\/swoer.com\/wp-content\/uploads\/2024\/06\/ccd-camera-system--12x12.jpg 12w, https:\/\/swoer.com\/wp-content\/uploads\/2024\/06\/ccd-camera-system--600x600.jpg 600w, https:\/\/swoer.com\/wp-content\/uploads\/2024\/06\/ccd-camera-system--100x100.jpg 100w\" sizes=\"(max-width: 1000px) 100vw, 1000px\" \/>\t\t\t\t\t\t\n\t\t\t\t\t<\/div>\n\t\t\t\t\t\t\t\t\n<style>\n#image_114884660 {\n  width: 59%;\n}\n<\/style>\n\t<\/div>\n\t\n\t\t<\/div>\n\t\t\t\t\t<\/div>\n\n\t\n<\/div>\n\t<div id=\"gap-1072435975\" class=\"gap-element clearfix\" style=\"display:block; height:auto;\">\n\t\t\n<style>\n#gap-1072435975 {\n  padding-top: 30px;\n}\n<\/style>\n\t<\/div>\n\t\n<h3 style=\"text-align: left;\"><strong><b>H\u00ecnh \u1ea3nh H\u1ec7 th\u1ed1ng Th\u1ecb gi\u00e1c CCD \u0111\u01b0\u1ee3c \u00e1p d\u1ee5ng cho Rung <\/b><\/strong><strong><b>C\u00e1i b\u00e1t <\/b><\/strong><strong><b>trung chuy\u1ec3n <\/b><\/strong><\/h3>\n\t<div class=\"img has-hover x md-x lg-x y md-y lg-y\" id=\"image_1765927639\">\n\t\t\t\t\t\t\t\t<div class=\"img-inner image-cover dark\" style=\"padding-top:56.25%;\">\n\t\t\t<img loading=\"lazy\" decoding=\"async\" width=\"356\" height=\"335\" src=\"https:\/\/swoer.com\/wp-content\/uploads\/2024\/06\/Image-of-CCD-vision-system-applied-to-vibrating-bowl-feeder-.jpg\" class=\"attachment-original size-original\" alt=\"H\u00ecnh \u1ea3nh h\u1ec7 th\u1ed1ng th\u1ecb gi\u00e1c CCD \u00e1p d\u1ee5ng cho m\u00e1y c\u1ea5p li\u1ec7u b\u00e1t rung\" srcset=\"https:\/\/swoer.com\/wp-content\/uploads\/2024\/06\/Image-of-CCD-vision-system-applied-to-vibrating-bowl-feeder-.jpg 356w, https:\/\/swoer.com\/wp-content\/uploads\/2024\/06\/Image-of-CCD-vision-system-applied-to-vibrating-bowl-feeder--300x282.jpg 300w, https:\/\/swoer.com\/wp-content\/uploads\/2024\/06\/Image-of-CCD-vision-system-applied-to-vibrating-bowl-feeder--13x12.jpg 13w\" sizes=\"(max-width: 356px) 100vw, 356px\" \/>\t\t\t\t\t\t\n\t\t\t\t\t<\/div>\n\t\t\t\t\t\t\t\t\n<style>\n#image_1765927639 {\n  width: 57%;\n}\n<\/style>\n\t<\/div>\n\t\n\t<div id=\"gap-1570036138\" class=\"gap-element clearfix\" style=\"display:block; height:auto;\">\n\t\t\n<style>\n#gap-1570036138 {\n  padding-top: 30px;\n}\n<\/style>\n\t<\/div>\n\t\n<h3 data-sourcepos=\"11:1-11:17\"><strong>C\u00e1c t\u00ednh n\u0103ng ch\u00ednh:<\/strong><\/h3>\n<ul data-sourcepos=\"13:1-13:64\">\n<li data-sourcepos=\"13:1-13:64\">\n<p data-sourcepos=\"13:3-13:92\"><strong>C\u01a1 ch\u1ebf k\u00edch ho\u1ea1t n\u1ed9i b\u1ed9:<\/strong> Cho ph\u00e9p k\u00edch ho\u1ea1t ch\u00ednh x\u00e1c \u0111\u1ec3 ch\u1ee5p \u1ea3nh \u0111\u1ed3ng b\u1ed9.<\/p>\n<\/li>\n<li data-sourcepos=\"15:1-16:0\">\n<p data-sourcepos=\"15:3-15:121\"><strong>Nh\u1eadn d\u1ea1ng nhi\u1ec1u \u0111\u01b0\u1eddng d\u1eabn:<\/strong> X\u00e1c \u0111\u1ecbnh v\u00e0 theo d\u00f5i \u0111\u1ed3ng th\u1eddi t\u1ed1i \u0111a 4 \u0111\u1ed1i t\u01b0\u1ee3ng, t\u1ed1i \u0111a h\u00f3a n\u0103ng su\u1ea5t ki\u1ec3m tra.<\/p>\n<\/li>\n<li data-sourcepos=\"17:1-18:0\">\n<p data-sourcepos=\"17:3-17:116\"><strong>T\u1ed1c \u0111\u1ed9 nh\u1eadn d\u1ea1ng c\u1ef1c nhanh:<\/strong> X\u1eed l\u00fd 300 s\u1ea3n ph\u1ea9m m\u1ed7i ph\u00fat, theo k\u1ecbp c\u00e1c d\u00e2y chuy\u1ec1n s\u1ea3n xu\u1ea5t \u0111\u00f2i h\u1ecfi kh\u1eaft khe.<\/p>\n<\/li>\n<li data-sourcepos=\"19:1-20:0\">\n<p data-sourcepos=\"19:3-19:137\"><strong>\u0110\u1ed9 ch\u00ednh x\u00e1c nh\u1eadn d\u1ea1ng \u0111\u1eb7c bi\u1ec7t:<\/strong> \u0110\u1ea1t t\u1ef7 l\u1ec7 nh\u1eadn d\u1ea1ng 99,99%, gi\u1ea3m thi\u1ec3u k\u1ebft qu\u1ea3 d\u01b0\u01a1ng t\u00ednh gi\u1ea3 v\u00e0 \u0111\u1ea3m b\u1ea3o t\u00ednh to\u00e0n v\u1eb9n c\u1ee7a s\u1ea3n ph\u1ea9m.<\/p>\n<\/li>\n<li data-sourcepos=\"21:1-21:85\">\n<p data-sourcepos=\"21:3-21:85\"><strong>T\u1ef7 l\u1ec7 v\u1eadt li\u1ec7u \u0111\u1ea3o ng\u01b0\u1ee3c kh\u00f4ng \u0111\u00e1ng k\u1ec3:<\/strong> Duy tr\u00ec t\u1ef7 l\u1ec7 v\u1eadt li\u1ec7u \u0111\u1ea3o ng\u01b0\u1ee3c d\u01b0\u1edbi 0,0001%, gi\u1ea3m l\u00e3ng ph\u00ed v\u00e0 t\u1ed1i \u01b0u h\u00f3a vi\u1ec7c s\u1eed d\u1ee5ng t\u00e0i nguy\u00ean.<\/p>\n<\/li>\n<li data-sourcepos=\"23:1-24:0\">\n<p data-sourcepos=\"23:3-23:104\"><strong>Ch\u1ee9c n\u0103ng h\u1ed7 tr\u1ee3 t\u1eeb xa:<\/strong> Cung c\u1ea5p h\u1ed7 tr\u1ee3 t\u1eeb xa theo th\u1eddi gian th\u1ef1c \u0111\u1ec3 kh\u1eafc ph\u1ee5c s\u1ef1 c\u1ed1 v\u00e0 b\u1ea3o tr\u00ec.<\/p>\n<\/li>\n<li data-sourcepos=\"25:1-26:0\">\n<p data-sourcepos=\"25:3-25:118\"><strong>Chuy\u1ec3n \u0111\u1ed5i s\u1ea3n ph\u1ea9m b\u1eb1ng m\u1ed9t c\u00fa nh\u1ea5p chu\u1ed9t:<\/strong> D\u1ec5 d\u00e0ng chuy\u1ec3n \u0111\u1ed5i gi\u1eefa c\u00e1c t\u00e1c v\u1ee5 ki\u1ec3m tra s\u1ea3n ph\u1ea9m kh\u00e1c nhau ch\u1ec9 b\u1eb1ng m\u1ed9t c\u00fa nh\u1ea5p chu\u1ed9t.<\/p>\n<\/li>\n<li data-sourcepos=\"27:1-28:0\">\n<p data-sourcepos=\"27:3-27:111\"><strong>C\u00e0i \u0111\u1eb7t Plug-and-Play:<\/strong> Lo\u1ea1i b\u1ecf nhu c\u1ea7u g\u1ee1 l\u1ed7i ph\u1ee9c t\u1ea1p, \u0111\u1ea3m b\u1ea3o qu\u00e1 tr\u00ecnh thi\u1ebft l\u1eadp li\u1ec1n m\u1ea1ch.<\/p>\n<\/li>\n<\/ul>\n<p data-sourcepos=\"29:1-29:121\">H\u1ec7 th\u1ed1ng camera CCD c\u1ee7a ch\u00fang t\u00f4i \u0111\u01b0\u1ee3c thi\u1ebft k\u1ebf \u0111\u1ec3 t\u00edch h\u1ee3p li\u1ec1n m\u1ea1ch v\u00e0o d\u00e2y chuy\u1ec1n s\u1ea3n xu\u1ea5t hi\u1ec7n c\u00f3 c\u1ee7a b\u1ea1n, gi\u00fap b\u1ea1n \u0111\u1ea1t \u0111\u01b0\u1ee3c:<\/p>\n<ul data-sourcepos=\"31:1-36:0\">\n<li data-sourcepos=\"31:1-32:0\">\n<p data-sourcepos=\"31:3-31:124\"><strong>N\u00e2ng cao ch\u1ea5t l\u01b0\u1ee3ng s\u1ea3n ph\u1ea9m:<\/strong> Ph\u00e1t hi\u1ec7n v\u00e0 lo\u1ea1i b\u1ecf c\u00e1c khuy\u1ebft t\u1eadt v\u1edbi \u0111\u1ed9 ch\u00ednh x\u00e1c v\u01b0\u1ee3t tr\u1ed9i, \u0111\u1ea3m b\u1ea3o ch\u1ea5t l\u01b0\u1ee3ng s\u1ea3n ph\u1ea9m \u0111\u1ed3ng nh\u1ea5t.<\/p>\n<\/li>\n<li data-sourcepos=\"33:1-34:0\">\n<p data-sourcepos=\"33:3-33:129\"><strong>T\u0103ng hi\u1ec7u qu\u1ea3 s\u1ea3n xu\u1ea5t:<\/strong> H\u1ee3p l\u00fd h\u00f3a quy tr\u00ecnh ki\u1ec3m tra v\u00e0 gi\u1ea3m thi\u1ec3u th\u1eddi gian ng\u1eebng ho\u1ea1t \u0111\u1ed9ng, t\u0103ng s\u1ea3n l\u01b0\u1ee3ng s\u1ea3n xu\u1ea5t t\u1ed5ng th\u1ec3.<\/p>\n<\/li>\n<li data-sourcepos=\"35:1-36:0\">\n<p data-sourcepos=\"35:3-35:115\"><strong>Gi\u1ea3m chi ph\u00ed v\u1eadn h\u00e0nh:<\/strong> Gi\u1ea3m thi\u1ec3u l\u00e3ng ph\u00ed v\u00e0 l\u00e0m l\u1ea1i, gi\u1ea3m chi ph\u00ed s\u1ea3n xu\u1ea5t v\u00e0 t\u1ed1i \u0111a h\u00f3a l\u1ee3i nhu\u1eadn.<\/p>\n<\/li>\n<\/ul>\n<p data-sourcepos=\"37:1-37:257\">N\u1ebfu b\u1ea1n mu\u1ed1n n\u00e2ng cao kh\u1ea3 n\u0103ng ki\u1ec3m tra s\u1ea3n ph\u1ea9m v\u00e0 c\u00e1ch m\u1ea1ng h\u00f3a quy tr\u00ecnh ki\u1ec3m so\u00e1t ch\u1ea5t l\u01b0\u1ee3ng, h\u1ec7 th\u1ed1ng camera CCD c\u1ee7a ch\u00fang t\u00f4i l\u00e0 gi\u1ea3i ph\u00e1p m\u00e0 b\u1ea1n \u0111ang ch\u1edd \u0111\u1ee3i. H\u00e3y li\u00ean h\u1ec7 v\u1edbi ch\u00fang t\u00f4i ngay h\u00f4m nay \u0111\u1ec3 tr\u1ea3i nghi\u1ec7m s\u1ee9c m\u1ea1nh bi\u1ebfn \u0111\u1ed5i c\u1ee7a \u0111\u1ed9 ch\u00ednh x\u00e1c v\u00e0 hi\u1ec7u qu\u1ea3.<\/p>\n<p data-sourcepos=\"51:1-51:155\">","protected":false},"excerpt":{"rendered":"<p>N\u00e2ng cao quy tr\u00ecnh ki\u1ec3m tra ch\u1ea5t l\u01b0\u1ee3ng v\u00e0 ki\u1ec3m tra s\u1ea3n ph\u1ea9m c\u1ee7a b\u1ea1n b\u1eb1ng h\u1ec7 th\u1ed1ng camera CCD ti\u00ean ti\u1ebfn c\u1ee7a ch\u00fang t\u00f4i. Gi\u1ea3i ph\u00e1p ti\u00ean ti\u1ebfn n\u00e0y t\u1ef1 h\u00e0o c\u00f3 b\u1ed9 t\u00ednh n\u0103ng m\u1ea1nh m\u1ebd gi\u00fap h\u1ee3p l\u00fd h\u00f3a c\u00e1c ho\u1ea1t \u0111\u1ed9ng v\u00e0 \u0111\u1ea3m b\u1ea3o \u0111\u1ed9 ch\u00ednh x\u00e1c tuy\u1ec7t v\u1eddi.<\/p>","protected":false},"featured_media":2226,"comment_status":"open","ping_status":"closed","template":"","meta":[],"product_cat":[58],"product_tag":[],"yoast_head":"<!-- This site is optimized with the Yoast SEO plugin v22.2 - https:\/\/yoast.com\/wordpress\/plugins\/seo\/ -->\n<title>CCD Camera System - SWOER<\/title>\n<meta name=\"description\" content=\"Revolutionize your production line with our CCD camera system, featuring high-speed recognition, exceptional accuracy, and seamless integration for enhanced quality control and efficiency.\" \/>\n<meta name=\"robots\" content=\"index, follow, max-snippet:-1, max-image-preview:large, max-video-preview:-1\" \/>\n<link rel=\"canonical\" href=\"https:\/\/swoer.com\/vi\/manufacturer\/ccd-camera-system\/\" \/>\n<meta property=\"og:locale\" content=\"vi_VN\" \/>\n<meta property=\"og:type\" content=\"article\" \/>\n<meta property=\"og:title\" content=\"CCD Camera System - SWOER\" \/>\n<meta property=\"og:description\" content=\"Revolutionize your production line with our CCD camera system, featuring high-speed recognition, exceptional accuracy, and seamless integration for enhanced quality control and efficiency.\" \/>\n<meta property=\"og:url\" content=\"https:\/\/swoer.com\/vi\/manufacturer\/ccd-camera-system\/\" \/>\n<meta property=\"og:site_name\" content=\"SWOER\" \/>\n<meta property=\"article:modified_time\" content=\"2024-06-17T07:18:41+00:00\" \/>\n<meta property=\"og:image\" content=\"https:\/\/swoer.com\/wp-content\/uploads\/2024\/06\/ccd-camera-system-.jpg\" \/>\n\t<meta property=\"og:image:width\" content=\"1000\" \/>\n\t<meta property=\"og:image:height\" content=\"1000\" \/>\n\t<meta property=\"og:image:type\" content=\"image\/jpeg\" \/>\n<meta name=\"twitter:card\" content=\"summary_large_image\" \/>\n<meta name=\"twitter:label1\" content=\"\u01af\u1edbc t\u00ednh th\u1eddi gian \u0111\u1ecdc\" \/>\n\t<meta name=\"twitter:data1\" content=\"2 ph\u00fat\" \/>\n<script type=\"application\/ld+json\" class=\"yoast-schema-graph\">{\"@context\":\"https:\/\/schema.org\",\"@graph\":[{\"@type\":\"WebPage\",\"@id\":\"https:\/\/swoer.com\/manufacturer\/ccd-camera-system\/\",\"url\":\"https:\/\/swoer.com\/manufacturer\/ccd-camera-system\/\",\"name\":\"CCD Camera System - SWOER\",\"isPartOf\":{\"@id\":\"https:\/\/swoer.com\/#website\"},\"primaryImageOfPage\":{\"@id\":\"https:\/\/swoer.com\/manufacturer\/ccd-camera-system\/#primaryimage\"},\"image\":{\"@id\":\"https:\/\/swoer.com\/manufacturer\/ccd-camera-system\/#primaryimage\"},\"thumbnailUrl\":\"https:\/\/swoer.com\/wp-content\/uploads\/2024\/06\/ccd-camera-system-.jpg\",\"datePublished\":\"2024-06-17T06:16:07+00:00\",\"dateModified\":\"2024-06-17T07:18:41+00:00\",\"description\":\"Revolutionize your production line with our CCD camera system, featuring high-speed recognition, exceptional accuracy, and seamless integration for enhanced quality control and efficiency.\",\"breadcrumb\":{\"@id\":\"https:\/\/swoer.com\/manufacturer\/ccd-camera-system\/#breadcrumb\"},\"inLanguage\":\"vi\",\"potentialAction\":[{\"@type\":\"ReadAction\",\"target\":[\"https:\/\/swoer.com\/manufacturer\/ccd-camera-system\/\"]}]},{\"@type\":\"ImageObject\",\"inLanguage\":\"vi\",\"@id\":\"https:\/\/swoer.com\/manufacturer\/ccd-camera-system\/#primaryimage\",\"url\":\"https:\/\/swoer.com\/wp-content\/uploads\/2024\/06\/ccd-camera-system-.jpg\",\"contentUrl\":\"https:\/\/swoer.com\/wp-content\/uploads\/2024\/06\/ccd-camera-system-.jpg\",\"width\":1000,\"height\":1000,\"caption\":\"ccd camera system\"},{\"@type\":\"BreadcrumbList\",\"@id\":\"https:\/\/swoer.com\/manufacturer\/ccd-camera-system\/#breadcrumb\",\"itemListElement\":[{\"@type\":\"ListItem\",\"position\":1,\"name\":\"Home\",\"item\":\"https:\/\/swoer.com\/\"},{\"@type\":\"ListItem\",\"position\":2,\"name\":\"Shop\",\"item\":\"https:\/\/swoer.com\/shop\/\"},{\"@type\":\"ListItem\",\"position\":3,\"name\":\"CCD Camera System\"}]},{\"@type\":\"WebSite\",\"@id\":\"https:\/\/swoer.com\/#website\",\"url\":\"https:\/\/swoer.com\/\",\"name\":\"SWOER\",\"description\":\"Swoer is the top 3 vibratory bowl feeder manufacturer in China\",\"potentialAction\":[{\"@type\":\"SearchAction\",\"target\":{\"@type\":\"EntryPoint\",\"urlTemplate\":\"https:\/\/swoer.com\/?s={search_term_string}\"},\"query-input\":\"required name=search_term_string\"}],\"inLanguage\":\"vi\"}]}<\/script>\n<!-- \/ Yoast SEO plugin. -->","yoast_head_json":{"title":"CCD Camera System - SWOER","description":"Revolutionize your production line with our CCD camera system, featuring high-speed recognition, exceptional accuracy, and seamless integration for enhanced quality control and efficiency.","robots":{"index":"index","follow":"follow","max-snippet":"max-snippet:-1","max-image-preview":"max-image-preview:large","max-video-preview":"max-video-preview:-1"},"canonical":"https:\/\/swoer.com\/vi\/manufacturer\/ccd-camera-system\/","og_locale":"vi_VN","og_type":"article","og_title":"CCD Camera System - SWOER","og_description":"Revolutionize your production line with our CCD camera system, featuring high-speed recognition, exceptional accuracy, and seamless integration for enhanced quality control and efficiency.","og_url":"https:\/\/swoer.com\/vi\/manufacturer\/ccd-camera-system\/","og_site_name":"SWOER","article_modified_time":"2024-06-17T07:18:41+00:00","og_image":[{"width":1000,"height":1000,"url":"https:\/\/swoer.com\/wp-content\/uploads\/2024\/06\/ccd-camera-system-.jpg","type":"image\/jpeg"}],"twitter_card":"summary_large_image","twitter_misc":{"\u01af\u1edbc t\u00ednh th\u1eddi gian \u0111\u1ecdc":"2 ph\u00fat"},"schema":{"@context":"https:\/\/schema.org","@graph":[{"@type":"WebPage","@id":"https:\/\/swoer.com\/manufacturer\/ccd-camera-system\/","url":"https:\/\/swoer.com\/manufacturer\/ccd-camera-system\/","name":"CCD Camera System - SWOER","isPartOf":{"@id":"https:\/\/swoer.com\/#website"},"primaryImageOfPage":{"@id":"https:\/\/swoer.com\/manufacturer\/ccd-camera-system\/#primaryimage"},"image":{"@id":"https:\/\/swoer.com\/manufacturer\/ccd-camera-system\/#primaryimage"},"thumbnailUrl":"https:\/\/swoer.com\/wp-content\/uploads\/2024\/06\/ccd-camera-system-.jpg","datePublished":"2024-06-17T06:16:07+00:00","dateModified":"2024-06-17T07:18:41+00:00","description":"Revolutionize your production line with our CCD camera system, featuring high-speed recognition, exceptional accuracy, and seamless integration for enhanced quality control and efficiency.","breadcrumb":{"@id":"https:\/\/swoer.com\/manufacturer\/ccd-camera-system\/#breadcrumb"},"inLanguage":"vi","potentialAction":[{"@type":"ReadAction","target":["https:\/\/swoer.com\/manufacturer\/ccd-camera-system\/"]}]},{"@type":"ImageObject","inLanguage":"vi","@id":"https:\/\/swoer.com\/manufacturer\/ccd-camera-system\/#primaryimage","url":"https:\/\/swoer.com\/wp-content\/uploads\/2024\/06\/ccd-camera-system-.jpg","contentUrl":"https:\/\/swoer.com\/wp-content\/uploads\/2024\/06\/ccd-camera-system-.jpg","width":1000,"height":1000,"caption":"ccd camera system"},{"@type":"BreadcrumbList","@id":"https:\/\/swoer.com\/manufacturer\/ccd-camera-system\/#breadcrumb","itemListElement":[{"@type":"ListItem","position":1,"name":"Home","item":"https:\/\/swoer.com\/"},{"@type":"ListItem","position":2,"name":"Shop","item":"https:\/\/swoer.com\/shop\/"},{"@type":"ListItem","position":3,"name":"CCD Camera System"}]},{"@type":"WebSite","@id":"https:\/\/swoer.com\/#website","url":"https:\/\/swoer.com\/","name":"SWOER","description":"Swoer is the top 3 vibratory bowl feeder manufacturer in China","potentialAction":[{"@type":"SearchAction","target":{"@type":"EntryPoint","urlTemplate":"https:\/\/swoer.com\/?s={search_term_string}"},"query-input":"required name=search_term_string"}],"inLanguage":"vi"}]}},"_links":{"self":[{"href":"https:\/\/swoer.com\/vi\/wp-json\/wp\/v2\/product\/2225"}],"collection":[{"href":"https:\/\/swoer.com\/vi\/wp-json\/wp\/v2\/product"}],"about":[{"href":"https:\/\/swoer.com\/vi\/wp-json\/wp\/v2\/types\/product"}],"replies":[{"embeddable":true,"href":"https:\/\/swoer.com\/vi\/wp-json\/wp\/v2\/comments?post=2225"}],"wp:featuredmedia":[{"embeddable":true,"href":"https:\/\/swoer.com\/vi\/wp-json\/wp\/v2\/media\/2226"}],"wp:attachment":[{"href":"https:\/\/swoer.com\/vi\/wp-json\/wp\/v2\/media?parent=2225"}],"wp:term":[{"taxonomy":"product_cat","embeddable":true,"href":"https:\/\/swoer.com\/vi\/wp-json\/wp\/v2\/product_cat?post=2225"},{"taxonomy":"product_tag","embeddable":true,"href":"https:\/\/swoer.com\/vi\/wp-json\/wp\/v2\/product_tag?post=2225"}],"curies":[{"name":"wp","href":"https:\/\/api.w.org\/{rel}","templated":true}]}}