{"id":2194,"date":"2024-06-13T03:07:30","date_gmt":"2024-06-13T03:07:30","guid":{"rendered":"https:\/\/swoer.com\/?post_type=product&#038;p=2194"},"modified":"2024-08-01T17:16:28","modified_gmt":"2024-08-01T09:16:28","slug":"four-tracks-small-hardware-vibratory-bowl-feeder","status":"publish","type":"product","link":"https:\/\/swoer.com\/vi\/manufacturer\/four-tracks-small-hardware-vibratory-bowl-feeder\/","title":{"rendered":"B\u1ed9 n\u1ea1p rung nh\u1ecf c\u00f3 b\u1ed1n r\u00e3nh cho ph\u1ea7n c\u1ee9ng nh\u1ecf"},"content":{"rendered":"<p>N\u00e2ng cao quy tr\u00ecnh l\u1eafp r\u00e1p ph\u1ea7n c\u1ee9ng nh\u1ecf c\u1ee7a b\u1ea1n v\u1edbi b\u00e1t c\u1ea5p li\u1ec7u rung b\u1ed1n r\u00e3nh c\u1ea3i ti\u1ebfn c\u1ee7a ch\u00fang t\u00f4i. \u0110\u01b0\u1ee3c thi\u1ebft k\u1ebf \u0111\u1ec3 x\u1eed l\u00fd nhi\u1ec1u lo\u1ea1i b\u1ed9 ph\u1eadn nh\u1ecf v\u1edbi \u0111\u1ed9 ch\u00ednh x\u00e1c v\u00e0 hi\u1ec7u qu\u1ea3, m\u00e1y c\u1ea5p li\u1ec7u c\u1ee7a ch\u00fang t\u00f4i \u0111\u1ea3m b\u1ea3o d\u00f2ng nguy\u00ean li\u1ec7u \u1ed5n \u0111\u1ecbnh v\u00e0 kh\u00f4ng b\u1ecb gi\u00e1n \u0111o\u1ea1n, t\u1ed1i \u0111a h\u00f3a n\u0103ng su\u1ea5t v\u00e0 gi\u1ea3m thi\u1ec3u th\u1eddi gian ng\u1eebng ho\u1ea1t \u0111\u1ed9ng.<\/p>\n<h2>S\u1ef1 ch\u1ec9 r\u00f5<\/h2>\n<table width=\"874\">\n<tbody>\n<tr>\n<td width=\"183\">t\u00ean s\u1ea3n ph\u1ea9m<\/td>\n<td width=\"691\">B\u1ed9 n\u1ea1p b\u00e1t rung ph\u1ea7n c\u1ee9ng nh\u1ecf b\u1ed1n r\u00e3nh<\/td>\n<\/tr>\n<tr>\n<td>V\u1eadt li\u1ec7u<\/td>\n<td>\u00a0SUS201\/304<\/td>\n<\/tr>\n<tr>\n<td>\u0110\u1eb7c s\u1ea3n v\u1eadt li\u1ec7u<\/td>\n<td>H\u1ee3p kim r\u00e8n x\u1eed l\u00fd ngu\u1ed9i, \u0110\u1ed9 b\u1ec1n cao, \u0110\u1ed9 c\u1ee9ng cao<\/td>\n<\/tr>\n<tr>\n<td>V\u00f4n<\/td>\n<td>220V<\/td>\n<\/tr>\n<tr>\n<td>Quy\u1ec1n l\u1ef1c<\/td>\n<td>65W \/150W \/180W \/ 220W \/ 350W<\/td>\n<\/tr>\n<tr>\n<td>X\u00e1c th\u1ef1c<\/td>\n<td>CE, ROHS, ISO9001<\/td>\n<\/tr>\n<tr>\n<td>S\u1ef1 b\u1ea3o \u0111\u1ea3m<\/td>\n<td>b\u1ea3o h\u00e0nh 1 n\u0103m<\/td>\n<\/tr>\n<tr>\n<td>MOQ<\/td>\n<td>1 b\u1ed9<\/td>\n<\/tr>\n<tr>\n<td>Th\u1eddi gian d\u1eabn<\/td>\n<td>10-14 ng\u00e0y<\/td>\n<\/tr>\n<tr>\n<td>Ch\u00ednh s\u00e1ch thanh to\u00e1n<\/td>\n<td>T\/T 40% \u0110\u1eb7t c\u1ecdc v\u00e0 c\u00e2n \u0111\u1ed1i tr\u01b0\u1edbc khi giao h\u00e0ng<\/td>\n<\/tr>\n<tr>\n<td>B\u1ea3n g\u1ed1c c\u1ee7a \u0111\u1ecba \u0111i\u1ec3m<\/td>\n<td>Trung Qu\u1ed1c<\/td>\n<\/tr>\n<\/tbody>\n<\/table>\n<h2 data-sourcepos=\"7:1-7:17\"><strong>C\u00e1c t\u00ednh n\u0103ng ch\u00ednh:<\/strong><\/h2>\n<ul data-sourcepos=\"9:1-12:0\">\n<li data-sourcepos=\"9:1-10:0\">\n<p data-sourcepos=\"9:3-9:86\"><strong>Thi\u1ebft k\u1ebf b\u1ed1n \u0111\u01b0\u1eddng:<\/strong> X\u1eed l\u00fd \u0111\u1ed3ng th\u1eddi nhi\u1ec1u b\u1ed9 ph\u1eadn \u0111\u1ec3 n\u00e2ng cao hi\u1ec7u qu\u1ea3.<\/p>\n<\/li>\n<li data-sourcepos=\"11:1-12:0\">\n<p data-sourcepos=\"11:3-11:99\"><strong>Cho \u0103n v\u1eadt li\u1ec7u ch\u00ednh x\u00e1c:<\/strong> \u0110\u1ea3m b\u1ea3o ph\u00e2n ph\u1ed1i c\u00e1c b\u1ed9 ph\u1eadn nh\u1ea5t qu\u00e1n v\u00e0 ch\u00ednh x\u00e1c \u0111\u1ec3 l\u1eafp r\u00e1p li\u1ec1n m\u1ea1ch.<\/p>\n<\/li>\n<li data-sourcepos=\"13:1-14:0\">\n<p data-sourcepos=\"13:3-13:110\"><strong>X\u1eed l\u00fd ph\u1ea7n nh\u1eb9 nh\u00e0ng:<\/strong> B\u1ea3o to\u00e0n t\u00ednh to\u00e0n v\u1eb9n c\u1ee7a c\u00e1c th\u00e0nh ph\u1ea7n m\u1ecfng manh b\u1eb1ng c\u01a1 ch\u1ebf x\u1eed l\u00fd nh\u1eb9 nh\u00e0ng c\u1ee7a ch\u00fang t\u00f4i.<\/p>\n<\/li>\n<li data-sourcepos=\"15:1-16:0\">\n<p data-sourcepos=\"15:3-15:156\"><strong>\u1ee8ng d\u1ee5ng \u0111a n\u0103ng:<\/strong> Th\u00edch h\u1ee3p cho nhi\u1ec1u \u1ee9ng d\u1ee5ng ph\u1ea7n c\u1ee9ng nh\u1ecf, bao g\u1ed3m s\u1ea3n xu\u1ea5t thi\u1ebft b\u1ecb \u0111i\u1ec7n t\u1eed, \u00f4 t\u00f4 v\u00e0 thi\u1ebft b\u1ecb y t\u1ebf.<\/p>\n<\/li>\n<\/ul>\n<h2 data-sourcepos=\"17:1-17:13\"><\/h2>\n<h2 data-sourcepos=\"17:1-17:13\"><strong>Nh\u1eefng l\u1ee3i \u00edch:<\/strong><\/h2>\n<ul data-sourcepos=\"19:1-26:0\">\n<li data-sourcepos=\"19:1-20:0\">\n<p data-sourcepos=\"19:3-19:122\"><strong>T\u0103ng n\u0103ng su\u1ea5t:<\/strong> T\u0103ng s\u1ea3n l\u01b0\u1ee3ng l\u1eafp r\u00e1p c\u1ee7a b\u1ea1n nh\u1edd kh\u1ea3 n\u0103ng duy tr\u00ec d\u00f2ng s\u1ea3n ph\u1ea9m li\u00ean t\u1ee5c c\u1ee7a b\u1ed9 ph\u1eadn c\u1ea5p li\u1ec7u c\u1ee7a ch\u00fang t\u00f4i.<\/p>\n<\/li>\n<li data-sourcepos=\"21:1-22:0\">\n<p data-sourcepos=\"21:3-21:111\"><strong>Gi\u1ea3m l\u00e3ng ph\u00ed v\u00e0 sai s\u00f3t:<\/strong> Gi\u1ea3m thi\u1ec3u h\u01b0 h\u1ecfng b\u1ed9 ph\u1eadn v\u00e0 l\u1ed7i l\u1eafp r\u00e1p b\u1eb1ng kh\u1ea3 n\u0103ng c\u1ea5p li\u1ec7u ch\u00ednh x\u00e1c c\u1ee7a ch\u00fang t\u00f4i.<\/p>\n<\/li>\n<li data-sourcepos=\"23:1-24:0\">\n<p data-sourcepos=\"23:3-23:118\"><strong>C\u1ea3i thi\u1ec7n ch\u1ea5t l\u01b0\u1ee3ng s\u1ea3n ph\u1ea9m:<\/strong> \u0110\u1ea3m b\u1ea3o ch\u1ea5t l\u01b0\u1ee3ng s\u1ea3n ph\u1ea9m \u1ed5n \u0111\u1ecbnh b\u1eb1ng c\u00e1ch x\u1eed l\u00fd nh\u1eb9 nh\u00e0ng c\u00e1c b\u1ed9 ph\u1eadn m\u1ecfng manh c\u1ee7a m\u00e1y c\u1ea5p li\u1ec7u c\u1ee7a ch\u00fang t\u00f4i.<\/p>\n<\/li>\n<li data-sourcepos=\"25:1-26:0\">\n<p data-sourcepos=\"25:3-25:127\"><strong>Ho\u1ea1t \u0111\u1ed9ng h\u1ee3p l\u00fd:<\/strong> \u0110\u01a1n gi\u1ea3n h\u00f3a quy tr\u00ecnh l\u1eafp r\u00e1p c\u1ee7a b\u1ea1n v\u1edbi thi\u1ebft k\u1ebf th\u00e2n thi\u1ec7n v\u1edbi ng\u01b0\u1eddi d\u00f9ng v\u00e0 hi\u1ec7u su\u1ea5t \u0111\u00e1ng tin c\u1eady c\u1ee7a m\u00e1y c\u1ea5p li\u1ec7u c\u1ee7a ch\u00fang t\u00f4i.<\/p>\n<\/li>\n<\/ul>\n<h3 data-sourcepos=\"27:1-27:12\"><strong>Tr\u1ea3i nghi\u1ec7m s\u1ee9c m\u1ea1nh c\u1ee7a m\u00e1y n\u1ea1p b\u00e1t rung b\u1ed1n r\u00e3nh<\/strong><\/h3>\n<p data-sourcepos=\"29:1-29:281\">M\u00e1y c\u1ea5p li\u1ec7u d\u1ea1ng b\u00e1t rung b\u1ed1n r\u00e3nh c\u1ee7a ch\u00fang t\u00f4i \u0111\u1ea1i di\u1ec7n cho \u0111\u1ec9nh cao c\u1ee7a c\u00f4ng ngh\u1ec7 x\u1eed l\u00fd v\u1eadt li\u1ec7u, mang l\u1ea1i hi\u1ec7u su\u1ea5t v\u00e0 gi\u00e1 tr\u1ecb v\u01b0\u1ee3t tr\u1ed9i cho c\u00e1c \u1ee9ng d\u1ee5ng l\u1eafp r\u00e1p ph\u1ea7n c\u1ee9ng nh\u1ecf. H\u00e3y li\u00ean h\u1ec7 v\u1edbi ch\u00fang t\u00f4i ngay h\u00f4m nay \u0111\u1ec3 t\u00ecm hi\u1ec3u th\u00eam v\u1ec1 c\u00e1ch c\u00e1c m\u00e1y c\u1ea5p li\u1ec7u c\u1ee7a ch\u00fang t\u00f4i c\u00f3 th\u1ec3 c\u00e1ch m\u1ea1ng h\u00f3a quy tr\u00ecnh s\u1ea3n xu\u1ea5t c\u1ee7a b\u1ea1n.<\/p>","protected":false},"excerpt":{"rendered":"<p>N\u00e2ng cao c\u1ee5m ph\u1ea7n c\u1ee9ng nh\u1ecf c\u1ee7a b\u1ea1n b\u1eb1ng b\u00e1t c\u1ea5p li\u1ec7u rung b\u1ed1n r\u00e3nh c\u1ee7a ch\u00fang t\u00f4i. \u0110\u01b0\u1ee3c thi\u1ebft k\u1ebf \u0111\u1ec3 mang l\u1ea1i \u0111\u1ed9 ch\u00ednh x\u00e1c v\u00e0 hi\u1ec7u qu\u1ea3, ch\u00fang \u0111\u1ea3m b\u1ea3o d\u00f2ng nguy\u00ean li\u1ec7u \u1ed5n \u0111\u1ecbnh, t\u1ed1i \u0111a h\u00f3a n\u0103ng su\u1ea5t v\u00e0 gi\u1ea3m thi\u1ec3u th\u1eddi gian ng\u1eebng ho\u1ea1t \u0111\u1ed9ng.<\/p>","protected":false},"featured_media":2195,"comment_status":"open","ping_status":"closed","template":"","meta":[],"product_cat":[37],"product_tag":[],"yoast_head":"<!-- This site is optimized with the Yoast SEO plugin v22.2 - https:\/\/yoast.com\/wordpress\/plugins\/seo\/ -->\n<title>Small Vibratory Feeder With Four Tracks for Small Hardware - SWOER<\/title>\n<meta name=\"description\" content=\"Our small vibratory feeder with four tracks is designed to handle delicate components with precision.\" \/>\n<meta name=\"robots\" content=\"index, follow, max-snippet:-1, max-image-preview:large, max-video-preview:-1\" \/>\n<link rel=\"canonical\" href=\"https:\/\/swoer.com\/vi\/manufacturer\/four-tracks-small-hardware-vibratory-bowl-feeder\/\" \/>\n<meta property=\"og:locale\" content=\"vi_VN\" \/>\n<meta property=\"og:type\" content=\"article\" \/>\n<meta property=\"og:title\" content=\"Small Vibratory Feeder With Four Tracks for Small Hardware - SWOER\" \/>\n<meta property=\"og:description\" content=\"Our small vibratory feeder with four tracks is designed to handle delicate components with precision.\" \/>\n<meta property=\"og:url\" content=\"https:\/\/swoer.com\/vi\/manufacturer\/four-tracks-small-hardware-vibratory-bowl-feeder\/\" \/>\n<meta property=\"og:site_name\" content=\"SWOER\" \/>\n<meta property=\"article:modified_time\" content=\"2024-08-01T09:16:28+00:00\" \/>\n<meta property=\"og:image\" content=\"https:\/\/swoer.com\/wp-content\/uploads\/2024\/06\/Four-Tracks-Small-Hardware-Vibratory-Bowl-Feeder.webp\" \/>\n\t<meta property=\"og:image:width\" content=\"1000\" \/>\n\t<meta property=\"og:image:height\" content=\"1000\" \/>\n\t<meta property=\"og:image:type\" content=\"image\/webp\" \/>\n<meta name=\"twitter:card\" content=\"summary_large_image\" \/>\n<meta name=\"twitter:label1\" content=\"\u01af\u1edbc t\u00ednh th\u1eddi gian \u0111\u1ecdc\" \/>\n\t<meta name=\"twitter:data1\" content=\"2 ph\u00fat\" \/>\n<script type=\"application\/ld+json\" class=\"yoast-schema-graph\">{\"@context\":\"https:\/\/schema.org\",\"@graph\":[{\"@type\":\"WebPage\",\"@id\":\"https:\/\/swoer.com\/manufacturer\/four-tracks-small-hardware-vibratory-bowl-feeder\/\",\"url\":\"https:\/\/swoer.com\/manufacturer\/four-tracks-small-hardware-vibratory-bowl-feeder\/\",\"name\":\"Small Vibratory Feeder With Four Tracks for Small Hardware - SWOER\",\"isPartOf\":{\"@id\":\"https:\/\/swoer.com\/#website\"},\"primaryImageOfPage\":{\"@id\":\"https:\/\/swoer.com\/manufacturer\/four-tracks-small-hardware-vibratory-bowl-feeder\/#primaryimage\"},\"image\":{\"@id\":\"https:\/\/swoer.com\/manufacturer\/four-tracks-small-hardware-vibratory-bowl-feeder\/#primaryimage\"},\"thumbnailUrl\":\"https:\/\/swoer.com\/wp-content\/uploads\/2024\/06\/Four-Tracks-Small-Hardware-Vibratory-Bowl-Feeder.webp\",\"datePublished\":\"2024-06-13T03:07:30+00:00\",\"dateModified\":\"2024-08-01T09:16:28+00:00\",\"description\":\"Our small vibratory feeder with four tracks is designed to handle delicate components with precision.\",\"breadcrumb\":{\"@id\":\"https:\/\/swoer.com\/manufacturer\/four-tracks-small-hardware-vibratory-bowl-feeder\/#breadcrumb\"},\"inLanguage\":\"vi\",\"potentialAction\":[{\"@type\":\"ReadAction\",\"target\":[\"https:\/\/swoer.com\/manufacturer\/four-tracks-small-hardware-vibratory-bowl-feeder\/\"]}]},{\"@type\":\"ImageObject\",\"inLanguage\":\"vi\",\"@id\":\"https:\/\/swoer.com\/manufacturer\/four-tracks-small-hardware-vibratory-bowl-feeder\/#primaryimage\",\"url\":\"https:\/\/swoer.com\/wp-content\/uploads\/2024\/06\/Four-Tracks-Small-Hardware-Vibratory-Bowl-Feeder.webp\",\"contentUrl\":\"https:\/\/swoer.com\/wp-content\/uploads\/2024\/06\/Four-Tracks-Small-Hardware-Vibratory-Bowl-Feeder.webp\",\"width\":1000,\"height\":1000,\"caption\":\"Four Tracks Small Hardware Vibratory Bowl Feeder\"},{\"@type\":\"BreadcrumbList\",\"@id\":\"https:\/\/swoer.com\/manufacturer\/four-tracks-small-hardware-vibratory-bowl-feeder\/#breadcrumb\",\"itemListElement\":[{\"@type\":\"ListItem\",\"position\":1,\"name\":\"Home\",\"item\":\"https:\/\/swoer.com\/\"},{\"@type\":\"ListItem\",\"position\":2,\"name\":\"Shop\",\"item\":\"https:\/\/swoer.com\/shop\/\"},{\"@type\":\"ListItem\",\"position\":3,\"name\":\"Small Vibratory Feeder With Four Tracks for Small Hardware\"}]},{\"@type\":\"WebSite\",\"@id\":\"https:\/\/swoer.com\/#website\",\"url\":\"https:\/\/swoer.com\/\",\"name\":\"SWOER\",\"description\":\"Swoer is the top 3 vibratory bowl feeder manufacturer in China\",\"potentialAction\":[{\"@type\":\"SearchAction\",\"target\":{\"@type\":\"EntryPoint\",\"urlTemplate\":\"https:\/\/swoer.com\/?s={search_term_string}\"},\"query-input\":\"required name=search_term_string\"}],\"inLanguage\":\"vi\"}]}<\/script>\n<!-- \/ Yoast SEO plugin. -->","yoast_head_json":{"title":"Small Vibratory Feeder With Four Tracks for Small Hardware - SWOER","description":"Our small vibratory feeder with four tracks is designed to handle delicate components with precision.","robots":{"index":"index","follow":"follow","max-snippet":"max-snippet:-1","max-image-preview":"max-image-preview:large","max-video-preview":"max-video-preview:-1"},"canonical":"https:\/\/swoer.com\/vi\/manufacturer\/four-tracks-small-hardware-vibratory-bowl-feeder\/","og_locale":"vi_VN","og_type":"article","og_title":"Small Vibratory Feeder With Four Tracks for Small Hardware - SWOER","og_description":"Our small vibratory feeder with four tracks is designed to handle delicate components with precision.","og_url":"https:\/\/swoer.com\/vi\/manufacturer\/four-tracks-small-hardware-vibratory-bowl-feeder\/","og_site_name":"SWOER","article_modified_time":"2024-08-01T09:16:28+00:00","og_image":[{"width":1000,"height":1000,"url":"https:\/\/swoer.com\/wp-content\/uploads\/2024\/06\/Four-Tracks-Small-Hardware-Vibratory-Bowl-Feeder.webp","type":"image\/webp"}],"twitter_card":"summary_large_image","twitter_misc":{"\u01af\u1edbc t\u00ednh th\u1eddi gian \u0111\u1ecdc":"2 ph\u00fat"},"schema":{"@context":"https:\/\/schema.org","@graph":[{"@type":"WebPage","@id":"https:\/\/swoer.com\/manufacturer\/four-tracks-small-hardware-vibratory-bowl-feeder\/","url":"https:\/\/swoer.com\/manufacturer\/four-tracks-small-hardware-vibratory-bowl-feeder\/","name":"Small Vibratory Feeder With Four Tracks for Small Hardware - SWOER","isPartOf":{"@id":"https:\/\/swoer.com\/#website"},"primaryImageOfPage":{"@id":"https:\/\/swoer.com\/manufacturer\/four-tracks-small-hardware-vibratory-bowl-feeder\/#primaryimage"},"image":{"@id":"https:\/\/swoer.com\/manufacturer\/four-tracks-small-hardware-vibratory-bowl-feeder\/#primaryimage"},"thumbnailUrl":"https:\/\/swoer.com\/wp-content\/uploads\/2024\/06\/Four-Tracks-Small-Hardware-Vibratory-Bowl-Feeder.webp","datePublished":"2024-06-13T03:07:30+00:00","dateModified":"2024-08-01T09:16:28+00:00","description":"Our small vibratory feeder with four tracks is designed to handle delicate components with precision.","breadcrumb":{"@id":"https:\/\/swoer.com\/manufacturer\/four-tracks-small-hardware-vibratory-bowl-feeder\/#breadcrumb"},"inLanguage":"vi","potentialAction":[{"@type":"ReadAction","target":["https:\/\/swoer.com\/manufacturer\/four-tracks-small-hardware-vibratory-bowl-feeder\/"]}]},{"@type":"ImageObject","inLanguage":"vi","@id":"https:\/\/swoer.com\/manufacturer\/four-tracks-small-hardware-vibratory-bowl-feeder\/#primaryimage","url":"https:\/\/swoer.com\/wp-content\/uploads\/2024\/06\/Four-Tracks-Small-Hardware-Vibratory-Bowl-Feeder.webp","contentUrl":"https:\/\/swoer.com\/wp-content\/uploads\/2024\/06\/Four-Tracks-Small-Hardware-Vibratory-Bowl-Feeder.webp","width":1000,"height":1000,"caption":"Four Tracks Small Hardware Vibratory Bowl Feeder"},{"@type":"BreadcrumbList","@id":"https:\/\/swoer.com\/manufacturer\/four-tracks-small-hardware-vibratory-bowl-feeder\/#breadcrumb","itemListElement":[{"@type":"ListItem","position":1,"name":"Home","item":"https:\/\/swoer.com\/"},{"@type":"ListItem","position":2,"name":"Shop","item":"https:\/\/swoer.com\/shop\/"},{"@type":"ListItem","position":3,"name":"Small Vibratory Feeder With Four Tracks for Small Hardware"}]},{"@type":"WebSite","@id":"https:\/\/swoer.com\/#website","url":"https:\/\/swoer.com\/","name":"SWOER","description":"Swoer is the top 3 vibratory bowl feeder manufacturer in China","potentialAction":[{"@type":"SearchAction","target":{"@type":"EntryPoint","urlTemplate":"https:\/\/swoer.com\/?s={search_term_string}"},"query-input":"required name=search_term_string"}],"inLanguage":"vi"}]}},"_links":{"self":[{"href":"https:\/\/swoer.com\/vi\/wp-json\/wp\/v2\/product\/2194"}],"collection":[{"href":"https:\/\/swoer.com\/vi\/wp-json\/wp\/v2\/product"}],"about":[{"href":"https:\/\/swoer.com\/vi\/wp-json\/wp\/v2\/types\/product"}],"replies":[{"embeddable":true,"href":"https:\/\/swoer.com\/vi\/wp-json\/wp\/v2\/comments?post=2194"}],"wp:featuredmedia":[{"embeddable":true,"href":"https:\/\/swoer.com\/vi\/wp-json\/wp\/v2\/media\/2195"}],"wp:attachment":[{"href":"https:\/\/swoer.com\/vi\/wp-json\/wp\/v2\/media?parent=2194"}],"wp:term":[{"taxonomy":"product_cat","embeddable":true,"href":"https:\/\/swoer.com\/vi\/wp-json\/wp\/v2\/product_cat?post=2194"},{"taxonomy":"product_tag","embeddable":true,"href":"https:\/\/swoer.com\/vi\/wp-json\/wp\/v2\/product_tag?post=2194"}],"curies":[{"name":"wp","href":"https:\/\/api.w.org\/{rel}","templated":true}]}}