{"id":2154,"date":"2024-06-04T02:19:44","date_gmt":"2024-06-04T02:19:44","guid":{"rendered":"https:\/\/swoer.com\/?post_type=product&#038;p=2154"},"modified":"2024-06-07T00:48:57","modified_gmt":"2024-06-07T00:48:57","slug":"fluxring-vibratory-bowl-feeder-bowl-feeder-machine-for-fluxring","status":"publish","type":"product","link":"https:\/\/swoer.com\/vi\/manufacturer\/fluxring-vibratory-bowl-feeder-bowl-feeder-machine-for-fluxring\/","title":{"rendered":"B\u1ed9 n\u1ea1p b\u00e1t rung Fluxring | M\u00e1y c\u1ea5p li\u1ec7u d\u1ea1ng b\u00e1t cho Fluxring"},"content":{"rendered":"<p>Kh\u00e1m ph\u00e1 B\u1ed9 n\u1ea1p b\u00e1t rung Fluxring c\u1ea3i ti\u1ebfn, \u0111\u01b0\u1ee3c thi\u1ebft k\u1ebf v\u00e0 s\u1ea3n xu\u1ea5t b\u1edfi SWOER. V\u1edbi c\u1ea5u tr\u00fac h\u1ed7 tr\u1ee3 ch\u1eafc ch\u1eafn v\u00e0 v\u1ecf c\u00e1ch \u00e2m ti\u00ean ti\u1ebfn, h\u1ec7 th\u1ed1ng c\u1ea5p li\u1ec7u ti\u00ean ti\u1ebfn n\u00e0y \u0111\u1ea3m b\u1ea3o ho\u1ea1t \u0111\u1ed9ng hi\u1ec7u qu\u1ea3 v\u00e0 y\u00ean t\u0129nh\u2014H\u00e3y tin t\u01b0\u1edfng chuy\u00ean m\u00f4n c\u1ee7a SWOER trong vi\u1ec7c t\u1ea1o ra c\u00e1c c\u1ea5p li\u1ec7u rung linh ho\u1ea1t \u0111\u1ec3 x\u1eed l\u00fd v\u1eadt li\u1ec7u ch\u00ednh x\u00e1c trong c\u00e1c \u1ee9ng d\u1ee5ng c\u00f4ng nghi\u1ec7p.<\/p>\n<h2>s\u1ef1 ch\u1ec9 r\u00f5<\/h2>\n<table width=\"874\">\n<tbody>\n<tr>\n<td width=\"183\">t\u00ean s\u1ea3n ph\u1ea9m<\/td>\n<td width=\"691\">B\u1ed9 n\u1ea1p b\u00e1t rung Fluxring c\u00f3 c\u1ea5u tr\u00fac h\u1ed7 tr\u1ee3 v\u00e0 v\u1ecf c\u00e1ch \u00e2m.<\/td>\n<\/tr>\n<tr>\n<td>V\u1eadt li\u1ec7u<\/td>\n<td>\u00a0SUS201\/304<\/td>\n<\/tr>\n<tr>\n<td>\u0110\u1eb7c s\u1ea3n v\u1eadt li\u1ec7u<\/td>\n<td>H\u1ee3p kim r\u00e8n x\u1eed l\u00fd ngu\u1ed9i, \u0110\u1ed9 b\u1ec1n cao, \u0110\u1ed9 c\u1ee9ng cao<\/td>\n<\/tr>\n<tr>\n<td>V\u00f4n<\/td>\n<td>220V<\/td>\n<\/tr>\n<tr>\n<td>Quy\u1ec1n l\u1ef1c<\/td>\n<td>65W \/150W \/180W \/ 220W \/ 350W<\/td>\n<\/tr>\n<tr>\n<td>X\u00e1c th\u1ef1c<\/td>\n<td>CE, ROHS, ISO9001<\/td>\n<\/tr>\n<tr>\n<td>S\u1ef1 b\u1ea3o \u0111\u1ea3m<\/td>\n<td>b\u1ea3o h\u00e0nh 1 n\u0103m<\/td>\n<\/tr>\n<tr>\n<td>MOQ<\/td>\n<td>1 b\u1ed9<\/td>\n<\/tr>\n<tr>\n<td>Th\u1eddi gian d\u1eabn<\/td>\n<td>10-14 ng\u00e0y<\/td>\n<\/tr>\n<tr>\n<td>Ch\u00ednh s\u00e1ch thanh to\u00e1n<\/td>\n<td>T\/T 40% \u0110\u1eb7t c\u1ecdc v\u00e0 c\u00e2n \u0111\u1ed1i tr\u01b0\u1edbc khi giao h\u00e0ng<\/td>\n<\/tr>\n<tr>\n<td>B\u1ea3n g\u1ed1c c\u1ee7a \u0111\u1ecba \u0111i\u1ec3m<\/td>\n<td>Trung Qu\u1ed1c<\/td>\n<\/tr>\n<\/tbody>\n<\/table>","protected":false},"excerpt":{"rendered":"<p>M\u00e1y c\u1ea5p li\u1ec7u d\u1ea1ng b\u00e1t rung Fluxring l\u00e0 m\u00e1y c\u1ea5p li\u1ec7u c\u00f3 hi\u1ec7u su\u1ea5t cao v\u00e0 \u0111\u00e1ng tin c\u1eady \u0111\u1ec3 v\u1eadn chuy\u1ec3n \u0111\u1ed3ng \u0111\u1ec1u c\u00e1c v\u1eadt li\u1ec7u r\u1eddi \u0111\u1ebfn d\u00e2y chuy\u1ec1n s\u1ea3n xu\u1ea5t. Ch\u00fang c\u00f3 nh\u1eefng \u01b0u \u0111i\u1ec3m sau:<\/p>\n<ul>\n<li>C\u00f3 th\u1ec3 \u0111i\u1ec1u ch\u1ec9nh t\u1ea7n s\u1ed1 v\u00e0 bi\u00ean \u0111\u1ed9 rung \u0111\u1ec3 \u0111\u00e1p \u1ee9ng y\u00eau c\u1ea7u c\u1ea5p li\u1ec7u c\u1ee7a c\u00e1c v\u1eadt li\u1ec7u kh\u00e1c nhau.<\/li>\n<li>B\u00e1t inox ch\u1ed1ng \u0103n m\u00f2n v\u00e0 d\u1ec5 d\u00e0ng v\u1ec7 sinh.<\/li>\n<li>T\u1ed1c \u0111\u1ed9 c\u1ea5p li\u1ec7u \u1ed5n \u0111\u1ecbnh v\u00e0 c\u00f3 th\u1ec3 ki\u1ec3m so\u00e1t \u0111\u1ec3 \u0111\u1ea3m b\u1ea3o d\u00e2y chuy\u1ec1n s\u1ea3n xu\u1ea5t ho\u1ea1t \u0111\u1ed9ng tr\u01a1n tru.<\/li>\n<li>C\u1ea5u tr\u00fac h\u1ed7 tr\u1ee3 t\u00f9y ch\u1ecdn v\u00e0 v\u1ecf c\u00e1ch \u00e2m \u0111\u1ec3 \u0111\u00e1p \u1ee9ng c\u00e1c y\u00eau c\u1ea7u m\u00f4i tr\u01b0\u1eddng \u1ee9ng d\u1ee5ng kh\u00e1c nhau.<\/li>\n<\/ul>","protected":false},"featured_media":2155,"comment_status":"open","ping_status":"closed","template":"","meta":[],"product_cat":[37],"product_tag":[],"yoast_head":"<!-- This site is optimized with the Yoast SEO plugin v22.2 - https:\/\/yoast.com\/wordpress\/plugins\/seo\/ -->\n<title>Fluxring Vibratory Bowl Feeder | Bowl Feeder Machine for Fluxring - SWOER<\/title>\n<meta name=\"description\" content=\"Fluxring Vibratory Bowl Feeders with Support Structures and Soundproof Enclosures are widely used in electronics, food, chemical, pharmaceutical, and other industries, and are an important part of production line automation.\" \/>\n<meta name=\"robots\" content=\"index, follow, max-snippet:-1, max-image-preview:large, max-video-preview:-1\" \/>\n<link rel=\"canonical\" href=\"https:\/\/swoer.com\/vi\/manufacturer\/fluxring-vibratory-bowl-feeder-bowl-feeder-machine-for-fluxring\/\" \/>\n<meta property=\"og:locale\" content=\"vi_VN\" \/>\n<meta property=\"og:type\" content=\"article\" \/>\n<meta property=\"og:title\" content=\"Fluxring Vibratory Bowl Feeder | Bowl Feeder Machine for Fluxring - SWOER\" \/>\n<meta property=\"og:description\" content=\"Fluxring Vibratory Bowl Feeders with Support Structures and Soundproof Enclosures are widely used in electronics, food, chemical, pharmaceutical, and other industries, and are an important part of production line automation.\" \/>\n<meta property=\"og:url\" content=\"https:\/\/swoer.com\/vi\/manufacturer\/fluxring-vibratory-bowl-feeder-bowl-feeder-machine-for-fluxring\/\" \/>\n<meta property=\"og:site_name\" content=\"SWOER\" \/>\n<meta property=\"article:modified_time\" content=\"2024-06-07T00:48:57+00:00\" \/>\n<meta property=\"og:image\" content=\"https:\/\/swoer.com\/wp-content\/uploads\/2024\/06\/3D-design-drawing-for-fluxring-bowl-feeder.webp\" \/>\n\t<meta property=\"og:image:width\" content=\"1000\" \/>\n\t<meta property=\"og:image:height\" content=\"1000\" \/>\n\t<meta property=\"og:image:type\" content=\"image\/webp\" \/>\n<meta name=\"twitter:card\" content=\"summary_large_image\" \/>\n<meta name=\"twitter:label1\" content=\"\u01af\u1edbc t\u00ednh th\u1eddi gian \u0111\u1ecdc\" \/>\n\t<meta name=\"twitter:data1\" content=\"1 ph\u00fat\" \/>\n<script type=\"application\/ld+json\" class=\"yoast-schema-graph\">{\"@context\":\"https:\/\/schema.org\",\"@graph\":[{\"@type\":\"WebPage\",\"@id\":\"https:\/\/swoer.com\/manufacturer\/fluxring-vibratory-bowl-feeder-bowl-feeder-machine-for-fluxring\/\",\"url\":\"https:\/\/swoer.com\/manufacturer\/fluxring-vibratory-bowl-feeder-bowl-feeder-machine-for-fluxring\/\",\"name\":\"Fluxring Vibratory Bowl Feeder | Bowl Feeder Machine for Fluxring - SWOER\",\"isPartOf\":{\"@id\":\"https:\/\/swoer.com\/#website\"},\"primaryImageOfPage\":{\"@id\":\"https:\/\/swoer.com\/manufacturer\/fluxring-vibratory-bowl-feeder-bowl-feeder-machine-for-fluxring\/#primaryimage\"},\"image\":{\"@id\":\"https:\/\/swoer.com\/manufacturer\/fluxring-vibratory-bowl-feeder-bowl-feeder-machine-for-fluxring\/#primaryimage\"},\"thumbnailUrl\":\"https:\/\/swoer.com\/wp-content\/uploads\/2024\/06\/3D-design-drawing-for-fluxring-bowl-feeder.webp\",\"datePublished\":\"2024-06-04T02:19:44+00:00\",\"dateModified\":\"2024-06-07T00:48:57+00:00\",\"description\":\"Fluxring Vibratory Bowl Feeders with Support Structures and Soundproof Enclosures are widely used in electronics, food, chemical, pharmaceutical, and other industries, and are an important part of production line automation.\",\"breadcrumb\":{\"@id\":\"https:\/\/swoer.com\/manufacturer\/fluxring-vibratory-bowl-feeder-bowl-feeder-machine-for-fluxring\/#breadcrumb\"},\"inLanguage\":\"vi\",\"potentialAction\":[{\"@type\":\"ReadAction\",\"target\":[\"https:\/\/swoer.com\/manufacturer\/fluxring-vibratory-bowl-feeder-bowl-feeder-machine-for-fluxring\/\"]}]},{\"@type\":\"ImageObject\",\"inLanguage\":\"vi\",\"@id\":\"https:\/\/swoer.com\/manufacturer\/fluxring-vibratory-bowl-feeder-bowl-feeder-machine-for-fluxring\/#primaryimage\",\"url\":\"https:\/\/swoer.com\/wp-content\/uploads\/2024\/06\/3D-design-drawing-for-fluxring-bowl-feeder.webp\",\"contentUrl\":\"https:\/\/swoer.com\/wp-content\/uploads\/2024\/06\/3D-design-drawing-for-fluxring-bowl-feeder.webp\",\"width\":1000,\"height\":1000,\"caption\":\"3D design drawing for fluxring bowl feeder\"},{\"@type\":\"BreadcrumbList\",\"@id\":\"https:\/\/swoer.com\/manufacturer\/fluxring-vibratory-bowl-feeder-bowl-feeder-machine-for-fluxring\/#breadcrumb\",\"itemListElement\":[{\"@type\":\"ListItem\",\"position\":1,\"name\":\"Home\",\"item\":\"https:\/\/swoer.com\/\"},{\"@type\":\"ListItem\",\"position\":2,\"name\":\"Shop\",\"item\":\"https:\/\/swoer.com\/shop\/\"},{\"@type\":\"ListItem\",\"position\":3,\"name\":\"Fluxring Vibratory Bowl Feeder | Bowl Feeder Machine for Fluxring\"}]},{\"@type\":\"WebSite\",\"@id\":\"https:\/\/swoer.com\/#website\",\"url\":\"https:\/\/swoer.com\/\",\"name\":\"SWOER\",\"description\":\"Swoer is the top 3 vibratory bowl feeder manufacturer in China\",\"potentialAction\":[{\"@type\":\"SearchAction\",\"target\":{\"@type\":\"EntryPoint\",\"urlTemplate\":\"https:\/\/swoer.com\/?s={search_term_string}\"},\"query-input\":\"required name=search_term_string\"}],\"inLanguage\":\"vi\"}]}<\/script>\n<!-- \/ Yoast SEO plugin. -->","yoast_head_json":{"title":"Fluxring Vibratory Bowl Feeder | Bowl Feeder Machine for Fluxring - SWOER","description":"Fluxring Vibratory Bowl Feeders with Support Structures and Soundproof Enclosures are widely used in electronics, food, chemical, pharmaceutical, and other industries, and are an important part of production line automation.","robots":{"index":"index","follow":"follow","max-snippet":"max-snippet:-1","max-image-preview":"max-image-preview:large","max-video-preview":"max-video-preview:-1"},"canonical":"https:\/\/swoer.com\/vi\/manufacturer\/fluxring-vibratory-bowl-feeder-bowl-feeder-machine-for-fluxring\/","og_locale":"vi_VN","og_type":"article","og_title":"Fluxring Vibratory Bowl Feeder | Bowl Feeder Machine for Fluxring - SWOER","og_description":"Fluxring Vibratory Bowl Feeders with Support Structures and Soundproof Enclosures are widely used in electronics, food, chemical, pharmaceutical, and other industries, and are an important part of production line automation.","og_url":"https:\/\/swoer.com\/vi\/manufacturer\/fluxring-vibratory-bowl-feeder-bowl-feeder-machine-for-fluxring\/","og_site_name":"SWOER","article_modified_time":"2024-06-07T00:48:57+00:00","og_image":[{"width":1000,"height":1000,"url":"https:\/\/swoer.com\/wp-content\/uploads\/2024\/06\/3D-design-drawing-for-fluxring-bowl-feeder.webp","type":"image\/webp"}],"twitter_card":"summary_large_image","twitter_misc":{"\u01af\u1edbc t\u00ednh th\u1eddi gian \u0111\u1ecdc":"1 ph\u00fat"},"schema":{"@context":"https:\/\/schema.org","@graph":[{"@type":"WebPage","@id":"https:\/\/swoer.com\/manufacturer\/fluxring-vibratory-bowl-feeder-bowl-feeder-machine-for-fluxring\/","url":"https:\/\/swoer.com\/manufacturer\/fluxring-vibratory-bowl-feeder-bowl-feeder-machine-for-fluxring\/","name":"Fluxring Vibratory Bowl Feeder | Bowl Feeder Machine for Fluxring - SWOER","isPartOf":{"@id":"https:\/\/swoer.com\/#website"},"primaryImageOfPage":{"@id":"https:\/\/swoer.com\/manufacturer\/fluxring-vibratory-bowl-feeder-bowl-feeder-machine-for-fluxring\/#primaryimage"},"image":{"@id":"https:\/\/swoer.com\/manufacturer\/fluxring-vibratory-bowl-feeder-bowl-feeder-machine-for-fluxring\/#primaryimage"},"thumbnailUrl":"https:\/\/swoer.com\/wp-content\/uploads\/2024\/06\/3D-design-drawing-for-fluxring-bowl-feeder.webp","datePublished":"2024-06-04T02:19:44+00:00","dateModified":"2024-06-07T00:48:57+00:00","description":"Fluxring Vibratory Bowl Feeders with Support Structures and Soundproof Enclosures are widely used in electronics, food, chemical, pharmaceutical, and other industries, and are an important part of production line automation.","breadcrumb":{"@id":"https:\/\/swoer.com\/manufacturer\/fluxring-vibratory-bowl-feeder-bowl-feeder-machine-for-fluxring\/#breadcrumb"},"inLanguage":"vi","potentialAction":[{"@type":"ReadAction","target":["https:\/\/swoer.com\/manufacturer\/fluxring-vibratory-bowl-feeder-bowl-feeder-machine-for-fluxring\/"]}]},{"@type":"ImageObject","inLanguage":"vi","@id":"https:\/\/swoer.com\/manufacturer\/fluxring-vibratory-bowl-feeder-bowl-feeder-machine-for-fluxring\/#primaryimage","url":"https:\/\/swoer.com\/wp-content\/uploads\/2024\/06\/3D-design-drawing-for-fluxring-bowl-feeder.webp","contentUrl":"https:\/\/swoer.com\/wp-content\/uploads\/2024\/06\/3D-design-drawing-for-fluxring-bowl-feeder.webp","width":1000,"height":1000,"caption":"3D design drawing for fluxring bowl feeder"},{"@type":"BreadcrumbList","@id":"https:\/\/swoer.com\/manufacturer\/fluxring-vibratory-bowl-feeder-bowl-feeder-machine-for-fluxring\/#breadcrumb","itemListElement":[{"@type":"ListItem","position":1,"name":"Home","item":"https:\/\/swoer.com\/"},{"@type":"ListItem","position":2,"name":"Shop","item":"https:\/\/swoer.com\/shop\/"},{"@type":"ListItem","position":3,"name":"Fluxring Vibratory Bowl Feeder | Bowl Feeder Machine for Fluxring"}]},{"@type":"WebSite","@id":"https:\/\/swoer.com\/#website","url":"https:\/\/swoer.com\/","name":"SWOER","description":"Swoer is the top 3 vibratory bowl feeder manufacturer in China","potentialAction":[{"@type":"SearchAction","target":{"@type":"EntryPoint","urlTemplate":"https:\/\/swoer.com\/?s={search_term_string}"},"query-input":"required name=search_term_string"}],"inLanguage":"vi"}]}},"_links":{"self":[{"href":"https:\/\/swoer.com\/vi\/wp-json\/wp\/v2\/product\/2154"}],"collection":[{"href":"https:\/\/swoer.com\/vi\/wp-json\/wp\/v2\/product"}],"about":[{"href":"https:\/\/swoer.com\/vi\/wp-json\/wp\/v2\/types\/product"}],"replies":[{"embeddable":true,"href":"https:\/\/swoer.com\/vi\/wp-json\/wp\/v2\/comments?post=2154"}],"wp:featuredmedia":[{"embeddable":true,"href":"https:\/\/swoer.com\/vi\/wp-json\/wp\/v2\/media\/2155"}],"wp:attachment":[{"href":"https:\/\/swoer.com\/vi\/wp-json\/wp\/v2\/media?parent=2154"}],"wp:term":[{"taxonomy":"product_cat","embeddable":true,"href":"https:\/\/swoer.com\/vi\/wp-json\/wp\/v2\/product_cat?post=2154"},{"taxonomy":"product_tag","embeddable":true,"href":"https:\/\/swoer.com\/vi\/wp-json\/wp\/v2\/product_tag?post=2154"}],"curies":[{"name":"wp","href":"https:\/\/api.w.org\/{rel}","templated":true}]}}