{"id":2136,"date":"2024-05-22T07:09:25","date_gmt":"2024-05-22T07:09:25","guid":{"rendered":"https:\/\/swoer.com\/?post_type=product&#038;p=2136"},"modified":"2024-08-01T17:19:45","modified_gmt":"2024-08-01T09:19:45","slug":"bolts-vibratory-bowl-feeder-with-soundproof-cover","status":"publish","type":"product","link":"https:\/\/swoer.com\/vi\/manufacturer\/bolts-vibratory-bowl-feeder-with-soundproof-cover\/","title":{"rendered":"B\u1ed9 n\u1ea1p b\u00e1t rung c\u00f3 n\u1eafp c\u00e1ch \u00e2m"},"content":{"rendered":"<p>B\u1ed9 c\u1ea5p li\u1ec7u d\u1ea1ng b\u00e1t rung Bolt c\u00f3 n\u1eafp c\u00e1ch \u00e2m mang l\u1ea1i kh\u1ea3 n\u0103ng c\u1ea5p ph\u00f4i hi\u1ec7u qu\u1ea3, \u0111\u00e1ng tin c\u1eady v\u1edbi \u0111\u1ed9 \u1ed3n gi\u1ea3m. \u0110\u01b0\u1ee3c thi\u1ebft k\u1ebf \u0111\u1ec3 \u0111\u1ea3m b\u1ea3o \u0111\u1ed9 ch\u00ednh x\u00e1c v\u00e0 \u0111\u1ed9 b\u1ec1n, \u0111\u00e2y l\u00e0 gi\u1ea3i ph\u00e1p l\u00fd t\u01b0\u1edfng \u0111\u1ec3 n\u00e2ng cao n\u0103ng su\u1ea5t trong m\u00f4i tr\u01b0\u1eddng s\u1ea3n xu\u1ea5t t\u1ef1 \u0111\u1ed9ng.<\/p>\n<h2>s\u1ef1 ch\u1ec9 r\u00f5:<\/h2>\n<table width=\"684\">\n<tbody>\n<tr>\n<td width=\"183\">t\u00ean s\u1ea3n ph\u1ea9m<\/td>\n<td width=\"501\">B\u1ed9 n\u1ea1p b\u00e1t rung c\u00f3 n\u1eafp c\u00e1ch \u00e2m<\/td>\n<\/tr>\n<tr>\n<td>V\u1eadt li\u1ec7u<\/td>\n<td>\u00a0SUS201\/304<\/td>\n<\/tr>\n<tr>\n<td>\u0110\u1eb7c s\u1ea3n v\u1eadt li\u1ec7u<\/td>\n<td>H\u1ee3p kim r\u00e8n x\u1eed l\u00fd ngu\u1ed9i, \u0110\u1ed9 b\u1ec1n cao, \u0110\u1ed9 c\u1ee9ng cao<\/td>\n<\/tr>\n<tr>\n<td>V\u00f4n<\/td>\n<td>220V<\/td>\n<\/tr>\n<tr>\n<td>Quy\u1ec1n l\u1ef1c<\/td>\n<td>65W \/150W \/180W \/ 220W \/ 350W<\/td>\n<\/tr>\n<tr>\n<td>X\u00e1c th\u1ef1c<\/td>\n<td>CE, ROHS, ISO9001<\/td>\n<\/tr>\n<tr>\n<td>S\u1ef1 b\u1ea3o \u0111\u1ea3m<\/td>\n<td>b\u1ea3o h\u00e0nh 1 n\u0103m<\/td>\n<\/tr>\n<tr>\n<td>MOQ<\/td>\n<td>1 b\u1ed9<\/td>\n<\/tr>\n<tr>\n<td>Th\u1eddi gian d\u1eabn<\/td>\n<td>10-14 ng\u00e0y<\/td>\n<\/tr>\n<tr>\n<td>Ch\u00ednh s\u00e1ch thanh to\u00e1n<\/td>\n<td>T\/T 40% \u0110\u1eb7t c\u1ecdc v\u00e0 c\u00e2n \u0111\u1ed1i tr\u01b0\u1edbc khi giao h\u00e0ng<\/td>\n<\/tr>\n<tr>\n<td>B\u1ea3n g\u1ed1c c\u1ee7a \u0111\u1ecba \u0111i\u1ec3m<\/td>\n<td>Trung Qu\u1ed1c<\/td>\n<\/tr>\n<\/tbody>\n<\/table>","protected":false},"excerpt":{"rendered":"<p>B\u1ed9 c\u1ea5p li\u1ec7u d\u1ea1ng b\u00e1t rung Bolt c\u00f3 n\u1eafp c\u00e1ch \u00e2m \u0111\u1ea3m b\u1ea3o c\u1ea5p ph\u00f4i hi\u1ec7u qu\u1ea3 v\u00e0 y\u00ean t\u0129nh, n\u00e2ng cao n\u0103ng su\u1ea5t \u0111\u1ed3ng th\u1eddi gi\u1ea3m \u0111\u1ed9 \u1ed3n. L\u00fd t\u01b0\u1edfng cho c\u00e1c \u1ee9ng d\u1ee5ng c\u00f4ng nghi\u1ec7p kh\u00e1c nhau, n\u00f3 mang l\u1ea1i \u0111\u1ed9 ch\u00ednh x\u00e1c v\u00e0 \u0111\u1ed9 b\u1ec1n, khi\u1ebfn n\u00f3 tr\u1edf th\u00e0nh l\u1ef1a ch\u1ecdn h\u00e0ng \u0111\u1ea7u cho c\u00e1c h\u1ec7 th\u1ed1ng s\u1ea3n xu\u1ea5t t\u1ef1 \u0111\u1ed9ng.<\/p>","protected":false},"featured_media":2137,"comment_status":"open","ping_status":"closed","template":"","meta":[],"product_cat":[37],"product_tag":[],"yoast_head":"<!-- This site is optimized with the Yoast SEO plugin v22.2 - https:\/\/yoast.com\/wordpress\/plugins\/seo\/ -->\n<title>Bolts Vibratory Bowl Feeder with Soundproof Cover -<\/title>\n<meta name=\"description\" content=\"Our vibratory bowl feeder is designed with a soundproof cover to reduce noise pollution and improve your workspace environment.\" \/>\n<meta name=\"robots\" content=\"index, follow, max-snippet:-1, max-image-preview:large, max-video-preview:-1\" \/>\n<link rel=\"canonical\" href=\"https:\/\/swoer.com\/vi\/manufacturer\/bolts-vibratory-bowl-feeder-with-soundproof-cover\/\" \/>\n<meta property=\"og:locale\" content=\"vi_VN\" \/>\n<meta property=\"og:type\" content=\"article\" \/>\n<meta property=\"og:title\" content=\"Bolts Vibratory Bowl Feeder with Soundproof Cover -\" \/>\n<meta property=\"og:description\" content=\"Our vibratory bowl feeder is designed with a soundproof cover to reduce noise pollution and improve your workspace environment.\" \/>\n<meta property=\"og:url\" content=\"https:\/\/swoer.com\/vi\/manufacturer\/bolts-vibratory-bowl-feeder-with-soundproof-cover\/\" \/>\n<meta property=\"og:site_name\" content=\"SWOER\" \/>\n<meta property=\"article:modified_time\" content=\"2024-08-01T09:19:45+00:00\" \/>\n<meta property=\"og:image\" content=\"https:\/\/swoer.com\/wp-content\/uploads\/2024\/05\/Bolt-vibratory-bowl-feeder-with-soundproof-cover-.webp\" \/>\n\t<meta property=\"og:image:width\" content=\"1000\" \/>\n\t<meta property=\"og:image:height\" content=\"1000\" \/>\n\t<meta property=\"og:image:type\" content=\"image\/webp\" \/>\n<meta name=\"twitter:card\" content=\"summary_large_image\" \/>\n<meta name=\"twitter:label1\" content=\"\u01af\u1edbc t\u00ednh th\u1eddi gian \u0111\u1ecdc\" \/>\n\t<meta name=\"twitter:data1\" content=\"1 ph\u00fat\" \/>\n<script type=\"application\/ld+json\" class=\"yoast-schema-graph\">{\"@context\":\"https:\/\/schema.org\",\"@graph\":[{\"@type\":\"WebPage\",\"@id\":\"https:\/\/swoer.com\/manufacturer\/bolts-vibratory-bowl-feeder-with-soundproof-cover\/\",\"url\":\"https:\/\/swoer.com\/manufacturer\/bolts-vibratory-bowl-feeder-with-soundproof-cover\/\",\"name\":\"Bolts Vibratory Bowl Feeder with Soundproof Cover -\",\"isPartOf\":{\"@id\":\"https:\/\/swoer.com\/#website\"},\"primaryImageOfPage\":{\"@id\":\"https:\/\/swoer.com\/manufacturer\/bolts-vibratory-bowl-feeder-with-soundproof-cover\/#primaryimage\"},\"image\":{\"@id\":\"https:\/\/swoer.com\/manufacturer\/bolts-vibratory-bowl-feeder-with-soundproof-cover\/#primaryimage\"},\"thumbnailUrl\":\"https:\/\/swoer.com\/wp-content\/uploads\/2024\/05\/Bolt-vibratory-bowl-feeder-with-soundproof-cover-.webp\",\"datePublished\":\"2024-05-22T07:09:25+00:00\",\"dateModified\":\"2024-08-01T09:19:45+00:00\",\"description\":\"Our vibratory bowl feeder is designed with a soundproof cover to reduce noise pollution and improve your workspace environment.\",\"breadcrumb\":{\"@id\":\"https:\/\/swoer.com\/manufacturer\/bolts-vibratory-bowl-feeder-with-soundproof-cover\/#breadcrumb\"},\"inLanguage\":\"vi\",\"potentialAction\":[{\"@type\":\"ReadAction\",\"target\":[\"https:\/\/swoer.com\/manufacturer\/bolts-vibratory-bowl-feeder-with-soundproof-cover\/\"]}]},{\"@type\":\"ImageObject\",\"inLanguage\":\"vi\",\"@id\":\"https:\/\/swoer.com\/manufacturer\/bolts-vibratory-bowl-feeder-with-soundproof-cover\/#primaryimage\",\"url\":\"https:\/\/swoer.com\/wp-content\/uploads\/2024\/05\/Bolt-vibratory-bowl-feeder-with-soundproof-cover-.webp\",\"contentUrl\":\"https:\/\/swoer.com\/wp-content\/uploads\/2024\/05\/Bolt-vibratory-bowl-feeder-with-soundproof-cover-.webp\",\"width\":1000,\"height\":1000,\"caption\":\"Bolt vibratory bowl feeder with soundproof cover\"},{\"@type\":\"BreadcrumbList\",\"@id\":\"https:\/\/swoer.com\/manufacturer\/bolts-vibratory-bowl-feeder-with-soundproof-cover\/#breadcrumb\",\"itemListElement\":[{\"@type\":\"ListItem\",\"position\":1,\"name\":\"Home\",\"item\":\"https:\/\/swoer.com\/\"},{\"@type\":\"ListItem\",\"position\":2,\"name\":\"Shop\",\"item\":\"https:\/\/swoer.com\/shop\/\"},{\"@type\":\"ListItem\",\"position\":3,\"name\":\"Bolts Vibratory Bowl Feeder with Soundproof Cover\"}]},{\"@type\":\"WebSite\",\"@id\":\"https:\/\/swoer.com\/#website\",\"url\":\"https:\/\/swoer.com\/\",\"name\":\"SWOER\",\"description\":\"Swoer is the top 3 vibratory bowl feeder manufacturer in China\",\"potentialAction\":[{\"@type\":\"SearchAction\",\"target\":{\"@type\":\"EntryPoint\",\"urlTemplate\":\"https:\/\/swoer.com\/?s={search_term_string}\"},\"query-input\":\"required name=search_term_string\"}],\"inLanguage\":\"vi\"}]}<\/script>\n<!-- \/ Yoast SEO plugin. -->","yoast_head_json":{"title":"Bolts Vibratory Bowl Feeder with Soundproof Cover -","description":"Our vibratory bowl feeder is designed with a soundproof cover to reduce noise pollution and improve your workspace environment.","robots":{"index":"index","follow":"follow","max-snippet":"max-snippet:-1","max-image-preview":"max-image-preview:large","max-video-preview":"max-video-preview:-1"},"canonical":"https:\/\/swoer.com\/vi\/manufacturer\/bolts-vibratory-bowl-feeder-with-soundproof-cover\/","og_locale":"vi_VN","og_type":"article","og_title":"Bolts Vibratory Bowl Feeder with Soundproof Cover -","og_description":"Our vibratory bowl feeder is designed with a soundproof cover to reduce noise pollution and improve your workspace environment.","og_url":"https:\/\/swoer.com\/vi\/manufacturer\/bolts-vibratory-bowl-feeder-with-soundproof-cover\/","og_site_name":"SWOER","article_modified_time":"2024-08-01T09:19:45+00:00","og_image":[{"width":1000,"height":1000,"url":"https:\/\/swoer.com\/wp-content\/uploads\/2024\/05\/Bolt-vibratory-bowl-feeder-with-soundproof-cover-.webp","type":"image\/webp"}],"twitter_card":"summary_large_image","twitter_misc":{"\u01af\u1edbc t\u00ednh th\u1eddi gian \u0111\u1ecdc":"1 ph\u00fat"},"schema":{"@context":"https:\/\/schema.org","@graph":[{"@type":"WebPage","@id":"https:\/\/swoer.com\/manufacturer\/bolts-vibratory-bowl-feeder-with-soundproof-cover\/","url":"https:\/\/swoer.com\/manufacturer\/bolts-vibratory-bowl-feeder-with-soundproof-cover\/","name":"Bolts Vibratory Bowl Feeder with Soundproof Cover -","isPartOf":{"@id":"https:\/\/swoer.com\/#website"},"primaryImageOfPage":{"@id":"https:\/\/swoer.com\/manufacturer\/bolts-vibratory-bowl-feeder-with-soundproof-cover\/#primaryimage"},"image":{"@id":"https:\/\/swoer.com\/manufacturer\/bolts-vibratory-bowl-feeder-with-soundproof-cover\/#primaryimage"},"thumbnailUrl":"https:\/\/swoer.com\/wp-content\/uploads\/2024\/05\/Bolt-vibratory-bowl-feeder-with-soundproof-cover-.webp","datePublished":"2024-05-22T07:09:25+00:00","dateModified":"2024-08-01T09:19:45+00:00","description":"Our vibratory bowl feeder is designed with a soundproof cover to reduce noise pollution and improve your workspace environment.","breadcrumb":{"@id":"https:\/\/swoer.com\/manufacturer\/bolts-vibratory-bowl-feeder-with-soundproof-cover\/#breadcrumb"},"inLanguage":"vi","potentialAction":[{"@type":"ReadAction","target":["https:\/\/swoer.com\/manufacturer\/bolts-vibratory-bowl-feeder-with-soundproof-cover\/"]}]},{"@type":"ImageObject","inLanguage":"vi","@id":"https:\/\/swoer.com\/manufacturer\/bolts-vibratory-bowl-feeder-with-soundproof-cover\/#primaryimage","url":"https:\/\/swoer.com\/wp-content\/uploads\/2024\/05\/Bolt-vibratory-bowl-feeder-with-soundproof-cover-.webp","contentUrl":"https:\/\/swoer.com\/wp-content\/uploads\/2024\/05\/Bolt-vibratory-bowl-feeder-with-soundproof-cover-.webp","width":1000,"height":1000,"caption":"Bolt vibratory bowl feeder with soundproof cover"},{"@type":"BreadcrumbList","@id":"https:\/\/swoer.com\/manufacturer\/bolts-vibratory-bowl-feeder-with-soundproof-cover\/#breadcrumb","itemListElement":[{"@type":"ListItem","position":1,"name":"Home","item":"https:\/\/swoer.com\/"},{"@type":"ListItem","position":2,"name":"Shop","item":"https:\/\/swoer.com\/shop\/"},{"@type":"ListItem","position":3,"name":"Bolts Vibratory Bowl Feeder with Soundproof Cover"}]},{"@type":"WebSite","@id":"https:\/\/swoer.com\/#website","url":"https:\/\/swoer.com\/","name":"SWOER","description":"Swoer is the top 3 vibratory bowl feeder manufacturer in China","potentialAction":[{"@type":"SearchAction","target":{"@type":"EntryPoint","urlTemplate":"https:\/\/swoer.com\/?s={search_term_string}"},"query-input":"required name=search_term_string"}],"inLanguage":"vi"}]}},"_links":{"self":[{"href":"https:\/\/swoer.com\/vi\/wp-json\/wp\/v2\/product\/2136"}],"collection":[{"href":"https:\/\/swoer.com\/vi\/wp-json\/wp\/v2\/product"}],"about":[{"href":"https:\/\/swoer.com\/vi\/wp-json\/wp\/v2\/types\/product"}],"replies":[{"embeddable":true,"href":"https:\/\/swoer.com\/vi\/wp-json\/wp\/v2\/comments?post=2136"}],"wp:featuredmedia":[{"embeddable":true,"href":"https:\/\/swoer.com\/vi\/wp-json\/wp\/v2\/media\/2137"}],"wp:attachment":[{"href":"https:\/\/swoer.com\/vi\/wp-json\/wp\/v2\/media?parent=2136"}],"wp:term":[{"taxonomy":"product_cat","embeddable":true,"href":"https:\/\/swoer.com\/vi\/wp-json\/wp\/v2\/product_cat?post=2136"},{"taxonomy":"product_tag","embeddable":true,"href":"https:\/\/swoer.com\/vi\/wp-json\/wp\/v2\/product_tag?post=2136"}],"curies":[{"name":"wp","href":"https:\/\/api.w.org\/{rel}","templated":true}]}}