{"id":2063,"date":"2024-05-11T07:32:07","date_gmt":"2024-05-11T07:32:07","guid":{"rendered":"https:\/\/swoer.com\/?post_type=product&#038;p=2063"},"modified":"2024-06-25T01:24:50","modified_gmt":"2024-06-25T01:24:50","slug":"vibratory-linear-feeder-zc-series","status":"publish","type":"product","link":"https:\/\/swoer.com\/vi\/manufacturer\/vibratory-linear-feeder-zc-series\/","title":{"rendered":"B\u1ed9 n\u1ea1p tuy\u1ebfn t\u00ednh rung d\u00f2ng ZC"},"content":{"rendered":"<h2><strong>\u0110\u1eb7c tr\u01b0ng:<\/strong><\/h2>\n<p>Chi\u1ec1u d\u00e0i c\u1ee7a \u0111\u01b0\u1eddng truy\u1ec1n s\u1ea3n ph\u1ea9m \u0111\u01b0\u1ee3c t\u0103ng l\u00ean v\u00e0 g\u00f3c truy\u1ec1n \u0111\u1ed9ng \u0111\u01b0\u1ee3c \u0111i\u1ec1u ch\u1ec9nh nhanh ch\u00f3ng v\u00e0 \u1ed5n \u0111\u1ecbnh b\u1eb1ng c\u00e1ch \u0111i\u1ec1u ch\u1ec9nh g\u00f3c bi\u00ean \u0111\u1ed9, ph\u00f9 h\u1ee3p cho vi\u1ec7c truy\u1ec1n t\u1ea3i si\u00eau d\u00e0i c\u00e1c b\u1ed9 ph\u1eadn v\u1eeba v\u00e0 nh\u1ecf. Sau \u0111\u00e2y l\u00e0 nh\u1eefng c\u00e2n nh\u1eafc \u0111\u1eb7c bi\u1ec7t:<\/p>\n<p><strong>1.<\/strong> Trong m\u1ecdi tr\u01b0\u1eddng h\u1ee3p, b\u1ea1n kh\u00f4ng n\u00ean c\u1eafm d\u00e2y ho\u1eb7c c\u1ed1 ch\u1ea1m v\u00e0o c\u00e1c \u0111i\u1ec3m ti\u1ebfp x\u00fac trong \u1ed5 c\u1eafm \u0111\u1ec3 tr\u00e1nh b\u1ecb \u0111i\u1ec7n gi\u1eadt v\u00e0 tai n\u1ea1n.<\/p>\n<p><strong>2.<\/strong> Kh\u00f4ng bao gi\u1edd k\u1ebft n\u1ed1i b\u1ed9 \u0111i\u1ec1u khi\u1ec3n v\u1edbi ngu\u1ed3n \u0111i\u1ec7n xoay chi\u1ec1u 380V, n\u1ebfu kh\u00f4ng s\u1ebd g\u00e2y ra h\u01b0 h\u1ecfng kh\u00f4ng th\u1ec3 kh\u1eafc ph\u1ee5c cho b\u1ed9 \u0111i\u1ec1u khi\u1ec3n!<\/p>\n<p><strong>3.<\/strong> Ch\u00fa \u00fd! Trong m\u1ecdi tr\u01b0\u1eddng h\u1ee3p, b\u1ed9 c\u1ea5p tuy\u1ebfn t\u00ednh kh\u00f4ng \u0111\u01b0\u1ee3c v\u1eadn h\u00e0nh v\u01b0\u1ee3t qu\u00e1 gi\u1edbi h\u1ea1n c\u1ee7a thi\u1ebft k\u1ebf b\u1ed9 c\u1ea5p tuy\u1ebfn t\u00ednh.<\/p>\n<p><strong>4.<\/strong> Kh\u00f4ng khoan l\u1ed7 ho\u1eb7c ch\u1ea1m v\u00e0o d\u00e2y tr\u00ean b\u1ed9 c\u1ea5p tuy\u1ebfn t\u00ednh \u0111\u1ec3 tr\u00e1nh l\u00e0m h\u1ecfng nam ch\u00e2m \u0111i\u1ec7n.<\/p>\n<p><strong>5.<\/strong> H\u00e3y tu\u00e2n th\u1ee7 nghi\u00eam ng\u1eb7t h\u01b0\u1edbng d\u1eabn s\u1eed d\u1ee5ng. C\u00f4ng ty t\u1eeb ch\u1ed1i m\u1ecdi tr\u00e1ch nhi\u1ec7m d\u00e2n s\u1ef1 v\u00e0 h\u00ecnh s\u1ef1 \u0111\u1ed1i v\u1edbi m\u1ecdi t\u1ed5n th\u1ea5t ho\u1eb7c th\u01b0\u01a1ng t\u00edch c\u00e1 nh\u00e2n do kh\u00f4ng tu\u00e2n th\u1ee7 c\u00e1c h\u01b0\u1edbng d\u1eabn n\u00e0y.<\/p>\n\t<div id=\"gap-2079950748\" class=\"gap-element clearfix\" style=\"display:block; height:auto;\">\n\t\t\n<style>\n#gap-2079950748 {\n  padding-top: 30px;\n}\n<\/style>\n\t<\/div>\n\t\n<h3><strong>SW-600ZC<\/strong><\/h3>\n\t<div class=\"img has-hover x md-x lg-x y md-y lg-y\" id=\"image_2134843121\">\n\t\t\t\t\t\t\t\t<div class=\"img-inner dark\" >\n\t\t\t<img loading=\"lazy\" decoding=\"async\" width=\"1216\" height=\"634\" src=\"https:\/\/swoer.com\/wp-content\/uploads\/2024\/05\/SW-600ZC.webp\" class=\"attachment-original size-original\" alt=\"SW-600ZC\" srcset=\"https:\/\/swoer.com\/wp-content\/uploads\/2024\/05\/SW-600ZC.webp 1216w, https:\/\/swoer.com\/wp-content\/uploads\/2024\/05\/SW-600ZC-300x156.webp 300w, https:\/\/swoer.com\/wp-content\/uploads\/2024\/05\/SW-600ZC-1024x534.webp 1024w, https:\/\/swoer.com\/wp-content\/uploads\/2024\/05\/SW-600ZC-768x400.webp 768w, https:\/\/swoer.com\/wp-content\/uploads\/2024\/05\/SW-600ZC-18x9.webp 18w, https:\/\/swoer.com\/wp-content\/uploads\/2024\/05\/SW-600ZC-600x313.webp 600w\" sizes=\"(max-width: 1216px) 100vw, 1216px\" \/>\t\t\t\t\t\t\n\t\t\t\t\t<\/div>\n\t\t\t\t\t\t\t\t\n<style>\n#image_2134843121 {\n  width: 100%;\n}\n<\/style>\n\t<\/div>\n\t\n<h3><strong>SW-800ZC<\/strong><\/h3>\n\t<div class=\"img has-hover x md-x lg-x y md-y lg-y\" id=\"image_1568783640\">\n\t\t\t\t\t\t\t\t<div class=\"img-inner dark\" >\n\t\t\t<img loading=\"lazy\" decoding=\"async\" width=\"1217\" height=\"654\" src=\"https:\/\/swoer.com\/wp-content\/uploads\/2024\/05\/SW-800ZC.webp\" class=\"attachment-original size-original\" alt=\"SW-800ZC\" srcset=\"https:\/\/swoer.com\/wp-content\/uploads\/2024\/05\/SW-800ZC.webp 1217w, https:\/\/swoer.com\/wp-content\/uploads\/2024\/05\/SW-800ZC-300x161.webp 300w, https:\/\/swoer.com\/wp-content\/uploads\/2024\/05\/SW-800ZC-1024x550.webp 1024w, https:\/\/swoer.com\/wp-content\/uploads\/2024\/05\/SW-800ZC-768x413.webp 768w, https:\/\/swoer.com\/wp-content\/uploads\/2024\/05\/SW-800ZC-18x10.webp 18w, https:\/\/swoer.com\/wp-content\/uploads\/2024\/05\/SW-800ZC-600x322.webp 600w\" sizes=\"(max-width: 1217px) 100vw, 1217px\" \/>\t\t\t\t\t\t\n\t\t\t\t\t<\/div>\n\t\t\t\t\t\t\t\t\n<style>\n#image_1568783640 {\n  width: 100%;\n}\n<\/style>\n\t<\/div>","protected":false},"excerpt":{"rendered":"<p>B\u1ed9 c\u1ea5p li\u1ec7u tuy\u1ebfn t\u00ednh rung d\u00f2ng ZC c\u00f3 2 m\u1eabu:<\/p>\n<p>SW-600ZC<\/p>\n<p>SW-600ZC<\/p>","protected":false},"featured_media":2064,"comment_status":"open","ping_status":"closed","template":"","meta":[],"product_cat":[55],"product_tag":[],"yoast_head":"<!-- This site is optimized with the Yoast SEO plugin v22.2 - https:\/\/yoast.com\/wordpress\/plugins\/seo\/ -->\n<title>Vibratory Linear Feeder ZC Series - SWOER<\/title>\n<meta name=\"description\" content=\"The advanced Vibratory Linear Feeder ZC Series offers precise material handling and consistent performance. Ideal for automation and manufacturing processes, it enhances your production efficiency today!\" \/>\n<meta name=\"robots\" content=\"index, follow, max-snippet:-1, max-image-preview:large, max-video-preview:-1\" \/>\n<link rel=\"canonical\" href=\"https:\/\/swoer.com\/vi\/manufacturer\/vibratory-linear-feeder-zc-series\/\" \/>\n<meta property=\"og:locale\" content=\"vi_VN\" \/>\n<meta property=\"og:type\" content=\"article\" \/>\n<meta property=\"og:title\" content=\"Vibratory Linear Feeder ZC Series - SWOER\" \/>\n<meta property=\"og:description\" content=\"The advanced Vibratory Linear Feeder ZC Series offers precise material handling and consistent performance. Ideal for automation and manufacturing processes, it enhances your production efficiency today!\" \/>\n<meta property=\"og:url\" content=\"https:\/\/swoer.com\/vi\/manufacturer\/vibratory-linear-feeder-zc-series\/\" \/>\n<meta property=\"og:site_name\" content=\"SWOER\" \/>\n<meta property=\"article:modified_time\" content=\"2024-06-25T01:24:50+00:00\" \/>\n<meta property=\"og:image\" content=\"https:\/\/swoer.com\/wp-content\/uploads\/2024\/05\/Vibratory-Linear-Feeder-ZC-Series.webp\" \/>\n\t<meta property=\"og:image:width\" content=\"1000\" \/>\n\t<meta property=\"og:image:height\" content=\"1000\" \/>\n\t<meta property=\"og:image:type\" content=\"image\/webp\" \/>\n<meta name=\"twitter:card\" content=\"summary_large_image\" \/>\n<meta name=\"twitter:label1\" content=\"\u01af\u1edbc t\u00ednh th\u1eddi gian \u0111\u1ecdc\" \/>\n\t<meta name=\"twitter:data1\" content=\"1 ph\u00fat\" \/>\n<script type=\"application\/ld+json\" class=\"yoast-schema-graph\">{\"@context\":\"https:\/\/schema.org\",\"@graph\":[{\"@type\":\"WebPage\",\"@id\":\"https:\/\/swoer.com\/manufacturer\/vibratory-linear-feeder-zc-series\/\",\"url\":\"https:\/\/swoer.com\/manufacturer\/vibratory-linear-feeder-zc-series\/\",\"name\":\"Vibratory Linear Feeder ZC Series - SWOER\",\"isPartOf\":{\"@id\":\"https:\/\/swoer.com\/#website\"},\"primaryImageOfPage\":{\"@id\":\"https:\/\/swoer.com\/manufacturer\/vibratory-linear-feeder-zc-series\/#primaryimage\"},\"image\":{\"@id\":\"https:\/\/swoer.com\/manufacturer\/vibratory-linear-feeder-zc-series\/#primaryimage\"},\"thumbnailUrl\":\"https:\/\/swoer.com\/wp-content\/uploads\/2024\/05\/Vibratory-Linear-Feeder-ZC-Series.webp\",\"datePublished\":\"2024-05-11T07:32:07+00:00\",\"dateModified\":\"2024-06-25T01:24:50+00:00\",\"description\":\"The advanced Vibratory Linear Feeder ZC Series offers precise material handling and consistent performance. Ideal for automation and manufacturing processes, it enhances your production efficiency today!\",\"breadcrumb\":{\"@id\":\"https:\/\/swoer.com\/manufacturer\/vibratory-linear-feeder-zc-series\/#breadcrumb\"},\"inLanguage\":\"vi\",\"potentialAction\":[{\"@type\":\"ReadAction\",\"target\":[\"https:\/\/swoer.com\/manufacturer\/vibratory-linear-feeder-zc-series\/\"]}]},{\"@type\":\"ImageObject\",\"inLanguage\":\"vi\",\"@id\":\"https:\/\/swoer.com\/manufacturer\/vibratory-linear-feeder-zc-series\/#primaryimage\",\"url\":\"https:\/\/swoer.com\/wp-content\/uploads\/2024\/05\/Vibratory-Linear-Feeder-ZC-Series.webp\",\"contentUrl\":\"https:\/\/swoer.com\/wp-content\/uploads\/2024\/05\/Vibratory-Linear-Feeder-ZC-Series.webp\",\"width\":1000,\"height\":1000,\"caption\":\"Vibratory Linear Feeder ZC Series\"},{\"@type\":\"BreadcrumbList\",\"@id\":\"https:\/\/swoer.com\/manufacturer\/vibratory-linear-feeder-zc-series\/#breadcrumb\",\"itemListElement\":[{\"@type\":\"ListItem\",\"position\":1,\"name\":\"Home\",\"item\":\"https:\/\/swoer.com\/\"},{\"@type\":\"ListItem\",\"position\":2,\"name\":\"Shop\",\"item\":\"https:\/\/swoer.com\/shop\/\"},{\"@type\":\"ListItem\",\"position\":3,\"name\":\"Vibratory Linear Feeder ZC Series\"}]},{\"@type\":\"WebSite\",\"@id\":\"https:\/\/swoer.com\/#website\",\"url\":\"https:\/\/swoer.com\/\",\"name\":\"SWOER\",\"description\":\"Swoer is the top 3 vibratory bowl feeder manufacturer in China\",\"potentialAction\":[{\"@type\":\"SearchAction\",\"target\":{\"@type\":\"EntryPoint\",\"urlTemplate\":\"https:\/\/swoer.com\/?s={search_term_string}\"},\"query-input\":\"required name=search_term_string\"}],\"inLanguage\":\"vi\"}]}<\/script>\n<!-- \/ Yoast SEO plugin. -->","yoast_head_json":{"title":"Vibratory Linear Feeder ZC Series - SWOER","description":"The advanced Vibratory Linear Feeder ZC Series offers precise material handling and consistent performance. Ideal for automation and manufacturing processes, it enhances your production efficiency today!","robots":{"index":"index","follow":"follow","max-snippet":"max-snippet:-1","max-image-preview":"max-image-preview:large","max-video-preview":"max-video-preview:-1"},"canonical":"https:\/\/swoer.com\/vi\/manufacturer\/vibratory-linear-feeder-zc-series\/","og_locale":"vi_VN","og_type":"article","og_title":"Vibratory Linear Feeder ZC Series - SWOER","og_description":"The advanced Vibratory Linear Feeder ZC Series offers precise material handling and consistent performance. Ideal for automation and manufacturing processes, it enhances your production efficiency today!","og_url":"https:\/\/swoer.com\/vi\/manufacturer\/vibratory-linear-feeder-zc-series\/","og_site_name":"SWOER","article_modified_time":"2024-06-25T01:24:50+00:00","og_image":[{"width":1000,"height":1000,"url":"https:\/\/swoer.com\/wp-content\/uploads\/2024\/05\/Vibratory-Linear-Feeder-ZC-Series.webp","type":"image\/webp"}],"twitter_card":"summary_large_image","twitter_misc":{"\u01af\u1edbc t\u00ednh th\u1eddi gian \u0111\u1ecdc":"1 ph\u00fat"},"schema":{"@context":"https:\/\/schema.org","@graph":[{"@type":"WebPage","@id":"https:\/\/swoer.com\/manufacturer\/vibratory-linear-feeder-zc-series\/","url":"https:\/\/swoer.com\/manufacturer\/vibratory-linear-feeder-zc-series\/","name":"Vibratory Linear Feeder ZC Series - SWOER","isPartOf":{"@id":"https:\/\/swoer.com\/#website"},"primaryImageOfPage":{"@id":"https:\/\/swoer.com\/manufacturer\/vibratory-linear-feeder-zc-series\/#primaryimage"},"image":{"@id":"https:\/\/swoer.com\/manufacturer\/vibratory-linear-feeder-zc-series\/#primaryimage"},"thumbnailUrl":"https:\/\/swoer.com\/wp-content\/uploads\/2024\/05\/Vibratory-Linear-Feeder-ZC-Series.webp","datePublished":"2024-05-11T07:32:07+00:00","dateModified":"2024-06-25T01:24:50+00:00","description":"The advanced Vibratory Linear Feeder ZC Series offers precise material handling and consistent performance. Ideal for automation and manufacturing processes, it enhances your production efficiency today!","breadcrumb":{"@id":"https:\/\/swoer.com\/manufacturer\/vibratory-linear-feeder-zc-series\/#breadcrumb"},"inLanguage":"vi","potentialAction":[{"@type":"ReadAction","target":["https:\/\/swoer.com\/manufacturer\/vibratory-linear-feeder-zc-series\/"]}]},{"@type":"ImageObject","inLanguage":"vi","@id":"https:\/\/swoer.com\/manufacturer\/vibratory-linear-feeder-zc-series\/#primaryimage","url":"https:\/\/swoer.com\/wp-content\/uploads\/2024\/05\/Vibratory-Linear-Feeder-ZC-Series.webp","contentUrl":"https:\/\/swoer.com\/wp-content\/uploads\/2024\/05\/Vibratory-Linear-Feeder-ZC-Series.webp","width":1000,"height":1000,"caption":"Vibratory Linear Feeder ZC Series"},{"@type":"BreadcrumbList","@id":"https:\/\/swoer.com\/manufacturer\/vibratory-linear-feeder-zc-series\/#breadcrumb","itemListElement":[{"@type":"ListItem","position":1,"name":"Home","item":"https:\/\/swoer.com\/"},{"@type":"ListItem","position":2,"name":"Shop","item":"https:\/\/swoer.com\/shop\/"},{"@type":"ListItem","position":3,"name":"Vibratory Linear Feeder ZC Series"}]},{"@type":"WebSite","@id":"https:\/\/swoer.com\/#website","url":"https:\/\/swoer.com\/","name":"SWOER","description":"Swoer is the top 3 vibratory bowl feeder manufacturer in China","potentialAction":[{"@type":"SearchAction","target":{"@type":"EntryPoint","urlTemplate":"https:\/\/swoer.com\/?s={search_term_string}"},"query-input":"required name=search_term_string"}],"inLanguage":"vi"}]}},"_links":{"self":[{"href":"https:\/\/swoer.com\/vi\/wp-json\/wp\/v2\/product\/2063"}],"collection":[{"href":"https:\/\/swoer.com\/vi\/wp-json\/wp\/v2\/product"}],"about":[{"href":"https:\/\/swoer.com\/vi\/wp-json\/wp\/v2\/types\/product"}],"replies":[{"embeddable":true,"href":"https:\/\/swoer.com\/vi\/wp-json\/wp\/v2\/comments?post=2063"}],"wp:featuredmedia":[{"embeddable":true,"href":"https:\/\/swoer.com\/vi\/wp-json\/wp\/v2\/media\/2064"}],"wp:attachment":[{"href":"https:\/\/swoer.com\/vi\/wp-json\/wp\/v2\/media?parent=2063"}],"wp:term":[{"taxonomy":"product_cat","embeddable":true,"href":"https:\/\/swoer.com\/vi\/wp-json\/wp\/v2\/product_cat?post=2063"},{"taxonomy":"product_tag","embeddable":true,"href":"https:\/\/swoer.com\/vi\/wp-json\/wp\/v2\/product_tag?post=2063"}],"curies":[{"name":"wp","href":"https:\/\/api.w.org\/{rel}","templated":true}]}}