{"id":2056,"date":"2024-05-10T08:41:03","date_gmt":"2024-05-10T08:41:03","guid":{"rendered":"https:\/\/swoer.com\/?post_type=product&#038;p=2056"},"modified":"2024-05-11T07:37:10","modified_gmt":"2024-05-11T07:37:10","slug":"vibratory-linear-feeder-xp-series","status":"publish","type":"product","link":"https:\/\/swoer.com\/vi\/manufacturer\/vibratory-linear-feeder-xp-series\/","title":{"rendered":"B\u1ed9 n\u1ea1p tuy\u1ebfn t\u00ednh rung D\u00f2ng XP"},"content":{"rendered":"<h2>\u0110\u1eb7c tr\u01b0ng:<\/h2>\n<p><strong>1.<\/strong> Thi\u1ebft b\u1ecb truy\u1ec1n \u0111\u1ed9ng tuy\u1ebfn t\u00ednh c\u00f3 \u0111\u1ed9 ch\u00ednh x\u00e1c cao v\u00e0 thi\u1ebft b\u1ecb ch\u1ed1ng rung l\u00f2 xo l\u00e1 c\u00f3 kh\u1ea3 n\u0103ng h\u1ea5p th\u1ee5 l\u1ef1c ph\u1ea3n \u1ee9ng c\u1ee7a s\u00e1ng ch\u1ebf c\u00f3 \u0111\u1eb7c t\u00ednh t\u1ed1c \u0111\u1ed9 cao v\u00e0 \u1ed5n \u0111\u1ecbnh, \u0111\u1ed3ng th\u1eddi c\u00f3 th\u1ec3 \u0111\u1ea1t \u0111\u01b0\u1ee3c \u0111\u1eb7c t\u00ednh rung t\u1ed1t nh\u1ea5t theo \u0111i\u1ec1u ki\u1ec7n v\u1eadn chuy\u1ec3n nh\u1ecf. c\u00e1c b\u1ed9 ph\u1eadn.<\/p>\n<p><strong>2.<\/strong> C\u1ea3i thi\u1ec7n g\u00f3c l\u1eafp \u0111\u1eb7t c\u1ee7a l\u00f2 xo l\u00e1 \u0111\u1ec3 \u0111\u1ea1t \u0111\u01b0\u1ee3c t\u1ed1c \u0111\u1ed9 x\u1eed l\u00fd \u0111\u1ed3ng \u0111\u1ec1u t\u1eeb \u0111\u1ea7u v\u00e0o m\u00e1ng \u0111\u1ebfn \u0111\u1ea7u ra.<\/p>\n<p><strong>3.<\/strong> Lo\u1ea1i l\u00f2 xo l\u00e1 ch\u1ed1ng rung th\u00edch h\u1ee3p cho c\u00e1c b\u1ed9 ph\u1eadn nh\u1ecf, ph\u1eb3ng, t\u1ea5m v\u00e0 c\u00e1c b\u1ed9 ph\u1eadn ch\u00ednh x\u00e1c kh\u00e1c.<\/p>\n<p><strong>4.<\/strong> Gi\u1ea3m \u0111\u00e1ng k\u1ec3 ti\u1ebfng \u1ed3n c\u1ee7a b\u1ed9 c\u1ea5p li\u1ec7u tuy\u1ebfn t\u00ednh v\u00e0 ti\u1ebfng \u0111\u1eadp c\u1ee7a ph\u00f4i. Hi\u1ec7u qu\u1ea3 x\u1eed l\u00fd c\u1ee7a gi\u00e1 \u0111\u1ee1 ho\u1eb7c n\u1ec1n t\u1ea3ng c\u00f3 t\u1ed1c \u0111\u1ed9 cao v\u00e0 \u1ed5n \u0111\u1ecbnh.<\/p>\n<h2><b>SW-90XP<\/b><\/h2>\n\t<div class=\"img has-hover x md-x lg-x y md-y lg-y\" id=\"image_311258684\">\n\t\t\t\t\t\t\t\t<div class=\"img-inner dark\" >\n\t\t\t<img loading=\"lazy\" decoding=\"async\" width=\"802\" height=\"709\" src=\"https:\/\/swoer.com\/wp-content\/uploads\/2024\/05\/SW-90XP.webp\" class=\"attachment-original size-original\" alt=\"SW-90XP\" srcset=\"https:\/\/swoer.com\/wp-content\/uploads\/2024\/05\/SW-90XP.webp 802w, https:\/\/swoer.com\/wp-content\/uploads\/2024\/05\/SW-90XP-300x265.webp 300w, https:\/\/swoer.com\/wp-content\/uploads\/2024\/05\/SW-90XP-768x679.webp 768w, https:\/\/swoer.com\/wp-content\/uploads\/2024\/05\/SW-90XP-14x12.webp 14w, https:\/\/swoer.com\/wp-content\/uploads\/2024\/05\/SW-90XP-600x530.webp 600w\" sizes=\"(max-width: 802px) 100vw, 802px\" \/>\t\t\t\t\t\t\n\t\t\t\t\t<\/div>\n\t\t\t\t\t\t\t\t\n<style>\n#image_311258684 {\n  width: 100%;\n}\n<\/style>\n\t<\/div>\n\t\n\t<div id=\"gap-293008734\" class=\"gap-element clearfix\" style=\"display:block; height:auto;\">\n\t\t\n<style>\n#gap-293008734 {\n  padding-top: 30px;\n}\n<\/style>\n\t<\/div>\n\t\n<h2><b>SW-120XP<\/b><\/h2>\n\t<div class=\"img has-hover x md-x lg-x y md-y lg-y\" id=\"image_1259090515\">\n\t\t\t\t\t\t\t\t<div class=\"img-inner dark\" >\n\t\t\t<img loading=\"lazy\" decoding=\"async\" width=\"984\" height=\"687\" src=\"https:\/\/swoer.com\/wp-content\/uploads\/2024\/05\/SW-120XP.webp\" class=\"attachment-original size-original\" alt=\"\" srcset=\"https:\/\/swoer.com\/wp-content\/uploads\/2024\/05\/SW-120XP.webp 984w, https:\/\/swoer.com\/wp-content\/uploads\/2024\/05\/SW-120XP-300x209.webp 300w, https:\/\/swoer.com\/wp-content\/uploads\/2024\/05\/SW-120XP-768x536.webp 768w, https:\/\/swoer.com\/wp-content\/uploads\/2024\/05\/SW-120XP-18x12.webp 18w, https:\/\/swoer.com\/wp-content\/uploads\/2024\/05\/SW-120XP-600x419.webp 600w\" sizes=\"(max-width: 984px) 100vw, 984px\" \/>\t\t\t\t\t\t\n\t\t\t\t\t<\/div>\n\t\t\t\t\t\t\t\t\n<style>\n#image_1259090515 {\n  width: 100%;\n}\n<\/style>\n\t<\/div>","protected":false},"excerpt":{"rendered":"<p>B\u1ed9 c\u1ea5p tuy\u1ebfn t\u00ednh d\u00f2ng -XP c\u00f3 2 m\u1eabu:<br \/>\nSW-90XP<br \/>\nSW-120XP<\/p>","protected":false},"featured_media":2057,"comment_status":"open","ping_status":"closed","template":"","meta":[],"product_cat":[55],"product_tag":[],"yoast_head":"<!-- This site is optimized with the Yoast SEO plugin v22.2 - https:\/\/yoast.com\/wordpress\/plugins\/seo\/ -->\n<title>Vibratory Linear Feeder XP Series - SWOER<\/title>\n<meta name=\"robots\" content=\"index, follow, max-snippet:-1, max-image-preview:large, max-video-preview:-1\" \/>\n<link rel=\"canonical\" href=\"https:\/\/swoer.com\/vi\/manufacturer\/vibratory-linear-feeder-xp-series\/\" \/>\n<meta property=\"og:locale\" content=\"vi_VN\" \/>\n<meta property=\"og:type\" content=\"article\" \/>\n<meta property=\"og:title\" content=\"Vibratory Linear Feeder XP Series - SWOER\" \/>\n<meta property=\"og:description\" content=\"Linear feeder -XP series is available in 2 models: SW-90XP SW-120XP\" \/>\n<meta property=\"og:url\" content=\"https:\/\/swoer.com\/vi\/manufacturer\/vibratory-linear-feeder-xp-series\/\" \/>\n<meta property=\"og:site_name\" content=\"SWOER\" \/>\n<meta property=\"article:modified_time\" content=\"2024-05-11T07:37:10+00:00\" \/>\n<meta property=\"og:image\" content=\"https:\/\/swoer.com\/wp-content\/uploads\/2024\/05\/Vibratory-Linear-Feeder-XP-Series.webp\" \/>\n\t<meta property=\"og:image:width\" content=\"1000\" \/>\n\t<meta property=\"og:image:height\" content=\"1000\" \/>\n\t<meta property=\"og:image:type\" content=\"image\/webp\" \/>\n<meta name=\"twitter:card\" content=\"summary_large_image\" \/>\n<meta name=\"twitter:label1\" content=\"\u01af\u1edbc t\u00ednh th\u1eddi gian \u0111\u1ecdc\" \/>\n\t<meta name=\"twitter:data1\" content=\"1 ph\u00fat\" \/>\n<script type=\"application\/ld+json\" class=\"yoast-schema-graph\">{\"@context\":\"https:\/\/schema.org\",\"@graph\":[{\"@type\":\"WebPage\",\"@id\":\"https:\/\/swoer.com\/manufacturer\/vibratory-linear-feeder-xp-series\/\",\"url\":\"https:\/\/swoer.com\/manufacturer\/vibratory-linear-feeder-xp-series\/\",\"name\":\"Vibratory Linear Feeder XP Series - SWOER\",\"isPartOf\":{\"@id\":\"https:\/\/swoer.com\/#website\"},\"primaryImageOfPage\":{\"@id\":\"https:\/\/swoer.com\/manufacturer\/vibratory-linear-feeder-xp-series\/#primaryimage\"},\"image\":{\"@id\":\"https:\/\/swoer.com\/manufacturer\/vibratory-linear-feeder-xp-series\/#primaryimage\"},\"thumbnailUrl\":\"https:\/\/swoer.com\/wp-content\/uploads\/2024\/05\/Vibratory-Linear-Feeder-XP-Series.webp\",\"datePublished\":\"2024-05-10T08:41:03+00:00\",\"dateModified\":\"2024-05-11T07:37:10+00:00\",\"breadcrumb\":{\"@id\":\"https:\/\/swoer.com\/manufacturer\/vibratory-linear-feeder-xp-series\/#breadcrumb\"},\"inLanguage\":\"vi\",\"potentialAction\":[{\"@type\":\"ReadAction\",\"target\":[\"https:\/\/swoer.com\/manufacturer\/vibratory-linear-feeder-xp-series\/\"]}]},{\"@type\":\"ImageObject\",\"inLanguage\":\"vi\",\"@id\":\"https:\/\/swoer.com\/manufacturer\/vibratory-linear-feeder-xp-series\/#primaryimage\",\"url\":\"https:\/\/swoer.com\/wp-content\/uploads\/2024\/05\/Vibratory-Linear-Feeder-XP-Series.webp\",\"contentUrl\":\"https:\/\/swoer.com\/wp-content\/uploads\/2024\/05\/Vibratory-Linear-Feeder-XP-Series.webp\",\"width\":1000,\"height\":1000,\"caption\":\"Vibratory Linear Feeder XP Series\"},{\"@type\":\"BreadcrumbList\",\"@id\":\"https:\/\/swoer.com\/manufacturer\/vibratory-linear-feeder-xp-series\/#breadcrumb\",\"itemListElement\":[{\"@type\":\"ListItem\",\"position\":1,\"name\":\"Home\",\"item\":\"https:\/\/swoer.com\/\"},{\"@type\":\"ListItem\",\"position\":2,\"name\":\"Shop\",\"item\":\"https:\/\/swoer.com\/shop\/\"},{\"@type\":\"ListItem\",\"position\":3,\"name\":\"Vibratory Linear Feeder XP Series\"}]},{\"@type\":\"WebSite\",\"@id\":\"https:\/\/swoer.com\/#website\",\"url\":\"https:\/\/swoer.com\/\",\"name\":\"SWOER\",\"description\":\"Swoer is the top 3 vibratory bowl feeder manufacturer in China\",\"potentialAction\":[{\"@type\":\"SearchAction\",\"target\":{\"@type\":\"EntryPoint\",\"urlTemplate\":\"https:\/\/swoer.com\/?s={search_term_string}\"},\"query-input\":\"required name=search_term_string\"}],\"inLanguage\":\"vi\"}]}<\/script>\n<!-- \/ Yoast SEO plugin. -->","yoast_head_json":{"title":"Vibratory Linear Feeder XP Series - SWOER","robots":{"index":"index","follow":"follow","max-snippet":"max-snippet:-1","max-image-preview":"max-image-preview:large","max-video-preview":"max-video-preview:-1"},"canonical":"https:\/\/swoer.com\/vi\/manufacturer\/vibratory-linear-feeder-xp-series\/","og_locale":"vi_VN","og_type":"article","og_title":"Vibratory Linear Feeder XP Series - SWOER","og_description":"Linear feeder -XP series is available in 2 models: SW-90XP SW-120XP","og_url":"https:\/\/swoer.com\/vi\/manufacturer\/vibratory-linear-feeder-xp-series\/","og_site_name":"SWOER","article_modified_time":"2024-05-11T07:37:10+00:00","og_image":[{"width":1000,"height":1000,"url":"https:\/\/swoer.com\/wp-content\/uploads\/2024\/05\/Vibratory-Linear-Feeder-XP-Series.webp","type":"image\/webp"}],"twitter_card":"summary_large_image","twitter_misc":{"\u01af\u1edbc t\u00ednh th\u1eddi gian \u0111\u1ecdc":"1 ph\u00fat"},"schema":{"@context":"https:\/\/schema.org","@graph":[{"@type":"WebPage","@id":"https:\/\/swoer.com\/manufacturer\/vibratory-linear-feeder-xp-series\/","url":"https:\/\/swoer.com\/manufacturer\/vibratory-linear-feeder-xp-series\/","name":"Vibratory Linear Feeder XP Series - SWOER","isPartOf":{"@id":"https:\/\/swoer.com\/#website"},"primaryImageOfPage":{"@id":"https:\/\/swoer.com\/manufacturer\/vibratory-linear-feeder-xp-series\/#primaryimage"},"image":{"@id":"https:\/\/swoer.com\/manufacturer\/vibratory-linear-feeder-xp-series\/#primaryimage"},"thumbnailUrl":"https:\/\/swoer.com\/wp-content\/uploads\/2024\/05\/Vibratory-Linear-Feeder-XP-Series.webp","datePublished":"2024-05-10T08:41:03+00:00","dateModified":"2024-05-11T07:37:10+00:00","breadcrumb":{"@id":"https:\/\/swoer.com\/manufacturer\/vibratory-linear-feeder-xp-series\/#breadcrumb"},"inLanguage":"vi","potentialAction":[{"@type":"ReadAction","target":["https:\/\/swoer.com\/manufacturer\/vibratory-linear-feeder-xp-series\/"]}]},{"@type":"ImageObject","inLanguage":"vi","@id":"https:\/\/swoer.com\/manufacturer\/vibratory-linear-feeder-xp-series\/#primaryimage","url":"https:\/\/swoer.com\/wp-content\/uploads\/2024\/05\/Vibratory-Linear-Feeder-XP-Series.webp","contentUrl":"https:\/\/swoer.com\/wp-content\/uploads\/2024\/05\/Vibratory-Linear-Feeder-XP-Series.webp","width":1000,"height":1000,"caption":"Vibratory Linear Feeder XP Series"},{"@type":"BreadcrumbList","@id":"https:\/\/swoer.com\/manufacturer\/vibratory-linear-feeder-xp-series\/#breadcrumb","itemListElement":[{"@type":"ListItem","position":1,"name":"Home","item":"https:\/\/swoer.com\/"},{"@type":"ListItem","position":2,"name":"Shop","item":"https:\/\/swoer.com\/shop\/"},{"@type":"ListItem","position":3,"name":"Vibratory Linear Feeder XP Series"}]},{"@type":"WebSite","@id":"https:\/\/swoer.com\/#website","url":"https:\/\/swoer.com\/","name":"SWOER","description":"Swoer is the top 3 vibratory bowl feeder manufacturer in China","potentialAction":[{"@type":"SearchAction","target":{"@type":"EntryPoint","urlTemplate":"https:\/\/swoer.com\/?s={search_term_string}"},"query-input":"required name=search_term_string"}],"inLanguage":"vi"}]}},"_links":{"self":[{"href":"https:\/\/swoer.com\/vi\/wp-json\/wp\/v2\/product\/2056"}],"collection":[{"href":"https:\/\/swoer.com\/vi\/wp-json\/wp\/v2\/product"}],"about":[{"href":"https:\/\/swoer.com\/vi\/wp-json\/wp\/v2\/types\/product"}],"replies":[{"embeddable":true,"href":"https:\/\/swoer.com\/vi\/wp-json\/wp\/v2\/comments?post=2056"}],"wp:featuredmedia":[{"embeddable":true,"href":"https:\/\/swoer.com\/vi\/wp-json\/wp\/v2\/media\/2057"}],"wp:attachment":[{"href":"https:\/\/swoer.com\/vi\/wp-json\/wp\/v2\/media?parent=2056"}],"wp:term":[{"taxonomy":"product_cat","embeddable":true,"href":"https:\/\/swoer.com\/vi\/wp-json\/wp\/v2\/product_cat?post=2056"},{"taxonomy":"product_tag","embeddable":true,"href":"https:\/\/swoer.com\/vi\/wp-json\/wp\/v2\/product_tag?post=2056"}],"curies":[{"name":"wp","href":"https:\/\/api.w.org\/{rel}","templated":true}]}}