{"id":2045,"date":"2024-05-09T02:55:57","date_gmt":"2024-05-09T02:55:57","guid":{"rendered":"https:\/\/swoer.com\/?post_type=product&#038;p=2045"},"modified":"2024-05-09T03:02:45","modified_gmt":"2024-05-09T03:02:45","slug":"vibratory-linear-feeder-pz-series","status":"publish","type":"product","link":"https:\/\/swoer.com\/vi\/manufacturer\/vibratory-linear-feeder-pz-series\/","title":{"rendered":"B\u1ed9 c\u1ea5p li\u1ec7u tuy\u1ebfn t\u00ednh rung d\u00f2ng PZ"},"content":{"rendered":"<h2>\u0110\u1eb7c tr\u01b0ng:<\/h2>\n<ol>\n<li>\u00a0B\u1ec1 m\u1eb7t b\u00ean ngo\u00e0i \u0111\u00e3 \u0111\u01b0\u1ee3c anod h\u00f3a ho\u1eb7c nung \u1edf nhi\u1ec7t \u0111\u1ed9 cao, mang l\u1ea1i v\u1ebb ngo\u00e0i cao c\u1ea5p v\u00e0 \u0111\u1eb9p m\u1eaft.<\/li>\n<li>\u00a0D\u1ec5 v\u1eadn h\u00e0nh, b\u1ea5t k\u1ef3 ai c\u0169ng c\u00f3 th\u1ec3 d\u1ec5 d\u00e0ng \u0111i\u1ec1u ch\u1ec9nh ho\u1ea1t \u0111\u1ed9ng kh\u00f4ng \u0111\u1ed3ng \u0111\u1ec1u mi\u1ec5n l\u00e0 v\u1ecb tr\u00ed c\u1ee7a kh\u1ed1i c\u00e2n b\u1eb1ng ph\u00eda sau \u0111\u01b0\u1ee3c \u0111i\u1ec1u ch\u1ec9nh.<\/li>\n<li>V\u00e0 c\u00f3 \u00edt rung \u0111\u1ed9ng ngang h\u01a1n, v\u00e0 h\u1ea7u nh\u01b0 kh\u00f4ng c\u00f3 rung \u0111\u1ed9ng n\u00e0o c\u1ea3n tr\u1edf b\u1ed9 ph\u1eadn n\u1ea1p b\u1ed9 ph\u1eadn. V\u00ec v\u1eady, r\u1ea5t d\u1ec5 d\u00e0ng t\u00edch h\u1ee3p v\u1edbi b\u1ed9 ph\u1eadn n\u1ea1p linh ki\u1ec7n.<\/li>\n<li>T\u0103ng tr\u1ecdng l\u01b0\u1ee3ng \u0111\u1ec3 ph\u00f9 h\u1ee3p v\u1edbi \u0111\u01b0\u1eddng rung tr\u1ef1c ti\u1ebfp d\u00e0i h\u01a1n \u0111\u1ed3ng th\u1eddi t\u0103ng tr\u1ecdng l\u01b0\u1ee3ng<\/li>\n<li>Thi\u1ebft k\u1ebf k\u1ebft c\u1ea5u tr\u1ecdng l\u01b0\u1ee3ng v\u00e0 c\u01a1 ch\u1ebf gi\u1ea3m ch\u1ea5n. Khi chuy\u1ec3n ph\u00f4i l\u1edbn ho\u1eb7c khi ray d\u1eabn h\u01b0\u1edbng k\u00e9o d\u00e0i qu\u00e1 d\u00e0i, c\u00f3 th\u1ec3 \u0111\u1ea1t \u0111\u01b0\u1ee3c y\u00eau c\u1ea7u v\u1ec1 t\u1ed1c \u0111\u1ed9 cao v\u00e0 truy\u1ec1n tr\u01a1n tru th\u00f4ng qua vi\u1ec7c \u0111i\u1ec1u ch\u1ec9nh.<\/li>\n<\/ol>\n<h3>SW-100PZ<\/h3>\n\t<div class=\"img has-hover x md-x lg-x y md-y lg-y\" id=\"image_1633360106\">\n\t\t\t\t\t\t\t\t<div class=\"img-inner dark\" >\n\t\t\t<img loading=\"lazy\" decoding=\"async\" width=\"901\" height=\"659\" src=\"https:\/\/swoer.com\/wp-content\/uploads\/2024\/05\/SW-100PZ.webp\" class=\"attachment-original size-original\" alt=\"SW-100PZ\" srcset=\"https:\/\/swoer.com\/wp-content\/uploads\/2024\/05\/SW-100PZ.webp 901w, https:\/\/swoer.com\/wp-content\/uploads\/2024\/05\/SW-100PZ-300x219.webp 300w, https:\/\/swoer.com\/wp-content\/uploads\/2024\/05\/SW-100PZ-768x562.webp 768w, https:\/\/swoer.com\/wp-content\/uploads\/2024\/05\/SW-100PZ-16x12.webp 16w, https:\/\/swoer.com\/wp-content\/uploads\/2024\/05\/SW-100PZ-600x439.webp 600w\" sizes=\"(max-width: 901px) 100vw, 901px\" \/>\t\t\t\t\t\t\n\t\t\t\t\t<\/div>\n\t\t\t\t\t\t\t\t\n<style>\n#image_1633360106 {\n  width: 100%;\n}\n<\/style>\n\t<\/div>\n\t\n<h3>SW-140PZ<\/h3>\n\t<div class=\"img has-hover x md-x lg-x y md-y lg-y\" id=\"image_1163952666\">\n\t\t\t\t\t\t\t\t<div class=\"img-inner dark\" >\n\t\t\t<img loading=\"lazy\" decoding=\"async\" width=\"967\" height=\"676\" src=\"https:\/\/swoer.com\/wp-content\/uploads\/2024\/05\/SW-140PZ.webp\" class=\"attachment-original size-original\" alt=\"\" srcset=\"https:\/\/swoer.com\/wp-content\/uploads\/2024\/05\/SW-140PZ.webp 967w, https:\/\/swoer.com\/wp-content\/uploads\/2024\/05\/SW-140PZ-300x210.webp 300w, https:\/\/swoer.com\/wp-content\/uploads\/2024\/05\/SW-140PZ-768x537.webp 768w, https:\/\/swoer.com\/wp-content\/uploads\/2024\/05\/SW-140PZ-18x12.webp 18w, https:\/\/swoer.com\/wp-content\/uploads\/2024\/05\/SW-140PZ-600x419.webp 600w\" sizes=\"(max-width: 967px) 100vw, 967px\" \/>\t\t\t\t\t\t\n\t\t\t\t\t<\/div>\n\t\t\t\t\t\t\t\t\n<style>\n#image_1163952666 {\n  width: 100%;\n}\n<\/style>\n\t<\/div>\n\t\n<h3>SW-160PZ<\/h3>\n\t<div class=\"img has-hover x md-x lg-x y md-y lg-y\" id=\"image_685632122\">\n\t\t\t\t\t\t\t\t<div class=\"img-inner dark\" >\n\t\t\t<img loading=\"lazy\" decoding=\"async\" width=\"958\" height=\"681\" src=\"https:\/\/swoer.com\/wp-content\/uploads\/2024\/05\/SW-160PZ.webp\" class=\"attachment-original size-original\" alt=\"SW-160PZ\" srcset=\"https:\/\/swoer.com\/wp-content\/uploads\/2024\/05\/SW-160PZ.webp 958w, https:\/\/swoer.com\/wp-content\/uploads\/2024\/05\/SW-160PZ-300x213.webp 300w, https:\/\/swoer.com\/wp-content\/uploads\/2024\/05\/SW-160PZ-768x546.webp 768w, https:\/\/swoer.com\/wp-content\/uploads\/2024\/05\/SW-160PZ-18x12.webp 18w, https:\/\/swoer.com\/wp-content\/uploads\/2024\/05\/SW-160PZ-600x427.webp 600w\" sizes=\"(max-width: 958px) 100vw, 958px\" \/>\t\t\t\t\t\t\n\t\t\t\t\t<\/div>\n\t\t\t\t\t\t\t\t\n<style>\n#image_685632122 {\n  width: 100%;\n}\n<\/style>\n\t<\/div>\n\t\n<h3>SW-190PZ<\/h3>\n\t<div class=\"img has-hover x md-x lg-x y md-y lg-y\" id=\"image_1711477293\">\n\t\t\t\t\t\t\t\t<div class=\"img-inner dark\" >\n\t\t\t<img loading=\"lazy\" decoding=\"async\" width=\"1060\" height=\"693\" src=\"https:\/\/swoer.com\/wp-content\/uploads\/2024\/05\/SW-190PZ.webp\" class=\"attachment-original size-original\" alt=\"SW-190PZ\" srcset=\"https:\/\/swoer.com\/wp-content\/uploads\/2024\/05\/SW-190PZ.webp 1060w, https:\/\/swoer.com\/wp-content\/uploads\/2024\/05\/SW-190PZ-300x196.webp 300w, https:\/\/swoer.com\/wp-content\/uploads\/2024\/05\/SW-190PZ-1024x669.webp 1024w, https:\/\/swoer.com\/wp-content\/uploads\/2024\/05\/SW-190PZ-768x502.webp 768w, https:\/\/swoer.com\/wp-content\/uploads\/2024\/05\/SW-190PZ-18x12.webp 18w, https:\/\/swoer.com\/wp-content\/uploads\/2024\/05\/SW-190PZ-600x392.webp 600w\" sizes=\"(max-width: 1060px) 100vw, 1060px\" \/>\t\t\t\t\t\t\n\t\t\t\t\t<\/div>\n\t\t\t\t\t\t\t\t\n<style>\n#image_1711477293 {\n  width: 100%;\n}\n<\/style>\n\t<\/div>\n\t\n<h3>SW-200PZ<\/h3>\n\t<div class=\"img has-hover x md-x lg-x y md-y lg-y\" id=\"image_1612100128\">\n\t\t\t\t\t\t\t\t<div class=\"img-inner dark\" >\n\t\t\t<img loading=\"lazy\" decoding=\"async\" width=\"929\" height=\"705\" src=\"https:\/\/swoer.com\/wp-content\/uploads\/2024\/05\/SW-200PZ.webp\" class=\"attachment-original size-original\" alt=\"SW-200PZ\" srcset=\"https:\/\/swoer.com\/wp-content\/uploads\/2024\/05\/SW-200PZ.webp 929w, https:\/\/swoer.com\/wp-content\/uploads\/2024\/05\/SW-200PZ-300x228.webp 300w, https:\/\/swoer.com\/wp-content\/uploads\/2024\/05\/SW-200PZ-768x583.webp 768w, https:\/\/swoer.com\/wp-content\/uploads\/2024\/05\/SW-200PZ-16x12.webp 16w, https:\/\/swoer.com\/wp-content\/uploads\/2024\/05\/SW-200PZ-600x455.webp 600w\" sizes=\"(max-width: 929px) 100vw, 929px\" \/>\t\t\t\t\t\t\n\t\t\t\t\t<\/div>\n\t\t\t\t\t\t\t\t\n<style>\n#image_1612100128 {\n  width: 100%;\n}\n<\/style>\n\t<\/div>\n\t\n<h3>SW-300PZ<\/h3>\n\t<div class=\"img has-hover x md-x lg-x y md-y lg-y\" id=\"image_1005742196\">\n\t\t\t\t\t\t\t\t<div class=\"img-inner dark\" >\n\t\t\t<img loading=\"lazy\" decoding=\"async\" width=\"927\" height=\"690\" src=\"https:\/\/swoer.com\/wp-content\/uploads\/2024\/05\/SW-300PZ.webp\" class=\"attachment-original size-original\" alt=\"\" srcset=\"https:\/\/swoer.com\/wp-content\/uploads\/2024\/05\/SW-300PZ.webp 927w, https:\/\/swoer.com\/wp-content\/uploads\/2024\/05\/SW-300PZ-300x223.webp 300w, https:\/\/swoer.com\/wp-content\/uploads\/2024\/05\/SW-300PZ-768x572.webp 768w, https:\/\/swoer.com\/wp-content\/uploads\/2024\/05\/SW-300PZ-16x12.webp 16w, https:\/\/swoer.com\/wp-content\/uploads\/2024\/05\/SW-300PZ-600x447.webp 600w\" sizes=\"(max-width: 927px) 100vw, 927px\" \/>\t\t\t\t\t\t\n\t\t\t\t\t<\/div>\n\t\t\t\t\t\t\t\t\n<style>\n#image_1005742196 {\n  width: 100%;\n}\n<\/style>\n\t<\/div>","protected":false},"excerpt":{"rendered":"<p>D\u00f2ng pz c\u1ea5p li\u1ec7u tuy\u1ebfn t\u00ednh rung c\u00f3 s\u1eb5n 6 m\u1eabu:<br \/>\nSW-100PZ<br \/>\nSW-140PZ<br \/>\nSW-160PZ<br \/>\nSW-190PZ<br \/>\nSW-200PZ<br \/>\nSW-300PZ<\/p>","protected":false},"featured_media":2046,"comment_status":"open","ping_status":"closed","template":"","meta":[],"product_cat":[55],"product_tag":[],"yoast_head":"<!-- This site is optimized with the Yoast SEO plugin v22.2 - https:\/\/yoast.com\/wordpress\/plugins\/seo\/ -->\n<title>Vibratory Linear Feeder PZ Series - SWOER<\/title>\n<meta name=\"robots\" content=\"index, follow, max-snippet:-1, max-image-preview:large, max-video-preview:-1\" \/>\n<link rel=\"canonical\" href=\"https:\/\/swoer.com\/vi\/manufacturer\/vibratory-linear-feeder-pz-series\/\" \/>\n<meta property=\"og:locale\" content=\"vi_VN\" \/>\n<meta property=\"og:type\" content=\"article\" \/>\n<meta property=\"og:title\" content=\"Vibratory Linear Feeder PZ Series - SWOER\" \/>\n<meta property=\"og:description\" content=\"Vibratory linear feeder pz series is available in 6 models: SW-100PZ SW-140PZ SW-160PZ SW-190PZ SW-200PZ SW-300PZ\" \/>\n<meta property=\"og:url\" content=\"https:\/\/swoer.com\/vi\/manufacturer\/vibratory-linear-feeder-pz-series\/\" \/>\n<meta property=\"og:site_name\" content=\"SWOER\" \/>\n<meta property=\"article:modified_time\" content=\"2024-05-09T03:02:45+00:00\" \/>\n<meta property=\"og:image\" content=\"https:\/\/swoer.com\/wp-content\/uploads\/2024\/05\/vibratory-linear-feeder-pz-series.webp\" \/>\n\t<meta property=\"og:image:width\" content=\"1000\" \/>\n\t<meta property=\"og:image:height\" content=\"1000\" \/>\n\t<meta property=\"og:image:type\" content=\"image\/webp\" \/>\n<meta name=\"twitter:card\" content=\"summary_large_image\" \/>\n<meta name=\"twitter:label1\" content=\"\u01af\u1edbc t\u00ednh th\u1eddi gian \u0111\u1ecdc\" \/>\n\t<meta name=\"twitter:data1\" content=\"1 ph\u00fat\" \/>\n<script type=\"application\/ld+json\" class=\"yoast-schema-graph\">{\"@context\":\"https:\/\/schema.org\",\"@graph\":[{\"@type\":\"WebPage\",\"@id\":\"https:\/\/swoer.com\/manufacturer\/vibratory-linear-feeder-pz-series\/\",\"url\":\"https:\/\/swoer.com\/manufacturer\/vibratory-linear-feeder-pz-series\/\",\"name\":\"Vibratory Linear Feeder PZ Series - SWOER\",\"isPartOf\":{\"@id\":\"https:\/\/swoer.com\/#website\"},\"primaryImageOfPage\":{\"@id\":\"https:\/\/swoer.com\/manufacturer\/vibratory-linear-feeder-pz-series\/#primaryimage\"},\"image\":{\"@id\":\"https:\/\/swoer.com\/manufacturer\/vibratory-linear-feeder-pz-series\/#primaryimage\"},\"thumbnailUrl\":\"https:\/\/swoer.com\/wp-content\/uploads\/2024\/05\/vibratory-linear-feeder-pz-series.webp\",\"datePublished\":\"2024-05-09T02:55:57+00:00\",\"dateModified\":\"2024-05-09T03:02:45+00:00\",\"breadcrumb\":{\"@id\":\"https:\/\/swoer.com\/manufacturer\/vibratory-linear-feeder-pz-series\/#breadcrumb\"},\"inLanguage\":\"vi\",\"potentialAction\":[{\"@type\":\"ReadAction\",\"target\":[\"https:\/\/swoer.com\/manufacturer\/vibratory-linear-feeder-pz-series\/\"]}]},{\"@type\":\"ImageObject\",\"inLanguage\":\"vi\",\"@id\":\"https:\/\/swoer.com\/manufacturer\/vibratory-linear-feeder-pz-series\/#primaryimage\",\"url\":\"https:\/\/swoer.com\/wp-content\/uploads\/2024\/05\/vibratory-linear-feeder-pz-series.webp\",\"contentUrl\":\"https:\/\/swoer.com\/wp-content\/uploads\/2024\/05\/vibratory-linear-feeder-pz-series.webp\",\"width\":1000,\"height\":1000,\"caption\":\"vibratory linear feeder pz series\"},{\"@type\":\"BreadcrumbList\",\"@id\":\"https:\/\/swoer.com\/manufacturer\/vibratory-linear-feeder-pz-series\/#breadcrumb\",\"itemListElement\":[{\"@type\":\"ListItem\",\"position\":1,\"name\":\"Home\",\"item\":\"https:\/\/swoer.com\/\"},{\"@type\":\"ListItem\",\"position\":2,\"name\":\"Shop\",\"item\":\"https:\/\/swoer.com\/shop\/\"},{\"@type\":\"ListItem\",\"position\":3,\"name\":\"Vibratory Linear Feeder PZ Series\"}]},{\"@type\":\"WebSite\",\"@id\":\"https:\/\/swoer.com\/#website\",\"url\":\"https:\/\/swoer.com\/\",\"name\":\"SWOER\",\"description\":\"Swoer is the top 3 vibratory bowl feeder manufacturer in China\",\"potentialAction\":[{\"@type\":\"SearchAction\",\"target\":{\"@type\":\"EntryPoint\",\"urlTemplate\":\"https:\/\/swoer.com\/?s={search_term_string}\"},\"query-input\":\"required name=search_term_string\"}],\"inLanguage\":\"vi\"}]}<\/script>\n<!-- \/ Yoast SEO plugin. -->","yoast_head_json":{"title":"Vibratory Linear Feeder PZ Series - SWOER","robots":{"index":"index","follow":"follow","max-snippet":"max-snippet:-1","max-image-preview":"max-image-preview:large","max-video-preview":"max-video-preview:-1"},"canonical":"https:\/\/swoer.com\/vi\/manufacturer\/vibratory-linear-feeder-pz-series\/","og_locale":"vi_VN","og_type":"article","og_title":"Vibratory Linear Feeder PZ Series - SWOER","og_description":"Vibratory linear feeder pz series is available in 6 models: SW-100PZ SW-140PZ SW-160PZ SW-190PZ SW-200PZ SW-300PZ","og_url":"https:\/\/swoer.com\/vi\/manufacturer\/vibratory-linear-feeder-pz-series\/","og_site_name":"SWOER","article_modified_time":"2024-05-09T03:02:45+00:00","og_image":[{"width":1000,"height":1000,"url":"https:\/\/swoer.com\/wp-content\/uploads\/2024\/05\/vibratory-linear-feeder-pz-series.webp","type":"image\/webp"}],"twitter_card":"summary_large_image","twitter_misc":{"\u01af\u1edbc t\u00ednh th\u1eddi gian \u0111\u1ecdc":"1 ph\u00fat"},"schema":{"@context":"https:\/\/schema.org","@graph":[{"@type":"WebPage","@id":"https:\/\/swoer.com\/manufacturer\/vibratory-linear-feeder-pz-series\/","url":"https:\/\/swoer.com\/manufacturer\/vibratory-linear-feeder-pz-series\/","name":"Vibratory Linear Feeder PZ Series - SWOER","isPartOf":{"@id":"https:\/\/swoer.com\/#website"},"primaryImageOfPage":{"@id":"https:\/\/swoer.com\/manufacturer\/vibratory-linear-feeder-pz-series\/#primaryimage"},"image":{"@id":"https:\/\/swoer.com\/manufacturer\/vibratory-linear-feeder-pz-series\/#primaryimage"},"thumbnailUrl":"https:\/\/swoer.com\/wp-content\/uploads\/2024\/05\/vibratory-linear-feeder-pz-series.webp","datePublished":"2024-05-09T02:55:57+00:00","dateModified":"2024-05-09T03:02:45+00:00","breadcrumb":{"@id":"https:\/\/swoer.com\/manufacturer\/vibratory-linear-feeder-pz-series\/#breadcrumb"},"inLanguage":"vi","potentialAction":[{"@type":"ReadAction","target":["https:\/\/swoer.com\/manufacturer\/vibratory-linear-feeder-pz-series\/"]}]},{"@type":"ImageObject","inLanguage":"vi","@id":"https:\/\/swoer.com\/manufacturer\/vibratory-linear-feeder-pz-series\/#primaryimage","url":"https:\/\/swoer.com\/wp-content\/uploads\/2024\/05\/vibratory-linear-feeder-pz-series.webp","contentUrl":"https:\/\/swoer.com\/wp-content\/uploads\/2024\/05\/vibratory-linear-feeder-pz-series.webp","width":1000,"height":1000,"caption":"vibratory linear feeder pz series"},{"@type":"BreadcrumbList","@id":"https:\/\/swoer.com\/manufacturer\/vibratory-linear-feeder-pz-series\/#breadcrumb","itemListElement":[{"@type":"ListItem","position":1,"name":"Home","item":"https:\/\/swoer.com\/"},{"@type":"ListItem","position":2,"name":"Shop","item":"https:\/\/swoer.com\/shop\/"},{"@type":"ListItem","position":3,"name":"Vibratory Linear Feeder PZ Series"}]},{"@type":"WebSite","@id":"https:\/\/swoer.com\/#website","url":"https:\/\/swoer.com\/","name":"SWOER","description":"Swoer is the top 3 vibratory bowl feeder manufacturer in China","potentialAction":[{"@type":"SearchAction","target":{"@type":"EntryPoint","urlTemplate":"https:\/\/swoer.com\/?s={search_term_string}"},"query-input":"required name=search_term_string"}],"inLanguage":"vi"}]}},"_links":{"self":[{"href":"https:\/\/swoer.com\/vi\/wp-json\/wp\/v2\/product\/2045"}],"collection":[{"href":"https:\/\/swoer.com\/vi\/wp-json\/wp\/v2\/product"}],"about":[{"href":"https:\/\/swoer.com\/vi\/wp-json\/wp\/v2\/types\/product"}],"replies":[{"embeddable":true,"href":"https:\/\/swoer.com\/vi\/wp-json\/wp\/v2\/comments?post=2045"}],"wp:featuredmedia":[{"embeddable":true,"href":"https:\/\/swoer.com\/vi\/wp-json\/wp\/v2\/media\/2046"}],"wp:attachment":[{"href":"https:\/\/swoer.com\/vi\/wp-json\/wp\/v2\/media?parent=2045"}],"wp:term":[{"taxonomy":"product_cat","embeddable":true,"href":"https:\/\/swoer.com\/vi\/wp-json\/wp\/v2\/product_cat?post=2045"},{"taxonomy":"product_tag","embeddable":true,"href":"https:\/\/swoer.com\/vi\/wp-json\/wp\/v2\/product_tag?post=2045"}],"curies":[{"name":"wp","href":"https:\/\/api.w.org\/{rel}","templated":true}]}}