{"id":2041,"date":"2024-05-08T08:52:05","date_gmt":"2024-05-08T08:52:05","guid":{"rendered":"https:\/\/swoer.com\/?post_type=product&#038;p=2041"},"modified":"2024-05-08T09:22:26","modified_gmt":"2024-05-08T09:22:26","slug":"vibratory-linear-feeder-jm-series","status":"publish","type":"product","link":"https:\/\/swoer.com\/vi\/manufacturer\/vibratory-linear-feeder-jm-series\/","title":{"rendered":"B\u1ed9 n\u1ea1p tuy\u1ebfn t\u00ednh rung d\u00f2ng JM"},"content":{"rendered":"<h2>\u0110\u1eb7c tr\u01b0ng:<\/h2>\n<p>1. S\u1eed d\u1ee5ng gi\u1ea3m ch\u1ea5n l\u00f2 xo l\u00e1 \u0111\u1ec3 gi\u1ea3m ph\u1ea3n l\u1ef1c \u1edf ph\u00eda d\u01b0\u1edbi.<br \/>2. C\u1ea5p ph\u00f4i c\u00f3 \u0111\u1ed9 ph\u00e2n gi\u1ea3i cao cho ph\u00f4i v\u1eeba v\u00e0 nh\u1ecf.<br \/>3. \u0110\u1ed9 rung m\u01b0\u1ee3t m\u00e0 v\u00e0 h\u1ea7u nh\u01b0 kh\u00f4ng c\u00f3 s\u1ef1 can thi\u1ec7p v\u00e0o \u0111\u1ed9 rung tr\u00f2n.<br \/>4. Chi\u1ec1u d\u00e0i \u0111\u01b0\u1eddng ray kho\u1ea3ng 300 \u0111\u1ebfn 550 mm v\u00e0 c\u00f3 nhi\u1ec1u \u1ee9ng d\u1ee5ng.<\/p>\n<h3><b>SW-100JM<\/b><\/h3>\n\t<div class=\"img has-hover x md-x lg-x y md-y lg-y\" id=\"image_259862475\">\n\t\t\t\t\t\t\t\t<div class=\"img-inner dark\" >\n\t\t\t<img loading=\"lazy\" decoding=\"async\" width=\"821\" height=\"669\" src=\"https:\/\/swoer.com\/wp-content\/uploads\/2024\/05\/SW-100JM.webp\" class=\"attachment-original size-original\" alt=\"SW-100JM\" srcset=\"https:\/\/swoer.com\/wp-content\/uploads\/2024\/05\/SW-100JM.webp 821w, https:\/\/swoer.com\/wp-content\/uploads\/2024\/05\/SW-100JM-300x244.webp 300w, https:\/\/swoer.com\/wp-content\/uploads\/2024\/05\/SW-100JM-768x626.webp 768w, https:\/\/swoer.com\/wp-content\/uploads\/2024\/05\/SW-100JM-15x12.webp 15w, https:\/\/swoer.com\/wp-content\/uploads\/2024\/05\/SW-100JM-600x489.webp 600w\" sizes=\"(max-width: 821px) 100vw, 821px\" \/>\t\t\t\t\t\t\n\t\t\t\t\t<\/div>\n\t\t\t\t\t\t\t\t\n<style>\n#image_259862475 {\n  width: 100%;\n}\n<\/style>\n\t<\/div>\n\t\n<h3><b>SW-140JM<\/b><\/h3>\n\t<div class=\"img has-hover x md-x lg-x y md-y lg-y\" id=\"image_1524853392\">\n\t\t\t\t\t\t\t\t<div class=\"img-inner dark\" >\n\t\t\t<img loading=\"lazy\" decoding=\"async\" width=\"862\" height=\"668\" src=\"https:\/\/swoer.com\/wp-content\/uploads\/2024\/05\/SW-140JM.webp\" class=\"attachment-original size-original\" alt=\"SW-140JM\" srcset=\"https:\/\/swoer.com\/wp-content\/uploads\/2024\/05\/SW-140JM.webp 862w, https:\/\/swoer.com\/wp-content\/uploads\/2024\/05\/SW-140JM-300x232.webp 300w, https:\/\/swoer.com\/wp-content\/uploads\/2024\/05\/SW-140JM-768x595.webp 768w, https:\/\/swoer.com\/wp-content\/uploads\/2024\/05\/SW-140JM-15x12.webp 15w, https:\/\/swoer.com\/wp-content\/uploads\/2024\/05\/SW-140JM-600x465.webp 600w\" sizes=\"(max-width: 862px) 100vw, 862px\" \/>\t\t\t\t\t\t\n\t\t\t\t\t<\/div>\n\t\t\t\t\t\t\t\t\n<style>\n#image_1524853392 {\n  width: 100%;\n}\n<\/style>\n\t<\/div>","protected":false},"excerpt":{"rendered":"<p>B\u1ed9 c\u1ea5p tuy\u1ebfn t\u00ednh d\u00f2ng -JM c\u00f3 hai ki\u1ec3u:<br \/>\nSW-100JM<br \/>\nSW-140JM<\/p>","protected":false},"featured_media":2042,"comment_status":"open","ping_status":"closed","template":"","meta":[],"product_cat":[55],"product_tag":[],"yoast_head":"<!-- This site is optimized with the Yoast SEO plugin v22.2 - https:\/\/yoast.com\/wordpress\/plugins\/seo\/ -->\n<title>Vibratory Linear Feeder JM Series - SWOER<\/title>\n<meta name=\"robots\" content=\"index, follow, max-snippet:-1, max-image-preview:large, max-video-preview:-1\" \/>\n<link rel=\"canonical\" href=\"https:\/\/swoer.com\/vi\/manufacturer\/vibratory-linear-feeder-jm-series\/\" \/>\n<meta property=\"og:locale\" content=\"vi_VN\" \/>\n<meta property=\"og:type\" content=\"article\" \/>\n<meta property=\"og:title\" content=\"Vibratory Linear Feeder JM Series - SWOER\" \/>\n<meta property=\"og:description\" content=\"Linear feeder -JM series is available in two models: SW-100JM SW-140JM\" \/>\n<meta property=\"og:url\" content=\"https:\/\/swoer.com\/vi\/manufacturer\/vibratory-linear-feeder-jm-series\/\" \/>\n<meta property=\"og:site_name\" content=\"SWOER\" \/>\n<meta property=\"article:modified_time\" content=\"2024-05-08T09:22:26+00:00\" \/>\n<meta property=\"og:image\" content=\"https:\/\/swoer.com\/wp-content\/uploads\/2024\/05\/Vibratory-Linear-Feeder-JM-Series.webp\" \/>\n\t<meta property=\"og:image:width\" content=\"1000\" \/>\n\t<meta property=\"og:image:height\" content=\"1000\" \/>\n\t<meta property=\"og:image:type\" content=\"image\/webp\" \/>\n<meta name=\"twitter:card\" content=\"summary_large_image\" \/>\n<meta name=\"twitter:label1\" content=\"\u01af\u1edbc t\u00ednh th\u1eddi gian \u0111\u1ecdc\" \/>\n\t<meta name=\"twitter:data1\" content=\"1 ph\u00fat\" \/>\n<script type=\"application\/ld+json\" class=\"yoast-schema-graph\">{\"@context\":\"https:\/\/schema.org\",\"@graph\":[{\"@type\":\"WebPage\",\"@id\":\"https:\/\/swoer.com\/manufacturer\/vibratory-linear-feeder-jm-series\/\",\"url\":\"https:\/\/swoer.com\/manufacturer\/vibratory-linear-feeder-jm-series\/\",\"name\":\"Vibratory Linear Feeder JM Series - SWOER\",\"isPartOf\":{\"@id\":\"https:\/\/swoer.com\/#website\"},\"primaryImageOfPage\":{\"@id\":\"https:\/\/swoer.com\/manufacturer\/vibratory-linear-feeder-jm-series\/#primaryimage\"},\"image\":{\"@id\":\"https:\/\/swoer.com\/manufacturer\/vibratory-linear-feeder-jm-series\/#primaryimage\"},\"thumbnailUrl\":\"https:\/\/swoer.com\/wp-content\/uploads\/2024\/05\/Vibratory-Linear-Feeder-JM-Series.webp\",\"datePublished\":\"2024-05-08T08:52:05+00:00\",\"dateModified\":\"2024-05-08T09:22:26+00:00\",\"breadcrumb\":{\"@id\":\"https:\/\/swoer.com\/manufacturer\/vibratory-linear-feeder-jm-series\/#breadcrumb\"},\"inLanguage\":\"vi\",\"potentialAction\":[{\"@type\":\"ReadAction\",\"target\":[\"https:\/\/swoer.com\/manufacturer\/vibratory-linear-feeder-jm-series\/\"]}]},{\"@type\":\"ImageObject\",\"inLanguage\":\"vi\",\"@id\":\"https:\/\/swoer.com\/manufacturer\/vibratory-linear-feeder-jm-series\/#primaryimage\",\"url\":\"https:\/\/swoer.com\/wp-content\/uploads\/2024\/05\/Vibratory-Linear-Feeder-JM-Series.webp\",\"contentUrl\":\"https:\/\/swoer.com\/wp-content\/uploads\/2024\/05\/Vibratory-Linear-Feeder-JM-Series.webp\",\"width\":1000,\"height\":1000,\"caption\":\"Vibratory Linear Feeder JM Series\"},{\"@type\":\"BreadcrumbList\",\"@id\":\"https:\/\/swoer.com\/manufacturer\/vibratory-linear-feeder-jm-series\/#breadcrumb\",\"itemListElement\":[{\"@type\":\"ListItem\",\"position\":1,\"name\":\"Home\",\"item\":\"https:\/\/swoer.com\/\"},{\"@type\":\"ListItem\",\"position\":2,\"name\":\"Shop\",\"item\":\"https:\/\/swoer.com\/shop\/\"},{\"@type\":\"ListItem\",\"position\":3,\"name\":\"Vibratory Linear Feeder JM Series\"}]},{\"@type\":\"WebSite\",\"@id\":\"https:\/\/swoer.com\/#website\",\"url\":\"https:\/\/swoer.com\/\",\"name\":\"SWOER\",\"description\":\"Swoer is the top 3 vibratory bowl feeder manufacturer in China\",\"potentialAction\":[{\"@type\":\"SearchAction\",\"target\":{\"@type\":\"EntryPoint\",\"urlTemplate\":\"https:\/\/swoer.com\/?s={search_term_string}\"},\"query-input\":\"required name=search_term_string\"}],\"inLanguage\":\"vi\"}]}<\/script>\n<!-- \/ Yoast SEO plugin. -->","yoast_head_json":{"title":"Vibratory Linear Feeder JM Series - SWOER","robots":{"index":"index","follow":"follow","max-snippet":"max-snippet:-1","max-image-preview":"max-image-preview:large","max-video-preview":"max-video-preview:-1"},"canonical":"https:\/\/swoer.com\/vi\/manufacturer\/vibratory-linear-feeder-jm-series\/","og_locale":"vi_VN","og_type":"article","og_title":"Vibratory Linear Feeder JM Series - SWOER","og_description":"Linear feeder -JM series is available in two models: SW-100JM SW-140JM","og_url":"https:\/\/swoer.com\/vi\/manufacturer\/vibratory-linear-feeder-jm-series\/","og_site_name":"SWOER","article_modified_time":"2024-05-08T09:22:26+00:00","og_image":[{"width":1000,"height":1000,"url":"https:\/\/swoer.com\/wp-content\/uploads\/2024\/05\/Vibratory-Linear-Feeder-JM-Series.webp","type":"image\/webp"}],"twitter_card":"summary_large_image","twitter_misc":{"\u01af\u1edbc t\u00ednh th\u1eddi gian \u0111\u1ecdc":"1 ph\u00fat"},"schema":{"@context":"https:\/\/schema.org","@graph":[{"@type":"WebPage","@id":"https:\/\/swoer.com\/manufacturer\/vibratory-linear-feeder-jm-series\/","url":"https:\/\/swoer.com\/manufacturer\/vibratory-linear-feeder-jm-series\/","name":"Vibratory Linear Feeder JM Series - SWOER","isPartOf":{"@id":"https:\/\/swoer.com\/#website"},"primaryImageOfPage":{"@id":"https:\/\/swoer.com\/manufacturer\/vibratory-linear-feeder-jm-series\/#primaryimage"},"image":{"@id":"https:\/\/swoer.com\/manufacturer\/vibratory-linear-feeder-jm-series\/#primaryimage"},"thumbnailUrl":"https:\/\/swoer.com\/wp-content\/uploads\/2024\/05\/Vibratory-Linear-Feeder-JM-Series.webp","datePublished":"2024-05-08T08:52:05+00:00","dateModified":"2024-05-08T09:22:26+00:00","breadcrumb":{"@id":"https:\/\/swoer.com\/manufacturer\/vibratory-linear-feeder-jm-series\/#breadcrumb"},"inLanguage":"vi","potentialAction":[{"@type":"ReadAction","target":["https:\/\/swoer.com\/manufacturer\/vibratory-linear-feeder-jm-series\/"]}]},{"@type":"ImageObject","inLanguage":"vi","@id":"https:\/\/swoer.com\/manufacturer\/vibratory-linear-feeder-jm-series\/#primaryimage","url":"https:\/\/swoer.com\/wp-content\/uploads\/2024\/05\/Vibratory-Linear-Feeder-JM-Series.webp","contentUrl":"https:\/\/swoer.com\/wp-content\/uploads\/2024\/05\/Vibratory-Linear-Feeder-JM-Series.webp","width":1000,"height":1000,"caption":"Vibratory Linear Feeder JM Series"},{"@type":"BreadcrumbList","@id":"https:\/\/swoer.com\/manufacturer\/vibratory-linear-feeder-jm-series\/#breadcrumb","itemListElement":[{"@type":"ListItem","position":1,"name":"Home","item":"https:\/\/swoer.com\/"},{"@type":"ListItem","position":2,"name":"Shop","item":"https:\/\/swoer.com\/shop\/"},{"@type":"ListItem","position":3,"name":"Vibratory Linear Feeder JM Series"}]},{"@type":"WebSite","@id":"https:\/\/swoer.com\/#website","url":"https:\/\/swoer.com\/","name":"SWOER","description":"Swoer is the top 3 vibratory bowl feeder manufacturer in China","potentialAction":[{"@type":"SearchAction","target":{"@type":"EntryPoint","urlTemplate":"https:\/\/swoer.com\/?s={search_term_string}"},"query-input":"required name=search_term_string"}],"inLanguage":"vi"}]}},"_links":{"self":[{"href":"https:\/\/swoer.com\/vi\/wp-json\/wp\/v2\/product\/2041"}],"collection":[{"href":"https:\/\/swoer.com\/vi\/wp-json\/wp\/v2\/product"}],"about":[{"href":"https:\/\/swoer.com\/vi\/wp-json\/wp\/v2\/types\/product"}],"replies":[{"embeddable":true,"href":"https:\/\/swoer.com\/vi\/wp-json\/wp\/v2\/comments?post=2041"}],"wp:featuredmedia":[{"embeddable":true,"href":"https:\/\/swoer.com\/vi\/wp-json\/wp\/v2\/media\/2042"}],"wp:attachment":[{"href":"https:\/\/swoer.com\/vi\/wp-json\/wp\/v2\/media?parent=2041"}],"wp:term":[{"taxonomy":"product_cat","embeddable":true,"href":"https:\/\/swoer.com\/vi\/wp-json\/wp\/v2\/product_cat?post=2041"},{"taxonomy":"product_tag","embeddable":true,"href":"https:\/\/swoer.com\/vi\/wp-json\/wp\/v2\/product_tag?post=2041"}],"curies":[{"name":"wp","href":"https:\/\/api.w.org\/{rel}","templated":true}]}}