{"id":2033,"date":"2024-04-26T02:25:24","date_gmt":"2024-04-26T02:25:24","guid":{"rendered":"https:\/\/swoer.com\/?post_type=product&#038;p=2033"},"modified":"2024-04-26T02:38:04","modified_gmt":"2024-04-26T02:38:04","slug":"vibratory-linear-feeder-dk-series","status":"publish","type":"product","link":"https:\/\/swoer.com\/vi\/manufacturer\/vibratory-linear-feeder-dk-series\/","title":{"rendered":"B\u1ed9 c\u1ea5p li\u1ec7u tuy\u1ebfn t\u00ednh rung d\u00f2ng DK"},"content":{"rendered":"<h2><strong><b>\u0110\u1eb7c tr\u01b0ng<\/b><\/strong><\/h2>\n<p>Chi\u1ec1u r\u1ed9ng c\u1ee7a \u0111\u01b0\u1eddng v\u1eadn chuy\u1ec3n s\u1ea3n ph\u1ea9m \u0111\u01b0\u1ee3c t\u0103ng l\u00ean, l\u00e1i xe nhanh v\u00e0 \u1ed5n \u0111\u1ecbnh b\u1eb1ng c\u00e1ch \u0111i\u1ec1u ch\u1ec9nh g\u00f3c bi\u00ean \u0111\u1ed9, ph\u00f9 h\u1ee3p cho vi\u1ec7c v\u1eadn chuy\u1ec3n si\u00eau r\u1ed9ng c\u00e1c b\u1ed9 ph\u1eadn v\u1eeba v\u00e0 nh\u1ecf.<\/p>\n<h2><strong>Bi\u1ec7n ph\u00e1p ph\u00f2ng ng\u1eeba khi l\u1eafp \u0111\u1eb7t<\/strong><\/h2>\n<ol>\n<li>\u0110\u01b0\u1eddng d\u1eabn v\u1eadt li\u1ec7u ph\u1ea3i c\u00f3 \u0111\u1ee7 \u0111\u1ed9 c\u1ee9ng, n\u1ebfu kh\u00f4ng s\u1ebd kh\u00f3 h\u00ecnh th\u00e0nh c\u1ed9ng h\u01b0\u1edfng.<\/li>\n<li>Khi m\u00e1y \u1edf tr\u1ea1ng th\u00e1i treo, d\u1ea7m \u0111\u1ee1 ph\u1ea3i s\u1eed d\u1ee5ng n\u1eb9p gia c\u01b0\u1eddng.<\/li>\n<li>Khi nhi\u1ec1u b\u1ed9 rung tr\u1ef1c ti\u1ebfp \u0111\u01b0\u1ee3c l\u1eafp tr\u00ean c\u00f9ng m\u1ed9t gi\u00e1 \u0111\u1ee1, s\u1ef1 giao thoa s\u1ebd t\u1ea1o ra ti\u1ebfng \u1ed3n v\u00e0 l\u00e0m d\u1ecbch chuy\u1ec3n v\u1ecb tr\u00ed c\u1ee7a ph\u00f4i. Trong nh\u1eefng tr\u01b0\u1eddng h\u1ee3p nh\u01b0 v\u1eady, c\u1ea7n cung c\u1ea5p m\u1ed9t gi\u00e1 \u0111\u1ee1 ri\u00eang cho t\u1eebng m\u00e1y dao \u0111\u1ed9ng tr\u1ef1c ti\u1ebfp.<\/li>\n<li>N\u1ebfu \u0111\u01b0\u1eddng ray ho\u1eb7c khung thi\u1ebfu \u0111\u1ed9 c\u1ee9ng th\u00ec s\u1ebd x\u1ea3y ra:<\/li>\n<\/ol>\n<ul>\n<li>Ph\u00f4i \u0111ang v\u1eadn chuy\u1ec3n s\u1ebd di chuy\u1ec3n tr\u1edf l\u1ea1i.<\/li>\n<li>Ph\u00f4i trong qu\u00e1 tr\u00ecnh chuy\u1ec3n nh\u1ea3y l\u00ean xu\u1ed1ng v\u00e0 ch\u1eb7n tr\u01b0\u1edbc v\u00e0 sau k\u00eanh c\u1ea5p li\u1ec7u.<\/li>\n<li>Ph\u00f4i ch\u1ea1y ch\u1eadm v\u00e0 kh\u00f4ng \u1ed5n \u0111\u1ecbnh khi r\u1eddi kh\u1ecfi r\u00e3nh k\u00eanh.<\/li>\n<li><strong>\u00a0<\/strong>Ph\u00f4i trong qu\u00e1 tr\u00ecnh v\u1eadn chuy\u1ec3n t\u1ea1o ra hi\u1ec7n t\u01b0\u1ee3ng nhi\u1ec5u th\u01b0\u1eddng xuy\u00ean.<\/li>\n<\/ul>\n<h3><strong><span class=\"15\">SW-350DK<\/span><\/strong><\/h3>\n\t<div class=\"img has-hover x md-x lg-x y md-y lg-y\" id=\"image_769154287\">\n\t\t\t\t\t\t\t\t<div class=\"img-inner dark\" >\n\t\t\t<img loading=\"lazy\" decoding=\"async\" width=\"976\" height=\"695\" src=\"https:\/\/swoer.com\/wp-content\/uploads\/2024\/04\/SW-350DK.webp\" class=\"attachment-original size-original\" alt=\"SW-350DK\" srcset=\"https:\/\/swoer.com\/wp-content\/uploads\/2024\/04\/SW-350DK.webp 976w, https:\/\/swoer.com\/wp-content\/uploads\/2024\/04\/SW-350DK-300x214.webp 300w, https:\/\/swoer.com\/wp-content\/uploads\/2024\/04\/SW-350DK-768x547.webp 768w, https:\/\/swoer.com\/wp-content\/uploads\/2024\/04\/SW-350DK-18x12.webp 18w, https:\/\/swoer.com\/wp-content\/uploads\/2024\/04\/SW-350DK-600x427.webp 600w\" sizes=\"(max-width: 976px) 100vw, 976px\" \/>\t\t\t\t\t\t\n\t\t\t\t\t<\/div>\n\t\t\t\t\t\t\t\t\n<style>\n#image_769154287 {\n  width: 100%;\n}\n<\/style>\n\t<\/div>\n\t\n<h3 class=\"p\"><strong>SW-450DK<\/strong><\/h3>\n\t<div class=\"img has-hover x md-x lg-x y md-y lg-y\" id=\"image_1232925494\">\n\t\t\t\t\t\t\t\t<div class=\"img-inner dark\" >\n\t\t\t<img loading=\"lazy\" decoding=\"async\" width=\"937\" height=\"686\" src=\"https:\/\/swoer.com\/wp-content\/uploads\/2024\/04\/SW-450DK.webp\" class=\"attachment-original size-original\" alt=\"SW-450DK\" srcset=\"https:\/\/swoer.com\/wp-content\/uploads\/2024\/04\/SW-450DK.webp 937w, https:\/\/swoer.com\/wp-content\/uploads\/2024\/04\/SW-450DK-300x220.webp 300w, https:\/\/swoer.com\/wp-content\/uploads\/2024\/04\/SW-450DK-768x562.webp 768w, https:\/\/swoer.com\/wp-content\/uploads\/2024\/04\/SW-450DK-16x12.webp 16w, https:\/\/swoer.com\/wp-content\/uploads\/2024\/04\/SW-450DK-600x439.webp 600w\" sizes=\"(max-width: 937px) 100vw, 937px\" \/>\t\t\t\t\t\t\n\t\t\t\t\t<\/div>\n\t\t\t\t\t\t\t\t\n<style>\n#image_1232925494 {\n  width: 100%;\n}\n<\/style>\n\t<\/div>\n\t\n<h3><strong>SW-550DK<\/strong><\/h3>\n\t<div class=\"img has-hover x md-x lg-x y md-y lg-y\" id=\"image_817240363\">\n\t\t\t\t\t\t\t\t<div class=\"img-inner dark\" >\n\t\t\t<img loading=\"lazy\" decoding=\"async\" width=\"1020\" height=\"686\" src=\"https:\/\/swoer.com\/wp-content\/uploads\/2024\/04\/SW-550DK.webp\" class=\"attachment-original size-original\" alt=\"\" srcset=\"https:\/\/swoer.com\/wp-content\/uploads\/2024\/04\/SW-550DK.webp 1020w, https:\/\/swoer.com\/wp-content\/uploads\/2024\/04\/SW-550DK-300x202.webp 300w, https:\/\/swoer.com\/wp-content\/uploads\/2024\/04\/SW-550DK-768x517.webp 768w, https:\/\/swoer.com\/wp-content\/uploads\/2024\/04\/SW-550DK-18x12.webp 18w, https:\/\/swoer.com\/wp-content\/uploads\/2024\/04\/SW-550DK-600x404.webp 600w\" sizes=\"(max-width: 1020px) 100vw, 1020px\" \/>\t\t\t\t\t\t\n\t\t\t\t\t<\/div>\n\t\t\t\t\t\t\t\t\n<style>\n#image_817240363 {\n  width: 100%;\n}\n<\/style>\n\t<\/div>\n\t\n<h3><strong>SW-1000DK<\/strong><\/h3>\n\t<div class=\"img has-hover x md-x lg-x y md-y lg-y\" id=\"image_419216384\">\n\t\t\t\t\t\t\t\t<div class=\"img-inner dark\" >\n\t\t\t<img loading=\"lazy\" decoding=\"async\" width=\"1319\" height=\"622\" src=\"https:\/\/swoer.com\/wp-content\/uploads\/2024\/04\/SW-1000DK.webp\" class=\"attachment-original size-original\" alt=\"\" srcset=\"https:\/\/swoer.com\/wp-content\/uploads\/2024\/04\/SW-1000DK.webp 1319w, https:\/\/swoer.com\/wp-content\/uploads\/2024\/04\/SW-1000DK-300x141.webp 300w, https:\/\/swoer.com\/wp-content\/uploads\/2024\/04\/SW-1000DK-1024x483.webp 1024w, https:\/\/swoer.com\/wp-content\/uploads\/2024\/04\/SW-1000DK-768x362.webp 768w, https:\/\/swoer.com\/wp-content\/uploads\/2024\/04\/SW-1000DK-18x8.webp 18w, https:\/\/swoer.com\/wp-content\/uploads\/2024\/04\/SW-1000DK-600x283.webp 600w\" sizes=\"(max-width: 1319px) 100vw, 1319px\" \/>\t\t\t\t\t\t\n\t\t\t\t\t<\/div>\n\t\t\t\t\t\t\t\t\n<style>\n#image_419216384 {\n  width: 100%;\n}\n<\/style>\n\t<\/div>","protected":false},"excerpt":{"rendered":"<p>Kh\u00e1m ph\u00e1 B\u1ed9 c\u1ea5p li\u1ec7u tuy\u1ebfn t\u00ednh rung d\u00f2ng DK, c\u00f3 \u0111\u01b0\u1eddng ray n\u1ed9i tuy\u1ebfn k\u1ebft h\u1ee3p v\u1edbi b\u1ed9 c\u1ea5p li\u1ec7u d\u1ea1ng b\u00e1t \u0111\u1ec3 c\u00f3 hi\u1ec7u su\u1ea5t t\u1ed1i \u01b0u.<\/p>\n<p>B\u1ed9 rung th\u1eb3ng ch\u00ednh x\u00e1c n\u00e0y \u0111\u1ea3m b\u1ea3o \u0111\u1ed9 rung tuy\u1ebfn t\u00ednh m\u01b0\u1ee3t m\u00e0, \u0111\u01b0\u1ee3c b\u1ed5 sung b\u1eb1ng m\u1ed9t t\u1ea5m rung \u0111\u01b0\u1ee3c thi\u1ebft k\u1ebf \u0111\u1ec3 c\u1ea5p li\u1ec7u ph\u1eb3ng.<\/p>\n<p>Tr\u1ea3i nghi\u1ec7m s\u1ef1 ti\u1ec7n l\u1ee3i c\u1ee7a m\u00e1y n\u1ea1p t\u1ef1 \u0111\u1ed9ng im l\u1eb7ng, ho\u1ea1t \u0111\u1ed9ng hi\u1ec7u qu\u1ea3 m\u00e0 kh\u00f4ng b\u1ecb gi\u00e1n \u0111o\u1ea1n. C\u00f3 s\u1eb5n b\u1ed1n m\u1eabu ph\u00f9 h\u1ee3p v\u1edbi nhu c\u1ea7u c\u1ee7a b\u1ea1n:<\/p>\n<p>SW-350DK<\/p>\n<p>SW-450DK<\/p>\n<p>SW-550DK<\/p>\n<p>SW-100DK<\/p>","protected":false},"featured_media":2034,"comment_status":"open","ping_status":"closed","template":"","meta":[],"product_cat":[55],"product_tag":[],"yoast_head":"<!-- This site is optimized with the Yoast SEO plugin v22.2 - https:\/\/yoast.com\/wordpress\/plugins\/seo\/ -->\n<title>Vibratory Linear Feeder DK Series - SWOER<\/title>\n<meta name=\"robots\" content=\"index, follow, max-snippet:-1, max-image-preview:large, max-video-preview:-1\" \/>\n<link rel=\"canonical\" href=\"https:\/\/swoer.com\/vi\/manufacturer\/vibratory-linear-feeder-dk-series\/\" \/>\n<meta property=\"og:locale\" content=\"vi_VN\" \/>\n<meta property=\"og:type\" content=\"article\" \/>\n<meta property=\"og:title\" content=\"Vibratory Linear Feeder DK Series - SWOER\" \/>\n<meta property=\"og:description\" content=\"Discover the DK Series Vibratory Linear Feeder, featuring an inline rail combined with a bowl feeder for optimal performance.  This precision straight vibrator ensures smooth linear vibration, complemented by a vibrating plate designed for flat feeding.  Experience the convenience of a silent automatic feeder that operates efficiently without disruption. Available in four models to suit your needs:  SW-350DK  SW-450DK  SW-550DK  SW-100DK\" \/>\n<meta property=\"og:url\" content=\"https:\/\/swoer.com\/vi\/manufacturer\/vibratory-linear-feeder-dk-series\/\" \/>\n<meta property=\"og:site_name\" content=\"SWOER\" \/>\n<meta property=\"article:modified_time\" content=\"2024-04-26T02:38:04+00:00\" \/>\n<meta property=\"og:image\" content=\"https:\/\/swoer.com\/wp-content\/uploads\/2024\/04\/Vibratory-Linear-Feeder-DK-Series.webp\" \/>\n\t<meta property=\"og:image:width\" content=\"1000\" \/>\n\t<meta property=\"og:image:height\" content=\"1000\" \/>\n\t<meta property=\"og:image:type\" content=\"image\/webp\" \/>\n<meta name=\"twitter:card\" content=\"summary_large_image\" \/>\n<meta name=\"twitter:label1\" content=\"\u01af\u1edbc t\u00ednh th\u1eddi gian \u0111\u1ecdc\" \/>\n\t<meta name=\"twitter:data1\" content=\"1 ph\u00fat\" \/>\n<script type=\"application\/ld+json\" class=\"yoast-schema-graph\">{\"@context\":\"https:\/\/schema.org\",\"@graph\":[{\"@type\":\"WebPage\",\"@id\":\"https:\/\/swoer.com\/manufacturer\/vibratory-linear-feeder-dk-series\/\",\"url\":\"https:\/\/swoer.com\/manufacturer\/vibratory-linear-feeder-dk-series\/\",\"name\":\"Vibratory Linear Feeder DK Series - SWOER\",\"isPartOf\":{\"@id\":\"https:\/\/swoer.com\/#website\"},\"primaryImageOfPage\":{\"@id\":\"https:\/\/swoer.com\/manufacturer\/vibratory-linear-feeder-dk-series\/#primaryimage\"},\"image\":{\"@id\":\"https:\/\/swoer.com\/manufacturer\/vibratory-linear-feeder-dk-series\/#primaryimage\"},\"thumbnailUrl\":\"https:\/\/swoer.com\/wp-content\/uploads\/2024\/04\/Vibratory-Linear-Feeder-DK-Series.webp\",\"datePublished\":\"2024-04-26T02:25:24+00:00\",\"dateModified\":\"2024-04-26T02:38:04+00:00\",\"breadcrumb\":{\"@id\":\"https:\/\/swoer.com\/manufacturer\/vibratory-linear-feeder-dk-series\/#breadcrumb\"},\"inLanguage\":\"vi\",\"potentialAction\":[{\"@type\":\"ReadAction\",\"target\":[\"https:\/\/swoer.com\/manufacturer\/vibratory-linear-feeder-dk-series\/\"]}]},{\"@type\":\"ImageObject\",\"inLanguage\":\"vi\",\"@id\":\"https:\/\/swoer.com\/manufacturer\/vibratory-linear-feeder-dk-series\/#primaryimage\",\"url\":\"https:\/\/swoer.com\/wp-content\/uploads\/2024\/04\/Vibratory-Linear-Feeder-DK-Series.webp\",\"contentUrl\":\"https:\/\/swoer.com\/wp-content\/uploads\/2024\/04\/Vibratory-Linear-Feeder-DK-Series.webp\",\"width\":1000,\"height\":1000,\"caption\":\"Vibratory Linear Feeder DK Series\"},{\"@type\":\"BreadcrumbList\",\"@id\":\"https:\/\/swoer.com\/manufacturer\/vibratory-linear-feeder-dk-series\/#breadcrumb\",\"itemListElement\":[{\"@type\":\"ListItem\",\"position\":1,\"name\":\"Home\",\"item\":\"https:\/\/swoer.com\/\"},{\"@type\":\"ListItem\",\"position\":2,\"name\":\"Shop\",\"item\":\"https:\/\/swoer.com\/shop\/\"},{\"@type\":\"ListItem\",\"position\":3,\"name\":\"Vibratory Linear Feeder DK Series\"}]},{\"@type\":\"WebSite\",\"@id\":\"https:\/\/swoer.com\/#website\",\"url\":\"https:\/\/swoer.com\/\",\"name\":\"SWOER\",\"description\":\"Swoer is the top 3 vibratory bowl feeder manufacturer in China\",\"potentialAction\":[{\"@type\":\"SearchAction\",\"target\":{\"@type\":\"EntryPoint\",\"urlTemplate\":\"https:\/\/swoer.com\/?s={search_term_string}\"},\"query-input\":\"required name=search_term_string\"}],\"inLanguage\":\"vi\"}]}<\/script>\n<!-- \/ Yoast SEO plugin. -->","yoast_head_json":{"title":"Vibratory Linear Feeder DK Series - SWOER","robots":{"index":"index","follow":"follow","max-snippet":"max-snippet:-1","max-image-preview":"max-image-preview:large","max-video-preview":"max-video-preview:-1"},"canonical":"https:\/\/swoer.com\/vi\/manufacturer\/vibratory-linear-feeder-dk-series\/","og_locale":"vi_VN","og_type":"article","og_title":"Vibratory Linear Feeder DK Series - SWOER","og_description":"Discover the DK Series Vibratory Linear Feeder, featuring an inline rail combined with a bowl feeder for optimal performance.  This precision straight vibrator ensures smooth linear vibration, complemented by a vibrating plate designed for flat feeding.  Experience the convenience of a silent automatic feeder that operates efficiently without disruption. Available in four models to suit your needs:  SW-350DK  SW-450DK  SW-550DK  SW-100DK","og_url":"https:\/\/swoer.com\/vi\/manufacturer\/vibratory-linear-feeder-dk-series\/","og_site_name":"SWOER","article_modified_time":"2024-04-26T02:38:04+00:00","og_image":[{"width":1000,"height":1000,"url":"https:\/\/swoer.com\/wp-content\/uploads\/2024\/04\/Vibratory-Linear-Feeder-DK-Series.webp","type":"image\/webp"}],"twitter_card":"summary_large_image","twitter_misc":{"\u01af\u1edbc t\u00ednh th\u1eddi gian \u0111\u1ecdc":"1 ph\u00fat"},"schema":{"@context":"https:\/\/schema.org","@graph":[{"@type":"WebPage","@id":"https:\/\/swoer.com\/manufacturer\/vibratory-linear-feeder-dk-series\/","url":"https:\/\/swoer.com\/manufacturer\/vibratory-linear-feeder-dk-series\/","name":"Vibratory Linear Feeder DK Series - SWOER","isPartOf":{"@id":"https:\/\/swoer.com\/#website"},"primaryImageOfPage":{"@id":"https:\/\/swoer.com\/manufacturer\/vibratory-linear-feeder-dk-series\/#primaryimage"},"image":{"@id":"https:\/\/swoer.com\/manufacturer\/vibratory-linear-feeder-dk-series\/#primaryimage"},"thumbnailUrl":"https:\/\/swoer.com\/wp-content\/uploads\/2024\/04\/Vibratory-Linear-Feeder-DK-Series.webp","datePublished":"2024-04-26T02:25:24+00:00","dateModified":"2024-04-26T02:38:04+00:00","breadcrumb":{"@id":"https:\/\/swoer.com\/manufacturer\/vibratory-linear-feeder-dk-series\/#breadcrumb"},"inLanguage":"vi","potentialAction":[{"@type":"ReadAction","target":["https:\/\/swoer.com\/manufacturer\/vibratory-linear-feeder-dk-series\/"]}]},{"@type":"ImageObject","inLanguage":"vi","@id":"https:\/\/swoer.com\/manufacturer\/vibratory-linear-feeder-dk-series\/#primaryimage","url":"https:\/\/swoer.com\/wp-content\/uploads\/2024\/04\/Vibratory-Linear-Feeder-DK-Series.webp","contentUrl":"https:\/\/swoer.com\/wp-content\/uploads\/2024\/04\/Vibratory-Linear-Feeder-DK-Series.webp","width":1000,"height":1000,"caption":"Vibratory Linear Feeder DK Series"},{"@type":"BreadcrumbList","@id":"https:\/\/swoer.com\/manufacturer\/vibratory-linear-feeder-dk-series\/#breadcrumb","itemListElement":[{"@type":"ListItem","position":1,"name":"Home","item":"https:\/\/swoer.com\/"},{"@type":"ListItem","position":2,"name":"Shop","item":"https:\/\/swoer.com\/shop\/"},{"@type":"ListItem","position":3,"name":"Vibratory Linear Feeder DK Series"}]},{"@type":"WebSite","@id":"https:\/\/swoer.com\/#website","url":"https:\/\/swoer.com\/","name":"SWOER","description":"Swoer is the top 3 vibratory bowl feeder manufacturer in China","potentialAction":[{"@type":"SearchAction","target":{"@type":"EntryPoint","urlTemplate":"https:\/\/swoer.com\/?s={search_term_string}"},"query-input":"required name=search_term_string"}],"inLanguage":"vi"}]}},"_links":{"self":[{"href":"https:\/\/swoer.com\/vi\/wp-json\/wp\/v2\/product\/2033"}],"collection":[{"href":"https:\/\/swoer.com\/vi\/wp-json\/wp\/v2\/product"}],"about":[{"href":"https:\/\/swoer.com\/vi\/wp-json\/wp\/v2\/types\/product"}],"replies":[{"embeddable":true,"href":"https:\/\/swoer.com\/vi\/wp-json\/wp\/v2\/comments?post=2033"}],"wp:featuredmedia":[{"embeddable":true,"href":"https:\/\/swoer.com\/vi\/wp-json\/wp\/v2\/media\/2034"}],"wp:attachment":[{"href":"https:\/\/swoer.com\/vi\/wp-json\/wp\/v2\/media?parent=2033"}],"wp:term":[{"taxonomy":"product_cat","embeddable":true,"href":"https:\/\/swoer.com\/vi\/wp-json\/wp\/v2\/product_cat?post=2033"},{"taxonomy":"product_tag","embeddable":true,"href":"https:\/\/swoer.com\/vi\/wp-json\/wp\/v2\/product_tag?post=2033"}],"curies":[{"name":"wp","href":"https:\/\/api.w.org\/{rel}","templated":true}]}}