{"id":2026,"date":"2024-04-25T01:26:04","date_gmt":"2024-04-25T01:26:04","guid":{"rendered":"https:\/\/swoer.com\/?post_type=product&#038;p=2026"},"modified":"2024-04-26T01:56:44","modified_gmt":"2024-04-26T01:56:44","slug":"vibratory-linear-feeder-fz-series","status":"publish","type":"product","link":"https:\/\/swoer.com\/vi\/manufacturer\/vibratory-linear-feeder-fz-series\/","title":{"rendered":"B\u1ed9 c\u1ea5p li\u1ec7u tuy\u1ebfn t\u00ednh rung d\u00f2ng FZ"},"content":{"rendered":"<h2 class=\"p\"><strong><span class=\"15\">\u0110\u1eb7c tr\u01b0ng<\/span><\/strong><\/h2>\n<p>K\u1ebft h\u1ee3p v\u1edbi t\u1ea5m rung, n\u00f3 c\u00f3 kh\u1ea3 n\u0103ng v\u1eadn chuy\u1ec3n t\u1ed1t c\u00e1c v\u1eadt li\u1ec7u m\u1ea3nh, h\u00ecnh tr\u1ee5, h\u00ecnh vu\u00f4ng v\u00e0 h\u00ecnh kim kh\u00e1c. N\u00f3 l\u00e0 m\u1ed9t b\u1ed9 c\u1ea5p ngu\u1ed3n \u0111i\u1ec7n t\u1eeb v\u1edbi nhi\u1ec1u chi\u1ec1u r\u1ed9ng b\u1ea3ng kh\u00e1c nhau.<\/p>\n<p>\u2022 \u00c1p d\u1ee5ng cho m\u00e1y ch\u00e8n kim t\u1ef1 \u0111\u1ed9ng (m\u00e1y kim \u0111\u01a1n, m\u00e1y kim \u0111\u00f4i);<\/p>\n<p>\u2022 Gi\u1ea3m rung t\u1ea5m th\u00e9p l\u00f2 xo c\u00f3 th\u1ec3 l\u00e0m gi\u1ea3m ph\u1ea3n l\u1ef1c tr\u00ean b\u00e0n m\u00e1y trong qu\u00e1 tr\u00ecnh l\u00e0m vi\u1ec7c c\u1ea5p li\u1ec7u tuy\u1ebfn t\u00ednh<\/p>\n<p>\u2022 \u0110\u1ed9 rung \u00eam v\u00e0 t\u1ed1c \u0111\u1ed9 truy\u1ec1n t\u1ea3i nhanh, \u0111\u1eb7c bi\u1ec7t th\u00edch h\u1ee3p v\u1edbi m\u00e1y ch\u1ed1t n\u00f2ng \u0111\u00f4i, bi\u00ean \u0111\u1ed9 c\u1ed9ng h\u01b0\u1edfng nh\u1ecf;<\/p>\n<p>\u2022 Chi\u1ec1u cao c\u1ee7a b\u1ed9 n\u1ea1p tuy\u1ebfn t\u00ednh c\u00f3 th\u1ec3 \u0111i\u1ec1u ch\u1ec9nh \u0111\u01b0\u1ee3c (114mm~120mm) v\u00e0 c\u00f3 nhi\u1ec1u t\u00f9y ch\u1ecdn v\u1ec1 chi\u1ec1u r\u1ed9ng c\u1ee7a t\u1ea5m ph\u00eda tr\u00ean (160X90, 160X110, 160X130, 160X140)<\/p>\n<h2><strong><span class=\"15\">SW-70FZ<\/span><\/strong><\/h2>\n\t<div class=\"img has-hover x md-x lg-x y md-y lg-y\" id=\"image_816045590\">\n\t\t\t\t\t\t\t\t<div class=\"img-inner dark\" >\n\t\t\t<img loading=\"lazy\" decoding=\"async\" width=\"906\" height=\"617\" src=\"https:\/\/swoer.com\/wp-content\/uploads\/2024\/04\/SW-70FZ.webp\" class=\"attachment-original size-original\" alt=\"SW-70FZ\" srcset=\"https:\/\/swoer.com\/wp-content\/uploads\/2024\/04\/SW-70FZ.webp 906w, https:\/\/swoer.com\/wp-content\/uploads\/2024\/04\/SW-70FZ-300x204.webp 300w, https:\/\/swoer.com\/wp-content\/uploads\/2024\/04\/SW-70FZ-768x523.webp 768w, https:\/\/swoer.com\/wp-content\/uploads\/2024\/04\/SW-70FZ-18x12.webp 18w, https:\/\/swoer.com\/wp-content\/uploads\/2024\/04\/SW-70FZ-600x409.webp 600w\" sizes=\"(max-width: 906px) 100vw, 906px\" \/>\t\t\t\t\t\t\n\t\t\t\t\t<\/div>\n\t\t\t\t\t\t\t\t\n<style>\n#image_816045590 {\n  width: 100%;\n}\n<\/style>\n\t<\/div>\n\t\n<h2><strong>SW-140FZ<\/strong><\/h2>\n\t<div class=\"img has-hover x md-x lg-x y md-y lg-y\" id=\"image_1581419927\">\n\t\t\t\t\t\t\t\t<div class=\"img-inner dark\" >\n\t\t\t<img loading=\"lazy\" decoding=\"async\" width=\"1142\" height=\"696\" src=\"https:\/\/swoer.com\/wp-content\/uploads\/2024\/04\/SW-1400FZ.webp\" class=\"attachment-original size-original\" alt=\"SW-1400FZ\" srcset=\"https:\/\/swoer.com\/wp-content\/uploads\/2024\/04\/SW-1400FZ.webp 1142w, https:\/\/swoer.com\/wp-content\/uploads\/2024\/04\/SW-1400FZ-300x183.webp 300w, https:\/\/swoer.com\/wp-content\/uploads\/2024\/04\/SW-1400FZ-1024x624.webp 1024w, https:\/\/swoer.com\/wp-content\/uploads\/2024\/04\/SW-1400FZ-768x468.webp 768w, https:\/\/swoer.com\/wp-content\/uploads\/2024\/04\/SW-1400FZ-18x12.webp 18w, https:\/\/swoer.com\/wp-content\/uploads\/2024\/04\/SW-1400FZ-600x366.webp 600w\" sizes=\"(max-width: 1142px) 100vw, 1142px\" \/>\t\t\t\t\t\t\n\t\t\t\t\t<\/div>\n\t\t\t\t\t\t\t\t\n<style>\n#image_1581419927 {\n  width: 100%;\n}\n<\/style>\n\t<\/div>","protected":false},"excerpt":{"rendered":"<p>D\u00f2ng FZ c\u00f3 s\u1eb5n hai m\u1eabu \u0111\u1ec3 ph\u00f9 h\u1ee3p v\u1edbi c\u00e1c y\u00eau c\u1ea7u kh\u00e1c nhau:<\/p>\n<p>SW-70FZ<\/p>\n<p>SW-140FZ<\/p>","protected":false},"featured_media":2027,"comment_status":"open","ping_status":"closed","template":"","meta":[],"product_cat":[55],"product_tag":[],"yoast_head":"<!-- This site is optimized with the Yoast SEO plugin v22.2 - https:\/\/yoast.com\/wordpress\/plugins\/seo\/ -->\n<title>Vibratory Linear Feeder FZ Series - SWOER<\/title>\n<meta name=\"robots\" content=\"index, follow, max-snippet:-1, max-image-preview:large, max-video-preview:-1\" \/>\n<link rel=\"canonical\" href=\"https:\/\/swoer.com\/vi\/manufacturer\/vibratory-linear-feeder-fz-series\/\" \/>\n<meta property=\"og:locale\" content=\"vi_VN\" \/>\n<meta property=\"og:type\" content=\"article\" \/>\n<meta property=\"og:title\" content=\"Vibratory Linear Feeder FZ Series - SWOER\" \/>\n<meta property=\"og:description\" content=\"The FZ Series is available in two models to suit different requirements:  SW-70FZ  SW-140FZ\" \/>\n<meta property=\"og:url\" content=\"https:\/\/swoer.com\/vi\/manufacturer\/vibratory-linear-feeder-fz-series\/\" \/>\n<meta property=\"og:site_name\" content=\"SWOER\" \/>\n<meta property=\"article:modified_time\" content=\"2024-04-26T01:56:44+00:00\" \/>\n<meta property=\"og:image\" content=\"https:\/\/swoer.com\/wp-content\/uploads\/2024\/04\/Linear-Feeder-FZ-Series.webp\" \/>\n\t<meta property=\"og:image:width\" content=\"1000\" \/>\n\t<meta property=\"og:image:height\" content=\"1000\" \/>\n\t<meta property=\"og:image:type\" content=\"image\/webp\" \/>\n<meta name=\"twitter:card\" content=\"summary_large_image\" \/>\n<meta name=\"twitter:label1\" content=\"\u01af\u1edbc t\u00ednh th\u1eddi gian \u0111\u1ecdc\" \/>\n\t<meta name=\"twitter:data1\" content=\"1 ph\u00fat\" \/>\n<script type=\"application\/ld+json\" class=\"yoast-schema-graph\">{\"@context\":\"https:\/\/schema.org\",\"@graph\":[{\"@type\":\"WebPage\",\"@id\":\"https:\/\/swoer.com\/manufacturer\/vibratory-linear-feeder-fz-series\/\",\"url\":\"https:\/\/swoer.com\/manufacturer\/vibratory-linear-feeder-fz-series\/\",\"name\":\"Vibratory Linear Feeder FZ Series - SWOER\",\"isPartOf\":{\"@id\":\"https:\/\/swoer.com\/#website\"},\"primaryImageOfPage\":{\"@id\":\"https:\/\/swoer.com\/manufacturer\/vibratory-linear-feeder-fz-series\/#primaryimage\"},\"image\":{\"@id\":\"https:\/\/swoer.com\/manufacturer\/vibratory-linear-feeder-fz-series\/#primaryimage\"},\"thumbnailUrl\":\"https:\/\/swoer.com\/wp-content\/uploads\/2024\/04\/Linear-Feeder-FZ-Series.webp\",\"datePublished\":\"2024-04-25T01:26:04+00:00\",\"dateModified\":\"2024-04-26T01:56:44+00:00\",\"breadcrumb\":{\"@id\":\"https:\/\/swoer.com\/manufacturer\/vibratory-linear-feeder-fz-series\/#breadcrumb\"},\"inLanguage\":\"vi\",\"potentialAction\":[{\"@type\":\"ReadAction\",\"target\":[\"https:\/\/swoer.com\/manufacturer\/vibratory-linear-feeder-fz-series\/\"]}]},{\"@type\":\"ImageObject\",\"inLanguage\":\"vi\",\"@id\":\"https:\/\/swoer.com\/manufacturer\/vibratory-linear-feeder-fz-series\/#primaryimage\",\"url\":\"https:\/\/swoer.com\/wp-content\/uploads\/2024\/04\/Linear-Feeder-FZ-Series.webp\",\"contentUrl\":\"https:\/\/swoer.com\/wp-content\/uploads\/2024\/04\/Linear-Feeder-FZ-Series.webp\",\"width\":1000,\"height\":1000,\"caption\":\"Vibratory Linear Feeder FZ Series\"},{\"@type\":\"BreadcrumbList\",\"@id\":\"https:\/\/swoer.com\/manufacturer\/vibratory-linear-feeder-fz-series\/#breadcrumb\",\"itemListElement\":[{\"@type\":\"ListItem\",\"position\":1,\"name\":\"Home\",\"item\":\"https:\/\/swoer.com\/\"},{\"@type\":\"ListItem\",\"position\":2,\"name\":\"Shop\",\"item\":\"https:\/\/swoer.com\/shop\/\"},{\"@type\":\"ListItem\",\"position\":3,\"name\":\"Vibratory Linear Feeder FZ Series\"}]},{\"@type\":\"WebSite\",\"@id\":\"https:\/\/swoer.com\/#website\",\"url\":\"https:\/\/swoer.com\/\",\"name\":\"SWOER\",\"description\":\"Swoer is the top 3 vibratory bowl feeder manufacturer in China\",\"potentialAction\":[{\"@type\":\"SearchAction\",\"target\":{\"@type\":\"EntryPoint\",\"urlTemplate\":\"https:\/\/swoer.com\/?s={search_term_string}\"},\"query-input\":\"required name=search_term_string\"}],\"inLanguage\":\"vi\"}]}<\/script>\n<!-- \/ Yoast SEO plugin. -->","yoast_head_json":{"title":"Vibratory Linear Feeder FZ Series - SWOER","robots":{"index":"index","follow":"follow","max-snippet":"max-snippet:-1","max-image-preview":"max-image-preview:large","max-video-preview":"max-video-preview:-1"},"canonical":"https:\/\/swoer.com\/vi\/manufacturer\/vibratory-linear-feeder-fz-series\/","og_locale":"vi_VN","og_type":"article","og_title":"Vibratory Linear Feeder FZ Series - SWOER","og_description":"The FZ Series is available in two models to suit different requirements:  SW-70FZ  SW-140FZ","og_url":"https:\/\/swoer.com\/vi\/manufacturer\/vibratory-linear-feeder-fz-series\/","og_site_name":"SWOER","article_modified_time":"2024-04-26T01:56:44+00:00","og_image":[{"width":1000,"height":1000,"url":"https:\/\/swoer.com\/wp-content\/uploads\/2024\/04\/Linear-Feeder-FZ-Series.webp","type":"image\/webp"}],"twitter_card":"summary_large_image","twitter_misc":{"\u01af\u1edbc t\u00ednh th\u1eddi gian \u0111\u1ecdc":"1 ph\u00fat"},"schema":{"@context":"https:\/\/schema.org","@graph":[{"@type":"WebPage","@id":"https:\/\/swoer.com\/manufacturer\/vibratory-linear-feeder-fz-series\/","url":"https:\/\/swoer.com\/manufacturer\/vibratory-linear-feeder-fz-series\/","name":"Vibratory Linear Feeder FZ Series - SWOER","isPartOf":{"@id":"https:\/\/swoer.com\/#website"},"primaryImageOfPage":{"@id":"https:\/\/swoer.com\/manufacturer\/vibratory-linear-feeder-fz-series\/#primaryimage"},"image":{"@id":"https:\/\/swoer.com\/manufacturer\/vibratory-linear-feeder-fz-series\/#primaryimage"},"thumbnailUrl":"https:\/\/swoer.com\/wp-content\/uploads\/2024\/04\/Linear-Feeder-FZ-Series.webp","datePublished":"2024-04-25T01:26:04+00:00","dateModified":"2024-04-26T01:56:44+00:00","breadcrumb":{"@id":"https:\/\/swoer.com\/manufacturer\/vibratory-linear-feeder-fz-series\/#breadcrumb"},"inLanguage":"vi","potentialAction":[{"@type":"ReadAction","target":["https:\/\/swoer.com\/manufacturer\/vibratory-linear-feeder-fz-series\/"]}]},{"@type":"ImageObject","inLanguage":"vi","@id":"https:\/\/swoer.com\/manufacturer\/vibratory-linear-feeder-fz-series\/#primaryimage","url":"https:\/\/swoer.com\/wp-content\/uploads\/2024\/04\/Linear-Feeder-FZ-Series.webp","contentUrl":"https:\/\/swoer.com\/wp-content\/uploads\/2024\/04\/Linear-Feeder-FZ-Series.webp","width":1000,"height":1000,"caption":"Vibratory Linear Feeder FZ Series"},{"@type":"BreadcrumbList","@id":"https:\/\/swoer.com\/manufacturer\/vibratory-linear-feeder-fz-series\/#breadcrumb","itemListElement":[{"@type":"ListItem","position":1,"name":"Home","item":"https:\/\/swoer.com\/"},{"@type":"ListItem","position":2,"name":"Shop","item":"https:\/\/swoer.com\/shop\/"},{"@type":"ListItem","position":3,"name":"Vibratory Linear Feeder FZ Series"}]},{"@type":"WebSite","@id":"https:\/\/swoer.com\/#website","url":"https:\/\/swoer.com\/","name":"SWOER","description":"Swoer is the top 3 vibratory bowl feeder manufacturer in China","potentialAction":[{"@type":"SearchAction","target":{"@type":"EntryPoint","urlTemplate":"https:\/\/swoer.com\/?s={search_term_string}"},"query-input":"required name=search_term_string"}],"inLanguage":"vi"}]}},"_links":{"self":[{"href":"https:\/\/swoer.com\/vi\/wp-json\/wp\/v2\/product\/2026"}],"collection":[{"href":"https:\/\/swoer.com\/vi\/wp-json\/wp\/v2\/product"}],"about":[{"href":"https:\/\/swoer.com\/vi\/wp-json\/wp\/v2\/types\/product"}],"replies":[{"embeddable":true,"href":"https:\/\/swoer.com\/vi\/wp-json\/wp\/v2\/comments?post=2026"}],"wp:featuredmedia":[{"embeddable":true,"href":"https:\/\/swoer.com\/vi\/wp-json\/wp\/v2\/media\/2027"}],"wp:attachment":[{"href":"https:\/\/swoer.com\/vi\/wp-json\/wp\/v2\/media?parent=2026"}],"wp:term":[{"taxonomy":"product_cat","embeddable":true,"href":"https:\/\/swoer.com\/vi\/wp-json\/wp\/v2\/product_cat?post=2026"},{"taxonomy":"product_tag","embeddable":true,"href":"https:\/\/swoer.com\/vi\/wp-json\/wp\/v2\/product_tag?post=2026"}],"curies":[{"name":"wp","href":"https:\/\/api.w.org\/{rel}","templated":true}]}}