{"id":2015,"date":"2024-04-23T02:10:41","date_gmt":"2024-04-23T02:10:41","guid":{"rendered":"https:\/\/swoer.com\/?post_type=product&#038;p=2015"},"modified":"2024-04-23T02:18:25","modified_gmt":"2024-04-23T02:18:25","slug":"2015","status":"publish","type":"product","link":"https:\/\/swoer.com\/vi\/manufacturer\/2015\/","title":{"rendered":"B\u1ed9 truy\u1ec1n \u0111\u1ed9ng b\u00e1t rung ch\u00ednh x\u00e1c b\u1eb1ng \u0111i\u1ec7n t\u1eeb D\u00f2ng SW-P"},"content":{"rendered":"<h2>M\u00f4 t\u1ea3 S\u1ea3n ph\u1ea9m<\/h2>\n<table style=\"border-collapse: collapse; width: 501.77pt;\" border=\"0\" width=\"669\" cellspacing=\"0\" cellpadding=\"0\">\n<tbody>\n<tr style=\"height: 55.00pt;\">\n<td class=\"et2\" style=\"height: 55.00pt; width: 214.50pt;\" width=\"286\" height=\"73\">t\u00ean s\u1ea3n ph\u1ea9m<\/td>\n<td class=\"et3\" style=\"width: 287.25pt;\" width=\"383\">B\u1ed9 truy\u1ec1n \u0111\u1ed9ng b\u00e1t rung ch\u00ednh x\u00e1c b\u1eb1ng \u0111i\u1ec7n t\u1eeb D\u00f2ng SW-P<\/td>\n<\/tr>\n<tr style=\"height: 39.00pt;\">\n<td class=\"et4\" style=\"height: 39.00pt; width: 214.50pt;\" width=\"286\" height=\"52\">T\u00ean th\u01b0\u01a1ng hi\u1ec7u<\/td>\n<td class=\"et5\" style=\"width: 287.25pt;\" width=\"383\">ng\u01b0\u1eddi ch\u1eedi th\u1ec1<\/td>\n<\/tr>\n<tr style=\"height: 33.00pt;\">\n<td class=\"et4\" style=\"height: 33.00pt; width: 214.50pt;\" width=\"286\" height=\"44\">V\u00f4n<\/td>\n<td class=\"et5\" style=\"width: 287.25pt;\" width=\"383\">85-260V<\/td>\n<\/tr>\n<tr style=\"height: 42.00pt;\">\n<td class=\"et4\" style=\"height: 42.00pt; width: 214.50pt;\" width=\"286\" height=\"56\">T\u00ednh th\u01b0\u1eddng xuy\u00ean<\/td>\n<td class=\"et5\" style=\"width: 287.25pt;\" width=\"383\">40-400Hz<\/td>\n<\/tr>\n<tr style=\"height: 66.00pt;\">\n<td class=\"et4\" style=\"height: 66.00pt; width: 214.50pt;\" width=\"286\" height=\"88\">D\u1ecbch v\u1ee5 sau b\u1ea3o h\u00e0nh<\/td>\n<td class=\"et6\" style=\"width: 287.25pt;\" width=\"383\">H\u1ed7 tr\u1ee3 k\u1ef9 thu\u1eadt video, H\u1ed7 tr\u1ee3 tr\u1ef1c tuy\u1ebfn, Thay th\u1ebf ph\u1ee5 t\u00f9ng<\/td>\n<\/tr>\n<tr style=\"height: 51.00pt;\">\n<td class=\"et7\" style=\"height: 51.00pt; width: 214.50pt;\" width=\"286\" height=\"68\">D\u1ecbch v\u1ee5 h\u1eadu m\u00e3i \u0111\u01b0\u1ee3c cung c\u1ea5p<\/td>\n<td class=\"et6\" style=\"width: 287.25pt;\" width=\"383\">Ph\u1ee5 t\u00f9ng mi\u1ec5n ph\u00ed, L\u1eafp \u0111\u1eb7t hi\u1ec7n tr\u01b0\u1eddng, V\u1eadn h\u00e0nh v\u00e0 \u0111\u00e0o t\u1ea1o<\/td>\n<\/tr>\n<tr style=\"height: 33.00pt;\">\n<td class=\"et4\" style=\"height: 33.00pt; width: 214.50pt;\" width=\"286\" height=\"44\">S\u1ef1 b\u1ea3o \u0111\u1ea3m<\/td>\n<td class=\"et5\" style=\"width: 287.25pt;\" width=\"383\">1 n\u0103m<\/td>\n<\/tr>\n<tr style=\"height: 31.00pt;\">\n<td class=\"et4\" style=\"height: 31.00pt; width: 214.50pt;\" width=\"286\" height=\"41\">MOQ<\/td>\n<td class=\"et5\" style=\"width: 287.25pt;\" width=\"383\">1 b\u1ed9<\/td>\n<\/tr>\n<tr style=\"height: 42.00pt;\">\n<td class=\"et4\" style=\"height: 42.00pt; width: 214.50pt;\" width=\"286\" height=\"56\">th\u1eddi gian th\u1ef1c hi\u1ec7n<\/td>\n<td class=\"et5\" style=\"width: 287.25pt;\" width=\"383\">7-10 ng\u00e0y<\/td>\n<\/tr>\n<tr style=\"height: 39.00pt;\">\n<td class=\"et4\" style=\"height: 39.00pt; width: 214.50pt;\" width=\"286\" height=\"52\">Bao b\u00ec<\/td>\n<td class=\"et5\" style=\"width: 287.25pt;\" width=\"383\">H\u1ed9p g\u1ed7 d\u00e1n<\/td>\n<\/tr>\n<tr style=\"height: 53.00pt;\">\n<td class=\"et4\" style=\"height: 53.00pt; width: 214.50pt;\" width=\"286\" height=\"70\">Ch\u00ednh s\u00e1ch thanh to\u00e1n<\/td>\n<td class=\"et8\" style=\"width: 287.25pt;\" width=\"383\">T\/T 40% \u0110\u1eb7t c\u1ecdc v\u00e0 s\u1ed1 d\u01b0 tr\u01b0\u1edbc khi v\u1eadn chuy\u1ec3n<\/td>\n<\/tr>\n<tr style=\"height: 45.00pt;\">\n<td class=\"et9\" style=\"height: 45.00pt; width: 214.50pt;\" width=\"286\" height=\"60\">Ngu\u1ed3n g\u1ed1c<\/td>\n<td class=\"et10\" style=\"width: 287.25pt;\" width=\"383\">Qu\u1ea3ng \u0110\u00f4ng, Trung Qu\u1ed1c<\/td>\n<\/tr>\n<\/tbody>\n<\/table>\n<h2><strong><span class=\"15\">Tham s\u1ed1<\/span><\/strong><\/h2>\n\t<div class=\"img has-hover x md-x lg-x y md-y lg-y\" id=\"image_860839593\">\n\t\t\t\t\t\t\t\t<div class=\"img-inner dark\" >\n\t\t\t<img loading=\"lazy\" decoding=\"async\" width=\"1303\" height=\"1565\" src=\"https:\/\/swoer.com\/wp-content\/uploads\/2024\/04\/Electromagnetic-Precision-Vibratory-Bowl-Feeder-Drive-SW-P-Series-Parameter.webp\" class=\"attachment-original size-original\" alt=\"Th\u00f4ng s\u1ed1 B\u1ed9 truy\u1ec1n \u0111\u1ed9ng b\u00e1t rung ch\u00ednh x\u00e1c b\u1eb1ng \u0111i\u1ec7n t\u1eeb D\u00f2ng SW-P\" srcset=\"https:\/\/swoer.com\/wp-content\/uploads\/2024\/04\/Electromagnetic-Precision-Vibratory-Bowl-Feeder-Drive-SW-P-Series-Parameter.webp 1303w, https:\/\/swoer.com\/wp-content\/uploads\/2024\/04\/Electromagnetic-Precision-Vibratory-Bowl-Feeder-Drive-SW-P-Series-Parameter-250x300.webp 250w, https:\/\/swoer.com\/wp-content\/uploads\/2024\/04\/Electromagnetic-Precision-Vibratory-Bowl-Feeder-Drive-SW-P-Series-Parameter-853x1024.webp 853w, https:\/\/swoer.com\/wp-content\/uploads\/2024\/04\/Electromagnetic-Precision-Vibratory-Bowl-Feeder-Drive-SW-P-Series-Parameter-768x922.webp 768w, https:\/\/swoer.com\/wp-content\/uploads\/2024\/04\/Electromagnetic-Precision-Vibratory-Bowl-Feeder-Drive-SW-P-Series-Parameter-1279x1536.webp 1279w, https:\/\/swoer.com\/wp-content\/uploads\/2024\/04\/Electromagnetic-Precision-Vibratory-Bowl-Feeder-Drive-SW-P-Series-Parameter-10x12.webp 10w, https:\/\/swoer.com\/wp-content\/uploads\/2024\/04\/Electromagnetic-Precision-Vibratory-Bowl-Feeder-Drive-SW-P-Series-Parameter-600x721.webp 600w\" sizes=\"(max-width: 1303px) 100vw, 1303px\" \/>\t\t\t\t\t\t\n\t\t\t\t\t<\/div>\n\t\t\t\t\t\t\t\t\n<style>\n#image_860839593 {\n  width: 100%;\n}\n<\/style>\n\t<\/div>","protected":false},"excerpt":{"rendered":"<p>SWOER cung c\u1ea5p B\u1ed9 truy\u1ec1n \u0111\u1ed9ng B\u00e1t rung Ch\u00ednh x\u00e1c \u0110i\u1ec7n t\u1eeb t\u1eeb D\u00f2ng SW-P. M\u1ed9t nh\u00e0 cung c\u1ea5p c\u00f3 tr\u1ee5 s\u1edf t\u1ea1i Trung Qu\u1ed1c cung c\u1ea5p s\u00e1u m\u1eabu kh\u00e1c nhau:<\/p>\n<p>SW-150P<\/p>\n<p>SW-200P<\/p>\n<p>SW-250P<\/p>\n<p>SW-300P<\/p>\n<p>SW-350P<\/p>\n<p>SW-400P<\/p>","protected":false},"featured_media":2016,"comment_status":"open","ping_status":"closed","template":"","meta":[],"product_cat":[46],"product_tag":[],"yoast_head":"<!-- This site is optimized with the Yoast SEO plugin v22.2 - https:\/\/yoast.com\/wordpress\/plugins\/seo\/ -->\n<title>Electromagnetic Precision Vibratory Bowl Feeder Drive SW-P Series - SWOER<\/title>\n<meta name=\"robots\" content=\"index, follow, max-snippet:-1, max-image-preview:large, max-video-preview:-1\" \/>\n<link rel=\"canonical\" href=\"https:\/\/swoer.com\/vi\/manufacturer\/2015\/\" \/>\n<meta property=\"og:locale\" content=\"vi_VN\" \/>\n<meta property=\"og:type\" content=\"article\" \/>\n<meta property=\"og:title\" content=\"Electromagnetic Precision Vibratory Bowl Feeder Drive SW-P Series - SWOER\" \/>\n<meta property=\"og:description\" content=\"SWOER offers the Electromagnetic Precision Vibratory Bowl Feeder Drive from the SW-P Series. A China-based supplier providing six different models:  SW-150P  SW-200P  SW-250P  SW-300P  SW-350P  SW-400P\" \/>\n<meta property=\"og:url\" content=\"https:\/\/swoer.com\/vi\/manufacturer\/2015\/\" \/>\n<meta property=\"og:site_name\" content=\"SWOER\" \/>\n<meta property=\"article:modified_time\" content=\"2024-04-23T02:18:25+00:00\" \/>\n<meta property=\"og:image\" content=\"https:\/\/swoer.com\/wp-content\/uploads\/2024\/04\/Electromagnetic-Precision-Vibratory-Bowl-Feeder-Drive-SW-P-Series.webp\" \/>\n\t<meta property=\"og:image:width\" content=\"1000\" \/>\n\t<meta property=\"og:image:height\" content=\"1000\" \/>\n\t<meta property=\"og:image:type\" content=\"image\/webp\" \/>\n<meta name=\"twitter:card\" content=\"summary_large_image\" \/>\n<meta name=\"twitter:label1\" content=\"\u01af\u1edbc t\u00ednh th\u1eddi gian \u0111\u1ecdc\" \/>\n\t<meta name=\"twitter:data1\" content=\"1 ph\u00fat\" \/>\n<script type=\"application\/ld+json\" class=\"yoast-schema-graph\">{\"@context\":\"https:\/\/schema.org\",\"@graph\":[{\"@type\":\"WebPage\",\"@id\":\"https:\/\/swoer.com\/manufacturer\/2015\/\",\"url\":\"https:\/\/swoer.com\/manufacturer\/2015\/\",\"name\":\"Electromagnetic Precision Vibratory Bowl Feeder Drive SW-P Series - SWOER\",\"isPartOf\":{\"@id\":\"https:\/\/swoer.com\/#website\"},\"primaryImageOfPage\":{\"@id\":\"https:\/\/swoer.com\/manufacturer\/2015\/#primaryimage\"},\"image\":{\"@id\":\"https:\/\/swoer.com\/manufacturer\/2015\/#primaryimage\"},\"thumbnailUrl\":\"https:\/\/swoer.com\/wp-content\/uploads\/2024\/04\/Electromagnetic-Precision-Vibratory-Bowl-Feeder-Drive-SW-P-Series.webp\",\"datePublished\":\"2024-04-23T02:10:41+00:00\",\"dateModified\":\"2024-04-23T02:18:25+00:00\",\"breadcrumb\":{\"@id\":\"https:\/\/swoer.com\/manufacturer\/2015\/#breadcrumb\"},\"inLanguage\":\"vi\",\"potentialAction\":[{\"@type\":\"ReadAction\",\"target\":[\"https:\/\/swoer.com\/manufacturer\/2015\/\"]}]},{\"@type\":\"ImageObject\",\"inLanguage\":\"vi\",\"@id\":\"https:\/\/swoer.com\/manufacturer\/2015\/#primaryimage\",\"url\":\"https:\/\/swoer.com\/wp-content\/uploads\/2024\/04\/Electromagnetic-Precision-Vibratory-Bowl-Feeder-Drive-SW-P-Series.webp\",\"contentUrl\":\"https:\/\/swoer.com\/wp-content\/uploads\/2024\/04\/Electromagnetic-Precision-Vibratory-Bowl-Feeder-Drive-SW-P-Series.webp\",\"width\":1000,\"height\":1000,\"caption\":\"Electromagnetic Precision Vibratory Bowl Feeder Drive SW-P Series\"},{\"@type\":\"BreadcrumbList\",\"@id\":\"https:\/\/swoer.com\/manufacturer\/2015\/#breadcrumb\",\"itemListElement\":[{\"@type\":\"ListItem\",\"position\":1,\"name\":\"Home\",\"item\":\"https:\/\/swoer.com\/\"},{\"@type\":\"ListItem\",\"position\":2,\"name\":\"Shop\",\"item\":\"https:\/\/swoer.com\/shop\/\"},{\"@type\":\"ListItem\",\"position\":3,\"name\":\"Electromagnetic Precision Vibratory Bowl Feeder Drive SW-P Series\"}]},{\"@type\":\"WebSite\",\"@id\":\"https:\/\/swoer.com\/#website\",\"url\":\"https:\/\/swoer.com\/\",\"name\":\"SWOER\",\"description\":\"Swoer is the top 3 vibratory bowl feeder manufacturer in China\",\"potentialAction\":[{\"@type\":\"SearchAction\",\"target\":{\"@type\":\"EntryPoint\",\"urlTemplate\":\"https:\/\/swoer.com\/?s={search_term_string}\"},\"query-input\":\"required name=search_term_string\"}],\"inLanguage\":\"vi\"}]}<\/script>\n<!-- \/ Yoast SEO plugin. -->","yoast_head_json":{"title":"Electromagnetic Precision Vibratory Bowl Feeder Drive SW-P Series - SWOER","robots":{"index":"index","follow":"follow","max-snippet":"max-snippet:-1","max-image-preview":"max-image-preview:large","max-video-preview":"max-video-preview:-1"},"canonical":"https:\/\/swoer.com\/vi\/manufacturer\/2015\/","og_locale":"vi_VN","og_type":"article","og_title":"Electromagnetic Precision Vibratory Bowl Feeder Drive SW-P Series - SWOER","og_description":"SWOER offers the Electromagnetic Precision Vibratory Bowl Feeder Drive from the SW-P Series. A China-based supplier providing six different models:  SW-150P  SW-200P  SW-250P  SW-300P  SW-350P  SW-400P","og_url":"https:\/\/swoer.com\/vi\/manufacturer\/2015\/","og_site_name":"SWOER","article_modified_time":"2024-04-23T02:18:25+00:00","og_image":[{"width":1000,"height":1000,"url":"https:\/\/swoer.com\/wp-content\/uploads\/2024\/04\/Electromagnetic-Precision-Vibratory-Bowl-Feeder-Drive-SW-P-Series.webp","type":"image\/webp"}],"twitter_card":"summary_large_image","twitter_misc":{"\u01af\u1edbc t\u00ednh th\u1eddi gian \u0111\u1ecdc":"1 ph\u00fat"},"schema":{"@context":"https:\/\/schema.org","@graph":[{"@type":"WebPage","@id":"https:\/\/swoer.com\/manufacturer\/2015\/","url":"https:\/\/swoer.com\/manufacturer\/2015\/","name":"Electromagnetic Precision Vibratory Bowl Feeder Drive SW-P Series - SWOER","isPartOf":{"@id":"https:\/\/swoer.com\/#website"},"primaryImageOfPage":{"@id":"https:\/\/swoer.com\/manufacturer\/2015\/#primaryimage"},"image":{"@id":"https:\/\/swoer.com\/manufacturer\/2015\/#primaryimage"},"thumbnailUrl":"https:\/\/swoer.com\/wp-content\/uploads\/2024\/04\/Electromagnetic-Precision-Vibratory-Bowl-Feeder-Drive-SW-P-Series.webp","datePublished":"2024-04-23T02:10:41+00:00","dateModified":"2024-04-23T02:18:25+00:00","breadcrumb":{"@id":"https:\/\/swoer.com\/manufacturer\/2015\/#breadcrumb"},"inLanguage":"vi","potentialAction":[{"@type":"ReadAction","target":["https:\/\/swoer.com\/manufacturer\/2015\/"]}]},{"@type":"ImageObject","inLanguage":"vi","@id":"https:\/\/swoer.com\/manufacturer\/2015\/#primaryimage","url":"https:\/\/swoer.com\/wp-content\/uploads\/2024\/04\/Electromagnetic-Precision-Vibratory-Bowl-Feeder-Drive-SW-P-Series.webp","contentUrl":"https:\/\/swoer.com\/wp-content\/uploads\/2024\/04\/Electromagnetic-Precision-Vibratory-Bowl-Feeder-Drive-SW-P-Series.webp","width":1000,"height":1000,"caption":"Electromagnetic Precision Vibratory Bowl Feeder Drive SW-P Series"},{"@type":"BreadcrumbList","@id":"https:\/\/swoer.com\/manufacturer\/2015\/#breadcrumb","itemListElement":[{"@type":"ListItem","position":1,"name":"Home","item":"https:\/\/swoer.com\/"},{"@type":"ListItem","position":2,"name":"Shop","item":"https:\/\/swoer.com\/shop\/"},{"@type":"ListItem","position":3,"name":"Electromagnetic Precision Vibratory Bowl Feeder Drive SW-P Series"}]},{"@type":"WebSite","@id":"https:\/\/swoer.com\/#website","url":"https:\/\/swoer.com\/","name":"SWOER","description":"Swoer is the top 3 vibratory bowl feeder manufacturer in China","potentialAction":[{"@type":"SearchAction","target":{"@type":"EntryPoint","urlTemplate":"https:\/\/swoer.com\/?s={search_term_string}"},"query-input":"required name=search_term_string"}],"inLanguage":"vi"}]}},"_links":{"self":[{"href":"https:\/\/swoer.com\/vi\/wp-json\/wp\/v2\/product\/2015"}],"collection":[{"href":"https:\/\/swoer.com\/vi\/wp-json\/wp\/v2\/product"}],"about":[{"href":"https:\/\/swoer.com\/vi\/wp-json\/wp\/v2\/types\/product"}],"replies":[{"embeddable":true,"href":"https:\/\/swoer.com\/vi\/wp-json\/wp\/v2\/comments?post=2015"}],"wp:featuredmedia":[{"embeddable":true,"href":"https:\/\/swoer.com\/vi\/wp-json\/wp\/v2\/media\/2016"}],"wp:attachment":[{"href":"https:\/\/swoer.com\/vi\/wp-json\/wp\/v2\/media?parent=2015"}],"wp:term":[{"taxonomy":"product_cat","embeddable":true,"href":"https:\/\/swoer.com\/vi\/wp-json\/wp\/v2\/product_cat?post=2015"},{"taxonomy":"product_tag","embeddable":true,"href":"https:\/\/swoer.com\/vi\/wp-json\/wp\/v2\/product_tag?post=2015"}],"curies":[{"name":"wp","href":"https:\/\/api.w.org\/{rel}","templated":true}]}}