{"id":2006,"date":"2024-04-22T02:17:38","date_gmt":"2024-04-22T02:17:38","guid":{"rendered":"https:\/\/swoer.com\/?post_type=product&#038;p=2006"},"modified":"2024-04-23T02:22:17","modified_gmt":"2024-04-23T02:22:17","slug":"electromagnetic-precision-vibratory-bowl-feeder-base-sw-j-serie","status":"publish","type":"product","link":"https:\/\/swoer.com\/vi\/manufacturer\/electromagnetic-precision-vibratory-bowl-feeder-base-sw-j-serie\/","title":{"rendered":"\u0110\u1ebf n\u1ea1p b\u00e1t rung ch\u00ednh x\u00e1c b\u1eb1ng \u0111i\u1ec7n t\u1eeb SW-J Series"},"content":{"rendered":"<h2>M\u00f4 t\u1ea3 S\u1ea3n ph\u1ea9m<\/h2>\n<table style=\"border-collapse: collapse; width: 488.27pt;\" border=\"0\" width=\"651\" cellspacing=\"0\" cellpadding=\"0\">\n<tbody>\n<tr style=\"height: 35.25pt;\">\n<td class=\"et2\" style=\"height: 35.25pt; width: 166.50pt;\" width=\"222\" height=\"47\">t\u00ean s\u1ea3n ph\u1ea9m<\/td>\n<td class=\"et3\" style=\"width: 321.75pt;\" width=\"429\">\u0110\u1ebf n\u1ea1p b\u00e1t rung ch\u00ednh x\u00e1c b\u1eb1ng \u0111i\u1ec7n t\u1eeb SW-J Series<\/td>\n<\/tr>\n<tr style=\"height: 35.25pt;\">\n<td class=\"et4\" style=\"height: 35.25pt; width: 166.50pt;\" width=\"222\" height=\"47\">T\u00ean th\u01b0\u01a1ng hi\u1ec7u<\/td>\n<td class=\"et5\" style=\"width: 321.75pt;\" width=\"429\">ng\u01b0\u1eddi ch\u1eedi th\u1ec1<\/td>\n<\/tr>\n<tr style=\"height: 35.25pt;\">\n<td class=\"et4\" style=\"height: 35.25pt; width: 166.50pt;\" width=\"222\" height=\"47\">V\u00f4n<\/td>\n<td class=\"et5\" style=\"width: 321.75pt;\" width=\"429\">85-260V<\/td>\n<\/tr>\n<tr style=\"height: 18.00pt;\">\n<td class=\"et4\" style=\"height: 18.00pt; width: 166.50pt;\" width=\"222\" height=\"24\">T\u00ednh th\u01b0\u1eddng xuy\u00ean<\/td>\n<td class=\"et5\" style=\"width: 321.75pt;\" width=\"429\">40-400Hz<\/td>\n<\/tr>\n<tr style=\"height: 87.00pt;\">\n<td class=\"et4\" style=\"height: 87.00pt; width: 166.50pt;\" width=\"222\" height=\"116\">D\u1ecbch v\u1ee5 sau b\u1ea3o h\u00e0nh<\/td>\n<td class=\"et6\" style=\"width: 321.75pt;\" width=\"429\">H\u1ed7 tr\u1ee3 k\u1ef9 thu\u1eadt video, H\u1ed7 tr\u1ee3 tr\u1ef1c tuy\u1ebfn, Thay th\u1ebf ph\u1ee5 t\u00f9ng<\/td>\n<\/tr>\n<tr style=\"height: 35.25pt;\">\n<td class=\"et7\" style=\"height: 35.25pt; width: 166.50pt;\" width=\"222\" height=\"47\">D\u1ecbch v\u1ee5 h\u1eadu m\u00e3i \u0111\u01b0\u1ee3c cung c\u1ea5p<\/td>\n<td class=\"et6\" style=\"width: 321.75pt;\" width=\"429\">Ph\u1ee5 t\u00f9ng mi\u1ec5n ph\u00ed, L\u1eafp \u0111\u1eb7t hi\u1ec7n tr\u01b0\u1eddng, V\u1eadn h\u00e0nh v\u00e0 \u0111\u00e0o t\u1ea1o<\/td>\n<\/tr>\n<tr style=\"height: 35.25pt;\">\n<td class=\"et4\" style=\"height: 35.25pt; width: 166.50pt;\" width=\"222\" height=\"47\">S\u1ef1 b\u1ea3o \u0111\u1ea3m<\/td>\n<td class=\"et5\" style=\"width: 321.75pt;\" width=\"429\">1 n\u0103m<\/td>\n<\/tr>\n<tr style=\"height: 18.00pt;\">\n<td class=\"et4\" style=\"height: 18.00pt; width: 166.50pt;\" width=\"222\" height=\"24\">MOQ<\/td>\n<td class=\"et5\" style=\"width: 321.75pt;\" width=\"429\">1 b\u1ed9<\/td>\n<\/tr>\n<tr style=\"height: 36.00pt;\">\n<td class=\"et4\" style=\"height: 36.00pt; width: 166.50pt;\" width=\"222\" height=\"48\">Th\u1eddi gian d\u1eabn<\/td>\n<td class=\"et5\" style=\"width: 321.75pt;\" width=\"429\">7-10 ng\u00e0y<\/td>\n<\/tr>\n<tr style=\"height: 18.00pt;\">\n<td class=\"et4\" style=\"height: 18.00pt; width: 166.50pt;\" width=\"222\" height=\"24\">Bao b\u00ec<\/td>\n<td class=\"et5\" style=\"width: 321.75pt;\" width=\"429\">H\u1ed9p g\u1ed7 d\u00e1n<\/td>\n<\/tr>\n<tr style=\"height: 138.75pt;\">\n<td class=\"et4\" style=\"height: 138.75pt; width: 166.50pt;\" width=\"222\" height=\"185\">Ch\u00ednh s\u00e1ch thanh to\u00e1n<\/td>\n<td class=\"et5\" style=\"width: 321.75pt;\" width=\"429\">T\/T 40% \u0110\u1eb7t c\u1ecdc v\u00e0 s\u1ed1 d\u01b0 tr\u01b0\u1edbc khi v\u1eadn chuy\u1ec3n<\/td>\n<\/tr>\n<tr style=\"height: 51.75pt;\">\n<td class=\"et8\" style=\"height: 51.75pt; width: 166.50pt;\" width=\"222\" height=\"69\">Ngu\u1ed3n g\u1ed1c<\/td>\n<td class=\"et9\" style=\"width: 321.75pt;\" width=\"429\">Qu\u1ea3ng \u0110\u00f4ng, Trung Qu\u1ed1c<\/td>\n<\/tr>\n<\/tbody>\n<\/table>","protected":false},"excerpt":{"rendered":"<p>SWOER cung c\u1ea5p \u0110\u1ebf n\u1ea1p b\u00e1t rung ch\u00ednh x\u00e1c \u0111i\u1ec7n t\u1eeb t\u1eeb D\u00f2ng SW-J. H\u1ecd s\u1ea3n xu\u1ea5t b\u1ed1n m\u1eabu kh\u00e1c nhau, c\u1ee5 th\u1ec3 l\u00e0<\/p>\n<p>SW-C230<\/p>\n<p>SW-C270<\/p>\n<p>SW-320<\/p>\n<p>SW-C480<\/p>","protected":false},"featured_media":2007,"comment_status":"open","ping_status":"closed","template":"","meta":[],"product_cat":[46],"product_tag":[],"yoast_head":"<!-- This site is optimized with the Yoast SEO plugin v22.2 - https:\/\/yoast.com\/wordpress\/plugins\/seo\/ -->\n<title>Electromagnetic Precision Vibratory Bowl Feeder Base SW-J Serie - SWOER<\/title>\n<meta name=\"robots\" content=\"index, follow, max-snippet:-1, max-image-preview:large, max-video-preview:-1\" \/>\n<link rel=\"canonical\" href=\"https:\/\/swoer.com\/vi\/manufacturer\/electromagnetic-precision-vibratory-bowl-feeder-base-sw-j-serie\/\" \/>\n<meta property=\"og:locale\" content=\"vi_VN\" \/>\n<meta property=\"og:type\" content=\"article\" \/>\n<meta property=\"og:title\" content=\"Electromagnetic Precision Vibratory Bowl Feeder Base SW-J Serie - SWOER\" \/>\n<meta property=\"og:description\" content=\"SWOER offers the Electromagnetic Precision Vibratory Bowl Feeder Base from SW-J Series. They manufacture four different models, namely  SW-C230  SW-C270  SW-320  SW-C480\" \/>\n<meta property=\"og:url\" content=\"https:\/\/swoer.com\/vi\/manufacturer\/electromagnetic-precision-vibratory-bowl-feeder-base-sw-j-serie\/\" \/>\n<meta property=\"og:site_name\" content=\"SWOER\" \/>\n<meta property=\"article:modified_time\" content=\"2024-04-23T02:22:17+00:00\" \/>\n<meta property=\"og:image\" content=\"https:\/\/swoer.com\/wp-content\/uploads\/2024\/04\/Electromagnetic-Precision-Vibratory-Bowl-Feeder-Base-SW-J-Serie.webp\" \/>\n\t<meta property=\"og:image:width\" content=\"1000\" \/>\n\t<meta property=\"og:image:height\" content=\"1000\" \/>\n\t<meta property=\"og:image:type\" content=\"image\/webp\" \/>\n<meta name=\"twitter:card\" content=\"summary_large_image\" \/>\n<meta name=\"twitter:label1\" content=\"\u01af\u1edbc t\u00ednh th\u1eddi gian \u0111\u1ecdc\" \/>\n\t<meta name=\"twitter:data1\" content=\"1 ph\u00fat\" \/>\n<script type=\"application\/ld+json\" class=\"yoast-schema-graph\">{\"@context\":\"https:\/\/schema.org\",\"@graph\":[{\"@type\":\"WebPage\",\"@id\":\"https:\/\/swoer.com\/manufacturer\/electromagnetic-precision-vibratory-bowl-feeder-base-sw-j-serie\/\",\"url\":\"https:\/\/swoer.com\/manufacturer\/electromagnetic-precision-vibratory-bowl-feeder-base-sw-j-serie\/\",\"name\":\"Electromagnetic Precision Vibratory Bowl Feeder Base SW-J Serie - SWOER\",\"isPartOf\":{\"@id\":\"https:\/\/swoer.com\/#website\"},\"primaryImageOfPage\":{\"@id\":\"https:\/\/swoer.com\/manufacturer\/electromagnetic-precision-vibratory-bowl-feeder-base-sw-j-serie\/#primaryimage\"},\"image\":{\"@id\":\"https:\/\/swoer.com\/manufacturer\/electromagnetic-precision-vibratory-bowl-feeder-base-sw-j-serie\/#primaryimage\"},\"thumbnailUrl\":\"https:\/\/swoer.com\/wp-content\/uploads\/2024\/04\/Electromagnetic-Precision-Vibratory-Bowl-Feeder-Base-SW-J-Serie.webp\",\"datePublished\":\"2024-04-22T02:17:38+00:00\",\"dateModified\":\"2024-04-23T02:22:17+00:00\",\"breadcrumb\":{\"@id\":\"https:\/\/swoer.com\/manufacturer\/electromagnetic-precision-vibratory-bowl-feeder-base-sw-j-serie\/#breadcrumb\"},\"inLanguage\":\"vi\",\"potentialAction\":[{\"@type\":\"ReadAction\",\"target\":[\"https:\/\/swoer.com\/manufacturer\/electromagnetic-precision-vibratory-bowl-feeder-base-sw-j-serie\/\"]}]},{\"@type\":\"ImageObject\",\"inLanguage\":\"vi\",\"@id\":\"https:\/\/swoer.com\/manufacturer\/electromagnetic-precision-vibratory-bowl-feeder-base-sw-j-serie\/#primaryimage\",\"url\":\"https:\/\/swoer.com\/wp-content\/uploads\/2024\/04\/Electromagnetic-Precision-Vibratory-Bowl-Feeder-Base-SW-J-Serie.webp\",\"contentUrl\":\"https:\/\/swoer.com\/wp-content\/uploads\/2024\/04\/Electromagnetic-Precision-Vibratory-Bowl-Feeder-Base-SW-J-Serie.webp\",\"width\":1000,\"height\":1000,\"caption\":\"Electromagnetic Precision Vibratory Bowl Feeder Base SW-J Serie\"},{\"@type\":\"BreadcrumbList\",\"@id\":\"https:\/\/swoer.com\/manufacturer\/electromagnetic-precision-vibratory-bowl-feeder-base-sw-j-serie\/#breadcrumb\",\"itemListElement\":[{\"@type\":\"ListItem\",\"position\":1,\"name\":\"Home\",\"item\":\"https:\/\/swoer.com\/\"},{\"@type\":\"ListItem\",\"position\":2,\"name\":\"Shop\",\"item\":\"https:\/\/swoer.com\/shop\/\"},{\"@type\":\"ListItem\",\"position\":3,\"name\":\"Electromagnetic Precision Vibratory Bowl Feeder Base SW-J Serie\"}]},{\"@type\":\"WebSite\",\"@id\":\"https:\/\/swoer.com\/#website\",\"url\":\"https:\/\/swoer.com\/\",\"name\":\"SWOER\",\"description\":\"Swoer is the top 3 vibratory bowl feeder manufacturer in China\",\"potentialAction\":[{\"@type\":\"SearchAction\",\"target\":{\"@type\":\"EntryPoint\",\"urlTemplate\":\"https:\/\/swoer.com\/?s={search_term_string}\"},\"query-input\":\"required name=search_term_string\"}],\"inLanguage\":\"vi\"}]}<\/script>\n<!-- \/ Yoast SEO plugin. -->","yoast_head_json":{"title":"Electromagnetic Precision Vibratory Bowl Feeder Base SW-J Serie - SWOER","robots":{"index":"index","follow":"follow","max-snippet":"max-snippet:-1","max-image-preview":"max-image-preview:large","max-video-preview":"max-video-preview:-1"},"canonical":"https:\/\/swoer.com\/vi\/manufacturer\/electromagnetic-precision-vibratory-bowl-feeder-base-sw-j-serie\/","og_locale":"vi_VN","og_type":"article","og_title":"Electromagnetic Precision Vibratory Bowl Feeder Base SW-J Serie - SWOER","og_description":"SWOER offers the Electromagnetic Precision Vibratory Bowl Feeder Base from SW-J Series. They manufacture four different models, namely  SW-C230  SW-C270  SW-320  SW-C480","og_url":"https:\/\/swoer.com\/vi\/manufacturer\/electromagnetic-precision-vibratory-bowl-feeder-base-sw-j-serie\/","og_site_name":"SWOER","article_modified_time":"2024-04-23T02:22:17+00:00","og_image":[{"width":1000,"height":1000,"url":"https:\/\/swoer.com\/wp-content\/uploads\/2024\/04\/Electromagnetic-Precision-Vibratory-Bowl-Feeder-Base-SW-J-Serie.webp","type":"image\/webp"}],"twitter_card":"summary_large_image","twitter_misc":{"\u01af\u1edbc t\u00ednh th\u1eddi gian \u0111\u1ecdc":"1 ph\u00fat"},"schema":{"@context":"https:\/\/schema.org","@graph":[{"@type":"WebPage","@id":"https:\/\/swoer.com\/manufacturer\/electromagnetic-precision-vibratory-bowl-feeder-base-sw-j-serie\/","url":"https:\/\/swoer.com\/manufacturer\/electromagnetic-precision-vibratory-bowl-feeder-base-sw-j-serie\/","name":"Electromagnetic Precision Vibratory Bowl Feeder Base SW-J Serie - SWOER","isPartOf":{"@id":"https:\/\/swoer.com\/#website"},"primaryImageOfPage":{"@id":"https:\/\/swoer.com\/manufacturer\/electromagnetic-precision-vibratory-bowl-feeder-base-sw-j-serie\/#primaryimage"},"image":{"@id":"https:\/\/swoer.com\/manufacturer\/electromagnetic-precision-vibratory-bowl-feeder-base-sw-j-serie\/#primaryimage"},"thumbnailUrl":"https:\/\/swoer.com\/wp-content\/uploads\/2024\/04\/Electromagnetic-Precision-Vibratory-Bowl-Feeder-Base-SW-J-Serie.webp","datePublished":"2024-04-22T02:17:38+00:00","dateModified":"2024-04-23T02:22:17+00:00","breadcrumb":{"@id":"https:\/\/swoer.com\/manufacturer\/electromagnetic-precision-vibratory-bowl-feeder-base-sw-j-serie\/#breadcrumb"},"inLanguage":"vi","potentialAction":[{"@type":"ReadAction","target":["https:\/\/swoer.com\/manufacturer\/electromagnetic-precision-vibratory-bowl-feeder-base-sw-j-serie\/"]}]},{"@type":"ImageObject","inLanguage":"vi","@id":"https:\/\/swoer.com\/manufacturer\/electromagnetic-precision-vibratory-bowl-feeder-base-sw-j-serie\/#primaryimage","url":"https:\/\/swoer.com\/wp-content\/uploads\/2024\/04\/Electromagnetic-Precision-Vibratory-Bowl-Feeder-Base-SW-J-Serie.webp","contentUrl":"https:\/\/swoer.com\/wp-content\/uploads\/2024\/04\/Electromagnetic-Precision-Vibratory-Bowl-Feeder-Base-SW-J-Serie.webp","width":1000,"height":1000,"caption":"Electromagnetic Precision Vibratory Bowl Feeder Base SW-J Serie"},{"@type":"BreadcrumbList","@id":"https:\/\/swoer.com\/manufacturer\/electromagnetic-precision-vibratory-bowl-feeder-base-sw-j-serie\/#breadcrumb","itemListElement":[{"@type":"ListItem","position":1,"name":"Home","item":"https:\/\/swoer.com\/"},{"@type":"ListItem","position":2,"name":"Shop","item":"https:\/\/swoer.com\/shop\/"},{"@type":"ListItem","position":3,"name":"Electromagnetic Precision Vibratory Bowl Feeder Base SW-J Serie"}]},{"@type":"WebSite","@id":"https:\/\/swoer.com\/#website","url":"https:\/\/swoer.com\/","name":"SWOER","description":"Swoer is the top 3 vibratory bowl feeder manufacturer in China","potentialAction":[{"@type":"SearchAction","target":{"@type":"EntryPoint","urlTemplate":"https:\/\/swoer.com\/?s={search_term_string}"},"query-input":"required name=search_term_string"}],"inLanguage":"vi"}]}},"_links":{"self":[{"href":"https:\/\/swoer.com\/vi\/wp-json\/wp\/v2\/product\/2006"}],"collection":[{"href":"https:\/\/swoer.com\/vi\/wp-json\/wp\/v2\/product"}],"about":[{"href":"https:\/\/swoer.com\/vi\/wp-json\/wp\/v2\/types\/product"}],"replies":[{"embeddable":true,"href":"https:\/\/swoer.com\/vi\/wp-json\/wp\/v2\/comments?post=2006"}],"wp:featuredmedia":[{"embeddable":true,"href":"https:\/\/swoer.com\/vi\/wp-json\/wp\/v2\/media\/2007"}],"wp:attachment":[{"href":"https:\/\/swoer.com\/vi\/wp-json\/wp\/v2\/media?parent=2006"}],"wp:term":[{"taxonomy":"product_cat","embeddable":true,"href":"https:\/\/swoer.com\/vi\/wp-json\/wp\/v2\/product_cat?post=2006"},{"taxonomy":"product_tag","embeddable":true,"href":"https:\/\/swoer.com\/vi\/wp-json\/wp\/v2\/product_tag?post=2006"}],"curies":[{"name":"wp","href":"https:\/\/api.w.org\/{rel}","templated":true}]}}