{"id":1996,"date":"2024-04-19T02:41:14","date_gmt":"2024-04-19T02:41:14","guid":{"rendered":"https:\/\/swoer.com\/?post_type=product&#038;p=1996"},"modified":"2024-04-19T02:45:45","modified_gmt":"2024-04-19T02:45:45","slug":"vibratory-feeder-base-sw-c-series","status":"publish","type":"product","link":"https:\/\/swoer.com\/vi\/manufacturer\/vibratory-feeder-base-sw-c-series\/","title":{"rendered":"\u0110\u1ebf c\u1ea5p li\u1ec7u rung D\u00f2ng SW-C"},"content":{"rendered":"<h2><strong>M\u00f4 t\u1ea3 S\u1ea3n ph\u1ea9m<\/strong><\/h2>\n<table width=\"696\">\n<tbody>\n<tr>\n<td width=\"283\">T\u00ean s\u1ea3n ph\u1ea9m<\/td>\n<td width=\"413\">\u0110\u1ebf c\u1ea5p li\u1ec7u b\u00e1t rung D\u00f2ng SW-C<\/td>\n<\/tr>\n<tr>\n<td width=\"283\">T\u00ean th\u01b0\u01a1ng hi\u1ec7u<\/td>\n<td width=\"413\">ng\u01b0\u1eddi ch\u1eedi th\u1ec1<\/td>\n<\/tr>\n<tr>\n<td width=\"283\">V\u00f4n<\/td>\n<td width=\"413\">85-260V<\/td>\n<\/tr>\n<tr>\n<td width=\"283\">T\u00ednh th\u01b0\u1eddng xuy\u00ean<\/td>\n<td width=\"413\">40-400Hz<\/td>\n<\/tr>\n<tr>\n<td width=\"283\">D\u1ecbch v\u1ee5 sau b\u1ea3o h\u00e0nh<\/td>\n<td width=\"413\">H\u1ed7 tr\u1ee3 k\u1ef9 thu\u1eadt video, H\u1ed7 tr\u1ee3 tr\u1ef1c tuy\u1ebfn, Thay th\u1ebf ph\u1ee5 t\u00f9ng<\/td>\n<\/tr>\n<tr>\n<td width=\"283\">D\u1ecbch v\u1ee5 h\u1eadu m\u00e3i \u0111\u01b0\u1ee3c cung c\u1ea5p<\/td>\n<td width=\"413\">Ph\u1ee5 t\u00f9ng mi\u1ec5n ph\u00ed, L\u1eafp \u0111\u1eb7t hi\u1ec7n tr\u01b0\u1eddng, V\u1eadn h\u00e0nh v\u00e0 \u0111\u00e0o t\u1ea1o<\/td>\n<\/tr>\n<tr>\n<td width=\"283\">S\u1ef1 b\u1ea3o \u0111\u1ea3m<\/td>\n<td width=\"413\">1 n\u0103m<\/td>\n<\/tr>\n<tr>\n<td width=\"283\">MOQ<\/td>\n<td width=\"413\">1 b\u1ed9<\/td>\n<\/tr>\n<tr>\n<td width=\"283\">th\u1eddi gian d\u1eabn<\/td>\n<td width=\"413\">7-10 ng\u00e0y<\/td>\n<\/tr>\n<tr>\n<td width=\"283\">Bao b\u00ec<\/td>\n<td width=\"413\">H\u1ed9p g\u1ed7 d\u00e1n<\/td>\n<\/tr>\n<tr>\n<td width=\"283\">Ch\u00ednh s\u00e1ch thanh to\u00e1n<\/td>\n<td width=\"413\">T\/T 40% \u0110\u1eb7t c\u1ecdc v\u00e0 s\u1ed1 d\u01b0 tr\u01b0\u1edbc khi v\u1eadn chuy\u1ec3n<\/td>\n<\/tr>\n<tr>\n<td width=\"283\">Ngu\u1ed3n g\u1ed1c<\/td>\n<td width=\"413\">Qu\u1ea3ng \u0110\u00f4ng, Trung Qu\u1ed1c<\/td>\n<\/tr>\n<\/tbody>\n<\/table>\n<h2><strong><span class=\"15\">Tham s\u1ed1<\/span><\/strong><\/h2>\n\t<div class=\"img has-hover x md-x lg-x y md-y lg-y\" id=\"image_1205655206\">\n\t\t\t\t\t\t\t\t<div class=\"img-inner dark\" >\n\t\t\t<img loading=\"lazy\" decoding=\"async\" width=\"554\" height=\"638\" src=\"https:\/\/swoer.com\/wp-content\/uploads\/2024\/04\/Vibratory-Feeder-Base-SW-C-Series-Parameter-.webp\" class=\"attachment-original size-original\" alt=\"Th\u00f4ng s\u1ed1 \u0110\u1ebf c\u1ea5p li\u1ec7u rung SW-C Series\" srcset=\"https:\/\/swoer.com\/wp-content\/uploads\/2024\/04\/Vibratory-Feeder-Base-SW-C-Series-Parameter-.webp 554w, https:\/\/swoer.com\/wp-content\/uploads\/2024\/04\/Vibratory-Feeder-Base-SW-C-Series-Parameter--261x300.webp 261w, https:\/\/swoer.com\/wp-content\/uploads\/2024\/04\/Vibratory-Feeder-Base-SW-C-Series-Parameter--10x12.webp 10w\" sizes=\"(max-width: 554px) 100vw, 554px\" \/>\t\t\t\t\t\t\n\t\t\t\t\t<\/div>\n\t\t\t\t\t\t\t\t\n<style>\n#image_1205655206 {\n  width: 100%;\n}\n<\/style>\n\t<\/div>","protected":false},"excerpt":{"rendered":"<p>SWOER cung c\u1ea5p B\u1ed9 truy\u1ec1n \u0111\u1ed9ng b\u00e1t rung c\u00f3 s\u1eb5n 4 m\u1eabu: SW-C230, SW-C270, SW-320, SW-C480<\/p>","protected":false},"featured_media":1997,"comment_status":"open","ping_status":"closed","template":"","meta":[],"product_cat":[46],"product_tag":[],"yoast_head":"<!-- This site is optimized with the Yoast SEO plugin v22.2 - https:\/\/yoast.com\/wordpress\/plugins\/seo\/ -->\n<title>Vibratory Feeder Base SW-C Series - SWOER<\/title>\n<meta name=\"robots\" content=\"index, follow, max-snippet:-1, max-image-preview:large, max-video-preview:-1\" \/>\n<link rel=\"canonical\" href=\"https:\/\/swoer.com\/vi\/manufacturer\/vibratory-feeder-base-sw-c-series\/\" \/>\n<meta property=\"og:locale\" content=\"vi_VN\" \/>\n<meta property=\"og:type\" content=\"article\" \/>\n<meta property=\"og:title\" content=\"Vibratory Feeder Base SW-C Series - SWOER\" \/>\n<meta property=\"og:description\" content=\"SWOER provides vibratory Bowl Feeder Drive 4 Models available:SW-C230, SW-C270, SW-320, SW-C480\" \/>\n<meta property=\"og:url\" content=\"https:\/\/swoer.com\/vi\/manufacturer\/vibratory-feeder-base-sw-c-series\/\" \/>\n<meta property=\"og:site_name\" content=\"SWOER\" \/>\n<meta property=\"article:modified_time\" content=\"2024-04-19T02:45:45+00:00\" \/>\n<meta property=\"og:image\" content=\"https:\/\/swoer.com\/wp-content\/uploads\/2024\/04\/Vibratory-Feeder-Base-SW-C-Series.webp\" \/>\n\t<meta property=\"og:image:width\" content=\"1000\" \/>\n\t<meta property=\"og:image:height\" content=\"1000\" \/>\n\t<meta property=\"og:image:type\" content=\"image\/webp\" \/>\n<meta name=\"twitter:card\" content=\"summary_large_image\" \/>\n<meta name=\"twitter:label1\" content=\"\u01af\u1edbc t\u00ednh th\u1eddi gian \u0111\u1ecdc\" \/>\n\t<meta name=\"twitter:data1\" content=\"1 ph\u00fat\" \/>\n<script type=\"application\/ld+json\" class=\"yoast-schema-graph\">{\"@context\":\"https:\/\/schema.org\",\"@graph\":[{\"@type\":\"WebPage\",\"@id\":\"https:\/\/swoer.com\/manufacturer\/vibratory-feeder-base-sw-c-series\/\",\"url\":\"https:\/\/swoer.com\/manufacturer\/vibratory-feeder-base-sw-c-series\/\",\"name\":\"Vibratory Feeder Base SW-C Series - SWOER\",\"isPartOf\":{\"@id\":\"https:\/\/swoer.com\/#website\"},\"primaryImageOfPage\":{\"@id\":\"https:\/\/swoer.com\/manufacturer\/vibratory-feeder-base-sw-c-series\/#primaryimage\"},\"image\":{\"@id\":\"https:\/\/swoer.com\/manufacturer\/vibratory-feeder-base-sw-c-series\/#primaryimage\"},\"thumbnailUrl\":\"https:\/\/swoer.com\/wp-content\/uploads\/2024\/04\/Vibratory-Feeder-Base-SW-C-Series.webp\",\"datePublished\":\"2024-04-19T02:41:14+00:00\",\"dateModified\":\"2024-04-19T02:45:45+00:00\",\"breadcrumb\":{\"@id\":\"https:\/\/swoer.com\/manufacturer\/vibratory-feeder-base-sw-c-series\/#breadcrumb\"},\"inLanguage\":\"vi\",\"potentialAction\":[{\"@type\":\"ReadAction\",\"target\":[\"https:\/\/swoer.com\/manufacturer\/vibratory-feeder-base-sw-c-series\/\"]}]},{\"@type\":\"ImageObject\",\"inLanguage\":\"vi\",\"@id\":\"https:\/\/swoer.com\/manufacturer\/vibratory-feeder-base-sw-c-series\/#primaryimage\",\"url\":\"https:\/\/swoer.com\/wp-content\/uploads\/2024\/04\/Vibratory-Feeder-Base-SW-C-Series.webp\",\"contentUrl\":\"https:\/\/swoer.com\/wp-content\/uploads\/2024\/04\/Vibratory-Feeder-Base-SW-C-Series.webp\",\"width\":1000,\"height\":1000,\"caption\":\"Vibratory Feeder Base SW-C Series\"},{\"@type\":\"BreadcrumbList\",\"@id\":\"https:\/\/swoer.com\/manufacturer\/vibratory-feeder-base-sw-c-series\/#breadcrumb\",\"itemListElement\":[{\"@type\":\"ListItem\",\"position\":1,\"name\":\"Home\",\"item\":\"https:\/\/swoer.com\/\"},{\"@type\":\"ListItem\",\"position\":2,\"name\":\"Shop\",\"item\":\"https:\/\/swoer.com\/shop\/\"},{\"@type\":\"ListItem\",\"position\":3,\"name\":\"Vibratory Feeder Base SW-C Series\"}]},{\"@type\":\"WebSite\",\"@id\":\"https:\/\/swoer.com\/#website\",\"url\":\"https:\/\/swoer.com\/\",\"name\":\"SWOER\",\"description\":\"Swoer is the top 3 vibratory bowl feeder manufacturer in China\",\"potentialAction\":[{\"@type\":\"SearchAction\",\"target\":{\"@type\":\"EntryPoint\",\"urlTemplate\":\"https:\/\/swoer.com\/?s={search_term_string}\"},\"query-input\":\"required name=search_term_string\"}],\"inLanguage\":\"vi\"}]}<\/script>\n<!-- \/ Yoast SEO plugin. -->","yoast_head_json":{"title":"Vibratory Feeder Base SW-C Series - SWOER","robots":{"index":"index","follow":"follow","max-snippet":"max-snippet:-1","max-image-preview":"max-image-preview:large","max-video-preview":"max-video-preview:-1"},"canonical":"https:\/\/swoer.com\/vi\/manufacturer\/vibratory-feeder-base-sw-c-series\/","og_locale":"vi_VN","og_type":"article","og_title":"Vibratory Feeder Base SW-C Series - SWOER","og_description":"SWOER provides vibratory Bowl Feeder Drive 4 Models available:SW-C230, SW-C270, SW-320, SW-C480","og_url":"https:\/\/swoer.com\/vi\/manufacturer\/vibratory-feeder-base-sw-c-series\/","og_site_name":"SWOER","article_modified_time":"2024-04-19T02:45:45+00:00","og_image":[{"width":1000,"height":1000,"url":"https:\/\/swoer.com\/wp-content\/uploads\/2024\/04\/Vibratory-Feeder-Base-SW-C-Series.webp","type":"image\/webp"}],"twitter_card":"summary_large_image","twitter_misc":{"\u01af\u1edbc t\u00ednh th\u1eddi gian \u0111\u1ecdc":"1 ph\u00fat"},"schema":{"@context":"https:\/\/schema.org","@graph":[{"@type":"WebPage","@id":"https:\/\/swoer.com\/manufacturer\/vibratory-feeder-base-sw-c-series\/","url":"https:\/\/swoer.com\/manufacturer\/vibratory-feeder-base-sw-c-series\/","name":"Vibratory Feeder Base SW-C Series - SWOER","isPartOf":{"@id":"https:\/\/swoer.com\/#website"},"primaryImageOfPage":{"@id":"https:\/\/swoer.com\/manufacturer\/vibratory-feeder-base-sw-c-series\/#primaryimage"},"image":{"@id":"https:\/\/swoer.com\/manufacturer\/vibratory-feeder-base-sw-c-series\/#primaryimage"},"thumbnailUrl":"https:\/\/swoer.com\/wp-content\/uploads\/2024\/04\/Vibratory-Feeder-Base-SW-C-Series.webp","datePublished":"2024-04-19T02:41:14+00:00","dateModified":"2024-04-19T02:45:45+00:00","breadcrumb":{"@id":"https:\/\/swoer.com\/manufacturer\/vibratory-feeder-base-sw-c-series\/#breadcrumb"},"inLanguage":"vi","potentialAction":[{"@type":"ReadAction","target":["https:\/\/swoer.com\/manufacturer\/vibratory-feeder-base-sw-c-series\/"]}]},{"@type":"ImageObject","inLanguage":"vi","@id":"https:\/\/swoer.com\/manufacturer\/vibratory-feeder-base-sw-c-series\/#primaryimage","url":"https:\/\/swoer.com\/wp-content\/uploads\/2024\/04\/Vibratory-Feeder-Base-SW-C-Series.webp","contentUrl":"https:\/\/swoer.com\/wp-content\/uploads\/2024\/04\/Vibratory-Feeder-Base-SW-C-Series.webp","width":1000,"height":1000,"caption":"Vibratory Feeder Base SW-C Series"},{"@type":"BreadcrumbList","@id":"https:\/\/swoer.com\/manufacturer\/vibratory-feeder-base-sw-c-series\/#breadcrumb","itemListElement":[{"@type":"ListItem","position":1,"name":"Home","item":"https:\/\/swoer.com\/"},{"@type":"ListItem","position":2,"name":"Shop","item":"https:\/\/swoer.com\/shop\/"},{"@type":"ListItem","position":3,"name":"Vibratory Feeder Base SW-C Series"}]},{"@type":"WebSite","@id":"https:\/\/swoer.com\/#website","url":"https:\/\/swoer.com\/","name":"SWOER","description":"Swoer is the top 3 vibratory bowl feeder manufacturer in China","potentialAction":[{"@type":"SearchAction","target":{"@type":"EntryPoint","urlTemplate":"https:\/\/swoer.com\/?s={search_term_string}"},"query-input":"required name=search_term_string"}],"inLanguage":"vi"}]}},"_links":{"self":[{"href":"https:\/\/swoer.com\/vi\/wp-json\/wp\/v2\/product\/1996"}],"collection":[{"href":"https:\/\/swoer.com\/vi\/wp-json\/wp\/v2\/product"}],"about":[{"href":"https:\/\/swoer.com\/vi\/wp-json\/wp\/v2\/types\/product"}],"replies":[{"embeddable":true,"href":"https:\/\/swoer.com\/vi\/wp-json\/wp\/v2\/comments?post=1996"}],"wp:featuredmedia":[{"embeddable":true,"href":"https:\/\/swoer.com\/vi\/wp-json\/wp\/v2\/media\/1997"}],"wp:attachment":[{"href":"https:\/\/swoer.com\/vi\/wp-json\/wp\/v2\/media?parent=1996"}],"wp:term":[{"taxonomy":"product_cat","embeddable":true,"href":"https:\/\/swoer.com\/vi\/wp-json\/wp\/v2\/product_cat?post=1996"},{"taxonomy":"product_tag","embeddable":true,"href":"https:\/\/swoer.com\/vi\/wp-json\/wp\/v2\/product_tag?post=1996"}],"curies":[{"name":"wp","href":"https:\/\/api.w.org\/{rel}","templated":true}]}}