{"id":1994,"date":"2024-04-18T02:15:58","date_gmt":"2024-04-18T02:15:58","guid":{"rendered":"https:\/\/swoer.com\/?post_type=product&#038;p=1994"},"modified":"2024-04-18T02:24:06","modified_gmt":"2024-04-18T02:24:06","slug":"precision-piezoelectric-frequency-vibratory-feeder-controller-sw-40f","status":"publish","type":"product","link":"https:\/\/swoer.com\/vi\/manufacturer\/precision-piezoelectric-frequency-vibratory-feeder-controller-sw-40f\/","title":{"rendered":"B\u1ed9 \u0111i\u1ec1u khi\u1ec3n b\u1ed9 c\u1ea5p li\u1ec7u rung t\u1ea7n s\u1ed1 \u00e1p \u0111i\u1ec7n ch\u00ednh x\u00e1c SW-40F"},"content":{"rendered":"<h2>\u0110\u1eb7c tr\u01b0ng<\/h2>\n<p>K\u00edch th\u01b0\u1edbc: L150mm*W69mm*H70mm90mm<\/p>\n<p>K\u00edch th\u01b0\u1edbc l\u1ed7 l\u1eafp \u0111\u1eb7t: 130mm*62mm B\u1ea3o h\u00e0nh 3 n\u0103m<\/p>\n<p><strong>1.<\/strong> H\u1ec7 s\u1ed1 c\u00f4ng su\u1ea5t cao, ti\u1ebft ki\u1ec7m chi ph\u00ed \u0111i\u1ec7n n\u0103ng \u0111\u00e1ng k\u1ec3. So v\u1edbi b\u1ed9 \u0111i\u1ec1u khi\u1ec3n th\u00f4ng th\u01b0\u1eddng nh\u01b0 d\u00f2ng \u0111i\u1ec7n 1,5A \u0111\u01b0\u1ee3c s\u1eed d\u1ee5ng ph\u1ed5 bi\u1ebfn nh\u1ea5t, Gi\u1ea3 s\u1eed 1,0RMB tr\u00ean m\u1ed7i kilowatt, vi\u1ec7c s\u1eed d\u1ee5ng b\u1ed9 \u0111i\u1ec1u khi\u1ec3n n\u00e0y ho\u1ea1t \u0111\u1ed9ng t\u00e1m gi\u1edd m\u1ed9t ng\u00e0y c\u00f3 th\u1ec3 ti\u1ebft ki\u1ec7m kho\u1ea3ng 1,6 RMB \u0111i\u1ec7n.<\/p>\n<p><strong>2.<\/strong> Giao di\u1ec7n quang \u0111i\u1ec7n th\u00f4ng minh hi\u1ec7u su\u1ea5t cao \u0111\u1ec3 k\u1ebft n\u1ed1i c\u1ea3m bi\u1ebfn quang \u0111i\u1ec7n b\u00ean ngo\u00e0i (C\u00f3 s\u1eb5n b\u1ee9c x\u1ea1 v\u00e0 ph\u1ea3n x\u1ea1), c\u00f4ng ngh\u1ec7 nh\u1eadn d\u1ea1ng m\u1edd k\u1ef9 thu\u1eadt s\u1ed1 t\u00edch h\u1ee3p trong m\u00e1y, ngo\u00e0i \u00e1nh s\u00e1ng xung quanh th\u00edch \u1ee9ng, \u0111\u1ed9 nh\u1ea1y c\u00f3 th\u1ec3 \u0111\u01b0\u1ee3c \u0111\u1eb7t th\u00e0nh 99 quang \u0111i\u1ec7n, kh\u00f4ng t\u1ed1n k\u00e9m s\u1ee3i quang c\u1ea3m bi\u1ebfn quang h\u1ecdc, x\u00e1c \u0111\u1ecbnh ch\u00ednh x\u00e1c l\u01b0\u1ee3ng ph\u00f4i nh\u1ecf ho\u1eb7c m\u1edd.<\/p>\n<p><strong>3.<\/strong> V\u1eadn h\u00e0nh t\u00e0u con thoi t\u1ed1c \u0111\u1ed9, thi\u1ebft k\u1ebf \u0111\u01b0\u1ee3c c\u1ea5p b\u1eb1ng s\u00e1ng ch\u1ebf, nhanh ch\u00f3ng v\u00e0 ch\u00ednh x\u00e1c, \u0111\u00e1ng tin c\u1eady v\u00e0 b\u1ec1n b\u1ec9.<\/p>\n<p><strong>4.<\/strong> T\u1ed1i \u01b0u h\u00f3a \u0111\u1ea7u n\u1ed1i \u0111i\u1ec1u khi\u1ec3n b\u00ean ngo\u00e0i, l\u1eafp \u0111\u1eb7t linh ho\u1ea1t v\u00e0 thu\u1eadn ti\u1ec7n.<\/p>\n<p><strong>5.<\/strong> Ch\u01b0\u01a1ng tr\u00ecnh kh\u1edfi \u0111\u1ed9ng ch\u1eadm v\u00e0 d\u1eebng ch\u1eadm th\u00f4ng minh t\u00edch h\u1ee3p s\u1eb5n, \u0111\u1ea3m b\u1ea3o th\u1eddi \u0111i\u1ec3m b\u1eaft \u0111\u1ea7u v\u00e0 d\u1eebng cho \u0103n m\u1ed9t c\u00e1ch su\u00f4n s\u1ebb.<\/p>\n<p><strong>6.<\/strong> \u0110\u1ea7u ra ngu\u1ed3n \u0111i\u1ec7n DC 24V 200mA.<\/p>\n<p><strong>7.<\/strong> S\u1eed d\u1ee5ng c\u00e1c thi\u1ebft b\u1ecb \u0111i\u1ec7n hi\u1ec7u su\u1ea5t cao, gi\u1ea3m th\u1ea5t tho\u00e1t nhi\u1ec7t v\u00e0 t\u1ed1i \u01b0u h\u00f3a thi\u1ebft k\u1ebf nhi\u1ec7t, gi\u1ea3m nhi\u1ec7t \u0111\u1ed9 t\u0103ng, ho\u1ea1t \u0111\u1ed9ng \u1ed5n \u0111\u1ecbnh v\u00e0 \u0111\u00e1ng tin c\u1eady h\u01a1n.<\/p>\n<p><strong>8.<\/strong> B\u1ed9 \u0111i\u1ec1u ch\u1ec9nh c\u00f3 \u0111\u1ed9 ch\u00ednh x\u00e1c cao, Trong tr\u01b0\u1eddng h\u1ee3p \u0111i\u1ec7n \u00e1p l\u01b0\u1edbi \u0111i\u1ec7n dao \u0111\u1ed9ng, gi\u1eef cho \u0111i\u1ec7n \u00e1p \u0111\u1ea7u ra \u1ed5n \u0111\u1ecbnh v\u00e0 c\u00f3 th\u1ec3 \u1ee9c ch\u1ebf hi\u1ec7u qu\u1ea3 hi\u1ec7u \u1ee9ng nh\u1ecbp do t\u1ea7n s\u1ed1 ngu\u1ed3n g\u00e2y ra.<\/p>\n<p><strong>9.<\/strong> C\u00f3 th\u1ec3 t\u00f9y ch\u1ec9nh \u0111\u1eb7t gi\u1edbi h\u1ea1n \u0111i\u1ec7n \u00e1p \u0111\u1ea7u ra tr\u00ean \u0111\u1ec3 \u0111\u00e1p \u1ee9ng c\u00e1c \u1ee9ng d\u1ee5ng v\u00e0 thi\u1ebft b\u1ecb m\u00e1y m\u00f3c kh\u00e1c nhau \u0111\u01b0\u1ee3c y\u00eau c\u1ea7u.<\/p>\n<p><strong>10.<\/strong> H\u1ec7 th\u1ed1ng t\u00edch h\u1ee3p cao, k\u00edch th\u01b0\u1edbc t\u1ed1i \u01b0u, tr\u1ecdng l\u01b0\u1ee3ng nh\u1eb9, di\u1ec7n t\u00edch nh\u1ecf, l\u1eafp \u0111\u1eb7t d\u1ec5 d\u00e0ng.<\/p>\n<p><strong>11.<\/strong> Nh\u00e0 \u1edf kh\u00e9p k\u00edn, th\u00edch nghi v\u1edbi m\u00f4i tr\u01b0\u1eddng l\u00e0m vi\u1ec7c kh\u1eafc nghi\u1ec7t.<\/p>\n<p><strong>12.<\/strong> V\u1edbi qu\u00e1 nhi\u1ec7t, qu\u00e1 t\u1ea3i, b\u1ea3o v\u1ec7 ng\u1eafn m\u1ea1ch \u0111\u1ea7u ra.<\/p>\n<h2><strong>Th\u00f4ng s\u1ed1 k\u1ef9 thu\u1eadt<\/strong><\/h2>\n<table style=\"border-collapse: collapse; width: 633.77pt;\" border=\"0\" width=\"845\" cellspacing=\"0\" cellpadding=\"0\">\n<tbody>\n<tr style=\"height: 17.25pt;\">\n<td class=\"et2\" style=\"height: 33.75pt; width: 125.25pt;\" rowspan=\"2\" width=\"167\" height=\"45\">M\u1ee5c<\/td>\n<td class=\"et3\" style=\"width: 201.00pt;\" colspan=\"2\" width=\"268\">Gi\u00e1 tr\u1ecb ph\u1ea1m vi<\/td>\n<td class=\"et4\" style=\"width: 99.75pt; border-bottom: 1.0pt solid #DDDDDD;\" rowspan=\"2\" width=\"133\">\u0110\u01a1n v\u1ecb<\/td>\n<td class=\"et5\" style=\"width: 207.75pt;\" rowspan=\"2\" width=\"277\">Nh\u1eadn x\u00e9t<\/td>\n<\/tr>\n<tr style=\"height: 16.50pt;\">\n<td class=\"et7\" style=\"width: 99.00pt;\" width=\"132\">T\u1ed1i thi\u1ec3u.<\/td>\n<td class=\"et7\" style=\"width: 102.00pt;\" width=\"136\">T\u1ed1i \u0111a.<\/td>\n<\/tr>\n<tr style=\"height: 45.75pt;\">\n<td class=\"et6\" style=\"height: 45.75pt; width: 125.25pt;\" width=\"167\" height=\"61\">\u0110i\u1ec7n \u00e1p \u0111\u1ea7u v\u00e0o<\/td>\n<td class=\"et10\" style=\"width: 99.00pt;\" width=\"132\">85<\/td>\n<td class=\"et10\" style=\"width: 102.00pt;\" width=\"136\">265<\/td>\n<td class=\"et10\" style=\"width: 99.75pt;\" width=\"133\">V.<\/td>\n<td class=\"et11\" style=\"width: 207.75pt;\" width=\"277\">S\u00f3ng h\u00ecnh sin50\/60Hz<\/td>\n<\/tr>\n<tr style=\"height: 75.75pt;\">\n<td class=\"et6\" style=\"height: 75.75pt; width: 125.25pt;\" width=\"167\" height=\"101\">\u0110i\u1ec7n \u00e1p \u0111\u1ea7u ra<\/td>\n<td class=\"et10\" style=\"width: 99.00pt;\" width=\"132\">0<\/td>\n<td class=\"et10\" style=\"width: 102.00pt;\" width=\"136\">250<\/td>\n<td class=\"et10\" style=\"width: 99.75pt;\" width=\"133\">V.<\/td>\n<td class=\"et11\" style=\"width: 207.75pt;\" width=\"277\">\u0110\u1ed9 ch\u00ednh x\u00e1c \u0111i\u1ec1u ch\u1ec9nh \u0111i\u1ec7n \u00e1p: 1v<\/td>\n<\/tr>\n<tr style=\"height: 60.75pt;\">\n<td class=\"et6\" style=\"height: 60.75pt; width: 125.25pt;\" width=\"167\" height=\"81\">S\u1ea3n l\u01b0\u1ee3ng hi\u1ec7n t\u1ea1i<\/td>\n<td class=\"et10\" style=\"width: 99.00pt;\" width=\"132\">0<\/td>\n<td class=\"et10\" style=\"width: 102.00pt;\" width=\"136\">4.5<\/td>\n<td class=\"et10\" style=\"width: 99.75pt;\" width=\"133\">M\u1ed8T<\/td>\n<td class=\"et11\" style=\"width: 207.75pt;\" width=\"277\">\u0110\u1ecbnh m\u1ee9c c\u00f4ng su\u1ea5t: 1,5A\/3a\/4,5A<\/td>\n<\/tr>\n<tr style=\"height: 60.75pt;\">\n<td class=\"et6\" style=\"height: 60.75pt; width: 125.25pt;\" width=\"167\" height=\"81\">T\u1ea7n s\u1ed1 \u0111\u1ea7u ra<\/td>\n<td class=\"et10\" style=\"width: 99.00pt;\" width=\"132\">40<\/td>\n<td class=\"et10\" style=\"width: 102.00pt;\" width=\"136\">400<\/td>\n<td class=\"et10\" style=\"width: 99.75pt;\" width=\"133\">Hz<\/td>\n<td class=\"et11\" style=\"width: 207.75pt;\" width=\"277\">\u0110\u1ed9 ch\u00ednh x\u00e1c c\u1ee7a d\u1ea3i t\u1ea7n: 0,1Hz<\/td>\n<\/tr>\n<tr style=\"height: 33.00pt;\">\n<td class=\"et6\" style=\"height: 33.00pt; width: 125.25pt;\" width=\"167\" height=\"44\">S\u00f3ng \u0111\u1ea7u ra<\/td>\n<td class=\"et10\" style=\"width: 508.50pt;\" colspan=\"4\" width=\"678\">S\u00f3ng h\u00ecnh sin<\/td>\n<\/tr>\n<tr style=\"height: 63.75pt;\">\n<td class=\"et6\" style=\"height: 63.75pt; width: 125.25pt;\" width=\"167\" height=\"85\">Kho\u1ea3ng th\u1eddi gian tr\u1ec5 b\u1eaft \u0111\u1ea7u<\/td>\n<td class=\"et10\" style=\"width: 99.00pt;\" width=\"132\">0<\/td>\n<td class=\"et10\" style=\"width: 102.00pt;\" width=\"136\">30<\/td>\n<td class=\"et10\" style=\"width: 99.75pt;\" width=\"133\">S<\/td>\n<td class=\"et11\" style=\"width: 207.75pt;\" width=\"277\">\u0110\u1ed9 ch\u00ednh x\u00e1c th\u1eddi gian tr\u1ec5: 15<\/td>\n<\/tr>\n<tr style=\"height: 60.75pt;\">\n<td class=\"et6\" style=\"height: 60.75pt; width: 125.25pt;\" width=\"167\" height=\"81\">Ph\u1ea1m vi th\u1eddi gian tr\u1ec5 t\u1eaft<\/td>\n<td class=\"et10\" style=\"width: 99.00pt;\" width=\"132\">0<\/td>\n<td class=\"et10\" style=\"width: 102.00pt;\" width=\"136\">30<\/td>\n<td class=\"et10\" style=\"width: 99.75pt;\" width=\"133\">S<\/td>\n<td class=\"et11\" style=\"width: 207.75pt;\" width=\"277\">\u0110\u1ed9 ch\u00ednh x\u00e1c th\u1eddi gian tr\u1ec5: 15<\/td>\n<\/tr>\n<tr style=\"height: 60.75pt;\">\n<td class=\"et6\" style=\"height: 60.75pt; width: 125.25pt;\" width=\"167\" height=\"81\">Th\u1eddi gian b\u1eaft \u0111\u1ea7u ch\u1eadm<\/td>\n<td class=\"et10\" style=\"width: 99.00pt;\" width=\"132\">0.1<\/td>\n<td class=\"et10\" style=\"width: 102.00pt;\" width=\"136\">9.9<\/td>\n<td class=\"et10\" style=\"width: 99.75pt;\" width=\"133\">S<\/td>\n<td class=\"et11\" style=\"width: 207.75pt;\" width=\"277\">Th\u1eddi gian b\u1eaft \u0111\u1ea7u ch\u1eadm: 0,15<\/td>\n<\/tr>\n<tr style=\"height: 48.00pt;\">\n<td class=\"et6\" style=\"height: 48.00pt; width: 125.25pt;\" width=\"167\" height=\"64\">Th\u1eddi gian d\u1eebng ch\u1eadm<\/td>\n<td class=\"et10\" style=\"width: 99.00pt;\" width=\"132\">0.1<\/td>\n<td class=\"et10\" style=\"width: 102.00pt;\" width=\"136\">0.3<\/td>\n<td class=\"et10\" style=\"width: 99.75pt;\" width=\"133\">S<\/td>\n<td class=\"et11\" style=\"width: 207.75pt;\" width=\"277\">Ch\u01b0\u01a1ng tr\u00ecnh \u0111i\u1ec1u khi\u1ec3n t\u1ef1 \u0111\u1ed9ng<\/td>\n<\/tr>\n<tr style=\"height: 120.75pt;\">\n<td class=\"et6\" style=\"height: 120.75pt; width: 125.25pt;\" width=\"167\" height=\"161\">\u0110\u1ed9 nh\u1ea1y quang \u0111i\u1ec7n<\/td>\n<td class=\"et10\" style=\"width: 99.00pt;\" width=\"132\">0<\/td>\n<td class=\"et10\" style=\"width: 102.00pt;\" width=\"136\">99<\/td>\n<td class=\"et12\" style=\"width: 99.75pt;\" width=\"133\">\u00a0<\/td>\n<td class=\"et11\" style=\"width: 207.75pt;\" width=\"277\">Gi\u00e1 tr\u1ecb c\u00e0ng cao. \u0110\u1ed9 nh\u1ea1y c\u00e0ng l\u1edbn<\/td>\n<\/tr>\n<tr style=\"height: 136.50pt;\">\n<td class=\"et6\" style=\"height: 136.50pt; width: 125.25pt;\" width=\"167\" height=\"182\">\u0110\u1ea7u ra \u0111i\u1ec1u khi\u1ec3n DC<\/td>\n<td class=\"et10\" style=\"width: 201.00pt;\" colspan=\"2\" width=\"268\">24V 200mA<\/td>\n<td class=\"et12\" style=\"width: 99.75pt;\" width=\"133\">\u00a0<\/td>\n<td class=\"et11\" style=\"width: 207.75pt;\" width=\"277\">\u0110i\u1ec1u khi\u1ec3n c\u00e1c c\u1ea3m bi\u1ebfn b\u00ean ngo\u00e0i v\u00e0 van \u0111i\u1ec7n t\u1eeb c\u00f4ng su\u1ea5t th\u1ea5p \u0111\u1ec3 cung c\u1ea5p \u0111i\u1ec7n<\/td>\n<\/tr>\n<tr style=\"height: 64.50pt;\">\n<td class=\"et6\" style=\"height: 64.50pt; width: 125.25pt;\" width=\"167\" height=\"86\">Ti\u00eau th\u1ee5 \u0111i\u1ec7n n\u0103ng kh\u00f4ng t\u1ea3i<\/td>\n<td class=\"et10\" style=\"width: 201.00pt;\" colspan=\"2\" width=\"268\">\uff1c3W<\/td>\n<td class=\"et10\" style=\"width: 99.75pt;\" width=\"133\">W<\/td>\n<td class=\"et11\" style=\"width: 207.75pt;\" width=\"277\">\u0110i\u1ec7n \u00e1p \u0111\u1ea7u v\u00e0o: 220V 50Hz<\/td>\n<\/tr>\n<tr style=\"height: 33.00pt;\">\n<td class=\"et6\" style=\"height: 33.00pt; width: 125.25pt;\" width=\"167\" height=\"44\">Ch\u1ebf \u0111\u1ed9 hi\u1ec3n th\u1ecb<\/td>\n<td class=\"et10\" style=\"width: 201.00pt;\" colspan=\"2\" width=\"268\">\u0110\u00e8n LED+\u0110\u00e8n b\u00e1o 5<\/td>\n<td class=\"et12\" style=\"width: 99.75pt;\" width=\"133\">\u00a0<\/td>\n<td class=\"et13\" style=\"width: 207.75pt;\" width=\"277\">\u00a0<\/td>\n<\/tr>\n<tr style=\"height: 91.50pt;\">\n<td class=\"et6\" style=\"height: 91.50pt; width: 125.25pt;\" width=\"167\" height=\"122\">Ch\u1ebf \u0111\u1ed9 ho\u1ea1t \u0111\u1ed9ng<\/td>\n<td class=\"et10\" style=\"width: 201.00pt;\" colspan=\"2\" width=\"268\">Ph\u00edm + c\u00f4ng t\u1eafc m\u00e3 h\u00f3a<\/td>\n<td class=\"et12\" style=\"width: 99.75pt;\" width=\"133\">\u00a0<\/td>\n<td class=\"et11\" style=\"width: 207.75pt;\" width=\"277\">V\u1eadn h\u00e0nh t\u00e0u con thoi t\u1ed1c \u0111\u1ed9, thi\u1ebft k\u1ebf \u0111\u01b0\u1ee3c c\u1ea5p b\u1eb1ng s\u00e1ng ch\u1ebf<\/td>\n<\/tr>\n<tr style=\"height: 76.50pt;\">\n<td class=\"et6\" style=\"height: 182.25pt; width: 125.25pt;\" rowspan=\"2\" width=\"167\" height=\"243\">Ch\u1ebf \u0111\u1ed9 \u0111i\u1ec1u khi\u1ec3n<\/td>\n<td class=\"et10\" style=\"width: 99.00pt;\" width=\"132\">V\u1edbi c\u1ea3m bi\u1ebfn quang \u0111i\u1ec7n h\u1ed3ng ngo\u1ea1i<\/td>\n<td class=\"et12\" style=\"width: 102.00pt;\" width=\"136\">\u00a0<\/td>\n<td class=\"et12\" style=\"width: 99.75pt;\" width=\"133\">\u00a0<\/td>\n<td class=\"et11\" style=\"width: 207.75pt;\" rowspan=\"2\" width=\"277\">Ki\u1ec3m so\u00e1t t\u1eaft m\u00e1y v\u1eadt li\u1ec7u \u0111\u1ea7y\/tr\u1ed1ng<\/td>\n<\/tr>\n<tr style=\"height: 105.75pt;\">\n<td class=\"et10\" style=\"width: 99.00pt;\" width=\"132\">T\u00edn hi\u1ec7u m\u1ee9c th\u1ea5p (c\u1ea3m bi\u1ebfn \u0111a n\u0103ng NPN ho\u1eb7c PLC)<\/td>\n<td class=\"et12\" style=\"width: 102.00pt;\" width=\"136\">\u00a0<\/td>\n<td class=\"et12\" style=\"width: 99.75pt;\" width=\"133\">\u00a0<\/td>\n<\/tr>\n<tr style=\"height: 60.75pt;\">\n<td class=\"et6\" style=\"height: 60.75pt; width: 125.25pt;\" width=\"167\" height=\"81\">Nhi\u1ec7t \u0111\u1ed9 l\u00e0m vi\u1ec7c<\/td>\n<td class=\"et10\" style=\"width: 99.00pt;\" width=\"132\">-20<\/td>\n<td class=\"et10\" style=\"width: 102.00pt;\" width=\"136\">40<\/td>\n<td class=\"et10\" style=\"width: 99.75pt;\" width=\"133\">oC<\/td>\n<td class=\"et11\" style=\"width: 207.75pt;\" width=\"277\">B\u1ea3o v\u1ec7 qu\u00e1 nhi\u1ec7t: 58oC<\/td>\n<\/tr>\n<tr style=\"height: 48.00pt;\">\n<td class=\"et6\" style=\"height: 48.00pt; width: 125.25pt;\" width=\"167\" height=\"64\">\u0110\u1ed9 \u1ea9m t\u01b0\u01a1ng \u0111\u1ed1i l\u00e0m vi\u1ec7c<\/td>\n<td class=\"et10\" style=\"width: 99.00pt;\" width=\"132\">0<\/td>\n<td class=\"et10\" style=\"width: 102.00pt;\" width=\"136\">90<\/td>\n<td class=\"et10\" style=\"width: 99.75pt;\" width=\"133\">%<\/td>\n<td class=\"et11\" style=\"width: 207.75pt;\" width=\"277\">Kh\u00f4ng ng\u01b0ng t\u1ee5<\/td>\n<\/tr>\n<tr style=\"height: 64.50pt;\">\n<td class=\"et6\" style=\"height: 64.50pt; width: 125.25pt;\" width=\"167\" height=\"86\">Bi\u1ec7n ph\u00e1p b\u1ea3o v\u1ec7<\/td>\n<td class=\"et10\" style=\"width: 508.50pt;\" colspan=\"4\" width=\"678\">Qu\u00e1 nhi\u1ec7t, qu\u00e1 d\u00f2ng, b\u1ea3o v\u1ec7 ng\u1eafn m\u1ea1ch \u0111\u1ea7u ra<\/td>\n<\/tr>\n<tr style=\"height: 31.50pt;\">\n<td class=\"et14\" style=\"height: 31.50pt; width: 125.25pt;\" width=\"167\" height=\"42\">\u1ee8ng d\u1ee5ng<\/td>\n<td class=\"et15\" style=\"width: 508.50pt;\" colspan=\"4\" width=\"678\">\u0110i\u1ec7n t\u1eeb<\/td>\n<\/tr>\n<\/tbody>\n<\/table>","protected":false},"excerpt":{"rendered":"<p>B\u1ed9 \u0111i\u1ec1u khi\u1ec3n c\u1ea5p li\u1ec7u rung t\u1ea7n s\u1ed1 \u00e1p \u0111i\u1ec7n ch\u00ednh x\u00e1c SW-40F l\u00e0 thi\u1ebft b\u1ecb hi\u1ec7u su\u1ea5t cao \u0111\u01b0\u1ee3c thi\u1ebft k\u1ebf \u0111\u1ec3 v\u1eadn h\u00e0nh c\u1ea5p li\u1ec7u hi\u1ec7u qu\u1ea3 v\u00e0 ch\u00ednh x\u00e1c.<\/p>","protected":false},"featured_media":1995,"comment_status":"open","ping_status":"closed","template":"","meta":[],"product_cat":[45],"product_tag":[],"yoast_head":"<!-- This site is optimized with the Yoast SEO plugin v22.2 - https:\/\/yoast.com\/wordpress\/plugins\/seo\/ -->\n<title>Precision Piezoelectric Frequency Vibratory Feeder Controller SW-40F - SWOER<\/title>\n<meta name=\"robots\" content=\"index, follow, max-snippet:-1, max-image-preview:large, max-video-preview:-1\" \/>\n<link rel=\"canonical\" href=\"https:\/\/swoer.com\/vi\/manufacturer\/precision-piezoelectric-frequency-vibratory-feeder-controller-sw-40f\/\" \/>\n<meta property=\"og:locale\" content=\"vi_VN\" \/>\n<meta property=\"og:type\" content=\"article\" \/>\n<meta property=\"og:title\" content=\"Precision Piezoelectric Frequency Vibratory Feeder Controller SW-40F - SWOER\" \/>\n<meta property=\"og:description\" content=\"The precision piezoelectric frequency vibrating feeder controller SW-40F is a high-performance device designed for efficient and precise feeding operations.\" \/>\n<meta property=\"og:url\" content=\"https:\/\/swoer.com\/vi\/manufacturer\/precision-piezoelectric-frequency-vibratory-feeder-controller-sw-40f\/\" \/>\n<meta property=\"og:site_name\" content=\"SWOER\" \/>\n<meta property=\"article:modified_time\" content=\"2024-04-18T02:24:06+00:00\" \/>\n<meta property=\"og:image\" content=\"https:\/\/swoer.com\/wp-content\/uploads\/2024\/04\/vibratory-feeder-controller-SW-40F.webp\" \/>\n\t<meta property=\"og:image:width\" content=\"1000\" \/>\n\t<meta property=\"og:image:height\" content=\"1000\" \/>\n\t<meta property=\"og:image:type\" content=\"image\/webp\" \/>\n<meta name=\"twitter:card\" content=\"summary_large_image\" \/>\n<meta name=\"twitter:label1\" content=\"\u01af\u1edbc t\u00ednh th\u1eddi gian \u0111\u1ecdc\" \/>\n\t<meta name=\"twitter:data1\" content=\"1 ph\u00fat\" \/>\n<script type=\"application\/ld+json\" class=\"yoast-schema-graph\">{\"@context\":\"https:\/\/schema.org\",\"@graph\":[{\"@type\":\"WebPage\",\"@id\":\"https:\/\/swoer.com\/manufacturer\/precision-piezoelectric-frequency-vibratory-feeder-controller-sw-40f\/\",\"url\":\"https:\/\/swoer.com\/manufacturer\/precision-piezoelectric-frequency-vibratory-feeder-controller-sw-40f\/\",\"name\":\"Precision Piezoelectric Frequency Vibratory Feeder Controller SW-40F - SWOER\",\"isPartOf\":{\"@id\":\"https:\/\/swoer.com\/#website\"},\"primaryImageOfPage\":{\"@id\":\"https:\/\/swoer.com\/manufacturer\/precision-piezoelectric-frequency-vibratory-feeder-controller-sw-40f\/#primaryimage\"},\"image\":{\"@id\":\"https:\/\/swoer.com\/manufacturer\/precision-piezoelectric-frequency-vibratory-feeder-controller-sw-40f\/#primaryimage\"},\"thumbnailUrl\":\"https:\/\/swoer.com\/wp-content\/uploads\/2024\/04\/vibratory-feeder-controller-SW-40F.webp\",\"datePublished\":\"2024-04-18T02:15:58+00:00\",\"dateModified\":\"2024-04-18T02:24:06+00:00\",\"breadcrumb\":{\"@id\":\"https:\/\/swoer.com\/manufacturer\/precision-piezoelectric-frequency-vibratory-feeder-controller-sw-40f\/#breadcrumb\"},\"inLanguage\":\"vi\",\"potentialAction\":[{\"@type\":\"ReadAction\",\"target\":[\"https:\/\/swoer.com\/manufacturer\/precision-piezoelectric-frequency-vibratory-feeder-controller-sw-40f\/\"]}]},{\"@type\":\"ImageObject\",\"inLanguage\":\"vi\",\"@id\":\"https:\/\/swoer.com\/manufacturer\/precision-piezoelectric-frequency-vibratory-feeder-controller-sw-40f\/#primaryimage\",\"url\":\"https:\/\/swoer.com\/wp-content\/uploads\/2024\/04\/vibratory-feeder-controller-SW-40F.webp\",\"contentUrl\":\"https:\/\/swoer.com\/wp-content\/uploads\/2024\/04\/vibratory-feeder-controller-SW-40F.webp\",\"width\":1000,\"height\":1000,\"caption\":\"vibratory feeder controller SW-40F\"},{\"@type\":\"BreadcrumbList\",\"@id\":\"https:\/\/swoer.com\/manufacturer\/precision-piezoelectric-frequency-vibratory-feeder-controller-sw-40f\/#breadcrumb\",\"itemListElement\":[{\"@type\":\"ListItem\",\"position\":1,\"name\":\"Home\",\"item\":\"https:\/\/swoer.com\/\"},{\"@type\":\"ListItem\",\"position\":2,\"name\":\"Shop\",\"item\":\"https:\/\/swoer.com\/shop\/\"},{\"@type\":\"ListItem\",\"position\":3,\"name\":\"Precision Piezoelectric Frequency Vibratory Feeder Controller SW-40F\"}]},{\"@type\":\"WebSite\",\"@id\":\"https:\/\/swoer.com\/#website\",\"url\":\"https:\/\/swoer.com\/\",\"name\":\"SWOER\",\"description\":\"Swoer is the top 3 vibratory bowl feeder manufacturer in China\",\"potentialAction\":[{\"@type\":\"SearchAction\",\"target\":{\"@type\":\"EntryPoint\",\"urlTemplate\":\"https:\/\/swoer.com\/?s={search_term_string}\"},\"query-input\":\"required name=search_term_string\"}],\"inLanguage\":\"vi\"}]}<\/script>\n<!-- \/ Yoast SEO plugin. -->","yoast_head_json":{"title":"Precision Piezoelectric Frequency Vibratory Feeder Controller SW-40F - SWOER","robots":{"index":"index","follow":"follow","max-snippet":"max-snippet:-1","max-image-preview":"max-image-preview:large","max-video-preview":"max-video-preview:-1"},"canonical":"https:\/\/swoer.com\/vi\/manufacturer\/precision-piezoelectric-frequency-vibratory-feeder-controller-sw-40f\/","og_locale":"vi_VN","og_type":"article","og_title":"Precision Piezoelectric Frequency Vibratory Feeder Controller SW-40F - SWOER","og_description":"The precision piezoelectric frequency vibrating feeder controller SW-40F is a high-performance device designed for efficient and precise feeding operations.","og_url":"https:\/\/swoer.com\/vi\/manufacturer\/precision-piezoelectric-frequency-vibratory-feeder-controller-sw-40f\/","og_site_name":"SWOER","article_modified_time":"2024-04-18T02:24:06+00:00","og_image":[{"width":1000,"height":1000,"url":"https:\/\/swoer.com\/wp-content\/uploads\/2024\/04\/vibratory-feeder-controller-SW-40F.webp","type":"image\/webp"}],"twitter_card":"summary_large_image","twitter_misc":{"\u01af\u1edbc t\u00ednh th\u1eddi gian \u0111\u1ecdc":"1 ph\u00fat"},"schema":{"@context":"https:\/\/schema.org","@graph":[{"@type":"WebPage","@id":"https:\/\/swoer.com\/manufacturer\/precision-piezoelectric-frequency-vibratory-feeder-controller-sw-40f\/","url":"https:\/\/swoer.com\/manufacturer\/precision-piezoelectric-frequency-vibratory-feeder-controller-sw-40f\/","name":"Precision Piezoelectric Frequency Vibratory Feeder Controller SW-40F - SWOER","isPartOf":{"@id":"https:\/\/swoer.com\/#website"},"primaryImageOfPage":{"@id":"https:\/\/swoer.com\/manufacturer\/precision-piezoelectric-frequency-vibratory-feeder-controller-sw-40f\/#primaryimage"},"image":{"@id":"https:\/\/swoer.com\/manufacturer\/precision-piezoelectric-frequency-vibratory-feeder-controller-sw-40f\/#primaryimage"},"thumbnailUrl":"https:\/\/swoer.com\/wp-content\/uploads\/2024\/04\/vibratory-feeder-controller-SW-40F.webp","datePublished":"2024-04-18T02:15:58+00:00","dateModified":"2024-04-18T02:24:06+00:00","breadcrumb":{"@id":"https:\/\/swoer.com\/manufacturer\/precision-piezoelectric-frequency-vibratory-feeder-controller-sw-40f\/#breadcrumb"},"inLanguage":"vi","potentialAction":[{"@type":"ReadAction","target":["https:\/\/swoer.com\/manufacturer\/precision-piezoelectric-frequency-vibratory-feeder-controller-sw-40f\/"]}]},{"@type":"ImageObject","inLanguage":"vi","@id":"https:\/\/swoer.com\/manufacturer\/precision-piezoelectric-frequency-vibratory-feeder-controller-sw-40f\/#primaryimage","url":"https:\/\/swoer.com\/wp-content\/uploads\/2024\/04\/vibratory-feeder-controller-SW-40F.webp","contentUrl":"https:\/\/swoer.com\/wp-content\/uploads\/2024\/04\/vibratory-feeder-controller-SW-40F.webp","width":1000,"height":1000,"caption":"vibratory feeder controller SW-40F"},{"@type":"BreadcrumbList","@id":"https:\/\/swoer.com\/manufacturer\/precision-piezoelectric-frequency-vibratory-feeder-controller-sw-40f\/#breadcrumb","itemListElement":[{"@type":"ListItem","position":1,"name":"Home","item":"https:\/\/swoer.com\/"},{"@type":"ListItem","position":2,"name":"Shop","item":"https:\/\/swoer.com\/shop\/"},{"@type":"ListItem","position":3,"name":"Precision Piezoelectric Frequency Vibratory Feeder Controller SW-40F"}]},{"@type":"WebSite","@id":"https:\/\/swoer.com\/#website","url":"https:\/\/swoer.com\/","name":"SWOER","description":"Swoer is the top 3 vibratory bowl feeder manufacturer in China","potentialAction":[{"@type":"SearchAction","target":{"@type":"EntryPoint","urlTemplate":"https:\/\/swoer.com\/?s={search_term_string}"},"query-input":"required name=search_term_string"}],"inLanguage":"vi"}]}},"_links":{"self":[{"href":"https:\/\/swoer.com\/vi\/wp-json\/wp\/v2\/product\/1994"}],"collection":[{"href":"https:\/\/swoer.com\/vi\/wp-json\/wp\/v2\/product"}],"about":[{"href":"https:\/\/swoer.com\/vi\/wp-json\/wp\/v2\/types\/product"}],"replies":[{"embeddable":true,"href":"https:\/\/swoer.com\/vi\/wp-json\/wp\/v2\/comments?post=1994"}],"wp:featuredmedia":[{"embeddable":true,"href":"https:\/\/swoer.com\/vi\/wp-json\/wp\/v2\/media\/1995"}],"wp:attachment":[{"href":"https:\/\/swoer.com\/vi\/wp-json\/wp\/v2\/media?parent=1994"}],"wp:term":[{"taxonomy":"product_cat","embeddable":true,"href":"https:\/\/swoer.com\/vi\/wp-json\/wp\/v2\/product_cat?post=1994"},{"taxonomy":"product_tag","embeddable":true,"href":"https:\/\/swoer.com\/vi\/wp-json\/wp\/v2\/product_tag?post=1994"}],"curies":[{"name":"wp","href":"https:\/\/api.w.org\/{rel}","templated":true}]}}