{"id":1989,"date":"2024-04-16T06:05:57","date_gmt":"2024-04-16T06:05:57","guid":{"rendered":"https:\/\/swoer.com\/?post_type=product&#038;p=1989"},"modified":"2024-04-16T06:17:14","modified_gmt":"2024-04-16T06:17:14","slug":"digital-stabilized-voltage-vibratory-bowl-feeder-controller-sw-10","status":"publish","type":"product","link":"https:\/\/swoer.com\/vi\/manufacturer\/digital-stabilized-voltage-vibratory-bowl-feeder-controller-sw-10\/","title":{"rendered":"B\u1ed9 \u0111i\u1ec1u khi\u1ec3n b\u1ed9 c\u1ea5p li\u1ec7u b\u00e1t rung c\u00f3 \u0111i\u1ec7n \u00e1p \u1ed5n \u0111\u1ecbnh k\u1ef9 thu\u1eadt s\u1ed1 SW-10"},"content":{"rendered":"<h2><strong><b>\u0110\u1eb7c tr\u01b0ng<\/b><\/strong><\/h2>\n<p><strong>K\u00edch th\u01b0\u1edbc:<\/strong>L128mm*W50mm*H53mm<\/p>\n<p><strong>K\u00edch th\u01b0\u1edbc l\u1ed7 l\u1eafp \u0111\u1eb7t:<\/strong>\u00a0119mm B\u1ea3o h\u00e0nh 1 n\u0103m<\/p>\n<ol>\n<li>B\u1eb1ng ph\u00edm ch\u1ea1m nh\u1eb9 \u0111\u1ec3 b\u1eaft \u0111\u1ea7u v\u00e0 d\u1eebng ho\u1ea1t \u0111\u1ed9ng, thu\u1eadn ti\u1ec7n v\u00e0 \u0111\u00e1ng tin c\u1eady.<\/li>\n<li>B\u1ed1n b\u1ed9 \u0111\u00e8n b\u00e1o tr\u1ea1ng th\u00e1i l\u00e0m vi\u1ec7c, giao di\u1ec7n thao t\u00e1c \u0111\u01a1n gi\u1ea3n v\u00e0 tr\u1ef1c quan.<\/li>\n<li>T\u00edch h\u1ee3p ch\u01b0\u01a1ng tr\u00ecnh kh\u1edfi \u0111\u1ed9ng ch\u1eadm v\u00e0 d\u1eebng ch\u1eadm th\u00f4ng minh, \u0111\u1ea3m b\u1ea3o th\u1eddi \u0111i\u1ec3m b\u1eaft \u0111\u1ea7u v\u00e0 d\u1eebng cho \u0103n m\u1ed9t c\u00e1ch su\u00f4n s\u1ebb.<\/li>\n<li>S\u1eed d\u1ee5ng chi\u1ebft \u00e1p c\u00f3 tu\u1ed5i th\u1ecd cao \u0111\u01b0\u1ee3c ni\u00eam phong ho\u00e0n to\u00e0n, \u1ed5n \u0111\u1ecbnh v\u00e0 b\u1ec1n b\u1ec9.<\/li>\n<li>Hi\u1ec7u su\u1ea5t \u0111i\u1ec1u ch\u1ec9nh t\u1ed1t, Trong tr\u01b0\u1eddng h\u1ee3p \u0111i\u1ec7n \u00e1p l\u01b0\u1edbi \u0111i\u1ec7n dao \u0111\u1ed9ng, \u0111\u1ea3m b\u1ea3o t\u1ed1c \u0111\u1ed9 c\u1ea5p ngu\u1ed3n \u1ed5n \u0111\u1ecbnh.<\/li>\n<li>H\u1ec7 th\u1ed1ng t\u00edch h\u1ee3p cao, k\u00edch th\u01b0\u1edbc t\u1ed1i \u01b0u, tr\u1ecdng l\u01b0\u1ee3ng nh\u1eb9, di\u1ec7n t\u00edch nh\u1ecf, l\u1eafp \u0111\u1eb7t d\u1ec5 d\u00e0ng.<\/li>\n<li>Nh\u00e0 \u1edf kh\u00e9p k\u00edn, th\u00edch nghi v\u1edbi m\u00f4i tr\u01b0\u1eddng l\u00e0m vi\u1ec7c kh\u1eafc nghi\u1ec7t.<\/li>\n<li>V\u1edbi qu\u00e1 nhi\u1ec7t, qu\u00e1 t\u1ea3i, b\u1ea3o v\u1ec7 ng\u1eafn m\u1ea1ch \u0111\u1ea7u ra.<\/li>\n<\/ol>\n<h2><strong>Th\u00f4ng s\u1ed1 k\u1ef9 thu\u1eadt<\/strong><\/h2>\n<table style=\"border-collapse: collapse; width: 622.52pt;\" border=\"0\" width=\"830\" cellspacing=\"0\" cellpadding=\"0\">\n<tbody>\n<tr style=\"height: 17.25pt;\">\n<td class=\"et2\" style=\"height: 33.75pt; width: 147.75pt;\" rowspan=\"2\" width=\"197\" height=\"45\">M\u1ee5c<\/td>\n<td class=\"et3\" style=\"width: 204.75pt;\" colspan=\"2\" width=\"273\">Gi\u00e1 tr\u1ecb ph\u1ea1m vi<\/td>\n<td class=\"et4\" style=\"width: 54.00pt; border-bottom: 1.0pt solid #DDDDDD;\" rowspan=\"2\" width=\"72\">\u0110\u01a1n v\u1ecb<\/td>\n<td class=\"et5\" style=\"width: 216.00pt;\" rowspan=\"2\" width=\"288\">Nh\u1eadn x\u00e9t<\/td>\n<\/tr>\n<tr style=\"height: 16.50pt;\">\n<td class=\"et7\" style=\"width: 122.25pt;\" width=\"163\">T\u1ed1i thi\u1ec3u.<\/td>\n<td class=\"et7\" style=\"width: 82.50pt;\" width=\"110\">T\u1ed1i \u0111a.<\/td>\n<\/tr>\n<tr style=\"height: 16.50pt;\">\n<td class=\"et6\" style=\"height: 16.50pt; width: 147.75pt;\" width=\"197\" height=\"22\">\u0110i\u1ec7n \u00e1p \u0111\u1ea7u v\u00e0o<\/td>\n<td class=\"et10\" style=\"width: 122.25pt;\" width=\"163\">85<\/td>\n<td class=\"et10\" style=\"width: 82.50pt;\" width=\"110\">265<\/td>\n<td class=\"et10\" style=\"width: 54.00pt;\" width=\"72\">V.<\/td>\n<td class=\"et11\" style=\"width: 216.00pt;\" width=\"288\">S\u00f3ng h\u00ecnh sin50\/60Hz<\/td>\n<\/tr>\n<tr style=\"height: 54.00pt;\">\n<td class=\"et6\" style=\"height: 54.00pt; width: 147.75pt;\" width=\"197\" height=\"72\">\u0110i\u1ec7n \u00e1p \u0111\u1ea7u ra<\/td>\n<td class=\"et10\" style=\"width: 122.25pt;\" width=\"163\">0<\/td>\n<td class=\"et10\" style=\"width: 82.50pt;\" width=\"110\">250<\/td>\n<td class=\"et10\" style=\"width: 54.00pt;\" width=\"72\">V.<\/td>\n<td class=\"et11\" style=\"width: 216.00pt;\" width=\"288\">\u0110\u1ed9 ch\u00ednh x\u00e1c \u0111i\u1ec1u ch\u1ec9nh \u0111i\u1ec7n \u00e1p: 1v<\/td>\n<\/tr>\n<tr style=\"height: 30.00pt;\">\n<td class=\"et6\" style=\"height: 30.00pt; width: 147.75pt;\" width=\"197\" height=\"40\">S\u1ea3n l\u01b0\u1ee3ng hi\u1ec7n t\u1ea1i<\/td>\n<td class=\"et10\" style=\"width: 122.25pt;\" width=\"163\">0<\/td>\n<td class=\"et10\" style=\"width: 82.50pt;\" width=\"110\">4.5<\/td>\n<td class=\"et10\" style=\"width: 54.00pt;\" width=\"72\">M\u1ed8T<\/td>\n<td class=\"et11\" style=\"width: 216.00pt;\" width=\"288\">\u0110\u1ecbnh m\u1ee9c c\u00f4ng su\u1ea5t: 1,5A\/3a\/4,5A<\/td>\n<\/tr>\n<tr style=\"height: 42.00pt;\">\n<td class=\"et6\" style=\"height: 42.00pt; width: 147.75pt;\" width=\"197\" height=\"56\">T\u1ea7n s\u1ed1 \u0111\u1ea7u ra<\/td>\n<td class=\"et10\" style=\"width: 122.25pt;\" width=\"163\">40<\/td>\n<td class=\"et10\" style=\"width: 82.50pt;\" width=\"110\">400<\/td>\n<td class=\"et10\" style=\"width: 54.00pt;\" width=\"72\">Hz<\/td>\n<td class=\"et11\" style=\"width: 216.00pt;\" width=\"288\">\u0110\u1ed9 ch\u00ednh x\u00e1c c\u1ee7a d\u1ea3i t\u1ea7n: 0,1Hz<\/td>\n<\/tr>\n<tr style=\"height: 33.00pt;\">\n<td class=\"et6\" style=\"height: 33.00pt; width: 147.75pt;\" width=\"197\" height=\"44\">S\u00f3ng \u0111\u1ea7u ra<\/td>\n<td class=\"et10\" style=\"width: 474.75pt;\" colspan=\"4\" width=\"633\">S\u00f3ng h\u00ecnh sin<\/td>\n<\/tr>\n<tr style=\"height: 16.50pt;\">\n<td class=\"et6\" style=\"height: 16.50pt; width: 147.75pt;\" width=\"197\" height=\"22\">Kho\u1ea3ng th\u1eddi gian tr\u1ec5 b\u1eaft \u0111\u1ea7u<\/td>\n<td class=\"et10\" style=\"width: 122.25pt;\" width=\"163\">0<\/td>\n<td class=\"et10\" style=\"width: 82.50pt;\" width=\"110\">30<\/td>\n<td class=\"et10\" style=\"width: 54.00pt;\" width=\"72\">S<\/td>\n<td class=\"et11\" style=\"width: 216.00pt;\" width=\"288\">\u0110\u1ed9 ch\u00ednh x\u00e1c th\u1eddi gian tr\u1ec5: 15<\/td>\n<\/tr>\n<tr style=\"height: 28.00pt;\">\n<td class=\"et6\" style=\"height: 28.00pt; width: 147.75pt;\" width=\"197\" height=\"37\">Ph\u1ea1m vi th\u1eddi gian tr\u1ec5 t\u1eaft<\/td>\n<td class=\"et10\" style=\"width: 122.25pt;\" width=\"163\">0<\/td>\n<td class=\"et10\" style=\"width: 82.50pt;\" width=\"110\">30<\/td>\n<td class=\"et10\" style=\"width: 54.00pt;\" width=\"72\">S<\/td>\n<td class=\"et11\" style=\"width: 216.00pt;\" width=\"288\">\u0110\u1ed9 ch\u00ednh x\u00e1c th\u1eddi gian tr\u1ec5: 15<\/td>\n<\/tr>\n<tr style=\"height: 52.00pt;\">\n<td class=\"et6\" style=\"height: 52.00pt; width: 147.75pt;\" width=\"197\" height=\"69\">Th\u1eddi gian b\u1eaft \u0111\u1ea7u ch\u1eadm<\/td>\n<td class=\"et10\" style=\"width: 122.25pt;\" width=\"163\">0.1<\/td>\n<td class=\"et10\" style=\"width: 82.50pt;\" width=\"110\">9.9<\/td>\n<td class=\"et10\" style=\"width: 54.00pt;\" width=\"72\">S<\/td>\n<td class=\"et11\" style=\"width: 216.00pt;\" width=\"288\">Th\u1eddi gian b\u1eaft \u0111\u1ea7u ch\u1eadm: 0,15<\/td>\n<\/tr>\n<tr style=\"height: 16.50pt;\">\n<td class=\"et6\" style=\"height: 16.50pt; width: 147.75pt;\" width=\"197\" height=\"22\">Th\u1eddi gian d\u1eebng ch\u1eadm<\/td>\n<td class=\"et10\" style=\"width: 122.25pt;\" width=\"163\">0.1<\/td>\n<td class=\"et10\" style=\"width: 82.50pt;\" width=\"110\">0.3<\/td>\n<td class=\"et10\" style=\"width: 54.00pt;\" width=\"72\">S<\/td>\n<td class=\"et11\" style=\"width: 216.00pt;\" width=\"288\">Ch\u01b0\u01a1ng tr\u00ecnh \u0111i\u1ec1u khi\u1ec3n t\u1ef1 \u0111\u1ed9ng<\/td>\n<\/tr>\n<tr style=\"height: 72.00pt;\">\n<td class=\"et6\" style=\"height: 72.00pt; width: 147.75pt;\" width=\"197\" height=\"96\">\u0110\u1ed9 nh\u1ea1y quang \u0111i\u1ec7n<\/td>\n<td class=\"et10\" style=\"width: 122.25pt;\" width=\"163\">0<\/td>\n<td class=\"et10\" style=\"width: 82.50pt;\" width=\"110\">99<\/td>\n<td class=\"et12\" style=\"width: 54.00pt;\" width=\"72\">\u00a0<\/td>\n<td class=\"et11\" style=\"width: 216.00pt;\" width=\"288\">Gi\u00e1 tr\u1ecb c\u00e0ng cao. \u0110\u1ed9 nh\u1ea1y c\u00e0ng l\u1edbn<\/td>\n<\/tr>\n<tr style=\"height: 84.00pt;\">\n<td class=\"et6\" style=\"height: 84.00pt; width: 147.75pt;\" width=\"197\" height=\"112\">\u0110\u1ea7u ra \u0111i\u1ec1u khi\u1ec3n DC<\/td>\n<td class=\"et10\" style=\"width: 204.75pt;\" colspan=\"2\" width=\"273\">24V 200mA<\/td>\n<td class=\"et12\" style=\"width: 54.00pt;\" width=\"72\">\u00a0<\/td>\n<td class=\"et11\" style=\"width: 216.00pt;\" width=\"288\">\u0110i\u1ec1u khi\u1ec3n c\u00e1c c\u1ea3m bi\u1ebfn b\u00ean ngo\u00e0i v\u00e0 van \u0111i\u1ec7n t\u1eeb c\u00f4ng su\u1ea5t th\u1ea5p \u0111\u1ec3 cung c\u1ea5p \u0111i\u1ec7n<\/td>\n<\/tr>\n<tr style=\"height: 64.50pt;\">\n<td class=\"et6\" style=\"height: 64.50pt; width: 147.75pt;\" width=\"197\" height=\"86\">Ti\u00eau th\u1ee5 \u0111i\u1ec7n n\u0103ng kh\u00f4ng t\u1ea3i<\/td>\n<td class=\"et10\" style=\"width: 204.75pt;\" colspan=\"2\" width=\"273\">\uff1c3W<\/td>\n<td class=\"et10\" style=\"width: 54.00pt;\" width=\"72\">W<\/td>\n<td class=\"et11\" style=\"width: 216.00pt;\" width=\"288\">\u0110i\u1ec7n \u00e1p \u0111\u1ea7u v\u00e0o: 220V 50Hz<\/td>\n<\/tr>\n<tr style=\"height: 33.00pt;\">\n<td class=\"et6\" style=\"height: 33.00pt; width: 147.75pt;\" width=\"197\" height=\"44\">Ch\u1ebf \u0111\u1ed9 hi\u1ec3n th\u1ecb<\/td>\n<td class=\"et10\" style=\"width: 204.75pt;\" colspan=\"2\" width=\"273\">\u0110\u00e8n LED+\u0110\u00e8n b\u00e1o 5<\/td>\n<td class=\"et12\" style=\"width: 54.00pt;\" width=\"72\">\u00a0<\/td>\n<td class=\"et13\" style=\"width: 216.00pt;\" width=\"288\">\u00a0<\/td>\n<\/tr>\n<tr style=\"height: 91.50pt;\">\n<td class=\"et6\" style=\"height: 91.50pt; width: 147.75pt;\" width=\"197\" height=\"122\">Ch\u1ebf \u0111\u1ed9 ho\u1ea1t \u0111\u1ed9ng<\/td>\n<td class=\"et10\" style=\"width: 204.75pt;\" colspan=\"2\" width=\"273\">Ph\u00edm + c\u00f4ng t\u1eafc m\u00e3 h\u00f3a<\/td>\n<td class=\"et12\" style=\"width: 54.00pt;\" width=\"72\">\u00a0<\/td>\n<td class=\"et11\" style=\"width: 216.00pt;\" width=\"288\">V\u1eadn h\u00e0nh t\u00e0u con thoi t\u1ed1c \u0111\u1ed9, thi\u1ebft k\u1ebf \u0111\u01b0\u1ee3c c\u1ea5p b\u1eb1ng s\u00e1ng ch\u1ebf<\/td>\n<\/tr>\n<tr style=\"height: 76.50pt;\">\n<td class=\"et6\" style=\"height: 169.50pt; width: 147.75pt;\" rowspan=\"2\" width=\"197\" height=\"226\">Ch\u1ebf \u0111\u1ed9 \u0111i\u1ec1u khi\u1ec3n<\/td>\n<td class=\"et10\" style=\"width: 122.25pt;\" width=\"163\">V\u1edbi c\u1ea3m bi\u1ebfn quang \u0111i\u1ec7n h\u1ed3ng ngo\u1ea1i<\/td>\n<td class=\"et12\" style=\"width: 82.50pt;\" width=\"110\">\u00a0<\/td>\n<td class=\"et12\" style=\"width: 54.00pt;\" width=\"72\">\u00a0<\/td>\n<td class=\"et11\" style=\"width: 216.00pt;\" rowspan=\"2\" width=\"288\">Ki\u1ec3m so\u00e1t t\u1eaft m\u00e1y v\u1eadt li\u1ec7u \u0111\u1ea7y\/tr\u1ed1ng<\/td>\n<\/tr>\n<tr style=\"height: 93.00pt;\">\n<td class=\"et10\" style=\"width: 122.25pt;\" width=\"163\">T\u00edn hi\u1ec7u m\u1ee9c th\u1ea5p (c\u1ea3m bi\u1ebfn \u0111a n\u0103ng NPN ho\u1eb7c PLC)<\/td>\n<td class=\"et12\" style=\"width: 82.50pt;\" width=\"110\">\u00a0<\/td>\n<td class=\"et12\" style=\"width: 54.00pt;\" width=\"72\">\u00a0<\/td>\n<\/tr>\n<tr style=\"height: 29.00pt;\">\n<td class=\"et6\" style=\"height: 29.00pt; width: 147.75pt;\" width=\"197\" height=\"38\">Nhi\u1ec7t \u0111\u1ed9 l\u00e0m vi\u1ec7c<\/td>\n<td class=\"et10\" style=\"width: 122.25pt;\" width=\"163\">-20<\/td>\n<td class=\"et10\" style=\"width: 82.50pt;\" width=\"110\">40<\/td>\n<td class=\"et10\" style=\"width: 54.00pt;\" width=\"72\">oC<\/td>\n<td class=\"et11\" style=\"width: 216.00pt;\" width=\"288\">B\u1ea3o v\u1ec7 qu\u00e1 nhi\u1ec7t: 58oC<\/td>\n<\/tr>\n<tr style=\"height: 32.25pt;\">\n<td class=\"et6\" style=\"height: 32.25pt; width: 147.75pt;\" width=\"197\" height=\"43\">\u0110\u1ed9 \u1ea9m t\u01b0\u01a1ng \u0111\u1ed1i l\u00e0m vi\u1ec7c<\/td>\n<td class=\"et10\" style=\"width: 122.25pt;\" width=\"163\">0<\/td>\n<td class=\"et10\" style=\"width: 82.50pt;\" width=\"110\">90<\/td>\n<td class=\"et10\" style=\"width: 54.00pt;\" width=\"72\">%<\/td>\n<td class=\"et11\" style=\"width: 216.00pt;\" width=\"288\">Kh\u00f4ng ng\u01b0ng t\u1ee5<\/td>\n<\/tr>\n<tr style=\"height: 64.50pt;\">\n<td class=\"et6\" style=\"height: 64.50pt; width: 147.75pt;\" width=\"197\" height=\"86\">Bi\u1ec7n ph\u00e1p b\u1ea3o v\u1ec7<\/td>\n<td class=\"et10\" style=\"width: 474.75pt;\" colspan=\"4\" width=\"633\">Qu\u00e1 nhi\u1ec7t, qu\u00e1 d\u00f2ng, b\u1ea3o v\u1ec7 ng\u1eafn m\u1ea1ch \u0111\u1ea7u ra<\/td>\n<\/tr>\n<tr style=\"height: 31.50pt;\">\n<td class=\"et14\" style=\"height: 31.50pt; width: 147.75pt;\" width=\"197\" height=\"42\">\u1ee8ng d\u1ee5ng<\/td>\n<td class=\"et15\" style=\"width: 474.75pt;\" colspan=\"4\" width=\"633\">\u0110i\u1ec7n t\u1eeb<\/td>\n<\/tr>\n<\/tbody>\n<\/table>","protected":false},"excerpt":{"rendered":"<p>B\u1ed9 \u0111i\u1ec1u khi\u1ec3n b\u1ed9 c\u1ea5p li\u1ec7u b\u00e1t rung SW-10, b\u1ed9 \u0111i\u1ec1u khi\u1ec3n b\u1ed9 c\u1ea5p li\u1ec7u b\u00e1t rung, b\u1ed9 \u0111i\u1ec1u khi\u1ec3n k\u1ef9 thu\u1eadt s\u1ed1 t\u1ea7n s\u1ed1 thay \u0111\u1ed5i cho b\u1ed9 ph\u1eadn c\u1ea5p li\u1ec7u tuy\u1ebfn t\u00ednh b\u00e1t rung.<\/p>","protected":false},"featured_media":1990,"comment_status":"open","ping_status":"closed","template":"","meta":[],"product_cat":[45],"product_tag":[],"yoast_head":"<!-- This site is optimized with the Yoast SEO plugin v22.2 - https:\/\/yoast.com\/wordpress\/plugins\/seo\/ -->\n<title>Digital Stabilized Voltage Vibratory Bowl Feeder Controller SW-10 - SWOER<\/title>\n<meta name=\"robots\" content=\"index, follow, max-snippet:-1, max-image-preview:large, max-video-preview:-1\" \/>\n<link rel=\"canonical\" href=\"https:\/\/swoer.com\/vi\/manufacturer\/digital-stabilized-voltage-vibratory-bowl-feeder-controller-sw-10\/\" \/>\n<meta property=\"og:locale\" content=\"vi_VN\" \/>\n<meta property=\"og:type\" content=\"article\" \/>\n<meta property=\"og:title\" content=\"Digital Stabilized Voltage Vibratory Bowl Feeder Controller SW-10 - SWOER\" \/>\n<meta property=\"og:description\" content=\"SW-10 vibratory bowl feeder controller,vibratory bowl feeder controller, variable frequency digital controller for vibratory bowl parts linear feeder.\" \/>\n<meta property=\"og:url\" content=\"https:\/\/swoer.com\/vi\/manufacturer\/digital-stabilized-voltage-vibratory-bowl-feeder-controller-sw-10\/\" \/>\n<meta property=\"og:site_name\" content=\"SWOER\" \/>\n<meta property=\"article:modified_time\" content=\"2024-04-16T06:17:14+00:00\" \/>\n<meta property=\"og:image\" content=\"https:\/\/swoer.com\/wp-content\/uploads\/2024\/04\/Digital-Stabilized-Voltage-Bowl-Feeder-Controller-SW-10.webp\" \/>\n\t<meta property=\"og:image:width\" content=\"1000\" \/>\n\t<meta property=\"og:image:height\" content=\"1000\" \/>\n\t<meta property=\"og:image:type\" content=\"image\/webp\" \/>\n<meta name=\"twitter:card\" content=\"summary_large_image\" \/>\n<meta name=\"twitter:label1\" content=\"\u01af\u1edbc t\u00ednh th\u1eddi gian \u0111\u1ecdc\" \/>\n\t<meta name=\"twitter:data1\" content=\"1 ph\u00fat\" \/>\n<script type=\"application\/ld+json\" class=\"yoast-schema-graph\">{\"@context\":\"https:\/\/schema.org\",\"@graph\":[{\"@type\":\"WebPage\",\"@id\":\"https:\/\/swoer.com\/manufacturer\/digital-stabilized-voltage-vibratory-bowl-feeder-controller-sw-10\/\",\"url\":\"https:\/\/swoer.com\/manufacturer\/digital-stabilized-voltage-vibratory-bowl-feeder-controller-sw-10\/\",\"name\":\"Digital Stabilized Voltage Vibratory Bowl Feeder Controller SW-10 - SWOER\",\"isPartOf\":{\"@id\":\"https:\/\/swoer.com\/#website\"},\"primaryImageOfPage\":{\"@id\":\"https:\/\/swoer.com\/manufacturer\/digital-stabilized-voltage-vibratory-bowl-feeder-controller-sw-10\/#primaryimage\"},\"image\":{\"@id\":\"https:\/\/swoer.com\/manufacturer\/digital-stabilized-voltage-vibratory-bowl-feeder-controller-sw-10\/#primaryimage\"},\"thumbnailUrl\":\"https:\/\/swoer.com\/wp-content\/uploads\/2024\/04\/Digital-Stabilized-Voltage-Bowl-Feeder-Controller-SW-10.webp\",\"datePublished\":\"2024-04-16T06:05:57+00:00\",\"dateModified\":\"2024-04-16T06:17:14+00:00\",\"breadcrumb\":{\"@id\":\"https:\/\/swoer.com\/manufacturer\/digital-stabilized-voltage-vibratory-bowl-feeder-controller-sw-10\/#breadcrumb\"},\"inLanguage\":\"vi\",\"potentialAction\":[{\"@type\":\"ReadAction\",\"target\":[\"https:\/\/swoer.com\/manufacturer\/digital-stabilized-voltage-vibratory-bowl-feeder-controller-sw-10\/\"]}]},{\"@type\":\"ImageObject\",\"inLanguage\":\"vi\",\"@id\":\"https:\/\/swoer.com\/manufacturer\/digital-stabilized-voltage-vibratory-bowl-feeder-controller-sw-10\/#primaryimage\",\"url\":\"https:\/\/swoer.com\/wp-content\/uploads\/2024\/04\/Digital-Stabilized-Voltage-Bowl-Feeder-Controller-SW-10.webp\",\"contentUrl\":\"https:\/\/swoer.com\/wp-content\/uploads\/2024\/04\/Digital-Stabilized-Voltage-Bowl-Feeder-Controller-SW-10.webp\",\"width\":1000,\"height\":1000,\"caption\":\"Digital Stabilized Voltage Vibratory Bowl Feeder Controller SW-10\"},{\"@type\":\"BreadcrumbList\",\"@id\":\"https:\/\/swoer.com\/manufacturer\/digital-stabilized-voltage-vibratory-bowl-feeder-controller-sw-10\/#breadcrumb\",\"itemListElement\":[{\"@type\":\"ListItem\",\"position\":1,\"name\":\"Home\",\"item\":\"https:\/\/swoer.com\/\"},{\"@type\":\"ListItem\",\"position\":2,\"name\":\"Shop\",\"item\":\"https:\/\/swoer.com\/shop\/\"},{\"@type\":\"ListItem\",\"position\":3,\"name\":\"Digital Stabilized Voltage Vibratory Bowl Feeder Controller SW-10\"}]},{\"@type\":\"WebSite\",\"@id\":\"https:\/\/swoer.com\/#website\",\"url\":\"https:\/\/swoer.com\/\",\"name\":\"SWOER\",\"description\":\"Swoer is the top 3 vibratory bowl feeder manufacturer in China\",\"potentialAction\":[{\"@type\":\"SearchAction\",\"target\":{\"@type\":\"EntryPoint\",\"urlTemplate\":\"https:\/\/swoer.com\/?s={search_term_string}\"},\"query-input\":\"required name=search_term_string\"}],\"inLanguage\":\"vi\"}]}<\/script>\n<!-- \/ Yoast SEO plugin. -->","yoast_head_json":{"title":"Digital Stabilized Voltage Vibratory Bowl Feeder Controller SW-10 - SWOER","robots":{"index":"index","follow":"follow","max-snippet":"max-snippet:-1","max-image-preview":"max-image-preview:large","max-video-preview":"max-video-preview:-1"},"canonical":"https:\/\/swoer.com\/vi\/manufacturer\/digital-stabilized-voltage-vibratory-bowl-feeder-controller-sw-10\/","og_locale":"vi_VN","og_type":"article","og_title":"Digital Stabilized Voltage Vibratory Bowl Feeder Controller SW-10 - SWOER","og_description":"SW-10 vibratory bowl feeder controller,vibratory bowl feeder controller, variable frequency digital controller for vibratory bowl parts linear feeder.","og_url":"https:\/\/swoer.com\/vi\/manufacturer\/digital-stabilized-voltage-vibratory-bowl-feeder-controller-sw-10\/","og_site_name":"SWOER","article_modified_time":"2024-04-16T06:17:14+00:00","og_image":[{"width":1000,"height":1000,"url":"https:\/\/swoer.com\/wp-content\/uploads\/2024\/04\/Digital-Stabilized-Voltage-Bowl-Feeder-Controller-SW-10.webp","type":"image\/webp"}],"twitter_card":"summary_large_image","twitter_misc":{"\u01af\u1edbc t\u00ednh th\u1eddi gian \u0111\u1ecdc":"1 ph\u00fat"},"schema":{"@context":"https:\/\/schema.org","@graph":[{"@type":"WebPage","@id":"https:\/\/swoer.com\/manufacturer\/digital-stabilized-voltage-vibratory-bowl-feeder-controller-sw-10\/","url":"https:\/\/swoer.com\/manufacturer\/digital-stabilized-voltage-vibratory-bowl-feeder-controller-sw-10\/","name":"Digital Stabilized Voltage Vibratory Bowl Feeder Controller SW-10 - SWOER","isPartOf":{"@id":"https:\/\/swoer.com\/#website"},"primaryImageOfPage":{"@id":"https:\/\/swoer.com\/manufacturer\/digital-stabilized-voltage-vibratory-bowl-feeder-controller-sw-10\/#primaryimage"},"image":{"@id":"https:\/\/swoer.com\/manufacturer\/digital-stabilized-voltage-vibratory-bowl-feeder-controller-sw-10\/#primaryimage"},"thumbnailUrl":"https:\/\/swoer.com\/wp-content\/uploads\/2024\/04\/Digital-Stabilized-Voltage-Bowl-Feeder-Controller-SW-10.webp","datePublished":"2024-04-16T06:05:57+00:00","dateModified":"2024-04-16T06:17:14+00:00","breadcrumb":{"@id":"https:\/\/swoer.com\/manufacturer\/digital-stabilized-voltage-vibratory-bowl-feeder-controller-sw-10\/#breadcrumb"},"inLanguage":"vi","potentialAction":[{"@type":"ReadAction","target":["https:\/\/swoer.com\/manufacturer\/digital-stabilized-voltage-vibratory-bowl-feeder-controller-sw-10\/"]}]},{"@type":"ImageObject","inLanguage":"vi","@id":"https:\/\/swoer.com\/manufacturer\/digital-stabilized-voltage-vibratory-bowl-feeder-controller-sw-10\/#primaryimage","url":"https:\/\/swoer.com\/wp-content\/uploads\/2024\/04\/Digital-Stabilized-Voltage-Bowl-Feeder-Controller-SW-10.webp","contentUrl":"https:\/\/swoer.com\/wp-content\/uploads\/2024\/04\/Digital-Stabilized-Voltage-Bowl-Feeder-Controller-SW-10.webp","width":1000,"height":1000,"caption":"Digital Stabilized Voltage Vibratory Bowl Feeder Controller SW-10"},{"@type":"BreadcrumbList","@id":"https:\/\/swoer.com\/manufacturer\/digital-stabilized-voltage-vibratory-bowl-feeder-controller-sw-10\/#breadcrumb","itemListElement":[{"@type":"ListItem","position":1,"name":"Home","item":"https:\/\/swoer.com\/"},{"@type":"ListItem","position":2,"name":"Shop","item":"https:\/\/swoer.com\/shop\/"},{"@type":"ListItem","position":3,"name":"Digital Stabilized Voltage Vibratory Bowl Feeder Controller SW-10"}]},{"@type":"WebSite","@id":"https:\/\/swoer.com\/#website","url":"https:\/\/swoer.com\/","name":"SWOER","description":"Swoer is the top 3 vibratory bowl feeder manufacturer in China","potentialAction":[{"@type":"SearchAction","target":{"@type":"EntryPoint","urlTemplate":"https:\/\/swoer.com\/?s={search_term_string}"},"query-input":"required name=search_term_string"}],"inLanguage":"vi"}]}},"_links":{"self":[{"href":"https:\/\/swoer.com\/vi\/wp-json\/wp\/v2\/product\/1989"}],"collection":[{"href":"https:\/\/swoer.com\/vi\/wp-json\/wp\/v2\/product"}],"about":[{"href":"https:\/\/swoer.com\/vi\/wp-json\/wp\/v2\/types\/product"}],"replies":[{"embeddable":true,"href":"https:\/\/swoer.com\/vi\/wp-json\/wp\/v2\/comments?post=1989"}],"wp:featuredmedia":[{"embeddable":true,"href":"https:\/\/swoer.com\/vi\/wp-json\/wp\/v2\/media\/1990"}],"wp:attachment":[{"href":"https:\/\/swoer.com\/vi\/wp-json\/wp\/v2\/media?parent=1989"}],"wp:term":[{"taxonomy":"product_cat","embeddable":true,"href":"https:\/\/swoer.com\/vi\/wp-json\/wp\/v2\/product_cat?post=1989"},{"taxonomy":"product_tag","embeddable":true,"href":"https:\/\/swoer.com\/vi\/wp-json\/wp\/v2\/product_tag?post=1989"}],"curies":[{"name":"wp","href":"https:\/\/api.w.org\/{rel}","templated":true}]}}