{"id":1979,"date":"2024-04-13T07:33:22","date_gmt":"2024-04-13T07:33:22","guid":{"rendered":"https:\/\/swoer.com\/?post_type=product&#038;p=1979"},"modified":"2024-04-13T09:01:56","modified_gmt":"2024-04-13T09:01:56","slug":"vibratory-bowl-feeder-controller-sdvc31-xlr","status":"publish","type":"product","link":"https:\/\/swoer.com\/vi\/manufacturer\/vibratory-bowl-feeder-controller-sdvc31-xlr\/","title":{"rendered":"B\u1ed9 \u0111i\u1ec1u khi\u1ec3n n\u1ea1p b\u00e1t rung SDVC31-XLR"},"content":{"rendered":"<h2><strong><b>\u0110\u1eb7c tr\u01b0ng:<\/b><\/strong><\/h2>\n<p><strong><b>Ch\u1ee9ng nh\u1eadn CE<\/b><\/strong><strong><b>, <\/b><\/strong><strong><b>Tu\u00e2n th\u1ee7 RoHS.<\/b><\/strong><\/p>\n<p><strong><b>\u0110i\u1ec1u ch\u1ec9nh t\u1ea7n s\u1ed1:\u00a0<\/b><\/strong>T\u1ea7n s\u1ed1 \u0111\u1ea7u ra c\u1ee7a b\u1ed9 \u0111i\u1ec1u khi\u1ec3n c\u00f3 th\u1ec3 \u0111\u01b0\u1ee3c \u0111i\u1ec1u ch\u1ec9nh th\u1ee7 c\u00f4ng theo t\u1ea7n s\u1ed1 c\u1ed9ng h\u01b0\u1edfng c\u1ee7a b\u1ed9 c\u1ea5p li\u1ec7u rung \u0111\u1ec3 c\u00f3 \u0111\u01b0\u1ee3c hi\u1ec7u \u1ee9ng c\u1ea5p li\u1ec7u m\u01b0\u1ee3t m\u00e0, y\u00ean t\u0129nh v\u00e0 ti\u1ebft ki\u1ec7m n\u0103ng l\u01b0\u1ee3ng.<\/p>\n<p><strong><b>T\u1ef1 \u0111\u1ed9ng \u0111i\u1ec1u ch\u1ec9nh \u0111i\u1ec7n \u00e1p ch\u00ednh x\u00e1c cao:<\/b><\/strong>\u00a0M\u1ea1ch \u0111i\u1ec1u ch\u1ec9nh \u0111i\u1ec7n \u00e1p k\u1ef9 thu\u1eadt s\u1ed1 b\u00ean trong c\u00f3 th\u1ec3 lo\u1ea1i b\u1ecf s\u1ef1 thay \u0111\u1ed5i t\u1ed1c \u0111\u1ed9 c\u1ea5p li\u1ec7u do dao \u0111\u1ed9ng \u0111i\u1ec7n \u00e1p ngu\u1ed3n g\u00e2y ra.<\/p>\n<p><strong><b>Kh\u1edfi \u0111\u1ed9ng m\u1ec1m c\u00f3 th\u1ec3 \u0111i\u1ec1u ch\u1ec9nh th\u1eddi gian:<\/b><\/strong>\u00a0B\u1ed9 \u0111i\u1ec1u khi\u1ec3n s\u1ebd nh\u1eb9 nh\u00e0ng t\u0103ng \u0111i\u1ec7n \u00e1p \u0111\u1ea7u ra t\u1eeb 0 l\u00ean gi\u00e1 tr\u1ecb \u0111\u1eb7t tr\u01b0\u1edbc khi b\u1eadt ngu\u1ed3n \u0111\u1ec3 tr\u00e1nh rung l\u1eafc \u0111\u1ed9t ng\u1ed9t. Th\u1eddi gian b\u1eaft \u0111\u1ea7u m\u1ec1m c\u00f3 th\u1ec3 \u0111\u01b0\u1ee3c c\u00e0i s\u1eb5n b\u1eb1ng k\u1ef9 thu\u1eadt s\u1ed1.<\/p>\n<p><strong><b>\u0110i\u1ec1u khi\u1ec3n B\u1eacT\/T\u1eaeT c\u1ea3m bi\u1ebfn:\u00a0<\/b><\/strong>C\u00f3 th\u1ec3 k\u1ebft n\u1ed1i 1 c\u1ea3m bi\u1ebfn chuy\u1ec3n m\u1ea1ch NPN ho\u1eb7c PLC \u0111\u1ec3 b\u1eadt\/t\u1eaft b\u1ed9 \u0111i\u1ec1u khi\u1ec3n.<\/p>\n<p><strong><b>\u0110i\u1ec1u khi\u1ec3n B\u1eacT\/T\u1eaeT c\u1ea3m bi\u1ebfn quang \u0111i\u1ec7n:<\/b><\/strong>\u00a0C\u1ea3m bi\u1ebfn quang \u0111i\u1ec7n th\u00f4ng minh CUH c\u00f3 th\u1ec3 \u0111\u01b0\u1ee3c k\u1ebft n\u1ed1i \u0111\u1ec3 b\u1eadt\/t\u1eaft b\u1ed9 \u0111i\u1ec1u khi\u1ec3n.<\/p>\n<p><strong><b>Ki\u1ec3m so\u00e1t t\u1ed1c \u0111\u1ed9 t\u1eeb xa:<\/b><\/strong>\u00a0\u0110i\u1ec7n \u00e1p \u0111\u1ea7u ra c\u1ee7a b\u1ed9 \u0111i\u1ec1u khi\u1ec3n c\u00f3 th\u1ec3 \u0111\u01b0\u1ee3c \u0111i\u1ec1u ch\u1ec9nh t\u1eeb xa b\u1eb1ng chi\u1ebft \u00e1p b\u00ean ngo\u00e0i, PLC ho\u1eb7c t\u00edn hi\u1ec7u DC 1-5V.<\/p>\n<p><strong><b>\u0110\u1ea7u ra \u0111i\u1ec1u khi\u1ec3n DC:<\/b><\/strong>\u00a0B\u1ed9 \u0111i\u1ec1u khi\u1ec3n c\u00f3 th\u1ec3 xu\u1ea5t ngu\u1ed3n DC \u0111i\u1ec7n \u00e1p th\u1ea5p li\u00ean quan \u0111\u1ebfn \u0110i\u1ec1u khi\u1ec3n B\u1eacT\/T\u1eaeT c\u1ee7a b\u1ed9 \u0111i\u1ec1u khi\u1ec3n \u0111\u1ec3 \u0111i\u1ec1u khi\u1ec3n \u0111i\u1ec7n t\u1eeb ho\u1eb7c c\u00e1c thi\u1ebft b\u1ecb b\u00ean ngo\u00e0i kh\u00e1c.<\/p>\n<p><strong><b>Kh\u00f3a b\u00e0n ph\u00edm:<\/b><\/strong>\u00a0Kh\u00f3a t\u1ea5t c\u1ea3 c\u00e1c n\u00fat tr\u00ean b\u00e0n ph\u00edm \u0111\u1ec3 tr\u00e1nh thao t\u00e1c sai b\u1eb1ng c\u00e1ch nh\u1ea5n n\u00fat B\u1eacT\/T\u1eaeT v\u00e0 gi\u1eef trong 2 gi\u00e2y.<\/p>\n<p><strong><b>B\u1ea3o v\u1ec7 qu\u00e1 nhi\u1ec7t:\u00a0<\/b><\/strong>N\u1ebfu nhi\u1ec7t \u0111\u1ed9 b\u00ean trong c\u1ee7a b\u1ed9 \u0111i\u1ec1u khi\u1ec3n qu\u00e1 cao, b\u1ed9 \u0111i\u1ec1u khi\u1ec3n s\u1ebd d\u1eebng \u0111\u1ea7u ra \u0111\u1ec3 t\u1ef1 b\u1ea3o v\u1ec7.<\/p>\n<p><strong><b>B\u1ea3o v\u1ec7 qu\u00e1 d\u00f2ng:<\/b><\/strong>\u00a0N\u1ebfu d\u00f2ng \u0111i\u1ec7n \u0111\u1ea7u ra v\u01b0\u1ee3t qu\u00e1 gi\u00e1 tr\u1ecb \u0111\u1ecbnh m\u1ee9c, b\u1ed9 \u0111i\u1ec1u khi\u1ec3n s\u1ebd d\u1eebng \u0111\u1ea7u ra \u0111\u1ec3 b\u1ea3o v\u1ec7 ch\u00ednh n\u00f3 v\u00e0 t\u1ea3i.<\/p>\n<p><strong><b>B\u1ea3o v\u1ec7 ng\u1eafn m\u1ea1ch c\u00f3 th\u1ec3 ph\u1ee5c h\u1ed3i:<\/b><\/strong>\u00a0N\u1ebfu \u0111\u1ea7u ra c\u1ee7a b\u1ed9 \u0111i\u1ec1u khi\u1ec3n b\u1ecb \u0111o\u1ea3n m\u1ea1ch, b\u1ed9 \u0111i\u1ec1u khi\u1ec3n s\u1ebd t\u1eaft \u0111\u1ea7u ra c\u1ee7a n\u00f3 \u0111\u1ec3 b\u1ea3o v\u1ec7 ch\u00ednh n\u00f3 v\u00e0 t\u1ea3i. Nh\u01b0ng c\u1ea7u ch\u00ec b\u00ean trong s\u1ebd kh\u00f4ng b\u1ecb \u0111\u1ee9t. V\u00ec v\u1eady, khi kh\u00f4ng c\u00f3 hi\u1ec7n t\u01b0\u1ee3ng \u0111o\u1ea3n m\u1ea1ch \u1edf ph\u00eda \u0111\u1ea7u ra, b\u1ed9 \u0111i\u1ec1u khi\u1ec3n s\u1ebd ho\u1ea1t \u0111\u1ed9ng tr\u1edf l\u1ea1i sau khi b\u1eadt ngu\u1ed3n.<\/p>\n<p><strong><b>\u0110i\u1ec7n \u00e1p \u0111\u1ea7u ra c\u00f3 th\u1ec3 \u0111i\u1ec1u ch\u1ec9nh t\u1ed1i \u0111a:<\/b><\/strong>\u00a0\u0110i\u1ec7n \u00e1p \u0111\u1ea7u ra c\u00f3 th\u1ec3 \u0111i\u1ec1u ch\u1ec9nh t\u1ed1i \u0111a c\u00f3 th\u1ec3 \u0111\u01b0\u1ee3c \u0111\u1eb7t tr\u01b0\u1edbc \u0111\u1ec3 b\u1ea3o v\u1ec7 t\u1ea3i kh\u1ecfi b\u1ecb h\u01b0 h\u1ecfng do \u0111i\u1ec7n \u00e1p qu\u00e1 cao.<\/p>\n<h2><strong><b>Trang b\u1ecb ti\u00eau chu\u1ea9n:<\/b><\/strong><\/h2>\n<p>C\u00e1p ngu\u1ed3n \u0111\u1ea7u v\u00e0o (1,5m) *1<\/p>\n<p>C\u00e1p ngu\u1ed3n \u0111\u1ea7u ra (1,5m) *1<\/p>\n<p>L\u01b0u \u00fd: C\u00e1p ngu\u1ed3n \u0111\u1ea7u v\u00e0o c\u00f3 th\u1ec3 \u0111\u01b0\u1ee3c t\u00f9y ch\u1ec9nh \u0111\u1ec3 ph\u00f9 h\u1ee3p v\u1edbi \u1ed5 c\u1eafm \u1edf qu\u1ed1c gia c\u1ee7a b\u1ea1n.<\/p>\n<h2><strong><b>Ph\u1ee5 ki\u1ec7n t\u00f9y ch\u1ecdn:<\/b><\/strong><\/h2>\n<p>C\u1ea3m bi\u1ebfn quang \u0111i\u1ec7n th\u00f4ng minh (1,5m)<\/p>\n<h2 class=\"p\"><strong><span class=\"15\">K\u00edch th\u01b0\u1edbc &amp; Tr\u1ecdng l\u01b0\u1ee3ng:<\/span><\/strong><\/h2>\n<p class=\"p\">K\u00edch th\u01b0\u1edbc: 190*53.6*94.5(L*W*H, mm)<\/p>\n<p class=\"p\">Tr\u1ecdng l\u01b0\u1ee3ng: SDVC31-S:610g (kh\u00f4ng c\u00f3 ph\u1ee5 ki\u1ec7n)<\/p>\n<h2><strong><b>Th\u00f4ng s\u1ed1 k\u1ef9 thu\u1eadt<\/b><\/strong><\/h2>\n<table width=\"710\">\n<tbody>\n<tr>\n<td rowspan=\"2\" width=\"242\">M\u1ee5c<\/td>\n<td colspan=\"3\" width=\"216\">Ph\u1ea1m vi<\/td>\n<td rowspan=\"2\" width=\"72\">\u0110\u01a1n v\u1ecb<\/td>\n<td rowspan=\"2\" width=\"180\">S\u1ef1 mi\u00eau t\u1ea3<\/td>\n<\/tr>\n<tr>\n<td width=\"72\">t\u1ed1i thi\u1ec3u<\/td>\n<td width=\"72\">\u0110\u1eb7c tr\u01b0ng<\/td>\n<td width=\"72\">T\u1ed1i \u0111a<\/td>\n<\/tr>\n<tr>\n<td width=\"242\">\u0110i\u1ec7n \u00e1p \u0111\u1ea7u v\u00e0o<\/td>\n<td width=\"72\">85<\/td>\n<td width=\"72\">220<\/td>\n<td width=\"72\">260<\/td>\n<td width=\"72\">V.<\/td>\n<td width=\"180\">RMS AV<\/td>\n<\/tr>\n<tr>\n<td width=\"242\">Ph\u1ea1m vi \u0111i\u1ec7n \u00e1p \u0111\u1ea7u ra c\u00f3 th\u1ec3 \u0111i\u1ec1u ch\u1ec9nh<\/td>\n<td width=\"72\">0<\/td>\n<td width=\"72\">&#8212;<\/td>\n<td width=\"72\">260<\/td>\n<td width=\"72\">V.<\/td>\n<td width=\"180\">\u0110i\u1ec7n \u00e1p \u0111\u1ea7u v\u00e0o th\u1ea5p h\u01a1n 150%<\/td>\n<\/tr>\n<tr>\n<td width=\"242\">\u0110\u1ed9 ch\u00ednh x\u00e1c \u0111i\u1ec1u ch\u1ec9nh \u0111i\u1ec7n \u00e1p<\/td>\n<td colspan=\"3\" width=\"216\">1<\/td>\n<td width=\"72\">V.<\/td>\n<td width=\"180\"><\/td>\n<\/tr>\n<tr>\n<td width=\"242\">\u0110\u1ed9 ch\u00ednh x\u00e1c \u0111i\u1ec1u ch\u1ec9nh \u0111i\u1ec7n \u00e1p<\/td>\n<td width=\"72\">0<\/td>\n<td width=\"72\">&#8212;<\/td>\n<td width=\"72\">10<\/td>\n<td width=\"72\">%<\/td>\n<td width=\"180\">\u25b3Vout\/\u25b3Vin<\/td>\n<\/tr>\n<tr>\n<td width=\"242\">Th\u1eddi gian \u0111\u00e1p \u1ee9ng c\u1ee7a \u0111i\u1ec1u ch\u1ec9nh \u0111i\u1ec7n \u00e1p<\/td>\n<td width=\"72\">0.0025<\/td>\n<td width=\"72\">&#8212;<\/td>\n<td width=\"72\">0.025<\/td>\n<td width=\"72\">S<\/td>\n<td width=\"180\">kho\u1ea3ng th\u1eddi gian c\u1ee7a \u0111i\u1ec7n \u00e1p \u0111\u1ea7u ra<\/td>\n<\/tr>\n<tr>\n<td rowspan=\"2\" width=\"242\">Ph\u1ea1m vi hi\u1ec7n t\u1ea1i \u0111\u1ea7u ra c\u00f3 th\u1ec3 \u0111i\u1ec1u ch\u1ec9nh<\/td>\n<td width=\"72\">0<\/td>\n<td width=\"72\">&#8212;<\/td>\n<td width=\"72\">1.5<\/td>\n<td width=\"72\">M\u1ed8T<\/td>\n<td width=\"180\">N\u0103ng l\u01b0\u1ee3ng th\u1ea5p<\/td>\n<\/tr>\n<tr>\n<td width=\"72\">0<\/td>\n<td width=\"72\">&#8212;<\/td>\n<td width=\"72\">3<\/td>\n<td width=\"72\">M\u1ed8T<\/td>\n<td width=\"180\">C\u00f4ng su\u1ea5t trung b\u00ecnh<\/td>\n<\/tr>\n<tr>\n<td rowspan=\"2\" width=\"242\">C\u00f4ng su\u1ea5t ra<\/td>\n<td width=\"72\">0<\/td>\n<td width=\"72\">&#8212;<\/td>\n<td width=\"72\">330<\/td>\n<td width=\"72\">VA<\/td>\n<td width=\"180\">N\u0103ng l\u01b0\u1ee3ng th\u1ea5p<\/td>\n<\/tr>\n<tr>\n<td width=\"72\">0<\/td>\n<td width=\"72\">&#8212;<\/td>\n<td width=\"72\">660<\/td>\n<td width=\"72\">VA<\/td>\n<td width=\"180\">C\u00f4ng su\u1ea5t trung b\u00ecnh<\/td>\n<\/tr>\n<tr>\n<td width=\"242\">T\u1ea7n s\u1ed1 \u0111\u1ea7u ra<\/td>\n<td width=\"72\">40<\/td>\n<td width=\"72\">&#8212;<\/td>\n<td width=\"72\">400<\/td>\n<td width=\"72\">Hz<\/td>\n<td width=\"180\"><\/td>\n<\/tr>\n<tr>\n<td width=\"242\">\u0110\u1ed9 ch\u00ednh x\u00e1c \u0111i\u1ec1u ch\u1ec9nh t\u1ea7n s\u1ed1<\/td>\n<td colspan=\"3\" width=\"216\">0.1<\/td>\n<td width=\"72\">Hz<\/td>\n<td width=\"180\"><\/td>\n<\/tr>\n<tr>\n<td width=\"242\">\u0110\u1ea7u raD\u1ea1ng s\u00f3ng<\/td>\n<td colspan=\"3\" width=\"216\">sin<\/td>\n<td width=\"72\"><\/td>\n<td width=\"180\"><\/td>\n<\/tr>\n<tr>\n<td width=\"242\">Th\u1eddi gian b\u1eaft \u0111\u1ea7u m\u1ec1m<\/td>\n<td width=\"72\">0<\/td>\n<td width=\"72\">&#8212;<\/td>\n<td width=\"72\">10<\/td>\n<td width=\"72\">S<\/td>\n<td width=\"180\">Gi\u00e1 tr\u1ecb m\u1eb7c \u0111\u1ecbnh c\u1ee7a nh\u00e0 m\u00e1y: 0,5<\/td>\n<\/tr>\n<tr>\n<td width=\"242\">Ph\u1ea1m vi th\u1eddi gian tr\u1ec5 b\u1eadt\/t\u1eaft<\/td>\n<td width=\"72\">0<\/td>\n<td width=\"72\">&#8212;<\/td>\n<td width=\"72\">20<\/td>\n<td width=\"72\">S<\/td>\n<td width=\"180\">Gi\u00e1 tr\u1ecb m\u1eb7c \u0111\u1ecbnh c\u1ee7a nh\u00e0 m\u00e1y: 0,2<\/td>\n<\/tr>\n<tr>\n<td width=\"242\">\u0110\u1ed9 ch\u00ednh x\u00e1c th\u1eddi gian tr\u1ec5 b\u1eadt\/t\u1eaft<\/td>\n<td colspan=\"3\" width=\"216\">0.1<\/td>\n<td width=\"72\">S<\/td>\n<td width=\"180\"><\/td>\n<\/tr>\n<tr>\n<td width=\"242\">Nhi\u1ec7t \u0111\u1ed9 k\u00edch ho\u1ea1t b\u1ea3o v\u1ec7 qu\u00e1 nhi\u1ec7t<\/td>\n<td width=\"72\">58<\/td>\n<td width=\"72\">60<\/td>\n<td width=\"72\">66<\/td>\n<td width=\"72\">oC<\/td>\n<td width=\"180\"><\/td>\n<\/tr>\n<tr>\n<td width=\"242\">D\u00f2ng \u0111i\u1ec7n \u0111\u1ea7u ra \u0111i\u1ec1u khi\u1ec3n DC<\/td>\n<td width=\"72\">0<\/td>\n<td width=\"72\">&#8212;<\/td>\n<td width=\"72\">200<\/td>\n<td width=\"72\">ma<\/td>\n<td width=\"180\"><\/td>\n<\/tr>\n<tr>\n<td width=\"242\">T\u00edn hi\u1ec7u \u0111i\u1ec1u khi\u1ec3n t\u01b0\u01a1ng t\u1ef1<\/td>\n<td colspan=\"3\" width=\"216\">1-5<\/td>\n<td width=\"72\">V.<\/td>\n<td width=\"180\">\u0110i\u1ec7n \u00e1p \u0111i\u1ec1u khi\u1ec3n Renctespeed<\/td>\n<\/tr>\n<tr>\n<td width=\"242\">T\u00edn hi\u1ec7u \u0111i\u1ec1u khi\u1ec3n k\u1ef9 thu\u1eadt s\u1ed1<\/td>\n<td colspan=\"3\" width=\"216\">24<\/td>\n<td width=\"72\">V.<\/td>\n<td width=\"180\">chuy\u1ec3n \u0111\u1ed5i t\u00edn hi\u1ec7u<\/td>\n<\/tr>\n<tr>\n<td width=\"242\">Ph\u01b0\u01a1ng ph\u00e1p \u0111i\u1ec1u ch\u1ec9nh<\/td>\n<td colspan=\"3\" width=\"216\">6<\/td>\n<td width=\"72\">C\u00e1i n\u00fat<\/td>\n<td width=\"180\"><\/td>\n<\/tr>\n<tr>\n<td width=\"242\">Ti\u00eau th\u1ee5 \u0111i\u1ec7n n\u0103ng d\u1ef1 ph\u00f2ng<\/td>\n<td width=\"72\">&#8212;<\/td>\n<td width=\"72\">3<\/td>\n<td width=\"72\"><\/td>\n<td width=\"72\">W<\/td>\n<td width=\"180\"><\/td>\n<\/tr>\n<tr>\n<td width=\"242\">Ph\u01b0\u01a1ng ph\u00e1p hi\u1ec3n th\u1ecb<\/td>\n<td colspan=\"3\" width=\"216\">5<\/td>\n<td width=\"72\">ch\u1eef s\u1ed1<\/td>\n<td width=\"180\">\u1ed0ng k\u1ef9 thu\u1eadt s\u1ed1 LED<\/td>\n<\/tr>\n<tr>\n<td width=\"242\">Nhi\u1ec7t \u0111\u1ed9 m\u00f4i tr\u01b0\u1eddng xung quanh<\/td>\n<td width=\"72\">0<\/td>\n<td width=\"72\">25<\/td>\n<td width=\"72\">40<\/td>\n<td width=\"72\">oC<\/td>\n<td rowspan=\"2\" width=\"180\">Kh\u00f4ng ng\u01b0ng t\u1ee5<\/td>\n<\/tr>\n<tr>\n<td width=\"242\">\u0110\u1ed9 \u1ea9m m\u00f4i tr\u01b0\u1eddng xung quanh<\/td>\n<td width=\"72\">10<\/td>\n<td width=\"72\">60<\/td>\n<td width=\"72\">85<\/td>\n<td width=\"72\">%<\/td>\n<\/tr>\n<\/tbody>\n<\/table>","protected":false},"excerpt":{"rendered":"<p>B\u1ed9 \u0111i\u1ec1u khi\u1ec3n m\u00e1y c\u1ea5p li\u1ec7u d\u1ea1ng b\u00e1t rung SDVC31-XLR: \u0110\u01b0\u1ee3c ch\u1ee9ng nh\u1eadn CE, cung c\u1ea5p kh\u1ea3 n\u0103ng \u0111i\u1ec1u ch\u1ec9nh t\u1ea7n s\u1ed1 th\u1ee7 c\u00f4ng \u0111\u1ec3 n\u1ea1p li\u1ec7u tr\u01a1n tru v\u00e0 \u0111i\u1ec1u ch\u1ec9nh \u0111i\u1ec7n \u00e1p t\u1ef1 \u0111\u1ed9ng \u0111\u1ec3 \u1ed5n \u0111\u1ecbnh.<\/p>\n<p>T\u00ednh n\u0103ng kh\u1edfi \u0111\u1ed9ng m\u1ec1m, \u0111i\u1ec1u khi\u1ec3n c\u1ea3m bi\u1ebfn v\u00e0 b\u1ea3o v\u1ec7 an to\u00e0n. Bao g\u1ed3m c\u00e1c lo\u1ea1i c\u00e1p ti\u00eau chu\u1ea9n.<\/p>\n<p>K\u00edch th\u01b0\u1edbc: 190<em>53.6<\/em>94,5mm; Tr\u1ecdng l\u01b0\u1ee3ng: 610g (kh\u00f4ng c\u00f3 ph\u1ee5 ki\u1ec7n).<\/p>","protected":false},"featured_media":1980,"comment_status":"open","ping_status":"closed","template":"","meta":[],"product_cat":[45],"product_tag":[],"yoast_head":"<!-- This site is optimized with the Yoast SEO plugin v22.2 - https:\/\/yoast.com\/wordpress\/plugins\/seo\/ -->\n<title>Vibratory Bowl Feeder Controller SDVC31-XLR - SWOER<\/title>\n<meta name=\"robots\" content=\"index, follow, max-snippet:-1, max-image-preview:large, max-video-preview:-1\" \/>\n<link rel=\"canonical\" href=\"https:\/\/swoer.com\/vi\/manufacturer\/vibratory-bowl-feeder-controller-sdvc31-xlr\/\" \/>\n<meta property=\"og:locale\" content=\"vi_VN\" \/>\n<meta property=\"og:type\" content=\"article\" \/>\n<meta property=\"og:title\" content=\"Vibratory Bowl Feeder Controller SDVC31-XLR - SWOER\" \/>\n<meta property=\"og:description\" content=\"The vibratory bowl feeder controller SDVC31-XLR: CE-certified, it offers manual frequency adjustment for smooth feeding and automatic voltage regulation for stability.  Features soft start, sensor controls, and safety protections. Includes standard cables.  Dimensions: 19053.694.5mm; Weight: 610g (without accessories).\" \/>\n<meta property=\"og:url\" content=\"https:\/\/swoer.com\/vi\/manufacturer\/vibratory-bowl-feeder-controller-sdvc31-xlr\/\" \/>\n<meta property=\"og:site_name\" content=\"SWOER\" \/>\n<meta property=\"article:modified_time\" content=\"2024-04-13T09:01:56+00:00\" \/>\n<meta property=\"og:image\" content=\"https:\/\/swoer.com\/wp-content\/uploads\/2024\/04\/vibratory-bowl-feeder-controller-SDVC31-XLR.webp\" \/>\n\t<meta property=\"og:image:width\" content=\"1000\" \/>\n\t<meta property=\"og:image:height\" content=\"1000\" \/>\n\t<meta property=\"og:image:type\" content=\"image\/webp\" \/>\n<meta name=\"twitter:card\" content=\"summary_large_image\" \/>\n<meta name=\"twitter:label1\" content=\"\u01af\u1edbc t\u00ednh th\u1eddi gian \u0111\u1ecdc\" \/>\n\t<meta name=\"twitter:data1\" content=\"3 ph\u00fat\" \/>\n<script type=\"application\/ld+json\" class=\"yoast-schema-graph\">{\"@context\":\"https:\/\/schema.org\",\"@graph\":[{\"@type\":\"WebPage\",\"@id\":\"https:\/\/swoer.com\/manufacturer\/vibratory-bowl-feeder-controller-sdvc31-xlr\/\",\"url\":\"https:\/\/swoer.com\/manufacturer\/vibratory-bowl-feeder-controller-sdvc31-xlr\/\",\"name\":\"Vibratory Bowl Feeder Controller SDVC31-XLR - SWOER\",\"isPartOf\":{\"@id\":\"https:\/\/swoer.com\/#website\"},\"primaryImageOfPage\":{\"@id\":\"https:\/\/swoer.com\/manufacturer\/vibratory-bowl-feeder-controller-sdvc31-xlr\/#primaryimage\"},\"image\":{\"@id\":\"https:\/\/swoer.com\/manufacturer\/vibratory-bowl-feeder-controller-sdvc31-xlr\/#primaryimage\"},\"thumbnailUrl\":\"https:\/\/swoer.com\/wp-content\/uploads\/2024\/04\/vibratory-bowl-feeder-controller-SDVC31-XLR.webp\",\"datePublished\":\"2024-04-13T07:33:22+00:00\",\"dateModified\":\"2024-04-13T09:01:56+00:00\",\"breadcrumb\":{\"@id\":\"https:\/\/swoer.com\/manufacturer\/vibratory-bowl-feeder-controller-sdvc31-xlr\/#breadcrumb\"},\"inLanguage\":\"vi\",\"potentialAction\":[{\"@type\":\"ReadAction\",\"target\":[\"https:\/\/swoer.com\/manufacturer\/vibratory-bowl-feeder-controller-sdvc31-xlr\/\"]}]},{\"@type\":\"ImageObject\",\"inLanguage\":\"vi\",\"@id\":\"https:\/\/swoer.com\/manufacturer\/vibratory-bowl-feeder-controller-sdvc31-xlr\/#primaryimage\",\"url\":\"https:\/\/swoer.com\/wp-content\/uploads\/2024\/04\/vibratory-bowl-feeder-controller-SDVC31-XLR.webp\",\"contentUrl\":\"https:\/\/swoer.com\/wp-content\/uploads\/2024\/04\/vibratory-bowl-feeder-controller-SDVC31-XLR.webp\",\"width\":1000,\"height\":1000,\"caption\":\"vibratory bowl feeder controller SDVC31-XLR\"},{\"@type\":\"BreadcrumbList\",\"@id\":\"https:\/\/swoer.com\/manufacturer\/vibratory-bowl-feeder-controller-sdvc31-xlr\/#breadcrumb\",\"itemListElement\":[{\"@type\":\"ListItem\",\"position\":1,\"name\":\"Home\",\"item\":\"https:\/\/swoer.com\/\"},{\"@type\":\"ListItem\",\"position\":2,\"name\":\"Shop\",\"item\":\"https:\/\/swoer.com\/shop\/\"},{\"@type\":\"ListItem\",\"position\":3,\"name\":\"Vibratory Bowl Feeder Controller SDVC31-XLR\"}]},{\"@type\":\"WebSite\",\"@id\":\"https:\/\/swoer.com\/#website\",\"url\":\"https:\/\/swoer.com\/\",\"name\":\"SWOER\",\"description\":\"Swoer is the top 3 vibratory bowl feeder manufacturer in China\",\"potentialAction\":[{\"@type\":\"SearchAction\",\"target\":{\"@type\":\"EntryPoint\",\"urlTemplate\":\"https:\/\/swoer.com\/?s={search_term_string}\"},\"query-input\":\"required name=search_term_string\"}],\"inLanguage\":\"vi\"}]}<\/script>\n<!-- \/ Yoast SEO plugin. -->","yoast_head_json":{"title":"Vibratory Bowl Feeder Controller SDVC31-XLR - SWOER","robots":{"index":"index","follow":"follow","max-snippet":"max-snippet:-1","max-image-preview":"max-image-preview:large","max-video-preview":"max-video-preview:-1"},"canonical":"https:\/\/swoer.com\/vi\/manufacturer\/vibratory-bowl-feeder-controller-sdvc31-xlr\/","og_locale":"vi_VN","og_type":"article","og_title":"Vibratory Bowl Feeder Controller SDVC31-XLR - SWOER","og_description":"The vibratory bowl feeder controller SDVC31-XLR: CE-certified, it offers manual frequency adjustment for smooth feeding and automatic voltage regulation for stability.  Features soft start, sensor controls, and safety protections. Includes standard cables.  Dimensions: 19053.694.5mm; Weight: 610g (without accessories).","og_url":"https:\/\/swoer.com\/vi\/manufacturer\/vibratory-bowl-feeder-controller-sdvc31-xlr\/","og_site_name":"SWOER","article_modified_time":"2024-04-13T09:01:56+00:00","og_image":[{"width":1000,"height":1000,"url":"https:\/\/swoer.com\/wp-content\/uploads\/2024\/04\/vibratory-bowl-feeder-controller-SDVC31-XLR.webp","type":"image\/webp"}],"twitter_card":"summary_large_image","twitter_misc":{"\u01af\u1edbc t\u00ednh th\u1eddi gian \u0111\u1ecdc":"3 ph\u00fat"},"schema":{"@context":"https:\/\/schema.org","@graph":[{"@type":"WebPage","@id":"https:\/\/swoer.com\/manufacturer\/vibratory-bowl-feeder-controller-sdvc31-xlr\/","url":"https:\/\/swoer.com\/manufacturer\/vibratory-bowl-feeder-controller-sdvc31-xlr\/","name":"Vibratory Bowl Feeder Controller SDVC31-XLR - SWOER","isPartOf":{"@id":"https:\/\/swoer.com\/#website"},"primaryImageOfPage":{"@id":"https:\/\/swoer.com\/manufacturer\/vibratory-bowl-feeder-controller-sdvc31-xlr\/#primaryimage"},"image":{"@id":"https:\/\/swoer.com\/manufacturer\/vibratory-bowl-feeder-controller-sdvc31-xlr\/#primaryimage"},"thumbnailUrl":"https:\/\/swoer.com\/wp-content\/uploads\/2024\/04\/vibratory-bowl-feeder-controller-SDVC31-XLR.webp","datePublished":"2024-04-13T07:33:22+00:00","dateModified":"2024-04-13T09:01:56+00:00","breadcrumb":{"@id":"https:\/\/swoer.com\/manufacturer\/vibratory-bowl-feeder-controller-sdvc31-xlr\/#breadcrumb"},"inLanguage":"vi","potentialAction":[{"@type":"ReadAction","target":["https:\/\/swoer.com\/manufacturer\/vibratory-bowl-feeder-controller-sdvc31-xlr\/"]}]},{"@type":"ImageObject","inLanguage":"vi","@id":"https:\/\/swoer.com\/manufacturer\/vibratory-bowl-feeder-controller-sdvc31-xlr\/#primaryimage","url":"https:\/\/swoer.com\/wp-content\/uploads\/2024\/04\/vibratory-bowl-feeder-controller-SDVC31-XLR.webp","contentUrl":"https:\/\/swoer.com\/wp-content\/uploads\/2024\/04\/vibratory-bowl-feeder-controller-SDVC31-XLR.webp","width":1000,"height":1000,"caption":"vibratory bowl feeder controller SDVC31-XLR"},{"@type":"BreadcrumbList","@id":"https:\/\/swoer.com\/manufacturer\/vibratory-bowl-feeder-controller-sdvc31-xlr\/#breadcrumb","itemListElement":[{"@type":"ListItem","position":1,"name":"Home","item":"https:\/\/swoer.com\/"},{"@type":"ListItem","position":2,"name":"Shop","item":"https:\/\/swoer.com\/shop\/"},{"@type":"ListItem","position":3,"name":"Vibratory Bowl Feeder Controller SDVC31-XLR"}]},{"@type":"WebSite","@id":"https:\/\/swoer.com\/#website","url":"https:\/\/swoer.com\/","name":"SWOER","description":"Swoer is the top 3 vibratory bowl feeder manufacturer in China","potentialAction":[{"@type":"SearchAction","target":{"@type":"EntryPoint","urlTemplate":"https:\/\/swoer.com\/?s={search_term_string}"},"query-input":"required name=search_term_string"}],"inLanguage":"vi"}]}},"_links":{"self":[{"href":"https:\/\/swoer.com\/vi\/wp-json\/wp\/v2\/product\/1979"}],"collection":[{"href":"https:\/\/swoer.com\/vi\/wp-json\/wp\/v2\/product"}],"about":[{"href":"https:\/\/swoer.com\/vi\/wp-json\/wp\/v2\/types\/product"}],"replies":[{"embeddable":true,"href":"https:\/\/swoer.com\/vi\/wp-json\/wp\/v2\/comments?post=1979"}],"wp:featuredmedia":[{"embeddable":true,"href":"https:\/\/swoer.com\/vi\/wp-json\/wp\/v2\/media\/1980"}],"wp:attachment":[{"href":"https:\/\/swoer.com\/vi\/wp-json\/wp\/v2\/media?parent=1979"}],"wp:term":[{"taxonomy":"product_cat","embeddable":true,"href":"https:\/\/swoer.com\/vi\/wp-json\/wp\/v2\/product_cat?post=1979"},{"taxonomy":"product_tag","embeddable":true,"href":"https:\/\/swoer.com\/vi\/wp-json\/wp\/v2\/product_tag?post=1979"}],"curies":[{"name":"wp","href":"https:\/\/api.w.org\/{rel}","templated":true}]}}