{"id":1839,"date":"2024-04-02T08:27:07","date_gmt":"2024-04-02T08:27:07","guid":{"rendered":"https:\/\/lightgrey-porpoise-816575.hostingersite.com\/?post_type=product&#038;p=1839"},"modified":"2024-07-31T09:05:56","modified_gmt":"2024-07-31T01:05:56","slug":"automatic-riveting-machine","status":"publish","type":"product","link":"https:\/\/swoer.com\/vi\/manufacturer\/automatic-riveting-machine\/","title":{"rendered":"M\u00e1y t\u00e1n \u0111inh t\u1ef1 \u0111\u1ed9ng"},"content":{"rendered":"<p data-sourcepos=\"3:1-3:9\">M\u00e1y t\u00e1n \u0111inh t\u1ef1 \u0111\u1ed9ng SWOER l\u00e0 m\u1ed9t h\u1ec7 th\u1ed1ng ti\u00ean ti\u1ebfn t\u1ef1 \u0111\u1ed9ng chuy\u1ec3n \u0111inh t\u00e1n v\u00e0o \u0111\u1ea7u k\u00e9o \u0111inh. Ch\u00fang t\u00f4i thi\u1ebft k\u1ebf chi\u1ebfc m\u00e1y n\u00e0y \u0111\u1ec3 l\u1ea5p \u0111\u1ea7y nh\u1eefng kho\u1ea3ng tr\u1ed1ng quan tr\u1ecdng trong ng\u00e0nh c\u00f4ng nghi\u1ec7p Trung Qu\u1ed1c v\u00e0 n\u00f3 \u0111\u00e3 gi\u00e0nh \u0111\u01b0\u1ee3c nhi\u1ec1u b\u1eb1ng s\u00e1ng ch\u1ebf. S\u1eed d\u1ee5ng m\u00e1y n\u00e0y c\u00f3 th\u1ec3 ti\u1ebft ki\u1ec7m cho doanh nghi\u1ec7p c\u1ee7a b\u1ea1n h\u01a1n 30% chi ph\u00ed lao \u0111\u1ed9ng.<\/p>\n<p data-sourcepos=\"5:1-5:135\">Kh\u00f4ng gi\u1ed1ng nh\u01b0 c\u00e1c M\u00e1y t\u00e1n \u0111inh t\u1ef1 \u0111\u1ed9ng kh\u00e1c, m\u1eabu SWOER ho\u1ea1t \u0111\u1ed9ng theo c\u00e1ch ri\u00eang bi\u1ec7t. Trong khi c\u00e1c m\u00e1y th\u00f4ng th\u01b0\u1eddng y\u00eau c\u1ea7u \u0111\u1eb7t \u0111inh t\u00e1n th\u1ee7 c\u00f4ng v\u00e0 ki\u1ec3m so\u00e1t \u0111\u1ea7u n\u00f2ng, d\u1ef1a v\u00e0o \u00e1p su\u1ea5t \u00e2m \u0111\u1ec3 h\u1ea5p th\u1ee5 \u0111inh t\u00e1n, th\u00ec ng\u01b0\u1ee3c l\u1ea1i, M\u00e1y t\u00e1n \u0111inh t\u1ef1 \u0111\u1ed9ng SWOER cung c\u1ea5p m\u1ed9t c\u00e1ch ti\u1ebfp c\u1eadn t\u1ef1 \u0111\u1ed9ng. M\u00e1y c\u1ee7a ch\u00fang t\u00f4i s\u1eed d\u1ee5ng kh\u00ed n\u00e9n \u0111\u1ec3 v\u1eadn chuy\u1ec3n \u0111inh t\u00e1n tr\u1ef1c ti\u1ebfp \u0111\u1ebfn \u0111\u1ea7u s\u00fang b\u1eafn \u0111inh th\u00f4ng qua \u0111inh t\u00e1n t\u1ef1 \u0111\u1ed9ng s\u1ef1 s\u1eafp x\u1ebfp v\u00e0 t\u00e1ch bi\u1ec7t. B\u1eb1ng c\u00e1ch s\u1eed d\u1ee5ng M\u00e1y t\u00e1n \u0111inh t\u1ef1 \u0111\u1ed9ng SWOER, b\u1ea1n c\u00f3 th\u1ec3 chuy\u1ec3n \u0111\u1ed5i c\u00e1c ho\u1ea1t \u0111\u1ed9ng l\u00e0m m\u00f3ng th\u1ee7 c\u00f4ng s\u1eed d\u1ee5ng nhi\u1ec1u lao \u0111\u1ed9ng th\u00e0nh c\u00e1c quy tr\u00ecnh t\u1ef1 \u0111\u1ed9ng ho\u1eb7c kh\u00f4ng ng\u01b0\u1eddi l\u00e1i, \u0111\u00e1nh d\u1ea5u m\u1ed9t ti\u1ebfn b\u1ed9 c\u00f4ng ngh\u1ec7 \u0111\u00e1ng k\u1ec3 trong ng\u00e0nh l\u00e0m m\u00f3ng.<\/p>\n\t<div id=\"gap-966093661\" class=\"gap-element clearfix\" style=\"display:block; height:auto;\">\n\t\t\n<style>\n#gap-966093661 {\n  padding-top: 30px;\n}\n<\/style>\n\t<\/div>\n\t\n<h2><strong>S\u1ef1 ch\u1ec9 r\u00f5:<\/strong><\/h2>\n\t<div id=\"text-695599672\" class=\"text\">\n\t\t\n<table style=\"border-collapse: collapse; width: 432.77pt;\" border=\"0\" width=\"577\" cellspacing=\"0\" cellpadding=\"0\">\n<tbody>\n<tr style=\"height: 15.00pt;\">\n<td class=\"et2\" style=\"height: 15.00pt; width: 206.25pt;\" width=\"275\" height=\"20\">M\u1ee5c<\/td>\n<td class=\"et2\" style=\"width: 226.50pt;\" width=\"302\">Gi\u00e1 tr\u1ecb<\/td>\n<\/tr>\n<tr style=\"height: 15.00pt;\">\n<td class=\"et2\" style=\"height: 15.00pt; width: 206.25pt;\" width=\"275\" height=\"20\">S\u1ed1 m\u00f4 h\u00ecnh<\/td>\n<td class=\"et2\" style=\"width: 226.50pt;\" width=\"302\">SW-1000A<\/td>\n<\/tr>\n<tr style=\"height: 15.00pt;\">\n<td class=\"et2\" style=\"height: 15.00pt; width: 206.25pt;\" width=\"275\" height=\"20\">S\u1ef1 b\u1ea3o \u0111\u1ea3m<\/td>\n<td class=\"et2\" style=\"width: 226.50pt;\" width=\"302\">1 n\u0103m<\/td>\n<\/tr>\n<tr style=\"height: 15.00pt;\">\n<td class=\"et2\" style=\"height: 15.00pt; width: 206.25pt;\" width=\"275\" height=\"20\">Kh\u00f4ng c\u00f3 t\u1ed1c \u0111\u1ed9 t\u1ea3i<\/td>\n<td class=\"et3\" style=\"width: 226.50pt;\" width=\"302\">0<\/td>\n<\/tr>\n<tr style=\"height: 15.00pt;\">\n<td class=\"et2\" style=\"height: 15.00pt; width: 206.25pt;\" width=\"275\" height=\"20\">H\u1ed7 tr\u1ee3 t\u00f9y ch\u1ec9nh<\/td>\n<td class=\"et2\" style=\"width: 226.50pt;\" width=\"302\">OEM<\/td>\n<\/tr>\n<tr style=\"height: 15.00pt;\">\n<td class=\"et2\" style=\"height: 15.00pt; width: 206.25pt;\" width=\"275\" height=\"20\">Ngu\u1ed3n g\u1ed1c<\/td>\n<td class=\"et2\" style=\"width: 226.50pt;\" width=\"302\">Trung Qu\u1ed1c<\/td>\n<\/tr>\n<tr style=\"height: 15.00pt;\">\n<td class=\"et2\" style=\"height: 15.00pt; width: 206.25pt;\" width=\"275\" height=\"20\">T\u00ean<\/td>\n<td class=\"et2\" style=\"width: 226.50pt;\" width=\"302\">M\u00e1y t\u00e1n \u0111inh t\u1ef1 \u0111\u1ed9ng<\/td>\n<\/tr>\n<tr style=\"height: 15.00pt;\">\n<td class=\"et2\" style=\"height: 15.00pt; width: 206.25pt;\" width=\"275\" height=\"20\">M\u00e0u s\u1eafc<\/td>\n<td class=\"et2\" style=\"width: 226.50pt;\" width=\"302\">T\u00e1i nh\u1ee3t<\/td>\n<\/tr>\n<tr style=\"height: 15.00pt;\">\n<td class=\"et2\" style=\"height: 15.00pt; width: 206.25pt;\" width=\"275\" height=\"20\">C\u00e2n n\u1eb7ng<\/td>\n<td class=\"et2\" style=\"width: 226.50pt;\" width=\"302\">50kg<\/td>\n<\/tr>\n<tr style=\"height: 15.00pt;\">\n<td class=\"et2\" style=\"height: 15.00pt; width: 206.25pt;\" width=\"275\" height=\"20\">T\u1ed1c \u0111\u1ed9 \u0103n m\u00f3ng<\/td>\n<td class=\"et2\" style=\"width: 226.50pt;\" width=\"302\">60 ~ 120 chi\u1ebfc \/ ph\u00fat<\/td>\n<\/tr>\n<tr style=\"height: 15.00pt;\">\n<td class=\"et2\" style=\"height: 15.00pt; width: 206.25pt;\" width=\"275\" height=\"20\">\u00c1p l\u1ef1c<\/td>\n<td class=\"et2\" style=\"width: 226.50pt;\" width=\"302\">5,5 ~ 6,5 thanh<\/td>\n<\/tr>\n<tr style=\"height: 15.00pt;\">\n<td class=\"et2\" style=\"height: 15.00pt; width: 206.25pt;\" width=\"275\" height=\"20\">K\u00edch th\u01b0\u1edbc khung g\u1ea7m<\/td>\n<td class=\"et2\" style=\"width: 226.50pt;\" width=\"302\">530*360*380mm<\/td>\n<\/tr>\n<\/tbody>\n<\/table>\n\t\t\n<style>\n#text-695599672 {\n  font-size: 1.15rem;\n  line-height: 3;\n}\n<\/style>\n\t<\/div>\n\t\n\t<div id=\"gap-499393532\" class=\"gap-element clearfix\" style=\"display:block; height:auto;\">\n\t\t\n<style>\n#gap-499393532 {\n  padding-top: 30px;\n}\n<\/style>\n\t<\/div>\n\t\n<h3><strong>M\u00e1y t\u00e1n \u0111inh t\u1ef1 \u0111\u1ed9ng SWOER g\u1ed3m c\u00f3 2 b\u1ed9 ph\u1eadn ch\u00ednh: \u0111\u1ed9ng c\u01a1 ch\u00ednh v\u00e0 b\u1ed9 ph\u1eadn s\u00fang b\u1eafn \u0111inh.<\/strong><\/h3>\n<ol>\n<li>\u0110\u1ed9ng c\u01a1 ch\u00ednh bao g\u1ed3m h\u1ec7 th\u1ed1ng chuy\u1ec3n \u0111\u1ed9ng c\u1ee7a m\u00e1y, h\u1ec7 th\u1ed1ng \u0111i\u1ec1u khi\u1ec3n m\u00e1y v\u00e0 h\u1ec7 th\u1ed1ng ph\u00e1t hi\u1ec7n. Vai tr\u00f2 c\u1ee7a h\u1ec7 th\u1ed1ng chuy\u1ec3n \u0111\u1ed9ng m\u00e1y l\u00e0 t\u00e1ch c\u00e1c \u0111inh t\u00e1n m\u1ed9t c\u00e1ch c\u00f3 tr\u1eadt t\u1ef1 v\u00e0 v\u1eadn chuy\u1ec3n ch\u00fang \u0111\u1ebfn v\u00f2i s\u00fang theo m\u1ed9t h\u01b0\u1edbng c\u1ee5 th\u1ec3. Trong khi \u0111\u00f3, h\u1ec7 th\u1ed1ng \u0111i\u1ec1u khi\u1ec3n m\u00e1y \u0111i\u1ec1u khi\u1ec3n ho\u1ea1t \u0111\u1ed9ng c\u1ee7a c\u00e1c b\u1ed9 ph\u1eadn kh\u00e1c nhau theo h\u01b0\u1edbng d\u1eabn \u0111\u00e3 c\u00e0i s\u1eb5n. \u0110\u1ed3ng th\u1eddi, h\u1ec7 th\u1ed1ng ph\u00e1t hi\u1ec7n \u0111\u1ea3m b\u1ea3o m\u00e1y ho\u1ea1t \u0111\u1ed9ng \u1ed5n \u0111\u1ecbnh theo c\u00e1c th\u00f4ng s\u1ed1 \u0111\u00e3 \u0111\u01b0\u1ee3c l\u1eadp tr\u00ecnh.<\/li>\n<\/ol>\n<p>2. Th\u00e0nh ph\u1ea7n s\u00fang b\u1eafn \u0111inh bao g\u1ed3m s\u00fang b\u1eafn \u0111inh, c\u01a1 c\u1ea5u ti\u1ebfp nh\u1eadn \u0111inh t\u00e1n v\u00e0 c\u01a1 ch\u1ebf thu v\u00e0 ph\u00e1t t\u00edn hi\u1ec7u. Ngo\u00e0i ra, s\u00fang b\u1eafn \u0111inh, lo\u1ea1i s\u00fang b\u1eafn \u0111inh t\u1ef1 \u0111\u1ed9ng ti\u00eau chu\u1ea9n hi\u1ec7n c\u00f3 tr\u00ean th\u1ecb tr\u01b0\u1eddng, \u0111\u00f3ng vai tr\u00f2 l\u00e0 c\u00f4ng c\u1ee5 ch\u00ednh \u0111\u1ec3 th\u1ef1c hi\u1ec7n c\u00e1c thao t\u00e1c l\u00e0m m\u00f3ng, d\u00f9 b\u1eb1ng tay hay t\u1ef1 \u0111\u1ed9ng. C\u01a1 c\u1ea5u ti\u1ebfp nh\u1eadn \u0111inh t\u00e1n b\u1eaft v\u00e0 t\u1ea3i c\u00e1c \u0111inh t\u00e1n \u0111\u01b0\u1ee3c \u0111\u1ed9ng c\u01a1 ch\u00ednh v\u1eadn chuy\u1ec3n qua \u0111\u01b0\u1eddng \u1ed1ng v\u00e0o b\u1ed9 ph\u1eadn v\u00f2i phun \u0111inh t\u00e1n, th\u1ec3 hi\u1ec7n c\u00f4ng ngh\u1ec7 c\u1ed1t l\u00f5i c\u1ee7a m\u00e1y t\u00e1n \u0111inh t\u1ef1 \u0111\u1ed9ng. Cu\u1ed1i c\u00f9ng, c\u01a1 ch\u1ebf thu th\u1eadp v\u00e0 xu\u1ea5t t\u00edn hi\u1ec7u, nh\u01b0 t\u00ean g\u1ecdi c\u1ee7a n\u00f3, thu th\u1eadp v\u00e0 xu\u1ea5t t\u00edn hi\u1ec7u \u0111\u1ec3 b\u1eaft \u0111\u1ea7u v\u1eadn h\u00e0nh m\u00e1y v\u00e0 ho\u00e0n th\u00e0nh c\u00e1c nhi\u1ec7m v\u1ee5.<\/p>\n<h3><strong>H\u01b0\u1edbng d\u1eabn v\u1ec7 sinh v\u00e0 b\u1ea3o tr\u00ec m\u00e1y t\u00e1n \u0111inh t\u1ef1 \u0111\u1ed9ng:<\/strong><\/h3>\n<p><strong>1.<\/strong> Th\u01b0\u1eddng xuy\u00ean v\u1ec7 sinh th\u00f9ng \u0111\u1ef1ng \u0111inh \u0111\u1ec3 gi\u1eef s\u1ea1ch s\u1ebd, s\u1eed d\u1ee5ng kh\u00ed \u00e1p su\u1ea5t cao \u0111\u1ec3 th\u1ed5i bay m\u1ecdi c\u1eb7n b\u1ea9n t\u00edch t\u1ee5 b\u00ean trong.<\/p>\n<p><strong>2.<\/strong> Th\u01b0\u1eddng xuy\u00ean l\u00e0m s\u1ea1ch \u0111\u01b0\u1eddng ray c\u1ee7a m\u00e1y t\u00e1n \u0111inh \u0111\u1ec3 \u0111\u1ea3m b\u1ea3o ho\u1ea1t \u0111\u1ed9ng tr\u01a1n tru.<\/p>\n<p><strong>3.<\/strong> \u0110\u1ecbnh k\u1ef3 l\u00e0m s\u1ea1ch h\u1ec7 th\u1ed1ng ph\u00e2n ph\u1ed1i \u0111inh \u0111\u1ec3 duy tr\u00ec ch\u1ee9c n\u0103ng c\u1ee7a n\u00f3 v\u00e0 c\u00e2n nh\u1eafc b\u00f4i m\u1ee1 \u0111\u1ec3 b\u00f4i tr\u01a1n c\u00e1c b\u1ed9 ph\u1eadn chuy\u1ec3n \u0111\u1ed9ng \u0111\u1ec3 \u0111\u1ea1t hi\u1ec7u su\u1ea5t t\u1ed1i \u01b0u.<\/p>\n<p><strong>4.<\/strong> Duy tr\u00ec s\u1ef1 s\u1ea1ch s\u1ebd c\u1ee7a b\u1ec1 m\u1eb7t b\u00ean ngo\u00e0i v\u1ecf m\u00e1y th\u00f4ng qua th\u00f3i quen v\u1ec7 sinh th\u01b0\u1eddng xuy\u00ean.<\/p>\n<p><strong>5.<\/strong> Tr\u00e1nh s\u1eed d\u1ee5ng \u0111\u1ea7u s\u00fang b\u1eafn \u0111inh \u0111\u1ec3 t\u1ea5n c\u00f4ng ph\u00f4i ho\u1eb7c c\u00e1c v\u1eadt th\u1ec3 kh\u00e1c. Ngo\u00e0i ra, h\u00e3y nh\u1edb t\u1eaft ngu\u1ed3n m\u00e1y khi kh\u00f4ng s\u1eed d\u1ee5ng \u0111\u1ec3 tr\u00e1nh x\u1ea3y ra tai n\u1ea1n.<\/p>","protected":false},"excerpt":{"rendered":"<p>Nh\u00e0 s\u1ea3n xu\u1ea5t v\u00e0 cung c\u1ea5p m\u00e1y t\u00e1n \u0111inh t\u1ef1 \u0111\u1ed9ng t\u00f9y ch\u1ec9nh SWOER t\u1ea1i Trung Qu\u1ed1c.<\/p>\n<p>-MOQ: 1 chi\u1ebfc<\/p>\n<p>-D\u1ecbch v\u1ee5 OEM\/ODM \u0111\u01b0\u1ee3c cung c\u1ea5p<\/p>\n<p>-Ch\u1ea5p nh\u1eadn t\u00f9y ch\u1ec9nh<\/p>\n<p>N\u1ebfu b\u1ea1n c\u00f3 nhu c\u1ea7u b\u00e1o gi\u00e1 M\u00e1y t\u00e1n \u0111inh t\u1ef1 \u0111\u1ed9ng vui l\u00f2ng li\u00ean h\u1ec7 v\u1edbi ch\u00fang t\u00f4i.<\/p>","protected":false},"featured_media":1840,"comment_status":"open","ping_status":"closed","template":"","meta":[],"product_cat":[42],"product_tag":[],"yoast_head":"<!-- This site is optimized with the Yoast SEO plugin v22.2 - https:\/\/yoast.com\/wordpress\/plugins\/seo\/ -->\n<title>Automatic Riveting Machine - SWOER<\/title>\n<meta name=\"description\" content=\"Experience advanced automation with SOWER&#039;s riveting machine. Automate rivet transfer, saving over 30% in labor and boosting efficiency.\" \/>\n<meta name=\"robots\" content=\"index, follow, max-snippet:-1, max-image-preview:large, max-video-preview:-1\" \/>\n<link rel=\"canonical\" href=\"https:\/\/swoer.com\/vi\/manufacturer\/automatic-riveting-machine\/\" \/>\n<meta property=\"og:locale\" content=\"vi_VN\" \/>\n<meta property=\"og:type\" content=\"article\" \/>\n<meta property=\"og:title\" content=\"Automatic Riveting Machine - SWOER\" \/>\n<meta property=\"og:description\" content=\"Experience advanced automation with SOWER&#039;s riveting machine. Automate rivet transfer, saving over 30% in labor and boosting efficiency.\" \/>\n<meta property=\"og:url\" content=\"https:\/\/swoer.com\/vi\/manufacturer\/automatic-riveting-machine\/\" \/>\n<meta property=\"og:site_name\" content=\"SWOER\" \/>\n<meta property=\"article:modified_time\" content=\"2024-07-31T01:05:56+00:00\" \/>\n<meta property=\"og:image\" content=\"https:\/\/swoer.com\/wp-content\/uploads\/2024\/04\/auto-rivet-tools.webp\" \/>\n\t<meta property=\"og:image:width\" content=\"1000\" \/>\n\t<meta property=\"og:image:height\" content=\"1000\" \/>\n\t<meta property=\"og:image:type\" content=\"image\/webp\" \/>\n<meta name=\"twitter:card\" content=\"summary_large_image\" \/>\n<meta name=\"twitter:label1\" content=\"\u01af\u1edbc t\u00ednh th\u1eddi gian \u0111\u1ecdc\" \/>\n\t<meta name=\"twitter:data1\" content=\"3 ph\u00fat\" \/>\n<script type=\"application\/ld+json\" class=\"yoast-schema-graph\">{\"@context\":\"https:\/\/schema.org\",\"@graph\":[{\"@type\":\"WebPage\",\"@id\":\"https:\/\/swoer.com\/manufacturer\/automatic-riveting-machine\/\",\"url\":\"https:\/\/swoer.com\/manufacturer\/automatic-riveting-machine\/\",\"name\":\"Automatic Riveting Machine - SWOER\",\"isPartOf\":{\"@id\":\"https:\/\/swoer.com\/#website\"},\"primaryImageOfPage\":{\"@id\":\"https:\/\/swoer.com\/manufacturer\/automatic-riveting-machine\/#primaryimage\"},\"image\":{\"@id\":\"https:\/\/swoer.com\/manufacturer\/automatic-riveting-machine\/#primaryimage\"},\"thumbnailUrl\":\"https:\/\/swoer.com\/wp-content\/uploads\/2024\/04\/auto-rivet-tools.webp\",\"datePublished\":\"2024-04-02T08:27:07+00:00\",\"dateModified\":\"2024-07-31T01:05:56+00:00\",\"description\":\"Experience advanced automation with SOWER's riveting machine. Automate rivet transfer, saving over 30% in labor and boosting efficiency.\",\"breadcrumb\":{\"@id\":\"https:\/\/swoer.com\/manufacturer\/automatic-riveting-machine\/#breadcrumb\"},\"inLanguage\":\"vi\",\"potentialAction\":[{\"@type\":\"ReadAction\",\"target\":[\"https:\/\/swoer.com\/manufacturer\/automatic-riveting-machine\/\"]}]},{\"@type\":\"ImageObject\",\"inLanguage\":\"vi\",\"@id\":\"https:\/\/swoer.com\/manufacturer\/automatic-riveting-machine\/#primaryimage\",\"url\":\"https:\/\/swoer.com\/wp-content\/uploads\/2024\/04\/auto-rivet-tools.webp\",\"contentUrl\":\"https:\/\/swoer.com\/wp-content\/uploads\/2024\/04\/auto-rivet-tools.webp\",\"width\":1000,\"height\":1000,\"caption\":\"auto rivet tools\"},{\"@type\":\"BreadcrumbList\",\"@id\":\"https:\/\/swoer.com\/manufacturer\/automatic-riveting-machine\/#breadcrumb\",\"itemListElement\":[{\"@type\":\"ListItem\",\"position\":1,\"name\":\"Home\",\"item\":\"https:\/\/swoer.com\/\"},{\"@type\":\"ListItem\",\"position\":2,\"name\":\"Shop\",\"item\":\"https:\/\/swoer.com\/shop\/\"},{\"@type\":\"ListItem\",\"position\":3,\"name\":\"Automatic Riveting Machine\"}]},{\"@type\":\"WebSite\",\"@id\":\"https:\/\/swoer.com\/#website\",\"url\":\"https:\/\/swoer.com\/\",\"name\":\"SWOER\",\"description\":\"Swoer is the top 3 vibratory bowl feeder manufacturer in China\",\"potentialAction\":[{\"@type\":\"SearchAction\",\"target\":{\"@type\":\"EntryPoint\",\"urlTemplate\":\"https:\/\/swoer.com\/?s={search_term_string}\"},\"query-input\":\"required name=search_term_string\"}],\"inLanguage\":\"vi\"}]}<\/script>\n<!-- \/ Yoast SEO plugin. -->","yoast_head_json":{"title":"Automatic Riveting Machine - SWOER","description":"Experience advanced automation with SOWER's riveting machine. Automate rivet transfer, saving over 30% in labor and boosting efficiency.","robots":{"index":"index","follow":"follow","max-snippet":"max-snippet:-1","max-image-preview":"max-image-preview:large","max-video-preview":"max-video-preview:-1"},"canonical":"https:\/\/swoer.com\/vi\/manufacturer\/automatic-riveting-machine\/","og_locale":"vi_VN","og_type":"article","og_title":"Automatic Riveting Machine - SWOER","og_description":"Experience advanced automation with SOWER's riveting machine. Automate rivet transfer, saving over 30% in labor and boosting efficiency.","og_url":"https:\/\/swoer.com\/vi\/manufacturer\/automatic-riveting-machine\/","og_site_name":"SWOER","article_modified_time":"2024-07-31T01:05:56+00:00","og_image":[{"width":1000,"height":1000,"url":"https:\/\/swoer.com\/wp-content\/uploads\/2024\/04\/auto-rivet-tools.webp","type":"image\/webp"}],"twitter_card":"summary_large_image","twitter_misc":{"\u01af\u1edbc t\u00ednh th\u1eddi gian \u0111\u1ecdc":"3 ph\u00fat"},"schema":{"@context":"https:\/\/schema.org","@graph":[{"@type":"WebPage","@id":"https:\/\/swoer.com\/manufacturer\/automatic-riveting-machine\/","url":"https:\/\/swoer.com\/manufacturer\/automatic-riveting-machine\/","name":"Automatic Riveting Machine - SWOER","isPartOf":{"@id":"https:\/\/swoer.com\/#website"},"primaryImageOfPage":{"@id":"https:\/\/swoer.com\/manufacturer\/automatic-riveting-machine\/#primaryimage"},"image":{"@id":"https:\/\/swoer.com\/manufacturer\/automatic-riveting-machine\/#primaryimage"},"thumbnailUrl":"https:\/\/swoer.com\/wp-content\/uploads\/2024\/04\/auto-rivet-tools.webp","datePublished":"2024-04-02T08:27:07+00:00","dateModified":"2024-07-31T01:05:56+00:00","description":"Experience advanced automation with SOWER's riveting machine. Automate rivet transfer, saving over 30% in labor and boosting efficiency.","breadcrumb":{"@id":"https:\/\/swoer.com\/manufacturer\/automatic-riveting-machine\/#breadcrumb"},"inLanguage":"vi","potentialAction":[{"@type":"ReadAction","target":["https:\/\/swoer.com\/manufacturer\/automatic-riveting-machine\/"]}]},{"@type":"ImageObject","inLanguage":"vi","@id":"https:\/\/swoer.com\/manufacturer\/automatic-riveting-machine\/#primaryimage","url":"https:\/\/swoer.com\/wp-content\/uploads\/2024\/04\/auto-rivet-tools.webp","contentUrl":"https:\/\/swoer.com\/wp-content\/uploads\/2024\/04\/auto-rivet-tools.webp","width":1000,"height":1000,"caption":"auto rivet tools"},{"@type":"BreadcrumbList","@id":"https:\/\/swoer.com\/manufacturer\/automatic-riveting-machine\/#breadcrumb","itemListElement":[{"@type":"ListItem","position":1,"name":"Home","item":"https:\/\/swoer.com\/"},{"@type":"ListItem","position":2,"name":"Shop","item":"https:\/\/swoer.com\/shop\/"},{"@type":"ListItem","position":3,"name":"Automatic Riveting Machine"}]},{"@type":"WebSite","@id":"https:\/\/swoer.com\/#website","url":"https:\/\/swoer.com\/","name":"SWOER","description":"Swoer is the top 3 vibratory bowl feeder manufacturer in China","potentialAction":[{"@type":"SearchAction","target":{"@type":"EntryPoint","urlTemplate":"https:\/\/swoer.com\/?s={search_term_string}"},"query-input":"required name=search_term_string"}],"inLanguage":"vi"}]}},"_links":{"self":[{"href":"https:\/\/swoer.com\/vi\/wp-json\/wp\/v2\/product\/1839"}],"collection":[{"href":"https:\/\/swoer.com\/vi\/wp-json\/wp\/v2\/product"}],"about":[{"href":"https:\/\/swoer.com\/vi\/wp-json\/wp\/v2\/types\/product"}],"replies":[{"embeddable":true,"href":"https:\/\/swoer.com\/vi\/wp-json\/wp\/v2\/comments?post=1839"}],"wp:featuredmedia":[{"embeddable":true,"href":"https:\/\/swoer.com\/vi\/wp-json\/wp\/v2\/media\/1840"}],"wp:attachment":[{"href":"https:\/\/swoer.com\/vi\/wp-json\/wp\/v2\/media?parent=1839"}],"wp:term":[{"taxonomy":"product_cat","embeddable":true,"href":"https:\/\/swoer.com\/vi\/wp-json\/wp\/v2\/product_cat?post=1839"},{"taxonomy":"product_tag","embeddable":true,"href":"https:\/\/swoer.com\/vi\/wp-json\/wp\/v2\/product_tag?post=1839"}],"curies":[{"name":"wp","href":"https:\/\/api.w.org\/{rel}","templated":true}]}}