{"id":1820,"date":"2024-04-02T03:12:36","date_gmt":"2024-04-02T03:12:36","guid":{"rendered":"https:\/\/lightgrey-porpoise-816575.hostingersite.com\/?post_type=product&#038;p=1820"},"modified":"2024-04-02T03:18:29","modified_gmt":"2024-04-02T03:18:29","slug":"plastic-connector-pneumatic-stepped-feeding-device","status":"publish","type":"product","link":"https:\/\/swoer.com\/vi\/manufacturer\/plastic-connector-pneumatic-stepped-feeding-device\/","title":{"rendered":"Thi\u1ebft b\u1ecb c\u1ea5p li\u1ec7u t\u1eebng b\u01b0\u1edbc b\u1eb1ng kh\u00ed n\u00e9n c\u00f3 \u0111\u1ea7u n\u1ed1i b\u1eb1ng nh\u1ef1a"},"content":{"rendered":"<p><strong>1.<\/strong> T\u0103ng hi\u1ec7u su\u1ea5t d\u00e2y chuy\u1ec1n l\u1eafp r\u00e1p c\u1ee7a b\u1ea1n v\u1edbi Thi\u1ebft b\u1ecb c\u1ea5p li\u1ec7u t\u1eebng b\u01b0\u1edbc b\u1eb1ng kh\u00ed n\u00e9n c\u00f3 \u0111\u1ea7u n\u1ed1i nh\u1ef1a c\u1ee7a ch\u00fang t\u00f4i. \u0110\u01b0\u1ee3c thi\u1ebft k\u1ebf \u0111\u1ec3 \u0111\u1ea3m b\u1ea3o \u0111\u1ed9 ch\u00ednh x\u00e1c, n\u00f3 \u0111\u1ea3m b\u1ea3o x\u1eed l\u00fd v\u1eadt li\u1ec7u li\u1ec1n m\u1ea1ch cho quy tr\u00ecnh s\u1ea3n xu\u1ea5t \u0111\u01b0\u1ee3c t\u1ed1i \u01b0u h\u00f3a<\/p>\n<p><strong>2.<\/strong> H\u1ee3p l\u00fd h\u00f3a quy tr\u00ecnh s\u1ea3n xu\u1ea5t c\u1ee7a b\u1ea1n v\u1edbi Thi\u1ebft b\u1ecb c\u1ea5p li\u1ec7u t\u1eebng b\u01b0\u1edbc b\u1eb1ng kh\u00ed n\u00e9n c\u00f3 \u0111\u1ea7u n\u1ed1i nh\u1ef1a c\u1ee7a ch\u00fang t\u00f4i. \u0110\u00e1ng tin c\u1eady v\u00e0 hi\u1ec7u qu\u1ea3, n\u00f3 cung c\u1ea5p th\u1ee9c \u0103n \u1ed5n \u0111\u1ecbnh, t\u1ed1i \u0111a h\u00f3a n\u0103ng su\u1ea5t.<\/p>\n\t<div id=\"gap-589588955\" class=\"gap-element clearfix\" style=\"display:block; height:auto;\">\n\t\t\n<style>\n#gap-589588955 {\n  padding-top: 30px;\n}\n<\/style>\n\t<\/div>\n\t\n<h2>S\u1ef1 mi\u00eau t\u1ea3:<\/h2>\n<table width=\"727\">\n<tbody>\n<tr>\n<td width=\"205\">t\u00ean s\u1ea3n ph\u1ea9m<\/td>\n<td width=\"522\">Thi\u1ebft b\u1ecb c\u1ea5p li\u1ec7u t\u1eebng b\u01b0\u1edbc b\u1eb1ng kh\u00ed n\u00e9n c\u00f3 \u0111\u1ea7u n\u1ed1i b\u1eb1ng nh\u1ef1a\u00a0<\/td>\n<\/tr>\n<tr>\n<td>V\u1eadt li\u1ec7u<\/td>\n<td>AL7075 \/ SUS304<\/td>\n<\/tr>\n<tr>\n<td>\u0110\u1eb7c s\u1ea3n v\u1eadt li\u1ec7u<\/td>\n<td>H\u1ee3p kim r\u00e8n x\u1eed l\u00fd ngu\u1ed9i, \u0110\u1ed9 b\u1ec1n cao, \u0110\u1ed9 c\u1ee9ng cao<\/td>\n<\/tr>\n<tr>\n<td>V\u00f4n<\/td>\n<td>220V<\/td>\n<\/tr>\n<tr>\n<td>Quy\u1ec1n l\u1ef1c<\/td>\n<td>65W \/150W \/180w \/ 220W \/ 350W<\/td>\n<\/tr>\n<tr>\n<td>X\u00e1c th\u1ef1c<\/td>\n<td>CE,ROHS,ISO9001<\/td>\n<\/tr>\n<tr>\n<td>S\u1ef1 b\u1ea3o \u0111\u1ea3m<\/td>\n<td>b\u1ea3o h\u00e0nh 1 n\u0103m<\/td>\n<\/tr>\n<tr>\n<td>MOQ<\/td>\n<td>1 b\u1ed9<\/td>\n<\/tr>\n<tr>\n<td>Th\u1eddi gian d\u1eabn<\/td>\n<td>28 ng\u00e0y<\/td>\n<\/tr>\n<tr>\n<td>Ch\u00ednh s\u00e1ch thanh to\u00e1n<\/td>\n<td>T\/T 30% \u0110\u1eb7t c\u1ecdc v\u00e0 s\u1ed1 d\u01b0 tr\u01b0\u1edbc khi v\u1eadn chuy\u1ec3n<\/td>\n<\/tr>\n<tr>\n<td>B\u1ea3n g\u1ed1c c\u1ee7a \u0111\u1ecba \u0111i\u1ec3m<\/td>\n<td>Trung Qu\u1ed1c<\/td>\n<\/tr>\n<\/tbody>\n<\/table>\n\t<div id=\"gap-1851585381\" class=\"gap-element clearfix\" style=\"display:block; height:auto;\">\n\t\t\n<style>\n#gap-1851585381 {\n  padding-top: 30px;\n}\n<\/style>\n\t<\/div>\n\t\n<h2>C\u00e2u h\u1ecfi th\u01b0\u1eddng g\u1eb7p:<\/h2>\n<p><strong>1. Thi\u1ebft b\u1ecb c\u1ea5p li\u1ec7u t\u1eebng b\u01b0\u1edbc b\u1eb1ng kh\u00ed n\u00e9n c\u00f3 \u0111\u1ea7u n\u1ed1i nh\u1ef1a s\u1ebd c\u1ea3i thi\u1ec7n hi\u1ec7u qu\u1ea3 d\u00e2y chuy\u1ec1n l\u1eafp r\u00e1p c\u1ee7a t\u00f4i nh\u01b0 th\u1ebf n\u00e0o?<\/strong><\/p>\n<p>Thi\u1ebft b\u1ecb c\u1ea5p li\u1ec7u t\u1eebng b\u01b0\u1edbc b\u1eb1ng kh\u00ed n\u00e9n c\u00f3 \u0111\u1ea7u n\u1ed1i nh\u1ef1a c\u1ee7a ch\u00fang t\u00f4i \u0111\u01b0\u1ee3c thi\u1ebft k\u1ebf \u0111\u1ec3 t\u1ed1i \u01b0u h\u00f3a vi\u1ec7c x\u1eed l\u00fd v\u1eadt li\u1ec7u, \u0111\u1ea3m b\u1ea3o c\u1ea5p li\u1ec7u li\u1ec1n m\u1ea1ch v\u00e0 hi\u1ec7u qu\u1ea3 cho c\u00e1c \u0111\u1ea7u n\u1ed1i nh\u1ef1a. B\u1eb1ng c\u00e1ch t\u1ef1 \u0111\u1ed9ng h\u00f3a quy tr\u00ecnh n\u00e0y, n\u00f3 gi\u00fap gi\u1ea3m lao \u0111\u1ed9ng th\u1ee7 c\u00f4ng v\u00e0 gi\u1ea3m thi\u1ec3u th\u1eddi gian ng\u1eebng s\u1ea3n xu\u1ea5t, cu\u1ed1i c\u00f9ng l\u00e0 n\u00e2ng cao hi\u1ec7u qu\u1ea3 c\u1ee7a d\u00e2y chuy\u1ec1n l\u1eafp r\u00e1p t\u1ed5ng th\u1ec3.<\/p>\n<p><strong>2. Thi\u1ebft b\u1ecb c\u1ea5p li\u1ec7u n\u00e0y c\u00f3 th\u1ec3 x\u1eed l\u00fd c\u00e1c k\u00edch c\u1ee1 v\u00e0 h\u00ecnh d\u1ea1ng kh\u00e1c nhau c\u1ee7a \u0111\u1ea7u n\u1ed1i nh\u1ef1a kh\u00f4ng?<\/strong><\/p>\n<p>Tuy\u1ec7t \u0111\u1ed1i. Thi\u1ebft b\u1ecb c\u1ee7a ch\u00fang t\u00f4i r\u1ea5t linh ho\u1ea1t v\u00e0 c\u00f3 th\u1ec3 \u0111i\u1ec1u ch\u1ec9nh, c\u00f3 kh\u1ea3 n\u0103ng ch\u1ee9a nhi\u1ec1u k\u00edch c\u1ee1 v\u00e0 h\u00ecnh d\u1ea1ng \u0111\u1ea7u n\u1ed1i nh\u1ef1a. Cho d\u00f9 b\u1ea1n \u0111ang l\u00e0m vi\u1ec7c v\u1edbi c\u00e1c \u0111\u1ea7u n\u1ed1i nh\u1ecf hay l\u1edbn, thi\u1ebft b\u1ecb c\u1ea5p li\u1ec7u c\u1ee7a ch\u00fang t\u00f4i \u0111\u1ec1u mang l\u1ea1i hi\u1ec7u su\u1ea5t \u1ed5n \u0111\u1ecbnh v\u00e0 \u0111\u00e1ng tin c\u1eady, \u0111\u1ea3m b\u1ea3o t\u00edch h\u1ee3p li\u1ec1n m\u1ea1ch v\u00e0o d\u00e2y chuy\u1ec1n l\u1eafp r\u00e1p c\u1ee7a b\u1ea1n.<\/p>\n<p><strong>3. Vi\u1ec7c c\u00e0i \u0111\u1eb7t v\u00e0 t\u00edch h\u1ee3p thi\u1ebft b\u1ecb c\u1ea5p li\u1ec7u n\u00e0y v\u00e0o thi\u1ebft l\u1eadp s\u1ea3n xu\u1ea5t hi\u1ec7n t\u1ea1i c\u1ee7a t\u00f4i d\u1ec5 d\u00e0ng \u0111\u1ebfn m\u1ee9c n\u00e0o?<\/strong><\/p>\n<p>C\u00e0i \u0111\u1eb7t v\u00e0 t\u00edch h\u1ee3p l\u00e0 c\u00e1c qu\u00e1 tr\u00ecnh \u0111\u01a1n gi\u1ea3n. Nh\u00f3m c\u1ee7a ch\u00fang t\u00f4i cung c\u1ea5p h\u1ed7 tr\u1ee3 to\u00e0n di\u1ec7n \u0111\u1ec3 \u0111\u1ea3m b\u1ea3o thi\u1ebft l\u1eadp v\u00e0 t\u00edch h\u1ee3p su\u00f4n s\u1ebb Thi\u1ebft b\u1ecb c\u1ea5p li\u1ec7u t\u1eebng b\u01b0\u1edbc b\u1eb1ng kh\u00ed n\u00e9n c\u00f3 \u0111\u1ea7u n\u1ed1i nh\u1ef1a v\u00e0o thi\u1ebft l\u1eadp s\u1ea3n xu\u1ea5t hi\u1ec7n t\u1ea1i c\u1ee7a b\u1ea1n. Ch\u00fang t\u00f4i \u01b0u ti\u00ean gi\u1ea3m thi\u1ec3u s\u1ef1 gi\u00e1n \u0111o\u1ea1n trong ho\u1ea1t \u0111\u1ed9ng c\u1ee7a b\u1ea1n, cho ph\u00e9p b\u1ea1n nhanh ch\u00f3ng h\u01b0\u1edfng l\u1ee3i t\u1eeb hi\u1ec7u qu\u1ea3 \u0111\u01b0\u1ee3c c\u1ea3i thi\u1ec7n.<\/p>\n<p><strong>4. Thi\u1ebft b\u1ecb cho \u0103n n\u00e0y \u0111\u00f3ng g\u00f3p nh\u01b0 th\u1ebf n\u00e0o v\u00e0o ch\u1ea5t l\u01b0\u1ee3ng v\u00e0 \u0111\u1ed9 \u0111\u1ed3ng nh\u1ea5t c\u1ee7a s\u1ea3n ph\u1ea9m?<\/strong><\/p>\n<p>B\u1eb1ng c\u00e1ch cung c\u1ea5p ngu\u1ed3n c\u1ea5p d\u1eef li\u1ec7u ch\u00ednh x\u00e1c v\u00e0 c\u00f3 ki\u1ec3m so\u00e1t cho c\u00e1c \u0111\u1ea7u n\u1ed1i nh\u1ef1a, thi\u1ebft b\u1ecb c\u1ee7a ch\u00fang t\u00f4i gi\u00fap duy tr\u00ec ch\u1ea5t l\u01b0\u1ee3ng v\u00e0 t\u00ednh nh\u1ea5t qu\u00e1n c\u1ee7a s\u1ea3n ph\u1ea9m trong su\u1ed1t qu\u00e1 tr\u00ecnh l\u1eafp r\u00e1p. Ho\u1ea1t \u0111\u1ed9ng b\u1eb1ng kh\u00ed n\u00e9n c\u1ee7a n\u00f3 \u0111\u1ea3m b\u1ea3o v\u1ecb tr\u00ed v\u00e0 c\u0103n ch\u1ec9nh ch\u00ednh x\u00e1c, gi\u1ea3m thi\u1ec3u sai s\u00f3t v\u00e0 khuy\u1ebft t\u1eadt c\u0169ng nh\u01b0 \u0111\u1ea3m b\u1ea3o \u0111\u1ea7u ra ch\u1ea5t l\u01b0\u1ee3ng cao.<\/p>\n<p><strong>5. B\u1ea1n cung c\u1ea5p lo\u1ea1i h\u1ed7 tr\u1ee3 n\u00e0o \u0111\u1ec3 b\u1ea3o tr\u00ec v\u00e0 kh\u1eafc ph\u1ee5c s\u1ef1 c\u1ed1 c\u1ee7a thi\u1ebft b\u1ecb cho \u0103n n\u00e0y?<\/strong><\/p>\n<p>Ch\u00fang t\u00f4i cung c\u1ea5p h\u1ed7 tr\u1ee3 li\u00ean t\u1ee5c cho c\u00e1c nhu c\u1ea7u b\u1ea3o tr\u00ec v\u00e0 kh\u1eafc ph\u1ee5c s\u1ef1 c\u1ed1. Nh\u00f3m c\u1ee7a ch\u00fang t\u00f4i cung c\u1ea5p ch\u01b0\u01a1ng tr\u00ecnh \u0111\u00e0o t\u1ea1o to\u00e0n di\u1ec7n, l\u1ecbch tr\u00ecnh b\u1ea3o tr\u00ec v\u00e0 h\u1ed7 tr\u1ee3 k\u1ef9 thu\u1eadt \u0111\u1ec3 \u0111\u1ea3m b\u1ea3o \u0111\u1ed9 tin c\u1eady v\u00e0 hi\u1ec7u su\u1ea5t li\u00ean t\u1ee5c c\u1ee7a Thi\u1ebft b\u1ecb c\u1ea5p li\u1ec7u t\u1eebng b\u01b0\u1edbc b\u1eb1ng kh\u00ed n\u00e9n c\u00f3 \u0111\u1ea7u n\u1ed1i nh\u1ef1a. Ch\u00fang t\u00f4i cam k\u1ebft gi\u00fap b\u1ea1n t\u1ed1i \u0111a h\u00f3a hi\u1ec7u su\u1ea5t v\u00e0 hi\u1ec7u qu\u1ea3 ho\u1ea1t \u0111\u1ed9ng c\u1ee7a d\u00e2y chuy\u1ec1n l\u1eafp r\u00e1p.<\/p>","protected":false},"excerpt":{"rendered":"<p>T\u1ed1i \u01b0u h\u00f3a d\u00e2y chuy\u1ec1n l\u1eafp r\u00e1p c\u1ee7a b\u1ea1n v\u1edbi Thi\u1ebft b\u1ecb c\u1ea5p li\u1ec7u t\u1eebng b\u01b0\u1edbc b\u1eb1ng kh\u00ed n\u00e9n c\u00f3 \u0111\u1ea7u n\u1ed1i nh\u1ef1a c\u1ee7a ch\u00fang t\u00f4i. \u0110\u01b0\u1ee3c thi\u1ebft k\u1ebf ch\u00ednh x\u00e1c \u0111\u1ec3 x\u1eed l\u00fd v\u1eadt li\u1ec7u li\u1ec1n m\u1ea1ch, n\u00f3 \u0111\u1ea3m b\u1ea3o c\u1ea5p li\u1ec7u hi\u1ec7u qu\u1ea3 v\u00e0 \u0111\u00e1ng tin c\u1eady, n\u00e2ng cao quy tr\u00ecnh s\u1ea3n xu\u1ea5t c\u1ee7a b\u1ea1n.<\/p>","protected":false},"featured_media":1821,"comment_status":"open","ping_status":"closed","template":"","meta":[],"product_cat":[39],"product_tag":[],"yoast_head":"<!-- This site is optimized with the Yoast SEO plugin v22.2 - https:\/\/yoast.com\/wordpress\/plugins\/seo\/ -->\n<title>Plastic Connector Pneumatic Stepped Feeding Device - SWOER<\/title>\n<meta name=\"robots\" content=\"index, follow, max-snippet:-1, max-image-preview:large, max-video-preview:-1\" \/>\n<link rel=\"canonical\" href=\"https:\/\/swoer.com\/vi\/manufacturer\/plastic-connector-pneumatic-stepped-feeding-device\/\" \/>\n<meta property=\"og:locale\" content=\"vi_VN\" \/>\n<meta property=\"og:type\" content=\"article\" \/>\n<meta property=\"og:title\" content=\"Plastic Connector Pneumatic Stepped Feeding Device - SWOER\" \/>\n<meta property=\"og:description\" content=\"Optimize your assembly line with our Plastic Connector Pneumatic Stepped Feeding Device. Precision-engineered for seamless material handling, it ensures efficient and reliable feeding, enhancing your production processes.\" \/>\n<meta property=\"og:url\" content=\"https:\/\/swoer.com\/vi\/manufacturer\/plastic-connector-pneumatic-stepped-feeding-device\/\" \/>\n<meta property=\"og:site_name\" content=\"SWOER\" \/>\n<meta property=\"article:modified_time\" content=\"2024-04-02T03:18:29+00:00\" \/>\n<meta property=\"og:image\" content=\"https:\/\/swoer.com\/wp-content\/uploads\/2024\/04\/Plastic-Connector-Pneumatic-Stepped-Feeding-Device-.jpg\" \/>\n\t<meta property=\"og:image:width\" content=\"1000\" \/>\n\t<meta property=\"og:image:height\" content=\"1000\" \/>\n\t<meta property=\"og:image:type\" content=\"image\/jpeg\" \/>\n<meta name=\"twitter:card\" content=\"summary_large_image\" \/>\n<meta name=\"twitter:label1\" content=\"\u01af\u1edbc t\u00ednh th\u1eddi gian \u0111\u1ecdc\" \/>\n\t<meta name=\"twitter:data1\" content=\"1 ph\u00fat\" \/>\n<script type=\"application\/ld+json\" class=\"yoast-schema-graph\">{\"@context\":\"https:\/\/schema.org\",\"@graph\":[{\"@type\":\"WebPage\",\"@id\":\"https:\/\/swoer.com\/manufacturer\/plastic-connector-pneumatic-stepped-feeding-device\/\",\"url\":\"https:\/\/swoer.com\/manufacturer\/plastic-connector-pneumatic-stepped-feeding-device\/\",\"name\":\"Plastic Connector Pneumatic Stepped Feeding Device - SWOER\",\"isPartOf\":{\"@id\":\"https:\/\/swoer.com\/#website\"},\"primaryImageOfPage\":{\"@id\":\"https:\/\/swoer.com\/manufacturer\/plastic-connector-pneumatic-stepped-feeding-device\/#primaryimage\"},\"image\":{\"@id\":\"https:\/\/swoer.com\/manufacturer\/plastic-connector-pneumatic-stepped-feeding-device\/#primaryimage\"},\"thumbnailUrl\":\"https:\/\/swoer.com\/wp-content\/uploads\/2024\/04\/Plastic-Connector-Pneumatic-Stepped-Feeding-Device-.jpg\",\"datePublished\":\"2024-04-02T03:12:36+00:00\",\"dateModified\":\"2024-04-02T03:18:29+00:00\",\"breadcrumb\":{\"@id\":\"https:\/\/swoer.com\/manufacturer\/plastic-connector-pneumatic-stepped-feeding-device\/#breadcrumb\"},\"inLanguage\":\"vi\",\"potentialAction\":[{\"@type\":\"ReadAction\",\"target\":[\"https:\/\/swoer.com\/manufacturer\/plastic-connector-pneumatic-stepped-feeding-device\/\"]}]},{\"@type\":\"ImageObject\",\"inLanguage\":\"vi\",\"@id\":\"https:\/\/swoer.com\/manufacturer\/plastic-connector-pneumatic-stepped-feeding-device\/#primaryimage\",\"url\":\"https:\/\/swoer.com\/wp-content\/uploads\/2024\/04\/Plastic-Connector-Pneumatic-Stepped-Feeding-Device-.jpg\",\"contentUrl\":\"https:\/\/swoer.com\/wp-content\/uploads\/2024\/04\/Plastic-Connector-Pneumatic-Stepped-Feeding-Device-.jpg\",\"width\":1000,\"height\":1000,\"caption\":\"Plastic Connector Pneumatic Stepped Feeding Device\"},{\"@type\":\"BreadcrumbList\",\"@id\":\"https:\/\/swoer.com\/manufacturer\/plastic-connector-pneumatic-stepped-feeding-device\/#breadcrumb\",\"itemListElement\":[{\"@type\":\"ListItem\",\"position\":1,\"name\":\"Home\",\"item\":\"https:\/\/swoer.com\/\"},{\"@type\":\"ListItem\",\"position\":2,\"name\":\"Shop\",\"item\":\"https:\/\/swoer.com\/shop\/\"},{\"@type\":\"ListItem\",\"position\":3,\"name\":\"Plastic Connector Pneumatic Stepped Feeding Device\"}]},{\"@type\":\"WebSite\",\"@id\":\"https:\/\/swoer.com\/#website\",\"url\":\"https:\/\/swoer.com\/\",\"name\":\"SWOER\",\"description\":\"Swoer is the top 3 vibratory bowl feeder manufacturer in China\",\"potentialAction\":[{\"@type\":\"SearchAction\",\"target\":{\"@type\":\"EntryPoint\",\"urlTemplate\":\"https:\/\/swoer.com\/?s={search_term_string}\"},\"query-input\":\"required name=search_term_string\"}],\"inLanguage\":\"vi\"}]}<\/script>\n<!-- \/ Yoast SEO plugin. -->","yoast_head_json":{"title":"Plastic Connector Pneumatic Stepped Feeding Device - SWOER","robots":{"index":"index","follow":"follow","max-snippet":"max-snippet:-1","max-image-preview":"max-image-preview:large","max-video-preview":"max-video-preview:-1"},"canonical":"https:\/\/swoer.com\/vi\/manufacturer\/plastic-connector-pneumatic-stepped-feeding-device\/","og_locale":"vi_VN","og_type":"article","og_title":"Plastic Connector Pneumatic Stepped Feeding Device - SWOER","og_description":"Optimize your assembly line with our Plastic Connector Pneumatic Stepped Feeding Device. Precision-engineered for seamless material handling, it ensures efficient and reliable feeding, enhancing your production processes.","og_url":"https:\/\/swoer.com\/vi\/manufacturer\/plastic-connector-pneumatic-stepped-feeding-device\/","og_site_name":"SWOER","article_modified_time":"2024-04-02T03:18:29+00:00","og_image":[{"width":1000,"height":1000,"url":"https:\/\/swoer.com\/wp-content\/uploads\/2024\/04\/Plastic-Connector-Pneumatic-Stepped-Feeding-Device-.jpg","type":"image\/jpeg"}],"twitter_card":"summary_large_image","twitter_misc":{"\u01af\u1edbc t\u00ednh th\u1eddi gian \u0111\u1ecdc":"1 ph\u00fat"},"schema":{"@context":"https:\/\/schema.org","@graph":[{"@type":"WebPage","@id":"https:\/\/swoer.com\/manufacturer\/plastic-connector-pneumatic-stepped-feeding-device\/","url":"https:\/\/swoer.com\/manufacturer\/plastic-connector-pneumatic-stepped-feeding-device\/","name":"Plastic Connector Pneumatic Stepped Feeding Device - SWOER","isPartOf":{"@id":"https:\/\/swoer.com\/#website"},"primaryImageOfPage":{"@id":"https:\/\/swoer.com\/manufacturer\/plastic-connector-pneumatic-stepped-feeding-device\/#primaryimage"},"image":{"@id":"https:\/\/swoer.com\/manufacturer\/plastic-connector-pneumatic-stepped-feeding-device\/#primaryimage"},"thumbnailUrl":"https:\/\/swoer.com\/wp-content\/uploads\/2024\/04\/Plastic-Connector-Pneumatic-Stepped-Feeding-Device-.jpg","datePublished":"2024-04-02T03:12:36+00:00","dateModified":"2024-04-02T03:18:29+00:00","breadcrumb":{"@id":"https:\/\/swoer.com\/manufacturer\/plastic-connector-pneumatic-stepped-feeding-device\/#breadcrumb"},"inLanguage":"vi","potentialAction":[{"@type":"ReadAction","target":["https:\/\/swoer.com\/manufacturer\/plastic-connector-pneumatic-stepped-feeding-device\/"]}]},{"@type":"ImageObject","inLanguage":"vi","@id":"https:\/\/swoer.com\/manufacturer\/plastic-connector-pneumatic-stepped-feeding-device\/#primaryimage","url":"https:\/\/swoer.com\/wp-content\/uploads\/2024\/04\/Plastic-Connector-Pneumatic-Stepped-Feeding-Device-.jpg","contentUrl":"https:\/\/swoer.com\/wp-content\/uploads\/2024\/04\/Plastic-Connector-Pneumatic-Stepped-Feeding-Device-.jpg","width":1000,"height":1000,"caption":"Plastic Connector Pneumatic Stepped Feeding Device"},{"@type":"BreadcrumbList","@id":"https:\/\/swoer.com\/manufacturer\/plastic-connector-pneumatic-stepped-feeding-device\/#breadcrumb","itemListElement":[{"@type":"ListItem","position":1,"name":"Home","item":"https:\/\/swoer.com\/"},{"@type":"ListItem","position":2,"name":"Shop","item":"https:\/\/swoer.com\/shop\/"},{"@type":"ListItem","position":3,"name":"Plastic Connector Pneumatic Stepped Feeding Device"}]},{"@type":"WebSite","@id":"https:\/\/swoer.com\/#website","url":"https:\/\/swoer.com\/","name":"SWOER","description":"Swoer is the top 3 vibratory bowl feeder manufacturer in China","potentialAction":[{"@type":"SearchAction","target":{"@type":"EntryPoint","urlTemplate":"https:\/\/swoer.com\/?s={search_term_string}"},"query-input":"required name=search_term_string"}],"inLanguage":"vi"}]}},"_links":{"self":[{"href":"https:\/\/swoer.com\/vi\/wp-json\/wp\/v2\/product\/1820"}],"collection":[{"href":"https:\/\/swoer.com\/vi\/wp-json\/wp\/v2\/product"}],"about":[{"href":"https:\/\/swoer.com\/vi\/wp-json\/wp\/v2\/types\/product"}],"replies":[{"embeddable":true,"href":"https:\/\/swoer.com\/vi\/wp-json\/wp\/v2\/comments?post=1820"}],"wp:featuredmedia":[{"embeddable":true,"href":"https:\/\/swoer.com\/vi\/wp-json\/wp\/v2\/media\/1821"}],"wp:attachment":[{"href":"https:\/\/swoer.com\/vi\/wp-json\/wp\/v2\/media?parent=1820"}],"wp:term":[{"taxonomy":"product_cat","embeddable":true,"href":"https:\/\/swoer.com\/vi\/wp-json\/wp\/v2\/product_cat?post=1820"},{"taxonomy":"product_tag","embeddable":true,"href":"https:\/\/swoer.com\/vi\/wp-json\/wp\/v2\/product_tag?post=1820"}],"curies":[{"name":"wp","href":"https:\/\/api.w.org\/{rel}","templated":true}]}}