{"id":1817,"date":"2024-04-02T03:02:08","date_gmt":"2024-04-02T03:02:08","guid":{"rendered":"https:\/\/lightgrey-porpoise-816575.hostingersite.com\/?post_type=product&#038;p=1817"},"modified":"2024-04-02T03:10:00","modified_gmt":"2024-04-02T03:10:00","slug":"screw-pneumatic-step-feeder-system","status":"publish","type":"product","link":"https:\/\/swoer.com\/vi\/manufacturer\/screw-pneumatic-step-feeder-system\/","title":{"rendered":"H\u1ec7 th\u1ed1ng c\u1ea5p li\u1ec7u b\u01b0\u1edbc kh\u00ed n\u00e9n tr\u1ee5c v\u00edt"},"content":{"rendered":"<ol>\n<li>\n<p>T\u1ed1i \u0111a h\u00f3a n\u0103ng su\u1ea5t v\u1edbi H\u1ec7 th\u1ed1ng c\u1ea5p li\u1ec7u b\u01b0\u1edbc b\u1eb1ng kh\u00ed n\u00e9n tr\u1ee5c v\u00edt c\u1ee7a ch\u00fang t\u00f4i. \u0110\u01b0\u1ee3c thi\u1ebft k\u1ebf \u0111\u1ec3 mang l\u1ea1i \u0111\u1ed9 ch\u00ednh x\u00e1c, n\u00f3 h\u1ee3p l\u00fd h\u00f3a vi\u1ec7c x\u1eed l\u00fd v\u1eadt li\u1ec7u \u0111\u1ec3 c\u00f3 quy tr\u00ecnh s\u1ea3n xu\u1ea5t li\u1ec1n m\u1ea1ch.<\/p>\n<\/li>\n<li>\n<p>X\u1eed l\u00fd v\u1eadt li\u1ec7u d\u1ec5 d\u00e0ng b\u1eb1ng H\u1ec7 th\u1ed1ng c\u1ea5p li\u1ec7u t\u1eebng b\u01b0\u1edbc b\u1eb1ng kh\u00ed n\u00e9n tr\u1ee5c v\u00edt c\u1ee7a ch\u00fang t\u00f4i. \u0110\u00e1ng tin c\u1eady v\u00e0 hi\u1ec7u qu\u1ea3, n\u00f3 \u0111\u1ea3m b\u1ea3o c\u1ea5p li\u1ec7u \u1ed5n \u0111\u1ecbnh, t\u1ed1i \u01b0u h\u00f3a quy tr\u00ecnh s\u1ea3n xu\u1ea5t c\u1ee7a b\u1ea1n.<\/p>\n<\/li>\n<\/ol>\n\t<div id=\"gap-1360641271\" class=\"gap-element clearfix\" style=\"display:block; height:auto;\">\n\t\t\n<style>\n#gap-1360641271 {\n  padding-top: 30px;\n}\n<\/style>\n\t<\/div>\n\t\n<h2>S\u1ef1 mi\u00eau t\u1ea3:<\/h2>\n<table style=\"border-collapse: collapse; width: 545.27pt;\" border=\"0\" width=\"727\" cellspacing=\"0\" cellpadding=\"0\">\n<tbody>\n<tr style=\"height: 29.00pt;\">\n<td class=\"et2\" style=\"height: 29.00pt; width: 153.75pt;\" width=\"205\" height=\"38\">t\u00ean s\u1ea3n ph\u1ea9m<\/td>\n<td class=\"et2\" style=\"width: 391.50pt;\" width=\"522\">H\u1ec7 th\u1ed1ng c\u1ea5p li\u1ec7u b\u01b0\u1edbc kh\u00ed n\u00e9n tr\u1ee5c v\u00edt<\/td>\n<\/tr>\n<tr style=\"height: 29.00pt;\">\n<td class=\"et2\" style=\"height: 29.00pt;\" height=\"38\">V\u1eadt li\u1ec7u<\/td>\n<td class=\"et2\">AL7075 \/ SUS304<\/td>\n<\/tr>\n<tr style=\"height: 29.00pt;\">\n<td class=\"et2\" style=\"height: 29.00pt;\" height=\"38\">\u0110\u1eb7c s\u1ea3n v\u1eadt li\u1ec7u<\/td>\n<td class=\"et2\">H\u1ee3p kim r\u00e8n x\u1eed l\u00fd ngu\u1ed9i, \u0110\u1ed9 b\u1ec1n cao, \u0110\u1ed9 c\u1ee9ng cao<\/td>\n<\/tr>\n<tr style=\"height: 29.00pt;\">\n<td class=\"et2\" style=\"height: 29.00pt;\" height=\"38\">V\u00f4n<\/td>\n<td class=\"et2\">220V<\/td>\n<\/tr>\n<tr style=\"height: 29.00pt;\">\n<td class=\"et2\" style=\"height: 29.00pt;\" height=\"38\">Quy\u1ec1n l\u1ef1c<\/td>\n<td class=\"et2\">65W \/150W \/180w \/ 220W \/ 350W<\/td>\n<\/tr>\n<tr style=\"height: 29.00pt;\">\n<td class=\"et2\" style=\"height: 29.00pt;\" height=\"38\">X\u00e1c th\u1ef1c<\/td>\n<td class=\"et2\">CE,ROHS,ISO9001<\/td>\n<\/tr>\n<tr style=\"height: 29.00pt;\">\n<td class=\"et2\" style=\"height: 29.00pt;\" height=\"38\">S\u1ef1 b\u1ea3o \u0111\u1ea3m<\/td>\n<td class=\"et2\">b\u1ea3o h\u00e0nh 1 n\u0103m<\/td>\n<\/tr>\n<tr style=\"height: 29.00pt;\">\n<td class=\"et2\" style=\"height: 29.00pt;\" height=\"38\">MOQ<\/td>\n<td class=\"et2\">1 b\u1ed9<\/td>\n<\/tr>\n<tr style=\"height: 29.00pt;\">\n<td class=\"et2\" style=\"height: 29.00pt;\" height=\"38\">Th\u1eddi gian d\u1eabn<\/td>\n<td class=\"et2\">28 ng\u00e0y<\/td>\n<\/tr>\n<tr style=\"height: 29.00pt;\">\n<td class=\"et2\" style=\"height: 29.00pt;\" height=\"38\">Ch\u00ednh s\u00e1ch thanh to\u00e1n<\/td>\n<td class=\"et2\">T\/T 30% \u0110\u1eb7t c\u1ecdc v\u00e0 s\u1ed1 d\u01b0 tr\u01b0\u1edbc khi v\u1eadn chuy\u1ec3n<\/td>\n<\/tr>\n<tr style=\"height: 29.00pt;\">\n<td class=\"et2\" style=\"height: 29.00pt;\" height=\"38\">B\u1ea3n g\u1ed1c c\u1ee7a \u0111\u1ecba \u0111i\u1ec3m<\/td>\n<td class=\"et2\">Trung Qu\u1ed1c<\/td>\n<\/tr>\n<\/tbody>\n<\/table>\n\t<div id=\"gap-604979279\" class=\"gap-element clearfix\" style=\"display:block; height:auto;\">\n\t\t\n<style>\n#gap-604979279 {\n  padding-top: 30px;\n}\n<\/style>\n\t<\/div>\n\t\n<h2>C\u00e2u h\u1ecfi th\u01b0\u1eddng g\u1eb7p:<\/h2>\n<p><strong>1. H\u1ec7 th\u1ed1ng c\u1ea5p li\u1ec7u t\u1eebng b\u01b0\u1edbc b\u1eb1ng kh\u00ed n\u00e9n tr\u1ee5c v\u00edt c\u1ea3i thi\u1ec7n quy tr\u00ecnh s\u1ea3n xu\u1ea5t c\u1ee7a t\u00f4i nh\u01b0 th\u1ebf n\u00e0o?<\/strong><\/p>\n<p>H\u1ec7 th\u1ed1ng c\u1ea5p li\u1ec7u t\u1eebng b\u01b0\u1edbc b\u1eb1ng kh\u00ed n\u00e9n tr\u1ee5c v\u00edt c\u1ee7a ch\u00fang t\u00f4i \u0111\u1ea3m b\u1ea3o c\u1ea5p nguy\u00ean li\u1ec7u ch\u00ednh x\u00e1c v\u00e0 \u0111\u00e1ng tin c\u1eady, gi\u1ea3m thi\u1ec3u th\u1eddi gian ng\u1eebng ho\u1ea1t \u0111\u1ed9ng v\u00e0 t\u1ed1i \u01b0u h\u00f3a hi\u1ec7u qu\u1ea3 quy tr\u00ecnh l\u00e0m vi\u1ec7c. Thi\u1ebft k\u1ebf ti\u00ean ti\u1ebfn c\u1ee7a n\u00f3 gi\u00fap h\u1ee3p l\u00fd h\u00f3a vi\u1ec7c x\u1eed l\u00fd v\u1eadt li\u1ec7u, mang l\u1ea1i quy tr\u00ecnh s\u1ea3n xu\u1ea5t m\u01b0\u1ee3t m\u00e0 h\u01a1n v\u00e0 t\u0103ng n\u0103ng su\u1ea5t.<\/p>\n<p><strong>2. H\u1ec7 th\u1ed1ng c\u1ea5p li\u1ec7u n\u00e0y c\u00f3 th\u1ec3 x\u1eed l\u00fd c\u00e1c lo\u1ea1i v\u1eadt li\u1ec7u kh\u00e1c nhau m\u1ed9t c\u00e1ch hi\u1ec7u qu\u1ea3 kh\u00f4ng?<\/strong><\/p>\n<p>Tuy\u1ec7t \u0111\u1ed1i. H\u1ec7 th\u1ed1ng c\u1ee7a ch\u00fang t\u00f4i r\u1ea5t linh ho\u1ea1t v\u00e0 c\u00f3 kh\u1ea3 n\u0103ng x\u1eed l\u00fd nhi\u1ec1u lo\u1ea1i v\u1eadt li\u1ec7u, t\u1eeb b\u1ed9t m\u1ecbn \u0111\u1ebfn h\u1ea1t v\u00e0 c\u00e1c th\u00e0nh ph\u1ea7n nh\u1ecf. Cho d\u00f9 b\u1ea1n \u0111ang l\u00e0m vi\u1ec7c v\u1edbi d\u01b0\u1ee3c ph\u1ea9m, th\u1ef1c ph\u1ea9m hay v\u1eadt li\u1ec7u c\u00f4ng nghi\u1ec7p, h\u1ec7 th\u1ed1ng c\u1ea5p li\u1ec7u c\u1ee7a ch\u00fang t\u00f4i \u0111\u1ec1u mang l\u1ea1i hi\u1ec7u su\u1ea5t \u1ed5n \u0111\u1ecbnh tr\u00ean nhi\u1ec1u \u1ee9ng d\u1ee5ng kh\u00e1c nhau.<\/p>\n<p><strong>3. Qu\u00e1 tr\u00ecnh c\u00e0i \u0111\u1eb7t c\u00f3 ph\u1ee9c t\u1ea1p kh\u00f4ng?<\/strong><\/p>\n<p>Kh\u00f4ng c\u00f3 g\u00ec. Ch\u00fang t\u00f4i cung c\u1ea5p h\u1ed7 tr\u1ee3 to\u00e0n di\u1ec7n \u0111\u1ec3 \u0111\u1ea3m b\u1ea3o d\u1ec5 d\u00e0ng l\u1eafp \u0111\u1eb7t v\u00e0 t\u00edch h\u1ee3p H\u1ec7 th\u1ed1ng c\u1ea5p li\u1ec7u b\u01b0\u1edbc b\u1eb1ng kh\u00ed n\u00e9n tr\u1ee5c v\u00edt v\u00e0o d\u00e2y chuy\u1ec1n s\u1ea3n xu\u1ea5t hi\u1ec7n t\u1ea1i c\u1ee7a b\u1ea1n. Nh\u00f3m c\u1ee7a ch\u00fang t\u00f4i s\u1ebd h\u01b0\u1edbng d\u1eabn b\u1ea1n trong su\u1ed1t quy tr\u00ecnh, gi\u1ea3m thi\u1ec3u s\u1ef1 gi\u00e1n \u0111o\u1ea1n trong ho\u1ea1t \u0111\u1ed9ng c\u1ee7a b\u1ea1n v\u00e0 \u0111\u1ea3m b\u1ea3o qu\u00e1 tr\u00ecnh chuy\u1ec3n \u0111\u1ed5i su\u00f4n s\u1ebb sang x\u1eed l\u00fd v\u1eadt li\u1ec7u n\u00e2ng cao.<\/p>\n<p><strong>4. H\u1ec7 th\u1ed1ng c\u1ea5p li\u1ec7u n\u00e0y \u0111\u00f3ng g\u00f3p nh\u01b0 th\u1ebf n\u00e0o v\u00e0o hi\u1ec7u qu\u1ea3 ho\u1ea1t \u0111\u1ed9ng?<\/strong><\/p>\n<p>B\u1eb1ng c\u00e1ch t\u1ef1 \u0111\u1ed9ng h\u00f3a c\u00e1c nhi\u1ec7m v\u1ee5 c\u1ea5p nguy\u00ean li\u1ec7u, H\u1ec7 th\u1ed1ng c\u1ea5p li\u1ec7u t\u1eebng b\u01b0\u1edbc b\u1eb1ng kh\u00ed n\u00e9n tr\u1ee5c v\u00edt c\u1ee7a ch\u00fang t\u00f4i gi\u00fap gi\u1ea3m lao \u0111\u1ed9ng th\u1ee7 c\u00f4ng v\u00e0 h\u1ee3p l\u00fd h\u00f3a quy tr\u00ecnh s\u1ea3n xu\u1ea5t. Ho\u1ea1t \u0111\u1ed9ng b\u1eb1ng kh\u00ed n\u00e9n ch\u00ednh x\u00e1c c\u1ee7a n\u00f3 \u0111\u1ea3m b\u1ea3o c\u1ea5p li\u1ec7u ch\u00ednh x\u00e1c, gi\u1ea3m thi\u1ec3u ch\u1ea5t th\u1ea3i v\u00e0 t\u1ed1i \u01b0u h\u00f3a vi\u1ec7c s\u1eed d\u1ee5ng t\u00e0i nguy\u00ean \u0111\u1ec3 c\u1ea3i thi\u1ec7n hi\u1ec7u qu\u1ea3 ho\u1ea1t \u0111\u1ed9ng.<\/p>\n<p><strong>5. B\u1ea1n cung c\u1ea5p lo\u1ea1i h\u1ed7 tr\u1ee3 n\u00e0o \u0111\u1ec3 b\u1ea3o tr\u00ec v\u00e0 kh\u1eafc ph\u1ee5c s\u1ef1 c\u1ed1?<\/strong><\/p>\n<p>Ch\u00fang t\u00f4i \u01b0u ti\u00ean s\u1ef1 h\u00e0i l\u00f2ng c\u1ee7a kh\u00e1ch h\u00e0ng v\u00e0 cung c\u1ea5p h\u1ed7 tr\u1ee3 li\u00ean t\u1ee5c cho c\u00e1c nhu c\u1ea7u b\u1ea3o tr\u00ec v\u00e0 kh\u1eafc ph\u1ee5c s\u1ef1 c\u1ed1. Nh\u00f3m c\u1ee7a ch\u00fang t\u00f4i cung c\u1ea5p \u0111\u00e0o t\u1ea1o to\u00e0n di\u1ec7n, l\u1ecbch b\u1ea3o tr\u00ec v\u00e0 h\u1ed7 tr\u1ee3 k\u1ef9 thu\u1eadt \u0111\u1ec3 \u0111\u1ea3m b\u1ea3o \u0111\u1ed9 tin c\u1eady v\u00e0 hi\u1ec7u su\u1ea5t li\u00ean t\u1ee5c c\u1ee7a H\u1ec7 th\u1ed1ng c\u1ea5p li\u1ec7u b\u01b0\u1edbc kh\u00ed n\u00e9n tr\u1ee5c v\u00edt c\u1ee7a b\u1ea1n.<\/p>","protected":false},"excerpt":{"rendered":"<p>N\u00e2ng cao hi\u1ec7u qu\u1ea3 d\u00e2y chuy\u1ec1n s\u1ea3n xu\u1ea5t c\u1ee7a b\u1ea1n v\u1edbi H\u1ec7 th\u1ed1ng c\u1ea5p li\u1ec7u t\u1eebng b\u01b0\u1edbc b\u1eb1ng kh\u00ed n\u00e9n tr\u1ee5c v\u00edt c\u1ee7a ch\u00fang t\u00f4i. \u0110\u01b0\u1ee3c thi\u1ebft k\u1ebf ch\u00ednh x\u00e1c \u0111\u1ec3 x\u1eed l\u00fd v\u1eadt li\u1ec7u li\u1ec1n m\u1ea1ch, n\u00f3 \u0111\u1ea3m b\u1ea3o c\u1ea5p li\u1ec7u \u1ed5n \u0111\u1ecbnh v\u00e0 \u0111\u00e1ng tin c\u1eady cho quy tr\u00ecnh l\u00e0m vi\u1ec7c t\u1ed1i \u01b0u.<\/p>","protected":false},"featured_media":1818,"comment_status":"open","ping_status":"closed","template":"","meta":[],"product_cat":[39],"product_tag":[],"yoast_head":"<!-- This site is optimized with the Yoast SEO plugin v22.2 - https:\/\/yoast.com\/wordpress\/plugins\/seo\/ -->\n<title>Screw Pneumatic Step Feeder System - SWOER<\/title>\n<meta name=\"robots\" content=\"index, follow, max-snippet:-1, max-image-preview:large, max-video-preview:-1\" \/>\n<link rel=\"canonical\" href=\"https:\/\/swoer.com\/vi\/manufacturer\/screw-pneumatic-step-feeder-system\/\" \/>\n<meta property=\"og:locale\" content=\"vi_VN\" \/>\n<meta property=\"og:type\" content=\"article\" \/>\n<meta property=\"og:title\" content=\"Screw Pneumatic Step Feeder System - SWOER\" \/>\n<meta property=\"og:description\" content=\"Enhance your production line efficiency with our Screw Pneumatic Step Feeder System. Precisely engineered for seamless material handling, it ensures consistent and reliable feeding for optimal workflow.\" \/>\n<meta property=\"og:url\" content=\"https:\/\/swoer.com\/vi\/manufacturer\/screw-pneumatic-step-feeder-system\/\" \/>\n<meta property=\"og:site_name\" content=\"SWOER\" \/>\n<meta property=\"article:modified_time\" content=\"2024-04-02T03:10:00+00:00\" \/>\n<meta property=\"og:image\" content=\"https:\/\/swoer.com\/wp-content\/uploads\/2024\/04\/Screw-Pneumatic-Step-Feeder-System.jpg\" \/>\n\t<meta property=\"og:image:width\" content=\"1000\" \/>\n\t<meta property=\"og:image:height\" content=\"1000\" \/>\n\t<meta property=\"og:image:type\" content=\"image\/jpeg\" \/>\n<meta name=\"twitter:card\" content=\"summary_large_image\" \/>\n<meta name=\"twitter:label1\" content=\"\u01af\u1edbc t\u00ednh th\u1eddi gian \u0111\u1ecdc\" \/>\n\t<meta name=\"twitter:data1\" content=\"1 ph\u00fat\" \/>\n<script type=\"application\/ld+json\" class=\"yoast-schema-graph\">{\"@context\":\"https:\/\/schema.org\",\"@graph\":[{\"@type\":\"WebPage\",\"@id\":\"https:\/\/swoer.com\/manufacturer\/screw-pneumatic-step-feeder-system\/\",\"url\":\"https:\/\/swoer.com\/manufacturer\/screw-pneumatic-step-feeder-system\/\",\"name\":\"Screw Pneumatic Step Feeder System - SWOER\",\"isPartOf\":{\"@id\":\"https:\/\/swoer.com\/#website\"},\"primaryImageOfPage\":{\"@id\":\"https:\/\/swoer.com\/manufacturer\/screw-pneumatic-step-feeder-system\/#primaryimage\"},\"image\":{\"@id\":\"https:\/\/swoer.com\/manufacturer\/screw-pneumatic-step-feeder-system\/#primaryimage\"},\"thumbnailUrl\":\"https:\/\/swoer.com\/wp-content\/uploads\/2024\/04\/Screw-Pneumatic-Step-Feeder-System.jpg\",\"datePublished\":\"2024-04-02T03:02:08+00:00\",\"dateModified\":\"2024-04-02T03:10:00+00:00\",\"breadcrumb\":{\"@id\":\"https:\/\/swoer.com\/manufacturer\/screw-pneumatic-step-feeder-system\/#breadcrumb\"},\"inLanguage\":\"vi\",\"potentialAction\":[{\"@type\":\"ReadAction\",\"target\":[\"https:\/\/swoer.com\/manufacturer\/screw-pneumatic-step-feeder-system\/\"]}]},{\"@type\":\"ImageObject\",\"inLanguage\":\"vi\",\"@id\":\"https:\/\/swoer.com\/manufacturer\/screw-pneumatic-step-feeder-system\/#primaryimage\",\"url\":\"https:\/\/swoer.com\/wp-content\/uploads\/2024\/04\/Screw-Pneumatic-Step-Feeder-System.jpg\",\"contentUrl\":\"https:\/\/swoer.com\/wp-content\/uploads\/2024\/04\/Screw-Pneumatic-Step-Feeder-System.jpg\",\"width\":1000,\"height\":1000,\"caption\":\"Screw Pneumatic Step Feeder System\"},{\"@type\":\"BreadcrumbList\",\"@id\":\"https:\/\/swoer.com\/manufacturer\/screw-pneumatic-step-feeder-system\/#breadcrumb\",\"itemListElement\":[{\"@type\":\"ListItem\",\"position\":1,\"name\":\"Home\",\"item\":\"https:\/\/swoer.com\/\"},{\"@type\":\"ListItem\",\"position\":2,\"name\":\"Shop\",\"item\":\"https:\/\/swoer.com\/shop\/\"},{\"@type\":\"ListItem\",\"position\":3,\"name\":\"Screw Pneumatic Step Feeder System\"}]},{\"@type\":\"WebSite\",\"@id\":\"https:\/\/swoer.com\/#website\",\"url\":\"https:\/\/swoer.com\/\",\"name\":\"SWOER\",\"description\":\"Swoer is the top 3 vibratory bowl feeder manufacturer in China\",\"potentialAction\":[{\"@type\":\"SearchAction\",\"target\":{\"@type\":\"EntryPoint\",\"urlTemplate\":\"https:\/\/swoer.com\/?s={search_term_string}\"},\"query-input\":\"required name=search_term_string\"}],\"inLanguage\":\"vi\"}]}<\/script>\n<!-- \/ Yoast SEO plugin. -->","yoast_head_json":{"title":"Screw Pneumatic Step Feeder System - SWOER","robots":{"index":"index","follow":"follow","max-snippet":"max-snippet:-1","max-image-preview":"max-image-preview:large","max-video-preview":"max-video-preview:-1"},"canonical":"https:\/\/swoer.com\/vi\/manufacturer\/screw-pneumatic-step-feeder-system\/","og_locale":"vi_VN","og_type":"article","og_title":"Screw Pneumatic Step Feeder System - SWOER","og_description":"Enhance your production line efficiency with our Screw Pneumatic Step Feeder System. Precisely engineered for seamless material handling, it ensures consistent and reliable feeding for optimal workflow.","og_url":"https:\/\/swoer.com\/vi\/manufacturer\/screw-pneumatic-step-feeder-system\/","og_site_name":"SWOER","article_modified_time":"2024-04-02T03:10:00+00:00","og_image":[{"width":1000,"height":1000,"url":"https:\/\/swoer.com\/wp-content\/uploads\/2024\/04\/Screw-Pneumatic-Step-Feeder-System.jpg","type":"image\/jpeg"}],"twitter_card":"summary_large_image","twitter_misc":{"\u01af\u1edbc t\u00ednh th\u1eddi gian \u0111\u1ecdc":"1 ph\u00fat"},"schema":{"@context":"https:\/\/schema.org","@graph":[{"@type":"WebPage","@id":"https:\/\/swoer.com\/manufacturer\/screw-pneumatic-step-feeder-system\/","url":"https:\/\/swoer.com\/manufacturer\/screw-pneumatic-step-feeder-system\/","name":"Screw Pneumatic Step Feeder System - SWOER","isPartOf":{"@id":"https:\/\/swoer.com\/#website"},"primaryImageOfPage":{"@id":"https:\/\/swoer.com\/manufacturer\/screw-pneumatic-step-feeder-system\/#primaryimage"},"image":{"@id":"https:\/\/swoer.com\/manufacturer\/screw-pneumatic-step-feeder-system\/#primaryimage"},"thumbnailUrl":"https:\/\/swoer.com\/wp-content\/uploads\/2024\/04\/Screw-Pneumatic-Step-Feeder-System.jpg","datePublished":"2024-04-02T03:02:08+00:00","dateModified":"2024-04-02T03:10:00+00:00","breadcrumb":{"@id":"https:\/\/swoer.com\/manufacturer\/screw-pneumatic-step-feeder-system\/#breadcrumb"},"inLanguage":"vi","potentialAction":[{"@type":"ReadAction","target":["https:\/\/swoer.com\/manufacturer\/screw-pneumatic-step-feeder-system\/"]}]},{"@type":"ImageObject","inLanguage":"vi","@id":"https:\/\/swoer.com\/manufacturer\/screw-pneumatic-step-feeder-system\/#primaryimage","url":"https:\/\/swoer.com\/wp-content\/uploads\/2024\/04\/Screw-Pneumatic-Step-Feeder-System.jpg","contentUrl":"https:\/\/swoer.com\/wp-content\/uploads\/2024\/04\/Screw-Pneumatic-Step-Feeder-System.jpg","width":1000,"height":1000,"caption":"Screw Pneumatic Step Feeder System"},{"@type":"BreadcrumbList","@id":"https:\/\/swoer.com\/manufacturer\/screw-pneumatic-step-feeder-system\/#breadcrumb","itemListElement":[{"@type":"ListItem","position":1,"name":"Home","item":"https:\/\/swoer.com\/"},{"@type":"ListItem","position":2,"name":"Shop","item":"https:\/\/swoer.com\/shop\/"},{"@type":"ListItem","position":3,"name":"Screw Pneumatic Step Feeder System"}]},{"@type":"WebSite","@id":"https:\/\/swoer.com\/#website","url":"https:\/\/swoer.com\/","name":"SWOER","description":"Swoer is the top 3 vibratory bowl feeder manufacturer in China","potentialAction":[{"@type":"SearchAction","target":{"@type":"EntryPoint","urlTemplate":"https:\/\/swoer.com\/?s={search_term_string}"},"query-input":"required name=search_term_string"}],"inLanguage":"vi"}]}},"_links":{"self":[{"href":"https:\/\/swoer.com\/vi\/wp-json\/wp\/v2\/product\/1817"}],"collection":[{"href":"https:\/\/swoer.com\/vi\/wp-json\/wp\/v2\/product"}],"about":[{"href":"https:\/\/swoer.com\/vi\/wp-json\/wp\/v2\/types\/product"}],"replies":[{"embeddable":true,"href":"https:\/\/swoer.com\/vi\/wp-json\/wp\/v2\/comments?post=1817"}],"wp:featuredmedia":[{"embeddable":true,"href":"https:\/\/swoer.com\/vi\/wp-json\/wp\/v2\/media\/1818"}],"wp:attachment":[{"href":"https:\/\/swoer.com\/vi\/wp-json\/wp\/v2\/media?parent=1817"}],"wp:term":[{"taxonomy":"product_cat","embeddable":true,"href":"https:\/\/swoer.com\/vi\/wp-json\/wp\/v2\/product_cat?post=1817"},{"taxonomy":"product_tag","embeddable":true,"href":"https:\/\/swoer.com\/vi\/wp-json\/wp\/v2\/product_tag?post=1817"}],"curies":[{"name":"wp","href":"https:\/\/api.w.org\/{rel}","templated":true}]}}