{"id":1815,"date":"2024-04-02T02:41:23","date_gmt":"2024-04-02T02:41:23","guid":{"rendered":"https:\/\/lightgrey-porpoise-816575.hostingersite.com\/?post_type=product&#038;p=1815"},"modified":"2024-04-02T02:57:02","modified_gmt":"2024-04-02T02:57:02","slug":"electromagnetic-vibrating-magnetic-feeder","status":"publish","type":"product","link":"https:\/\/swoer.com\/vi\/manufacturer\/electromagnetic-vibrating-magnetic-feeder\/","title":{"rendered":"B\u1ed9 n\u1ea1p t\u1eeb rung \u0111i\u1ec7n t\u1eeb"},"content":{"rendered":"<p>Tr\u1ea3i nghi\u1ec7m x\u1eed l\u00fd v\u1eadt li\u1ec7u ch\u00ednh x\u00e1c v\u1edbi B\u1ed9 c\u1ea5p li\u1ec7u t\u1eeb t\u00ednh rung \u0111i\u1ec7n t\u1eeb c\u1ee7a ch\u00fang t\u00f4i. \u0110\u01b0\u1ee3c thi\u1ebft k\u1ebf \u0111\u1ec3 \u0111\u1ea3m b\u1ea3o \u0111\u1ed9 tin c\u1eady, n\u00f3 \u0111\u1ea3m b\u1ea3o lu\u1ed3ng nguy\u00ean li\u1ec7u \u0111\u01b0\u1ee3c ki\u1ec3m so\u00e1t cho c\u00e1c quy tr\u00ecnh s\u1ea3n xu\u1ea5t li\u1ec1n m\u1ea1ch.<\/p>\n<p>T\u0103ng c\u01b0\u1eddng hi\u1ec7u qu\u1ea3 v\u1edbi B\u1ed9 n\u1ea1p t\u1eeb t\u00ednh rung \u0111i\u1ec7n t\u1eeb c\u1ee7a ch\u00fang t\u00f4i. \u0110\u01b0\u1ee3c thi\u1ebft k\u1ebf \u0111\u1ec3 v\u1eadn h\u00e0nh li\u1ec1n m\u1ea1ch, n\u00f3 t\u1ed1i \u01b0u h\u00f3a vi\u1ec7c x\u1eed l\u00fd v\u1eadt li\u1ec7u trong c\u00e1c \u1ee9ng d\u1ee5ng c\u00f4ng nghi\u1ec7p \u0111a d\u1ea1ng.<\/p>\n\t<div id=\"gap-1011703351\" class=\"gap-element clearfix\" style=\"display:block; height:auto;\">\n\t\t\n<style>\n#gap-1011703351 {\n  padding-top: 30px;\n}\n<\/style>\n\t<\/div>\n\t\n<h2>S\u1ef1 mi\u00eau t\u1ea3:<\/h2>\n<table style=\"border-collapse: collapse; width: 585.77pt;\" border=\"0\" width=\"781\" cellspacing=\"0\" cellpadding=\"0\">\n<tbody>\n<tr style=\"height: 32.00pt;\">\n<td class=\"et3\" style=\"height: 32.00pt; width: 145.50pt;\" width=\"194\" height=\"42\">T\u00ean s\u1ea3n ph\u1ea9m<\/td>\n<td class=\"et4\" style=\"width: 440.25pt;\" width=\"587\">B\u1ed9 n\u1ea1p t\u1eeb rung \u0111i\u1ec7n t\u1eeb<\/td>\n<\/tr>\n<tr style=\"height: 32.00pt;\">\n<td class=\"et3\" style=\"height: 32.00pt;\" height=\"42\">T\u00ean th\u01b0\u01a1ng hi\u1ec7u<\/td>\n<td class=\"et4\">ng\u01b0\u1eddi ch\u1eedi th\u1ec1<\/td>\n<\/tr>\n<tr style=\"height: 32.00pt;\">\n<td class=\"et3\" style=\"height: 32.00pt;\" height=\"42\">K\u00edch th\u01b0\u1edbc (L * W * H)<\/td>\n<td class=\"et4\">t\u00f9y ch\u1ec9nh th\u1ef1c hi\u1ec7n<\/td>\n<\/tr>\n<tr style=\"height: 32.00pt;\">\n<td class=\"et3\" style=\"height: 32.00pt;\" height=\"42\">C\u00e2n n\u1eb7ng<\/td>\n<td class=\"et4\">t\u00f9y ch\u1ec9nh th\u1ef1c hi\u1ec7n<\/td>\n<\/tr>\n<tr style=\"height: 32.00pt;\">\n<td class=\"et3\" style=\"height: 32.00pt;\" height=\"42\">M\u00e0u s\u1eafc<\/td>\n<td class=\"et4\">Y\u00eau c\u1ea7u c\u1ee7a kh\u00e1ch h\u00e0ng<\/td>\n<\/tr>\n<tr style=\"height: 32.00pt;\">\n<td class=\"et3\" style=\"height: 32.00pt;\" height=\"42\">C\u00f4ng su\u1ea5t (t\/h)<\/td>\n<td class=\"et4\">0,1-6t\/gi\u1edd<\/td>\n<\/tr>\n<tr style=\"height: 32.00pt;\">\n<td class=\"et3\" style=\"height: 32.00pt;\" height=\"42\">V\u00f4n<\/td>\n<td class=\"et4\">85-260V<\/td>\n<\/tr>\n<tr style=\"height: 32.00pt;\">\n<td class=\"et3\" style=\"height: 32.00pt;\" height=\"42\">T\u00ednh th\u01b0\u1eddng xuy\u00ean<\/td>\n<td class=\"et4\">40-400Hz<\/td>\n<\/tr>\n<tr style=\"height: 32.00pt;\">\n<td class=\"et3\" style=\"height: 32.00pt;\" height=\"42\">S\u1ef1 b\u1ea3o \u0111\u1ea3m<\/td>\n<td class=\"et4\">1 n\u0103m<\/td>\n<\/tr>\n<tr style=\"height: 32.00pt;\">\n<td class=\"et3\" style=\"height: 32.00pt;\" height=\"42\">MOQ<\/td>\n<td class=\"et4\">1 b\u1ed9<\/td>\n<\/tr>\n<tr style=\"height: 32.00pt;\">\n<td class=\"et3\" style=\"height: 32.00pt;\" height=\"42\">th\u1eddi gian d\u1eabn<\/td>\n<td class=\"et4\">7-10 ng\u00e0y<\/td>\n<\/tr>\n<tr style=\"height: 32.00pt;\">\n<td class=\"et3\" style=\"height: 32.00pt;\" height=\"42\">7-10 ng\u00e0y<\/td>\n<td class=\"et4\">H\u1ed9p g\u1ed7 d\u00e1n<\/td>\n<\/tr>\n<tr style=\"height: 32.00pt;\">\n<td class=\"et3\" style=\"height: 32.00pt;\" height=\"42\">Ch\u00ednh s\u00e1ch thanh to\u00e1n<\/td>\n<td class=\"et4\">T\/T 40% \u0110\u1eb7t c\u1ecdc v\u00e0 s\u1ed1 d\u01b0 tr\u01b0\u1edbc khi v\u1eadn chuy\u1ec3n<\/td>\n<\/tr>\n<tr style=\"height: 32.00pt;\">\n<td class=\"et3\" style=\"height: 32.00pt;\" height=\"42\">Ngu\u1ed3n g\u1ed1c<\/td>\n<td class=\"et4\">Qu\u1ea3ng \u0110\u00f4ng, Trung Qu\u1ed1c<\/td>\n<\/tr>\n<\/tbody>\n<\/table>\n\t<div id=\"gap-1499431989\" class=\"gap-element clearfix\" style=\"display:block; height:auto;\">\n\t\t\n<style>\n#gap-1499431989 {\n  padding-top: 30px;\n}\n<\/style>\n\t<\/div>\n\t\n<h2>C\u00e2u h\u1ecfi th\u01b0\u1eddng g\u1eb7p:<\/h2>\n<p><strong>1. B\u1ed9 n\u1ea1p t\u1eeb t\u00ednh rung \u0111i\u1ec7n t\u1eeb c\u1ea3i thi\u1ec7n vi\u1ec7c x\u1eed l\u00fd v\u1eadt li\u1ec7u nh\u01b0 th\u1ebf n\u00e0o?<\/strong><\/p>\n<p>B\u1ed9 c\u1ea5p li\u1ec7u t\u1eeb t\u00ednh rung \u0111i\u1ec7n t\u1eeb c\u1ee7a ch\u00fang t\u00f4i \u0111\u1ea3m b\u1ea3o vi\u1ec7c n\u1ea1p nguy\u00ean li\u1ec7u tr\u01a1n tru v\u00e0 ch\u00ednh x\u00e1c, gi\u1ea3m nguy c\u01a1 t\u1eafc ngh\u1ebdn. C\u00e1c rung \u0111\u1ed9ng \u0111\u01b0\u1ee3c ki\u1ec3m so\u00e1t c\u1ee7a n\u00f3 \u0111\u1ea3m b\u1ea3o d\u00f2ng ch\u1ea3y \u1ed5n \u0111\u1ecbnh, n\u00e2ng cao hi\u1ec7u qu\u1ea3 t\u1ed5ng th\u1ec3 trong quy tr\u00ecnh x\u1eed l\u00fd v\u1eadt li\u1ec7u.<\/p>\n<p><strong>2. B\u1ed9 n\u1ea1p n\u00e0y c\u00f3 th\u1ec3 ch\u1ee9a c\u00e1c lo\u1ea1i v\u1eadt li\u1ec7u kh\u00e1c nhau kh\u00f4ng?<\/strong><\/p>\n<p>C\u00f3, m\u00e1y c\u1ea5p li\u1ec7u c\u1ee7a ch\u00fang t\u00f4i r\u1ea5t linh ho\u1ea1t v\u00e0 c\u00f3 kh\u1ea3 n\u0103ng x\u1eed l\u00fd nhi\u1ec1u lo\u1ea1i v\u1eadt li\u1ec7u, t\u1eeb b\u1ed9t m\u1ecbn \u0111\u1ebfn h\u1ea1t th\u00f4. Cho d\u00f9 b\u1ea1n \u0111ang ch\u1ebf bi\u1ebfn kho\u00e1ng s\u1ea3n, h\u00f3a ch\u1ea5t hay th\u1ef1c ph\u1ea9m, m\u00e1y c\u1ea5p li\u1ec7u c\u1ee7a ch\u00fang t\u00f4i \u0111\u1ec1u mang l\u1ea1i hi\u1ec7u su\u1ea5t \u0111\u00e1ng tin c\u1eady trong nhi\u1ec1u ng\u00e0nh c\u00f4ng nghi\u1ec7p kh\u00e1c nhau.<\/p>\n<p><strong>3. Qu\u00e1 tr\u00ecnh c\u00e0i \u0111\u1eb7t c\u00f3 ph\u1ee9c t\u1ea1p kh\u00f4ng?<\/strong><\/p>\n<p>Kh\u00f4ng c\u00f3 g\u00ec. B\u1ed9 c\u1ea5p li\u1ec7u t\u1eeb t\u00ednh rung \u0111i\u1ec7n t\u1eeb c\u1ee7a ch\u00fang t\u00f4i \u0111\u01b0\u1ee3c thi\u1ebft k\u1ebf \u0111\u1ec3 d\u1ec5 d\u00e0ng l\u1eafp \u0111\u1eb7t v\u00e0 t\u00edch h\u1ee3p v\u00e0o d\u00e2y chuy\u1ec1n s\u1ea3n xu\u1ea5t hi\u1ec7n t\u1ea1i c\u1ee7a b\u1ea1n. Nh\u00f3m c\u1ee7a ch\u00fang t\u00f4i cung c\u1ea5p h\u1ed7 tr\u1ee3 to\u00e0n di\u1ec7n \u0111\u1ec3 \u0111\u1ea3m b\u1ea3o qu\u00e1 tr\u00ecnh thi\u1ebft l\u1eadp su\u00f4n s\u1ebb, gi\u1ea3m thi\u1ec3u th\u1eddi gian ng\u1eebng ho\u1ea1t \u0111\u1ed9ng v\u00e0 gi\u00e1n \u0111o\u1ea1n ho\u1ea1t \u0111\u1ed9ng c\u1ee7a b\u1ea1n.<\/p>\n<p><strong>4. M\u00e1y c\u1ea5p li\u1ec7u n\u00e0y \u0111\u00f3ng g\u00f3p nh\u01b0 th\u1ebf n\u00e0o v\u00e0o hi\u1ec7u qu\u1ea3 s\u1ea3n xu\u1ea5t?<\/strong><\/p>\n<p>B\u1eb1ng c\u00e1ch \u0111\u1ea3m b\u1ea3o n\u1ea1p nguy\u00ean li\u1ec7u ch\u00ednh x\u00e1c v\u00e0 c\u00f3 ki\u1ec3m so\u00e1t, m\u00e1y c\u1ea5p li\u1ec7u c\u1ee7a ch\u00fang t\u00f4i gi\u1ea3m thi\u1ec3u ch\u1ea5t th\u1ea3i v\u00e0 c\u1ea3i thi\u1ec7n hi\u1ec7u qu\u1ea3 s\u1ea3n xu\u1ea5t t\u1ed5ng th\u1ec3. C\u00f4ng ngh\u1ec7 \u0111i\u1ec7n t\u1eeb c\u1ee7a n\u00f3 cho ph\u00e9p t\u00f9y ch\u1ec9nh t\u1ed1c \u0111\u1ed9 c\u1ea5p li\u1ec7u, cho ph\u00e9p b\u1ea1n t\u1ed1i \u01b0u h\u00f3a n\u0103ng su\u1ea5t theo y\u00eau c\u1ea7u s\u1ea3n xu\u1ea5t c\u1ee5 th\u1ec3 c\u1ee7a m\u00ecnh.<\/p>\n<p><strong>5. Lo\u1ea1i b\u1ea3o tr\u00ec n\u00e0o c\u1ea7n thi\u1ebft cho b\u1ed9 c\u1ea5p li\u1ec7u n\u00e0y?<\/strong><\/p>\n<p>B\u1ed9 c\u1ea5p li\u1ec7u t\u1eeb t\u00ednh rung \u0111i\u1ec7n t\u1eeb c\u1ee7a ch\u00fang t\u00f4i \u0111\u01b0\u1ee3c thi\u1ebft k\u1ebf \u0111\u1ec3 v\u1eadn h\u00e0nh \u00edt ph\u1ea3i b\u1ea3o tr\u00ec. N\u00ean ki\u1ec3m tra v\u00e0 v\u1ec7 sinh th\u01b0\u1eddng xuy\u00ean \u0111\u1ec3 \u0111\u1ea3m b\u1ea3o hi\u1ec7u su\u1ea5t t\u1ed1i \u01b0u. Nh\u00f3m c\u1ee7a ch\u00fang t\u00f4i cung c\u1ea5p h\u01b0\u1edbng d\u1eabn v\u1ec1 c\u00e1c ph\u01b0\u01a1ng ph\u00e1p b\u1ea3o tr\u00ec t\u1ed1t nh\u1ea5t \u0111\u1ec3 gi\u00fap b\u1ea1n t\u1ed1i \u0111a h\u00f3a tu\u1ed5i th\u1ecd c\u1ee7a m\u00e1ng \u0103n.<\/p>","protected":false},"excerpt":{"rendered":"<p>N\u00e2ng cao hi\u1ec7u qu\u1ea3 x\u1eed l\u00fd v\u1eadt li\u1ec7u c\u1ee7a b\u1ea1n v\u1edbi B\u1ed9 c\u1ea5p li\u1ec7u t\u1eeb t\u00ednh rung \u0111i\u1ec7n t\u1eeb c\u1ee7a ch\u00fang t\u00f4i. \u0110\u01b0\u1ee3c thi\u1ebft k\u1ebf ch\u00ednh x\u00e1c \u0111\u1ec3 v\u1eadn h\u00e0nh li\u1ec1n m\u1ea1ch, n\u00f3 \u0111\u1ea3m b\u1ea3o d\u00f2ng nguy\u00ean li\u1ec7u nh\u1ea5t qu\u00e1n v\u00e0 \u0111\u01b0\u1ee3c ki\u1ec3m so\u00e1t, t\u1ed1i \u01b0u h\u00f3a quy tr\u00ecnh s\u1ea3n xu\u1ea5t c\u1ee7a b\u1ea1n m\u1ed9t c\u00e1ch d\u1ec5 d\u00e0ng.<\/p>","protected":false},"featured_media":1816,"comment_status":"open","ping_status":"closed","template":"","meta":[],"product_cat":[38],"product_tag":[],"yoast_head":"<!-- This site is optimized with the Yoast SEO plugin v22.2 - https:\/\/yoast.com\/wordpress\/plugins\/seo\/ -->\n<title>Electromagnetic Vibrating Magnetic Feeder - SWOER<\/title>\n<meta name=\"robots\" content=\"index, follow, max-snippet:-1, max-image-preview:large, max-video-preview:-1\" \/>\n<link rel=\"canonical\" href=\"https:\/\/swoer.com\/vi\/manufacturer\/electromagnetic-vibrating-magnetic-feeder\/\" \/>\n<meta property=\"og:locale\" content=\"vi_VN\" \/>\n<meta property=\"og:type\" content=\"article\" \/>\n<meta property=\"og:title\" content=\"Electromagnetic Vibrating Magnetic Feeder - SWOER\" \/>\n<meta property=\"og:description\" content=\"Elevate your material handling efficiency with our Electromagnetic Vibrating Magnetic Feeder. Precisely engineered for seamless operation, it ensures consistent and controlled material flow, optimizing your production processes effortlessly.\" \/>\n<meta property=\"og:url\" content=\"https:\/\/swoer.com\/vi\/manufacturer\/electromagnetic-vibrating-magnetic-feeder\/\" \/>\n<meta property=\"og:site_name\" content=\"SWOER\" \/>\n<meta property=\"article:modified_time\" content=\"2024-04-02T02:57:02+00:00\" \/>\n<meta property=\"og:image\" content=\"https:\/\/swoer.com\/wp-content\/uploads\/2024\/04\/Electromagnetic-Vibrating-Magnetic-Feeder.webp\" \/>\n\t<meta property=\"og:image:width\" content=\"1000\" \/>\n\t<meta property=\"og:image:height\" content=\"1000\" \/>\n\t<meta property=\"og:image:type\" content=\"image\/webp\" \/>\n<meta name=\"twitter:card\" content=\"summary_large_image\" \/>\n<script type=\"application\/ld+json\" class=\"yoast-schema-graph\">{\"@context\":\"https:\/\/schema.org\",\"@graph\":[{\"@type\":\"WebPage\",\"@id\":\"https:\/\/swoer.com\/manufacturer\/electromagnetic-vibrating-magnetic-feeder\/\",\"url\":\"https:\/\/swoer.com\/manufacturer\/electromagnetic-vibrating-magnetic-feeder\/\",\"name\":\"Electromagnetic Vibrating Magnetic Feeder - SWOER\",\"isPartOf\":{\"@id\":\"https:\/\/swoer.com\/#website\"},\"primaryImageOfPage\":{\"@id\":\"https:\/\/swoer.com\/manufacturer\/electromagnetic-vibrating-magnetic-feeder\/#primaryimage\"},\"image\":{\"@id\":\"https:\/\/swoer.com\/manufacturer\/electromagnetic-vibrating-magnetic-feeder\/#primaryimage\"},\"thumbnailUrl\":\"https:\/\/swoer.com\/wp-content\/uploads\/2024\/04\/Electromagnetic-Vibrating-Magnetic-Feeder.webp\",\"datePublished\":\"2024-04-02T02:41:23+00:00\",\"dateModified\":\"2024-04-02T02:57:02+00:00\",\"breadcrumb\":{\"@id\":\"https:\/\/swoer.com\/manufacturer\/electromagnetic-vibrating-magnetic-feeder\/#breadcrumb\"},\"inLanguage\":\"vi\",\"potentialAction\":[{\"@type\":\"ReadAction\",\"target\":[\"https:\/\/swoer.com\/manufacturer\/electromagnetic-vibrating-magnetic-feeder\/\"]}]},{\"@type\":\"ImageObject\",\"inLanguage\":\"vi\",\"@id\":\"https:\/\/swoer.com\/manufacturer\/electromagnetic-vibrating-magnetic-feeder\/#primaryimage\",\"url\":\"https:\/\/swoer.com\/wp-content\/uploads\/2024\/04\/Electromagnetic-Vibrating-Magnetic-Feeder.webp\",\"contentUrl\":\"https:\/\/swoer.com\/wp-content\/uploads\/2024\/04\/Electromagnetic-Vibrating-Magnetic-Feeder.webp\",\"width\":1000,\"height\":1000,\"caption\":\"Electromagnetic Vibrating Magnetic Feeder\"},{\"@type\":\"BreadcrumbList\",\"@id\":\"https:\/\/swoer.com\/manufacturer\/electromagnetic-vibrating-magnetic-feeder\/#breadcrumb\",\"itemListElement\":[{\"@type\":\"ListItem\",\"position\":1,\"name\":\"Home\",\"item\":\"https:\/\/swoer.com\/\"},{\"@type\":\"ListItem\",\"position\":2,\"name\":\"Shop\",\"item\":\"https:\/\/swoer.com\/shop\/\"},{\"@type\":\"ListItem\",\"position\":3,\"name\":\"Electromagnetic Vibrating Magnetic Feeder\"}]},{\"@type\":\"WebSite\",\"@id\":\"https:\/\/swoer.com\/#website\",\"url\":\"https:\/\/swoer.com\/\",\"name\":\"SWOER\",\"description\":\"Swoer is the top 3 vibratory bowl feeder manufacturer in China\",\"potentialAction\":[{\"@type\":\"SearchAction\",\"target\":{\"@type\":\"EntryPoint\",\"urlTemplate\":\"https:\/\/swoer.com\/?s={search_term_string}\"},\"query-input\":\"required name=search_term_string\"}],\"inLanguage\":\"vi\"}]}<\/script>\n<!-- \/ Yoast SEO plugin. -->","yoast_head_json":{"title":"Electromagnetic Vibrating Magnetic Feeder - SWOER","robots":{"index":"index","follow":"follow","max-snippet":"max-snippet:-1","max-image-preview":"max-image-preview:large","max-video-preview":"max-video-preview:-1"},"canonical":"https:\/\/swoer.com\/vi\/manufacturer\/electromagnetic-vibrating-magnetic-feeder\/","og_locale":"vi_VN","og_type":"article","og_title":"Electromagnetic Vibrating Magnetic Feeder - SWOER","og_description":"Elevate your material handling efficiency with our Electromagnetic Vibrating Magnetic Feeder. Precisely engineered for seamless operation, it ensures consistent and controlled material flow, optimizing your production processes effortlessly.","og_url":"https:\/\/swoer.com\/vi\/manufacturer\/electromagnetic-vibrating-magnetic-feeder\/","og_site_name":"SWOER","article_modified_time":"2024-04-02T02:57:02+00:00","og_image":[{"width":1000,"height":1000,"url":"https:\/\/swoer.com\/wp-content\/uploads\/2024\/04\/Electromagnetic-Vibrating-Magnetic-Feeder.webp","type":"image\/webp"}],"twitter_card":"summary_large_image","schema":{"@context":"https:\/\/schema.org","@graph":[{"@type":"WebPage","@id":"https:\/\/swoer.com\/manufacturer\/electromagnetic-vibrating-magnetic-feeder\/","url":"https:\/\/swoer.com\/manufacturer\/electromagnetic-vibrating-magnetic-feeder\/","name":"Electromagnetic Vibrating Magnetic Feeder - SWOER","isPartOf":{"@id":"https:\/\/swoer.com\/#website"},"primaryImageOfPage":{"@id":"https:\/\/swoer.com\/manufacturer\/electromagnetic-vibrating-magnetic-feeder\/#primaryimage"},"image":{"@id":"https:\/\/swoer.com\/manufacturer\/electromagnetic-vibrating-magnetic-feeder\/#primaryimage"},"thumbnailUrl":"https:\/\/swoer.com\/wp-content\/uploads\/2024\/04\/Electromagnetic-Vibrating-Magnetic-Feeder.webp","datePublished":"2024-04-02T02:41:23+00:00","dateModified":"2024-04-02T02:57:02+00:00","breadcrumb":{"@id":"https:\/\/swoer.com\/manufacturer\/electromagnetic-vibrating-magnetic-feeder\/#breadcrumb"},"inLanguage":"vi","potentialAction":[{"@type":"ReadAction","target":["https:\/\/swoer.com\/manufacturer\/electromagnetic-vibrating-magnetic-feeder\/"]}]},{"@type":"ImageObject","inLanguage":"vi","@id":"https:\/\/swoer.com\/manufacturer\/electromagnetic-vibrating-magnetic-feeder\/#primaryimage","url":"https:\/\/swoer.com\/wp-content\/uploads\/2024\/04\/Electromagnetic-Vibrating-Magnetic-Feeder.webp","contentUrl":"https:\/\/swoer.com\/wp-content\/uploads\/2024\/04\/Electromagnetic-Vibrating-Magnetic-Feeder.webp","width":1000,"height":1000,"caption":"Electromagnetic Vibrating Magnetic Feeder"},{"@type":"BreadcrumbList","@id":"https:\/\/swoer.com\/manufacturer\/electromagnetic-vibrating-magnetic-feeder\/#breadcrumb","itemListElement":[{"@type":"ListItem","position":1,"name":"Home","item":"https:\/\/swoer.com\/"},{"@type":"ListItem","position":2,"name":"Shop","item":"https:\/\/swoer.com\/shop\/"},{"@type":"ListItem","position":3,"name":"Electromagnetic Vibrating Magnetic Feeder"}]},{"@type":"WebSite","@id":"https:\/\/swoer.com\/#website","url":"https:\/\/swoer.com\/","name":"SWOER","description":"Swoer is the top 3 vibratory bowl feeder manufacturer in China","potentialAction":[{"@type":"SearchAction","target":{"@type":"EntryPoint","urlTemplate":"https:\/\/swoer.com\/?s={search_term_string}"},"query-input":"required name=search_term_string"}],"inLanguage":"vi"}]}},"_links":{"self":[{"href":"https:\/\/swoer.com\/vi\/wp-json\/wp\/v2\/product\/1815"}],"collection":[{"href":"https:\/\/swoer.com\/vi\/wp-json\/wp\/v2\/product"}],"about":[{"href":"https:\/\/swoer.com\/vi\/wp-json\/wp\/v2\/types\/product"}],"replies":[{"embeddable":true,"href":"https:\/\/swoer.com\/vi\/wp-json\/wp\/v2\/comments?post=1815"}],"wp:featuredmedia":[{"embeddable":true,"href":"https:\/\/swoer.com\/vi\/wp-json\/wp\/v2\/media\/1816"}],"wp:attachment":[{"href":"https:\/\/swoer.com\/vi\/wp-json\/wp\/v2\/media?parent=1815"}],"wp:term":[{"taxonomy":"product_cat","embeddable":true,"href":"https:\/\/swoer.com\/vi\/wp-json\/wp\/v2\/product_cat?post=1815"},{"taxonomy":"product_tag","embeddable":true,"href":"https:\/\/swoer.com\/vi\/wp-json\/wp\/v2\/product_tag?post=1815"}],"curies":[{"name":"wp","href":"https:\/\/api.w.org\/{rel}","templated":true}]}}