{"id":1813,"date":"2024-04-02T02:28:40","date_gmt":"2024-04-02T02:28:40","guid":{"rendered":"https:\/\/lightgrey-porpoise-816575.hostingersite.com\/?post_type=product&#038;p=1813"},"modified":"2024-04-02T02:34:38","modified_gmt":"2024-04-02T02:34:38","slug":"powder-elevator-hopper-conveyor","status":"publish","type":"product","link":"https:\/\/swoer.com\/vi\/manufacturer\/powder-elevator-hopper-conveyor\/","title":{"rendered":"B\u0103ng t\u1ea3i ph\u1ec5u thang m\u00e1y b\u1ed9t"},"content":{"rendered":"<p>Tr\u1ea3i nghi\u1ec7m x\u1eed l\u00fd v\u1eadt li\u1ec7u li\u1ec1n m\u1ea1ch v\u1edbi B\u0103ng t\u1ea3i ph\u1ec5u thang m\u00e1y ch\u1ee9a b\u1ed9t c\u1ee7a ch\u00fang t\u00f4i. \u0110\u01b0\u1ee3c thi\u1ebft k\u1ebf \u0111\u1ec3 mang l\u1ea1i hi\u1ec7u qu\u1ea3 v\u00e0 \u0111\u1ed9 tin c\u1eady, h\u1ec7 th\u1ed1ng c\u1ee7a ch\u00fang t\u00f4i h\u1ee3p l\u00fd h\u00f3a vi\u1ec7c v\u1eadn chuy\u1ec3n nguy\u00ean li\u1ec7u d\u1ea1ng b\u1ed9t, \u0111\u1ea3m b\u1ea3o quy tr\u00ecnh l\u00e0m vi\u1ec7c su\u00f4n s\u1ebb v\u00e0 quy tr\u00ecnh s\u1ea3n xu\u1ea5t \u0111\u01b0\u1ee3c t\u1ed1i \u01b0u h\u00f3a. N\u00e2ng cao ho\u1ea1t \u0111\u1ed9ng c\u1ee7a b\u1ea1n v\u1edbi gi\u1ea3i ph\u00e1p ti\u00ean ti\u1ebfn c\u1ee7a ch\u00fang t\u00f4i.<\/p>\n\t<div id=\"gap-1486627892\" class=\"gap-element clearfix\" style=\"display:block; height:auto;\">\n\t\t\n<style>\n#gap-1486627892 {\n  padding-top: 30px;\n}\n<\/style>\n\t<\/div>\n\t\n<h2>S\u1ef1 mi\u00eau t\u1ea3:<\/h2>\n<table style=\"border-collapse: collapse; width: 585.77pt;\" border=\"0\" width=\"781\" cellspacing=\"0\" cellpadding=\"0\">\n<tbody>\n<tr style=\"height: 32.00pt;\">\n<td class=\"et3\" style=\"height: 32.00pt; width: 145.50pt;\" width=\"194\" height=\"42\">T\u00ean s\u1ea3n ph\u1ea9m<\/td>\n<td class=\"et4\" style=\"width: 440.25pt;\" width=\"587\">B\u0103ng t\u1ea3i ph\u1ec5u thang m\u00e1y b\u1ed9t<\/td>\n<\/tr>\n<tr style=\"height: 32.00pt;\">\n<td class=\"et3\" style=\"height: 32.00pt;\" height=\"42\">T\u00ean th\u01b0\u01a1ng hi\u1ec7u<\/td>\n<td class=\"et4\">ng\u01b0\u1eddi ch\u1eedi th\u1ec1<\/td>\n<\/tr>\n<tr style=\"height: 32.00pt;\">\n<td class=\"et3\" style=\"height: 32.00pt;\" height=\"42\">K\u00edch th\u01b0\u1edbc (L * W * H)<\/td>\n<td class=\"et4\">t\u00f9y ch\u1ec9nh th\u1ef1c hi\u1ec7n<\/td>\n<\/tr>\n<tr style=\"height: 32.00pt;\">\n<td class=\"et3\" style=\"height: 32.00pt;\" height=\"42\">C\u00e2n n\u1eb7ng<\/td>\n<td class=\"et4\">t\u00f9y ch\u1ec9nh th\u1ef1c hi\u1ec7n<\/td>\n<\/tr>\n<tr style=\"height: 32.00pt;\">\n<td class=\"et3\" style=\"height: 32.00pt;\" height=\"42\">M\u00e0u s\u1eafc<\/td>\n<td class=\"et4\">Y\u00eau c\u1ea7u c\u1ee7a kh\u00e1ch h\u00e0ng<\/td>\n<\/tr>\n<tr style=\"height: 32.00pt;\">\n<td class=\"et3\" style=\"height: 32.00pt;\" height=\"42\">C\u00f4ng su\u1ea5t (t\/h)<\/td>\n<td class=\"et4\">0,1-6t\/gi\u1edd<\/td>\n<\/tr>\n<tr style=\"height: 32.00pt;\">\n<td class=\"et3\" style=\"height: 32.00pt;\" height=\"42\">V\u00f4n<\/td>\n<td class=\"et4\">85-260V<\/td>\n<\/tr>\n<tr style=\"height: 32.00pt;\">\n<td class=\"et3\" style=\"height: 32.00pt;\" height=\"42\">T\u00ednh th\u01b0\u1eddng xuy\u00ean<\/td>\n<td class=\"et4\">40-400Hz<\/td>\n<\/tr>\n<tr style=\"height: 32.00pt;\">\n<td class=\"et3\" style=\"height: 32.00pt;\" height=\"42\">S\u1ef1 b\u1ea3o \u0111\u1ea3m<\/td>\n<td class=\"et4\">1 n\u0103m<\/td>\n<\/tr>\n<tr style=\"height: 32.00pt;\">\n<td class=\"et3\" style=\"height: 32.00pt;\" height=\"42\">MOQ<\/td>\n<td class=\"et4\">1 b\u1ed9<\/td>\n<\/tr>\n<tr style=\"height: 32.00pt;\">\n<td class=\"et3\" style=\"height: 32.00pt;\" height=\"42\">th\u1eddi gian d\u1eabn<\/td>\n<td class=\"et4\">7-10 ng\u00e0y<\/td>\n<\/tr>\n<tr style=\"height: 32.00pt;\">\n<td class=\"et3\" style=\"height: 32.00pt;\" height=\"42\">7-10 ng\u00e0y<\/td>\n<td class=\"et4\">H\u1ed9p g\u1ed7 d\u00e1n<\/td>\n<\/tr>\n<tr style=\"height: 32.00pt;\">\n<td class=\"et3\" style=\"height: 32.00pt;\" height=\"42\">Ch\u00ednh s\u00e1ch thanh to\u00e1n<\/td>\n<td class=\"et4\">T\/T 40% \u0110\u1eb7t c\u1ecdc v\u00e0 s\u1ed1 d\u01b0 tr\u01b0\u1edbc khi v\u1eadn chuy\u1ec3n<\/td>\n<\/tr>\n<tr style=\"height: 32.00pt;\">\n<td class=\"et3\" style=\"height: 32.00pt;\" height=\"42\">Ngu\u1ed3n g\u1ed1c<\/td>\n<td class=\"et4\">Qu\u1ea3ng \u0110\u00f4ng, Trung Qu\u1ed1c<\/td>\n<\/tr>\n<\/tbody>\n<\/table>\n\t<div id=\"gap-888581769\" class=\"gap-element clearfix\" style=\"display:block; height:auto;\">\n\t\t\n<style>\n#gap-888581769 {\n  padding-top: 30px;\n}\n<\/style>\n\t<\/div>\n\t\n<h2>C\u00e2u h\u1ecfi th\u01b0\u1eddng g\u1eb7p:<\/h2>\n<p><strong>1. B\u0103ng t\u1ea3i ph\u1ec5u thang m\u00e1y b\u1ed9t c\u1ea3i thi\u1ec7n quy tr\u00ecnh x\u1eed l\u00fd v\u1eadt li\u1ec7u c\u1ee7a t\u00f4i nh\u01b0 th\u1ebf n\u00e0o?<\/strong><\/p>\n<p>B\u0103ng t\u1ea3i ph\u1ec5u thang m\u00e1y ch\u1ee9a b\u1ed9t c\u1ee7a ch\u00fang t\u00f4i t\u1ea1o \u0111i\u1ec1u ki\u1ec7n v\u1eadn chuy\u1ec3n nguy\u00ean li\u1ec7u b\u1ed9t li\u1ec1n m\u1ea1ch v\u00e0 hi\u1ec7u qu\u1ea3, gi\u1ea3m thi\u1ec3u vi\u1ec7c x\u1eed l\u00fd th\u1ee7 c\u00f4ng v\u00e0 t\u1ed1i \u01b0u h\u00f3a quy tr\u00ecnh l\u00e0m vi\u1ec7c. N\u00f3 \u0111\u1ea3m b\u1ea3o v\u1eadn chuy\u1ec3n nh\u1ea5t qu\u00e1n v\u00e0 \u0111\u00e1ng tin c\u1eady, gi\u1ea3m th\u1eddi gian ng\u1eebng ho\u1ea1t \u0111\u1ed9ng v\u00e0 n\u00e2ng cao n\u0103ng su\u1ea5t t\u1ed5ng th\u1ec3 trong ho\u1ea1t \u0111\u1ed9ng c\u1ee7a b\u1ea1n.<\/p>\n<p><strong>2. H\u1ec7 th\u1ed1ng b\u0103ng t\u1ea3i n\u00e0y c\u00f3 th\u1ec3 ch\u1ee9a nhi\u1ec1u lo\u1ea1i v\u1eadt li\u1ec7u d\u1ea1ng b\u1ed9t kh\u00e1c nhau kh\u00f4ng?<\/strong><\/p>\n<p>Tuy\u1ec7t \u0111\u1ed1i. B\u0103ng t\u1ea3i ph\u1ec5u thang m\u00e1y ch\u1ee9a b\u1ed9t c\u1ee7a ch\u00fang t\u00f4i r\u1ea5t linh ho\u1ea1t v\u00e0 \u0111\u01b0\u1ee3c thi\u1ebft k\u1ebf \u0111\u1ec3 x\u1eed l\u00fd nhi\u1ec1u lo\u1ea1i v\u1eadt li\u1ec7u d\u1ea1ng b\u1ed9t, bao g\u1ed3m nh\u01b0ng kh\u00f4ng gi\u1edbi h\u1ea1n \u1edf b\u1ed9t m\u00ec, \u0111\u01b0\u1eddng, gia v\u1ecb v\u00e0 b\u1ed9t d\u01b0\u1ee3c ph\u1ea9m. Thi\u1ebft k\u1ebf th\u00edch \u1ee9ng c\u1ee7a n\u00f3 \u0111\u1ea3m b\u1ea3o hi\u1ec7u su\u1ea5t t\u1ed1i \u01b0u trong nhi\u1ec1u ng\u00e0nh c\u00f4ng nghi\u1ec7p v\u00e0 \u1ee9ng d\u1ee5ng kh\u00e1c nhau.<\/p>\n<p><strong>3. H\u1ec7 th\u1ed1ng b\u0103ng t\u1ea3i c\u00f3 d\u1ec5 c\u00e0i \u0111\u1eb7t v\u00e0 t\u00edch h\u1ee3p v\u00e0o h\u1ec7 th\u1ed1ng hi\u1ec7n t\u1ea1i c\u1ee7a t\u00f4i kh\u00f4ng?<\/strong><\/p>\n<p>C\u00f3, c\u00e0i \u0111\u1eb7t v\u00e0 t\u00edch h\u1ee3p l\u00e0 nh\u1eefng qu\u00e1 tr\u00ecnh \u0111\u01a1n gi\u1ea3n. Nh\u00f3m c\u1ee7a ch\u00fang t\u00f4i cung c\u1ea5p h\u1ed7 tr\u1ee3 to\u00e0n di\u1ec7n \u0111\u1ec3 \u0111\u1ea3m b\u1ea3o l\u1eafp \u0111\u1eb7t v\u00e0 t\u00edch h\u1ee3p li\u1ec1n m\u1ea1ch B\u0103ng t\u1ea3i ph\u1ec5u thang m\u00e1y b\u1ed9t v\u00e0o d\u00e2y chuy\u1ec1n s\u1ea3n xu\u1ea5t hi\u1ec7n t\u1ea1i c\u1ee7a b\u1ea1n. Ch\u00fang t\u00f4i \u01b0u ti\u00ean gi\u1ea3m thi\u1ec3u s\u1ef1 gi\u00e1n \u0111o\u1ea1n trong ho\u1ea1t \u0111\u1ed9ng c\u1ee7a b\u1ea1n, cho ph\u00e9p b\u1ea1n nhanh ch\u00f3ng thu \u0111\u01b0\u1ee3c l\u1ee3i \u00edch t\u1eeb hi\u1ec7u qu\u1ea3 x\u1eed l\u00fd v\u1eadt li\u1ec7u \u0111\u01b0\u1ee3c n\u00e2ng cao.<\/p>\n<p><strong>4. H\u1ec7 th\u1ed1ng b\u0103ng t\u1ea3i n\u00e0y g\u00f3p ph\u1ea7n \u0111\u1ea3m b\u1ea3o an to\u00e0n t\u1ea1i n\u01a1i l\u00e0m vi\u1ec7c nh\u01b0 th\u1ebf n\u00e0o?<\/strong><\/p>\n<p>B\u0103ng t\u1ea3i ph\u1ec5u thang m\u00e1y ch\u1ee9a b\u1ed9t gi\u1ea3m thi\u1ec3u vi\u1ec7c x\u1eed l\u00fd th\u1ee7 c\u00f4ng c\u00e1c v\u1eadt li\u1ec7u d\u1ea1ng b\u1ed9t, gi\u1ea3m nguy c\u01a1 tai n\u1ea1n v\u00e0 th\u01b0\u01a1ng t\u00edch t\u1ea1i n\u01a1i l\u00e0m vi\u1ec7c li\u00ean quan \u0111\u1ebfn vi\u1ec7c n\u00e2ng v\u00e0 v\u1eadn chuy\u1ec3n v\u1eadt n\u1eb7ng. Ho\u1ea1t \u0111\u1ed9ng t\u1ef1 \u0111\u1ed9ng c\u1ee7a n\u00f3 \u0111\u1ea3m b\u1ea3o vi\u1ec7c v\u1eadn chuy\u1ec3n nguy\u00ean li\u1ec7u \u0111\u01b0\u1ee3c ki\u1ec3m so\u00e1t v\u00e0 an to\u00e0n, th\u00fac \u0111\u1ea9y m\u00f4i tr\u01b0\u1eddng l\u00e0m vi\u1ec7c an to\u00e0n h\u01a1n cho nh\u00e2n vi\u00ean c\u1ee7a b\u1ea1n.<\/p>\n<p><strong>5. H\u1ec7 th\u1ed1ng b\u0103ng t\u1ea3i n\u00e0y c\u1ea7n ph\u1ea3i b\u1ea3o tr\u00ec nh\u1eefng g\u00ec?<\/strong><\/p>\n<p>B\u0103ng t\u1ea3i ph\u1ec5u thang m\u00e1y d\u1ea1ng b\u1ed9t c\u1ee7a ch\u00fang t\u00f4i \u0111\u01b0\u1ee3c thi\u1ebft k\u1ebf nh\u1eb1m \u0111\u1ea3m b\u1ea3o \u0111\u1ed9 tin c\u1eady v\u00e0 y\u00eau c\u1ea7u b\u1ea3o tr\u00ec t\u1ed1i thi\u1ec3u. N\u00ean ki\u1ec3m tra th\u01b0\u1eddng xuy\u00ean v\u00e0 b\u1ea3o tr\u00ec ph\u00f2ng ng\u1eeba \u0111\u1ec3 \u0111\u1ea3m b\u1ea3o hi\u1ec7u su\u1ea5t v\u00e0 tu\u1ed5i th\u1ecd t\u1ed1i \u01b0u. Nh\u00f3m c\u1ee7a ch\u00fang t\u00f4i cung c\u1ea5p h\u1ed7 tr\u1ee3 v\u00e0 tr\u1ee3 gi\u00fap li\u00ean t\u1ee5c \u0111\u1ec3 gi\u00fap b\u1ea1n duy tr\u00ec h\u1ec7 th\u1ed1ng b\u0103ng t\u1ea3i c\u1ee7a m\u00ecnh \u1edf t\u00ecnh tr\u1ea1ng t\u1ed1t nh\u1ea5t.<\/p>","protected":false},"excerpt":{"rendered":"<p>T\u1ed1i \u01b0u h\u00f3a vi\u1ec7c x\u1eed l\u00fd v\u1eadt li\u1ec7u v\u1edbi B\u0103ng t\u1ea3i ph\u1ec5u thang m\u00e1y ch\u1ee9a b\u1ed9t c\u1ee7a ch\u00fang t\u00f4i. H\u1ee3p l\u00fd v\u00e0 \u0111\u00e1ng tin c\u1eady \u0111\u1ec3 s\u1ea3n xu\u1ea5t hi\u1ec7u qu\u1ea3.<\/p>","protected":false},"featured_media":1814,"comment_status":"open","ping_status":"closed","template":"","meta":[],"product_cat":[38],"product_tag":[],"yoast_head":"<!-- This site is optimized with the Yoast SEO plugin v22.2 - https:\/\/yoast.com\/wordpress\/plugins\/seo\/ -->\n<title>Powder Elevator Hopper Conveyor - SWOER<\/title>\n<meta name=\"robots\" content=\"index, follow, max-snippet:-1, max-image-preview:large, max-video-preview:-1\" \/>\n<link rel=\"canonical\" href=\"https:\/\/swoer.com\/vi\/manufacturer\/powder-elevator-hopper-conveyor\/\" \/>\n<meta property=\"og:locale\" content=\"vi_VN\" \/>\n<meta property=\"og:type\" content=\"article\" \/>\n<meta property=\"og:title\" content=\"Powder Elevator Hopper Conveyor - SWOER\" \/>\n<meta property=\"og:description\" content=\"Optimize material handling with our Powder Elevator Hopper Conveyor. Streamlined and reliable for efficient production.\" \/>\n<meta property=\"og:url\" content=\"https:\/\/swoer.com\/vi\/manufacturer\/powder-elevator-hopper-conveyor\/\" \/>\n<meta property=\"og:site_name\" content=\"SWOER\" \/>\n<meta property=\"article:modified_time\" content=\"2024-04-02T02:34:38+00:00\" \/>\n<meta property=\"og:image\" content=\"https:\/\/swoer.com\/wp-content\/uploads\/2024\/04\/Powder-elevator-hopper-conveyor-Flour-screw-conveyor.webp\" \/>\n\t<meta property=\"og:image:width\" content=\"1000\" \/>\n\t<meta property=\"og:image:height\" content=\"1000\" \/>\n\t<meta property=\"og:image:type\" content=\"image\/webp\" \/>\n<meta name=\"twitter:card\" content=\"summary_large_image\" \/>\n<meta name=\"twitter:label1\" content=\"\u01af\u1edbc t\u00ednh th\u1eddi gian \u0111\u1ecdc\" \/>\n\t<meta name=\"twitter:data1\" content=\"1 ph\u00fat\" \/>\n<script type=\"application\/ld+json\" class=\"yoast-schema-graph\">{\"@context\":\"https:\/\/schema.org\",\"@graph\":[{\"@type\":\"WebPage\",\"@id\":\"https:\/\/swoer.com\/manufacturer\/powder-elevator-hopper-conveyor\/\",\"url\":\"https:\/\/swoer.com\/manufacturer\/powder-elevator-hopper-conveyor\/\",\"name\":\"Powder Elevator Hopper Conveyor - SWOER\",\"isPartOf\":{\"@id\":\"https:\/\/swoer.com\/#website\"},\"primaryImageOfPage\":{\"@id\":\"https:\/\/swoer.com\/manufacturer\/powder-elevator-hopper-conveyor\/#primaryimage\"},\"image\":{\"@id\":\"https:\/\/swoer.com\/manufacturer\/powder-elevator-hopper-conveyor\/#primaryimage\"},\"thumbnailUrl\":\"https:\/\/swoer.com\/wp-content\/uploads\/2024\/04\/Powder-elevator-hopper-conveyor-Flour-screw-conveyor.webp\",\"datePublished\":\"2024-04-02T02:28:40+00:00\",\"dateModified\":\"2024-04-02T02:34:38+00:00\",\"breadcrumb\":{\"@id\":\"https:\/\/swoer.com\/manufacturer\/powder-elevator-hopper-conveyor\/#breadcrumb\"},\"inLanguage\":\"vi\",\"potentialAction\":[{\"@type\":\"ReadAction\",\"target\":[\"https:\/\/swoer.com\/manufacturer\/powder-elevator-hopper-conveyor\/\"]}]},{\"@type\":\"ImageObject\",\"inLanguage\":\"vi\",\"@id\":\"https:\/\/swoer.com\/manufacturer\/powder-elevator-hopper-conveyor\/#primaryimage\",\"url\":\"https:\/\/swoer.com\/wp-content\/uploads\/2024\/04\/Powder-elevator-hopper-conveyor-Flour-screw-conveyor.webp\",\"contentUrl\":\"https:\/\/swoer.com\/wp-content\/uploads\/2024\/04\/Powder-elevator-hopper-conveyor-Flour-screw-conveyor.webp\",\"width\":1000,\"height\":1000,\"caption\":\"Powder elevator hopper conveyor - Flour screw conveyor\"},{\"@type\":\"BreadcrumbList\",\"@id\":\"https:\/\/swoer.com\/manufacturer\/powder-elevator-hopper-conveyor\/#breadcrumb\",\"itemListElement\":[{\"@type\":\"ListItem\",\"position\":1,\"name\":\"Home\",\"item\":\"https:\/\/swoer.com\/\"},{\"@type\":\"ListItem\",\"position\":2,\"name\":\"Shop\",\"item\":\"https:\/\/swoer.com\/shop\/\"},{\"@type\":\"ListItem\",\"position\":3,\"name\":\"Powder Elevator Hopper Conveyor\"}]},{\"@type\":\"WebSite\",\"@id\":\"https:\/\/swoer.com\/#website\",\"url\":\"https:\/\/swoer.com\/\",\"name\":\"SWOER\",\"description\":\"Swoer is the top 3 vibratory bowl feeder manufacturer in China\",\"potentialAction\":[{\"@type\":\"SearchAction\",\"target\":{\"@type\":\"EntryPoint\",\"urlTemplate\":\"https:\/\/swoer.com\/?s={search_term_string}\"},\"query-input\":\"required name=search_term_string\"}],\"inLanguage\":\"vi\"}]}<\/script>\n<!-- \/ Yoast SEO plugin. -->","yoast_head_json":{"title":"Powder Elevator Hopper Conveyor - SWOER","robots":{"index":"index","follow":"follow","max-snippet":"max-snippet:-1","max-image-preview":"max-image-preview:large","max-video-preview":"max-video-preview:-1"},"canonical":"https:\/\/swoer.com\/vi\/manufacturer\/powder-elevator-hopper-conveyor\/","og_locale":"vi_VN","og_type":"article","og_title":"Powder Elevator Hopper Conveyor - SWOER","og_description":"Optimize material handling with our Powder Elevator Hopper Conveyor. Streamlined and reliable for efficient production.","og_url":"https:\/\/swoer.com\/vi\/manufacturer\/powder-elevator-hopper-conveyor\/","og_site_name":"SWOER","article_modified_time":"2024-04-02T02:34:38+00:00","og_image":[{"width":1000,"height":1000,"url":"https:\/\/swoer.com\/wp-content\/uploads\/2024\/04\/Powder-elevator-hopper-conveyor-Flour-screw-conveyor.webp","type":"image\/webp"}],"twitter_card":"summary_large_image","twitter_misc":{"\u01af\u1edbc t\u00ednh th\u1eddi gian \u0111\u1ecdc":"1 ph\u00fat"},"schema":{"@context":"https:\/\/schema.org","@graph":[{"@type":"WebPage","@id":"https:\/\/swoer.com\/manufacturer\/powder-elevator-hopper-conveyor\/","url":"https:\/\/swoer.com\/manufacturer\/powder-elevator-hopper-conveyor\/","name":"Powder Elevator Hopper Conveyor - SWOER","isPartOf":{"@id":"https:\/\/swoer.com\/#website"},"primaryImageOfPage":{"@id":"https:\/\/swoer.com\/manufacturer\/powder-elevator-hopper-conveyor\/#primaryimage"},"image":{"@id":"https:\/\/swoer.com\/manufacturer\/powder-elevator-hopper-conveyor\/#primaryimage"},"thumbnailUrl":"https:\/\/swoer.com\/wp-content\/uploads\/2024\/04\/Powder-elevator-hopper-conveyor-Flour-screw-conveyor.webp","datePublished":"2024-04-02T02:28:40+00:00","dateModified":"2024-04-02T02:34:38+00:00","breadcrumb":{"@id":"https:\/\/swoer.com\/manufacturer\/powder-elevator-hopper-conveyor\/#breadcrumb"},"inLanguage":"vi","potentialAction":[{"@type":"ReadAction","target":["https:\/\/swoer.com\/manufacturer\/powder-elevator-hopper-conveyor\/"]}]},{"@type":"ImageObject","inLanguage":"vi","@id":"https:\/\/swoer.com\/manufacturer\/powder-elevator-hopper-conveyor\/#primaryimage","url":"https:\/\/swoer.com\/wp-content\/uploads\/2024\/04\/Powder-elevator-hopper-conveyor-Flour-screw-conveyor.webp","contentUrl":"https:\/\/swoer.com\/wp-content\/uploads\/2024\/04\/Powder-elevator-hopper-conveyor-Flour-screw-conveyor.webp","width":1000,"height":1000,"caption":"Powder elevator hopper conveyor - Flour screw conveyor"},{"@type":"BreadcrumbList","@id":"https:\/\/swoer.com\/manufacturer\/powder-elevator-hopper-conveyor\/#breadcrumb","itemListElement":[{"@type":"ListItem","position":1,"name":"Home","item":"https:\/\/swoer.com\/"},{"@type":"ListItem","position":2,"name":"Shop","item":"https:\/\/swoer.com\/shop\/"},{"@type":"ListItem","position":3,"name":"Powder Elevator Hopper Conveyor"}]},{"@type":"WebSite","@id":"https:\/\/swoer.com\/#website","url":"https:\/\/swoer.com\/","name":"SWOER","description":"Swoer is the top 3 vibratory bowl feeder manufacturer in China","potentialAction":[{"@type":"SearchAction","target":{"@type":"EntryPoint","urlTemplate":"https:\/\/swoer.com\/?s={search_term_string}"},"query-input":"required name=search_term_string"}],"inLanguage":"vi"}]}},"_links":{"self":[{"href":"https:\/\/swoer.com\/vi\/wp-json\/wp\/v2\/product\/1813"}],"collection":[{"href":"https:\/\/swoer.com\/vi\/wp-json\/wp\/v2\/product"}],"about":[{"href":"https:\/\/swoer.com\/vi\/wp-json\/wp\/v2\/types\/product"}],"replies":[{"embeddable":true,"href":"https:\/\/swoer.com\/vi\/wp-json\/wp\/v2\/comments?post=1813"}],"wp:featuredmedia":[{"embeddable":true,"href":"https:\/\/swoer.com\/vi\/wp-json\/wp\/v2\/media\/1814"}],"wp:attachment":[{"href":"https:\/\/swoer.com\/vi\/wp-json\/wp\/v2\/media?parent=1813"}],"wp:term":[{"taxonomy":"product_cat","embeddable":true,"href":"https:\/\/swoer.com\/vi\/wp-json\/wp\/v2\/product_cat?post=1813"},{"taxonomy":"product_tag","embeddable":true,"href":"https:\/\/swoer.com\/vi\/wp-json\/wp\/v2\/product_tag?post=1813"}],"curies":[{"name":"wp","href":"https:\/\/api.w.org\/{rel}","templated":true}]}}