{"id":1811,"date":"2024-04-02T02:11:28","date_gmt":"2024-04-02T02:11:28","guid":{"rendered":"https:\/\/lightgrey-porpoise-816575.hostingersite.com\/?post_type=product&#038;p=1811"},"modified":"2024-04-02T02:24:04","modified_gmt":"2024-04-02T02:24:04","slug":"bucket-hopper-elevator-fully-automatic-lifting-hopper-feeder","status":"publish","type":"product","link":"https:\/\/swoer.com\/vi\/manufacturer\/bucket-hopper-elevator-fully-automatic-lifting-hopper-feeder\/","title":{"rendered":"Thang m\u00e1y ph\u1ec5u ph\u1ec5u n\u00e2ng ho\u00e0n to\u00e0n t\u1ef1 \u0111\u1ed9ng"},"content":{"rendered":"<h2>S\u1ef1 mi\u00eau t\u1ea3:<\/h2>\n<table style=\"border-collapse: collapse; width: 585.77pt;\" border=\"0\" width=\"781\" cellspacing=\"0\" cellpadding=\"0\">\n<tbody>\n<tr style=\"height: 32.00pt;\">\n<td class=\"et3\" style=\"height: 32.00pt; width: 145.50pt;\" width=\"194\" height=\"42\">T\u00ean s\u1ea3n ph\u1ea9m<\/td>\n<td class=\"et4\" style=\"width: 440.25pt;\" width=\"587\">Thang m\u00e1y ph\u1ec5u ph\u1ec5u n\u00e2ng ho\u00e0n to\u00e0n t\u1ef1 \u0111\u1ed9ng<\/td>\n<\/tr>\n<tr style=\"height: 32.00pt;\">\n<td class=\"et3\" style=\"height: 32.00pt;\" height=\"42\">T\u00ean th\u01b0\u01a1ng hi\u1ec7u<\/td>\n<td class=\"et4\">ng\u01b0\u1eddi ch\u1eedi th\u1ec1<\/td>\n<\/tr>\n<tr style=\"height: 32.00pt;\">\n<td class=\"et3\" style=\"height: 32.00pt;\" height=\"42\">K\u00edch th\u01b0\u1edbc (L * W * H)<\/td>\n<td class=\"et4\">t\u00f9y ch\u1ec9nh th\u1ef1c hi\u1ec7n<\/td>\n<\/tr>\n<tr style=\"height: 32.00pt;\">\n<td class=\"et3\" style=\"height: 32.00pt;\" height=\"42\">C\u00e2n n\u1eb7ng<\/td>\n<td class=\"et4\">t\u00f9y ch\u1ec9nh th\u1ef1c hi\u1ec7n<\/td>\n<\/tr>\n<tr style=\"height: 32.00pt;\">\n<td class=\"et3\" style=\"height: 32.00pt;\" height=\"42\">M\u00e0u s\u1eafc<\/td>\n<td class=\"et4\">Y\u00eau c\u1ea7u c\u1ee7a kh\u00e1ch h\u00e0ng<\/td>\n<\/tr>\n<tr style=\"height: 32.00pt;\">\n<td class=\"et3\" style=\"height: 32.00pt;\" height=\"42\">C\u00f4ng su\u1ea5t (t\/h)<\/td>\n<td class=\"et4\">0,1-6t\/gi\u1edd<\/td>\n<\/tr>\n<tr style=\"height: 32.00pt;\">\n<td class=\"et3\" style=\"height: 32.00pt;\" height=\"42\">V\u00f4n<\/td>\n<td class=\"et4\">85-260V<\/td>\n<\/tr>\n<tr style=\"height: 32.00pt;\">\n<td class=\"et3\" style=\"height: 32.00pt;\" height=\"42\">T\u00ednh th\u01b0\u1eddng xuy\u00ean<\/td>\n<td class=\"et4\">40-400Hz<\/td>\n<\/tr>\n<tr style=\"height: 32.00pt;\">\n<td class=\"et3\" style=\"height: 32.00pt;\" height=\"42\">S\u1ef1 b\u1ea3o \u0111\u1ea3m<\/td>\n<td class=\"et4\">1 n\u0103m<\/td>\n<\/tr>\n<tr style=\"height: 32.00pt;\">\n<td class=\"et3\" style=\"height: 32.00pt;\" height=\"42\">MOQ<\/td>\n<td class=\"et4\">1 b\u1ed9<\/td>\n<\/tr>\n<tr style=\"height: 32.00pt;\">\n<td class=\"et3\" style=\"height: 32.00pt;\" height=\"42\">th\u1eddi gian d\u1eabn<\/td>\n<td class=\"et4\">7-10 ng\u00e0y<\/td>\n<\/tr>\n<tr style=\"height: 32.00pt;\">\n<td class=\"et3\" style=\"height: 32.00pt;\" height=\"42\">7-10 ng\u00e0y<\/td>\n<td class=\"et4\">H\u1ed9p g\u1ed7 d\u00e1n<\/td>\n<\/tr>\n<tr style=\"height: 32.00pt;\">\n<td class=\"et3\" style=\"height: 32.00pt;\" height=\"42\">Ch\u00ednh s\u00e1ch thanh to\u00e1n<\/td>\n<td class=\"et4\">T\/T 40% \u0110\u1eb7t c\u1ecdc v\u00e0 s\u1ed1 d\u01b0 tr\u01b0\u1edbc khi v\u1eadn chuy\u1ec3n<\/td>\n<\/tr>\n<tr style=\"height: 32.00pt;\">\n<td class=\"et3\" style=\"height: 32.00pt;\" height=\"42\">Ngu\u1ed3n g\u1ed1c<\/td>\n<td class=\"et4\">Qu\u1ea3ng \u0110\u00f4ng, Trung Qu\u1ed1c<\/td>\n<\/tr>\n<\/tbody>\n<\/table>\n\t<div id=\"gap-1542163091\" class=\"gap-element clearfix\" style=\"display:block; height:auto;\">\n\t\t\n<style>\n#gap-1542163091 {\n  padding-top: 30px;\n}\n<\/style>\n\t<\/div>\n\t\n<h2>C\u00e2u h\u1ecfi th\u01b0\u1eddng g\u1eb7p:<\/h2>\n<p><strong>1. T\u00ednh n\u0103ng ho\u00e0n to\u00e0n t\u1ef1 \u0111\u1ed9ng mang l\u1ea1i l\u1ee3i \u00edch nh\u01b0 th\u1ebf n\u00e0o cho qu\u00e1 tr\u00ecnh s\u1ea3n xu\u1ea5t c\u1ee7a t\u00f4i?<\/strong><\/p>\n<p>B\u1ed9 c\u1ea5p li\u1ec7u ph\u1ec5u n\u00e2ng ho\u00e0n to\u00e0n t\u1ef1 \u0111\u1ed9ng b\u1eb1ng thang m\u00e1y g\u1ea7u c\u1ee7a ch\u00fang t\u00f4i lo\u1ea1i b\u1ecf nhu c\u1ea7u can thi\u1ec7p th\u1ee7 c\u00f4ng, \u0111\u1ea3m b\u1ea3o n\u1ea1p nguy\u00ean li\u1ec7u li\u00ean t\u1ee5c m\u00e0 kh\u00f4ng b\u1ecb gi\u00e1n \u0111o\u1ea1n. T\u00ednh n\u0103ng n\u00e0y t\u1ed1i \u01b0u h\u00f3a hi\u1ec7u qu\u1ea3 s\u1ea3n xu\u1ea5t b\u1eb1ng c\u00e1ch gi\u1ea3m th\u1eddi gian ng\u1eebng ho\u1ea1t \u0111\u1ed9ng v\u00e0 chi ph\u00ed lao \u0111\u1ed9ng \u0111\u1ed3ng th\u1eddi n\u00e2ng cao t\u00ednh nh\u1ea5t qu\u00e1n c\u1ee7a quy tr\u00ecnh l\u00e0m vi\u1ec7c t\u1ed5ng th\u1ec3.<\/p>\n<p><strong>2. H\u1ec7 th\u1ed1ng n\u00e0y c\u00f3 th\u1ec3 x\u1eed l\u00fd c\u00e1c lo\u1ea1i v\u1eadt li\u1ec7u kh\u00e1c nhau m\u1ed9t c\u00e1ch hi\u1ec7u qu\u1ea3 kh\u00f4ng?<\/strong><\/p>\n<p>Tuy\u1ec7t \u0111\u1ed1i. H\u1ec7 th\u1ed1ng c\u1ee7a ch\u00fang t\u00f4i \u0111\u01b0\u1ee3c thi\u1ebft k\u1ebf \u0111\u1ec3 ch\u1ee9a nhi\u1ec1u lo\u1ea1i v\u1eadt li\u1ec7u, t\u1eeb h\u1ea1t \u0111\u1ebfn b\u1ed9t, v\u1edbi \u0111\u1ed9 ch\u00ednh x\u00e1c v\u00e0 \u0111\u1ed9 tin c\u1eady. Cho d\u00f9 b\u1ea1n \u0111ang l\u00e0m vi\u1ec7c v\u1edbi c\u00e1c ch\u1ea5t d\u1ec5 v\u1ee1 hay b\u1ecb m\u00e0i m\u00f2n, M\u00e1y c\u1ea5p li\u1ec7u thang m\u00e1y ph\u1ec5u ph\u1ec5u c\u1ee7a ch\u00fang t\u00f4i \u0111\u1ec1u mang l\u1ea1i hi\u1ec7u su\u1ea5t \u1ed5n \u0111\u1ecbnh, gi\u1ea3m thi\u1ec3u l\u00e3ng ph\u00ed v\u1eadt li\u1ec7u v\u00e0 t\u1ed1i \u0111a h\u00f3a s\u1ea3n l\u01b0\u1ee3ng s\u1ea3n xu\u1ea5t.<\/p>\n<p><strong>3. M\u00e1y c\u1ea5p li\u1ec7u ph\u1ec5u n\u00e2ng n\u00e2ng cao t\u00ednh linh ho\u1ea1t trong v\u1eadn h\u00e0nh nh\u01b0 th\u1ebf n\u00e0o?<\/strong><\/p>\n<p>Th\u00e0nh ph\u1ea7n c\u1ea5p li\u1ec7u ph\u1ec5u n\u00e2ng trong h\u1ec7 th\u1ed1ng c\u1ee7a ch\u00fang t\u00f4i cho ph\u00e9p t\u00edch h\u1ee3p li\u1ec1n m\u1ea1ch v\u00e0o c\u00e1c thi\u1ebft l\u1eadp s\u1ea3n xu\u1ea5t kh\u00e1c nhau. T\u00ednh linh ho\u1ea1t c\u1ee7a n\u00f3 cho ph\u00e9p \u0111i\u1ec1u ch\u1ec9nh d\u1ec5 d\u00e0ng \u0111\u1ec3 ph\u00f9 h\u1ee3p v\u1edbi t\u1ed1c \u0111\u1ed9 d\u00f2ng nguy\u00ean li\u1ec7u kh\u00e1c nhau, \u0111\u1ea3m b\u1ea3o \u0111i\u1ec1u ki\u1ec7n c\u1ea5p li\u1ec7u t\u1ed1i \u01b0u cho c\u00e1c y\u00eau c\u1ea7u s\u1ea3n xu\u1ea5t \u0111a d\u1ea1ng. T\u00ednh linh ho\u1ea1t n\u00e0y cho ph\u00e9p b\u1ea1n th\u00edch \u1ee9ng nhanh ch\u00f3ng v\u1edbi nhu c\u1ea7u s\u1ea3n xu\u1ea5t thay \u0111\u1ed5i, t\u1ed1i \u0111a h\u00f3a vi\u1ec7c s\u1eed d\u1ee5ng t\u00e0i nguy\u00ean v\u00e0 hi\u1ec7u qu\u1ea3.<\/p>\n<p><strong>4. H\u1ec7 th\u1ed1ng n\u00e0y c\u1ea7n ph\u1ea3i b\u1ea3o tr\u00ec nh\u1eefng g\u00ec?<\/strong><\/p>\n<p>Thang m\u00e1y ph\u1ec5u ph\u1ec5u n\u00e2ng ho\u00e0n to\u00e0n t\u1ef1 \u0111\u1ed9ng c\u1ee7a ch\u00fang t\u00f4i \u0111\u01b0\u1ee3c thi\u1ebft k\u1ebf \u0111\u1ec3 \u0111\u1ea3m b\u1ea3o \u0111\u1ed9 tin c\u1eady v\u00e0 y\u00eau c\u1ea7u b\u1ea3o tr\u00ec t\u1ed1i thi\u1ec3u. N\u00ean ki\u1ec3m tra \u0111\u1ecbnh k\u1ef3 v\u00e0 b\u1ea3o tr\u00ec ph\u00f2ng ng\u1eeba \u0111\u1ec3 \u0111\u1ea3m b\u1ea3o hi\u1ec7u su\u1ea5t \u1ed5n \u0111\u1ecbnh v\u00e0 tu\u1ed5i th\u1ecd cao. Nh\u00f3m c\u1ee7a ch\u00fang t\u00f4i cung c\u1ea5p h\u1ed7 tr\u1ee3 to\u00e0n di\u1ec7n, bao g\u1ed3m l\u1ecbch b\u1ea3o tr\u00ec v\u00e0 h\u1ed7 tr\u1ee3 k\u1ef9 thu\u1eadt, \u0111\u1ec3 gi\u1eef cho h\u1ec7 th\u1ed1ng c\u1ee7a b\u1ea1n ho\u1ea1t \u0111\u1ed9ng \u1edf hi\u1ec7u su\u1ea5t cao nh\u1ea5t.<\/p>\n<p><strong>5. H\u1ec7 th\u1ed1ng n\u00e0y g\u00f3p ph\u1ea7n \u0111\u1ea3m b\u1ea3o an to\u00e0n t\u1ea1i n\u01a1i l\u00e0m vi\u1ec7c nh\u01b0 th\u1ebf n\u00e0o?<\/strong><\/p>\n<p>B\u1eb1ng c\u00e1ch t\u1ef1 \u0111\u1ed9ng h\u00f3a c\u00e1c quy tr\u00ecnh x\u1eed l\u00fd v\u1eadt li\u1ec7u, h\u1ec7 th\u1ed1ng c\u1ee7a ch\u00fang t\u00f4i gi\u1ea3m nhu c\u1ea7u lao \u0111\u1ed9ng th\u1ee7 c\u00f4ng, gi\u1ea3m thi\u1ec3u nguy c\u01a1 tai n\u1ea1n v\u00e0 th\u01b0\u01a1ng t\u00edch t\u1ea1i n\u01a1i l\u00e0m vi\u1ec7c. Ngo\u00e0i ra, ho\u1ea1t \u0111\u1ed9ng ho\u00e0n to\u00e0n t\u1ef1 \u0111\u1ed9ng c\u1ee7a n\u00f3 \u0111\u1ea3m b\u1ea3o vi\u1ec7c n\u1ea1p nguy\u00ean li\u1ec7u tr\u01a1n tru v\u00e0 c\u00f3 ki\u1ec3m so\u00e1t, n\u00e2ng cao s\u1ef1 an to\u00e0n cho ng\u01b0\u1eddi v\u1eadn h\u00e0nh v\u00e0 th\u00fac \u0111\u1ea9y m\u00f4i tr\u01b0\u1eddng l\u00e0m vi\u1ec7c an to\u00e0n.<\/p>","protected":false},"excerpt":{"rendered":"<p>T\u0103ng c\u01b0\u1eddng hi\u1ec7u qu\u1ea3 v\u1edbi M\u00e1y c\u1ea5p li\u1ec7u thang m\u00e1y ph\u1ec5u ph\u1ec5u ho\u00e0n to\u00e0n t\u1ef1 \u0111\u1ed9ng c\u1ee7a ch\u00fang t\u00f4i. H\u1ee3p l\u00fd h\u00f3a vi\u1ec7c x\u1eed l\u00fd v\u1eadt li\u1ec7u \u0111\u1ec3 quy tr\u00ecnh s\u1ea3n xu\u1ea5t li\u1ec1n m\u1ea1ch. T\u1ed1i \u0111a h\u00f3a n\u0103ng su\u1ea5t m\u1ed9t c\u00e1ch d\u1ec5 d\u00e0ng.<\/p>","protected":false},"featured_media":1812,"comment_status":"open","ping_status":"closed","template":"","meta":[],"product_cat":[38],"product_tag":[],"yoast_head":"<!-- This site is optimized with the Yoast SEO plugin v22.2 - https:\/\/yoast.com\/wordpress\/plugins\/seo\/ -->\n<title>Bucket Hopper Elevator Fully Automatic Lifting Hopper Feeder - SWOER<\/title>\n<meta name=\"robots\" content=\"index, follow, max-snippet:-1, max-image-preview:large, max-video-preview:-1\" \/>\n<link rel=\"canonical\" href=\"https:\/\/swoer.com\/vi\/manufacturer\/bucket-hopper-elevator-fully-automatic-lifting-hopper-feeder\/\" \/>\n<meta property=\"og:locale\" content=\"vi_VN\" \/>\n<meta property=\"og:type\" content=\"article\" \/>\n<meta property=\"og:title\" content=\"Bucket Hopper Elevator Fully Automatic Lifting Hopper Feeder - SWOER\" \/>\n<meta property=\"og:description\" content=\"Bolster efficiency with our fully automatic Bucket Hopper Elevator Feeder. Streamline material handling for seamless production workflows. Maximize productivity effortlessly.\" \/>\n<meta property=\"og:url\" content=\"https:\/\/swoer.com\/vi\/manufacturer\/bucket-hopper-elevator-fully-automatic-lifting-hopper-feeder\/\" \/>\n<meta property=\"og:site_name\" content=\"SWOER\" \/>\n<meta property=\"article:modified_time\" content=\"2024-04-02T02:24:04+00:00\" \/>\n<meta property=\"og:image\" content=\"https:\/\/swoer.com\/wp-content\/uploads\/2024\/04\/Bucket-Hopper-Elevator-Fully-Automatic-Lifting-Hopper-Feeder.webp\" \/>\n\t<meta property=\"og:image:width\" content=\"1000\" \/>\n\t<meta property=\"og:image:height\" content=\"1000\" \/>\n\t<meta property=\"og:image:type\" content=\"image\/webp\" \/>\n<meta name=\"twitter:card\" content=\"summary_large_image\" \/>\n<meta name=\"twitter:label1\" content=\"\u01af\u1edbc t\u00ednh th\u1eddi gian \u0111\u1ecdc\" \/>\n\t<meta name=\"twitter:data1\" content=\"1 ph\u00fat\" \/>\n<script type=\"application\/ld+json\" class=\"yoast-schema-graph\">{\"@context\":\"https:\/\/schema.org\",\"@graph\":[{\"@type\":\"WebPage\",\"@id\":\"https:\/\/swoer.com\/manufacturer\/bucket-hopper-elevator-fully-automatic-lifting-hopper-feeder\/\",\"url\":\"https:\/\/swoer.com\/manufacturer\/bucket-hopper-elevator-fully-automatic-lifting-hopper-feeder\/\",\"name\":\"Bucket Hopper Elevator Fully Automatic Lifting Hopper Feeder - SWOER\",\"isPartOf\":{\"@id\":\"https:\/\/swoer.com\/#website\"},\"primaryImageOfPage\":{\"@id\":\"https:\/\/swoer.com\/manufacturer\/bucket-hopper-elevator-fully-automatic-lifting-hopper-feeder\/#primaryimage\"},\"image\":{\"@id\":\"https:\/\/swoer.com\/manufacturer\/bucket-hopper-elevator-fully-automatic-lifting-hopper-feeder\/#primaryimage\"},\"thumbnailUrl\":\"https:\/\/swoer.com\/wp-content\/uploads\/2024\/04\/Bucket-Hopper-Elevator-Fully-Automatic-Lifting-Hopper-Feeder.webp\",\"datePublished\":\"2024-04-02T02:11:28+00:00\",\"dateModified\":\"2024-04-02T02:24:04+00:00\",\"breadcrumb\":{\"@id\":\"https:\/\/swoer.com\/manufacturer\/bucket-hopper-elevator-fully-automatic-lifting-hopper-feeder\/#breadcrumb\"},\"inLanguage\":\"vi\",\"potentialAction\":[{\"@type\":\"ReadAction\",\"target\":[\"https:\/\/swoer.com\/manufacturer\/bucket-hopper-elevator-fully-automatic-lifting-hopper-feeder\/\"]}]},{\"@type\":\"ImageObject\",\"inLanguage\":\"vi\",\"@id\":\"https:\/\/swoer.com\/manufacturer\/bucket-hopper-elevator-fully-automatic-lifting-hopper-feeder\/#primaryimage\",\"url\":\"https:\/\/swoer.com\/wp-content\/uploads\/2024\/04\/Bucket-Hopper-Elevator-Fully-Automatic-Lifting-Hopper-Feeder.webp\",\"contentUrl\":\"https:\/\/swoer.com\/wp-content\/uploads\/2024\/04\/Bucket-Hopper-Elevator-Fully-Automatic-Lifting-Hopper-Feeder.webp\",\"width\":1000,\"height\":1000,\"caption\":\"Bucket Hopper Elevator Fully Automatic Lifting Hopper Feeder\"},{\"@type\":\"BreadcrumbList\",\"@id\":\"https:\/\/swoer.com\/manufacturer\/bucket-hopper-elevator-fully-automatic-lifting-hopper-feeder\/#breadcrumb\",\"itemListElement\":[{\"@type\":\"ListItem\",\"position\":1,\"name\":\"Home\",\"item\":\"https:\/\/swoer.com\/\"},{\"@type\":\"ListItem\",\"position\":2,\"name\":\"Shop\",\"item\":\"https:\/\/swoer.com\/shop\/\"},{\"@type\":\"ListItem\",\"position\":3,\"name\":\"Bucket Hopper Elevator Fully Automatic Lifting Hopper Feeder\"}]},{\"@type\":\"WebSite\",\"@id\":\"https:\/\/swoer.com\/#website\",\"url\":\"https:\/\/swoer.com\/\",\"name\":\"SWOER\",\"description\":\"Swoer is the top 3 vibratory bowl feeder manufacturer in China\",\"potentialAction\":[{\"@type\":\"SearchAction\",\"target\":{\"@type\":\"EntryPoint\",\"urlTemplate\":\"https:\/\/swoer.com\/?s={search_term_string}\"},\"query-input\":\"required name=search_term_string\"}],\"inLanguage\":\"vi\"}]}<\/script>\n<!-- \/ Yoast SEO plugin. -->","yoast_head_json":{"title":"Bucket Hopper Elevator Fully Automatic Lifting Hopper Feeder - SWOER","robots":{"index":"index","follow":"follow","max-snippet":"max-snippet:-1","max-image-preview":"max-image-preview:large","max-video-preview":"max-video-preview:-1"},"canonical":"https:\/\/swoer.com\/vi\/manufacturer\/bucket-hopper-elevator-fully-automatic-lifting-hopper-feeder\/","og_locale":"vi_VN","og_type":"article","og_title":"Bucket Hopper Elevator Fully Automatic Lifting Hopper Feeder - SWOER","og_description":"Bolster efficiency with our fully automatic Bucket Hopper Elevator Feeder. Streamline material handling for seamless production workflows. Maximize productivity effortlessly.","og_url":"https:\/\/swoer.com\/vi\/manufacturer\/bucket-hopper-elevator-fully-automatic-lifting-hopper-feeder\/","og_site_name":"SWOER","article_modified_time":"2024-04-02T02:24:04+00:00","og_image":[{"width":1000,"height":1000,"url":"https:\/\/swoer.com\/wp-content\/uploads\/2024\/04\/Bucket-Hopper-Elevator-Fully-Automatic-Lifting-Hopper-Feeder.webp","type":"image\/webp"}],"twitter_card":"summary_large_image","twitter_misc":{"\u01af\u1edbc t\u00ednh th\u1eddi gian \u0111\u1ecdc":"1 ph\u00fat"},"schema":{"@context":"https:\/\/schema.org","@graph":[{"@type":"WebPage","@id":"https:\/\/swoer.com\/manufacturer\/bucket-hopper-elevator-fully-automatic-lifting-hopper-feeder\/","url":"https:\/\/swoer.com\/manufacturer\/bucket-hopper-elevator-fully-automatic-lifting-hopper-feeder\/","name":"Bucket Hopper Elevator Fully Automatic Lifting Hopper Feeder - SWOER","isPartOf":{"@id":"https:\/\/swoer.com\/#website"},"primaryImageOfPage":{"@id":"https:\/\/swoer.com\/manufacturer\/bucket-hopper-elevator-fully-automatic-lifting-hopper-feeder\/#primaryimage"},"image":{"@id":"https:\/\/swoer.com\/manufacturer\/bucket-hopper-elevator-fully-automatic-lifting-hopper-feeder\/#primaryimage"},"thumbnailUrl":"https:\/\/swoer.com\/wp-content\/uploads\/2024\/04\/Bucket-Hopper-Elevator-Fully-Automatic-Lifting-Hopper-Feeder.webp","datePublished":"2024-04-02T02:11:28+00:00","dateModified":"2024-04-02T02:24:04+00:00","breadcrumb":{"@id":"https:\/\/swoer.com\/manufacturer\/bucket-hopper-elevator-fully-automatic-lifting-hopper-feeder\/#breadcrumb"},"inLanguage":"vi","potentialAction":[{"@type":"ReadAction","target":["https:\/\/swoer.com\/manufacturer\/bucket-hopper-elevator-fully-automatic-lifting-hopper-feeder\/"]}]},{"@type":"ImageObject","inLanguage":"vi","@id":"https:\/\/swoer.com\/manufacturer\/bucket-hopper-elevator-fully-automatic-lifting-hopper-feeder\/#primaryimage","url":"https:\/\/swoer.com\/wp-content\/uploads\/2024\/04\/Bucket-Hopper-Elevator-Fully-Automatic-Lifting-Hopper-Feeder.webp","contentUrl":"https:\/\/swoer.com\/wp-content\/uploads\/2024\/04\/Bucket-Hopper-Elevator-Fully-Automatic-Lifting-Hopper-Feeder.webp","width":1000,"height":1000,"caption":"Bucket Hopper Elevator Fully Automatic Lifting Hopper Feeder"},{"@type":"BreadcrumbList","@id":"https:\/\/swoer.com\/manufacturer\/bucket-hopper-elevator-fully-automatic-lifting-hopper-feeder\/#breadcrumb","itemListElement":[{"@type":"ListItem","position":1,"name":"Home","item":"https:\/\/swoer.com\/"},{"@type":"ListItem","position":2,"name":"Shop","item":"https:\/\/swoer.com\/shop\/"},{"@type":"ListItem","position":3,"name":"Bucket Hopper Elevator Fully Automatic Lifting Hopper Feeder"}]},{"@type":"WebSite","@id":"https:\/\/swoer.com\/#website","url":"https:\/\/swoer.com\/","name":"SWOER","description":"Swoer is the top 3 vibratory bowl feeder manufacturer in China","potentialAction":[{"@type":"SearchAction","target":{"@type":"EntryPoint","urlTemplate":"https:\/\/swoer.com\/?s={search_term_string}"},"query-input":"required name=search_term_string"}],"inLanguage":"vi"}]}},"_links":{"self":[{"href":"https:\/\/swoer.com\/vi\/wp-json\/wp\/v2\/product\/1811"}],"collection":[{"href":"https:\/\/swoer.com\/vi\/wp-json\/wp\/v2\/product"}],"about":[{"href":"https:\/\/swoer.com\/vi\/wp-json\/wp\/v2\/types\/product"}],"replies":[{"embeddable":true,"href":"https:\/\/swoer.com\/vi\/wp-json\/wp\/v2\/comments?post=1811"}],"wp:featuredmedia":[{"embeddable":true,"href":"https:\/\/swoer.com\/vi\/wp-json\/wp\/v2\/media\/1812"}],"wp:attachment":[{"href":"https:\/\/swoer.com\/vi\/wp-json\/wp\/v2\/media?parent=1811"}],"wp:term":[{"taxonomy":"product_cat","embeddable":true,"href":"https:\/\/swoer.com\/vi\/wp-json\/wp\/v2\/product_cat?post=1811"},{"taxonomy":"product_tag","embeddable":true,"href":"https:\/\/swoer.com\/vi\/wp-json\/wp\/v2\/product_tag?post=1811"}],"curies":[{"name":"wp","href":"https:\/\/api.w.org\/{rel}","templated":true}]}}