{"id":1806,"date":"2024-04-02T01:56:57","date_gmt":"2024-04-02T01:56:57","guid":{"rendered":"https:\/\/lightgrey-porpoise-816575.hostingersite.com\/?post_type=product&#038;p=1806"},"modified":"2024-04-02T02:06:28","modified_gmt":"2024-04-02T02:06:28","slug":"hopper-elevator-conveyor-automation","status":"publish","type":"product","link":"https:\/\/swoer.com\/vi\/manufacturer\/hopper-elevator-conveyor-automation\/","title":{"rendered":"T\u1ef1 \u0111\u1ed9ng h\u00f3a b\u0103ng t\u1ea3i thang m\u00e1y ph\u1ec5u"},"content":{"rendered":"<p>Tr\u1ea3i nghi\u1ec7m hi\u1ec7u qu\u1ea3 x\u1eed l\u00fd v\u1eadt li\u1ec7u li\u1ec1n m\u1ea1ch v\u1edbi gi\u1ea3i ph\u00e1p T\u1ef1 \u0111\u1ed9ng h\u00f3a b\u0103ng t\u1ea3i thang m\u00e1y ph\u1ec5u ti\u00ean ti\u1ebfn c\u1ee7a ch\u00fang t\u00f4i. \u0110\u01b0\u1ee3c thi\u1ebft k\u1ebf \u0111\u1ec3 \u0111\u1ea3m b\u1ea3o \u0111\u1ed9 tin c\u1eady v\u00e0 \u0111\u1ed9 ch\u00ednh x\u00e1c, h\u1ec7 th\u1ed1ng c\u1ee7a ch\u00fang t\u00f4i t\u1ed1i \u01b0u h\u00f3a quy tr\u00ecnh l\u00e0m vi\u1ec7c b\u1eb1ng c\u00e1ch chuy\u1ec3n nguy\u00ean li\u1ec7u li\u1ec1n m\u1ea1ch gi\u1eefa c\u00e1c giai \u0111o\u1ea1n s\u1ea3n xu\u1ea5t kh\u00e1c nhau. \u0110\u01b0\u1ee3c thi\u1ebft k\u1ebf v\u1edbi c\u00f4ng ngh\u1ec7 kh\u00ed n\u00e9n ti\u00ean ti\u1ebfn, n\u00f3 \u0111\u1ea3m b\u1ea3o chuy\u1ec3n \u0111\u1ed9ng th\u1eb3ng \u0111\u1ee9ng tr\u01a1n tru v\u00e0 hi\u1ec7u qu\u1ea3, n\u00e2ng cao n\u0103ng su\u1ea5t \u0111\u1ed3ng th\u1eddi gi\u1ea3m thi\u1ec3u th\u1eddi gian ng\u1eebng ho\u1ea1t \u0111\u1ed9ng. H\u00e3y tin t\u01b0\u1edfng v\u00e0o chuy\u00ean m\u00f4n c\u1ee7a ch\u00fang t\u00f4i \u0111\u1ec3 h\u1ee3p l\u00fd h\u00f3a ho\u1ea1t \u0111\u1ed9ng v\u00e0 n\u00e2ng cao n\u0103ng l\u1ef1c s\u1ea3n xu\u1ea5t c\u1ee7a b\u1ea1n.<\/p>\n<h2>S\u1ef1 mi\u00eau t\u1ea3:<\/h2>\n<table style=\"border-collapse: collapse; width: 464.27pt;\" border=\"0\" width=\"619\" cellspacing=\"0\" cellpadding=\"0\">\n<tbody>\n<tr style=\"height: 32.00pt;\">\n<td class=\"et3\" style=\"height: 32.00pt; width: 145.50pt;\" width=\"194\" height=\"42\">T\u00ean s\u1ea3n ph\u1ea9m<\/td>\n<td class=\"et4\" style=\"width: 318.75pt;\" width=\"425\">T\u1ef1 \u0111\u1ed9ng h\u00f3a b\u0103ng t\u1ea3i thang m\u00e1y ph\u1ec5u<\/td>\n<\/tr>\n<tr style=\"height: 32.00pt;\">\n<td class=\"et3\" style=\"height: 32.00pt;\" height=\"42\">T\u00ean th\u01b0\u01a1ng hi\u1ec7u<\/td>\n<td class=\"et4\">ng\u01b0\u1eddi ch\u1eedi th\u1ec1<\/td>\n<\/tr>\n<tr style=\"height: 32.00pt;\">\n<td class=\"et3\" style=\"height: 32.00pt;\" height=\"42\">K\u00edch th\u01b0\u1edbc (L * W * H)<\/td>\n<td class=\"et4\">2200*1000*1500mm<\/td>\n<\/tr>\n<tr style=\"height: 32.00pt;\">\n<td class=\"et3\" style=\"height: 32.00pt;\" height=\"42\">C\u00e2n n\u1eb7ng<\/td>\n<td class=\"et4\">120kg<\/td>\n<\/tr>\n<tr style=\"height: 32.00pt;\">\n<td class=\"et3\" style=\"height: 32.00pt;\" height=\"42\">M\u00e0u s\u1eafc<\/td>\n<td class=\"et4\">Y\u00eau c\u1ea7u c\u1ee7a kh\u00e1ch h\u00e0ng<\/td>\n<\/tr>\n<tr style=\"height: 32.00pt;\">\n<td class=\"et3\" style=\"height: 32.00pt;\" height=\"42\">C\u00f4ng su\u1ea5t (t\/h)<\/td>\n<td class=\"et4\">0,1-6t\/gi\u1edd<\/td>\n<\/tr>\n<tr style=\"height: 32.00pt;\">\n<td class=\"et3\" style=\"height: 32.00pt;\" height=\"42\">V\u00f4n<\/td>\n<td class=\"et4\">85-260V<\/td>\n<\/tr>\n<tr style=\"height: 32.00pt;\">\n<td class=\"et3\" style=\"height: 32.00pt;\" height=\"42\">T\u00ednh th\u01b0\u1eddng xuy\u00ean<\/td>\n<td class=\"et4\">40-400Hz<\/td>\n<\/tr>\n<tr style=\"height: 32.00pt;\">\n<td class=\"et3\" style=\"height: 32.00pt;\" height=\"42\">S\u1ef1 b\u1ea3o \u0111\u1ea3m<\/td>\n<td class=\"et4\">1 n\u0103m<\/td>\n<\/tr>\n<tr style=\"height: 32.00pt;\">\n<td class=\"et3\" style=\"height: 32.00pt;\" height=\"42\">MOQ<\/td>\n<td class=\"et4\">1 b\u1ed9<\/td>\n<\/tr>\n<tr style=\"height: 32.00pt;\">\n<td class=\"et3\" style=\"height: 32.00pt;\" height=\"42\">th\u1eddi gian d\u1eabn<\/td>\n<td class=\"et4\">7-10 ng\u00e0y<\/td>\n<\/tr>\n<tr style=\"height: 32.00pt;\">\n<td class=\"et3\" style=\"height: 32.00pt;\" height=\"42\">7-10 ng\u00e0y<\/td>\n<td class=\"et4\">H\u1ed9p g\u1ed7 d\u00e1n<\/td>\n<\/tr>\n<tr style=\"height: 32.00pt;\">\n<td class=\"et3\" style=\"height: 32.00pt;\" height=\"42\">Ch\u00ednh s\u00e1ch thanh to\u00e1n<\/td>\n<td class=\"et4\">T\/T 40% \u0110\u1eb7t c\u1ecdc v\u00e0 s\u1ed1 d\u01b0 tr\u01b0\u1edbc khi v\u1eadn chuy\u1ec3n<\/td>\n<\/tr>\n<tr style=\"height: 32.00pt;\">\n<td class=\"et3\" style=\"height: 32.00pt;\" height=\"42\">Ngu\u1ed3n g\u1ed1c<\/td>\n<td class=\"et4\">Qu\u1ea3ng \u0110\u00f4ng, Trung Qu\u1ed1c<\/td>\n<\/tr>\n<\/tbody>\n<\/table>\n<h2>C\u00e2u h\u1ecfi th\u01b0\u1eddng g\u1eb7p:<\/h2>\n\t<div id=\"gap-269814895\" class=\"gap-element clearfix\" style=\"display:block; height:auto;\">\n\t\t\n<style>\n#gap-269814895 {\n  padding-top: 30px;\n}\n<\/style>\n\t<\/div>\n\t\n<p><strong>1. T\u1ef1 \u0111\u1ed9ng h\u00f3a b\u0103ng t\u1ea3i thang m\u00e1y ph\u1ec5u n\u00e2ng cao n\u0103ng su\u1ea5t nh\u01b0 th\u1ebf n\u00e0o?<\/strong><\/p>\n<p>H\u1ec7 th\u1ed1ng t\u1ef1 \u0111\u1ed9ng h\u00f3a b\u0103ng t\u1ea3i thang m\u00e1y ph\u1ec5u c\u1ee7a ch\u00fang t\u00f4i h\u1ee3p l\u00fd h\u00f3a c\u00e1c quy tr\u00ecnh x\u1eed l\u00fd v\u1eadt li\u1ec7u, \u0111\u1ea3m b\u1ea3o chuy\u1ec3n giao li\u1ec1n m\u1ea1ch gi\u1eefa c\u00e1c giai \u0111o\u1ea1n s\u1ea3n xu\u1ea5t. B\u1eb1ng c\u00e1ch t\u1ef1 \u0111\u1ed9ng h\u00f3a c\u00e1c t\u00e1c v\u1ee5 n\u00e0y, n\u00f3 gi\u00fap lo\u1ea1i b\u1ecf t\u1eafc ngh\u1ebdn, gi\u1ea3m lao \u0111\u1ed9ng th\u1ee7 c\u00f4ng v\u00e0 t\u1ed1i \u01b0u h\u00f3a hi\u1ec7u qu\u1ea3 quy tr\u00ecnh l\u00e0m vi\u1ec7c, cu\u1ed1i c\u00f9ng l\u00e0 t\u0103ng n\u0103ng su\u1ea5t t\u1ed5ng th\u1ec3.<\/p>\n<p><strong>2. H\u1ec7 th\u1ed1ng c\u00f3 \u0111\u00e1ng tin c\u1eady v\u00e0 b\u1ec1n b\u1ec9 \u0111\u1ec3 ho\u1ea1t \u0111\u1ed9ng li\u00ean t\u1ee5c kh\u00f4ng?<\/strong><\/p>\n<p>Tuy\u1ec7t \u0111\u1ed1i. \u0110\u01b0\u1ee3c thi\u1ebft k\u1ebf v\u1edbi c\u00e1c b\u1ed9 ph\u1eadn ch\u1eafc ch\u1eafn v\u00e0 c\u00f4ng ngh\u1ec7 t\u1ef1 \u0111\u1ed9ng h\u00f3a ti\u00ean ti\u1ebfn, h\u1ec7 th\u1ed1ng B\u0103ng t\u1ea3i thang m\u00e1y ph\u1ec5u c\u1ee7a ch\u00fang t\u00f4i \u0111\u01b0\u1ee3c ch\u1ebf t\u1ea1o \u0111\u1ec3 ch\u1ecbu \u0111\u01b0\u1ee3c m\u00f4i tr\u01b0\u1eddng c\u00f4ng nghi\u1ec7p kh\u1eafc nghi\u1ec7t. T\u1eeb s\u1ea3n xu\u1ea5t kh\u1ed1i l\u01b0\u1ee3ng l\u1edbn \u0111\u1ebfn v\u1eadn h\u00e0nh 24\/7, \u0111\u1ed9 tin c\u1eady l\u00e0 c\u1ed1t l\u00f5i trong thi\u1ebft k\u1ebf c\u1ee7a ch\u00fang t\u00f4i, \u0111\u1ea3m b\u1ea3o hi\u1ec7u su\u1ea5t kh\u00f4ng b\u1ecb gi\u00e1n \u0111o\u1ea1n.<\/p>\n<p><strong>3. H\u1ec7 th\u1ed1ng c\u00f3 th\u1ec3 \u0111\u01b0\u1ee3c t\u00f9y ch\u1ec9nh \u0111\u1ec3 ph\u00f9 h\u1ee3p v\u1edbi y\u00eau c\u1ea7u s\u1ea3n xu\u1ea5t c\u1ee5 th\u1ec3 kh\u00f4ng?<\/strong><\/p>\n<p>V\u00e2ng, t\u00ednh linh ho\u1ea1t l\u00e0 ch\u00eca kh\u00f3a. Ch\u00fang t\u00f4i hi\u1ec3u r\u1eb1ng m\u1ed7i c\u01a1 s\u1edf s\u1ea3n xu\u1ea5t \u0111\u1ec1u c\u00f3 nh\u1eefng nhu c\u1ea7u ri\u00eang. T\u1ef1 \u0111\u1ed9ng h\u00f3a b\u0103ng t\u1ea3i thang m\u00e1y ph\u1ec5u c\u1ee7a ch\u00fang t\u00f4i c\u00f3 th\u1ec3 \u0111\u01b0\u1ee3c \u0111i\u1ec1u ch\u1ec9nh \u0111\u1ec3 ph\u00f9 h\u1ee3p v\u1edbi nhi\u1ec1u lo\u1ea1i v\u1eadt li\u1ec7u, b\u1ed1 tr\u00ed s\u1ea3n xu\u1ea5t v\u00e0 nhu c\u1ea7u th\u00f4ng l\u01b0\u1ee3ng kh\u00e1c nhau. Cho d\u00f9 b\u1ea1n y\u00eau c\u1ea7u k\u00edch th\u01b0\u1edbc c\u1ee5 th\u1ec3, \u0111i\u1ec1u ch\u1ec9nh t\u1ed1c \u0111\u1ed9 hay t\u00edch h\u1ee3p v\u1edbi c\u00e1c h\u1ec7 th\u1ed1ng hi\u1ec7n c\u00f3, ch\u00fang t\u00f4i \u0111\u1ec1u cung c\u1ea5p c\u00e1c gi\u1ea3i ph\u00e1p c\u00f3 th\u1ec3 t\u00f9y ch\u1ec9nh \u0111\u1ec3 \u0111\u00e1p \u1ee9ng y\u00eau c\u1ea7u ch\u00ednh x\u00e1c c\u1ee7a b\u1ea1n.<\/p>\n<p><strong>4. H\u1ec7 th\u1ed1ng t\u1ef1 \u0111\u1ed9ng h\u00f3a g\u00f3p ph\u1ea7n \u0111\u1ea3m b\u1ea3o an to\u00e0n cho ng\u01b0\u1eddi lao \u0111\u1ed9ng nh\u01b0 th\u1ebf n\u00e0o?<\/strong><\/p>\n<p>An to\u00e0n l\u00e0 \u0111i\u1ec1u t\u1ed1i quan tr\u1ecdng trong b\u1ea5t k\u1ef3 m\u00f4i tr\u01b0\u1eddng s\u1ea3n xu\u1ea5t n\u00e0o. H\u1ec7 th\u1ed1ng t\u1ef1 \u0111\u1ed9ng h\u00f3a b\u0103ng t\u1ea3i thang m\u00e1y ph\u1ec5u c\u1ee7a ch\u00fang t\u00f4i gi\u00fap gi\u1ea3m nhu c\u1ea7u th\u1ef1c hi\u1ec7n c\u00e1c nhi\u1ec7m v\u1ee5 x\u1eed l\u00fd v\u1eadt li\u1ec7u th\u1ee7 c\u00f4ng, gi\u1ea3m thi\u1ec3u nguy c\u01a1 tai n\u1ea1n t\u1ea1i n\u01a1i l\u00e0m vi\u1ec7c v\u00e0 ch\u1ea5n th\u01b0\u01a1ng do c\u0103ng c\u01a1 l\u1eb7p \u0111i l\u1eb7p l\u1ea1i. B\u1eb1ng c\u00e1ch t\u1ef1 \u0111\u1ed9ng h\u00f3a c\u00e1c quy tr\u00ecnh n\u00e0y, n\u00f3 s\u1ebd t\u1ea1o ra m\u1ed9t m\u00f4i tr\u01b0\u1eddng l\u00e0m vi\u1ec7c an to\u00e0n h\u01a1n cho nh\u00f3m c\u1ee7a b\u1ea1n, cho ph\u00e9p h\u1ecd t\u1eadp trung v\u00e0o c\u00e1c nhi\u1ec7m v\u1ee5 \u0111\u00f2i h\u1ecfi k\u1ef9 n\u0103ng cao h\u01a1n v\u00e0 c\u00f3 gi\u00e1 tr\u1ecb gia t\u0103ng h\u01a1n.<\/p>\n<p><strong>5. B\u1ea1n cung c\u1ea5p lo\u1ea1i d\u1ecbch v\u1ee5 h\u1ed7 tr\u1ee3 v\u00e0 b\u1ea3o tr\u00ec k\u1ef9 thu\u1eadt n\u00e0o?<\/strong><\/p>\n<p>Ch\u00fang t\u00f4i \u01b0u ti\u00ean s\u1ef1 h\u00e0i l\u00f2ng c\u1ee7a kh\u00e1ch h\u00e0ng v\u00e0 th\u00e0nh c\u00f4ng l\u00e2u d\u00e0i. \u0110\u1ed9i ng\u0169 chuy\u00ean gia c\u1ee7a ch\u00fang t\u00f4i cung c\u1ea5p c\u00e1c d\u1ecbch v\u1ee5 h\u1ed7 tr\u1ee3 v\u00e0 b\u1ea3o tr\u00ec k\u1ef9 thu\u1eadt to\u00e0n di\u1ec7n \u0111\u1ec3 \u0111\u1ea3m b\u1ea3o h\u1ec7 th\u1ed1ng B\u0103ng t\u1ea3i thang m\u00e1y ph\u1ec5u c\u1ee7a b\u1ea1n v\u1eadn h\u00e0nh tr\u01a1n tru. T\u1eeb c\u00e0i \u0111\u1eb7t v\u00e0 \u0111\u00e0o t\u1ea1o ban \u0111\u1ea7u \u0111\u1ebfn b\u1ea3o tr\u00ec v\u00e0 kh\u1eafc ph\u1ee5c s\u1ef1 c\u1ed1 li\u00ean t\u1ee5c, ch\u00fang t\u00f4i cam k\u1ebft cung c\u1ea5p h\u1ed7 tr\u1ee3 nhanh ch\u00f3ng v\u00e0 t\u1ed1i \u0111a h\u00f3a th\u1eddi gian ho\u1ea1t \u0111\u1ed9ng c\u1ee7a thi\u1ebft b\u1ecb c\u1ee7a b\u1ea1n.<\/p>","protected":false},"excerpt":{"rendered":"<p>T\u1ed1i \u01b0u h\u00f3a s\u1ea3n xu\u1ea5t v\u1edbi T\u1ef1 \u0111\u1ed9ng h\u00f3a b\u0103ng t\u1ea3i thang m\u00e1y ph\u1ec5u c\u1ee7a ch\u00fang t\u00f4i. X\u1eed l\u00fd v\u1eadt li\u1ec7u hi\u1ec7u qu\u1ea3 v\u00e0 quy tr\u00ecnh l\u00e0m vi\u1ec7c li\u1ec1n m\u1ea1ch. H\u00e3y tin t\u01b0\u1edfng v\u00e0o chuy\u00ean m\u00f4n c\u1ee7a ch\u00fang t\u00f4i \u0111\u1ec3 t\u0103ng n\u0103ng su\u1ea5t.<\/p>","protected":false},"featured_media":1807,"comment_status":"open","ping_status":"closed","template":"","meta":[],"product_cat":[38],"product_tag":[],"yoast_head":"<!-- This site is optimized with the Yoast SEO plugin v22.2 - https:\/\/yoast.com\/wordpress\/plugins\/seo\/ -->\n<title>Hopper Elevator Conveyor Automation - SWOER<\/title>\n<meta name=\"robots\" content=\"index, follow, max-snippet:-1, max-image-preview:large, max-video-preview:-1\" \/>\n<link rel=\"canonical\" href=\"https:\/\/swoer.com\/vi\/manufacturer\/hopper-elevator-conveyor-automation\/\" \/>\n<meta property=\"og:locale\" content=\"vi_VN\" \/>\n<meta property=\"og:type\" content=\"article\" \/>\n<meta property=\"og:title\" content=\"Hopper Elevator Conveyor Automation - SWOER\" \/>\n<meta property=\"og:description\" content=\"Optimize production with our Hopper Elevator Conveyor Automation. Efficient material handling, and seamless workflow. Trust our expertise to boost productivity.\" \/>\n<meta property=\"og:url\" content=\"https:\/\/swoer.com\/vi\/manufacturer\/hopper-elevator-conveyor-automation\/\" \/>\n<meta property=\"og:site_name\" content=\"SWOER\" \/>\n<meta property=\"article:modified_time\" content=\"2024-04-02T02:06:28+00:00\" \/>\n<meta property=\"og:image\" content=\"https:\/\/swoer.com\/wp-content\/uploads\/2024\/04\/Hopper-Elevator-Conveyor-Automation.webp\" \/>\n\t<meta property=\"og:image:width\" content=\"1000\" \/>\n\t<meta property=\"og:image:height\" content=\"1000\" \/>\n\t<meta property=\"og:image:type\" content=\"image\/webp\" \/>\n<meta name=\"twitter:card\" content=\"summary_large_image\" \/>\n<meta name=\"twitter:label1\" content=\"\u01af\u1edbc t\u00ednh th\u1eddi gian \u0111\u1ecdc\" \/>\n\t<meta name=\"twitter:data1\" content=\"1 ph\u00fat\" \/>\n<script type=\"application\/ld+json\" class=\"yoast-schema-graph\">{\"@context\":\"https:\/\/schema.org\",\"@graph\":[{\"@type\":\"WebPage\",\"@id\":\"https:\/\/swoer.com\/manufacturer\/hopper-elevator-conveyor-automation\/\",\"url\":\"https:\/\/swoer.com\/manufacturer\/hopper-elevator-conveyor-automation\/\",\"name\":\"Hopper Elevator Conveyor Automation - SWOER\",\"isPartOf\":{\"@id\":\"https:\/\/swoer.com\/#website\"},\"primaryImageOfPage\":{\"@id\":\"https:\/\/swoer.com\/manufacturer\/hopper-elevator-conveyor-automation\/#primaryimage\"},\"image\":{\"@id\":\"https:\/\/swoer.com\/manufacturer\/hopper-elevator-conveyor-automation\/#primaryimage\"},\"thumbnailUrl\":\"https:\/\/swoer.com\/wp-content\/uploads\/2024\/04\/Hopper-Elevator-Conveyor-Automation.webp\",\"datePublished\":\"2024-04-02T01:56:57+00:00\",\"dateModified\":\"2024-04-02T02:06:28+00:00\",\"breadcrumb\":{\"@id\":\"https:\/\/swoer.com\/manufacturer\/hopper-elevator-conveyor-automation\/#breadcrumb\"},\"inLanguage\":\"vi\",\"potentialAction\":[{\"@type\":\"ReadAction\",\"target\":[\"https:\/\/swoer.com\/manufacturer\/hopper-elevator-conveyor-automation\/\"]}]},{\"@type\":\"ImageObject\",\"inLanguage\":\"vi\",\"@id\":\"https:\/\/swoer.com\/manufacturer\/hopper-elevator-conveyor-automation\/#primaryimage\",\"url\":\"https:\/\/swoer.com\/wp-content\/uploads\/2024\/04\/Hopper-Elevator-Conveyor-Automation.webp\",\"contentUrl\":\"https:\/\/swoer.com\/wp-content\/uploads\/2024\/04\/Hopper-Elevator-Conveyor-Automation.webp\",\"width\":1000,\"height\":1000,\"caption\":\"Hopper Elevator Conveyor Automation\"},{\"@type\":\"BreadcrumbList\",\"@id\":\"https:\/\/swoer.com\/manufacturer\/hopper-elevator-conveyor-automation\/#breadcrumb\",\"itemListElement\":[{\"@type\":\"ListItem\",\"position\":1,\"name\":\"Home\",\"item\":\"https:\/\/swoer.com\/\"},{\"@type\":\"ListItem\",\"position\":2,\"name\":\"Shop\",\"item\":\"https:\/\/swoer.com\/shop\/\"},{\"@type\":\"ListItem\",\"position\":3,\"name\":\"Hopper Elevator Conveyor Automation\"}]},{\"@type\":\"WebSite\",\"@id\":\"https:\/\/swoer.com\/#website\",\"url\":\"https:\/\/swoer.com\/\",\"name\":\"SWOER\",\"description\":\"Swoer is the top 3 vibratory bowl feeder manufacturer in China\",\"potentialAction\":[{\"@type\":\"SearchAction\",\"target\":{\"@type\":\"EntryPoint\",\"urlTemplate\":\"https:\/\/swoer.com\/?s={search_term_string}\"},\"query-input\":\"required name=search_term_string\"}],\"inLanguage\":\"vi\"}]}<\/script>\n<!-- \/ Yoast SEO plugin. -->","yoast_head_json":{"title":"Hopper Elevator Conveyor Automation - SWOER","robots":{"index":"index","follow":"follow","max-snippet":"max-snippet:-1","max-image-preview":"max-image-preview:large","max-video-preview":"max-video-preview:-1"},"canonical":"https:\/\/swoer.com\/vi\/manufacturer\/hopper-elevator-conveyor-automation\/","og_locale":"vi_VN","og_type":"article","og_title":"Hopper Elevator Conveyor Automation - SWOER","og_description":"Optimize production with our Hopper Elevator Conveyor Automation. Efficient material handling, and seamless workflow. Trust our expertise to boost productivity.","og_url":"https:\/\/swoer.com\/vi\/manufacturer\/hopper-elevator-conveyor-automation\/","og_site_name":"SWOER","article_modified_time":"2024-04-02T02:06:28+00:00","og_image":[{"width":1000,"height":1000,"url":"https:\/\/swoer.com\/wp-content\/uploads\/2024\/04\/Hopper-Elevator-Conveyor-Automation.webp","type":"image\/webp"}],"twitter_card":"summary_large_image","twitter_misc":{"\u01af\u1edbc t\u00ednh th\u1eddi gian \u0111\u1ecdc":"1 ph\u00fat"},"schema":{"@context":"https:\/\/schema.org","@graph":[{"@type":"WebPage","@id":"https:\/\/swoer.com\/manufacturer\/hopper-elevator-conveyor-automation\/","url":"https:\/\/swoer.com\/manufacturer\/hopper-elevator-conveyor-automation\/","name":"Hopper Elevator Conveyor Automation - SWOER","isPartOf":{"@id":"https:\/\/swoer.com\/#website"},"primaryImageOfPage":{"@id":"https:\/\/swoer.com\/manufacturer\/hopper-elevator-conveyor-automation\/#primaryimage"},"image":{"@id":"https:\/\/swoer.com\/manufacturer\/hopper-elevator-conveyor-automation\/#primaryimage"},"thumbnailUrl":"https:\/\/swoer.com\/wp-content\/uploads\/2024\/04\/Hopper-Elevator-Conveyor-Automation.webp","datePublished":"2024-04-02T01:56:57+00:00","dateModified":"2024-04-02T02:06:28+00:00","breadcrumb":{"@id":"https:\/\/swoer.com\/manufacturer\/hopper-elevator-conveyor-automation\/#breadcrumb"},"inLanguage":"vi","potentialAction":[{"@type":"ReadAction","target":["https:\/\/swoer.com\/manufacturer\/hopper-elevator-conveyor-automation\/"]}]},{"@type":"ImageObject","inLanguage":"vi","@id":"https:\/\/swoer.com\/manufacturer\/hopper-elevator-conveyor-automation\/#primaryimage","url":"https:\/\/swoer.com\/wp-content\/uploads\/2024\/04\/Hopper-Elevator-Conveyor-Automation.webp","contentUrl":"https:\/\/swoer.com\/wp-content\/uploads\/2024\/04\/Hopper-Elevator-Conveyor-Automation.webp","width":1000,"height":1000,"caption":"Hopper Elevator Conveyor Automation"},{"@type":"BreadcrumbList","@id":"https:\/\/swoer.com\/manufacturer\/hopper-elevator-conveyor-automation\/#breadcrumb","itemListElement":[{"@type":"ListItem","position":1,"name":"Home","item":"https:\/\/swoer.com\/"},{"@type":"ListItem","position":2,"name":"Shop","item":"https:\/\/swoer.com\/shop\/"},{"@type":"ListItem","position":3,"name":"Hopper Elevator Conveyor Automation"}]},{"@type":"WebSite","@id":"https:\/\/swoer.com\/#website","url":"https:\/\/swoer.com\/","name":"SWOER","description":"Swoer is the top 3 vibratory bowl feeder manufacturer in China","potentialAction":[{"@type":"SearchAction","target":{"@type":"EntryPoint","urlTemplate":"https:\/\/swoer.com\/?s={search_term_string}"},"query-input":"required name=search_term_string"}],"inLanguage":"vi"}]}},"_links":{"self":[{"href":"https:\/\/swoer.com\/vi\/wp-json\/wp\/v2\/product\/1806"}],"collection":[{"href":"https:\/\/swoer.com\/vi\/wp-json\/wp\/v2\/product"}],"about":[{"href":"https:\/\/swoer.com\/vi\/wp-json\/wp\/v2\/types\/product"}],"replies":[{"embeddable":true,"href":"https:\/\/swoer.com\/vi\/wp-json\/wp\/v2\/comments?post=1806"}],"wp:featuredmedia":[{"embeddable":true,"href":"https:\/\/swoer.com\/vi\/wp-json\/wp\/v2\/media\/1807"}],"wp:attachment":[{"href":"https:\/\/swoer.com\/vi\/wp-json\/wp\/v2\/media?parent=1806"}],"wp:term":[{"taxonomy":"product_cat","embeddable":true,"href":"https:\/\/swoer.com\/vi\/wp-json\/wp\/v2\/product_cat?post=1806"},{"taxonomy":"product_tag","embeddable":true,"href":"https:\/\/swoer.com\/vi\/wp-json\/wp\/v2\/product_tag?post=1806"}],"curies":[{"name":"wp","href":"https:\/\/api.w.org\/{rel}","templated":true}]}}