{"id":1804,"date":"2024-04-01T07:18:16","date_gmt":"2024-04-01T07:18:16","guid":{"rendered":"https:\/\/lightgrey-porpoise-816575.hostingersite.com\/?post_type=product&#038;p=1804"},"modified":"2024-04-01T07:21:50","modified_gmt":"2024-04-01T07:21:50","slug":"stopper-centrifugal-bowl-feeder","status":"publish","type":"product","link":"https:\/\/swoer.com\/vi\/manufacturer\/stopper-centrifugal-bowl-feeder\/","title":{"rendered":"B\u1ed9 n\u1ea1p b\u00e1t ly t\u00e2m c\u00f3 n\u00fat ch\u1eb7n"},"content":{"rendered":"<p>N\u00e2ng cao hi\u1ec7u qu\u1ea3 d\u00e2y chuy\u1ec1n s\u1ea3n xu\u1ea5t c\u1ee7a b\u1ea1n v\u1edbi B\u1ed9 c\u1ea5p li\u1ec7u b\u00e1t ly t\u00e2m c\u00f3 n\u00fat ch\u1eb7n h\u00e0ng \u0111\u1ea7u c\u1ee7a ch\u00fang t\u00f4i, \u0111\u1ea3m b\u1ea3o x\u1eed l\u00fd c\u00e1c b\u1ed9 ph\u1eadn tr\u01a1n tru v\u00e0 ch\u00ednh x\u00e1c.<\/p>\n\t<div id=\"gap-638117450\" class=\"gap-element clearfix\" style=\"display:block; height:auto;\">\n\t\t\n<style>\n#gap-638117450 {\n  padding-top: 30px;\n}\n<\/style>\n\t<\/div>\n\t\n<h2>S\u1ef1 mi\u00eau t\u1ea3:<\/h2>\n<table style=\"border-collapse: collapse; width: 577.52pt;\" border=\"0\" width=\"770\" cellspacing=\"0\" cellpadding=\"0\">\n<tbody>\n<tr style=\"height: 30.00pt;\">\n<td class=\"et3\" style=\"height: 30.00pt; width: 210.75pt;\" width=\"281\" height=\"40\">T\u00ean<\/td>\n<td class=\"et3\" style=\"width: 366.75pt;\" width=\"489\">B\u1ed9 n\u1ea1p b\u00e1t ly t\u00e2m c\u00f3 n\u00fat ch\u1eb7n<\/td>\n<\/tr>\n<tr style=\"height: 29.00pt;\">\n<td class=\"et3\" style=\"height: 29.00pt;\" height=\"38\">Th\u01b0\u01a1ng hi\u1ec7u<\/td>\n<td class=\"et3\">ng\u01b0\u1eddi ch\u1eedi th\u1ec1<\/td>\n<\/tr>\n<tr style=\"height: 25.00pt;\">\n<td class=\"et3\" style=\"height: 25.00pt;\" height=\"33\">V\u1eadt li\u1ec7u<\/td>\n<td class=\"et3\">SUS304, Nh\u1ef1a<\/td>\n<\/tr>\n<tr style=\"height: 30.00pt;\">\n<td class=\"et3\" style=\"height: 30.00pt;\" height=\"40\">K\u00edch c\u1ee1<\/td>\n<td class=\"et3\">Phong t\u1ee5c<\/td>\n<\/tr>\n<tr style=\"height: 30.00pt;\">\n<td class=\"et3\" style=\"height: 30.00pt;\" height=\"40\">Ch\u1ee9c n\u0103ng<\/td>\n<td class=\"et3\">V\u1eadt li\u1ec7u v\u1eadn chuy\u1ec3n<\/td>\n<\/tr>\n<tr style=\"height: 30.00pt;\">\n<td class=\"et3\" style=\"height: 30.00pt;\" height=\"40\">C\u00e1ch s\u1eed d\u1ee5ng<\/td>\n<td class=\"et3\">S\u1eafp x\u1ebfp, \u0111\u1ebfm<\/td>\n<\/tr>\n<tr style=\"height: 28.00pt;\">\n<td class=\"et3\" style=\"height: 28.00pt;\" height=\"37\">L\u1ee3i th\u1ebf<\/td>\n<td class=\"et3\">Ti\u1ebft ki\u1ec7m ngu\u1ed3n nh\u00e2n l\u1ef1c<\/td>\n<\/tr>\n<tr style=\"height: 32.00pt;\">\n<td class=\"et3\" style=\"height: 32.00pt;\" height=\"42\">Lo\u1ea1i m\u00e1y<\/td>\n<td class=\"et3\">B\u1ed9 ho\u00e0n ch\u1ec9nh<\/td>\n<\/tr>\n<tr style=\"height: 29.00pt;\">\n<td class=\"et3\" style=\"height: 29.00pt;\" height=\"38\">M\u1ee5c<\/td>\n<td class=\"et3\">Thi\u1ebft b\u1ecb t\u1ef1 \u0111\u1ed9ng<\/td>\n<\/tr>\n<tr style=\"height: 33.00pt;\">\n<td class=\"et3\" style=\"height: 33.00pt;\" height=\"44\">C\u00e1c ng\u00e0nh \u00e1p d\u1ee5ng<\/td>\n<td class=\"et3\">Nh\u00e0 m\u00e1y s\u1ea3n xu\u1ea5t, trang tr\u1ea1i, c\u00f4ng nghi\u1ec7p<\/td>\n<\/tr>\n<tr style=\"height: 31.00pt;\">\n<td class=\"et3\" style=\"height: 31.00pt;\" height=\"41\">D\u1ecbch v\u1ee5 h\u1eadu m\u00e3i \u0111\u01b0\u1ee3c cung c\u1ea5p<\/td>\n<td class=\"et3\">H\u1ed7 tr\u1ee3 k\u1ef9 thu\u1eadt video, H\u1ed7 tr\u1ee3 tr\u1ef1c tuy\u1ebfn<\/td>\n<\/tr>\n<\/tbody>\n<\/table>","protected":false},"excerpt":{"rendered":"<p>T\u1ed1i \u01b0u h\u00f3a d\u00e2y chuy\u1ec1n l\u1eafp r\u00e1p c\u1ee7a b\u1ea1n v\u1edbi B\u1ed9 c\u1ea5p li\u1ec7u d\u1ea1ng b\u00e1t ly t\u00e2m c\u00f3 n\u00fat ch\u1eb7n hi\u1ec7u qu\u1ea3 v\u00e0 \u0111\u00e1ng tin c\u1eady c\u1ee7a ch\u00fang t\u00f4i.<\/p>","protected":false},"featured_media":1805,"comment_status":"open","ping_status":"closed","template":"","meta":[],"product_cat":[36],"product_tag":[],"yoast_head":"<!-- This site is optimized with the Yoast SEO plugin v22.2 - https:\/\/yoast.com\/wordpress\/plugins\/seo\/ -->\n<title>Stopper Centrifugal Bowl Feeder - SWOER<\/title>\n<meta name=\"robots\" content=\"index, follow, max-snippet:-1, max-image-preview:large, max-video-preview:-1\" \/>\n<link rel=\"canonical\" href=\"https:\/\/swoer.com\/vi\/manufacturer\/stopper-centrifugal-bowl-feeder\/\" \/>\n<meta property=\"og:locale\" content=\"vi_VN\" \/>\n<meta property=\"og:type\" content=\"article\" \/>\n<meta property=\"og:title\" content=\"Stopper Centrifugal Bowl Feeder - SWOER\" \/>\n<meta property=\"og:description\" content=\"Optimize your assembly line with our efficient and reliable Stopper Centrifugal Bowl Feeder.\" \/>\n<meta property=\"og:url\" content=\"https:\/\/swoer.com\/vi\/manufacturer\/stopper-centrifugal-bowl-feeder\/\" \/>\n<meta property=\"og:site_name\" content=\"SWOER\" \/>\n<meta property=\"article:modified_time\" content=\"2024-04-01T07:21:50+00:00\" \/>\n<meta property=\"og:image\" content=\"https:\/\/swoer.com\/wp-content\/uploads\/2024\/04\/stopper-centrifugal-bowl-feeder.webp\" \/>\n\t<meta property=\"og:image:width\" content=\"1000\" \/>\n\t<meta property=\"og:image:height\" content=\"1000\" \/>\n\t<meta property=\"og:image:type\" content=\"image\/webp\" \/>\n<meta name=\"twitter:card\" content=\"summary_large_image\" \/>\n<meta name=\"twitter:label1\" content=\"\u01af\u1edbc t\u00ednh th\u1eddi gian \u0111\u1ecdc\" \/>\n\t<meta name=\"twitter:data1\" content=\"1 ph\u00fat\" \/>\n<script type=\"application\/ld+json\" class=\"yoast-schema-graph\">{\"@context\":\"https:\/\/schema.org\",\"@graph\":[{\"@type\":\"WebPage\",\"@id\":\"https:\/\/swoer.com\/manufacturer\/stopper-centrifugal-bowl-feeder\/\",\"url\":\"https:\/\/swoer.com\/manufacturer\/stopper-centrifugal-bowl-feeder\/\",\"name\":\"Stopper Centrifugal Bowl Feeder - SWOER\",\"isPartOf\":{\"@id\":\"https:\/\/swoer.com\/#website\"},\"primaryImageOfPage\":{\"@id\":\"https:\/\/swoer.com\/manufacturer\/stopper-centrifugal-bowl-feeder\/#primaryimage\"},\"image\":{\"@id\":\"https:\/\/swoer.com\/manufacturer\/stopper-centrifugal-bowl-feeder\/#primaryimage\"},\"thumbnailUrl\":\"https:\/\/swoer.com\/wp-content\/uploads\/2024\/04\/stopper-centrifugal-bowl-feeder.webp\",\"datePublished\":\"2024-04-01T07:18:16+00:00\",\"dateModified\":\"2024-04-01T07:21:50+00:00\",\"breadcrumb\":{\"@id\":\"https:\/\/swoer.com\/manufacturer\/stopper-centrifugal-bowl-feeder\/#breadcrumb\"},\"inLanguage\":\"vi\",\"potentialAction\":[{\"@type\":\"ReadAction\",\"target\":[\"https:\/\/swoer.com\/manufacturer\/stopper-centrifugal-bowl-feeder\/\"]}]},{\"@type\":\"ImageObject\",\"inLanguage\":\"vi\",\"@id\":\"https:\/\/swoer.com\/manufacturer\/stopper-centrifugal-bowl-feeder\/#primaryimage\",\"url\":\"https:\/\/swoer.com\/wp-content\/uploads\/2024\/04\/stopper-centrifugal-bowl-feeder.webp\",\"contentUrl\":\"https:\/\/swoer.com\/wp-content\/uploads\/2024\/04\/stopper-centrifugal-bowl-feeder.webp\",\"width\":1000,\"height\":1000,\"caption\":\"stopper centrifugal bowl feeder\"},{\"@type\":\"BreadcrumbList\",\"@id\":\"https:\/\/swoer.com\/manufacturer\/stopper-centrifugal-bowl-feeder\/#breadcrumb\",\"itemListElement\":[{\"@type\":\"ListItem\",\"position\":1,\"name\":\"Home\",\"item\":\"https:\/\/swoer.com\/\"},{\"@type\":\"ListItem\",\"position\":2,\"name\":\"Shop\",\"item\":\"https:\/\/swoer.com\/shop\/\"},{\"@type\":\"ListItem\",\"position\":3,\"name\":\"Stopper Centrifugal Bowl Feeder\"}]},{\"@type\":\"WebSite\",\"@id\":\"https:\/\/swoer.com\/#website\",\"url\":\"https:\/\/swoer.com\/\",\"name\":\"SWOER\",\"description\":\"Swoer is the top 3 vibratory bowl feeder manufacturer in China\",\"potentialAction\":[{\"@type\":\"SearchAction\",\"target\":{\"@type\":\"EntryPoint\",\"urlTemplate\":\"https:\/\/swoer.com\/?s={search_term_string}\"},\"query-input\":\"required name=search_term_string\"}],\"inLanguage\":\"vi\"}]}<\/script>\n<!-- \/ Yoast SEO plugin. -->","yoast_head_json":{"title":"Stopper Centrifugal Bowl Feeder - SWOER","robots":{"index":"index","follow":"follow","max-snippet":"max-snippet:-1","max-image-preview":"max-image-preview:large","max-video-preview":"max-video-preview:-1"},"canonical":"https:\/\/swoer.com\/vi\/manufacturer\/stopper-centrifugal-bowl-feeder\/","og_locale":"vi_VN","og_type":"article","og_title":"Stopper Centrifugal Bowl Feeder - SWOER","og_description":"Optimize your assembly line with our efficient and reliable Stopper Centrifugal Bowl Feeder.","og_url":"https:\/\/swoer.com\/vi\/manufacturer\/stopper-centrifugal-bowl-feeder\/","og_site_name":"SWOER","article_modified_time":"2024-04-01T07:21:50+00:00","og_image":[{"width":1000,"height":1000,"url":"https:\/\/swoer.com\/wp-content\/uploads\/2024\/04\/stopper-centrifugal-bowl-feeder.webp","type":"image\/webp"}],"twitter_card":"summary_large_image","twitter_misc":{"\u01af\u1edbc t\u00ednh th\u1eddi gian \u0111\u1ecdc":"1 ph\u00fat"},"schema":{"@context":"https:\/\/schema.org","@graph":[{"@type":"WebPage","@id":"https:\/\/swoer.com\/manufacturer\/stopper-centrifugal-bowl-feeder\/","url":"https:\/\/swoer.com\/manufacturer\/stopper-centrifugal-bowl-feeder\/","name":"Stopper Centrifugal Bowl Feeder - SWOER","isPartOf":{"@id":"https:\/\/swoer.com\/#website"},"primaryImageOfPage":{"@id":"https:\/\/swoer.com\/manufacturer\/stopper-centrifugal-bowl-feeder\/#primaryimage"},"image":{"@id":"https:\/\/swoer.com\/manufacturer\/stopper-centrifugal-bowl-feeder\/#primaryimage"},"thumbnailUrl":"https:\/\/swoer.com\/wp-content\/uploads\/2024\/04\/stopper-centrifugal-bowl-feeder.webp","datePublished":"2024-04-01T07:18:16+00:00","dateModified":"2024-04-01T07:21:50+00:00","breadcrumb":{"@id":"https:\/\/swoer.com\/manufacturer\/stopper-centrifugal-bowl-feeder\/#breadcrumb"},"inLanguage":"vi","potentialAction":[{"@type":"ReadAction","target":["https:\/\/swoer.com\/manufacturer\/stopper-centrifugal-bowl-feeder\/"]}]},{"@type":"ImageObject","inLanguage":"vi","@id":"https:\/\/swoer.com\/manufacturer\/stopper-centrifugal-bowl-feeder\/#primaryimage","url":"https:\/\/swoer.com\/wp-content\/uploads\/2024\/04\/stopper-centrifugal-bowl-feeder.webp","contentUrl":"https:\/\/swoer.com\/wp-content\/uploads\/2024\/04\/stopper-centrifugal-bowl-feeder.webp","width":1000,"height":1000,"caption":"stopper centrifugal bowl feeder"},{"@type":"BreadcrumbList","@id":"https:\/\/swoer.com\/manufacturer\/stopper-centrifugal-bowl-feeder\/#breadcrumb","itemListElement":[{"@type":"ListItem","position":1,"name":"Home","item":"https:\/\/swoer.com\/"},{"@type":"ListItem","position":2,"name":"Shop","item":"https:\/\/swoer.com\/shop\/"},{"@type":"ListItem","position":3,"name":"Stopper Centrifugal Bowl Feeder"}]},{"@type":"WebSite","@id":"https:\/\/swoer.com\/#website","url":"https:\/\/swoer.com\/","name":"SWOER","description":"Swoer is the top 3 vibratory bowl feeder manufacturer in China","potentialAction":[{"@type":"SearchAction","target":{"@type":"EntryPoint","urlTemplate":"https:\/\/swoer.com\/?s={search_term_string}"},"query-input":"required name=search_term_string"}],"inLanguage":"vi"}]}},"_links":{"self":[{"href":"https:\/\/swoer.com\/vi\/wp-json\/wp\/v2\/product\/1804"}],"collection":[{"href":"https:\/\/swoer.com\/vi\/wp-json\/wp\/v2\/product"}],"about":[{"href":"https:\/\/swoer.com\/vi\/wp-json\/wp\/v2\/types\/product"}],"replies":[{"embeddable":true,"href":"https:\/\/swoer.com\/vi\/wp-json\/wp\/v2\/comments?post=1804"}],"wp:featuredmedia":[{"embeddable":true,"href":"https:\/\/swoer.com\/vi\/wp-json\/wp\/v2\/media\/1805"}],"wp:attachment":[{"href":"https:\/\/swoer.com\/vi\/wp-json\/wp\/v2\/media?parent=1804"}],"wp:term":[{"taxonomy":"product_cat","embeddable":true,"href":"https:\/\/swoer.com\/vi\/wp-json\/wp\/v2\/product_cat?post=1804"},{"taxonomy":"product_tag","embeddable":true,"href":"https:\/\/swoer.com\/vi\/wp-json\/wp\/v2\/product_tag?post=1804"}],"curies":[{"name":"wp","href":"https:\/\/api.w.org\/{rel}","templated":true}]}}