{"id":1802,"date":"2024-04-01T07:08:59","date_gmt":"2024-04-01T07:08:59","guid":{"rendered":"https:\/\/lightgrey-porpoise-816575.hostingersite.com\/?post_type=product&#038;p=1802"},"modified":"2024-04-01T07:12:02","modified_gmt":"2024-04-01T07:12:02","slug":"screw-centrifugal-bowl-feeder-with-hopper-elevator","status":"publish","type":"product","link":"https:\/\/swoer.com\/vi\/manufacturer\/screw-centrifugal-bowl-feeder-with-hopper-elevator\/","title":{"rendered":"M\u00e1y c\u1ea5p li\u1ec7u b\u00e1t ly t\u00e2m tr\u1ee5c v\u00edt c\u00f3 thang m\u00e1y ph\u1ec5u"},"content":{"rendered":"<p>C\u00e1ch m\u1ea1ng h\u00f3a qu\u00e1 tr\u00ecnh t\u1ef1 \u0111\u1ed9ng h\u00f3a c\u00f4ng nghi\u1ec7p c\u1ee7a b\u1ea1n v\u1edbi M\u00e1y c\u1ea5p li\u1ec7u b\u00e1t ly t\u00e2m tr\u1ee5c v\u00edt ti\u00ean ti\u1ebfn c\u1ee7a ch\u00fang t\u00f4i \u0111\u01b0\u1ee3c t\u00edch h\u1ee3p li\u1ec1n m\u1ea1ch v\u1edbi Thang m\u00e1y ph\u1ec5u \u0111\u1ec3 n\u00e2ng cao hi\u1ec7u qu\u1ea3 v\u00e0 x\u1eed l\u00fd c\u00e1c b\u1ed9 ph\u1eadn ch\u00ednh x\u00e1c.<\/p>\n\t<div id=\"gap-1701889842\" class=\"gap-element clearfix\" style=\"display:block; height:auto;\">\n\t\t\n<style>\n#gap-1701889842 {\n  padding-top: 30px;\n}\n<\/style>\n\t<\/div>\n\t\n<h2>S\u1ef1 mi\u00eau t\u1ea3:<\/h2>\n<table style=\"border-collapse: collapse; width: 577.52pt;\" border=\"0\" width=\"770\" cellspacing=\"0\" cellpadding=\"0\">\n<tbody>\n<tr style=\"height: 30.00pt;\">\n<td class=\"et3\" style=\"height: 30.00pt; width: 210.75pt;\" width=\"281\" height=\"40\">T\u00ean<\/td>\n<td class=\"et3\" style=\"width: 366.75pt;\" width=\"489\">M\u00e1y c\u1ea5p li\u1ec7u b\u00e1t ly t\u00e2m tr\u1ee5c v\u00edt c\u00f3 thang m\u00e1y ph\u1ec5u<\/td>\n<\/tr>\n<tr style=\"height: 29.00pt;\">\n<td class=\"et3\" style=\"height: 29.00pt;\" height=\"38\">Th\u01b0\u01a1ng hi\u1ec7u<\/td>\n<td class=\"et3\">ng\u01b0\u1eddi ch\u1eedi th\u1ec1<\/td>\n<\/tr>\n<tr style=\"height: 25.00pt;\">\n<td class=\"et3\" style=\"height: 25.00pt;\" height=\"33\">V\u1eadt li\u1ec7u<\/td>\n<td class=\"et3\">SUS304, Nh\u1ef1a<\/td>\n<\/tr>\n<tr style=\"height: 30.00pt;\">\n<td class=\"et3\" style=\"height: 30.00pt;\" height=\"40\">K\u00edch c\u1ee1<\/td>\n<td class=\"et3\">Phong t\u1ee5c<\/td>\n<\/tr>\n<tr style=\"height: 30.00pt;\">\n<td class=\"et3\" style=\"height: 30.00pt;\" height=\"40\">Ch\u1ee9c n\u0103ng<\/td>\n<td class=\"et3\">V\u1eadt li\u1ec7u v\u1eadn chuy\u1ec3n<\/td>\n<\/tr>\n<tr style=\"height: 30.00pt;\">\n<td class=\"et3\" style=\"height: 30.00pt;\" height=\"40\">C\u00e1ch s\u1eed d\u1ee5ng<\/td>\n<td class=\"et3\">S\u1eafp x\u1ebfp, \u0111\u1ebfm<\/td>\n<\/tr>\n<tr style=\"height: 28.00pt;\">\n<td class=\"et3\" style=\"height: 28.00pt;\" height=\"37\">L\u1ee3i th\u1ebf<\/td>\n<td class=\"et3\">Ti\u1ebft ki\u1ec7m ngu\u1ed3n nh\u00e2n l\u1ef1c<\/td>\n<\/tr>\n<tr style=\"height: 32.00pt;\">\n<td class=\"et3\" style=\"height: 32.00pt;\" height=\"42\">Lo\u1ea1i m\u00e1y<\/td>\n<td class=\"et3\">B\u1ed9 ho\u00e0n ch\u1ec9nh<\/td>\n<\/tr>\n<tr style=\"height: 29.00pt;\">\n<td class=\"et3\" style=\"height: 29.00pt;\" height=\"38\">M\u1ee5c<\/td>\n<td class=\"et3\">Thi\u1ebft b\u1ecb t\u1ef1 \u0111\u1ed9ng<\/td>\n<\/tr>\n<tr style=\"height: 33.00pt;\">\n<td class=\"et3\" style=\"height: 33.00pt;\" height=\"44\">C\u00e1c ng\u00e0nh \u00e1p d\u1ee5ng<\/td>\n<td class=\"et3\">Nh\u00e0 m\u00e1y s\u1ea3n xu\u1ea5t, trang tr\u1ea1i, c\u00f4ng nghi\u1ec7p<\/td>\n<\/tr>\n<tr style=\"height: 31.00pt;\">\n<td class=\"et3\" style=\"height: 31.00pt;\" height=\"41\">D\u1ecbch v\u1ee5 h\u1eadu m\u00e3i \u0111\u01b0\u1ee3c cung c\u1ea5p<\/td>\n<td class=\"et3\">H\u1ed7 tr\u1ee3 k\u1ef9 thu\u1eadt video, H\u1ed7 tr\u1ee3 tr\u1ef1c tuy\u1ebfn<\/td>\n<\/tr>\n<\/tbody>\n<\/table>","protected":false},"excerpt":{"rendered":"<p>N\u00e2ng cao hi\u1ec7u qu\u1ea3 c\u00f4ng nghi\u1ec7p c\u1ee7a b\u1ea1n v\u1edbi b\u1ed9 c\u1ea5p li\u1ec7u b\u00e1t ly t\u00e2m tr\u1ee5c v\u00edt v\u00e0 thang m\u00e1y ph\u1ec5u \u0111\u01b0\u1ee3c thi\u1ebft k\u1ebf ch\u00ednh x\u00e1c c\u1ee7a ch\u00fang t\u00f4i.<\/p>","protected":false},"featured_media":1803,"comment_status":"open","ping_status":"closed","template":"","meta":[],"product_cat":[36],"product_tag":[],"yoast_head":"<!-- This site is optimized with the Yoast SEO plugin v22.2 - https:\/\/yoast.com\/wordpress\/plugins\/seo\/ -->\n<title>Screw Centrifugal Bowl Feeder With Hopper Elevator - SWOER<\/title>\n<meta name=\"robots\" content=\"index, follow, max-snippet:-1, max-image-preview:large, max-video-preview:-1\" \/>\n<link rel=\"canonical\" href=\"https:\/\/swoer.com\/vi\/manufacturer\/screw-centrifugal-bowl-feeder-with-hopper-elevator\/\" \/>\n<meta property=\"og:locale\" content=\"vi_VN\" \/>\n<meta property=\"og:type\" content=\"article\" \/>\n<meta property=\"og:title\" content=\"Screw Centrifugal Bowl Feeder With Hopper Elevator - SWOER\" \/>\n<meta property=\"og:description\" content=\"Elevate your industrial efficiency with our precision-engineered screw centrifugal bowl feeder and hopper elevator.\" \/>\n<meta property=\"og:url\" content=\"https:\/\/swoer.com\/vi\/manufacturer\/screw-centrifugal-bowl-feeder-with-hopper-elevator\/\" \/>\n<meta property=\"og:site_name\" content=\"SWOER\" \/>\n<meta property=\"article:modified_time\" content=\"2024-04-01T07:12:02+00:00\" \/>\n<meta property=\"og:image\" content=\"https:\/\/swoer.com\/wp-content\/uploads\/2024\/04\/screw-centrifugal-bowl-feeder.webp\" \/>\n\t<meta property=\"og:image:width\" content=\"1000\" \/>\n\t<meta property=\"og:image:height\" content=\"1000\" \/>\n\t<meta property=\"og:image:type\" content=\"image\/webp\" \/>\n<meta name=\"twitter:card\" content=\"summary_large_image\" \/>\n<meta name=\"twitter:label1\" content=\"\u01af\u1edbc t\u00ednh th\u1eddi gian \u0111\u1ecdc\" \/>\n\t<meta name=\"twitter:data1\" content=\"1 ph\u00fat\" \/>\n<script type=\"application\/ld+json\" class=\"yoast-schema-graph\">{\"@context\":\"https:\/\/schema.org\",\"@graph\":[{\"@type\":\"WebPage\",\"@id\":\"https:\/\/swoer.com\/manufacturer\/screw-centrifugal-bowl-feeder-with-hopper-elevator\/\",\"url\":\"https:\/\/swoer.com\/manufacturer\/screw-centrifugal-bowl-feeder-with-hopper-elevator\/\",\"name\":\"Screw Centrifugal Bowl Feeder With Hopper Elevator - SWOER\",\"isPartOf\":{\"@id\":\"https:\/\/swoer.com\/#website\"},\"primaryImageOfPage\":{\"@id\":\"https:\/\/swoer.com\/manufacturer\/screw-centrifugal-bowl-feeder-with-hopper-elevator\/#primaryimage\"},\"image\":{\"@id\":\"https:\/\/swoer.com\/manufacturer\/screw-centrifugal-bowl-feeder-with-hopper-elevator\/#primaryimage\"},\"thumbnailUrl\":\"https:\/\/swoer.com\/wp-content\/uploads\/2024\/04\/screw-centrifugal-bowl-feeder.webp\",\"datePublished\":\"2024-04-01T07:08:59+00:00\",\"dateModified\":\"2024-04-01T07:12:02+00:00\",\"breadcrumb\":{\"@id\":\"https:\/\/swoer.com\/manufacturer\/screw-centrifugal-bowl-feeder-with-hopper-elevator\/#breadcrumb\"},\"inLanguage\":\"vi\",\"potentialAction\":[{\"@type\":\"ReadAction\",\"target\":[\"https:\/\/swoer.com\/manufacturer\/screw-centrifugal-bowl-feeder-with-hopper-elevator\/\"]}]},{\"@type\":\"ImageObject\",\"inLanguage\":\"vi\",\"@id\":\"https:\/\/swoer.com\/manufacturer\/screw-centrifugal-bowl-feeder-with-hopper-elevator\/#primaryimage\",\"url\":\"https:\/\/swoer.com\/wp-content\/uploads\/2024\/04\/screw-centrifugal-bowl-feeder.webp\",\"contentUrl\":\"https:\/\/swoer.com\/wp-content\/uploads\/2024\/04\/screw-centrifugal-bowl-feeder.webp\",\"width\":1000,\"height\":1000,\"caption\":\"screw centrifugal bowl feeder\"},{\"@type\":\"BreadcrumbList\",\"@id\":\"https:\/\/swoer.com\/manufacturer\/screw-centrifugal-bowl-feeder-with-hopper-elevator\/#breadcrumb\",\"itemListElement\":[{\"@type\":\"ListItem\",\"position\":1,\"name\":\"Home\",\"item\":\"https:\/\/swoer.com\/\"},{\"@type\":\"ListItem\",\"position\":2,\"name\":\"Shop\",\"item\":\"https:\/\/swoer.com\/shop\/\"},{\"@type\":\"ListItem\",\"position\":3,\"name\":\"Screw Centrifugal Bowl Feeder With Hopper Elevator\"}]},{\"@type\":\"WebSite\",\"@id\":\"https:\/\/swoer.com\/#website\",\"url\":\"https:\/\/swoer.com\/\",\"name\":\"SWOER\",\"description\":\"Swoer is the top 3 vibratory bowl feeder manufacturer in China\",\"potentialAction\":[{\"@type\":\"SearchAction\",\"target\":{\"@type\":\"EntryPoint\",\"urlTemplate\":\"https:\/\/swoer.com\/?s={search_term_string}\"},\"query-input\":\"required name=search_term_string\"}],\"inLanguage\":\"vi\"}]}<\/script>\n<!-- \/ Yoast SEO plugin. -->","yoast_head_json":{"title":"Screw Centrifugal Bowl Feeder With Hopper Elevator - SWOER","robots":{"index":"index","follow":"follow","max-snippet":"max-snippet:-1","max-image-preview":"max-image-preview:large","max-video-preview":"max-video-preview:-1"},"canonical":"https:\/\/swoer.com\/vi\/manufacturer\/screw-centrifugal-bowl-feeder-with-hopper-elevator\/","og_locale":"vi_VN","og_type":"article","og_title":"Screw Centrifugal Bowl Feeder With Hopper Elevator - SWOER","og_description":"Elevate your industrial efficiency with our precision-engineered screw centrifugal bowl feeder and hopper elevator.","og_url":"https:\/\/swoer.com\/vi\/manufacturer\/screw-centrifugal-bowl-feeder-with-hopper-elevator\/","og_site_name":"SWOER","article_modified_time":"2024-04-01T07:12:02+00:00","og_image":[{"width":1000,"height":1000,"url":"https:\/\/swoer.com\/wp-content\/uploads\/2024\/04\/screw-centrifugal-bowl-feeder.webp","type":"image\/webp"}],"twitter_card":"summary_large_image","twitter_misc":{"\u01af\u1edbc t\u00ednh th\u1eddi gian \u0111\u1ecdc":"1 ph\u00fat"},"schema":{"@context":"https:\/\/schema.org","@graph":[{"@type":"WebPage","@id":"https:\/\/swoer.com\/manufacturer\/screw-centrifugal-bowl-feeder-with-hopper-elevator\/","url":"https:\/\/swoer.com\/manufacturer\/screw-centrifugal-bowl-feeder-with-hopper-elevator\/","name":"Screw Centrifugal Bowl Feeder With Hopper Elevator - SWOER","isPartOf":{"@id":"https:\/\/swoer.com\/#website"},"primaryImageOfPage":{"@id":"https:\/\/swoer.com\/manufacturer\/screw-centrifugal-bowl-feeder-with-hopper-elevator\/#primaryimage"},"image":{"@id":"https:\/\/swoer.com\/manufacturer\/screw-centrifugal-bowl-feeder-with-hopper-elevator\/#primaryimage"},"thumbnailUrl":"https:\/\/swoer.com\/wp-content\/uploads\/2024\/04\/screw-centrifugal-bowl-feeder.webp","datePublished":"2024-04-01T07:08:59+00:00","dateModified":"2024-04-01T07:12:02+00:00","breadcrumb":{"@id":"https:\/\/swoer.com\/manufacturer\/screw-centrifugal-bowl-feeder-with-hopper-elevator\/#breadcrumb"},"inLanguage":"vi","potentialAction":[{"@type":"ReadAction","target":["https:\/\/swoer.com\/manufacturer\/screw-centrifugal-bowl-feeder-with-hopper-elevator\/"]}]},{"@type":"ImageObject","inLanguage":"vi","@id":"https:\/\/swoer.com\/manufacturer\/screw-centrifugal-bowl-feeder-with-hopper-elevator\/#primaryimage","url":"https:\/\/swoer.com\/wp-content\/uploads\/2024\/04\/screw-centrifugal-bowl-feeder.webp","contentUrl":"https:\/\/swoer.com\/wp-content\/uploads\/2024\/04\/screw-centrifugal-bowl-feeder.webp","width":1000,"height":1000,"caption":"screw centrifugal bowl feeder"},{"@type":"BreadcrumbList","@id":"https:\/\/swoer.com\/manufacturer\/screw-centrifugal-bowl-feeder-with-hopper-elevator\/#breadcrumb","itemListElement":[{"@type":"ListItem","position":1,"name":"Home","item":"https:\/\/swoer.com\/"},{"@type":"ListItem","position":2,"name":"Shop","item":"https:\/\/swoer.com\/shop\/"},{"@type":"ListItem","position":3,"name":"Screw Centrifugal Bowl Feeder With Hopper Elevator"}]},{"@type":"WebSite","@id":"https:\/\/swoer.com\/#website","url":"https:\/\/swoer.com\/","name":"SWOER","description":"Swoer is the top 3 vibratory bowl feeder manufacturer in China","potentialAction":[{"@type":"SearchAction","target":{"@type":"EntryPoint","urlTemplate":"https:\/\/swoer.com\/?s={search_term_string}"},"query-input":"required name=search_term_string"}],"inLanguage":"vi"}]}},"_links":{"self":[{"href":"https:\/\/swoer.com\/vi\/wp-json\/wp\/v2\/product\/1802"}],"collection":[{"href":"https:\/\/swoer.com\/vi\/wp-json\/wp\/v2\/product"}],"about":[{"href":"https:\/\/swoer.com\/vi\/wp-json\/wp\/v2\/types\/product"}],"replies":[{"embeddable":true,"href":"https:\/\/swoer.com\/vi\/wp-json\/wp\/v2\/comments?post=1802"}],"wp:featuredmedia":[{"embeddable":true,"href":"https:\/\/swoer.com\/vi\/wp-json\/wp\/v2\/media\/1803"}],"wp:attachment":[{"href":"https:\/\/swoer.com\/vi\/wp-json\/wp\/v2\/media?parent=1802"}],"wp:term":[{"taxonomy":"product_cat","embeddable":true,"href":"https:\/\/swoer.com\/vi\/wp-json\/wp\/v2\/product_cat?post=1802"},{"taxonomy":"product_tag","embeddable":true,"href":"https:\/\/swoer.com\/vi\/wp-json\/wp\/v2\/product_tag?post=1802"}],"curies":[{"name":"wp","href":"https:\/\/api.w.org\/{rel}","templated":true}]}}