{"id":1800,"date":"2024-04-01T06:22:06","date_gmt":"2024-04-01T06:22:06","guid":{"rendered":"https:\/\/lightgrey-porpoise-816575.hostingersite.com\/?post_type=product&#038;p=1800"},"modified":"2024-04-01T06:25:30","modified_gmt":"2024-04-01T06:25:30","slug":"iron-ring-centrifugal-bowl-feeder","status":"publish","type":"product","link":"https:\/\/swoer.com\/vi\/manufacturer\/iron-ring-centrifugal-bowl-feeder\/","title":{"rendered":"M\u00e1y c\u1ea5p li\u1ec7u b\u00e1t ly t\u00e2m v\u00f2ng s\u1eaft"},"content":{"rendered":"<p>V\u1edbi h\u01a1n m\u1ed9t th\u1eadp k\u1ef7 kinh nghi\u1ec7m thi\u1ebft k\u1ebf v\u00e0 s\u1ea3n xu\u1ea5t chuy\u00ean nghi\u1ec7p, ch\u00fang t\u00f4i chuy\u00ean v\u1ec1 m\u00e1y c\u1ea5p li\u1ec7u b\u00e1t ly t\u00e2m. H\u00e3y tin t\u01b0\u1edfng v\u00e0o c\u00e1c gi\u1ea3i ph\u00e1p \u0111\u00e1ng tin c\u1eady c\u1ee7a ch\u00fang t\u00f4i \u0111\u1ec3 c\u1ea5p li\u1ec7u linh ki\u1ec7n li\u1ec1n m\u1ea1ch v\u00e0 hi\u1ec7u qu\u1ea3 trong nhi\u1ec1u ng\u00e0nh c\u00f4ng nghi\u1ec7p kh\u00e1c nhau.<\/p>\n\t<div id=\"gap-1698366492\" class=\"gap-element clearfix\" style=\"display:block; height:auto;\">\n\t\t\n<style>\n#gap-1698366492 {\n  padding-top: 30px;\n}\n<\/style>\n\t<\/div>\n\t\n<h2>S\u1ef1 mi\u00eau t\u1ea3:<\/h2>\n<table style=\"border-collapse: collapse; width: 488.27pt;\" border=\"0\" width=\"651\" cellspacing=\"0\" cellpadding=\"0\">\n<tbody>\n<tr style=\"height: 30.00pt;\">\n<td class=\"et3\" style=\"height: 30.00pt; width: 210.75pt;\" width=\"281\" height=\"40\">T\u00ean<\/td>\n<td class=\"et3\" style=\"width: 277.50pt;\" width=\"370\">M\u00e1y c\u1ea5p li\u1ec7u b\u00e1t ly t\u00e2m v\u00f2ng s\u1eaft<\/td>\n<\/tr>\n<tr style=\"height: 29.00pt;\">\n<td class=\"et3\" style=\"height: 29.00pt;\" height=\"38\">Th\u01b0\u01a1ng hi\u1ec7u<\/td>\n<td class=\"et3\">ng\u01b0\u1eddi ch\u1eedi th\u1ec1<\/td>\n<\/tr>\n<tr style=\"height: 25.00pt;\">\n<td class=\"et3\" style=\"height: 25.00pt;\" height=\"33\">V\u1eadt li\u1ec7u<\/td>\n<td class=\"et3\">SUS304, Nh\u1ef1a<\/td>\n<\/tr>\n<tr style=\"height: 30.00pt;\">\n<td class=\"et3\" style=\"height: 30.00pt;\" height=\"40\">K\u00edch c\u1ee1<\/td>\n<td class=\"et3\">Phong t\u1ee5c<\/td>\n<\/tr>\n<tr style=\"height: 30.00pt;\">\n<td class=\"et3\" style=\"height: 30.00pt;\" height=\"40\">Ch\u1ee9c n\u0103ng<\/td>\n<td class=\"et3\">V\u1eadt li\u1ec7u v\u1eadn chuy\u1ec3n<\/td>\n<\/tr>\n<tr style=\"height: 30.00pt;\">\n<td class=\"et3\" style=\"height: 30.00pt;\" height=\"40\">C\u00e1ch s\u1eed d\u1ee5ng<\/td>\n<td class=\"et3\">S\u1eafp x\u1ebfp, \u0111\u1ebfm<\/td>\n<\/tr>\n<tr style=\"height: 28.00pt;\">\n<td class=\"et3\" style=\"height: 28.00pt;\" height=\"37\">L\u1ee3i th\u1ebf<\/td>\n<td class=\"et3\">Ti\u1ebft ki\u1ec7m ngu\u1ed3n nh\u00e2n l\u1ef1c<\/td>\n<\/tr>\n<tr style=\"height: 32.00pt;\">\n<td class=\"et3\" style=\"height: 32.00pt;\" height=\"42\">Lo\u1ea1i m\u00e1y<\/td>\n<td class=\"et3\">B\u1ed9 ho\u00e0n ch\u1ec9nh<\/td>\n<\/tr>\n<tr style=\"height: 29.00pt;\">\n<td class=\"et3\" style=\"height: 29.00pt;\" height=\"38\">M\u1ee5c<\/td>\n<td class=\"et3\">Thi\u1ebft b\u1ecb t\u1ef1 \u0111\u1ed9ng<\/td>\n<\/tr>\n<tr style=\"height: 33.00pt;\">\n<td class=\"et3\" style=\"height: 33.00pt;\" height=\"44\">C\u00e1c ng\u00e0nh \u00e1p d\u1ee5ng<\/td>\n<td class=\"et3\">Nh\u00e0 m\u00e1y s\u1ea3n xu\u1ea5t, trang tr\u1ea1i, c\u00f4ng nghi\u1ec7p<\/td>\n<\/tr>\n<tr style=\"height: 31.00pt;\">\n<td class=\"et3\" style=\"height: 31.00pt;\" height=\"41\">D\u1ecbch v\u1ee5 h\u1eadu m\u00e3i \u0111\u01b0\u1ee3c cung c\u1ea5p<\/td>\n<td class=\"et3\">H\u1ed7 tr\u1ee3 k\u1ef9 thu\u1eadt video, H\u1ed7 tr\u1ee3 tr\u1ef1c tuy\u1ebfn<\/td>\n<\/tr>\n<\/tbody>\n<\/table>","protected":false},"excerpt":{"rendered":"<p>-MOQ: 1 chi\u1ebfc<\/p>\n<p>-D\u1ecbch v\u1ee5 OEM\/ODM \u0111\u01b0\u1ee3c cung c\u1ea5p<\/p>\n<p>-Ch\u1ea5p nh\u1eadn t\u00f9y ch\u1ec9nh<\/p>\n<p>N\u1ebfu b\u1ea1n c\u00f3 nhu c\u1ea7u b\u00e1o gi\u00e1 m\u00e1y c\u1ea5p li\u1ec7u b\u00e1t ly t\u00e2m vui l\u00f2ng li\u00ean h\u1ec7 v\u1edbi ch\u00fang t\u00f4i.<\/p>","protected":false},"featured_media":1801,"comment_status":"open","ping_status":"closed","template":"","meta":[],"product_cat":[36],"product_tag":[],"yoast_head":"<!-- This site is optimized with the Yoast SEO plugin v22.2 - https:\/\/yoast.com\/wordpress\/plugins\/seo\/ -->\n<title>Iron Ring Centrifugal Bowl Feeder - SWOER<\/title>\n<meta name=\"robots\" content=\"index, follow, max-snippet:-1, max-image-preview:large, max-video-preview:-1\" \/>\n<link rel=\"canonical\" href=\"https:\/\/swoer.com\/vi\/manufacturer\/iron-ring-centrifugal-bowl-feeder\/\" \/>\n<meta property=\"og:locale\" content=\"vi_VN\" \/>\n<meta property=\"og:type\" content=\"article\" \/>\n<meta property=\"og:title\" content=\"Iron Ring Centrifugal Bowl Feeder - SWOER\" \/>\n<meta property=\"og:description\" content=\"-MOQ:1 pcs  -OEM\/ODM service offered  -Accept Customization  If you want to get centrifugal bowl feeder prices, please get in touch with us.\" \/>\n<meta property=\"og:url\" content=\"https:\/\/swoer.com\/vi\/manufacturer\/iron-ring-centrifugal-bowl-feeder\/\" \/>\n<meta property=\"og:site_name\" content=\"SWOER\" \/>\n<meta property=\"article:modified_time\" content=\"2024-04-01T06:25:30+00:00\" \/>\n<meta property=\"og:image\" content=\"https:\/\/swoer.com\/wp-content\/uploads\/2024\/04\/iron-ring-centrifugal-bowl-feeder.webp\" \/>\n\t<meta property=\"og:image:width\" content=\"1000\" \/>\n\t<meta property=\"og:image:height\" content=\"1000\" \/>\n\t<meta property=\"og:image:type\" content=\"image\/webp\" \/>\n<meta name=\"twitter:card\" content=\"summary_large_image\" \/>\n<meta name=\"twitter:label1\" content=\"\u01af\u1edbc t\u00ednh th\u1eddi gian \u0111\u1ecdc\" \/>\n\t<meta name=\"twitter:data1\" content=\"1 ph\u00fat\" \/>\n<script type=\"application\/ld+json\" class=\"yoast-schema-graph\">{\"@context\":\"https:\/\/schema.org\",\"@graph\":[{\"@type\":\"WebPage\",\"@id\":\"https:\/\/swoer.com\/manufacturer\/iron-ring-centrifugal-bowl-feeder\/\",\"url\":\"https:\/\/swoer.com\/manufacturer\/iron-ring-centrifugal-bowl-feeder\/\",\"name\":\"Iron Ring Centrifugal Bowl Feeder - SWOER\",\"isPartOf\":{\"@id\":\"https:\/\/swoer.com\/#website\"},\"primaryImageOfPage\":{\"@id\":\"https:\/\/swoer.com\/manufacturer\/iron-ring-centrifugal-bowl-feeder\/#primaryimage\"},\"image\":{\"@id\":\"https:\/\/swoer.com\/manufacturer\/iron-ring-centrifugal-bowl-feeder\/#primaryimage\"},\"thumbnailUrl\":\"https:\/\/swoer.com\/wp-content\/uploads\/2024\/04\/iron-ring-centrifugal-bowl-feeder.webp\",\"datePublished\":\"2024-04-01T06:22:06+00:00\",\"dateModified\":\"2024-04-01T06:25:30+00:00\",\"breadcrumb\":{\"@id\":\"https:\/\/swoer.com\/manufacturer\/iron-ring-centrifugal-bowl-feeder\/#breadcrumb\"},\"inLanguage\":\"vi\",\"potentialAction\":[{\"@type\":\"ReadAction\",\"target\":[\"https:\/\/swoer.com\/manufacturer\/iron-ring-centrifugal-bowl-feeder\/\"]}]},{\"@type\":\"ImageObject\",\"inLanguage\":\"vi\",\"@id\":\"https:\/\/swoer.com\/manufacturer\/iron-ring-centrifugal-bowl-feeder\/#primaryimage\",\"url\":\"https:\/\/swoer.com\/wp-content\/uploads\/2024\/04\/iron-ring-centrifugal-bowl-feeder.webp\",\"contentUrl\":\"https:\/\/swoer.com\/wp-content\/uploads\/2024\/04\/iron-ring-centrifugal-bowl-feeder.webp\",\"width\":1000,\"height\":1000,\"caption\":\"iron ring centrifugal bowl feeder\"},{\"@type\":\"BreadcrumbList\",\"@id\":\"https:\/\/swoer.com\/manufacturer\/iron-ring-centrifugal-bowl-feeder\/#breadcrumb\",\"itemListElement\":[{\"@type\":\"ListItem\",\"position\":1,\"name\":\"Home\",\"item\":\"https:\/\/swoer.com\/\"},{\"@type\":\"ListItem\",\"position\":2,\"name\":\"Shop\",\"item\":\"https:\/\/swoer.com\/shop\/\"},{\"@type\":\"ListItem\",\"position\":3,\"name\":\"Iron Ring Centrifugal Bowl Feeder\"}]},{\"@type\":\"WebSite\",\"@id\":\"https:\/\/swoer.com\/#website\",\"url\":\"https:\/\/swoer.com\/\",\"name\":\"SWOER\",\"description\":\"Swoer is the top 3 vibratory bowl feeder manufacturer in China\",\"potentialAction\":[{\"@type\":\"SearchAction\",\"target\":{\"@type\":\"EntryPoint\",\"urlTemplate\":\"https:\/\/swoer.com\/?s={search_term_string}\"},\"query-input\":\"required name=search_term_string\"}],\"inLanguage\":\"vi\"}]}<\/script>\n<!-- \/ Yoast SEO plugin. -->","yoast_head_json":{"title":"Iron Ring Centrifugal Bowl Feeder - SWOER","robots":{"index":"index","follow":"follow","max-snippet":"max-snippet:-1","max-image-preview":"max-image-preview:large","max-video-preview":"max-video-preview:-1"},"canonical":"https:\/\/swoer.com\/vi\/manufacturer\/iron-ring-centrifugal-bowl-feeder\/","og_locale":"vi_VN","og_type":"article","og_title":"Iron Ring Centrifugal Bowl Feeder - SWOER","og_description":"-MOQ:1 pcs  -OEM\/ODM service offered  -Accept Customization  If you want to get centrifugal bowl feeder prices, please get in touch with us.","og_url":"https:\/\/swoer.com\/vi\/manufacturer\/iron-ring-centrifugal-bowl-feeder\/","og_site_name":"SWOER","article_modified_time":"2024-04-01T06:25:30+00:00","og_image":[{"width":1000,"height":1000,"url":"https:\/\/swoer.com\/wp-content\/uploads\/2024\/04\/iron-ring-centrifugal-bowl-feeder.webp","type":"image\/webp"}],"twitter_card":"summary_large_image","twitter_misc":{"\u01af\u1edbc t\u00ednh th\u1eddi gian \u0111\u1ecdc":"1 ph\u00fat"},"schema":{"@context":"https:\/\/schema.org","@graph":[{"@type":"WebPage","@id":"https:\/\/swoer.com\/manufacturer\/iron-ring-centrifugal-bowl-feeder\/","url":"https:\/\/swoer.com\/manufacturer\/iron-ring-centrifugal-bowl-feeder\/","name":"Iron Ring Centrifugal Bowl Feeder - SWOER","isPartOf":{"@id":"https:\/\/swoer.com\/#website"},"primaryImageOfPage":{"@id":"https:\/\/swoer.com\/manufacturer\/iron-ring-centrifugal-bowl-feeder\/#primaryimage"},"image":{"@id":"https:\/\/swoer.com\/manufacturer\/iron-ring-centrifugal-bowl-feeder\/#primaryimage"},"thumbnailUrl":"https:\/\/swoer.com\/wp-content\/uploads\/2024\/04\/iron-ring-centrifugal-bowl-feeder.webp","datePublished":"2024-04-01T06:22:06+00:00","dateModified":"2024-04-01T06:25:30+00:00","breadcrumb":{"@id":"https:\/\/swoer.com\/manufacturer\/iron-ring-centrifugal-bowl-feeder\/#breadcrumb"},"inLanguage":"vi","potentialAction":[{"@type":"ReadAction","target":["https:\/\/swoer.com\/manufacturer\/iron-ring-centrifugal-bowl-feeder\/"]}]},{"@type":"ImageObject","inLanguage":"vi","@id":"https:\/\/swoer.com\/manufacturer\/iron-ring-centrifugal-bowl-feeder\/#primaryimage","url":"https:\/\/swoer.com\/wp-content\/uploads\/2024\/04\/iron-ring-centrifugal-bowl-feeder.webp","contentUrl":"https:\/\/swoer.com\/wp-content\/uploads\/2024\/04\/iron-ring-centrifugal-bowl-feeder.webp","width":1000,"height":1000,"caption":"iron ring centrifugal bowl feeder"},{"@type":"BreadcrumbList","@id":"https:\/\/swoer.com\/manufacturer\/iron-ring-centrifugal-bowl-feeder\/#breadcrumb","itemListElement":[{"@type":"ListItem","position":1,"name":"Home","item":"https:\/\/swoer.com\/"},{"@type":"ListItem","position":2,"name":"Shop","item":"https:\/\/swoer.com\/shop\/"},{"@type":"ListItem","position":3,"name":"Iron Ring Centrifugal Bowl Feeder"}]},{"@type":"WebSite","@id":"https:\/\/swoer.com\/#website","url":"https:\/\/swoer.com\/","name":"SWOER","description":"Swoer is the top 3 vibratory bowl feeder manufacturer in China","potentialAction":[{"@type":"SearchAction","target":{"@type":"EntryPoint","urlTemplate":"https:\/\/swoer.com\/?s={search_term_string}"},"query-input":"required name=search_term_string"}],"inLanguage":"vi"}]}},"_links":{"self":[{"href":"https:\/\/swoer.com\/vi\/wp-json\/wp\/v2\/product\/1800"}],"collection":[{"href":"https:\/\/swoer.com\/vi\/wp-json\/wp\/v2\/product"}],"about":[{"href":"https:\/\/swoer.com\/vi\/wp-json\/wp\/v2\/types\/product"}],"replies":[{"embeddable":true,"href":"https:\/\/swoer.com\/vi\/wp-json\/wp\/v2\/comments?post=1800"}],"wp:featuredmedia":[{"embeddable":true,"href":"https:\/\/swoer.com\/vi\/wp-json\/wp\/v2\/media\/1801"}],"wp:attachment":[{"href":"https:\/\/swoer.com\/vi\/wp-json\/wp\/v2\/media?parent=1800"}],"wp:term":[{"taxonomy":"product_cat","embeddable":true,"href":"https:\/\/swoer.com\/vi\/wp-json\/wp\/v2\/product_cat?post=1800"},{"taxonomy":"product_tag","embeddable":true,"href":"https:\/\/swoer.com\/vi\/wp-json\/wp\/v2\/product_tag?post=1800"}],"curies":[{"name":"wp","href":"https:\/\/api.w.org\/{rel}","templated":true}]}}