{"id":1758,"date":"2024-03-30T06:54:42","date_gmt":"2024-03-30T06:54:42","guid":{"rendered":"https:\/\/lightgrey-porpoise-816575.hostingersite.com\/?post_type=product&#038;p=1758"},"modified":"2025-02-07T16:48:14","modified_gmt":"2025-02-07T08:48:14","slug":"flexible-feeders-sw-420","status":"publish","type":"product","link":"https:\/\/swoer.com\/vi\/manufacturer\/flexible-feeders-sw-420\/","title":{"rendered":"M\u00e1y c\u1ea5p li\u1ec7u linh ho\u1ea1t SW-420"},"content":{"rendered":"<p>T\u1ea1i SWOER, ch\u00fang t\u00f4i v\u01b0\u1ee3t tr\u1ed9i trong vi\u1ec7c s\u1ea3n xu\u1ea5t B\u1ed9 c\u1ea5p li\u1ec7u linh ho\u1ea1t v\u1edbi c\u00e1c gi\u1ea3i ph\u00e1p ph\u00f9 h\u1ee3p ph\u00f9 h\u1ee3p v\u1edbi \u0111\u1eb7c \u0111i\u1ec3m b\u1ed9 ph\u1eadn v\u00e0 y\u00eau c\u1ea7u c\u1ee7a kh\u00e1ch h\u00e0ng. C\u00e1c h\u1ec7 th\u1ed1ng c\u00f3 gi\u00e1 c\u1ea1nh tranh c\u1ee7a ch\u00fang t\u00f4i t\u00edch h\u1ee3p v\u1edbi robot v\u00e0 t\u1ea7m nh\u00ecn CCD, \u0111\u1ea3m b\u1ea3o hi\u1ec7u qu\u1ea3 v\u00e0 \u0111\u1ed9 ch\u00ednh x\u00e1c s\u1ea3n xu\u1ea5t t\u1ed1i \u01b0u. H\u00e3y tin t\u01b0\u1edfng SWOER \u0111\u1ec3 t\u00f9y ch\u1ec9nh c\u00e1c gi\u1ea3i ph\u00e1p \u0111\u00e1ng tin c\u1eady ph\u00f9 h\u1ee3p v\u1edbi nhu c\u1ea7u v\u00e0 ng\u00e2n s\u00e1ch c\u1ee7a b\u1ea1n v\u1edbi t\u00ednh chuy\u00ean nghi\u1ec7p v\u00e0 \u0111\u1ed9 tin c\u1eady.<\/p>\n<p>SW-42 th\u00edch h\u1ee3p \u0111\u1ec3 s\u00e0ng l\u1ecdc c\u00e1c v\u1eadt li\u1ec7u l\u1edbn kh\u00f4ng \u0111\u1ec1u, ch\u1eb3ng h\u1ea1n nh\u01b0 kh\u1ed1i \u0111\u1ed3 ch\u01a1i, thi\u1ebft b\u1ecb y t\u1ebf, ph\u1ee5 t\u00f9ng \u00f4 t\u00f4, b\u1ed9 ph\u1eadn kim lo\u1ea1i c\u00f3 h\u00ecnh d\u1ea1ng \u0111\u1eb7c bi\u1ec7t, v.v.<\/p>\n<p>SW-420 Flex Feeder k\u1ebft h\u1ee3p v\u1edbi Spider Gripper Robot, \u0111\u1ec3 bi\u1ebft th\u00eam th\u00f4ng tin chi ti\u1ebft vui l\u00f2ng click:<\/p>\n<ul>\n<li><a href=\"https:\/\/swoer.com\/vi\/manufacturer\/flex-feeding-and-conveying-machines-with-spider-robot\/\">B\u1ed9 ph\u1eadn t\u1ef1 \u0111\u1ed9ng M\u00e1y c\u1ea5p li\u1ec7u v\u00e0 v\u1eadn chuy\u1ec3n linh ho\u1ea1t v\u1edbi Robot nh\u1ec7n<\/a><\/li>\n<\/ul>\n\t<div id=\"gap-848570481\" class=\"gap-element clearfix\" style=\"display:block; height:auto;\">\n\t\t\n<style>\n#gap-848570481 {\n  padding-top: 30px;\n}\n<\/style>\n\t<\/div>\n\t\n<h2>Th\u00f4ng s\u1ed1 k\u1ef9 thu\u1eadt:<\/h2>\n<table style=\"border-collapse: collapse; width: 596.27pt;\" border=\"0\" width=\"795\" cellspacing=\"0\" cellpadding=\"0\">\n<tbody>\n<tr style=\"height: 27.00pt;\">\n<td class=\"et3\" style=\"height: 27.00pt; width: 237.00pt;\" width=\"316\" height=\"36\">Ng\u01b0\u1eddi m\u1eabu<\/td>\n<td class=\"et4\" style=\"width: 359.25pt;\" width=\"479\">SW-420<\/td>\n<\/tr>\n<tr style=\"height: 27.00pt;\">\n<td class=\"et3\" style=\"height: 27.00pt;\" height=\"36\">K\u00edch th\u01b0\u1edbc (mm)<\/td>\n<td class=\"et4\">600*393*211<\/td>\n<\/tr>\n<tr style=\"height: 27.00pt;\">\n<td class=\"et3\" style=\"height: 27.00pt;\" height=\"36\">K\u00edch th\u01b0\u1edbc c\u1ee7a b\u1ed9 n\u1ea1p (mm)<\/td>\n<td class=\"et4\">440*390*60<\/td>\n<\/tr>\n<tr style=\"height: 27.00pt;\">\n<td class=\"et3\" style=\"height: 27.00pt;\" height=\"36\">C\u00e2n n\u1eb7ng<\/td>\n<td class=\"et4\">Kho\u1ea3ng 44,0kg<\/td>\n<\/tr>\n<tr style=\"height: 27.00pt;\">\n<td class=\"et3\" style=\"height: 27.00pt;\" height=\"36\">V\u00f4n<\/td>\n<td class=\"et4\">DC20-30V (Khuy\u1ebfn ngh\u1ecb 24V)<\/td>\n<\/tr>\n<tr style=\"height: 27.00pt;\">\n<td class=\"et3\" style=\"height: 27.00pt;\" height=\"36\">D\u00f2ng \u0111i\u1ec7n t\u1ed1i \u0111a<\/td>\n<td class=\"et4\">6A<\/td>\n<\/tr>\n<tr style=\"height: 81.00pt;\">\n<td class=\"et3\" style=\"height: 81.00pt;\" height=\"108\">H\u00ecnh th\u1ee9c ho\u1ea1t \u0111\u1ed9ng<\/td>\n<td class=\"et5\" style=\"width: 359.25pt;\" width=\"479\">Di chuy\u1ec3n l\u00ean, xu\u1ed1ng, tr\u00e1i, ph\u1ea3i, tr\u00ean c\u00f9ng b\u00ean tr\u00e1i, d\u01b0\u1edbi c\u00f9ng b\u00ean tr\u00e1i, tr\u00ean c\u00f9ng b\u00ean ph\u1ea3i v\u00e0 d\u01b0\u1edbi c\u00f9ng b\u00ean ph\u1ea3i, gi\u1eefa l\u00ean v\u00e0 xu\u1ed1ng, gi\u1eefa tr\u00e1i v\u00e0 ph\u1ea3i, l\u1eafc v\u00e0 l\u1eadt, v\u00e0 rung tr\u1ef1c ti\u1ebfp \u0111\u1ec3 n\u1ea1p<\/td>\n<\/tr>\n<tr style=\"height: 27.00pt;\">\n<td class=\"et3\" style=\"height: 27.00pt;\" height=\"36\">T\u00ednh th\u01b0\u1eddng xuy\u00ean<\/td>\n<td class=\"et4\">10-62Hz<\/td>\n<\/tr>\n<tr style=\"height: 27.00pt;\">\n<td class=\"et3\" style=\"height: 27.00pt;\" height=\"36\">Ti\u1ebfng \u1ed3n ho\u1ea1t \u0111\u1ed9ng<\/td>\n<td class=\"et6\"><span class=\"font4\">\uff1c<\/span><span class=\"font3\">50dB<\/span><\/td>\n<\/tr>\n<tr style=\"height: 27.00pt;\">\n<td class=\"et3\" style=\"height: 27.00pt;\" height=\"36\">T\u1ea3i t\u1ed1i \u0111a<\/td>\n<td class=\"et4\">1,5kg<\/td>\n<\/tr>\n<tr style=\"height: 27.00pt;\">\n<td class=\"et3\" style=\"height: 27.00pt;\" height=\"36\">Tr\u1ecdng l\u01b0\u1ee3ng c\u1ee7a m\u1ed9t v\u1eadt li\u1ec7u \u0111\u01b0\u1ee3c l\u1eadt \u0111\u01a1n<\/td>\n<td class=\"et6\">\uff1c<span class=\"font3\">150g<\/span><\/td>\n<\/tr>\n<tr style=\"height: 27.00pt;\">\n<td class=\"et3\" style=\"height: 54.00pt;\" rowspan=\"2\" height=\"72\">T\u01b0\u01a1ng t\u00e1c t\u00edn hi\u1ec7u<\/td>\n<td class=\"et4\">Giao ti\u1ebfp TCP\/IP<\/td>\n<\/tr>\n<tr style=\"height: 27.00pt;\">\n<td class=\"et4\">Giao di\u1ec7n v\u00e0o\/ra<\/td>\n<\/tr>\n<\/tbody>\n<\/table>\n\t<div id=\"gap-909325642\" class=\"gap-element clearfix\" style=\"display:block; height:auto;\">\n\t\t\n<style>\n#gap-909325642 {\n  padding-top: 30px;\n}\n<\/style>\n\t<\/div>\n\t\n<h2>B\u1ea3n v\u1ebd k\u00edch th\u01b0\u1edbc:<\/h2>\n\t<div class=\"img has-hover x md-x lg-x y md-y lg-y\" id=\"image_1162709222\">\n\t\t\t\t\t\t\t\t<div class=\"img-inner dark\" >\n\t\t\t<img loading=\"lazy\" decoding=\"async\" width=\"681\" height=\"600\" src=\"https:\/\/swoer.com\/wp-content\/uploads\/2024\/03\/flex-feeder-system-SW-420-dimension-drawing.webp\" class=\"attachment-original size-original\" alt=\"B\u1ea3n v\u1ebd k\u00edch th\u01b0\u1edbc h\u1ec7 th\u1ed1ng c\u1ea5p li\u1ec7u linh ho\u1ea1t SW-420\" srcset=\"https:\/\/swoer.com\/wp-content\/uploads\/2024\/03\/flex-feeder-system-SW-420-dimension-drawing.webp 681w, https:\/\/swoer.com\/wp-content\/uploads\/2024\/03\/flex-feeder-system-SW-420-dimension-drawing-300x264.webp 300w, https:\/\/swoer.com\/wp-content\/uploads\/2024\/03\/flex-feeder-system-SW-420-dimension-drawing-600x529.webp 600w\" sizes=\"(max-width: 681px) 100vw, 681px\" \/>\t\t\t\t\t\t\n\t\t\t\t\t<\/div>\n\t\t\t\t\t\t\t\t\n<style>\n#image_1162709222 {\n  width: 70%;\n}\n<\/style>\n\t<\/div>\n\t\n\t<div id=\"gap-1768764661\" class=\"gap-element clearfix\" style=\"display:block; height:auto;\">\n\t\t\n<style>\n#gap-1768764661 {\n  padding-top: 30px;\n}\n<\/style>\n\t<\/div>\n\t\n<h2>Flex Feeders, Flexible Feeders, Flex Trays v\u00e0 Robot t\u00edch h\u1ee3p m\u00e1y<\/h2>\n\n  \n    <div class=\"row large-columns-4 medium-columns-3 small-columns-2 row-small slider row-slider slider-nav-reveal slider-nav-push\"  data-flickity-options='{\"imagesLoaded\": true, \"groupCells\": \"100%\", \"dragThreshold\" : 5, \"cellAlign\": \"left\",\"wrapAround\": true,\"prevNextButtons\": true,\"percentPosition\": true,\"pageDots\": false, \"rightToLeft\": false, \"autoPlay\" : false}'>\n\n  \t\n\t     <div class=\"product-small col has-hover product type-product post-3884 status-publish first instock product_cat-delta-robots has-post-thumbnail shipping-taxable product-type-simple\">\n\t<div class=\"col-inner\">\n\t\n<div class=\"badge-container absolute left top z-1\">\n\n<\/div>\n\t<div class=\"product-small box\">\n\t\t<div class=\"box-image\">\n\t\t\t<div class=\"image-zoom_in\">\n\t\t\t\t<a href=\"https:\/\/swoer.com\/vi\/manufacturer\/custom-industrial-delta-robot-sw-hrd5s-sd-m\/\" aria-label=\"Custom Industrial Delta Robot SW-HRD5S-SD-M\">\n\t\t\t\t\t<img loading=\"lazy\" decoding=\"async\" width=\"300\" height=\"300\" src=\"https:\/\/swoer.com\/wp-content\/uploads\/2026\/04\/Custom-Industrial-Delta-Robot-SW-HRD5S-SD-M-300x300.webp\" class=\"attachment-woocommerce_thumbnail size-woocommerce_thumbnail\" alt=\"Custom Industrial Delta Robot SW-HRD5S-SD-M\" srcset=\"https:\/\/swoer.com\/wp-content\/uploads\/2026\/04\/Custom-Industrial-Delta-Robot-SW-HRD5S-SD-M-300x300.webp 300w, https:\/\/swoer.com\/wp-content\/uploads\/2026\/04\/Custom-Industrial-Delta-Robot-SW-HRD5S-SD-M-150x150.webp 150w, https:\/\/swoer.com\/wp-content\/uploads\/2026\/04\/Custom-Industrial-Delta-Robot-SW-HRD5S-SD-M-768x768.webp 768w, https:\/\/swoer.com\/wp-content\/uploads\/2026\/04\/Custom-Industrial-Delta-Robot-SW-HRD5S-SD-M-12x12.webp 12w, https:\/\/swoer.com\/wp-content\/uploads\/2026\/04\/Custom-Industrial-Delta-Robot-SW-HRD5S-SD-M-600x600.webp 600w, https:\/\/swoer.com\/wp-content\/uploads\/2026\/04\/Custom-Industrial-Delta-Robot-SW-HRD5S-SD-M-100x100.webp 100w, https:\/\/swoer.com\/wp-content\/uploads\/2026\/04\/Custom-Industrial-Delta-Robot-SW-HRD5S-SD-M.webp 800w\" sizes=\"(max-width: 300px) 100vw, 300px\" \/><img loading=\"lazy\" decoding=\"async\" width=\"300\" height=\"300\" src=\"https:\/\/swoer.com\/wp-content\/uploads\/2026\/04\/Custom-Industrial-Delta-Robot-SW-HRD5S-SD-M-300x300.webp\" class=\"show-on-hover absolute fill hide-for-small back-imageshow-on-hover absolute fill hide-for-small back-image hover-zoom\" alt=\"Custom Industrial Delta Robot SW-HRD5S-SD-M\" srcset=\"https:\/\/swoer.com\/wp-content\/uploads\/2026\/04\/Custom-Industrial-Delta-Robot-SW-HRD5S-SD-M-300x300.webp 300w, https:\/\/swoer.com\/wp-content\/uploads\/2026\/04\/Custom-Industrial-Delta-Robot-SW-HRD5S-SD-M-150x150.webp 150w, https:\/\/swoer.com\/wp-content\/uploads\/2026\/04\/Custom-Industrial-Delta-Robot-SW-HRD5S-SD-M-768x768.webp 768w, https:\/\/swoer.com\/wp-content\/uploads\/2026\/04\/Custom-Industrial-Delta-Robot-SW-HRD5S-SD-M-12x12.webp 12w, https:\/\/swoer.com\/wp-content\/uploads\/2026\/04\/Custom-Industrial-Delta-Robot-SW-HRD5S-SD-M-600x600.webp 600w, https:\/\/swoer.com\/wp-content\/uploads\/2026\/04\/Custom-Industrial-Delta-Robot-SW-HRD5S-SD-M-100x100.webp 100w, https:\/\/swoer.com\/wp-content\/uploads\/2026\/04\/Custom-Industrial-Delta-Robot-SW-HRD5S-SD-M.webp 800w\" sizes=\"(max-width: 300px) 100vw, 300px\" \/>\t\t\t\t<\/a>\n\t\t\t<\/div>\n\t\t\t<div class=\"image-tools is-small top right show-on-hover\">\n\t\t\t\t\t\t\t<\/div>\n\t\t\t<div class=\"image-tools is-small hide-for-small bottom left show-on-hover\">\n\t\t\t\t\t\t\t<\/div>\n\t\t\t<div class=\"image-tools grid-tools text-center hide-for-small bottom hover-slide-in show-on-hover\">\n\t\t\t\t  <a class=\"quick-view\" data-prod=\"3884\" href=\"#quick-view\">Xem l\u01b0\u1edbt qua<\/a>\t\t\t<\/div>\n\t\t\t\t\t<\/div>\n\n\t\t<div class=\"box-text box-text-products\">\n\t\t\t<div class=\"title-wrapper\"><p class=\"name product-title woocommerce-loop-product__title\"><a href=\"https:\/\/swoer.com\/vi\/manufacturer\/custom-industrial-delta-robot-sw-hrd5s-sd-m\/\" class=\"woocommerce-LoopProduct-link woocommerce-loop-product__link\">Custom Industrial Delta Robot SW-HRD5S-SD-M<\/a><\/p><\/div><div class=\"price-wrapper\">\n<\/div>\t\t<\/div>\n\t<\/div>\n\t\t<\/div>\n<\/div><div class=\"product-small col has-hover product type-product post-3882 status-publish instock product_cat-delta-robots has-post-thumbnail shipping-taxable product-type-simple\">\n\t<div class=\"col-inner\">\n\t\n<div class=\"badge-container absolute left top z-1\">\n\n<\/div>\n\t<div class=\"product-small box\">\n\t\t<div class=\"box-image\">\n\t\t\t<div class=\"image-zoom_in\">\n\t\t\t\t<a href=\"https:\/\/swoer.com\/vi\/manufacturer\/custom-delta-robot-pick-and-place-sw-hrd5s-sd-f\/\" aria-label=\"Custom Delta Robot Pick and Place SW-HRD5S-SD-F\">\n\t\t\t\t\t<img loading=\"lazy\" decoding=\"async\" width=\"300\" height=\"300\" src=\"https:\/\/swoer.com\/wp-content\/uploads\/2026\/04\/Custom-Delta-Robot-Pick-and-Place-SW-HRD5S-SD-F-300x300.webp\" class=\"attachment-woocommerce_thumbnail size-woocommerce_thumbnail\" alt=\"Custom Delta Robot Pick and Place SW-HRD5S-SD-F\" srcset=\"https:\/\/swoer.com\/wp-content\/uploads\/2026\/04\/Custom-Delta-Robot-Pick-and-Place-SW-HRD5S-SD-F-300x300.webp 300w, https:\/\/swoer.com\/wp-content\/uploads\/2026\/04\/Custom-Delta-Robot-Pick-and-Place-SW-HRD5S-SD-F-150x150.webp 150w, https:\/\/swoer.com\/wp-content\/uploads\/2026\/04\/Custom-Delta-Robot-Pick-and-Place-SW-HRD5S-SD-F-768x768.webp 768w, https:\/\/swoer.com\/wp-content\/uploads\/2026\/04\/Custom-Delta-Robot-Pick-and-Place-SW-HRD5S-SD-F-12x12.webp 12w, https:\/\/swoer.com\/wp-content\/uploads\/2026\/04\/Custom-Delta-Robot-Pick-and-Place-SW-HRD5S-SD-F-600x600.webp 600w, https:\/\/swoer.com\/wp-content\/uploads\/2026\/04\/Custom-Delta-Robot-Pick-and-Place-SW-HRD5S-SD-F-100x100.webp 100w, https:\/\/swoer.com\/wp-content\/uploads\/2026\/04\/Custom-Delta-Robot-Pick-and-Place-SW-HRD5S-SD-F.webp 800w\" sizes=\"(max-width: 300px) 100vw, 300px\" \/><img loading=\"lazy\" decoding=\"async\" width=\"300\" height=\"300\" src=\"https:\/\/swoer.com\/wp-content\/uploads\/2026\/04\/Custom-Delta-Robot-Pick-and-Place-SW-HRD5S-SD-F-300x300.webp\" class=\"show-on-hover absolute fill hide-for-small back-imageshow-on-hover absolute fill hide-for-small back-image hover-zoom\" alt=\"Custom Delta Robot Pick and Place SW-HRD5S-SD-F\" srcset=\"https:\/\/swoer.com\/wp-content\/uploads\/2026\/04\/Custom-Delta-Robot-Pick-and-Place-SW-HRD5S-SD-F-300x300.webp 300w, https:\/\/swoer.com\/wp-content\/uploads\/2026\/04\/Custom-Delta-Robot-Pick-and-Place-SW-HRD5S-SD-F-150x150.webp 150w, https:\/\/swoer.com\/wp-content\/uploads\/2026\/04\/Custom-Delta-Robot-Pick-and-Place-SW-HRD5S-SD-F-768x768.webp 768w, https:\/\/swoer.com\/wp-content\/uploads\/2026\/04\/Custom-Delta-Robot-Pick-and-Place-SW-HRD5S-SD-F-12x12.webp 12w, https:\/\/swoer.com\/wp-content\/uploads\/2026\/04\/Custom-Delta-Robot-Pick-and-Place-SW-HRD5S-SD-F-600x600.webp 600w, https:\/\/swoer.com\/wp-content\/uploads\/2026\/04\/Custom-Delta-Robot-Pick-and-Place-SW-HRD5S-SD-F-100x100.webp 100w, https:\/\/swoer.com\/wp-content\/uploads\/2026\/04\/Custom-Delta-Robot-Pick-and-Place-SW-HRD5S-SD-F.webp 800w\" sizes=\"(max-width: 300px) 100vw, 300px\" \/>\t\t\t\t<\/a>\n\t\t\t<\/div>\n\t\t\t<div class=\"image-tools is-small top right show-on-hover\">\n\t\t\t\t\t\t\t<\/div>\n\t\t\t<div class=\"image-tools is-small hide-for-small bottom left show-on-hover\">\n\t\t\t\t\t\t\t<\/div>\n\t\t\t<div class=\"image-tools grid-tools text-center hide-for-small bottom hover-slide-in show-on-hover\">\n\t\t\t\t  <a class=\"quick-view\" data-prod=\"3882\" href=\"#quick-view\">Xem l\u01b0\u1edbt qua<\/a>\t\t\t<\/div>\n\t\t\t\t\t<\/div>\n\n\t\t<div class=\"box-text box-text-products\">\n\t\t\t<div class=\"title-wrapper\"><p class=\"name product-title woocommerce-loop-product__title\"><a href=\"https:\/\/swoer.com\/vi\/manufacturer\/custom-delta-robot-pick-and-place-sw-hrd5s-sd-f\/\" class=\"woocommerce-LoopProduct-link woocommerce-loop-product__link\">Custom Delta Robot Pick and Place SW-HRD5S-SD-F<\/a><\/p><\/div><div class=\"price-wrapper\">\n<\/div>\t\t<\/div>\n\t<\/div>\n\t\t<\/div>\n<\/div><\/div>","protected":false},"excerpt":{"rendered":"<p>SWOER ch\u1ebf t\u1ea1o c\u00e1c b\u1ed9 c\u1ea5p li\u1ec7u linh ho\u1ea1t \u0111\u1ec3 ph\u00f9 h\u1ee3p v\u1edbi c\u00e1c chi ti\u1ebft c\u1ee5 th\u1ec3 c\u1ee7a b\u1ed9 ph\u1eadn v\u00e0 nhu c\u1ea7u c\u1ee7a kh\u00e1ch h\u00e0ng. V\u1edbi m\u1ee9c gi\u00e1 c\u1ea1nh tranh, h\u1ec7 th\u1ed1ng c\u1ee7a ch\u00fang t\u00f4i t\u00edch h\u1ee3p ho\u00e0n h\u1ea3o v\u1edbi robot v\u00e0 t\u1ea7m nh\u00ecn CCD \u0111\u1ec3 n\u00e2ng cao hi\u1ec7u qu\u1ea3. H\u00e3y tin t\u01b0\u1edfng SWOER \u0111\u1ec3 c\u00f3 c\u00e1c gi\u1ea3i ph\u00e1p ph\u00f9 h\u1ee3p v\u1edbi y\u00eau c\u1ea7u v\u00e0 ng\u00e2n s\u00e1ch c\u1ee7a b\u1ea1n.<\/p>\n<p>N\u1ebfu b\u1ea1n mu\u1ed1n nh\u1eadn b\u00e1o gi\u00e1 H\u1ec7 th\u1ed1ng cho \u0103n linh ho\u1ea1t, vui l\u00f2ng li\u00ean h\u1ec7 v\u1edbi ch\u00fang t\u00f4i.<\/p>","protected":false},"featured_media":1759,"comment_status":"open","ping_status":"closed","template":"","meta":[],"product_cat":[15],"product_tag":[],"yoast_head":"<!-- This site is optimized with the Yoast SEO plugin v22.2 - https:\/\/yoast.com\/wordpress\/plugins\/seo\/ -->\n<title>Flexible Feeders SW-420 - SWOER<\/title>\n<meta name=\"description\" content=\"SW-420 Flexible Feeder, for sorting large, irregular materials like toy blocks, medical equipment, automotive parts, and special-shaped metal components.\" \/>\n<meta name=\"robots\" content=\"index, follow, max-snippet:-1, max-image-preview:large, max-video-preview:-1\" \/>\n<link rel=\"canonical\" href=\"https:\/\/swoer.com\/vi\/manufacturer\/flexible-feeders-sw-420\/\" \/>\n<meta property=\"og:locale\" content=\"vi_VN\" \/>\n<meta property=\"og:type\" content=\"article\" \/>\n<meta property=\"og:title\" content=\"Flexible Feeders SW-420 - SWOER\" \/>\n<meta property=\"og:description\" content=\"SW-420 Flexible Feeder, for sorting large, irregular materials like toy blocks, medical equipment, automotive parts, and special-shaped metal components.\" \/>\n<meta property=\"og:url\" content=\"https:\/\/swoer.com\/vi\/manufacturer\/flexible-feeders-sw-420\/\" \/>\n<meta property=\"og:site_name\" content=\"SWOER\" \/>\n<meta property=\"article:modified_time\" content=\"2025-02-07T08:48:14+00:00\" \/>\n<meta property=\"og:image\" content=\"https:\/\/swoer.com\/wp-content\/uploads\/2024\/03\/flexible-feeders-SW-420.webp\" \/>\n\t<meta property=\"og:image:width\" content=\"1000\" \/>\n\t<meta property=\"og:image:height\" content=\"1000\" \/>\n\t<meta property=\"og:image:type\" content=\"image\/webp\" \/>\n<meta name=\"twitter:card\" content=\"summary_large_image\" \/>\n<meta name=\"twitter:label1\" content=\"\u01af\u1edbc t\u00ednh th\u1eddi gian \u0111\u1ecdc\" \/>\n\t<meta name=\"twitter:data1\" content=\"1 ph\u00fat\" \/>\n<script type=\"application\/ld+json\" class=\"yoast-schema-graph\">{\"@context\":\"https:\/\/schema.org\",\"@graph\":[{\"@type\":\"WebPage\",\"@id\":\"https:\/\/swoer.com\/manufacturer\/flexible-feeders-sw-420\/\",\"url\":\"https:\/\/swoer.com\/manufacturer\/flexible-feeders-sw-420\/\",\"name\":\"Flexible Feeders SW-420 - SWOER\",\"isPartOf\":{\"@id\":\"https:\/\/swoer.com\/#website\"},\"primaryImageOfPage\":{\"@id\":\"https:\/\/swoer.com\/manufacturer\/flexible-feeders-sw-420\/#primaryimage\"},\"image\":{\"@id\":\"https:\/\/swoer.com\/manufacturer\/flexible-feeders-sw-420\/#primaryimage\"},\"thumbnailUrl\":\"https:\/\/swoer.com\/wp-content\/uploads\/2024\/03\/flexible-feeders-SW-420.webp\",\"datePublished\":\"2024-03-30T06:54:42+00:00\",\"dateModified\":\"2025-02-07T08:48:14+00:00\",\"description\":\"SW-420 Flexible Feeder, for sorting large, irregular materials like toy blocks, medical equipment, automotive parts, and special-shaped metal components.\",\"breadcrumb\":{\"@id\":\"https:\/\/swoer.com\/manufacturer\/flexible-feeders-sw-420\/#breadcrumb\"},\"inLanguage\":\"vi\",\"potentialAction\":[{\"@type\":\"ReadAction\",\"target\":[\"https:\/\/swoer.com\/manufacturer\/flexible-feeders-sw-420\/\"]}]},{\"@type\":\"ImageObject\",\"inLanguage\":\"vi\",\"@id\":\"https:\/\/swoer.com\/manufacturer\/flexible-feeders-sw-420\/#primaryimage\",\"url\":\"https:\/\/swoer.com\/wp-content\/uploads\/2024\/03\/flexible-feeders-SW-420.webp\",\"contentUrl\":\"https:\/\/swoer.com\/wp-content\/uploads\/2024\/03\/flexible-feeders-SW-420.webp\",\"width\":1000,\"height\":1000,\"caption\":\"flexible feeders SW-420\"},{\"@type\":\"BreadcrumbList\",\"@id\":\"https:\/\/swoer.com\/manufacturer\/flexible-feeders-sw-420\/#breadcrumb\",\"itemListElement\":[{\"@type\":\"ListItem\",\"position\":1,\"name\":\"Home\",\"item\":\"https:\/\/swoer.com\/\"},{\"@type\":\"ListItem\",\"position\":2,\"name\":\"Shop\",\"item\":\"https:\/\/swoer.com\/shop\/\"},{\"@type\":\"ListItem\",\"position\":3,\"name\":\"Flexible Feeders SW-420\"}]},{\"@type\":\"WebSite\",\"@id\":\"https:\/\/swoer.com\/#website\",\"url\":\"https:\/\/swoer.com\/\",\"name\":\"SWOER\",\"description\":\"Swoer is the top 3 vibratory bowl feeder manufacturer in China\",\"potentialAction\":[{\"@type\":\"SearchAction\",\"target\":{\"@type\":\"EntryPoint\",\"urlTemplate\":\"https:\/\/swoer.com\/?s={search_term_string}\"},\"query-input\":\"required name=search_term_string\"}],\"inLanguage\":\"vi\"}]}<\/script>\n<!-- \/ Yoast SEO plugin. -->","yoast_head_json":{"title":"Flexible Feeders SW-420 - SWOER","description":"SW-420 Flexible Feeder, for sorting large, irregular materials like toy blocks, medical equipment, automotive parts, and special-shaped metal components.","robots":{"index":"index","follow":"follow","max-snippet":"max-snippet:-1","max-image-preview":"max-image-preview:large","max-video-preview":"max-video-preview:-1"},"canonical":"https:\/\/swoer.com\/vi\/manufacturer\/flexible-feeders-sw-420\/","og_locale":"vi_VN","og_type":"article","og_title":"Flexible Feeders SW-420 - SWOER","og_description":"SW-420 Flexible Feeder, for sorting large, irregular materials like toy blocks, medical equipment, automotive parts, and special-shaped metal components.","og_url":"https:\/\/swoer.com\/vi\/manufacturer\/flexible-feeders-sw-420\/","og_site_name":"SWOER","article_modified_time":"2025-02-07T08:48:14+00:00","og_image":[{"width":1000,"height":1000,"url":"https:\/\/swoer.com\/wp-content\/uploads\/2024\/03\/flexible-feeders-SW-420.webp","type":"image\/webp"}],"twitter_card":"summary_large_image","twitter_misc":{"\u01af\u1edbc t\u00ednh th\u1eddi gian \u0111\u1ecdc":"1 ph\u00fat"},"schema":{"@context":"https:\/\/schema.org","@graph":[{"@type":"WebPage","@id":"https:\/\/swoer.com\/manufacturer\/flexible-feeders-sw-420\/","url":"https:\/\/swoer.com\/manufacturer\/flexible-feeders-sw-420\/","name":"Flexible Feeders SW-420 - SWOER","isPartOf":{"@id":"https:\/\/swoer.com\/#website"},"primaryImageOfPage":{"@id":"https:\/\/swoer.com\/manufacturer\/flexible-feeders-sw-420\/#primaryimage"},"image":{"@id":"https:\/\/swoer.com\/manufacturer\/flexible-feeders-sw-420\/#primaryimage"},"thumbnailUrl":"https:\/\/swoer.com\/wp-content\/uploads\/2024\/03\/flexible-feeders-SW-420.webp","datePublished":"2024-03-30T06:54:42+00:00","dateModified":"2025-02-07T08:48:14+00:00","description":"SW-420 Flexible Feeder, for sorting large, irregular materials like toy blocks, medical equipment, automotive parts, and special-shaped metal components.","breadcrumb":{"@id":"https:\/\/swoer.com\/manufacturer\/flexible-feeders-sw-420\/#breadcrumb"},"inLanguage":"vi","potentialAction":[{"@type":"ReadAction","target":["https:\/\/swoer.com\/manufacturer\/flexible-feeders-sw-420\/"]}]},{"@type":"ImageObject","inLanguage":"vi","@id":"https:\/\/swoer.com\/manufacturer\/flexible-feeders-sw-420\/#primaryimage","url":"https:\/\/swoer.com\/wp-content\/uploads\/2024\/03\/flexible-feeders-SW-420.webp","contentUrl":"https:\/\/swoer.com\/wp-content\/uploads\/2024\/03\/flexible-feeders-SW-420.webp","width":1000,"height":1000,"caption":"flexible feeders SW-420"},{"@type":"BreadcrumbList","@id":"https:\/\/swoer.com\/manufacturer\/flexible-feeders-sw-420\/#breadcrumb","itemListElement":[{"@type":"ListItem","position":1,"name":"Home","item":"https:\/\/swoer.com\/"},{"@type":"ListItem","position":2,"name":"Shop","item":"https:\/\/swoer.com\/shop\/"},{"@type":"ListItem","position":3,"name":"Flexible Feeders SW-420"}]},{"@type":"WebSite","@id":"https:\/\/swoer.com\/#website","url":"https:\/\/swoer.com\/","name":"SWOER","description":"Swoer is the top 3 vibratory bowl feeder manufacturer in China","potentialAction":[{"@type":"SearchAction","target":{"@type":"EntryPoint","urlTemplate":"https:\/\/swoer.com\/?s={search_term_string}"},"query-input":"required name=search_term_string"}],"inLanguage":"vi"}]}},"_links":{"self":[{"href":"https:\/\/swoer.com\/vi\/wp-json\/wp\/v2\/product\/1758"}],"collection":[{"href":"https:\/\/swoer.com\/vi\/wp-json\/wp\/v2\/product"}],"about":[{"href":"https:\/\/swoer.com\/vi\/wp-json\/wp\/v2\/types\/product"}],"replies":[{"embeddable":true,"href":"https:\/\/swoer.com\/vi\/wp-json\/wp\/v2\/comments?post=1758"}],"wp:featuredmedia":[{"embeddable":true,"href":"https:\/\/swoer.com\/vi\/wp-json\/wp\/v2\/media\/1759"}],"wp:attachment":[{"href":"https:\/\/swoer.com\/vi\/wp-json\/wp\/v2\/media?parent=1758"}],"wp:term":[{"taxonomy":"product_cat","embeddable":true,"href":"https:\/\/swoer.com\/vi\/wp-json\/wp\/v2\/product_cat?post=1758"},{"taxonomy":"product_tag","embeddable":true,"href":"https:\/\/swoer.com\/vi\/wp-json\/wp\/v2\/product_tag?post=1758"}],"curies":[{"name":"wp","href":"https:\/\/api.w.org\/{rel}","templated":true}]}}