{"id":1734,"date":"2024-03-30T03:41:31","date_gmt":"2024-03-30T03:41:31","guid":{"rendered":"https:\/\/lightgrey-porpoise-816575.hostingersite.com\/?post_type=product&#038;p=1734"},"modified":"2024-08-01T14:04:40","modified_gmt":"2024-08-01T06:04:40","slug":"washer-bowl-feeder-automation","status":"publish","type":"product","link":"https:\/\/swoer.com\/vi\/manufacturer\/washer-bowl-feeder-automation\/","title":{"rendered":"M\u00e1y gi\u1eb7t b\u00e1t rung"},"content":{"rendered":"<p>T\u1ea1i SWOER, ch\u00fang t\u00f4i v\u01b0\u1ee3t tr\u1ed9i trong vi\u1ec7c s\u1ea3n xu\u1ea5t h\u1ec7 th\u1ed1ng T\u1ef1 \u0111\u1ed9ng h\u00f3a m\u00e1y c\u1ea5p li\u1ec7u b\u00e1t. Ch\u00fang t\u00f4i \u0111i\u1ec1u ch\u1ec9nh h\u1ec7 th\u1ed1ng c\u1ee7a m\u00ecnh \u0111\u1ec3 ph\u00f9 h\u1ee3p v\u1edbi c\u00e1c \u0111\u1eb7c \u0111i\u1ec3m ri\u00eang c\u1ee7a b\u1ed9 ph\u1eadn v\u00e0 y\u00eau c\u1ea7u c\u1ee5 th\u1ec3 c\u1ee7a kh\u00e1ch h\u00e0ng. Ch\u00fang t\u00f4i t\u1ea1o ra c\u00e1c gi\u1ea3i ph\u00e1p t\u00f9y ch\u1ec9nh t\u00edch h\u1ee3p li\u1ec1n m\u1ea1ch v\u00e0o quy tr\u00ecnh s\u1ea3n xu\u1ea5t c\u1ee7a b\u1ea1n. C\u00e1c gi\u1ea3i ph\u00e1p c\u1ee7a ch\u00fang t\u00f4i \u0111\u1ea3m b\u1ea3o hi\u1ec7u su\u1ea5t v\u00e0 hi\u1ec7u qu\u1ea3 t\u1ed1i \u01b0u.<\/p>\n<p>Ch\u00fang t\u00f4i \u01b0u ti\u00ean t\u00f9y ch\u1ec9nh cho t\u1ea5t c\u1ea3 c\u00e1c th\u00e0nh ph\u1ea7n, bao g\u1ed3m c\u1ea3 v\u00f2ng \u0111\u1ec7m. Ch\u00fang t\u00f4i \u0111\u00e1p \u1ee9ng nhu c\u1ea7u ch\u00ednh x\u00e1c c\u1ee7a b\u1ea1n, \u0111\u1ea3m b\u1ea3o \u0111\u1ed9 ch\u00ednh x\u00e1c v\u00e0 \u0111\u1ed9 tin c\u1eady.<\/p>\n<p>H\u01a1n n\u1eefa, SWOER cung c\u1ea5p gi\u00e1 xu\u1ea5t x\u01b0\u1edfng c\u1ea1nh tranh m\u00e0 kh\u00f4ng \u1ea3nh h\u01b0\u1edfng \u0111\u1ebfn ch\u1ea5t l\u01b0\u1ee3ng. C\u00e1c gi\u1ea3i ph\u00e1p ti\u1ebft ki\u1ec7m chi ph\u00ed c\u1ee7a ch\u00fang t\u00f4i n\u00e2ng cao kh\u1ea3 n\u0103ng s\u1ea3n xu\u1ea5t c\u1ee7a b\u1ea1n. V\u1edbi SWOER l\u00e0 \u0111\u1ed1i t\u00e1c c\u1ee7a b\u1ea1n, h\u00e3y mong \u0111\u1ee3i c\u00e1c h\u1ec7 th\u1ed1ng ph\u00f9 h\u1ee3p mang l\u1ea1i gi\u00e1 tr\u1ecb, \u0111\u1ed9 tin c\u1eady v\u00e0 hi\u1ec7u qu\u1ea3 v\u1edbi m\u1ee9c gi\u00e1 ph\u00f9 h\u1ee3p v\u1edbi ng\u00e2n s\u00e1ch.<\/p>\n\t<div id=\"gap-1730963445\" class=\"gap-element clearfix\" style=\"display:block; height:auto;\">\n\t\t\n<style>\n#gap-1730963445 {\n  padding-top: 30px;\n}\n<\/style>\n\t<\/div>\n\t\n<h2>Th\u00f4ng s\u1ed1 b\u1ed9 n\u1ea1p b\u00e1t:<\/h2>\n<table width=\"684\">\n<tbody>\n<tr>\n<td width=\"183\">t\u00ean s\u1ea3n ph\u1ea9m<\/td>\n<td width=\"501\">M\u00e1y gi\u1eb7t b\u00e1t rung<\/td>\n<\/tr>\n<tr>\n<td>V\u1eadt li\u1ec7u<\/td>\n<td>\u00a0SUS201\/304<\/td>\n<\/tr>\n<tr>\n<td>\u0110\u1eb7c s\u1ea3n v\u1eadt li\u1ec7u<\/td>\n<td>H\u1ee3p kim r\u00e8n x\u1eed l\u00fd ngu\u1ed9i, \u0110\u1ed9 b\u1ec1n cao, \u0110\u1ed9 c\u1ee9ng cao<\/td>\n<\/tr>\n<tr>\n<td>V\u00f4n<\/td>\n<td>220V<\/td>\n<\/tr>\n<tr>\n<td>Quy\u1ec1n l\u1ef1c<\/td>\n<td>65W \/150W \/180W \/ 220W \/ 350W<\/td>\n<\/tr>\n<tr>\n<td>X\u00e1c th\u1ef1c<\/td>\n<td>CE, ROHS, ISO9001<\/td>\n<\/tr>\n<tr>\n<td>S\u1ef1 b\u1ea3o \u0111\u1ea3m<\/td>\n<td>b\u1ea3o h\u00e0nh 1 n\u0103m<\/td>\n<\/tr>\n<tr>\n<td>MOQ<\/td>\n<td>1 b\u1ed9<\/td>\n<\/tr>\n<tr>\n<td>Th\u1eddi gian d\u1eabn<\/td>\n<td>10-14 ng\u00e0y<\/td>\n<\/tr>\n<tr>\n<td>Ch\u00ednh s\u00e1ch thanh to\u00e1n<\/td>\n<td>T\/T 40% \u0110\u1eb7t c\u1ecdc v\u00e0 c\u00e2n \u0111\u1ed1i tr\u01b0\u1edbc khi giao h\u00e0ng<\/td>\n<\/tr>\n<tr>\n<td>B\u1ea3n g\u1ed1c c\u1ee7a \u0111\u1ecba \u0111i\u1ec3m<\/td>\n<td>Trung Qu\u1ed1c<\/td>\n<\/tr>\n<\/tbody>\n<\/table>\n\t<div id=\"gap-580392036\" class=\"gap-element clearfix\" style=\"display:block; height:auto;\">\n\t\t\n<style>\n#gap-580392036 {\n  padding-top: 30px;\n}\n<\/style>\n\t<\/div>\n\t\n<h3>Chi ti\u1ebft m\u00e1y gi\u1eb7t:<\/h3>\n\t<div class=\"img has-hover x md-x lg-x y md-y lg-y\" id=\"image_262343927\">\n\t\t\t\t\t\t\t\t<div class=\"img-inner dark\" >\n\t\t\t<img loading=\"lazy\" decoding=\"async\" width=\"800\" height=\"278\" src=\"https:\/\/swoer.com\/wp-content\/uploads\/2024\/03\/washer-detail.webp\" class=\"attachment-original size-original\" alt=\"chi ti\u1ebft m\u00e1y gi\u1eb7t\" srcset=\"https:\/\/swoer.com\/wp-content\/uploads\/2024\/03\/washer-detail.webp 800w, https:\/\/swoer.com\/wp-content\/uploads\/2024\/03\/washer-detail-300x104.webp 300w, https:\/\/swoer.com\/wp-content\/uploads\/2024\/03\/washer-detail-768x267.webp 768w, https:\/\/swoer.com\/wp-content\/uploads\/2024\/03\/washer-detail-600x209.webp 600w\" sizes=\"(max-width: 800px) 100vw, 800px\" \/>\t\t\t\t\t\t\n\t\t\t\t\t<\/div>\n\t\t\t\t\t\t\t\t\n<style>\n#image_262343927 {\n  width: 62%;\n}\n<\/style>\n\t<\/div>\n\t\n\t<div id=\"gap-666019649\" class=\"gap-element clearfix\" style=\"display:block; height:auto;\">\n\t\t\n<style>\n#gap-666019649 {\n  padding-top: 30px;\n}\n<\/style>\n\t<\/div>\n\t\n<h3><strong>L\u1ee3i \u00edch c\u1ee7a khay \u0111\u1ef1ng b\u00e1t m\u00e1y gi\u1eb7t c\u1ee7a ch\u00fang t\u00f4i:<\/strong><\/h3>\n<ul>\n<li><strong>T\u0103ng hi\u1ec7u qu\u1ea3: <\/strong>Cung c\u1ea5p h\u00e0ng ngh\u00ecn b\u1ed9 ph\u1eadn m\u1ed7i gi\u1edd<\/li>\n<li><strong>T\u00f9y ch\u1ec9nh: <\/strong>Ph\u00f9 h\u1ee3p v\u1edbi c\u00e1c b\u1ed9 ph\u1eadn v\u00e0 d\u00e2y chuy\u1ec1n s\u1ea3n xu\u1ea5t c\u1ee5 th\u1ec3 c\u1ee7a b\u1ea1n<\/li>\n<li><strong>\u0110\u00e1ng tin c\u1eady:<\/strong>\u00a0\u0110\u01b0\u1ee3c thi\u1ebft k\u1ebf \u0111\u1ec3 t\u1ed3n t\u1ea1i l\u00e2u d\u00e0i v\u00e0 duy tr\u00ec hi\u1ec7u su\u1ea5t \u1ed5n \u0111\u1ecbnh<\/li>\n<li><strong>Chuy\u1ec3n ph\u00e1t nhanh:<\/strong>\u00a0Nhanh tay s\u1edf h\u1eefu m\u00e1y nh\u00e9<\/li>\n<li><strong>\u0110\u00e3 \u0111\u01b0\u1ee3c ch\u1ee9ng nh\u1eadn an to\u00e0n: <\/strong>\u0110\u01b0\u1ee3c ch\u1ee9ng nh\u1eadn CE &amp; UL \u0111\u1ec3 b\u1ea1n y\u00ean t\u00e2m<\/li>\n<\/ul>\n<p><strong>\u00a0<\/strong><\/p>\n<h3><strong>B\u1ea1n \u0111ang t\u00ecm ki\u1ebfm m\u1ed9t m\u00e1y gi\u1eb7t c\u1ea5p li\u1ec7u \u0111\u00e1ng tin c\u1eady? <\/strong><\/h3>\n<p>SWOER cung c\u1ea5p b\u00e1t \u0103n \u0111\u01b0\u1ee3c thi\u1ebft k\u1ebf t\u00f9y ch\u1ec9nh \u0111\u1ec3 \u0111\u00e1p \u1ee9ng nhu c\u1ea7u ch\u00ednh x\u00e1c c\u1ee7a b\u1ea1n. M\u00e1y m\u00f3c c\u1ee7a ch\u00fang t\u00f4i \u0111\u01b0\u1ee3c ch\u1ee9ng nh\u1eadn CE &amp; UL, \u0111\u1ea3m b\u1ea3o an to\u00e0n v\u00e0 ch\u1ea5t l\u01b0\u1ee3ng.<\/p>\n<p>\u0110\u1ed9i ng\u0169 k\u1ef9 thu\u1eadt gi\u00e0u kinh nghi\u1ec7m c\u1ee7a ch\u00fang t\u00f4i s\u1ebd l\u00e0m vi\u1ec7c v\u1edbi b\u1ea1n \u0111\u1ec3 thi\u1ebft k\u1ebf m\u1ed9t gi\u1ea3i ph\u00e1p \u0111\u00e1p \u1ee9ng c\u00e1c y\u00eau c\u1ea7u c\u1ee5 th\u1ec3 c\u1ee7a b\u1ea1n. Cho d\u00f9 b\u1ea1n c\u1ea7n c\u1ea5p li\u1ec7u cho m\u00e1y gi\u1eb7t nh\u1ecf hay l\u1edbn, ch\u00fang t\u00f4i \u0111\u1ec1u c\u00f3 chuy\u00ean m\u00f4n \u0111\u1ec3 x\u1eed l\u00fd d\u1ef1 \u00e1n c\u1ee7a b\u1ea1n.<\/p>\n<p><strong>\u0110\u1eebng ch\u1edd \u0111\u1ee3i! Li\u00ean h\u1ec7 v\u1edbi ch\u00fang t\u00f4i ngay h\u00f4m nay \u0111\u1ec3 y\u00eau c\u1ea7u b\u00e1o gi\u00e1 v\u00e0 t\u00ecm hi\u1ec3u th\u00eam v\u1ec1 c\u00e1ch th\u1ee9c c\u1ea5p li\u1ec7u cho m\u00e1y gi\u1eb7t c\u1ee7a ch\u00fang t\u00f4i c\u00f3 th\u1ec3 mang l\u1ea1i l\u1ee3i \u00edch cho doanh nghi\u1ec7p c\u1ee7a b\u1ea1n.<\/strong><\/p>\n\n<div class=\"wpcf7 no-js\" id=\"wpcf7-f5-o1\" lang=\"en-US\" dir=\"ltr\">\n<div class=\"screen-reader-response\"><p role=\"status\" aria-live=\"polite\" aria-atomic=\"true\"><\/p> <ul><\/ul><\/div>\n<form action=\"\/vi\/wp-json\/wp\/v2\/product\/1734#wpcf7-f5-o1\" method=\"post\" class=\"wpcf7-form init\" aria-label=\"M\u00e2u li\u00ean h\u00ea\u0323\" novalidate=\"novalidate\" data-status=\"init\" data-trp-original-action=\"\/vi\/wp-json\/wp\/v2\/product\/1734#wpcf7-f5-o1\">\n<div style=\"display: none;\">\n<input type=\"hidden\" name=\"_wpcf7\" value=\"5\" \/>\n<input type=\"hidden\" name=\"_wpcf7_version\" value=\"5.9.2\" \/>\n<input type=\"hidden\" name=\"_wpcf7_locale\" value=\"en_US\" \/>\n<input type=\"hidden\" name=\"_wpcf7_unit_tag\" value=\"wpcf7-f5-o1\" \/>\n<input type=\"hidden\" name=\"_wpcf7_container_post\" value=\"0\" \/>\n<input type=\"hidden\" name=\"_wpcf7_posted_data_hash\" value=\"\" \/>\n<\/div>\n<div class='custom_contact_style'>\n\t<p><label> T\u00ean c\u1ee7a b\u1ea1n<br \/>\n<span class=\"wpcf7-form-control-wrap\" data-name=\"your-name\"><input size=\"40\" class=\"wpcf7-form-control wpcf7-text wpcf7-validates-as-required\" autocomplete=\"name\" aria-required=\"true\" aria-invalid=\"false\" value=\"\" type=\"text\" name=\"your-name\" \/><\/span> <\/label>\n\t<\/p>\n\t<p><label> Email c\u1ee7a b\u1ea1n<br \/>\n<span class=\"wpcf7-form-control-wrap\" data-name=\"your-email\"><input size=\"40\" class=\"wpcf7-form-control wpcf7-email wpcf7-validates-as-required wpcf7-text wpcf7-validates-as-email\" autocomplete=\"email\" aria-required=\"true\" aria-invalid=\"false\" value=\"\" type=\"email\" name=\"your-email\" \/><\/span> <\/label>\n\t<\/p>\n\t<p><label> Tin nh\u1eafn c\u1ee7a b\u1ea1n (t\u00f9y ch\u1ecdn)<br \/>\n<span class=\"wpcf7-form-control-wrap\" data-name=\"your-message\"><textarea cols=\"40\" rows=\"10\" class=\"wpcf7-form-control wpcf7-textarea\" aria-invalid=\"false\" name=\"your-message\"><\/textarea><\/span> <\/label>\n\t<\/p>\n\t<div style=\"margin-bottom:10px;\">\n\t\t<p><span class=\"wpcf7-form-control-wrap kc_captcha cf7ic-toggle\" data-name=\"kc_captcha\"><span class=\"wpcf7-form-control wpcf7-radio\"><span class=\"captcha-image\" style=\"display: none;\"><span class=\"cf7ic_instructions\">H\u00e3y ch\u1ee9ng minh b\u1ea1n l\u00e0 con ng\u01b0\u1eddi b\u1eb1ng c\u00e1ch ch\u1ecdn<span> flag<\/span>.<\/span><label><input aria-label=\"1\" type=\"radio\" name=\"kc_captcha\" value=\"bot\" \/><svg aria-hidden=\"true\" role=\"img\" xmlns=\"http:\/\/www.w3.org\/2000\/svg\" viewbox=\"0 0 576 512\"><path fill=\"currentColor\" d=\"M415 24c-53 0-103 42-127 65-24-23-74-65-127-65C70 24 16 77 16 166c0 72 67 133 69 135l187 181c9 8 23 8 32 0l187-180c2-3 69-64 69-136 0-89-54-142-145-142z\"\/><\/svg><\/label><label><input aria-label=\"2\" type=\"radio\" name=\"kc_captcha\" value=\"bot\" \/><svg aria-hidden=\"true\" role=\"img\" xmlns=\"http:\/\/www.w3.org\/2000\/svg\" viewbox=\"0 0 640 512\"><path fill=\"currentColor\" d=\"M192 384h192c53 0 96-43 96-96h32a128 128 0 000-256H120c-13 0-24 11-24 24v232c0 53 43 96 96 96zM512 96a64 64 0 010 128h-32V96h32zm48 384H48c-47 0-61-64-36-64h584c25 0 11 64-36 64z\"\/><\/svg><\/label><label><input aria-label=\"3\" type=\"radio\" name=\"kc_captcha\" value=\"kc_human\" \/><svg aria-hidden=\"true\" role=\"img\" xmlns=\"http:\/\/www.w3.org\/2000\/svg\" viewbox=\"0 0 512 512\"><path fill=\"currentColor\" d=\"M350 99c-54 0-98-35-166-35-25 0-47 4-68 12a56 56 0 004-24C118 24 95 1 66 0a56 56 0 00-34 102v386c0 13 11 24 24 24h16c13 0 24-11 24-24v-94c28-12 64-23 114-23 54 0 98 35 166 35 48 0 86-16 122-41 9-6 14-15 14-26V96c0-23-24-39-45-29-35 16-77 32-117 32z\"\/><\/svg><\/label>\r\n    <\/span>\r\n    <span style=\"display:none\">\r\n        <input type=\"text\" name=\"kc_honeypot\">\r\n    <\/span><\/span><\/span>\n\t\t<\/p>\n\t<\/div>\n\t<p><input class=\"wpcf7-form-control wpcf7-submit has-spinner\" type=\"submit\" value=\"N\u1ed9p\" \/>\n\t<\/p>\n<\/div><div class=\"wpcf7-response-output\" aria-hidden=\"true\"><\/div>\n<input type=\"hidden\" name=\"trp-form-language\" value=\"vi\"\/><\/form>\n<\/div>","protected":false},"excerpt":{"rendered":"<p><strong>Ti\u1ebfp li\u1ec7u hi\u1ec7u qu\u1ea3 cho m\u00e1y gi\u1eb7t b\u1eb1ng khay n\u1ea1p b\u00e1t t\u00f9y ch\u1ec9nh c\u1ee7a ch\u00fang t\u00f4i.<\/strong> C\u1ea3i thi\u1ec7n d\u00e2y chuy\u1ec1n l\u1eafp r\u00e1p c\u1ee7a b\u1ea1n v\u1edbi c\u00e1c gi\u1ea3i ph\u00e1p nhanh ch\u00f3ng v\u00e0 \u0111\u00e1ng tin c\u1eady c\u1ee7a ch\u00fang t\u00f4i.<\/p>\n<p>N\u1ebfu b\u1ea1n c\u00f3 nhu c\u1ea7u b\u00e1o gi\u00e1 m\u00e1ng \u0103n xin vui l\u00f2ng li\u00ean h\u1ec7 v\u1edbi ch\u00fang t\u00f4i.<\/p>","protected":false},"featured_media":1735,"comment_status":"open","ping_status":"closed","template":"","meta":[],"product_cat":[37],"product_tag":[],"yoast_head":"<!-- This site is optimized with the Yoast SEO plugin v22.2 - https:\/\/yoast.com\/wordpress\/plugins\/seo\/ -->\n<title>Washer Vibratory Bowl Feeder | Vibro Feeder Parts for Washer<\/title>\n<meta name=\"description\" content=\"Custom high-speed vibratory bowl feeder for washer. CE &amp; UL certified for safety. Tailored solutions by our experienced team. Fast delivery guaranteed.\" \/>\n<meta name=\"robots\" content=\"index, follow, max-snippet:-1, max-image-preview:large, max-video-preview:-1\" \/>\n<link rel=\"canonical\" href=\"https:\/\/swoer.com\/vi\/manufacturer\/washer-bowl-feeder-automation\/\" \/>\n<meta property=\"og:locale\" content=\"vi_VN\" \/>\n<meta property=\"og:type\" content=\"article\" \/>\n<meta property=\"og:title\" content=\"Washer Vibratory Bowl Feeder | Vibro Feeder Parts for Washer\" \/>\n<meta property=\"og:description\" content=\"Custom high-speed vibratory bowl feeder for washer. CE &amp; UL certified for safety. Tailored solutions by our experienced team. Fast delivery guaranteed.\" \/>\n<meta property=\"og:url\" content=\"https:\/\/swoer.com\/vi\/manufacturer\/washer-bowl-feeder-automation\/\" \/>\n<meta property=\"og:site_name\" content=\"SWOER\" \/>\n<meta property=\"article:modified_time\" content=\"2024-08-01T06:04:40+00:00\" \/>\n<meta property=\"og:image\" content=\"https:\/\/swoer.com\/wp-content\/uploads\/2024\/03\/washer-bowl-feeder-automation.webp\" \/>\n\t<meta property=\"og:image:width\" content=\"1000\" \/>\n\t<meta property=\"og:image:height\" content=\"1000\" \/>\n\t<meta property=\"og:image:type\" content=\"image\/webp\" \/>\n<meta name=\"twitter:card\" content=\"summary_large_image\" \/>\n<meta name=\"twitter:label1\" content=\"\u01af\u1edbc t\u00ednh th\u1eddi gian \u0111\u1ecdc\" \/>\n\t<meta name=\"twitter:data1\" content=\"2 ph\u00fat\" \/>\n<script type=\"application\/ld+json\" class=\"yoast-schema-graph\">{\"@context\":\"https:\/\/schema.org\",\"@graph\":[{\"@type\":\"WebPage\",\"@id\":\"https:\/\/swoer.com\/manufacturer\/washer-bowl-feeder-automation\/\",\"url\":\"https:\/\/swoer.com\/manufacturer\/washer-bowl-feeder-automation\/\",\"name\":\"Washer Vibratory Bowl Feeder | Vibro Feeder Parts for Washer\",\"isPartOf\":{\"@id\":\"https:\/\/swoer.com\/#website\"},\"primaryImageOfPage\":{\"@id\":\"https:\/\/swoer.com\/manufacturer\/washer-bowl-feeder-automation\/#primaryimage\"},\"image\":{\"@id\":\"https:\/\/swoer.com\/manufacturer\/washer-bowl-feeder-automation\/#primaryimage\"},\"thumbnailUrl\":\"https:\/\/swoer.com\/wp-content\/uploads\/2024\/03\/washer-bowl-feeder-automation.webp\",\"datePublished\":\"2024-03-30T03:41:31+00:00\",\"dateModified\":\"2024-08-01T06:04:40+00:00\",\"description\":\"Custom high-speed vibratory bowl feeder for washer. CE & UL certified for safety. Tailored solutions by our experienced team. Fast delivery guaranteed.\",\"breadcrumb\":{\"@id\":\"https:\/\/swoer.com\/manufacturer\/washer-bowl-feeder-automation\/#breadcrumb\"},\"inLanguage\":\"vi\",\"potentialAction\":[{\"@type\":\"ReadAction\",\"target\":[\"https:\/\/swoer.com\/manufacturer\/washer-bowl-feeder-automation\/\"]}]},{\"@type\":\"ImageObject\",\"inLanguage\":\"vi\",\"@id\":\"https:\/\/swoer.com\/manufacturer\/washer-bowl-feeder-automation\/#primaryimage\",\"url\":\"https:\/\/swoer.com\/wp-content\/uploads\/2024\/03\/washer-bowl-feeder-automation.webp\",\"contentUrl\":\"https:\/\/swoer.com\/wp-content\/uploads\/2024\/03\/washer-bowl-feeder-automation.webp\",\"width\":1000,\"height\":1000,\"caption\":\"washer bowl feeder automation\"},{\"@type\":\"BreadcrumbList\",\"@id\":\"https:\/\/swoer.com\/manufacturer\/washer-bowl-feeder-automation\/#breadcrumb\",\"itemListElement\":[{\"@type\":\"ListItem\",\"position\":1,\"name\":\"Home\",\"item\":\"https:\/\/swoer.com\/\"},{\"@type\":\"ListItem\",\"position\":2,\"name\":\"Shop\",\"item\":\"https:\/\/swoer.com\/shop\/\"},{\"@type\":\"ListItem\",\"position\":3,\"name\":\"Washer Vibratory Bowl Feeder\"}]},{\"@type\":\"WebSite\",\"@id\":\"https:\/\/swoer.com\/#website\",\"url\":\"https:\/\/swoer.com\/\",\"name\":\"SWOER\",\"description\":\"Swoer is the top 3 vibratory bowl feeder manufacturer in China\",\"potentialAction\":[{\"@type\":\"SearchAction\",\"target\":{\"@type\":\"EntryPoint\",\"urlTemplate\":\"https:\/\/swoer.com\/?s={search_term_string}\"},\"query-input\":\"required name=search_term_string\"}],\"inLanguage\":\"vi\"}]}<\/script>\n<!-- \/ Yoast SEO plugin. -->","yoast_head_json":{"title":"Washer Vibratory Bowl Feeder | Vibro Feeder Parts for Washer","description":"Custom high-speed vibratory bowl feeder for washer. CE & UL certified for safety. Tailored solutions by our experienced team. Fast delivery guaranteed.","robots":{"index":"index","follow":"follow","max-snippet":"max-snippet:-1","max-image-preview":"max-image-preview:large","max-video-preview":"max-video-preview:-1"},"canonical":"https:\/\/swoer.com\/vi\/manufacturer\/washer-bowl-feeder-automation\/","og_locale":"vi_VN","og_type":"article","og_title":"Washer Vibratory Bowl Feeder | Vibro Feeder Parts for Washer","og_description":"Custom high-speed vibratory bowl feeder for washer. CE & UL certified for safety. Tailored solutions by our experienced team. Fast delivery guaranteed.","og_url":"https:\/\/swoer.com\/vi\/manufacturer\/washer-bowl-feeder-automation\/","og_site_name":"SWOER","article_modified_time":"2024-08-01T06:04:40+00:00","og_image":[{"width":1000,"height":1000,"url":"https:\/\/swoer.com\/wp-content\/uploads\/2024\/03\/washer-bowl-feeder-automation.webp","type":"image\/webp"}],"twitter_card":"summary_large_image","twitter_misc":{"\u01af\u1edbc t\u00ednh th\u1eddi gian \u0111\u1ecdc":"2 ph\u00fat"},"schema":{"@context":"https:\/\/schema.org","@graph":[{"@type":"WebPage","@id":"https:\/\/swoer.com\/manufacturer\/washer-bowl-feeder-automation\/","url":"https:\/\/swoer.com\/manufacturer\/washer-bowl-feeder-automation\/","name":"Washer Vibratory Bowl Feeder | Vibro Feeder Parts for Washer","isPartOf":{"@id":"https:\/\/swoer.com\/#website"},"primaryImageOfPage":{"@id":"https:\/\/swoer.com\/manufacturer\/washer-bowl-feeder-automation\/#primaryimage"},"image":{"@id":"https:\/\/swoer.com\/manufacturer\/washer-bowl-feeder-automation\/#primaryimage"},"thumbnailUrl":"https:\/\/swoer.com\/wp-content\/uploads\/2024\/03\/washer-bowl-feeder-automation.webp","datePublished":"2024-03-30T03:41:31+00:00","dateModified":"2024-08-01T06:04:40+00:00","description":"Custom high-speed vibratory bowl feeder for washer. CE & UL certified for safety. Tailored solutions by our experienced team. Fast delivery guaranteed.","breadcrumb":{"@id":"https:\/\/swoer.com\/manufacturer\/washer-bowl-feeder-automation\/#breadcrumb"},"inLanguage":"vi","potentialAction":[{"@type":"ReadAction","target":["https:\/\/swoer.com\/manufacturer\/washer-bowl-feeder-automation\/"]}]},{"@type":"ImageObject","inLanguage":"vi","@id":"https:\/\/swoer.com\/manufacturer\/washer-bowl-feeder-automation\/#primaryimage","url":"https:\/\/swoer.com\/wp-content\/uploads\/2024\/03\/washer-bowl-feeder-automation.webp","contentUrl":"https:\/\/swoer.com\/wp-content\/uploads\/2024\/03\/washer-bowl-feeder-automation.webp","width":1000,"height":1000,"caption":"washer bowl feeder automation"},{"@type":"BreadcrumbList","@id":"https:\/\/swoer.com\/manufacturer\/washer-bowl-feeder-automation\/#breadcrumb","itemListElement":[{"@type":"ListItem","position":1,"name":"Home","item":"https:\/\/swoer.com\/"},{"@type":"ListItem","position":2,"name":"Shop","item":"https:\/\/swoer.com\/shop\/"},{"@type":"ListItem","position":3,"name":"Washer Vibratory Bowl Feeder"}]},{"@type":"WebSite","@id":"https:\/\/swoer.com\/#website","url":"https:\/\/swoer.com\/","name":"SWOER","description":"Swoer is the top 3 vibratory bowl feeder manufacturer in China","potentialAction":[{"@type":"SearchAction","target":{"@type":"EntryPoint","urlTemplate":"https:\/\/swoer.com\/?s={search_term_string}"},"query-input":"required name=search_term_string"}],"inLanguage":"vi"}]}},"_links":{"self":[{"href":"https:\/\/swoer.com\/vi\/wp-json\/wp\/v2\/product\/1734"}],"collection":[{"href":"https:\/\/swoer.com\/vi\/wp-json\/wp\/v2\/product"}],"about":[{"href":"https:\/\/swoer.com\/vi\/wp-json\/wp\/v2\/types\/product"}],"replies":[{"embeddable":true,"href":"https:\/\/swoer.com\/vi\/wp-json\/wp\/v2\/comments?post=1734"}],"wp:featuredmedia":[{"embeddable":true,"href":"https:\/\/swoer.com\/vi\/wp-json\/wp\/v2\/media\/1735"}],"wp:attachment":[{"href":"https:\/\/swoer.com\/vi\/wp-json\/wp\/v2\/media?parent=1734"}],"wp:term":[{"taxonomy":"product_cat","embeddable":true,"href":"https:\/\/swoer.com\/vi\/wp-json\/wp\/v2\/product_cat?post=1734"},{"taxonomy":"product_tag","embeddable":true,"href":"https:\/\/swoer.com\/vi\/wp-json\/wp\/v2\/product_tag?post=1734"}],"curies":[{"name":"wp","href":"https:\/\/api.w.org\/{rel}","templated":true}]}}