{"id":1730,"date":"2024-03-30T03:32:35","date_gmt":"2024-03-30T03:32:35","guid":{"rendered":"https:\/\/lightgrey-porpoise-816575.hostingersite.com\/?post_type=product&#038;p=1730"},"modified":"2024-08-03T14:36:48","modified_gmt":"2024-08-03T06:36:48","slug":"part-feeding-systems-for-springs","status":"publish","type":"product","link":"https:\/\/swoer.com\/vi\/manufacturer\/part-feeding-systems-for-springs\/","title":{"rendered":"H\u1ec7 th\u1ed1ng c\u1ea5p li\u1ec7u m\u1ed9t ph\u1ea7n cho l\u00f2 xo"},"content":{"rendered":"<p>X\u1eed l\u00fd l\u00f2 xo trong t\u1ef1 \u0111\u1ed9ng h\u00f3a c\u00f4ng nghi\u1ec7p \u0111\u1eb7t ra nh\u1eefng th\u00e1ch th\u1ee9c \u0111\u1eb7c bi\u1ec7t. L\u00f2 xo c\u00f3 nhi\u1ec1u h\u00ecnh d\u1ea1ng v\u00e0 k\u00edch th\u01b0\u1edbc kh\u00e1c nhau, khi\u1ebfn vi\u1ec7c cho \u0103n tr\u1edf th\u00e0nh m\u1ed9t nhi\u1ec7m v\u1ee5 ph\u1ee9c t\u1ea1p. T\u1ea1i SWOER, ch\u00fang t\u00f4i cung c\u1ea5p c\u00e1c gi\u1ea3i ph\u00e1p ti\u00ean ti\u1ebfn cho nh\u1eefng nhu c\u1ea7u c\u1ee5 th\u1ec3 n\u00e0y.<\/p>\n<h2>Th\u00f4ng s\u1ed1 b\u1ed9 n\u1ea1p b\u00e1t:<\/h2>\n<table width=\"684\">\n<tbody>\n<tr>\n<td width=\"183\">t\u00ean s\u1ea3n ph\u1ea9m<\/td>\n<td width=\"501\">H\u1ec7 th\u1ed1ng c\u1ea5p li\u1ec7u m\u1ed9t ph\u1ea7n cho l\u00f2 xo<\/td>\n<\/tr>\n<tr>\n<td>V\u1eadt li\u1ec7u<\/td>\n<td>\u00a0SUS201\/304<\/td>\n<\/tr>\n<tr>\n<td>\u0110\u1eb7c s\u1ea3n v\u1eadt li\u1ec7u<\/td>\n<td>H\u1ee3p kim r\u00e8n x\u1eed l\u00fd ngu\u1ed9i, \u0110\u1ed9 b\u1ec1n cao, \u0110\u1ed9 c\u1ee9ng cao<\/td>\n<\/tr>\n<tr>\n<td>V\u00f4n<\/td>\n<td>220V<\/td>\n<\/tr>\n<tr>\n<td>Quy\u1ec1n l\u1ef1c<\/td>\n<td>65W \/150W \/180W \/ 220W \/ 350W<\/td>\n<\/tr>\n<tr>\n<td>X\u00e1c th\u1ef1c<\/td>\n<td>CE, ROHS, ISO9001<\/td>\n<\/tr>\n<tr>\n<td>S\u1ef1 b\u1ea3o \u0111\u1ea3m<\/td>\n<td>b\u1ea3o h\u00e0nh 1 n\u0103m<\/td>\n<\/tr>\n<tr>\n<td>MOQ<\/td>\n<td>1 b\u1ed9<\/td>\n<\/tr>\n<tr>\n<td>Th\u1eddi gian d\u1eabn<\/td>\n<td>10-14 ng\u00e0y<\/td>\n<\/tr>\n<tr>\n<td>Ch\u00ednh s\u00e1ch thanh to\u00e1n<\/td>\n<td>T\/T 40% \u0110\u1eb7t c\u1ecdc v\u00e0 c\u00e2n \u0111\u1ed1i tr\u01b0\u1edbc khi giao h\u00e0ng<\/td>\n<\/tr>\n<tr>\n<td>B\u1ea3n g\u1ed1c c\u1ee7a \u0111\u1ecba \u0111i\u1ec3m<\/td>\n<td>Trung Qu\u1ed1c<\/td>\n<\/tr>\n<\/tbody>\n<\/table>\n\t<div id=\"gap-1392168545\" class=\"gap-element clearfix\" style=\"display:block; height:auto;\">\n\t\t\n<style>\n#gap-1392168545 {\n  padding-top: 30px;\n}\n<\/style>\n\t<\/div>\n\t\n<h2>Chi ti\u1ebft l\u00f2 xo:<\/h2>\n\t<div class=\"img has-hover x md-x lg-x y md-y lg-y\" id=\"image_467296810\">\n\t\t\t\t\t\t\t\t<div class=\"img-inner dark\" >\n\t\t\t<img loading=\"lazy\" decoding=\"async\" width=\"448\" height=\"304\" src=\"https:\/\/swoer.com\/wp-content\/uploads\/2024\/03\/spring-detail.webp\" class=\"attachment-original size-original\" alt=\"chi ti\u1ebft m\u00f9a xu\u00e2n\" srcset=\"https:\/\/swoer.com\/wp-content\/uploads\/2024\/03\/spring-detail.webp 448w, https:\/\/swoer.com\/wp-content\/uploads\/2024\/03\/spring-detail-300x204.webp 300w\" sizes=\"(max-width: 448px) 100vw, 448px\" \/>\t\t\t\t\t\t\n\t\t\t\t\t<\/div>\n\t\t\t\t\t\t\t\t\n<style>\n#image_467296810 {\n  width: 45%;\n}\n<\/style>\n\t<\/div>\n\t\n<h2>Nh\u1eefng th\u00e1ch th\u1ee9c c\u1ee7a l\u00f2 xo nu\u00f4i d\u01b0\u1ee1ng<\/h2>\n<p>L\u00f2 xo d\u00f9 b\u1ecb n\u00e9n, gi\u00e3n hay xo\u1eafn \u0111\u1ec1u g\u00e2y ra m\u1ed9t s\u1ed1 v\u1ea5n \u0111\u1ec1:<\/p>\n<ol>\n<li><strong>S\u1ef1 bi\u1ebfn \u0111\u1ed5i:<\/strong> L\u00f2 xo c\u00f3 nhi\u1ec1u \u0111\u01b0\u1eddng k\u00ednh, chi\u1ec1u d\u00e0i v\u00e0 c\u1ea5u h\u00ecnh cu\u1ed9n d\u00e2y kh\u00e1c nhau, l\u00e0m ph\u1ee9c t\u1ea1p qu\u00e1 tr\u00ecnh c\u1ea5p li\u1ec7u.<\/li>\n<li><strong>R\u1ed1i v\u00e0 ch\u1ed3ng ch\u00e9o:<\/strong> L\u00f2 xo c\u00f3 th\u1ec3 d\u1ec5 d\u00e0ng b\u1ecb r\u1ed1i ho\u1eb7c ch\u1ed3ng l\u00ean nhau, g\u00e2y t\u1eafc ngh\u1ebdn v\u00e0 ng\u1eebng ho\u1ea1t \u0111\u1ed9ng.<\/li>\n<li><strong>X\u1eed l\u00fd tinh t\u1ebf:<\/strong> L\u00f2 xo r\u1ea5t m\u1ecfng manh v\u00e0 vi\u1ec7c x\u1eed l\u00fd kh\u00f4ng \u0111\u00fang c\u00e1ch c\u00f3 th\u1ec3 l\u00e0m bi\u1ebfn d\u1ea1ng ch\u00fang, d\u1eabn \u0111\u1ebfn c\u00e1c khuy\u1ebft t\u1eadt.<\/li>\n<\/ol>\n<h3>\u00a0<\/h3>\n<h2>B\u1ea1n \u0111ang t\u00ecm ki\u1ebfm m\u1ed9t l\u00f2 xo n\u1ea1p li\u1ec7u \u0111\u00e1ng tin c\u1eady?<\/h2>\n<p>SWOER cung c\u1ea5p b\u00e1t \u0103n \u0111\u01b0\u1ee3c thi\u1ebft k\u1ebf t\u00f9y ch\u1ec9nh \u0111\u1ec3 \u0111\u00e1p \u1ee9ng nhu c\u1ea7u ch\u00ednh x\u00e1c c\u1ee7a b\u1ea1n. M\u00e1y m\u00f3c c\u1ee7a ch\u00fang t\u00f4i \u0111\u01b0\u1ee3c ch\u1ee9ng nh\u1eadn CE &amp; UL, \u0111\u1ea3m b\u1ea3o an to\u00e0n v\u00e0 ch\u1ea5t l\u01b0\u1ee3ng.<\/p>\n<h3>\u00a0<\/h3>\n<h3><strong>L\u1ee3i \u00edch c\u1ee7a m\u00e1y c\u1ea5p li\u1ec7u b\u00e1t l\u00f2 xo c\u1ee7a ch\u00fang t\u00f4i:<\/strong><\/h3>\n<ul>\n<li><strong>T\u0103ng hi\u1ec7u qu\u1ea3: <\/strong>Cung c\u1ea5p h\u00e0ng ng\u00e0n b\u1ed9 ph\u1eadn m\u1ed7i gi\u1edd<\/li>\n<li><strong>T\u00f9y ch\u1ec9nh: <\/strong>Ph\u00f9 h\u1ee3p v\u1edbi c\u00e1c b\u1ed9 ph\u1eadn v\u00e0 d\u00e2y chuy\u1ec1n s\u1ea3n xu\u1ea5t c\u1ee5 th\u1ec3 c\u1ee7a b\u1ea1n<\/li>\n<li><strong>\u0110\u00e1ng tin c\u1eady: <\/strong>\u0110\u01b0\u1ee3c thi\u1ebft k\u1ebf \u0111\u1ec3 t\u1ed3n t\u1ea1i l\u00e2u d\u00e0i v\u00e0 duy tr\u00ec hi\u1ec7u su\u1ea5t \u1ed5n \u0111\u1ecbnh<\/li>\n<li><strong>Chuy\u1ec3n ph\u00e1t nhanh: <\/strong>Nhanh tay s\u1edf h\u1eefu m\u00e1y nh\u00e9<\/li>\n<li><strong>\u0110\u00e3 \u0111\u01b0\u1ee3c ch\u1ee9ng nh\u1eadn an to\u00e0n: <\/strong>\u0110\u01b0\u1ee3c ch\u1ee9ng nh\u1eadn CE &amp; UL \u0111\u1ec3 b\u1ea1n y\u00ean t\u00e2m<\/li>\n<\/ul>\n<p><strong>\u0110\u1ed9i ng\u0169 k\u1ef9 thu\u1eadt gi\u00e0u kinh nghi\u1ec7m c\u1ee7a ch\u00fang t\u00f4i s\u1ebd l\u00e0m vi\u1ec7c v\u1edbi b\u1ea1n \u0111\u1ec3 thi\u1ebft k\u1ebf m\u1ed9t gi\u1ea3i ph\u00e1p \u0111\u00e1p \u1ee9ng c\u00e1c y\u00eau c\u1ea7u c\u1ee5 th\u1ec3 c\u1ee7a b\u1ea1n.<\/strong>\u00a0Cho d\u00f9 b\u1ea1n c\u1ea7n c\u1ea5p n\u01b0\u1edbc cho l\u00f2 xo nh\u1ecf hay l\u1edbn, ch\u00fang t\u00f4i \u0111\u1ec1u c\u00f3 chuy\u00ean m\u00f4n \u0111\u1ec3 x\u1eed l\u00fd d\u1ef1 \u00e1n c\u1ee7a b\u1ea1n.<\/p>\n<p><strong>\u0110\u1eebng ch\u1edd \u0111\u1ee3i!<\/strong>\u00a0H\u00e3y li\u00ean h\u1ec7 v\u1edbi ch\u00fang t\u00f4i ngay h\u00f4m nay \u0111\u1ec3 y\u00eau c\u1ea7u b\u00e1o gi\u00e1 v\u00e0 t\u00ecm hi\u1ec3u th\u00eam v\u1ec1 c\u00e1ch th\u1ee9c cung c\u1ea5p b\u00e1t l\u00f2 xo c\u1ee7a ch\u00fang t\u00f4i c\u00f3 th\u1ec3 mang l\u1ea1i l\u1ee3i \u00edch cho doanh nghi\u1ec7p c\u1ee7a b\u1ea1n.<\/p>\n\n<div class=\"wpcf7 no-js\" id=\"wpcf7-f5-o1\" lang=\"en-US\" dir=\"ltr\">\n<div class=\"screen-reader-response\"><p role=\"status\" aria-live=\"polite\" aria-atomic=\"true\"><\/p> <ul><\/ul><\/div>\n<form action=\"\/vi\/wp-json\/wp\/v2\/product\/1730#wpcf7-f5-o1\" method=\"post\" class=\"wpcf7-form init\" aria-label=\"M\u00e2u li\u00ean h\u00ea\u0323\" novalidate=\"novalidate\" data-status=\"init\" data-trp-original-action=\"\/vi\/wp-json\/wp\/v2\/product\/1730#wpcf7-f5-o1\">\n<div style=\"display: none;\">\n<input type=\"hidden\" name=\"_wpcf7\" value=\"5\" \/>\n<input type=\"hidden\" name=\"_wpcf7_version\" value=\"5.9.2\" \/>\n<input type=\"hidden\" name=\"_wpcf7_locale\" value=\"en_US\" \/>\n<input type=\"hidden\" name=\"_wpcf7_unit_tag\" value=\"wpcf7-f5-o1\" \/>\n<input type=\"hidden\" name=\"_wpcf7_container_post\" value=\"0\" \/>\n<input type=\"hidden\" name=\"_wpcf7_posted_data_hash\" value=\"\" \/>\n<\/div>\n<div class='custom_contact_style'>\n\t<p><label> T\u00ean c\u1ee7a b\u1ea1n<br \/>\n<span class=\"wpcf7-form-control-wrap\" data-name=\"your-name\"><input size=\"40\" class=\"wpcf7-form-control wpcf7-text wpcf7-validates-as-required\" autocomplete=\"name\" aria-required=\"true\" aria-invalid=\"false\" value=\"\" type=\"text\" name=\"your-name\" \/><\/span> <\/label>\n\t<\/p>\n\t<p><label> Email c\u1ee7a b\u1ea1n<br \/>\n<span class=\"wpcf7-form-control-wrap\" data-name=\"your-email\"><input size=\"40\" class=\"wpcf7-form-control wpcf7-email wpcf7-validates-as-required wpcf7-text wpcf7-validates-as-email\" autocomplete=\"email\" aria-required=\"true\" aria-invalid=\"false\" value=\"\" type=\"email\" name=\"your-email\" \/><\/span> <\/label>\n\t<\/p>\n\t<p><label> Tin nh\u1eafn c\u1ee7a b\u1ea1n (t\u00f9y ch\u1ecdn)<br \/>\n<span class=\"wpcf7-form-control-wrap\" data-name=\"your-message\"><textarea cols=\"40\" rows=\"10\" class=\"wpcf7-form-control wpcf7-textarea\" aria-invalid=\"false\" name=\"your-message\"><\/textarea><\/span> <\/label>\n\t<\/p>\n\t<div style=\"margin-bottom:10px;\">\n\t\t<p><span class=\"wpcf7-form-control-wrap kc_captcha cf7ic-toggle\" data-name=\"kc_captcha\"><span class=\"wpcf7-form-control wpcf7-radio\"><span class=\"captcha-image\" style=\"display: none;\"><span class=\"cf7ic_instructions\">H\u00e3y ch\u1ee9ng minh b\u1ea1n l\u00e0 con ng\u01b0\u1eddi b\u1eb1ng c\u00e1ch ch\u1ecdn<span> car<\/span>.<\/span><label><input aria-label=\"1\" type=\"radio\" name=\"kc_captcha\" value=\"bot\" \/><svg aria-hidden=\"true\" role=\"img\" xmlns=\"http:\/\/www.w3.org\/2000\/svg\" viewbox=\"0 0 576 512\"><path fill=\"currentColor\" d=\"M415 24c-53 0-103 42-127 65-24-23-74-65-127-65C70 24 16 77 16 166c0 72 67 133 69 135l187 181c9 8 23 8 32 0l187-180c2-3 69-64 69-136 0-89-54-142-145-142z\"\/><\/svg><\/label><label><input aria-label=\"2\" type=\"radio\" name=\"kc_captcha\" value=\"kc_human\" \/><svg aria-hidden=\"true\" role=\"img\" xmlns=\"http:\/\/www.w3.org\/2000\/svg\" viewbox=\"0 0 512 512\"><path fill=\"currentColor\" d=\"M500 168h-55l-8-21a127 127 0 00-120-83H195a127 127 0 00-120 83l-8 21H12c-8 0-14 8-11 16l8 24a12 12 0 0011 8h29a64 64 0 00-33 56v48c0 16 6 31 16 42v62c0 13 11 24 24 24h48c13 0 24-11 24-24v-40h256v40c0 13 11 24 24 24h48c13 0 24-11 24-24v-62c10-11 16-26 16-42v-48c0-24-13-45-33-56h29a12 12 0 0011-8l8-24c3-8-3-16-11-16zm-365 2c9-25 33-42 60-42h122c27 0 51 17 60 42l15 38H120l15-38zM88 328a32 32 0 010-64c18 0 48 30 48 48s-30 16-48 16zm336 0c-18 0-48 2-48-16s30-48 48-48 32 14 32 32-14 32-32 32z\"\/><\/svg><\/label><label><input aria-label=\"3\" type=\"radio\" name=\"kc_captcha\" value=\"bot\" \/><svg aria-hidden=\"true\" role=\"img\" xmlns=\"http:\/\/www.w3.org\/2000\/svg\" viewbox=\"0 0 576 512\"><path fill=\"currentColor\" d=\"M472 200H360L256 6a12 12 0 00-10-6h-58c-8 0-14 7-12 15l34 185H100l-35-58a12 12 0 00-10-6H12c-8 0-13 7-12 14l21 106L0 362c-1 7 4 14 12 14h43c4 0 8-2 10-6l35-58h110l-34 185c-2 8 4 15 12 15h58a12 12 0 0010-6l104-194h112c57 0 104-25 104-56s-47-56-104-56z\"\/><\/svg><\/label>\r\n    <\/span>\r\n    <span style=\"display:none\">\r\n        <input type=\"text\" name=\"kc_honeypot\">\r\n    <\/span><\/span><\/span>\n\t\t<\/p>\n\t<\/div>\n\t<p><input class=\"wpcf7-form-control wpcf7-submit has-spinner\" type=\"submit\" value=\"N\u1ed9p\" \/>\n\t<\/p>\n<\/div><div class=\"wpcf7-response-output\" aria-hidden=\"true\"><\/div>\n<input type=\"hidden\" name=\"trp-form-language\" value=\"vi\"\/><\/form>\n<\/div>","protected":false},"excerpt":{"rendered":"<p>M\u00e1y c\u1ea5p li\u1ec7u rung t\u00f9y ch\u1ec9nh c\u1ee7a SWOER cung c\u1ea5p c\u00e1c gi\u1ea3i ph\u00e1p ch\u00ednh x\u00e1c v\u00e0 hi\u1ec7u qu\u1ea3 \u0111\u1ec3 x\u1eed l\u00fd v\u00e0 \u0111\u1ecbnh h\u01b0\u1edbng l\u00f2 xo trong quy tr\u00ecnh s\u1ea3n xu\u1ea5t.<\/p>\n<p>N\u1ebfu b\u1ea1n mu\u1ed1n nh\u1eadn \u0111\u01b0\u1ee3c gi\u00e1 b\u00e1t \u0103n xin vui l\u00f2ng li\u00ean h\u1ec7 v\u1edbi ch\u00fang t\u00f4i.<\/p>","protected":false},"featured_media":1731,"comment_status":"open","ping_status":"closed","template":"","meta":[],"product_cat":[37],"product_tag":[],"yoast_head":"<!-- This site is optimized with the Yoast SEO plugin v22.2 - https:\/\/yoast.com\/wordpress\/plugins\/seo\/ -->\n<title>Part Feeding Systems for Springs | Bowl Feeder for Springs<\/title>\n<meta name=\"description\" content=\"Looking for reliable spring part feeding solutions? Our systems ensure consistent part delivery, reducing downtime and improving product quality. Contact us today!\" \/>\n<meta name=\"robots\" content=\"index, follow, max-snippet:-1, max-image-preview:large, max-video-preview:-1\" \/>\n<link rel=\"canonical\" href=\"https:\/\/swoer.com\/vi\/manufacturer\/part-feeding-systems-for-springs\/\" \/>\n<meta property=\"og:locale\" content=\"vi_VN\" \/>\n<meta property=\"og:type\" content=\"article\" \/>\n<meta property=\"og:title\" content=\"Part Feeding Systems for Springs | Bowl Feeder for Springs\" \/>\n<meta property=\"og:description\" content=\"Looking for reliable spring part feeding solutions? Our systems ensure consistent part delivery, reducing downtime and improving product quality. Contact us today!\" \/>\n<meta property=\"og:url\" content=\"https:\/\/swoer.com\/vi\/manufacturer\/part-feeding-systems-for-springs\/\" \/>\n<meta property=\"og:site_name\" content=\"SWOER\" \/>\n<meta property=\"article:modified_time\" content=\"2024-08-03T06:36:48+00:00\" \/>\n<meta property=\"og:image\" content=\"https:\/\/swoer.com\/wp-content\/uploads\/2024\/03\/springs-bowl-feeder-machine.webp\" \/>\n\t<meta property=\"og:image:width\" content=\"1000\" \/>\n\t<meta property=\"og:image:height\" content=\"1000\" \/>\n\t<meta property=\"og:image:type\" content=\"image\/webp\" \/>\n<meta name=\"twitter:card\" content=\"summary_large_image\" \/>\n<meta name=\"twitter:label1\" content=\"\u01af\u1edbc t\u00ednh th\u1eddi gian \u0111\u1ecdc\" \/>\n\t<meta name=\"twitter:data1\" content=\"2 ph\u00fat\" \/>\n<script type=\"application\/ld+json\" class=\"yoast-schema-graph\">{\"@context\":\"https:\/\/schema.org\",\"@graph\":[{\"@type\":\"WebPage\",\"@id\":\"https:\/\/swoer.com\/manufacturer\/part-feeding-systems-for-springs\/\",\"url\":\"https:\/\/swoer.com\/manufacturer\/part-feeding-systems-for-springs\/\",\"name\":\"Part Feeding Systems for Springs | Bowl Feeder for Springs\",\"isPartOf\":{\"@id\":\"https:\/\/swoer.com\/#website\"},\"primaryImageOfPage\":{\"@id\":\"https:\/\/swoer.com\/manufacturer\/part-feeding-systems-for-springs\/#primaryimage\"},\"image\":{\"@id\":\"https:\/\/swoer.com\/manufacturer\/part-feeding-systems-for-springs\/#primaryimage\"},\"thumbnailUrl\":\"https:\/\/swoer.com\/wp-content\/uploads\/2024\/03\/springs-bowl-feeder-machine.webp\",\"datePublished\":\"2024-03-30T03:32:35+00:00\",\"dateModified\":\"2024-08-03T06:36:48+00:00\",\"description\":\"Looking for reliable spring part feeding solutions? Our systems ensure consistent part delivery, reducing downtime and improving product quality. Contact us today!\",\"breadcrumb\":{\"@id\":\"https:\/\/swoer.com\/manufacturer\/part-feeding-systems-for-springs\/#breadcrumb\"},\"inLanguage\":\"vi\",\"potentialAction\":[{\"@type\":\"ReadAction\",\"target\":[\"https:\/\/swoer.com\/manufacturer\/part-feeding-systems-for-springs\/\"]}]},{\"@type\":\"ImageObject\",\"inLanguage\":\"vi\",\"@id\":\"https:\/\/swoer.com\/manufacturer\/part-feeding-systems-for-springs\/#primaryimage\",\"url\":\"https:\/\/swoer.com\/wp-content\/uploads\/2024\/03\/springs-bowl-feeder-machine.webp\",\"contentUrl\":\"https:\/\/swoer.com\/wp-content\/uploads\/2024\/03\/springs-bowl-feeder-machine.webp\",\"width\":1000,\"height\":1000,\"caption\":\"springs bowl feeder machine\"},{\"@type\":\"BreadcrumbList\",\"@id\":\"https:\/\/swoer.com\/manufacturer\/part-feeding-systems-for-springs\/#breadcrumb\",\"itemListElement\":[{\"@type\":\"ListItem\",\"position\":1,\"name\":\"Home\",\"item\":\"https:\/\/swoer.com\/\"},{\"@type\":\"ListItem\",\"position\":2,\"name\":\"Shop\",\"item\":\"https:\/\/swoer.com\/shop\/\"},{\"@type\":\"ListItem\",\"position\":3,\"name\":\"Part Feeding Systems for Springs\"}]},{\"@type\":\"WebSite\",\"@id\":\"https:\/\/swoer.com\/#website\",\"url\":\"https:\/\/swoer.com\/\",\"name\":\"SWOER\",\"description\":\"Swoer is the top 3 vibratory bowl feeder manufacturer in China\",\"potentialAction\":[{\"@type\":\"SearchAction\",\"target\":{\"@type\":\"EntryPoint\",\"urlTemplate\":\"https:\/\/swoer.com\/?s={search_term_string}\"},\"query-input\":\"required name=search_term_string\"}],\"inLanguage\":\"vi\"}]}<\/script>\n<!-- \/ Yoast SEO plugin. -->","yoast_head_json":{"title":"Part Feeding Systems for Springs | Bowl Feeder for Springs","description":"Looking for reliable spring part feeding solutions? Our systems ensure consistent part delivery, reducing downtime and improving product quality. Contact us today!","robots":{"index":"index","follow":"follow","max-snippet":"max-snippet:-1","max-image-preview":"max-image-preview:large","max-video-preview":"max-video-preview:-1"},"canonical":"https:\/\/swoer.com\/vi\/manufacturer\/part-feeding-systems-for-springs\/","og_locale":"vi_VN","og_type":"article","og_title":"Part Feeding Systems for Springs | Bowl Feeder for Springs","og_description":"Looking for reliable spring part feeding solutions? Our systems ensure consistent part delivery, reducing downtime and improving product quality. Contact us today!","og_url":"https:\/\/swoer.com\/vi\/manufacturer\/part-feeding-systems-for-springs\/","og_site_name":"SWOER","article_modified_time":"2024-08-03T06:36:48+00:00","og_image":[{"width":1000,"height":1000,"url":"https:\/\/swoer.com\/wp-content\/uploads\/2024\/03\/springs-bowl-feeder-machine.webp","type":"image\/webp"}],"twitter_card":"summary_large_image","twitter_misc":{"\u01af\u1edbc t\u00ednh th\u1eddi gian \u0111\u1ecdc":"2 ph\u00fat"},"schema":{"@context":"https:\/\/schema.org","@graph":[{"@type":"WebPage","@id":"https:\/\/swoer.com\/manufacturer\/part-feeding-systems-for-springs\/","url":"https:\/\/swoer.com\/manufacturer\/part-feeding-systems-for-springs\/","name":"Part Feeding Systems for Springs | Bowl Feeder for Springs","isPartOf":{"@id":"https:\/\/swoer.com\/#website"},"primaryImageOfPage":{"@id":"https:\/\/swoer.com\/manufacturer\/part-feeding-systems-for-springs\/#primaryimage"},"image":{"@id":"https:\/\/swoer.com\/manufacturer\/part-feeding-systems-for-springs\/#primaryimage"},"thumbnailUrl":"https:\/\/swoer.com\/wp-content\/uploads\/2024\/03\/springs-bowl-feeder-machine.webp","datePublished":"2024-03-30T03:32:35+00:00","dateModified":"2024-08-03T06:36:48+00:00","description":"Looking for reliable spring part feeding solutions? Our systems ensure consistent part delivery, reducing downtime and improving product quality. Contact us today!","breadcrumb":{"@id":"https:\/\/swoer.com\/manufacturer\/part-feeding-systems-for-springs\/#breadcrumb"},"inLanguage":"vi","potentialAction":[{"@type":"ReadAction","target":["https:\/\/swoer.com\/manufacturer\/part-feeding-systems-for-springs\/"]}]},{"@type":"ImageObject","inLanguage":"vi","@id":"https:\/\/swoer.com\/manufacturer\/part-feeding-systems-for-springs\/#primaryimage","url":"https:\/\/swoer.com\/wp-content\/uploads\/2024\/03\/springs-bowl-feeder-machine.webp","contentUrl":"https:\/\/swoer.com\/wp-content\/uploads\/2024\/03\/springs-bowl-feeder-machine.webp","width":1000,"height":1000,"caption":"springs bowl feeder machine"},{"@type":"BreadcrumbList","@id":"https:\/\/swoer.com\/manufacturer\/part-feeding-systems-for-springs\/#breadcrumb","itemListElement":[{"@type":"ListItem","position":1,"name":"Home","item":"https:\/\/swoer.com\/"},{"@type":"ListItem","position":2,"name":"Shop","item":"https:\/\/swoer.com\/shop\/"},{"@type":"ListItem","position":3,"name":"Part Feeding Systems for Springs"}]},{"@type":"WebSite","@id":"https:\/\/swoer.com\/#website","url":"https:\/\/swoer.com\/","name":"SWOER","description":"Swoer is the top 3 vibratory bowl feeder manufacturer in China","potentialAction":[{"@type":"SearchAction","target":{"@type":"EntryPoint","urlTemplate":"https:\/\/swoer.com\/?s={search_term_string}"},"query-input":"required name=search_term_string"}],"inLanguage":"vi"}]}},"_links":{"self":[{"href":"https:\/\/swoer.com\/vi\/wp-json\/wp\/v2\/product\/1730"}],"collection":[{"href":"https:\/\/swoer.com\/vi\/wp-json\/wp\/v2\/product"}],"about":[{"href":"https:\/\/swoer.com\/vi\/wp-json\/wp\/v2\/types\/product"}],"replies":[{"embeddable":true,"href":"https:\/\/swoer.com\/vi\/wp-json\/wp\/v2\/comments?post=1730"}],"wp:featuredmedia":[{"embeddable":true,"href":"https:\/\/swoer.com\/vi\/wp-json\/wp\/v2\/media\/1731"}],"wp:attachment":[{"href":"https:\/\/swoer.com\/vi\/wp-json\/wp\/v2\/media?parent=1730"}],"wp:term":[{"taxonomy":"product_cat","embeddable":true,"href":"https:\/\/swoer.com\/vi\/wp-json\/wp\/v2\/product_cat?post=1730"},{"taxonomy":"product_tag","embeddable":true,"href":"https:\/\/swoer.com\/vi\/wp-json\/wp\/v2\/product_tag?post=1730"}],"curies":[{"name":"wp","href":"https:\/\/api.w.org\/{rel}","templated":true}]}}