{"id":1712,"date":"2024-03-29T09:06:43","date_gmt":"2024-03-29T09:06:43","guid":{"rendered":"https:\/\/lightgrey-porpoise-816575.hostingersite.com\/?post_type=product&#038;p=1712"},"modified":"2024-08-01T10:37:40","modified_gmt":"2024-08-01T02:37:40","slug":"m8-22-hex-nuts-bowl-feeder-manufacturers","status":"publish","type":"product","link":"https:\/\/swoer.com\/vi\/manufacturer\/m8-22-hex-nuts-bowl-feeder-manufacturers\/","title":{"rendered":"B\u1ed9 n\u1ea1p b\u00e1t rung M8-22 Hex Nuts"},"content":{"rendered":"<p>SWOER l\u00e0 nh\u00e0 s\u1ea3n xu\u1ea5t h\u00e0ng \u0111\u1ea7u v\u1ec1 m\u00e1y c\u1ea5p li\u1ec7u d\u1ea1ng b\u00e1t l\u1ee5c gi\u00e1c M8-22, cung c\u1ea5p c\u00e1c gi\u1ea3i ph\u00e1p \u0111\u01b0\u1ee3c thi\u1ebft k\u1ebf ch\u00ednh x\u00e1c ph\u00f9 h\u1ee3p \u0111\u1ec3 \u0111\u00e1p \u1ee9ng nhu c\u1ea7u s\u1ea3n xu\u1ea5t hi\u1ec7n \u0111\u1ea1i. Chuy\u00ean m\u00f4n v\u1ec1 c\u00f4ng ngh\u1ec7 m\u00e1y c\u1ea5p li\u1ec7u b\u00e1t rung c\u1ee7a ch\u00fang t\u00f4i \u0111\u1ea3m b\u1ea3o x\u1eed l\u00fd b\u1ed9 ph\u1eadn hi\u1ec7u qu\u1ea3 v\u00e0 \u0111\u00e1ng tin c\u1eady, t\u1ed1i \u01b0u h\u00f3a quy tr\u00ecnh s\u1ea3n xu\u1ea5t \u0111\u1ec3 \u0111\u1ea1t n\u0103ng su\u1ea5t t\u1ed1i \u0111a. V\u1edbi SWOER, b\u1ea1n c\u00f3 th\u1ec3 tin t\u01b0\u1edfng v\u00e0o ch\u1ea5t l\u01b0\u1ee3ng tay ngh\u1ec1, thi\u1ebft k\u1ebf s\u00e1ng t\u1ea1o v\u00e0 hi\u1ec7u su\u1ea5t v\u01b0\u1ee3t tr\u1ed9i, khi\u1ebfn ch\u00fang t\u00f4i tr\u1edf th\u00e0nh l\u1ef1a ch\u1ecdn \u01b0u ti\u00ean cho c\u00e1c nh\u00e0 s\u1ea3n xu\u1ea5t m\u00e1y c\u1ea5p li\u1ec7u b\u00e1t l\u1ee5c gi\u00e1c M8-22.<\/p>\n\t<div id=\"gap-2044579166\" class=\"gap-element clearfix\" style=\"display:block; height:auto;\">\n\t\t\n<style>\n#gap-2044579166 {\n  padding-top: 30px;\n}\n<\/style>\n\t<\/div>\n\t\n<h2>Th\u00f4ng s\u1ed1 k\u1ef9 thu\u1eadt c\u1ee7a b\u1ed9 n\u1ea1p b\u00e1t:<\/h2>\n<table width=\"684\">\n<tbody>\n<tr>\n<td width=\"183\">t\u00ean s\u1ea3n ph\u1ea9m<\/td>\n<td width=\"501\">Nh\u00e0 s\u1ea3n xu\u1ea5t m\u00e1y c\u1ea5p li\u1ec7u b\u00e1t M8-22 Hex Nuts<\/td>\n<\/tr>\n<tr>\n<td>V\u1eadt li\u1ec7u<\/td>\n<td>\u00a0SUS201\/304<\/td>\n<\/tr>\n<tr>\n<td>\u0110\u1eb7c s\u1ea3n v\u1eadt li\u1ec7u<\/td>\n<td>H\u1ee3p kim r\u00e8n x\u1eed l\u00fd ngu\u1ed9i, \u0110\u1ed9 b\u1ec1n cao, \u0110\u1ed9 c\u1ee9ng cao<\/td>\n<\/tr>\n<tr>\n<td>V\u00f4n<\/td>\n<td>220V<\/td>\n<\/tr>\n<tr>\n<td>Quy\u1ec1n l\u1ef1c<\/td>\n<td>65W \/150W \/180W \/ 220W \/ 350W<\/td>\n<\/tr>\n<tr>\n<td>X\u00e1c th\u1ef1c<\/td>\n<td>CE, ROHS, ISO9001<\/td>\n<\/tr>\n<tr>\n<td>S\u1ef1 b\u1ea3o \u0111\u1ea3m<\/td>\n<td>b\u1ea3o h\u00e0nh 1 n\u0103m<\/td>\n<\/tr>\n<tr>\n<td>MOQ<\/td>\n<td>1 b\u1ed9<\/td>\n<\/tr>\n<tr>\n<td>Th\u1eddi gian d\u1eabn<\/td>\n<td>10-14 ng\u00e0y<\/td>\n<\/tr>\n<tr>\n<td>Ch\u00ednh s\u00e1ch thanh to\u00e1n<\/td>\n<td>T\/T 40% \u0110\u1eb7t c\u1ecdc v\u00e0 c\u00e2n \u0111\u1ed1i tr\u01b0\u1edbc khi giao h\u00e0ng<\/td>\n<\/tr>\n<tr>\n<td>B\u1ea3n g\u1ed1c c\u1ee7a \u0111\u1ecba \u0111i\u1ec3m<\/td>\n<td>Trung Qu\u1ed1c<\/td>\n<\/tr>\n<\/tbody>\n<\/table>\n\t<div id=\"gap-504167286\" class=\"gap-element clearfix\" style=\"display:block; height:auto;\">\n\t\t\n<style>\n#gap-504167286 {\n  padding-top: 30px;\n}\n<\/style>\n\t<\/div>\n\t\n<h3><strong>C\u1ea7n m\u1ed9t b\u1ed9 n\u1ea1p \u0111ai \u1ed1c l\u1ee5c gi\u00e1c M8-22 \u0111\u00e1ng tin c\u1eady?<\/strong>\u00a0<\/h3>\n<p>SWOER cung c\u1ea5p c\u00e1c gi\u1ea3i ph\u00e1p t\u00f9y ch\u1ec9nh \u0111\u1ec3 \u0111\u00e1p \u1ee9ng nhu c\u1ea7u ch\u00ednh x\u00e1c c\u1ee7a b\u1ea1n. M\u00e1y c\u1ea5p li\u1ec7u b\u00e1t rung c\u1ee7a ch\u00fang t\u00f4i \u0111\u01b0\u1ee3c thi\u1ebft k\u1ebf \u0111\u1ec3 t\u0103ng hi\u1ec7u qu\u1ea3 s\u1ea3n xu\u1ea5t v\u00e0 gi\u1ea3m th\u1eddi gian ng\u1eebng ho\u1ea1t \u0111\u1ed9ng.<\/p>\n<h3><strong>Mu\u1ed1n t\u00ecm hi\u1ec3u th\u00eam?<\/strong>\u00a0<\/h3>\n<p>Li\u00ean h\u1ec7 v\u1edbi ch\u00fang t\u00f4i ngay h\u00f4m nay \u0111\u1ec3 th\u1ea3o lu\u1eadn v\u1ec1 c\u00e1c y\u00eau c\u1ea7u c\u1ee5 th\u1ec3 c\u1ee7a b\u1ea1n. Ch\u00fang t\u00f4i s\u1ebd cung c\u1ea5p cho b\u1ea1n b\u00e1o gi\u00e1 ph\u00f9 h\u1ee3p v\u00e0 tr\u1ea3 l\u1eddi b\u1ea5t k\u1ef3 c\u00e2u h\u1ecfi n\u00e0o b\u1ea1n c\u00f3 th\u1ec3 c\u00f3.<\/p>\n<h3><strong>C\u00e1c t\u00ednh n\u0103ng ch\u00ednh c\u1ee7a b\u1ed9 n\u1ea1p \u0111ai \u1ed1c l\u1ee5c gi\u00e1c M8-22 c\u1ee7a ch\u00fang t\u00f4i:<\/strong><\/h3>\n<ul>\n<li><strong>T\u1ed1c \u0111\u1ed9 cao:<\/strong>Cung c\u1ea5p h\u00e0ng ng\u00e0n b\u1ed9 ph\u1eadn m\u1ed7i gi\u1edd<\/li>\n<li><strong>T\u00f9y ch\u1ec9nh:<\/strong>Ph\u00f9 h\u1ee3p v\u1edbi c\u00e1c b\u1ed9 ph\u1eadn v\u00e0 d\u00e2y chuy\u1ec1n s\u1ea3n xu\u1ea5t c\u1ee5 th\u1ec3 c\u1ee7a b\u1ea1n<\/li>\n<li><strong>\u0110\u00e1ng tin c\u1eady:<\/strong>\u0110\u01b0\u1ee3c thi\u1ebft k\u1ebf \u0111\u1ec3 t\u1ed3n t\u1ea1i l\u00e2u d\u00e0i v\u00e0 duy tr\u00ec hi\u1ec7u su\u1ea5t \u1ed5n \u0111\u1ecbnh<\/li>\n<li><strong>Ho\u1ea1t \u0111\u1ed9ng y\u00ean t\u0129nh:<\/strong>Gi\u1ea3m thi\u1ec3u \u00f4 nhi\u1ec5m ti\u1ebfng \u1ed3n trong kh\u00f4ng gian l\u00e0m vi\u1ec7c c\u1ee7a b\u1ea1n<\/li>\n<\/ul>\n\t<div id=\"gap-1012807287\" class=\"gap-element clearfix\" style=\"display:block; height:auto;\">\n\t\t\n<style>\n#gap-1012807287 {\n  padding-top: 30px;\n}\n<\/style>\n\t<\/div>\n\t\n<h3 style=\"text-align: center;\"><strong>\u0110\u1eebng ch\u1edd \u0111\u1ee3i!<\/strong>\u00a0Li\u00ean l\u1ea1c v\u1edbi ch\u00fang t\u00f4i h\u00f4m nay \u0111\u1ec3 b\u1eaft \u0111\u1ea7u.<\/h3>\n\n<div class=\"wpcf7 no-js\" id=\"wpcf7-f5-o1\" lang=\"en-US\" dir=\"ltr\">\n<div class=\"screen-reader-response\"><p role=\"status\" aria-live=\"polite\" aria-atomic=\"true\"><\/p> <ul><\/ul><\/div>\n<form action=\"\/vi\/wp-json\/wp\/v2\/product\/1712#wpcf7-f5-o1\" method=\"post\" class=\"wpcf7-form init\" aria-label=\"M\u00e2u li\u00ean h\u00ea\u0323\" novalidate=\"novalidate\" data-status=\"init\" data-trp-original-action=\"\/vi\/wp-json\/wp\/v2\/product\/1712#wpcf7-f5-o1\">\n<div style=\"display: none;\">\n<input type=\"hidden\" name=\"_wpcf7\" value=\"5\" \/>\n<input type=\"hidden\" name=\"_wpcf7_version\" value=\"5.9.2\" \/>\n<input type=\"hidden\" name=\"_wpcf7_locale\" value=\"en_US\" \/>\n<input type=\"hidden\" name=\"_wpcf7_unit_tag\" value=\"wpcf7-f5-o1\" \/>\n<input type=\"hidden\" name=\"_wpcf7_container_post\" value=\"0\" \/>\n<input type=\"hidden\" name=\"_wpcf7_posted_data_hash\" value=\"\" \/>\n<\/div>\n<div class='custom_contact_style'>\n\t<p><label> T\u00ean c\u1ee7a b\u1ea1n<br \/>\n<span class=\"wpcf7-form-control-wrap\" data-name=\"your-name\"><input size=\"40\" class=\"wpcf7-form-control wpcf7-text wpcf7-validates-as-required\" autocomplete=\"name\" aria-required=\"true\" aria-invalid=\"false\" value=\"\" type=\"text\" name=\"your-name\" \/><\/span> <\/label>\n\t<\/p>\n\t<p><label> Email c\u1ee7a b\u1ea1n<br \/>\n<span class=\"wpcf7-form-control-wrap\" data-name=\"your-email\"><input size=\"40\" class=\"wpcf7-form-control wpcf7-email wpcf7-validates-as-required wpcf7-text wpcf7-validates-as-email\" autocomplete=\"email\" aria-required=\"true\" aria-invalid=\"false\" value=\"\" type=\"email\" name=\"your-email\" \/><\/span> <\/label>\n\t<\/p>\n\t<p><label> Tin nh\u1eafn c\u1ee7a b\u1ea1n (t\u00f9y ch\u1ecdn)<br \/>\n<span class=\"wpcf7-form-control-wrap\" data-name=\"your-message\"><textarea cols=\"40\" rows=\"10\" class=\"wpcf7-form-control wpcf7-textarea\" aria-invalid=\"false\" name=\"your-message\"><\/textarea><\/span> <\/label>\n\t<\/p>\n\t<div style=\"margin-bottom:10px;\">\n\t\t<p><span class=\"wpcf7-form-control-wrap kc_captcha cf7ic-toggle\" data-name=\"kc_captcha\"><span class=\"wpcf7-form-control wpcf7-radio\"><span class=\"captcha-image\" style=\"display: none;\"><span class=\"cf7ic_instructions\">H\u00e3y ch\u1ee9ng minh b\u1ea1n l\u00e0 con ng\u01b0\u1eddi b\u1eb1ng c\u00e1ch ch\u1ecdn<span> star<\/span>.<\/span><label><input aria-label=\"1\" type=\"radio\" name=\"kc_captcha\" value=\"kc_human\" \/><svg aria-hidden=\"true\" role=\"img\" xmlns=\"http:\/\/www.w3.org\/2000\/svg\" viewbox=\"0 0 576 512\"><path fill=\"currentColor\" d=\"M259 18l-65 132-146 22c-26 3-37 36-18 54l106 103-25 146c-5 26 23 46 46 33l131-68 131 68c23 13 51-7 46-33l-25-146 106-103c19-18 8-51-18-54l-146-22-65-132a32 32 0 00-58 0z\"\/><\/svg><\/label><label><input aria-label=\"2\" type=\"radio\" name=\"kc_captcha\" value=\"bot\" \/><svg aria-hidden=\"true\" role=\"img\" xmlns=\"http:\/\/www.w3.org\/2000\/svg\" viewbox=\"0 0 512 512\"><path fill=\"currentColor\" d=\"M350 99c-54 0-98-35-166-35-25 0-47 4-68 12a56 56 0 004-24C118 24 95 1 66 0a56 56 0 00-34 102v386c0 13 11 24 24 24h16c13 0 24-11 24-24v-94c28-12 64-23 114-23 54 0 98 35 166 35 48 0 86-16 122-41 9-6 14-15 14-26V96c0-23-24-39-45-29-35 16-77 32-117 32z\"\/><\/svg><\/label><label><input aria-label=\"3\" type=\"radio\" name=\"kc_captcha\" value=\"bot\" \/><svg aria-hidden=\"true\" role=\"img\" xmlns=\"http:\/\/www.w3.org\/2000\/svg\" viewbox=\"0 0 640 512\"><path fill=\"currentColor\" d=\"M624 352h-16V244c0-13-5-25-14-34L494 110c-9-9-21-14-34-14h-44V48c0-26-21-48-48-48H48C22 0 0 22 0 48v320c0 27 22 48 48 48h16a96 96 0 00192 0h128a96 96 0 00192 0h48c9 0 16-7 16-16v-32c0-9-7-16-16-16zM160 464a48 48 0 110-96 48 48 0 010 96zm320 0a48 48 0 110-96 48 48 0 010 96zm80-208H416V144h44l100 100v12z\"\/><\/svg><\/label>\r\n    <\/span>\r\n    <span style=\"display:none\">\r\n        <input type=\"text\" name=\"kc_honeypot\">\r\n    <\/span><\/span><\/span>\n\t\t<\/p>\n\t<\/div>\n\t<p><input class=\"wpcf7-form-control wpcf7-submit has-spinner\" type=\"submit\" value=\"N\u1ed9p\" \/>\n\t<\/p>\n<\/div><div class=\"wpcf7-response-output\" aria-hidden=\"true\"><\/div>\n<input type=\"hidden\" name=\"trp-form-language\" value=\"vi\"\/><\/form>\n<\/div>","protected":false},"excerpt":{"rendered":"<p>N\u1ea1p \u0111ai \u1ed1c l\u1ee5c gi\u00e1c M8-22 m\u1ed9t c\u00e1ch hi\u1ec7u qu\u1ea3 b\u1eb1ng b\u1ed9 n\u1ea1p b\u00e1t rung t\u00f9y ch\u1ec9nh c\u1ee7a ch\u00fang t\u00f4i. C\u1ea3i thi\u1ec7n d\u00e2y chuy\u1ec1n l\u1eafp r\u00e1p c\u1ee7a b\u1ea1n b\u1eb1ng c\u00e1c gi\u1ea3i ph\u00e1p \u0111\u00e1ng tin c\u1eady v\u00e0 c\u00f3 th\u1ec3 t\u00f9y ch\u1ec9nh c\u1ee7a ch\u00fang t\u00f4i.<\/p>","protected":false},"featured_media":1713,"comment_status":"open","ping_status":"closed","template":"","meta":[],"product_cat":[37],"product_tag":[],"yoast_head":"<!-- This site is optimized with the Yoast SEO plugin v22.2 - https:\/\/yoast.com\/wordpress\/plugins\/seo\/ -->\n<title>Automatic M8-22 Hex Nut Feeding System | Vibratory Bowl Feeder<\/title>\n<meta name=\"description\" content=\"M8-22 hex nut vibratory bowl feeder, Custom solutions are available to meet your specific requirements. Increase production efficiency and reduce labor costs.\" \/>\n<meta name=\"robots\" content=\"index, follow, max-snippet:-1, max-image-preview:large, max-video-preview:-1\" \/>\n<link rel=\"canonical\" href=\"https:\/\/swoer.com\/vi\/manufacturer\/m8-22-hex-nuts-bowl-feeder-manufacturers\/\" \/>\n<meta property=\"og:locale\" content=\"vi_VN\" \/>\n<meta property=\"og:type\" content=\"article\" \/>\n<meta property=\"og:title\" content=\"Automatic M8-22 Hex Nut Feeding System | Vibratory Bowl Feeder\" \/>\n<meta property=\"og:description\" content=\"M8-22 hex nut vibratory bowl feeder, Custom solutions are available to meet your specific requirements. Increase production efficiency and reduce labor costs.\" \/>\n<meta property=\"og:url\" content=\"https:\/\/swoer.com\/vi\/manufacturer\/m8-22-hex-nuts-bowl-feeder-manufacturers\/\" \/>\n<meta property=\"og:site_name\" content=\"SWOER\" \/>\n<meta property=\"article:modified_time\" content=\"2024-08-01T02:37:40+00:00\" \/>\n<meta property=\"og:image\" content=\"https:\/\/swoer.com\/wp-content\/uploads\/2024\/03\/M8-22-Hex-Nuts-Bowl-Feeder-Manufacturers.webp\" \/>\n\t<meta property=\"og:image:width\" content=\"1000\" \/>\n\t<meta property=\"og:image:height\" content=\"1000\" \/>\n\t<meta property=\"og:image:type\" content=\"image\/webp\" \/>\n<meta name=\"twitter:card\" content=\"summary_large_image\" \/>\n<meta name=\"twitter:label1\" content=\"\u01af\u1edbc t\u00ednh th\u1eddi gian \u0111\u1ecdc\" \/>\n\t<meta name=\"twitter:data1\" content=\"1 ph\u00fat\" \/>\n<script type=\"application\/ld+json\" class=\"yoast-schema-graph\">{\"@context\":\"https:\/\/schema.org\",\"@graph\":[{\"@type\":\"WebPage\",\"@id\":\"https:\/\/swoer.com\/manufacturer\/m8-22-hex-nuts-bowl-feeder-manufacturers\/\",\"url\":\"https:\/\/swoer.com\/manufacturer\/m8-22-hex-nuts-bowl-feeder-manufacturers\/\",\"name\":\"Automatic M8-22 Hex Nut Feeding System | Vibratory Bowl Feeder\",\"isPartOf\":{\"@id\":\"https:\/\/swoer.com\/#website\"},\"primaryImageOfPage\":{\"@id\":\"https:\/\/swoer.com\/manufacturer\/m8-22-hex-nuts-bowl-feeder-manufacturers\/#primaryimage\"},\"image\":{\"@id\":\"https:\/\/swoer.com\/manufacturer\/m8-22-hex-nuts-bowl-feeder-manufacturers\/#primaryimage\"},\"thumbnailUrl\":\"https:\/\/swoer.com\/wp-content\/uploads\/2024\/03\/M8-22-Hex-Nuts-Bowl-Feeder-Manufacturers.webp\",\"datePublished\":\"2024-03-29T09:06:43+00:00\",\"dateModified\":\"2024-08-01T02:37:40+00:00\",\"description\":\"M8-22 hex nut vibratory bowl feeder, Custom solutions are available to meet your specific requirements. Increase production efficiency and reduce labor costs.\",\"breadcrumb\":{\"@id\":\"https:\/\/swoer.com\/manufacturer\/m8-22-hex-nuts-bowl-feeder-manufacturers\/#breadcrumb\"},\"inLanguage\":\"vi\",\"potentialAction\":[{\"@type\":\"ReadAction\",\"target\":[\"https:\/\/swoer.com\/manufacturer\/m8-22-hex-nuts-bowl-feeder-manufacturers\/\"]}]},{\"@type\":\"ImageObject\",\"inLanguage\":\"vi\",\"@id\":\"https:\/\/swoer.com\/manufacturer\/m8-22-hex-nuts-bowl-feeder-manufacturers\/#primaryimage\",\"url\":\"https:\/\/swoer.com\/wp-content\/uploads\/2024\/03\/M8-22-Hex-Nuts-Bowl-Feeder-Manufacturers.webp\",\"contentUrl\":\"https:\/\/swoer.com\/wp-content\/uploads\/2024\/03\/M8-22-Hex-Nuts-Bowl-Feeder-Manufacturers.webp\",\"width\":1000,\"height\":1000,\"caption\":\"M8-22 Hex Nuts Bowl Feeder Manufacturers\"},{\"@type\":\"BreadcrumbList\",\"@id\":\"https:\/\/swoer.com\/manufacturer\/m8-22-hex-nuts-bowl-feeder-manufacturers\/#breadcrumb\",\"itemListElement\":[{\"@type\":\"ListItem\",\"position\":1,\"name\":\"Home\",\"item\":\"https:\/\/swoer.com\/\"},{\"@type\":\"ListItem\",\"position\":2,\"name\":\"Shop\",\"item\":\"https:\/\/swoer.com\/shop\/\"},{\"@type\":\"ListItem\",\"position\":3,\"name\":\"M8-22 Hex Nuts Vibratory Bowl Feeder\"}]},{\"@type\":\"WebSite\",\"@id\":\"https:\/\/swoer.com\/#website\",\"url\":\"https:\/\/swoer.com\/\",\"name\":\"SWOER\",\"description\":\"Swoer is the top 3 vibratory bowl feeder manufacturer in China\",\"potentialAction\":[{\"@type\":\"SearchAction\",\"target\":{\"@type\":\"EntryPoint\",\"urlTemplate\":\"https:\/\/swoer.com\/?s={search_term_string}\"},\"query-input\":\"required name=search_term_string\"}],\"inLanguage\":\"vi\"}]}<\/script>\n<!-- \/ Yoast SEO plugin. -->","yoast_head_json":{"title":"Automatic M8-22 Hex Nut Feeding System | Vibratory Bowl Feeder","description":"M8-22 hex nut vibratory bowl feeder, Custom solutions are available to meet your specific requirements. Increase production efficiency and reduce labor costs.","robots":{"index":"index","follow":"follow","max-snippet":"max-snippet:-1","max-image-preview":"max-image-preview:large","max-video-preview":"max-video-preview:-1"},"canonical":"https:\/\/swoer.com\/vi\/manufacturer\/m8-22-hex-nuts-bowl-feeder-manufacturers\/","og_locale":"vi_VN","og_type":"article","og_title":"Automatic M8-22 Hex Nut Feeding System | Vibratory Bowl Feeder","og_description":"M8-22 hex nut vibratory bowl feeder, Custom solutions are available to meet your specific requirements. Increase production efficiency and reduce labor costs.","og_url":"https:\/\/swoer.com\/vi\/manufacturer\/m8-22-hex-nuts-bowl-feeder-manufacturers\/","og_site_name":"SWOER","article_modified_time":"2024-08-01T02:37:40+00:00","og_image":[{"width":1000,"height":1000,"url":"https:\/\/swoer.com\/wp-content\/uploads\/2024\/03\/M8-22-Hex-Nuts-Bowl-Feeder-Manufacturers.webp","type":"image\/webp"}],"twitter_card":"summary_large_image","twitter_misc":{"\u01af\u1edbc t\u00ednh th\u1eddi gian \u0111\u1ecdc":"1 ph\u00fat"},"schema":{"@context":"https:\/\/schema.org","@graph":[{"@type":"WebPage","@id":"https:\/\/swoer.com\/manufacturer\/m8-22-hex-nuts-bowl-feeder-manufacturers\/","url":"https:\/\/swoer.com\/manufacturer\/m8-22-hex-nuts-bowl-feeder-manufacturers\/","name":"Automatic M8-22 Hex Nut Feeding System | Vibratory Bowl Feeder","isPartOf":{"@id":"https:\/\/swoer.com\/#website"},"primaryImageOfPage":{"@id":"https:\/\/swoer.com\/manufacturer\/m8-22-hex-nuts-bowl-feeder-manufacturers\/#primaryimage"},"image":{"@id":"https:\/\/swoer.com\/manufacturer\/m8-22-hex-nuts-bowl-feeder-manufacturers\/#primaryimage"},"thumbnailUrl":"https:\/\/swoer.com\/wp-content\/uploads\/2024\/03\/M8-22-Hex-Nuts-Bowl-Feeder-Manufacturers.webp","datePublished":"2024-03-29T09:06:43+00:00","dateModified":"2024-08-01T02:37:40+00:00","description":"M8-22 hex nut vibratory bowl feeder, Custom solutions are available to meet your specific requirements. Increase production efficiency and reduce labor costs.","breadcrumb":{"@id":"https:\/\/swoer.com\/manufacturer\/m8-22-hex-nuts-bowl-feeder-manufacturers\/#breadcrumb"},"inLanguage":"vi","potentialAction":[{"@type":"ReadAction","target":["https:\/\/swoer.com\/manufacturer\/m8-22-hex-nuts-bowl-feeder-manufacturers\/"]}]},{"@type":"ImageObject","inLanguage":"vi","@id":"https:\/\/swoer.com\/manufacturer\/m8-22-hex-nuts-bowl-feeder-manufacturers\/#primaryimage","url":"https:\/\/swoer.com\/wp-content\/uploads\/2024\/03\/M8-22-Hex-Nuts-Bowl-Feeder-Manufacturers.webp","contentUrl":"https:\/\/swoer.com\/wp-content\/uploads\/2024\/03\/M8-22-Hex-Nuts-Bowl-Feeder-Manufacturers.webp","width":1000,"height":1000,"caption":"M8-22 Hex Nuts Bowl Feeder Manufacturers"},{"@type":"BreadcrumbList","@id":"https:\/\/swoer.com\/manufacturer\/m8-22-hex-nuts-bowl-feeder-manufacturers\/#breadcrumb","itemListElement":[{"@type":"ListItem","position":1,"name":"Home","item":"https:\/\/swoer.com\/"},{"@type":"ListItem","position":2,"name":"Shop","item":"https:\/\/swoer.com\/shop\/"},{"@type":"ListItem","position":3,"name":"M8-22 Hex Nuts Vibratory Bowl Feeder"}]},{"@type":"WebSite","@id":"https:\/\/swoer.com\/#website","url":"https:\/\/swoer.com\/","name":"SWOER","description":"Swoer is the top 3 vibratory bowl feeder manufacturer in China","potentialAction":[{"@type":"SearchAction","target":{"@type":"EntryPoint","urlTemplate":"https:\/\/swoer.com\/?s={search_term_string}"},"query-input":"required name=search_term_string"}],"inLanguage":"vi"}]}},"_links":{"self":[{"href":"https:\/\/swoer.com\/vi\/wp-json\/wp\/v2\/product\/1712"}],"collection":[{"href":"https:\/\/swoer.com\/vi\/wp-json\/wp\/v2\/product"}],"about":[{"href":"https:\/\/swoer.com\/vi\/wp-json\/wp\/v2\/types\/product"}],"replies":[{"embeddable":true,"href":"https:\/\/swoer.com\/vi\/wp-json\/wp\/v2\/comments?post=1712"}],"wp:featuredmedia":[{"embeddable":true,"href":"https:\/\/swoer.com\/vi\/wp-json\/wp\/v2\/media\/1713"}],"wp:attachment":[{"href":"https:\/\/swoer.com\/vi\/wp-json\/wp\/v2\/media?parent=1712"}],"wp:term":[{"taxonomy":"product_cat","embeddable":true,"href":"https:\/\/swoer.com\/vi\/wp-json\/wp\/v2\/product_cat?post=1712"},{"taxonomy":"product_tag","embeddable":true,"href":"https:\/\/swoer.com\/vi\/wp-json\/wp\/v2\/product_tag?post=1712"}],"curies":[{"name":"wp","href":"https:\/\/api.w.org\/{rel}","templated":true}]}}