{"id":1790,"date":"2024-04-01T03:46:11","date_gmt":"2024-04-01T03:46:11","guid":{"rendered":"https:\/\/lightgrey-porpoise-816575.hostingersite.com\/?post_type=product&#038;p=1790"},"modified":"2024-06-13T00:52:50","modified_gmt":"2024-06-13T00:52:50","slug":"cap-centrifugal-feeder-price","status":"publish","type":"product","link":"https:\/\/swoer.com\/uz\/manufacturer\/cap-centrifugal-feeder-price\/","title":{"rendered":"Santrif\u00fcjli suv qopqog&#039;ini oziqlantiruvchi | Qopqoq santrif\u00fcj oziqlantiruvchi narxi"},"content":{"rendered":"<p>Sanoatning yetakchi santrif\u00fcjli suv qopqog&#039;ini oziqlantiruvchilar bilan suv shishasini yopish jarayonini inqilob qiling. Bizning innovatsion oziqlantiruvchilarimiz ishlab chiqarish liniyangizga muammosiz integratsiyalashib, qopqoqni aniq va samarali yo&#039;naltirish va yetkazib berishni ta&#039;minlaydi. Kengaytirilgan mahsuldorlik, ishlamay qolish vaqtini qisqartirish va mahsulot sifatini yaxshilash afzalliklarini his eting.<\/p>\n\t<div id=\"gap-349988213\" class=\"gap-element clearfix\" style=\"display:block; height:auto;\">\n\t\t\n<style>\n#gap-349988213 {\n  padding-top: 30px;\n}\n<\/style>\n\t<\/div>\n\t\n<h2>Tavsif:<\/h2>\n<table style=\"border-collapse: collapse; width: 488.27pt;\" border=\"0\" width=\"651\" cellspacing=\"0\" cellpadding=\"0\">\n<tbody>\n<tr style=\"height: 30.00pt;\">\n<td class=\"et3\" style=\"height: 30.00pt; width: 210.75pt;\" width=\"281\" height=\"40\">Ism<\/td>\n<td class=\"et3\" style=\"width: 277.50pt;\" width=\"370\">Qopqoq santrif\u00fcj oziqlantiruvchi narxi<\/td>\n<\/tr>\n<tr style=\"height: 29.00pt;\">\n<td class=\"et3\" style=\"height: 29.00pt;\" height=\"38\">Brend<\/td>\n<td class=\"et3\">SWOER<\/td>\n<\/tr>\n<tr style=\"height: 25.00pt;\">\n<td class=\"et3\" style=\"height: 25.00pt;\" height=\"33\">Material<\/td>\n<td class=\"et3\">SUS304, plastmassa<\/td>\n<\/tr>\n<tr style=\"height: 30.00pt;\">\n<td class=\"et3\" style=\"height: 30.00pt;\" height=\"40\">Hajmi<\/td>\n<td class=\"et3\">Maxsus<\/td>\n<\/tr>\n<tr style=\"height: 30.00pt;\">\n<td class=\"et3\" style=\"height: 30.00pt;\" height=\"40\">Funktsiya<\/td>\n<td class=\"et3\">Transport materiali<\/td>\n<\/tr>\n<tr style=\"height: 30.00pt;\">\n<td class=\"et3\" style=\"height: 30.00pt;\" height=\"40\">Foydalanish<\/td>\n<td class=\"et3\">Saralovchi, hisob<\/td>\n<\/tr>\n<tr style=\"height: 28.00pt;\">\n<td class=\"et3\" style=\"height: 28.00pt;\" height=\"37\">Afzallik<\/td>\n<td class=\"et3\">Inson resurslarini tejash<\/td>\n<\/tr>\n<tr style=\"height: 32.00pt;\">\n<td class=\"et3\" style=\"height: 32.00pt;\" height=\"42\">Mashina turi<\/td>\n<td class=\"et3\">To&#039;liq to&#039;plam<\/td>\n<\/tr>\n<tr style=\"height: 29.00pt;\">\n<td class=\"et3\" style=\"height: 29.00pt;\" height=\"38\">Element<\/td>\n<td class=\"et3\">Avtomatik uskunalar<\/td>\n<\/tr>\n<tr style=\"height: 33.00pt;\">\n<td class=\"et3\" style=\"height: 33.00pt;\" height=\"44\">Amaldagi sanoat tarmoqlari<\/td>\n<td class=\"et3\">Ishlab chiqarish zavodi, fermer xo&#039;jaliklari, sanoat<\/td>\n<\/tr>\n<tr style=\"height: 31.00pt;\">\n<td class=\"et3\" style=\"height: 31.00pt;\" height=\"41\">Sotishdan keyingi xizmat ko&#039;rsatiladi<\/td>\n<td class=\"et3\">Video texnik yordam, Onlayn yordam<\/td>\n<\/tr>\n<\/tbody>\n<\/table>\n\t<div id=\"gap-1448217524\" class=\"gap-element clearfix\" style=\"display:block; height:auto;\">\n\t\t\n<style>\n#gap-1448217524 {\n  padding-top: 30px;\n}\n<\/style>\n\t<\/div>\n\t\n<h2>Asosiy xususiyatlar:<\/h2>\n<ul>\n<li><strong>Qopqoqning aniq yo&#039;nalishi:<\/strong> Oziqlantiruvchilarimizning aniq yo&#039;naltirish imkoniyatlari bilan noto&#039;g&#039;ri moslashtirilgan qopqoqlarni yo&#039;q qiling.<\/li>\n<li><strong>Yuqori tezlikda oziqlantirish:<\/strong> Oziqlantiruvchilarimizning tezkor etkazib berish tezligi bilan maksimal ishlab chiqarishga erishing.<\/li>\n<li><strong>Qopqoq bilan yumshoq ishlov berish:<\/strong> Oziqlantiruvchilarimizning yumshoq ishlov berish mexanizmlari bilan qopqoqlaringizning yaxlitligini saqlang.<\/li>\n<li><strong>Oson integratsiya:<\/strong> Bizning oziqlantiruvchilarimizni mavjud qopqoq tizimlariga muammosiz integratsiya qiling.<\/li>\n<\/ul>\n<h2>\u00a0<\/h2>\n<h2>Foydasi:<\/h2>\n<ol>\n<li><strong>Hosildorlikning oshishi:<\/strong> Oziqlantiruvchilarimizning samarali ishlashi bilan suv shishasini yopish hajmini oshiring.<\/li>\n<li><strong>Qisqartirilgan ishlamay qolish vaqti:<\/strong> Qopqoqning noto&#039;g&#039;ri joylashishi yoki shikastlanishi tufayli ishlab chiqarishdagi uzilishlarni minimallashtiring.<\/li>\n<li><strong>Kengaytirilgan mahsulot sifati:<\/strong> Doimiy muhrlangan va o&#039;zgarmas suv idishlarini ta&#039;minlang.<\/li>\n<li><strong>Oddiylashtirilgan operatsiyalar:<\/strong> Oziqlantiruvchilarimizning foydalanuvchilarga qulay dizayni bilan yopish jarayonini soddalashtiring.<\/li>\n<\/ol>\n<p>\u00a0<\/p>\n<h3>Santrif\u00fcjli suv qopqog&#039;ini oziqlantiruvchilarning ustunligini his eting<\/h3>\n<p>Bizning santrif\u00fcjli suv qopqog&#039;i oziqlantiruvchilarimiz talabchan ishlab chiqarish muhitida ajoyib ishlash va ishonchlilikni ta&#039;minlash uchun sinchkovlik bilan ishlab chiqilgan. Bizning oziqlantiruvchilarimiz suv shishasini yopish operatsiyalarini qanday oshirishi mumkinligini bilish uchun bugun biz bilan bog&#039;laning.<\/p>","protected":false},"excerpt":{"rendered":"<p>Bizning professional va ishonchli qopqoqli markazdan qochma oziqlantiruvchi yechimlarimizni kashf eting - muammosiz integratsiya uchun taqdim etilgan batafsil 3D SAPR modellari bilan ehtiyojlaringizga moslashtirilgan sozlanishi tezlik. Raqobatbardosh narxda optimal samaradorlikka erishing.<\/p>","protected":false},"featured_media":1791,"comment_status":"open","ping_status":"closed","template":"","meta":[],"product_cat":[36],"product_tag":[],"yoast_head":"<!-- This site is optimized with the Yoast SEO plugin v22.2 - https:\/\/yoast.com\/wordpress\/plugins\/seo\/ -->\n<title>Centrifugal Water Cap Feeder | Cap Centrifugal Feeder Price - SWOER<\/title>\n<meta name=\"description\" content=\"Optimize your bottling line with our centrifugal water cap feeder. Experience fast, precise, and reliable cap feeding for enhanced productivity and efficiency in your automated operations.\" \/>\n<meta name=\"robots\" content=\"index, follow, max-snippet:-1, max-image-preview:large, max-video-preview:-1\" \/>\n<link rel=\"canonical\" href=\"https:\/\/swoer.com\/uz\/manufacturer\/cap-centrifugal-feeder-price\/\" \/>\n<meta property=\"og:locale\" content=\"uz_UZ\" \/>\n<meta property=\"og:type\" content=\"article\" \/>\n<meta property=\"og:title\" content=\"Centrifugal Water Cap Feeder | Cap Centrifugal Feeder Price - SWOER\" \/>\n<meta property=\"og:description\" content=\"Optimize your bottling line with our centrifugal water cap feeder. Experience fast, precise, and reliable cap feeding for enhanced productivity and efficiency in your automated operations.\" \/>\n<meta property=\"og:url\" content=\"https:\/\/swoer.com\/uz\/manufacturer\/cap-centrifugal-feeder-price\/\" \/>\n<meta property=\"og:site_name\" content=\"SWOER\" \/>\n<meta property=\"article:modified_time\" content=\"2024-06-13T00:52:50+00:00\" \/>\n<meta property=\"og:image\" content=\"https:\/\/swoer.com\/wp-content\/uploads\/2024\/04\/cap-centrifugal-feeder-price.webp\" \/>\n\t<meta property=\"og:image:width\" content=\"1000\" \/>\n\t<meta property=\"og:image:height\" content=\"1000\" \/>\n\t<meta property=\"og:image:type\" content=\"image\/webp\" \/>\n<meta name=\"twitter:card\" content=\"summary_large_image\" \/>\n<meta name=\"twitter:label1\" content=\"Est. reading time\" \/>\n\t<meta name=\"twitter:data1\" content=\"1 daqiqa\" \/>\n<script type=\"application\/ld+json\" class=\"yoast-schema-graph\">{\"@context\":\"https:\/\/schema.org\",\"@graph\":[{\"@type\":\"WebPage\",\"@id\":\"https:\/\/swoer.com\/manufacturer\/cap-centrifugal-feeder-price\/\",\"url\":\"https:\/\/swoer.com\/manufacturer\/cap-centrifugal-feeder-price\/\",\"name\":\"Centrifugal Water Cap Feeder | Cap Centrifugal Feeder Price - SWOER\",\"isPartOf\":{\"@id\":\"https:\/\/swoer.com\/#website\"},\"primaryImageOfPage\":{\"@id\":\"https:\/\/swoer.com\/manufacturer\/cap-centrifugal-feeder-price\/#primaryimage\"},\"image\":{\"@id\":\"https:\/\/swoer.com\/manufacturer\/cap-centrifugal-feeder-price\/#primaryimage\"},\"thumbnailUrl\":\"https:\/\/swoer.com\/wp-content\/uploads\/2024\/04\/cap-centrifugal-feeder-price.webp\",\"datePublished\":\"2024-04-01T03:46:11+00:00\",\"dateModified\":\"2024-06-13T00:52:50+00:00\",\"description\":\"Optimize your bottling line with our centrifugal water cap feeder. Experience fast, precise, and reliable cap feeding for enhanced productivity and efficiency in your automated operations.\",\"breadcrumb\":{\"@id\":\"https:\/\/swoer.com\/manufacturer\/cap-centrifugal-feeder-price\/#breadcrumb\"},\"inLanguage\":\"uz-UZ\",\"potentialAction\":[{\"@type\":\"ReadAction\",\"target\":[\"https:\/\/swoer.com\/manufacturer\/cap-centrifugal-feeder-price\/\"]}]},{\"@type\":\"ImageObject\",\"inLanguage\":\"uz-UZ\",\"@id\":\"https:\/\/swoer.com\/manufacturer\/cap-centrifugal-feeder-price\/#primaryimage\",\"url\":\"https:\/\/swoer.com\/wp-content\/uploads\/2024\/04\/cap-centrifugal-feeder-price.webp\",\"contentUrl\":\"https:\/\/swoer.com\/wp-content\/uploads\/2024\/04\/cap-centrifugal-feeder-price.webp\",\"width\":1000,\"height\":1000,\"caption\":\"cap centrifugal feeder price\"},{\"@type\":\"BreadcrumbList\",\"@id\":\"https:\/\/swoer.com\/manufacturer\/cap-centrifugal-feeder-price\/#breadcrumb\",\"itemListElement\":[{\"@type\":\"ListItem\",\"position\":1,\"name\":\"Home\",\"item\":\"https:\/\/swoer.com\/\"},{\"@type\":\"ListItem\",\"position\":2,\"name\":\"Shop\",\"item\":\"https:\/\/swoer.com\/shop\/\"},{\"@type\":\"ListItem\",\"position\":3,\"name\":\"Centrifugal Water Cap Feeder | Cap Centrifugal Feeder Price\"}]},{\"@type\":\"WebSite\",\"@id\":\"https:\/\/swoer.com\/#website\",\"url\":\"https:\/\/swoer.com\/\",\"name\":\"SWOER\",\"description\":\"Swoer is the top 3 vibratory bowl feeder manufacturer in China\",\"potentialAction\":[{\"@type\":\"SearchAction\",\"target\":{\"@type\":\"EntryPoint\",\"urlTemplate\":\"https:\/\/swoer.com\/?s={search_term_string}\"},\"query-input\":\"required name=search_term_string\"}],\"inLanguage\":\"uz-UZ\"}]}<\/script>\n<!-- \/ Yoast SEO plugin. -->","yoast_head_json":{"title":"Centrifugal Water Cap Feeder | Cap Centrifugal Feeder Price - SWOER","description":"Optimize your bottling line with our centrifugal water cap feeder. Experience fast, precise, and reliable cap feeding for enhanced productivity and efficiency in your automated operations.","robots":{"index":"index","follow":"follow","max-snippet":"max-snippet:-1","max-image-preview":"max-image-preview:large","max-video-preview":"max-video-preview:-1"},"canonical":"https:\/\/swoer.com\/uz\/manufacturer\/cap-centrifugal-feeder-price\/","og_locale":"uz_UZ","og_type":"article","og_title":"Centrifugal Water Cap Feeder | Cap Centrifugal Feeder Price - SWOER","og_description":"Optimize your bottling line with our centrifugal water cap feeder. Experience fast, precise, and reliable cap feeding for enhanced productivity and efficiency in your automated operations.","og_url":"https:\/\/swoer.com\/uz\/manufacturer\/cap-centrifugal-feeder-price\/","og_site_name":"SWOER","article_modified_time":"2024-06-13T00:52:50+00:00","og_image":[{"width":1000,"height":1000,"url":"https:\/\/swoer.com\/wp-content\/uploads\/2024\/04\/cap-centrifugal-feeder-price.webp","type":"image\/webp"}],"twitter_card":"summary_large_image","twitter_misc":{"Est. reading time":"1 daqiqa"},"schema":{"@context":"https:\/\/schema.org","@graph":[{"@type":"WebPage","@id":"https:\/\/swoer.com\/manufacturer\/cap-centrifugal-feeder-price\/","url":"https:\/\/swoer.com\/manufacturer\/cap-centrifugal-feeder-price\/","name":"Centrifugal Water Cap Feeder | Cap Centrifugal Feeder Price - SWOER","isPartOf":{"@id":"https:\/\/swoer.com\/#website"},"primaryImageOfPage":{"@id":"https:\/\/swoer.com\/manufacturer\/cap-centrifugal-feeder-price\/#primaryimage"},"image":{"@id":"https:\/\/swoer.com\/manufacturer\/cap-centrifugal-feeder-price\/#primaryimage"},"thumbnailUrl":"https:\/\/swoer.com\/wp-content\/uploads\/2024\/04\/cap-centrifugal-feeder-price.webp","datePublished":"2024-04-01T03:46:11+00:00","dateModified":"2024-06-13T00:52:50+00:00","description":"Optimize your bottling line with our centrifugal water cap feeder. Experience fast, precise, and reliable cap feeding for enhanced productivity and efficiency in your automated operations.","breadcrumb":{"@id":"https:\/\/swoer.com\/manufacturer\/cap-centrifugal-feeder-price\/#breadcrumb"},"inLanguage":"uz-UZ","potentialAction":[{"@type":"ReadAction","target":["https:\/\/swoer.com\/manufacturer\/cap-centrifugal-feeder-price\/"]}]},{"@type":"ImageObject","inLanguage":"uz-UZ","@id":"https:\/\/swoer.com\/manufacturer\/cap-centrifugal-feeder-price\/#primaryimage","url":"https:\/\/swoer.com\/wp-content\/uploads\/2024\/04\/cap-centrifugal-feeder-price.webp","contentUrl":"https:\/\/swoer.com\/wp-content\/uploads\/2024\/04\/cap-centrifugal-feeder-price.webp","width":1000,"height":1000,"caption":"cap centrifugal feeder price"},{"@type":"BreadcrumbList","@id":"https:\/\/swoer.com\/manufacturer\/cap-centrifugal-feeder-price\/#breadcrumb","itemListElement":[{"@type":"ListItem","position":1,"name":"Home","item":"https:\/\/swoer.com\/"},{"@type":"ListItem","position":2,"name":"Shop","item":"https:\/\/swoer.com\/shop\/"},{"@type":"ListItem","position":3,"name":"Centrifugal Water Cap Feeder | Cap Centrifugal Feeder Price"}]},{"@type":"WebSite","@id":"https:\/\/swoer.com\/#website","url":"https:\/\/swoer.com\/","name":"SWOER","description":"Swoer is the top 3 vibratory bowl feeder manufacturer in China","potentialAction":[{"@type":"SearchAction","target":{"@type":"EntryPoint","urlTemplate":"https:\/\/swoer.com\/?s={search_term_string}"},"query-input":"required name=search_term_string"}],"inLanguage":"uz-UZ"}]}},"_links":{"self":[{"href":"https:\/\/swoer.com\/uz\/wp-json\/wp\/v2\/product\/1790"}],"collection":[{"href":"https:\/\/swoer.com\/uz\/wp-json\/wp\/v2\/product"}],"about":[{"href":"https:\/\/swoer.com\/uz\/wp-json\/wp\/v2\/types\/product"}],"replies":[{"embeddable":true,"href":"https:\/\/swoer.com\/uz\/wp-json\/wp\/v2\/comments?post=1790"}],"wp:featuredmedia":[{"embeddable":true,"href":"https:\/\/swoer.com\/uz\/wp-json\/wp\/v2\/media\/1791"}],"wp:attachment":[{"href":"https:\/\/swoer.com\/uz\/wp-json\/wp\/v2\/media?parent=1790"}],"wp:term":[{"taxonomy":"product_cat","embeddable":true,"href":"https:\/\/swoer.com\/uz\/wp-json\/wp\/v2\/product_cat?post=1790"},{"taxonomy":"product_tag","embeddable":true,"href":"https:\/\/swoer.com\/uz\/wp-json\/wp\/v2\/product_tag?post=1790"}],"curies":[{"name":"wp","href":"https:\/\/api.w.org\/{rel}","templated":true}]}}