{"id":3343,"date":"2025-04-25T10:07:57","date_gmt":"2025-04-25T02:07:57","guid":{"rendered":"https:\/\/swoer.com\/?post_type=product&#038;p=3343"},"modified":"2025-04-25T14:13:46","modified_gmt":"2025-04-25T06:13:46","slug":"vibrating-bowl-feeder-%ef%bc%8dvibration-bowl-feeder-%ef%bc%8dbowl-feeder","status":"publish","type":"product","link":"https:\/\/swoer.com\/tr\/manufacturer\/vibrating-bowl-feeder-%ef%bc%8dvibration-bowl-feeder-%ef%bc%8dbowl-feeder\/","title":{"rendered":"Titre\u015fimli Kase Besleyici \uff0dTitre\u015fimli Kase Besleyici \uff0dKase Besleyici"},"content":{"rendered":"<h2 data-start=\"60\" data-end=\"115\">\u00d6zel Titre\u015fimli Kase Besleyiciler i\u00e7in Neden SWOER&#039;\u0131 Se\u00e7melisiniz?<\/h2>\n<ul data-start=\"117\" data-end=\"772\">\n<li class=\"\" data-start=\"117\" data-end=\"212\">\n<p class=\"\" data-start=\"119\" data-end=\"212\"><strong data-start=\"119\" data-end=\"135\">\u00d6zel yap\u0131lm\u0131\u015f:<\/strong> Her kase besleyici, par\u00e7a boyutunuza, \u015feklinize ve besleme ihtiya\u00e7lar\u0131n\u0131za uyacak \u015fekilde \u00fcretilir.<\/p>\n<\/li>\n<li class=\"\" data-start=\"213\" data-end=\"325\">\n<p class=\"\" data-start=\"215\" data-end=\"325\"><strong data-start=\"215\" data-end=\"245\">Do\u011fru ve H\u0131zl\u0131 Besleme:<\/strong> SWOER besleyiciler otomasyon hatt\u0131n\u0131zda par\u00e7alar\u0131n d\u00fczg\u00fcn ve h\u0131zl\u0131 bir \u015fekilde hareket etmesini sa\u011flar.<\/p>\n<\/li>\n<li class=\"\" data-start=\"326\" data-end=\"449\">\n<p class=\"\" data-start=\"328\" data-end=\"449\"><strong data-start=\"328\" data-end=\"357\">Zengin Sekt\u00f6r Deneyimi:<\/strong> 10+ y\u0131ld\u0131r otomobil \u00fcreticileri, elektronik, t\u0131bbi cihazlar ve ambalaj \u015firketleriyle \u00e7al\u0131\u015f\u0131yorum.<\/p>\n<\/li>\n<li class=\"\" data-start=\"450\" data-end=\"555\">\n<p class=\"\" data-start=\"452\" data-end=\"555\"><strong data-start=\"452\" data-end=\"479\">K\u00fc\u00e7\u00fck ve Yerden Tasarruf Sa\u011flar:<\/strong> 2 mm&#039;ye kadar k\u00fc\u00e7\u00fck par\u00e7alar\u0131 i\u015fler; makinelerinizde yerden tasarruf etmek i\u00e7in idealdir.<\/p>\n<\/li>\n<li class=\"\" data-start=\"556\" data-end=\"654\">\n<p class=\"\" data-start=\"558\" data-end=\"654\"><strong data-start=\"558\" data-end=\"577\">\u0130stikrarl\u0131 Kalite:<\/strong> T\u00fcm besleyiciler iyi \u00e7al\u0131\u015ft\u0131klar\u0131ndan ve uzun s\u00fcre dayand\u0131klar\u0131ndan emin olmak i\u00e7in dikkatlice test edilir.<\/p>\n<\/li>\n<li class=\"\" data-start=\"655\" data-end=\"772\">\n<p class=\"\" data-start=\"657\" data-end=\"772\"><strong data-start=\"657\" data-end=\"681\">H\u0131zl\u0131 Global Hizmet:<\/strong> Vietnam&#039;da bir \u015fubemiz ve Asya ve Avrupa genelinde h\u0131zl\u0131 deste\u011fimiz ile bizimle \u00e7al\u0131\u015fmak kolay.<\/p>\n<\/li>\n<\/ul>\n\t<div id=\"gap-625822546\" class=\"gap-element clearfix\" style=\"display:block; height:auto;\">\n\t\t\n<style>\n#gap-625822546 {\n  padding-top: 30px;\n}\n<\/style>\n\t<\/div>\n\t\n<h2 data-start=\"57\" data-end=\"120\">Titre\u015fimli Kase Besleyicinizi \u00d6zelle\u015ftirmek \u0130\u00e7in Gerekli Bilgiler:<\/h2>\n<ol data-start=\"122\" data-end=\"1419\">\n<li class=\"\" data-start=\"122\" data-end=\"285\">\n<p class=\"\" data-start=\"125\" data-end=\"155\"><strong data-start=\"125\" data-end=\"153\">Par\u00e7a \u00d6rnekleri veya \u00c7izimleri<\/strong><\/p>\n<ul data-start=\"159\" data-end=\"285\">\n<li class=\"\" data-start=\"159\" data-end=\"212\">\n<p class=\"\" data-start=\"161\" data-end=\"212\">Bize ger\u00e7ek par\u00e7a \u00f6rneklerini veya net 3D \u00e7izimleri g\u00f6nderin<\/p>\n<\/li>\n<li class=\"\" data-start=\"216\" data-end=\"285\">\n<p class=\"\" data-start=\"218\" data-end=\"285\">Boyut, \u015fekil, malzeme, y\u00fczey ve par\u00e7alar\u0131n nas\u0131l g\u00f6r\u00fcnmesi gerekti\u011fini kontrol ediyoruz<\/p>\n<\/li>\n<\/ul>\n<\/li>\n<li class=\"\" data-start=\"287\" data-end=\"418\">\n<p class=\"\" data-start=\"290\" data-end=\"313\"><strong data-start=\"290\" data-end=\"311\">Besleme Y\u00f6n\u00fc<\/strong><\/p>\n<ul data-start=\"317\" data-end=\"418\">\n<li class=\"\" data-start=\"317\" data-end=\"369\">\n<p class=\"\" data-start=\"319\" data-end=\"369\">Par\u00e7alar saat y\u00f6n\u00fcnde mi yoksa saat y\u00f6n\u00fcn\u00fcn tersine mi hareket etmelidir?<\/p>\n<\/li>\n<li class=\"\" data-start=\"373\" data-end=\"418\">\n<p class=\"\" data-start=\"375\" data-end=\"418\">Yukar\u0131, a\u015fa\u011f\u0131 veya yanlara d\u00f6n\u00fck olmalar\u0131 gerekiyor mu?<\/p>\n<\/li>\n<\/ul>\n<\/li>\n<li class=\"\" data-start=\"420\" data-end=\"518\">\n<p class=\"\" data-start=\"423\" data-end=\"442\"><strong data-start=\"423\" data-end=\"440\">Besleme H\u0131z\u0131<\/strong><\/p>\n<ul data-start=\"446\" data-end=\"518\">\n<li class=\"\" data-start=\"446\" data-end=\"488\">\n<p class=\"\" data-start=\"448\" data-end=\"488\">Dakikada ka\u00e7 par\u00e7aya ihtiyac\u0131n\u0131z var?<\/p>\n<\/li>\n<li class=\"\" data-start=\"492\" data-end=\"518\">\n<p class=\"\" data-start=\"494\" data-end=\"518\">Herhangi bir zamanlama gereksiniminiz var m\u0131?<\/p>\n<\/li>\n<\/ul>\n<\/li>\n<li class=\"\" data-start=\"520\" data-end=\"654\">\n<p class=\"\" data-start=\"523\" data-end=\"538\"><strong data-start=\"523\" data-end=\"536\">Par\u00e7a Boyutu<\/strong><\/p>\n<ul data-start=\"542\" data-end=\"654\">\n<li class=\"\" data-start=\"542\" data-end=\"609\">\n<p class=\"\" data-start=\"544\" data-end=\"609\">Par\u00e7alar\u0131n\u0131z\u0131n en k\u00fc\u00e7\u00fck ve en b\u00fcy\u00fck boyutu nedir (U x G x Y)?<\/p>\n<\/li>\n<li class=\"\" data-start=\"613\" data-end=\"654\">\n<p class=\"\" data-start=\"615\" data-end=\"654\">Par\u00e7alar \u00e7ok k\u00fc\u00e7\u00fck veya garip \u015fekilli mi?<\/p>\n<\/li>\n<\/ul>\n<\/li>\n<li class=\"\" data-start=\"656\" data-end=\"807\">\n<p class=\"\" data-start=\"659\" data-end=\"678\"><strong data-start=\"659\" data-end=\"676\">Par\u00e7a Malzemesi<\/strong><\/p>\n<ul data-start=\"682\" data-end=\"807\">\n<li class=\"\" data-start=\"682\" data-end=\"742\">\n<p class=\"\" data-start=\"684\" data-end=\"742\">Par\u00e7alar plastik, metal, kau\u00e7uk veya ba\u015fka bir \u015fey mi?<\/p>\n<\/li>\n<li class=\"\" data-start=\"746\" data-end=\"807\">\n<p class=\"\" data-start=\"748\" data-end=\"807\">Bu, do\u011fru kaplamay\u0131 veya y\u00fczey i\u015flemini se\u00e7memize yard\u0131mc\u0131 olur<\/p>\n<\/li>\n<\/ul>\n<\/li>\n<li class=\"\" data-start=\"809\" data-end=\"946\">\n<p class=\"\" data-start=\"812\" data-end=\"837\"><strong data-start=\"812\" data-end=\"835\">\u00c7al\u0131\u015fma Ortam\u0131<\/strong><\/p>\n<ul data-start=\"841\" data-end=\"946\">\n<li class=\"\" data-start=\"841\" data-end=\"891\">\n<p class=\"\" data-start=\"843\" data-end=\"891\">Temiz oda m\u0131, s\u0131cak, nemli veya tozlu bir yer mi?<\/p>\n<\/li>\n<li class=\"\" data-start=\"895\" data-end=\"946\">\n<p class=\"\" data-start=\"897\" data-end=\"946\">Hangi g\u00fc\u00e7 kayna\u011f\u0131n\u0131 kullan\u0131yorsunuz? (\u00f6rne\u011fin 220V veya 110V)<\/p>\n<\/li>\n<\/ul>\n<\/li>\n<li class=\"\" data-start=\"948\" data-end=\"1113\">\n<p class=\"\" data-start=\"951\" data-end=\"976\"><strong data-start=\"951\" data-end=\"974\">Ba\u011flant\u0131l\u0131 Ekipman<\/strong><\/p>\n<ul data-start=\"980\" data-end=\"1113\">\n<li class=\"\" data-start=\"980\" data-end=\"1045\">\n<p class=\"\" data-start=\"982\" data-end=\"1045\">Kamera sistemi, robot kolu ya da konvey\u00f6r ile mi kullanacaks\u0131n\u0131z?<\/p>\n<\/li>\n<li class=\"\" data-start=\"1049\" data-end=\"1113\">\n<p class=\"\" data-start=\"1051\" data-end=\"1113\">Par\u00e7alar\u0131n nas\u0131l \u00e7\u0131kmas\u0131n\u0131 istiyorsunuz - k\u0131zakl\u0131, rayl\u0131 veya rayl\u0131?<\/p>\n<\/li>\n<\/ul>\n<\/li>\n<li class=\"\" data-start=\"1115\" data-end=\"1283\">\n<p class=\"\" data-start=\"1118\" data-end=\"1155\"><strong data-start=\"1118\" data-end=\"1153\">Kase Malzemesi ve Y\u00fczey \u0130htiya\u00e7lar\u0131<\/strong><\/p>\n<ul data-start=\"1159\" data-end=\"1283\">\n<li class=\"\" data-start=\"1159\" data-end=\"1221\">\n<p class=\"\" data-start=\"1161\" data-end=\"1221\">Paslanmaz \u00e7elik, al\u00fcminyum veya plastik kase mi istiyorsunuz?<\/p>\n<\/li>\n<li class=\"\" data-start=\"1225\" data-end=\"1283\">\n<p class=\"\" data-start=\"1227\" data-end=\"1283\">G\u00fcr\u00fclt\u00fcy\u00fc azaltmak veya par\u00e7alar\u0131 korumak i\u00e7in ekstra kaplamaya m\u0131 ihtiyac\u0131n\u0131z var?<\/p>\n<\/li>\n<\/ul>\n<\/li>\n<li class=\"\" data-start=\"1285\" data-end=\"1419\">\n<p class=\"\" data-start=\"1288\" data-end=\"1316\"><strong data-start=\"1288\" data-end=\"1314\">Kurulum i\u00e7in Alan<\/strong><\/p>\n<ul data-start=\"1320\" data-end=\"1419\">\n<li class=\"\" data-start=\"1320\" data-end=\"1366\">\n<p class=\"\" data-start=\"1322\" data-end=\"1366\">Besleyici i\u00e7in ne kadar alan\u0131n\u0131z var?<\/p>\n<\/li>\n<li class=\"\" data-start=\"1370\" data-end=\"1419\">\n<p class=\"\" data-start=\"1372\" data-end=\"1419\">Daha k\u00fc\u00e7\u00fck veya daha \u00f6zel bir tasar\u0131ma m\u0131 ihtiyac\u0131n\u0131z var?<\/p>\n<\/li>\n<\/ul>\n<\/li>\n<\/ol>\n\t<div id=\"gap-482965236\" class=\"gap-element clearfix\" style=\"display:block; height:auto;\">\n\t\t\n<style>\n#gap-482965236 {\n  padding-top: 30px;\n}\n<\/style>\n\t<\/div>\n\t\n<h2>\u015eimdi SWOER ile ileti\u015fime ge\u00e7in<\/h2>\n\n<div class=\"wpcf7 no-js\" id=\"wpcf7-f280-o1\" lang=\"en-US\" dir=\"ltr\">\n<div class=\"screen-reader-response\"><p role=\"status\" aria-live=\"polite\" aria-atomic=\"true\"><\/p> <ul><\/ul><\/div>\n<form action=\"\/tr\/wp-json\/wp\/v2\/product\/3343#wpcf7-f280-o1\" method=\"post\" class=\"wpcf7-form init\" aria-label=\"\u0130leti\u015fim Formu\" novalidate=\"novalidate\" data-status=\"init\" data-trp-original-action=\"\/tr\/wp-json\/wp\/v2\/product\/3343#wpcf7-f280-o1\">\n<div style=\"display: none;\">\n<input type=\"hidden\" name=\"_wpcf7\" value=\"280\" \/>\n<input type=\"hidden\" name=\"_wpcf7_version\" value=\"5.9.2\" \/>\n<input type=\"hidden\" name=\"_wpcf7_locale\" value=\"en_US\" \/>\n<input type=\"hidden\" name=\"_wpcf7_unit_tag\" value=\"wpcf7-f280-o1\" \/>\n<input type=\"hidden\" name=\"_wpcf7_container_post\" value=\"0\" \/>\n<input type=\"hidden\" name=\"_wpcf7_posted_data_hash\" value=\"\" \/>\n<\/div>\n<div class='custom_contact_style'>\n\t<div class=\"row row-small\">\n\t\t<div class=\"col medium-6 small-12 large-6\">\n\t\t\t<div class=\"col-inner\">\n\t\t\t\t<p><span class=\"wpcf7-form-control-wrap\" data-name=\"your-name\"><input size=\"40\" class=\"wpcf7-form-control wpcf7-text wpcf7-validates-as-required\" aria-required=\"true\" aria-invalid=\"false\" placeholder=\"\u0130sim*\" value=\"\" type=\"text\" name=\"your-name\" \/><\/span>\n\t\t\t\t<\/p>\n\t\t\t<\/div>\n\t\t<\/div>\n\t\t<div class=\"col medium-6 small-12 large-6\">\n\t\t\t<div class=\"col-inner\">\n\t\t\t\t<p><span class=\"wpcf7-form-control-wrap\" data-name=\"your-email\"><input size=\"40\" class=\"wpcf7-form-control wpcf7-email wpcf7-validates-as-required wpcf7-text wpcf7-validates-as-email\" aria-required=\"true\" aria-invalid=\"false\" placeholder=\"E-posta*\" value=\"\" type=\"email\" name=\"your-email\" \/><\/span>\n\t\t\t\t<\/p>\n\t\t\t<\/div>\n\t\t<\/div>\n\t<\/div>\n\t<div class='cus_contact_form_bottom'>\n\t\t<p><span class=\"wpcf7-form-control-wrap\" data-name=\"your-phone\"><input size=\"40\" class=\"wpcf7-form-control wpcf7-text\" aria-invalid=\"false\" placeholder=\"Telefon\" value=\"\" type=\"text\" name=\"your-phone\" \/><\/span>\n\t\t<\/p>\n\t<\/div>\n\t<div class='cus_contact_form_bottom'>\n\t\t<p><span class=\"wpcf7-form-control-wrap\" data-name=\"your-country\"><input size=\"40\" class=\"wpcf7-form-control wpcf7-text\" aria-invalid=\"false\" placeholder=\"\u00dclke\" value=\"\" type=\"text\" name=\"your-country\" \/><\/span>\n\t\t<\/p>\n\t<\/div>\n\t<p><span class=\"wpcf7-form-control-wrap\" data-name=\"your-message\"><textarea cols=\"40\" rows=\"10\" class=\"wpcf7-form-control wpcf7-textarea wpcf7-validates-as-required\" aria-required=\"true\" aria-invalid=\"false\" placeholder=\"Mesaj\u0131n *\" name=\"your-message\"><\/textarea><\/span>\n\t<\/p>\n\t<div style=\"margin-bottom:10px;\">\n\t\t<p><span class=\"wpcf7-form-control-wrap kc_captcha cf7ic-toggle\" data-name=\"kc_captcha\"><span class=\"wpcf7-form-control wpcf7-radio\"><span class=\"captcha-image\" style=\"display: none;\"><span class=\"cf7ic_instructions\">L\u00fctfen se\u00e7erek insan oldu\u011funuzu kan\u0131tlay\u0131n.<span> truck<\/span>.<\/span><label><input aria-label=\"1\" type=\"radio\" name=\"kc_captcha\" value=\"bot\" \/><svg aria-hidden=\"true\" role=\"img\" xmlns=\"http:\/\/www.w3.org\/2000\/svg\" viewbox=\"0 0 576 512\"><path fill=\"currentColor\" d=\"M488 313v143c0 13-11 24-24 24H348c-7 0-12-5-12-12V356c0-7-5-12-12-12h-72c-7 0-12 5-12 12v112c0 7-5 12-12 12H112c-13 0-24-11-24-24V313c0-4 2-7 4-10l188-154c5-4 11-4 16 0l188 154c2 3 4 6 4 10zm84-61l-84-69V44c0-6-5-12-12-12h-56c-7 0-12 6-12 12v73l-89-74a48 48 0 00-61 0L4 252c-5 4-5 12-1 17l25 31c5 5 12 5 17 1l235-193c5-4 11-4 16 0l235 193c5 5 13 4 17-1l25-31c4-6 4-13-1-17z\"\/><\/svg><\/label><label><input aria-label=\"2\" type=\"radio\" name=\"kc_captcha\" value=\"bot\" \/><svg aria-hidden=\"true\" role=\"img\" xmlns=\"http:\/\/www.w3.org\/2000\/svg\" viewbox=\"0 0 512 512\"><path fill=\"currentColor\" d=\"M500 168h-55l-8-21a127 127 0 00-120-83H195a127 127 0 00-120 83l-8 21H12c-8 0-14 8-11 16l8 24a12 12 0 0011 8h29a64 64 0 00-33 56v48c0 16 6 31 16 42v62c0 13 11 24 24 24h48c13 0 24-11 24-24v-40h256v40c0 13 11 24 24 24h48c13 0 24-11 24-24v-62c10-11 16-26 16-42v-48c0-24-13-45-33-56h29a12 12 0 0011-8l8-24c3-8-3-16-11-16zm-365 2c9-25 33-42 60-42h122c27 0 51 17 60 42l15 38H120l15-38zM88 328a32 32 0 010-64c18 0 48 30 48 48s-30 16-48 16zm336 0c-18 0-48 2-48-16s30-48 48-48 32 14 32 32-14 32-32 32z\"\/><\/svg><\/label><label><input aria-label=\"3\" type=\"radio\" name=\"kc_captcha\" value=\"kc_human\" \/><svg aria-hidden=\"true\" role=\"img\" xmlns=\"http:\/\/www.w3.org\/2000\/svg\" viewbox=\"0 0 640 512\"><path fill=\"currentColor\" d=\"M624 352h-16V244c0-13-5-25-14-34L494 110c-9-9-21-14-34-14h-44V48c0-26-21-48-48-48H48C22 0 0 22 0 48v320c0 27 22 48 48 48h16a96 96 0 00192 0h128a96 96 0 00192 0h48c9 0 16-7 16-16v-32c0-9-7-16-16-16zM160 464a48 48 0 110-96 48 48 0 010 96zm320 0a48 48 0 110-96 48 48 0 010 96zm80-208H416V144h44l100 100v12z\"\/><\/svg><\/label>\r\n    <\/span>\r\n    <span style=\"display:none\">\r\n        <input type=\"text\" name=\"kc_honeypot\">\r\n    <\/span><\/span><\/span>\n\t\t<\/p>\n\t<\/div>\n\t<p><input class=\"wpcf7-form-control wpcf7-submit has-spinner\" type=\"submit\" value=\"Mesaj g\u00f6nder\" \/>\n\t<\/p>\n<\/div><div class=\"wpcf7-response-output\" aria-hidden=\"true\"><\/div>\n<input type=\"hidden\" name=\"trp-form-language\" value=\"tr\"\/><\/form>\n<\/div>","protected":false},"excerpt":{"rendered":"<p>SWOER, par\u00e7alar\u0131n\u0131za g\u00f6re uyarlanm\u0131\u015f \u00f6zel titre\u015fimli kase besleyicilerde uzmanla\u015fm\u0131\u015ft\u0131r. 10+ y\u0131ll\u0131k deneyimimizle otomotiv, elektronik, t\u0131bbi ve daha fazlas\u0131nda otomasyon i\u00e7in istikrarl\u0131, y\u00fcksek h\u0131zl\u0131 besleme \u00e7\u00f6z\u00fcmleri sunuyoruz. Kompakt, g\u00fcvenilir ve hassasiyet i\u00e7in \u00fcretilmi\u015ftir.<\/p>","protected":false},"featured_media":3344,"comment_status":"open","ping_status":"closed","template":"","meta":[],"product_cat":[37],"product_tag":[],"yoast_head":"<!-- This site is optimized with the Yoast SEO plugin v22.2 - https:\/\/yoast.com\/wordpress\/plugins\/seo\/ -->\n<title>Vibrating Bowl Feeder \uff0dVibration Bowl Feeder \uff0dBowl Feeder - SWOER<\/title>\n<meta name=\"description\" content=\"SWOER is a professional manufacturer of vibrating bowl feeders, offering custom vibration bowl feeder solutions for precise part feeding and automation.\" \/>\n<meta name=\"robots\" content=\"index, follow, max-snippet:-1, max-image-preview:large, max-video-preview:-1\" \/>\n<link rel=\"canonical\" href=\"https:\/\/swoer.com\/tr\/manufacturer\/vibrating-bowl-feeder-\uff0dvibration-bowl-feeder-\uff0dbowl-feeder\/\" \/>\n<meta property=\"og:locale\" content=\"tr_TR\" \/>\n<meta property=\"og:type\" content=\"article\" \/>\n<meta property=\"og:title\" content=\"Vibrating Bowl Feeder \uff0dVibration Bowl Feeder \uff0dBowl Feeder - SWOER\" \/>\n<meta property=\"og:description\" content=\"SWOER is a professional manufacturer of vibrating bowl feeders, offering custom vibration bowl feeder solutions for precise part feeding and automation.\" \/>\n<meta property=\"og:url\" content=\"https:\/\/swoer.com\/tr\/manufacturer\/vibrating-bowl-feeder-\uff0dvibration-bowl-feeder-\uff0dbowl-feeder\/\" \/>\n<meta property=\"og:site_name\" content=\"SWOER\" \/>\n<meta property=\"article:modified_time\" content=\"2025-04-25T06:13:46+00:00\" \/>\n<meta property=\"og:image\" content=\"https:\/\/swoer.com\/wp-content\/uploads\/2025\/04\/Vibrating-Bowl-Feeder.webp\" \/>\n\t<meta property=\"og:image:width\" content=\"800\" \/>\n\t<meta property=\"og:image:height\" content=\"800\" \/>\n\t<meta property=\"og:image:type\" content=\"image\/webp\" \/>\n<meta name=\"twitter:card\" content=\"summary_large_image\" \/>\n<meta name=\"twitter:label1\" content=\"Tahmini okuma s\u00fcresi\" \/>\n\t<meta name=\"twitter:data1\" content=\"2 dakika\" \/>\n<script type=\"application\/ld+json\" class=\"yoast-schema-graph\">{\"@context\":\"https:\/\/schema.org\",\"@graph\":[{\"@type\":\"WebPage\",\"@id\":\"https:\/\/swoer.com\/manufacturer\/vibrating-bowl-feeder-%ef%bc%8dvibration-bowl-feeder-%ef%bc%8dbowl-feeder\/\",\"url\":\"https:\/\/swoer.com\/manufacturer\/vibrating-bowl-feeder-%ef%bc%8dvibration-bowl-feeder-%ef%bc%8dbowl-feeder\/\",\"name\":\"Vibrating Bowl Feeder \uff0dVibration Bowl Feeder \uff0dBowl Feeder - SWOER\",\"isPartOf\":{\"@id\":\"https:\/\/swoer.com\/#website\"},\"primaryImageOfPage\":{\"@id\":\"https:\/\/swoer.com\/manufacturer\/vibrating-bowl-feeder-%ef%bc%8dvibration-bowl-feeder-%ef%bc%8dbowl-feeder\/#primaryimage\"},\"image\":{\"@id\":\"https:\/\/swoer.com\/manufacturer\/vibrating-bowl-feeder-%ef%bc%8dvibration-bowl-feeder-%ef%bc%8dbowl-feeder\/#primaryimage\"},\"thumbnailUrl\":\"https:\/\/swoer.com\/wp-content\/uploads\/2025\/04\/Vibrating-Bowl-Feeder.webp\",\"datePublished\":\"2025-04-25T02:07:57+00:00\",\"dateModified\":\"2025-04-25T06:13:46+00:00\",\"description\":\"SWOER is a professional manufacturer of vibrating bowl feeders, offering custom vibration bowl feeder solutions for precise part feeding and automation.\",\"breadcrumb\":{\"@id\":\"https:\/\/swoer.com\/manufacturer\/vibrating-bowl-feeder-%ef%bc%8dvibration-bowl-feeder-%ef%bc%8dbowl-feeder\/#breadcrumb\"},\"inLanguage\":\"tr\",\"potentialAction\":[{\"@type\":\"ReadAction\",\"target\":[\"https:\/\/swoer.com\/manufacturer\/vibrating-bowl-feeder-%ef%bc%8dvibration-bowl-feeder-%ef%bc%8dbowl-feeder\/\"]}]},{\"@type\":\"ImageObject\",\"inLanguage\":\"tr\",\"@id\":\"https:\/\/swoer.com\/manufacturer\/vibrating-bowl-feeder-%ef%bc%8dvibration-bowl-feeder-%ef%bc%8dbowl-feeder\/#primaryimage\",\"url\":\"https:\/\/swoer.com\/wp-content\/uploads\/2025\/04\/Vibrating-Bowl-Feeder.webp\",\"contentUrl\":\"https:\/\/swoer.com\/wp-content\/uploads\/2025\/04\/Vibrating-Bowl-Feeder.webp\",\"width\":800,\"height\":800,\"caption\":\"Vibrating Bowl Feeder\"},{\"@type\":\"BreadcrumbList\",\"@id\":\"https:\/\/swoer.com\/manufacturer\/vibrating-bowl-feeder-%ef%bc%8dvibration-bowl-feeder-%ef%bc%8dbowl-feeder\/#breadcrumb\",\"itemListElement\":[{\"@type\":\"ListItem\",\"position\":1,\"name\":\"Home\",\"item\":\"https:\/\/swoer.com\/\"},{\"@type\":\"ListItem\",\"position\":2,\"name\":\"Shop\",\"item\":\"https:\/\/swoer.com\/shop\/\"},{\"@type\":\"ListItem\",\"position\":3,\"name\":\"Vibrating Bowl Feeder \uff0dVibration Bowl Feeder \uff0dBowl Feeder\"}]},{\"@type\":\"WebSite\",\"@id\":\"https:\/\/swoer.com\/#website\",\"url\":\"https:\/\/swoer.com\/\",\"name\":\"SWOER\",\"description\":\"Swoer is the top 3 vibratory bowl feeder manufacturer in China\",\"potentialAction\":[{\"@type\":\"SearchAction\",\"target\":{\"@type\":\"EntryPoint\",\"urlTemplate\":\"https:\/\/swoer.com\/?s={search_term_string}\"},\"query-input\":\"required name=search_term_string\"}],\"inLanguage\":\"tr\"}]}<\/script>\n<!-- \/ Yoast SEO plugin. -->","yoast_head_json":{"title":"Vibrating Bowl Feeder \uff0dVibration Bowl Feeder \uff0dBowl Feeder - SWOER","description":"SWOER is a professional manufacturer of vibrating bowl feeders, offering custom vibration bowl feeder solutions for precise part feeding and automation.","robots":{"index":"index","follow":"follow","max-snippet":"max-snippet:-1","max-image-preview":"max-image-preview:large","max-video-preview":"max-video-preview:-1"},"canonical":"https:\/\/swoer.com\/tr\/manufacturer\/vibrating-bowl-feeder-\uff0dvibration-bowl-feeder-\uff0dbowl-feeder\/","og_locale":"tr_TR","og_type":"article","og_title":"Vibrating Bowl Feeder \uff0dVibration Bowl Feeder \uff0dBowl Feeder - SWOER","og_description":"SWOER is a professional manufacturer of vibrating bowl feeders, offering custom vibration bowl feeder solutions for precise part feeding and automation.","og_url":"https:\/\/swoer.com\/tr\/manufacturer\/vibrating-bowl-feeder-\uff0dvibration-bowl-feeder-\uff0dbowl-feeder\/","og_site_name":"SWOER","article_modified_time":"2025-04-25T06:13:46+00:00","og_image":[{"width":800,"height":800,"url":"https:\/\/swoer.com\/wp-content\/uploads\/2025\/04\/Vibrating-Bowl-Feeder.webp","type":"image\/webp"}],"twitter_card":"summary_large_image","twitter_misc":{"Tahmini okuma s\u00fcresi":"2 dakika"},"schema":{"@context":"https:\/\/schema.org","@graph":[{"@type":"WebPage","@id":"https:\/\/swoer.com\/manufacturer\/vibrating-bowl-feeder-%ef%bc%8dvibration-bowl-feeder-%ef%bc%8dbowl-feeder\/","url":"https:\/\/swoer.com\/manufacturer\/vibrating-bowl-feeder-%ef%bc%8dvibration-bowl-feeder-%ef%bc%8dbowl-feeder\/","name":"Vibrating Bowl Feeder \uff0dVibration Bowl Feeder \uff0dBowl Feeder - SWOER","isPartOf":{"@id":"https:\/\/swoer.com\/#website"},"primaryImageOfPage":{"@id":"https:\/\/swoer.com\/manufacturer\/vibrating-bowl-feeder-%ef%bc%8dvibration-bowl-feeder-%ef%bc%8dbowl-feeder\/#primaryimage"},"image":{"@id":"https:\/\/swoer.com\/manufacturer\/vibrating-bowl-feeder-%ef%bc%8dvibration-bowl-feeder-%ef%bc%8dbowl-feeder\/#primaryimage"},"thumbnailUrl":"https:\/\/swoer.com\/wp-content\/uploads\/2025\/04\/Vibrating-Bowl-Feeder.webp","datePublished":"2025-04-25T02:07:57+00:00","dateModified":"2025-04-25T06:13:46+00:00","description":"SWOER is a professional manufacturer of vibrating bowl feeders, offering custom vibration bowl feeder solutions for precise part feeding and automation.","breadcrumb":{"@id":"https:\/\/swoer.com\/manufacturer\/vibrating-bowl-feeder-%ef%bc%8dvibration-bowl-feeder-%ef%bc%8dbowl-feeder\/#breadcrumb"},"inLanguage":"tr","potentialAction":[{"@type":"ReadAction","target":["https:\/\/swoer.com\/manufacturer\/vibrating-bowl-feeder-%ef%bc%8dvibration-bowl-feeder-%ef%bc%8dbowl-feeder\/"]}]},{"@type":"ImageObject","inLanguage":"tr","@id":"https:\/\/swoer.com\/manufacturer\/vibrating-bowl-feeder-%ef%bc%8dvibration-bowl-feeder-%ef%bc%8dbowl-feeder\/#primaryimage","url":"https:\/\/swoer.com\/wp-content\/uploads\/2025\/04\/Vibrating-Bowl-Feeder.webp","contentUrl":"https:\/\/swoer.com\/wp-content\/uploads\/2025\/04\/Vibrating-Bowl-Feeder.webp","width":800,"height":800,"caption":"Vibrating Bowl Feeder"},{"@type":"BreadcrumbList","@id":"https:\/\/swoer.com\/manufacturer\/vibrating-bowl-feeder-%ef%bc%8dvibration-bowl-feeder-%ef%bc%8dbowl-feeder\/#breadcrumb","itemListElement":[{"@type":"ListItem","position":1,"name":"Home","item":"https:\/\/swoer.com\/"},{"@type":"ListItem","position":2,"name":"Shop","item":"https:\/\/swoer.com\/shop\/"},{"@type":"ListItem","position":3,"name":"Vibrating Bowl Feeder \uff0dVibration Bowl Feeder \uff0dBowl Feeder"}]},{"@type":"WebSite","@id":"https:\/\/swoer.com\/#website","url":"https:\/\/swoer.com\/","name":"SWOER","description":"Swoer is the top 3 vibratory bowl feeder manufacturer in China","potentialAction":[{"@type":"SearchAction","target":{"@type":"EntryPoint","urlTemplate":"https:\/\/swoer.com\/?s={search_term_string}"},"query-input":"required name=search_term_string"}],"inLanguage":"tr"}]}},"_links":{"self":[{"href":"https:\/\/swoer.com\/tr\/wp-json\/wp\/v2\/product\/3343"}],"collection":[{"href":"https:\/\/swoer.com\/tr\/wp-json\/wp\/v2\/product"}],"about":[{"href":"https:\/\/swoer.com\/tr\/wp-json\/wp\/v2\/types\/product"}],"replies":[{"embeddable":true,"href":"https:\/\/swoer.com\/tr\/wp-json\/wp\/v2\/comments?post=3343"}],"wp:featuredmedia":[{"embeddable":true,"href":"https:\/\/swoer.com\/tr\/wp-json\/wp\/v2\/media\/3344"}],"wp:attachment":[{"href":"https:\/\/swoer.com\/tr\/wp-json\/wp\/v2\/media?parent=3343"}],"wp:term":[{"taxonomy":"product_cat","embeddable":true,"href":"https:\/\/swoer.com\/tr\/wp-json\/wp\/v2\/product_cat?post=3343"},{"taxonomy":"product_tag","embeddable":true,"href":"https:\/\/swoer.com\/tr\/wp-json\/wp\/v2\/product_tag?post=3343"}],"curies":[{"name":"wp","href":"https:\/\/api.w.org\/{rel}","templated":true}]}}